{"id":2981,"date":"2022-10-27T20:55:55","date_gmt":"2022-10-27T20:55:55","guid":{"rendered":"https:\/\/www.mc-expatriation.com\/?page_id=2981"},"modified":"2024-07-09T08:06:28","modified_gmt":"2024-07-09T08:06:28","slug":"residence-request","status":"publish","type":"page","link":"https:\/\/www.mc-expatriation.com\/en\/gestoria\/residence-request\/","title":{"rendered":"The application for residence in the context of an expatriation to Andorra"},"content":{"rendered":"\n<h2 class=\"wp-block-heading\" id=\"h-choose-your-type-of-residence-in-andorra-the-essential-preliminary-step\">Choose your type of residence in Andorra: the essential preliminary step<\/h2>\n\n\n\n<p>As a French, Belgian, Spanish or other non-Andorran national, you must apply for a residence permit before you can come and live in Andorra. As the Principality offers you several residence options, choosing the type that suits your situation is the first step in your immigration project.<\/p>\n\n\n\n<p>Whether you decide to live in Andorra to work or to reside here for non-profit purposes, there are types of residences adapted to each case.<\/p>\n\n\n\n<span class=\"show-more\">Lire plus<\/span>\n\n\n\n<h3 class=\"wp-block-heading\" id=\"h-active-or-working-residence\">Active or working residence<\/h3>\n\n\n\n<p>An active residence is intended for employees, self-employed persons, investors and any person wishing to carry out a lucrative activity in the Principality. It is divided into several categories: own account residence, work residence, etc.<\/p>\n\n\n\n<p>This type of residence allows you to carry out an economic activity in Andorra. Obtaining it depends mainly on the fact that the resident can prove that they have sources of income from an economic activity that they will carry out in the Principality.&nbsp;<\/p>\n\n\n\n<h3 class=\"wp-block-heading\" id=\"h-passive-residence\">Passive residence<\/h3>\n\n\n\n<p>If, on the other hand, you wish to immigrate to Andorra without any lucrative activity, you have the option of passive residence. For this, you have 3 categories to consider according to your situation:&nbsp;<\/p>\n\n\n\n<ul class=\"wp-block-list\">\n<li><em>Passive residence category A<\/em><\/li>\n<\/ul>\n\n\n\n<p>This type of residences is intended for people or families who wish to live in Andorra without being either employees or entrepreneurs. These people are not going to exercise any professional activity. We include in particular the retired people in this category.<\/p>\n\n\n\n<ul class=\"wp-block-list\">\n<li><em>Passive residence category B<\/em><\/li>\n<\/ul>\n\n\n\n<p>This passive residence is for people with an international activity. However, they do not receive income in the Andorran territory.&nbsp;<\/p>\n\n\n\n<ul class=\"wp-block-list\">\n<li><em>Passive residence category C<\/em><\/li>\n<\/ul>\n\n\n\n<p>This category of Andorran residence is for internationally recognized personalities. They can be actors of the cultural field, high level athletes, renowned scientists, etc.&nbsp;<\/p>\n\n\n\n<h3 class=\"wp-block-heading\" id=\"h-work-permit\">Work permit&nbsp;<\/h3>\n\n\n\n<p>(1) A work permit allows an Andorran resident to enjoy several advantages. Among other things, it offers access to social security in Andorra. It also offers tax exemption and the possibility of repatriating the family to the Principality.&nbsp;<\/p>\n\n\n\n<p>Who is eligible for a work permit in Andorra? It is available to foreigners wishing to create a company in Andorra and to self-employed persons.<\/p>\n\n\n\n<span class=\"show-less\">Lire moins<\/span><div class=\"show-more-end-marker\"><\/div>\n\n\n\n<h2 class=\"wp-block-heading\" id=\"h-passive-residence-active-residence-different-approaches\">Passive residence &amp; active residence: different approaches&nbsp;<\/h2>\n\n\n\n<p>Submitting the application for residency in Andorra varies according to its type. Professionals and individuals can decide to be guided to avoid complex procedures.<\/p>\n\n\n\n<figure class=\"wp-block-image size-large\"><img loading=\"lazy\" decoding=\"async\" width=\"1024\" height=\"405\" src=\"https:\/\/www.mc-expatriation.com\/wp-content\/uploads\/2023\/03\/demarche-residences-1024x405.jpg\" alt=\"d\u00e9marches diff\u00e9rentes pour obtenir une r\u00e9sidence passive &amp; active\" class=\"wp-image-2985\" srcset=\"https:\/\/www.mc-expatriation.com\/wp-content\/uploads\/2023\/03\/demarche-residences-1024x405.jpg 1024w, https:\/\/www.mc-expatriation.com\/wp-content\/uploads\/2023\/03\/demarche-residences-300x119.jpg 300w, https:\/\/www.mc-expatriation.com\/wp-content\/uploads\/2023\/03\/demarche-residences-768x304.jpg 768w, https:\/\/www.mc-expatriation.com\/wp-content\/uploads\/2023\/03\/demarche-residences.jpg 1200w\" sizes=\"auto, (max-width: 1024px) 100vw, 1024px\" \/><\/figure>\n\n\n\n<h3 class=\"wp-block-heading\" id=\"h-conditions-to-meet-to-apply-for-andorran-active-residence\">Conditions to meet to apply for Andorran active residence<\/h3>\n\n\n\n<p>The status of active residents will be granted to all persons with an immigration permit in the context of a professional activity. It can be an employee or a company manager.&nbsp;<\/p>\n\n\n\n<p>The employee will be required to present a contract of employment in the Principality before obtaining a residence permit in Andorra.&nbsp; The entrepreneur will have to present a foreign investment authorization, among other things, to be able to create a company in Andorra. It is also essential that the entrepreneur establishes a permanent residence in the country. As for the foreign investor in a company in Andorra, it must hold at least 20% of the shares and be part of the Board of Directors.&nbsp;<\/p>\n\n\n\n<p>In the case of active residence, there are also economic conditions to be met, especially for investors. The investment must be at least 350,000 euros, whether it is a real estate property, an asset in Andorra or other. A deposit of 47,500 euros must be made with the AFA or the Andorran Financial Authority. If the investor has dependents, an additional 9,500 euros must be added for each of them.&nbsp;<\/p>\n\n\n\n<p>Among other things, you will have to provide medical evidence, a clean criminal record and an identity card proving that you are at least 18 years old. But for each residence permit, the papers that make up the file are different.<\/p>\n\n\n\n<h3 class=\"wp-block-heading\" id=\"h-conditions-to-be-met-to-apply-for-andorran-passive-residence\">Conditions to be met to apply for Andorran passive residence<\/h3>\n\n\n\n<p>If for an active residence, the person concerned must spend at least 183 days in Andorra, it is reduced to 90 days per calendar year for a passive residence. The passive residence permit in Andorra is granted by the Government for a period of 2 years, renewable for 2, 3 and 10 years respectively.&nbsp;<\/p>\n\n\n\n<p>The procedures for applying for passive Andorran residence vary according to the category.<\/p>\n","protected":false},"excerpt":{"rendered":"<p>Choose your type of residence in Andorra: the essential preliminary step As a French, Belgian, Spanish or other non-Andorran national, you must apply for a residence permit before you can come and live in Andorra. As the Principality offers you several residence options, choosing the type that suits your situation is the first step in [&hellip;]<\/p>\n","protected":false},"author":1,"featured_media":2989,"parent":2881,"menu_order":0,"comment_status":"closed","ping_status":"closed","template":"niveau-2.php","meta":{"_acf_changed":false,"footnotes":""},"class_list":["post-2981","page","type-page","status-publish","has-post-thumbnail","hentry"],"acf":[],"yoast_head":"<!-- This site is optimized with the Yoast SEO Premium plugin v25.8 (Yoast SEO v27.3) - https:\/\/yoast.com\/product\/yoast-seo-premium-wordpress\/ -->\n<title>The application for residence in the context of an expatriation to Andorra<\/title>\n<meta name=\"robots\" content=\"index, follow, max-snippet:-1, max-image-preview:large, max-video-preview:-1\" \/>\n<link rel=\"canonical\" href=\"https:\/\/www.mc-expatriation.com\/en\/gestoria\/residence-request\/\" \/>\n<meta property=\"og:locale\" content=\"en_US\" \/>\n<meta property=\"og:type\" content=\"article\" \/>\n<meta property=\"og:title\" content=\"The application for residence in the context of an expatriation to Andorra\" \/>\n<meta property=\"og:description\" content=\"Choose your type of residence in Andorra: the essential preliminary step As a French, Belgian, Spanish or other non-Andorran national, you must apply for a residence permit before you can come and live in Andorra. As the Principality offers you several residence options, choosing the type that suits your situation is the first step in [&hellip;]\" \/>\n<meta property=\"og:url\" content=\"https:\/\/www.mc-expatriation.com\/en\/gestoria\/residence-request\/\" \/>\n<meta property=\"og:site_name\" content=\"MC Expatriation\" \/>\n<meta property=\"article:modified_time\" content=\"2024-07-09T08:06:28+00:00\" \/>\n<meta property=\"og:image\" content=\"https:\/\/www.mc-expatriation.com\/wp-content\/uploads\/2023\/03\/demande-residence.jpg\" \/>\n\t<meta property=\"og:image:width\" content=\"1924\" \/>\n\t<meta property=\"og:image:height\" content=\"430\" \/>\n\t<meta property=\"og:image:type\" content=\"image\/jpeg\" \/>\n<meta name=\"twitter:card\" content=\"summary_large_image\" \/>\n<meta name=\"twitter:label1\" content=\"Est. reading time\" \/>\n\t<meta name=\"twitter:data1\" content=\"5 minutes\" \/>\n<script type=\"application\/ld+json\" class=\"yoast-schema-graph\">{\"@context\":\"https:\\\/\\\/schema.org\",\"@graph\":[{\"@type\":\"WebPage\",\"@id\":\"https:\\\/\\\/www.mc-expatriation.com\\\/en\\\/gestoria\\\/residence-request\\\/\",\"url\":\"https:\\\/\\\/www.mc-expatriation.com\\\/en\\\/gestoria\\\/residence-request\\\/\",\"name\":\"The application for residence in the context of an expatriation to Andorra\",\"isPartOf\":{\"@id\":\"https:\\\/\\\/www.mc-expatriation.com\\\/#website\"},\"primaryImageOfPage\":{\"@id\":\"https:\\\/\\\/www.mc-expatriation.com\\\/en\\\/gestoria\\\/residence-request\\\/#primaryimage\"},\"image\":{\"@id\":\"https:\\\/\\\/www.mc-expatriation.com\\\/en\\\/gestoria\\\/residence-request\\\/#primaryimage\"},\"thumbnailUrl\":\"https:\\\/\\\/www.mc-expatriation.com\\\/wp-content\\\/uploads\\\/2023\\\/03\\\/demande-residence.jpg\",\"datePublished\":\"2022-10-27T20:55:55+00:00\",\"dateModified\":\"2024-07-09T08:06:28+00:00\",\"breadcrumb\":{\"@id\":\"https:\\\/\\\/www.mc-expatriation.com\\\/en\\\/gestoria\\\/residence-request\\\/#breadcrumb\"},\"inLanguage\":\"en-US\",\"potentialAction\":[{\"@type\":\"ReadAction\",\"target\":[\"https:\\\/\\\/www.mc-expatriation.com\\\/en\\\/gestoria\\\/residence-request\\\/\"]}]},{\"@type\":\"ImageObject\",\"inLanguage\":\"en-US\",\"@id\":\"https:\\\/\\\/www.mc-expatriation.com\\\/en\\\/gestoria\\\/residence-request\\\/#primaryimage\",\"url\":\"https:\\\/\\\/www.mc-expatriation.com\\\/wp-content\\\/uploads\\\/2023\\\/03\\\/demande-residence.jpg\",\"contentUrl\":\"https:\\\/\\\/www.mc-expatriation.com\\\/wp-content\\\/uploads\\\/2023\\\/03\\\/demande-residence.jpg\",\"width\":1924,\"height\":430,\"caption\":\"Demande de r\u00e9sidence en Andorre\"},{\"@type\":\"BreadcrumbList\",\"@id\":\"https:\\\/\\\/www.mc-expatriation.com\\\/en\\\/gestoria\\\/residence-request\\\/#breadcrumb\",\"itemListElement\":[{\"@type\":\"ListItem\",\"position\":1,\"name\":\"Home\",\"item\":\"https:\\\/\\\/www.mc-expatriation.com\\\/en\\\/\"},{\"@type\":\"ListItem\",\"position\":2,\"name\":\"Gestoria Andorra, your expatriation support agency\",\"item\":\"https:\\\/\\\/www.mc-expatriation.com\\\/en\\\/gestoria\\\/\"},{\"@type\":\"ListItem\",\"position\":3,\"name\":\"The application for residence in the context of an expatriation to Andorra\"}]},{\"@type\":\"WebSite\",\"@id\":\"https:\\\/\\\/www.mc-expatriation.com\\\/#website\",\"url\":\"https:\\\/\\\/www.mc-expatriation.com\\\/\",\"name\":\"MC Expatriation\",\"description\":\"\",\"publisher\":{\"@id\":\"https:\\\/\\\/www.mc-expatriation.com\\\/#organization\"},\"potentialAction\":[{\"@type\":\"SearchAction\",\"target\":{\"@type\":\"EntryPoint\",\"urlTemplate\":\"https:\\\/\\\/www.mc-expatriation.com\\\/?s={search_term_string}\"},\"query-input\":{\"@type\":\"PropertyValueSpecification\",\"valueRequired\":true,\"valueName\":\"search_term_string\"}}],\"inLanguage\":\"en-US\"},{\"@type\":\"Organization\",\"@id\":\"https:\\\/\\\/www.mc-expatriation.com\\\/#organization\",\"name\":\"MC Expatriation\",\"url\":\"https:\\\/\\\/www.mc-expatriation.com\\\/\",\"logo\":{\"@type\":\"ImageObject\",\"inLanguage\":\"en-US\",\"@id\":\"https:\\\/\\\/www.mc-expatriation.com\\\/#\\\/schema\\\/logo\\\/image\\\/\",\"url\":\"https:\\\/\\\/www.mc-expatriation.com\\\/wp-content\\\/uploads\\\/2022\\\/10\\\/logo.svg\",\"contentUrl\":\"https:\\\/\\\/www.mc-expatriation.com\\\/wp-content\\\/uploads\\\/2022\\\/10\\\/logo.svg\",\"caption\":\"MC Expatriation\"},\"image\":{\"@id\":\"https:\\\/\\\/www.mc-expatriation.com\\\/#\\\/schema\\\/logo\\\/image\\\/\"}}]}<\/script>\n<!-- \/ Yoast SEO Premium plugin. -->","yoast_head_json":{"title":"The application for residence in the context of an expatriation to Andorra","robots":{"index":"index","follow":"follow","max-snippet":"max-snippet:-1","max-image-preview":"max-image-preview:large","max-video-preview":"max-video-preview:-1"},"canonical":"https:\/\/www.mc-expatriation.com\/en\/gestoria\/residence-request\/","og_locale":"en_US","og_type":"article","og_title":"The application for residence in the context of an expatriation to Andorra","og_description":"Choose your type of residence in Andorra: the essential preliminary step As a French, Belgian, Spanish or other non-Andorran national, you must apply for a residence permit before you can come and live in Andorra. As the Principality offers you several residence options, choosing the type that suits your situation is the first step in [&hellip;]","og_url":"https:\/\/www.mc-expatriation.com\/en\/gestoria\/residence-request\/","og_site_name":"MC Expatriation","article_modified_time":"2024-07-09T08:06:28+00:00","og_image":[{"width":1924,"height":430,"url":"https:\/\/www.mc-expatriation.com\/wp-content\/uploads\/2023\/03\/demande-residence.jpg","type":"image\/jpeg"}],"twitter_card":"summary_large_image","twitter_misc":{"Est. reading time":"5 minutes"},"schema":{"@context":"https:\/\/schema.org","@graph":[{"@type":"WebPage","@id":"https:\/\/www.mc-expatriation.com\/en\/gestoria\/residence-request\/","url":"https:\/\/www.mc-expatriation.com\/en\/gestoria\/residence-request\/","name":"The application for residence in the context of an expatriation to Andorra","isPartOf":{"@id":"https:\/\/www.mc-expatriation.com\/#website"},"primaryImageOfPage":{"@id":"https:\/\/www.mc-expatriation.com\/en\/gestoria\/residence-request\/#primaryimage"},"image":{"@id":"https:\/\/www.mc-expatriation.com\/en\/gestoria\/residence-request\/#primaryimage"},"thumbnailUrl":"https:\/\/www.mc-expatriation.com\/wp-content\/uploads\/2023\/03\/demande-residence.jpg","datePublished":"2022-10-27T20:55:55+00:00","dateModified":"2024-07-09T08:06:28+00:00","breadcrumb":{"@id":"https:\/\/www.mc-expatriation.com\/en\/gestoria\/residence-request\/#breadcrumb"},"inLanguage":"en-US","potentialAction":[{"@type":"ReadAction","target":["https:\/\/www.mc-expatriation.com\/en\/gestoria\/residence-request\/"]}]},{"@type":"ImageObject","inLanguage":"en-US","@id":"https:\/\/www.mc-expatriation.com\/en\/gestoria\/residence-request\/#primaryimage","url":"https:\/\/www.mc-expatriation.com\/wp-content\/uploads\/2023\/03\/demande-residence.jpg","contentUrl":"https:\/\/www.mc-expatriation.com\/wp-content\/uploads\/2023\/03\/demande-residence.jpg","width":1924,"height":430,"caption":"Demande de r\u00e9sidence en Andorre"},{"@type":"BreadcrumbList","@id":"https:\/\/www.mc-expatriation.com\/en\/gestoria\/residence-request\/#breadcrumb","itemListElement":[{"@type":"ListItem","position":1,"name":"Home","item":"https:\/\/www.mc-expatriation.com\/en\/"},{"@type":"ListItem","position":2,"name":"Gestoria Andorra, your expatriation support agency","item":"https:\/\/www.mc-expatriation.com\/en\/gestoria\/"},{"@type":"ListItem","position":3,"name":"The application for residence in the context of an expatriation to Andorra"}]},{"@type":"WebSite","@id":"https:\/\/www.mc-expatriation.com\/#website","url":"https:\/\/www.mc-expatriation.com\/","name":"MC Expatriation","description":"","publisher":{"@id":"https:\/\/www.mc-expatriation.com\/#organization"},"potentialAction":[{"@type":"SearchAction","target":{"@type":"EntryPoint","urlTemplate":"https:\/\/www.mc-expatriation.com\/?s={search_term_string}"},"query-input":{"@type":"PropertyValueSpecification","valueRequired":true,"valueName":"search_term_string"}}],"inLanguage":"en-US"},{"@type":"Organization","@id":"https:\/\/www.mc-expatriation.com\/#organization","name":"MC Expatriation","url":"https:\/\/www.mc-expatriation.com\/","logo":{"@type":"ImageObject","inLanguage":"en-US","@id":"https:\/\/www.mc-expatriation.com\/#\/schema\/logo\/image\/","url":"https:\/\/www.mc-expatriation.com\/wp-content\/uploads\/2022\/10\/logo.svg","contentUrl":"https:\/\/www.mc-expatriation.com\/wp-content\/uploads\/2022\/10\/logo.svg","caption":"MC Expatriation"},"image":{"@id":"https:\/\/www.mc-expatriation.com\/#\/schema\/logo\/image\/"}}]}},"_links":{"self":[{"href":"https:\/\/www.mc-expatriation.com\/en\/wp-json\/wp\/v2\/pages\/2981","targetHints":{"allow":["GET"]}}],"collection":[{"href":"https:\/\/www.mc-expatriation.com\/en\/wp-json\/wp\/v2\/pages"}],"about":[{"href":"https:\/\/www.mc-expatriation.com\/en\/wp-json\/wp\/v2\/types\/page"}],"author":[{"embeddable":true,"href":"https:\/\/www.mc-expatriation.com\/en\/wp-json\/wp\/v2\/users\/1"}],"replies":[{"embeddable":true,"href":"https:\/\/www.mc-expatriation.com\/en\/wp-json\/wp\/v2\/comments?post=2981"}],"version-history":[{"count":12,"href":"https:\/\/www.mc-expatriation.com\/en\/wp-json\/wp\/v2\/pages\/2981\/revisions"}],"predecessor-version":[{"id":3371,"href":"https:\/\/www.mc-expatriation.com\/en\/wp-json\/wp\/v2\/pages\/2981\/revisions\/3371"}],"up":[{"embeddable":true,"href":"https:\/\/www.mc-expatriation.com\/en\/wp-json\/wp\/v2\/pages\/2881"}],"wp:featuredmedia":[{"embeddable":true,"href":"https:\/\/www.mc-expatriation.com\/en\/wp-json\/wp\/v2\/media\/2989"}],"wp:attachment":[{"href":"https:\/\/www.mc-expatriation.com\/en\/wp-json\/wp\/v2\/media?parent=2981"}],"curies":[{"name":"wp","href":"https:\/\/api.w.org\/{rel}","templated":true}]}}