{"id":3063,"date":"2022-10-27T20:57:55","date_gmt":"2022-10-27T20:57:55","guid":{"rendered":"https:\/\/www.mc-expatriation.com\/?page_id=3063"},"modified":"2024-07-09T07:02:13","modified_gmt":"2024-07-09T07:02:13","slug":"import-vehicle","status":"publish","type":"page","link":"https:\/\/www.mc-expatriation.com\/en\/gestoria\/import-vehicle\/","title":{"rendered":"Gestoria &#8211; Import a vehicle in Andorra"},"content":{"rendered":"\n<p>Let's find out together the procedure for importing a vehicle to Andorra! Through these lines, we will talk about registration, insurance and import tax or IGI (Imp\u00f4t G\u00e9n\u00e9ral Indirect), the equivalent of VAT in Europe.<\/p>\n\n\n\n<h2 class=\"wp-block-heading\">What is a vehicle import?&nbsp;<\/h2>\n\n\n\n<p>Vehicle importation is the act of bringing a car from abroad to your country of residence. It can be done within the framework of an expatriation or when the car of our dream is in another country.&nbsp;<\/p>\n\n\n\n<p>In the case of Andorra, it is perfectly possible to bring your car there. You just have to respect some rules. Some administrative obligations must also be followed strictly.&nbsp;<\/p>\n\n\n\n<p>The processing of your file by the Andorran authorities can take between 5 and 7 business days. You will need to gather the required supporting documents. If you do not, this period may be longer.&nbsp;<\/p>\n\n\n\n<h2 class=\"wp-block-heading\">Requirements to import a car in Andorra<\/h2>\n\n\n\n<p>To import a car into Andorra, you must be familiar with the Euro 5 standard. Applied since 2009, it regulates the maximum limits in correlation with the polluting emissions of vehicles. This does not include CO2. The Euro 6 standard has taken over since 2016. But already, if your car does not comply with the Euro 5 standard, you will not be able to import it into the Principality.&nbsp;<\/p>\n\n\n\n<p>Among other conditions, the car must be registered in your name for at least 6 months. The steering wheel of your vehicle must be on the left. You will also have to import your sedan during the 6 months after obtaining your Andorran residency status or receiving your residence permit.&nbsp;<\/p>\n\n\n\n<p>You will also need to have other documents, namely the certificate of transfer if it is a used car, the original purchase invoice for the new car and the proof of Andorran residence.<\/p>\n\n\n\n<figure class=\"wp-block-image size-large\"><img loading=\"lazy\" decoding=\"async\" width=\"1024\" height=\"403\" src=\"https:\/\/www.mc-expatriation.com\/wp-content\/uploads\/2023\/03\/import-vehicules-andorre-1-1024x403.jpg\" alt=\"Les d\u00e9marches pour importer un v\u00e9hicule en Andorre\" class=\"wp-image-3050\" srcset=\"https:\/\/www.mc-expatriation.com\/wp-content\/uploads\/2023\/03\/import-vehicules-andorre-1-1024x403.jpg 1024w, https:\/\/www.mc-expatriation.com\/wp-content\/uploads\/2023\/03\/import-vehicules-andorre-1-300x118.jpg 300w, https:\/\/www.mc-expatriation.com\/wp-content\/uploads\/2023\/03\/import-vehicules-andorre-1-768x302.jpg 768w, https:\/\/www.mc-expatriation.com\/wp-content\/uploads\/2023\/03\/import-vehicules-andorre-1-1536x605.jpg 1536w, https:\/\/www.mc-expatriation.com\/wp-content\/uploads\/2023\/03\/import-vehicules-andorre-1.jpg 1600w\" sizes=\"auto, (max-width: 1024px) 100vw, 1024px\" \/><\/figure>\n\n\n\n<h2 class=\"wp-block-heading\">Procedures for importing a vehicle into Andorra<\/h2>\n\n\n\n<p>The procedure for importing your car from France, Spain or another EU or non-EU country must be declared to the Andorran government. You must also go through the administrative formalities with the French and Andorran customs. The passage to the customs is indeed the first step. The Andorran tax is 4.5% of the vehicle price.&nbsp;<\/p>\n\n\n\n<p>You will also have to perform a technical control ITV (Inspecci\u00f3 T\u00e8cnica de Vehicles). The process is not very different from that in France, Spain or elsewhere in Europe. The ITV is a very strict control. If you don't comply with certain details, you risk a counter-inspection. In order to remedy this, dealerships or garages usually offer pre-maintenance, which is particularly recommended. Then there is the document for the change of license plates that you have to fill in.&nbsp;<\/p>\n\n\n\n<h3 class=\"wp-block-heading\">Useful information<\/h3>\n\n\n\n<p>The administrative procedures in Andorra are generally done in physical institutions. Few procedures can be done online.&nbsp; Unlike France, which, since 2017, allows online procedures for any application for car registration, among others.&nbsp;<\/p>\n\n\n\n<p>You can use the services of an expert in vehicle registration Andorra. He will be able to provide you with solutions adapted to your needs and accompany you to the relevant administrative institutions.&nbsp;<\/p>\n\n\n\n<p>Our Gestoria can help you thanks to our wide network of partners. We are available from customs clearance to obtaining your license plate. We can provide you with a complete service.&nbsp;<\/p>\n\n\n\n<h2 class=\"wp-block-heading\">Take into account your environment to buy a suitable vehicle<\/h2>\n\n\n\n<p>It would be wise to consider the climate and environment in Andorra before importing a vehicle or choosing any car. As you know, the Principality is snowed in during the winter. The equipment as well as the car itself must therefore be adapted. Moreover, the Andorran law requires the use of snow tires or chains during the winter season.<\/p>\n\n\n\n<figure class=\"wp-block-image size-large\"><img loading=\"lazy\" decoding=\"async\" width=\"1024\" height=\"403\" src=\"https:\/\/www.mc-expatriation.com\/wp-content\/uploads\/2023\/03\/visite-technique-andorre-1024x403.jpg\" alt=\"Le contr\u00f4le technique\" class=\"wp-image-3055\" srcset=\"https:\/\/www.mc-expatriation.com\/wp-content\/uploads\/2023\/03\/visite-technique-andorre-1024x403.jpg 1024w, https:\/\/www.mc-expatriation.com\/wp-content\/uploads\/2023\/03\/visite-technique-andorre-300x118.jpg 300w, https:\/\/www.mc-expatriation.com\/wp-content\/uploads\/2023\/03\/visite-technique-andorre-768x302.jpg 768w, https:\/\/www.mc-expatriation.com\/wp-content\/uploads\/2023\/03\/visite-technique-andorre-1536x605.jpg 1536w, https:\/\/www.mc-expatriation.com\/wp-content\/uploads\/2023\/03\/visite-technique-andorre.jpg 1600w\" sizes=\"auto, (max-width: 1024px) 100vw, 1024px\" \/><\/figure>\n\n\n\n<h2 class=\"wp-block-heading\">The technical control<\/h2>\n\n\n\n<p>All vehicles imported into Andorra must pass a technical inspection. This applies to both new and used cars. However, new cars can be exempted.&nbsp;<\/p>\n\n\n\n<p>For this process, you will need to provide some supporting documents. Among them, we can mention :&nbsp;<\/p>\n\n\n\n<ul class=\"wp-block-list\">\n<li>The certificate of conformity,&nbsp;<\/li>\n\n\n\n<li>The certificate of non-registration,&nbsp;<\/li>\n\n\n\n<li>The car registration document or the technical file,&nbsp;<\/li>\n\n\n\n<li>A copy of the identity card or passport.&nbsp;<\/li>\n<\/ul>\n\n\n\n<p>This is required to have the vehicle registration document of your country of origin. It is yellow for the Principality of Andorra.<\/p>\n\n\n\n<p>To get it, you also have to gather other documents:<\/p>\n\n\n\n<ul class=\"wp-block-list\">\n<li>Certificate of Insurance ;<\/li>\n\n\n\n<li>Bank account number ;&nbsp;<\/li>\n\n\n\n<li>NRT copy for a company;<\/li>\n\n\n\n<li>Residence card for individuals;<\/li>\n\n\n\n<li>Technical inspection certificate;&nbsp;<\/li>\n\n\n\n<li>Customs documents.&nbsp;<\/li>\n<\/ul>\n\n\n\n<p>At the end of this control, you will have by the same occasion the permission to drive.<\/p>\n","protected":false},"excerpt":{"rendered":"<p>Let&#8217;s find out together the procedure for importing a vehicle to Andorra! Through these lines, we will talk about registration, insurance and import tax or IGI (Imp\u00f4t G\u00e9n\u00e9ral Indirect), the equivalent of VAT in Europe. What is a vehicle import?&nbsp; Vehicle importation is the act of bringing a car from abroad to your country of [&hellip;]<\/p>\n","protected":false},"author":1,"featured_media":3061,"parent":2881,"menu_order":0,"comment_status":"closed","ping_status":"closed","template":"niveau-2.php","meta":{"_acf_changed":false,"footnotes":""},"class_list":["post-3063","page","type-page","status-publish","has-post-thumbnail","hentry"],"acf":[],"yoast_head":"<!-- This site is optimized with the Yoast SEO Premium plugin v25.8 (Yoast SEO v27.3) - https:\/\/yoast.com\/product\/yoast-seo-premium-wordpress\/ -->\n<title>Gestoria - Import a vehicle in Andorra<\/title>\n<meta name=\"robots\" content=\"index, follow, max-snippet:-1, max-image-preview:large, max-video-preview:-1\" \/>\n<link rel=\"canonical\" href=\"https:\/\/www.mc-expatriation.com\/en\/gestoria\/import-vehicle\/\" \/>\n<meta property=\"og:locale\" content=\"en_US\" \/>\n<meta property=\"og:type\" content=\"article\" \/>\n<meta property=\"og:title\" content=\"Gestoria - Import a vehicle in Andorra\" \/>\n<meta property=\"og:description\" content=\"Let&#039;s find out together the procedure for importing a vehicle to Andorra! Through these lines, we will talk about registration, insurance and import tax or IGI (Imp\u00f4t G\u00e9n\u00e9ral Indirect), the equivalent of VAT in Europe. What is a vehicle import?&nbsp; Vehicle importation is the act of bringing a car from abroad to your country of [&hellip;]\" \/>\n<meta property=\"og:url\" content=\"https:\/\/www.mc-expatriation.com\/en\/gestoria\/import-vehicle\/\" \/>\n<meta property=\"og:site_name\" content=\"MC Expatriation\" \/>\n<meta property=\"article:modified_time\" content=\"2024-07-09T07:02:13+00:00\" \/>\n<meta property=\"og:image\" content=\"https:\/\/www.mc-expatriation.com\/wp-content\/uploads\/2023\/03\/andorrre-import-vehicule.jpg\" \/>\n\t<meta property=\"og:image:width\" content=\"1924\" \/>\n\t<meta property=\"og:image:height\" content=\"430\" \/>\n\t<meta property=\"og:image:type\" content=\"image\/jpeg\" \/>\n<meta name=\"twitter:card\" content=\"summary_large_image\" \/>\n<meta name=\"twitter:label1\" content=\"Est. reading time\" \/>\n\t<meta name=\"twitter:data1\" content=\"5 minutes\" \/>\n<script type=\"application\/ld+json\" class=\"yoast-schema-graph\">{\"@context\":\"https:\\\/\\\/schema.org\",\"@graph\":[{\"@type\":\"WebPage\",\"@id\":\"https:\\\/\\\/www.mc-expatriation.com\\\/en\\\/gestoria\\\/import-vehicle\\\/\",\"url\":\"https:\\\/\\\/www.mc-expatriation.com\\\/en\\\/gestoria\\\/import-vehicle\\\/\",\"name\":\"Gestoria - Import a vehicle in Andorra\",\"isPartOf\":{\"@id\":\"https:\\\/\\\/www.mc-expatriation.com\\\/#website\"},\"primaryImageOfPage\":{\"@id\":\"https:\\\/\\\/www.mc-expatriation.com\\\/en\\\/gestoria\\\/import-vehicle\\\/#primaryimage\"},\"image\":{\"@id\":\"https:\\\/\\\/www.mc-expatriation.com\\\/en\\\/gestoria\\\/import-vehicle\\\/#primaryimage\"},\"thumbnailUrl\":\"https:\\\/\\\/www.mc-expatriation.com\\\/wp-content\\\/uploads\\\/2023\\\/03\\\/andorrre-import-vehicule.jpg\",\"datePublished\":\"2022-10-27T20:57:55+00:00\",\"dateModified\":\"2024-07-09T07:02:13+00:00\",\"breadcrumb\":{\"@id\":\"https:\\\/\\\/www.mc-expatriation.com\\\/en\\\/gestoria\\\/import-vehicle\\\/#breadcrumb\"},\"inLanguage\":\"en-US\",\"potentialAction\":[{\"@type\":\"ReadAction\",\"target\":[\"https:\\\/\\\/www.mc-expatriation.com\\\/en\\\/gestoria\\\/import-vehicle\\\/\"]}]},{\"@type\":\"ImageObject\",\"inLanguage\":\"en-US\",\"@id\":\"https:\\\/\\\/www.mc-expatriation.com\\\/en\\\/gestoria\\\/import-vehicle\\\/#primaryimage\",\"url\":\"https:\\\/\\\/www.mc-expatriation.com\\\/wp-content\\\/uploads\\\/2023\\\/03\\\/andorrre-import-vehicule.jpg\",\"contentUrl\":\"https:\\\/\\\/www.mc-expatriation.com\\\/wp-content\\\/uploads\\\/2023\\\/03\\\/andorrre-import-vehicule.jpg\",\"width\":1924,\"height\":430,\"caption\":\"Andorre import v\u00e9hicule\"},{\"@type\":\"BreadcrumbList\",\"@id\":\"https:\\\/\\\/www.mc-expatriation.com\\\/en\\\/gestoria\\\/import-vehicle\\\/#breadcrumb\",\"itemListElement\":[{\"@type\":\"ListItem\",\"position\":1,\"name\":\"Home\",\"item\":\"https:\\\/\\\/www.mc-expatriation.com\\\/en\\\/\"},{\"@type\":\"ListItem\",\"position\":2,\"name\":\"Gestoria Andorra, your expatriation support agency\",\"item\":\"https:\\\/\\\/www.mc-expatriation.com\\\/en\\\/gestoria\\\/\"},{\"@type\":\"ListItem\",\"position\":3,\"name\":\"Gestoria &#8211; Import a vehicle in Andorra\"}]},{\"@type\":\"WebSite\",\"@id\":\"https:\\\/\\\/www.mc-expatriation.com\\\/#website\",\"url\":\"https:\\\/\\\/www.mc-expatriation.com\\\/\",\"name\":\"MC Expatriation\",\"description\":\"\",\"publisher\":{\"@id\":\"https:\\\/\\\/www.mc-expatriation.com\\\/#organization\"},\"potentialAction\":[{\"@type\":\"SearchAction\",\"target\":{\"@type\":\"EntryPoint\",\"urlTemplate\":\"https:\\\/\\\/www.mc-expatriation.com\\\/?s={search_term_string}\"},\"query-input\":{\"@type\":\"PropertyValueSpecification\",\"valueRequired\":true,\"valueName\":\"search_term_string\"}}],\"inLanguage\":\"en-US\"},{\"@type\":\"Organization\",\"@id\":\"https:\\\/\\\/www.mc-expatriation.com\\\/#organization\",\"name\":\"MC Expatriation\",\"url\":\"https:\\\/\\\/www.mc-expatriation.com\\\/\",\"logo\":{\"@type\":\"ImageObject\",\"inLanguage\":\"en-US\",\"@id\":\"https:\\\/\\\/www.mc-expatriation.com\\\/#\\\/schema\\\/logo\\\/image\\\/\",\"url\":\"https:\\\/\\\/www.mc-expatriation.com\\\/wp-content\\\/uploads\\\/2022\\\/10\\\/logo.svg\",\"contentUrl\":\"https:\\\/\\\/www.mc-expatriation.com\\\/wp-content\\\/uploads\\\/2022\\\/10\\\/logo.svg\",\"caption\":\"MC Expatriation\"},\"image\":{\"@id\":\"https:\\\/\\\/www.mc-expatriation.com\\\/#\\\/schema\\\/logo\\\/image\\\/\"}}]}<\/script>\n<!-- \/ Yoast SEO Premium plugin. -->","yoast_head_json":{"title":"Gestoria - Import a vehicle in Andorra","robots":{"index":"index","follow":"follow","max-snippet":"max-snippet:-1","max-image-preview":"max-image-preview:large","max-video-preview":"max-video-preview:-1"},"canonical":"https:\/\/www.mc-expatriation.com\/en\/gestoria\/import-vehicle\/","og_locale":"en_US","og_type":"article","og_title":"Gestoria - Import a vehicle in Andorra","og_description":"Let's find out together the procedure for importing a vehicle to Andorra! Through these lines, we will talk about registration, insurance and import tax or IGI (Imp\u00f4t G\u00e9n\u00e9ral Indirect), the equivalent of VAT in Europe. What is a vehicle import?&nbsp; Vehicle importation is the act of bringing a car from abroad to your country of [&hellip;]","og_url":"https:\/\/www.mc-expatriation.com\/en\/gestoria\/import-vehicle\/","og_site_name":"MC Expatriation","article_modified_time":"2024-07-09T07:02:13+00:00","og_image":[{"width":1924,"height":430,"url":"https:\/\/www.mc-expatriation.com\/wp-content\/uploads\/2023\/03\/andorrre-import-vehicule.jpg","type":"image\/jpeg"}],"twitter_card":"summary_large_image","twitter_misc":{"Est. reading time":"5 minutes"},"schema":{"@context":"https:\/\/schema.org","@graph":[{"@type":"WebPage","@id":"https:\/\/www.mc-expatriation.com\/en\/gestoria\/import-vehicle\/","url":"https:\/\/www.mc-expatriation.com\/en\/gestoria\/import-vehicle\/","name":"Gestoria - Import a vehicle in Andorra","isPartOf":{"@id":"https:\/\/www.mc-expatriation.com\/#website"},"primaryImageOfPage":{"@id":"https:\/\/www.mc-expatriation.com\/en\/gestoria\/import-vehicle\/#primaryimage"},"image":{"@id":"https:\/\/www.mc-expatriation.com\/en\/gestoria\/import-vehicle\/#primaryimage"},"thumbnailUrl":"https:\/\/www.mc-expatriation.com\/wp-content\/uploads\/2023\/03\/andorrre-import-vehicule.jpg","datePublished":"2022-10-27T20:57:55+00:00","dateModified":"2024-07-09T07:02:13+00:00","breadcrumb":{"@id":"https:\/\/www.mc-expatriation.com\/en\/gestoria\/import-vehicle\/#breadcrumb"},"inLanguage":"en-US","potentialAction":[{"@type":"ReadAction","target":["https:\/\/www.mc-expatriation.com\/en\/gestoria\/import-vehicle\/"]}]},{"@type":"ImageObject","inLanguage":"en-US","@id":"https:\/\/www.mc-expatriation.com\/en\/gestoria\/import-vehicle\/#primaryimage","url":"https:\/\/www.mc-expatriation.com\/wp-content\/uploads\/2023\/03\/andorrre-import-vehicule.jpg","contentUrl":"https:\/\/www.mc-expatriation.com\/wp-content\/uploads\/2023\/03\/andorrre-import-vehicule.jpg","width":1924,"height":430,"caption":"Andorre import v\u00e9hicule"},{"@type":"BreadcrumbList","@id":"https:\/\/www.mc-expatriation.com\/en\/gestoria\/import-vehicle\/#breadcrumb","itemListElement":[{"@type":"ListItem","position":1,"name":"Home","item":"https:\/\/www.mc-expatriation.com\/en\/"},{"@type":"ListItem","position":2,"name":"Gestoria Andorra, your expatriation support agency","item":"https:\/\/www.mc-expatriation.com\/en\/gestoria\/"},{"@type":"ListItem","position":3,"name":"Gestoria &#8211; Import a vehicle in Andorra"}]},{"@type":"WebSite","@id":"https:\/\/www.mc-expatriation.com\/#website","url":"https:\/\/www.mc-expatriation.com\/","name":"MC Expatriation","description":"","publisher":{"@id":"https:\/\/www.mc-expatriation.com\/#organization"},"potentialAction":[{"@type":"SearchAction","target":{"@type":"EntryPoint","urlTemplate":"https:\/\/www.mc-expatriation.com\/?s={search_term_string}"},"query-input":{"@type":"PropertyValueSpecification","valueRequired":true,"valueName":"search_term_string"}}],"inLanguage":"en-US"},{"@type":"Organization","@id":"https:\/\/www.mc-expatriation.com\/#organization","name":"MC Expatriation","url":"https:\/\/www.mc-expatriation.com\/","logo":{"@type":"ImageObject","inLanguage":"en-US","@id":"https:\/\/www.mc-expatriation.com\/#\/schema\/logo\/image\/","url":"https:\/\/www.mc-expatriation.com\/wp-content\/uploads\/2022\/10\/logo.svg","contentUrl":"https:\/\/www.mc-expatriation.com\/wp-content\/uploads\/2022\/10\/logo.svg","caption":"MC Expatriation"},"image":{"@id":"https:\/\/www.mc-expatriation.com\/#\/schema\/logo\/image\/"}}]}},"_links":{"self":[{"href":"https:\/\/www.mc-expatriation.com\/en\/wp-json\/wp\/v2\/pages\/3063","targetHints":{"allow":["GET"]}}],"collection":[{"href":"https:\/\/www.mc-expatriation.com\/en\/wp-json\/wp\/v2\/pages"}],"about":[{"href":"https:\/\/www.mc-expatriation.com\/en\/wp-json\/wp\/v2\/types\/page"}],"author":[{"embeddable":true,"href":"https:\/\/www.mc-expatriation.com\/en\/wp-json\/wp\/v2\/users\/1"}],"replies":[{"embeddable":true,"href":"https:\/\/www.mc-expatriation.com\/en\/wp-json\/wp\/v2\/comments?post=3063"}],"version-history":[{"count":7,"href":"https:\/\/www.mc-expatriation.com\/en\/wp-json\/wp\/v2\/pages\/3063\/revisions"}],"predecessor-version":[{"id":3373,"href":"https:\/\/www.mc-expatriation.com\/en\/wp-json\/wp\/v2\/pages\/3063\/revisions\/3373"}],"up":[{"embeddable":true,"href":"https:\/\/www.mc-expatriation.com\/en\/wp-json\/wp\/v2\/pages\/2881"}],"wp:featuredmedia":[{"embeddable":true,"href":"https:\/\/www.mc-expatriation.com\/en\/wp-json\/wp\/v2\/media\/3061"}],"wp:attachment":[{"href":"https:\/\/www.mc-expatriation.com\/en\/wp-json\/wp\/v2\/media?parent=3063"}],"curies":[{"name":"wp","href":"https:\/\/api.w.org\/{rel}","templated":true}]}}