{"id":3202,"date":"2022-10-27T22:22:13","date_gmt":"2022-10-27T22:22:13","guid":{"rendered":"https:\/\/www.mc-expatriation.com\/andorre\/"},"modified":"2023-11-12T06:17:22","modified_gmt":"2023-11-12T06:17:22","slug":"andorra","status":"publish","type":"page","link":"https:\/\/www.mc-expatriation.com\/en\/andorra\/","title":{"rendered":"Andorra, a Pyrenean country rich in history and culture"},"content":{"rendered":"\n<p><strong>Located in the Pyrenees, Andorra is a beautiful country to discover whose capital is Andorra la Vella. Rich in history, it is an independent state. The Andorran government and the competent institutions have put in place various measures to attract investors. This is done by means of conventions and laws. Its official language is Catalan. But other languages are also spoken such as French, Portuguese and Spanish. Therefore, translations will not be complicated. Moreover, the Principality has several educational systems.\u00a0\u00a0<\/strong><\/p>\n\n\n\n<p><strong>The Principality offers a tax advantage compared to France and other European countries, activities such as skiing, and a strategic geographical and political location. There are many reasons to make a detour to the Principality. Whether for a trip or to invest and settle down, Andorra remains a beautiful destination in Europe.<\/strong><\/p>\n","protected":false},"excerpt":{"rendered":"<p>Located in the Pyrenees, Andorra is a beautiful country to discover whose capital is Andorra la Vella. Rich in history, it is an independent state. The Andorran government and the competent institutions have put in place various measures to attract investors. This is done by means of conventions and laws. Its official language is Catalan. [&hellip;]<\/p>\n","protected":false},"author":1,"featured_media":1417,"parent":0,"menu_order":0,"comment_status":"closed","ping_status":"closed","template":"niveau-1.php","meta":{"_acf_changed":false,"footnotes":""},"class_list":["post-3202","page","type-page","status-publish","has-post-thumbnail","hentry"],"acf":[],"yoast_head":"<!-- This site is optimized with the Yoast SEO Premium plugin v25.8 (Yoast SEO v27.3) - https:\/\/yoast.com\/product\/yoast-seo-premium-wordpress\/ -->\n<title>Andorra, a Pyrenean country rich in history and culture<\/title>\n<meta name=\"description\" content=\"Situ\u00e9e dans les Pyr\u00e9n\u00e9es, Andorre est un beau pays \u00e0 d\u00e9couvrir dont la capitale est Andorre-la-Vieille. Riche en histoire, c\u2019est un \u00e9tat ind\u00e9pendant\" \/>\n<meta name=\"robots\" content=\"index, follow, max-snippet:-1, max-image-preview:large, max-video-preview:-1\" \/>\n<link rel=\"canonical\" href=\"https:\/\/www.mc-expatriation.com\/en\/andorra\/\" \/>\n<meta property=\"og:locale\" content=\"en_US\" \/>\n<meta property=\"og:type\" content=\"article\" \/>\n<meta property=\"og:title\" content=\"Andorra, a Pyrenean country rich in history and culture\" \/>\n<meta property=\"og:description\" content=\"Situ\u00e9e dans les Pyr\u00e9n\u00e9es, Andorre est un beau pays \u00e0 d\u00e9couvrir dont la capitale est Andorre-la-Vieille. Riche en histoire, c\u2019est un \u00e9tat ind\u00e9pendant\" \/>\n<meta property=\"og:url\" content=\"https:\/\/www.mc-expatriation.com\/en\/andorra\/\" \/>\n<meta property=\"og:site_name\" content=\"MC Expatriation\" \/>\n<meta property=\"article:modified_time\" content=\"2023-11-12T06:17:22+00:00\" \/>\n<meta property=\"og:image\" content=\"https:\/\/www.mc-expatriation.com\/wp-content\/uploads\/2022\/11\/pays-des-Pyrenees.jpg\" \/>\n\t<meta property=\"og:image:width\" content=\"1000\" \/>\n\t<meta property=\"og:image:height\" content=\"300\" \/>\n\t<meta property=\"og:image:type\" content=\"image\/jpeg\" \/>\n<meta name=\"twitter:card\" content=\"summary_large_image\" \/>\n<meta name=\"twitter:label1\" content=\"Est. reading time\" \/>\n\t<meta name=\"twitter:data1\" content=\"1 minute\" \/>\n<script type=\"application\/ld+json\" class=\"yoast-schema-graph\">{\"@context\":\"https:\\\/\\\/schema.org\",\"@graph\":[{\"@type\":\"WebPage\",\"@id\":\"https:\\\/\\\/www.mc-expatriation.com\\\/en\\\/andorra\\\/\",\"url\":\"https:\\\/\\\/www.mc-expatriation.com\\\/en\\\/andorra\\\/\",\"name\":\"Andorra, a Pyrenean country rich in history and culture\",\"isPartOf\":{\"@id\":\"https:\\\/\\\/www.mc-expatriation.com\\\/#website\"},\"primaryImageOfPage\":{\"@id\":\"https:\\\/\\\/www.mc-expatriation.com\\\/en\\\/andorra\\\/#primaryimage\"},\"image\":{\"@id\":\"https:\\\/\\\/www.mc-expatriation.com\\\/en\\\/andorra\\\/#primaryimage\"},\"thumbnailUrl\":\"https:\\\/\\\/www.mc-expatriation.com\\\/wp-content\\\/uploads\\\/2022\\\/11\\\/pays-des-Pyrenees.jpg\",\"datePublished\":\"2022-10-27T22:22:13+00:00\",\"dateModified\":\"2023-11-12T06:17:22+00:00\",\"description\":\"Situ\u00e9e dans les Pyr\u00e9n\u00e9es, Andorre est un beau pays \u00e0 d\u00e9couvrir dont la capitale est Andorre-la-Vieille. Riche en histoire, c\u2019est un \u00e9tat ind\u00e9pendant\",\"breadcrumb\":{\"@id\":\"https:\\\/\\\/www.mc-expatriation.com\\\/en\\\/andorra\\\/#breadcrumb\"},\"inLanguage\":\"en-US\",\"potentialAction\":[{\"@type\":\"ReadAction\",\"target\":[\"https:\\\/\\\/www.mc-expatriation.com\\\/en\\\/andorra\\\/\"]}]},{\"@type\":\"ImageObject\",\"inLanguage\":\"en-US\",\"@id\":\"https:\\\/\\\/www.mc-expatriation.com\\\/en\\\/andorra\\\/#primaryimage\",\"url\":\"https:\\\/\\\/www.mc-expatriation.com\\\/wp-content\\\/uploads\\\/2022\\\/11\\\/pays-des-Pyrenees.jpg\",\"contentUrl\":\"https:\\\/\\\/www.mc-expatriation.com\\\/wp-content\\\/uploads\\\/2022\\\/11\\\/pays-des-Pyrenees.jpg\",\"width\":1000,\"height\":300},{\"@type\":\"BreadcrumbList\",\"@id\":\"https:\\\/\\\/www.mc-expatriation.com\\\/en\\\/andorra\\\/#breadcrumb\",\"itemListElement\":[{\"@type\":\"ListItem\",\"position\":1,\"name\":\"Home\",\"item\":\"https:\\\/\\\/www.mc-expatriation.com\\\/en\\\/\"},{\"@type\":\"ListItem\",\"position\":2,\"name\":\"Andorra, a Pyrenean country rich in history and culture\"}]},{\"@type\":\"WebSite\",\"@id\":\"https:\\\/\\\/www.mc-expatriation.com\\\/#website\",\"url\":\"https:\\\/\\\/www.mc-expatriation.com\\\/\",\"name\":\"MC Expatriation\",\"description\":\"\",\"publisher\":{\"@id\":\"https:\\\/\\\/www.mc-expatriation.com\\\/#organization\"},\"potentialAction\":[{\"@type\":\"SearchAction\",\"target\":{\"@type\":\"EntryPoint\",\"urlTemplate\":\"https:\\\/\\\/www.mc-expatriation.com\\\/?s={search_term_string}\"},\"query-input\":{\"@type\":\"PropertyValueSpecification\",\"valueRequired\":true,\"valueName\":\"search_term_string\"}}],\"inLanguage\":\"en-US\"},{\"@type\":\"Organization\",\"@id\":\"https:\\\/\\\/www.mc-expatriation.com\\\/#organization\",\"name\":\"MC Expatriation\",\"url\":\"https:\\\/\\\/www.mc-expatriation.com\\\/\",\"logo\":{\"@type\":\"ImageObject\",\"inLanguage\":\"en-US\",\"@id\":\"https:\\\/\\\/www.mc-expatriation.com\\\/#\\\/schema\\\/logo\\\/image\\\/\",\"url\":\"https:\\\/\\\/www.mc-expatriation.com\\\/wp-content\\\/uploads\\\/2022\\\/10\\\/logo.svg\",\"contentUrl\":\"https:\\\/\\\/www.mc-expatriation.com\\\/wp-content\\\/uploads\\\/2022\\\/10\\\/logo.svg\",\"caption\":\"MC Expatriation\"},\"image\":{\"@id\":\"https:\\\/\\\/www.mc-expatriation.com\\\/#\\\/schema\\\/logo\\\/image\\\/\"}}]}<\/script>\n<!-- \/ Yoast SEO Premium plugin. -->","yoast_head_json":{"title":"Andorra, a Pyrenean country rich in history and culture","description":"Situ\u00e9e dans les Pyr\u00e9n\u00e9es, Andorre est un beau pays \u00e0 d\u00e9couvrir dont la capitale est Andorre-la-Vieille. Riche en histoire, c\u2019est un \u00e9tat ind\u00e9pendant","robots":{"index":"index","follow":"follow","max-snippet":"max-snippet:-1","max-image-preview":"max-image-preview:large","max-video-preview":"max-video-preview:-1"},"canonical":"https:\/\/www.mc-expatriation.com\/en\/andorra\/","og_locale":"en_US","og_type":"article","og_title":"Andorra, a Pyrenean country rich in history and culture","og_description":"Situ\u00e9e dans les Pyr\u00e9n\u00e9es, Andorre est un beau pays \u00e0 d\u00e9couvrir dont la capitale est Andorre-la-Vieille. Riche en histoire, c\u2019est un \u00e9tat ind\u00e9pendant","og_url":"https:\/\/www.mc-expatriation.com\/en\/andorra\/","og_site_name":"MC Expatriation","article_modified_time":"2023-11-12T06:17:22+00:00","og_image":[{"width":1000,"height":300,"url":"https:\/\/www.mc-expatriation.com\/wp-content\/uploads\/2022\/11\/pays-des-Pyrenees.jpg","type":"image\/jpeg"}],"twitter_card":"summary_large_image","twitter_misc":{"Est. reading time":"1 minute"},"schema":{"@context":"https:\/\/schema.org","@graph":[{"@type":"WebPage","@id":"https:\/\/www.mc-expatriation.com\/en\/andorra\/","url":"https:\/\/www.mc-expatriation.com\/en\/andorra\/","name":"Andorra, a Pyrenean country rich in history and culture","isPartOf":{"@id":"https:\/\/www.mc-expatriation.com\/#website"},"primaryImageOfPage":{"@id":"https:\/\/www.mc-expatriation.com\/en\/andorra\/#primaryimage"},"image":{"@id":"https:\/\/www.mc-expatriation.com\/en\/andorra\/#primaryimage"},"thumbnailUrl":"https:\/\/www.mc-expatriation.com\/wp-content\/uploads\/2022\/11\/pays-des-Pyrenees.jpg","datePublished":"2022-10-27T22:22:13+00:00","dateModified":"2023-11-12T06:17:22+00:00","description":"Situ\u00e9e dans les Pyr\u00e9n\u00e9es, Andorre est un beau pays \u00e0 d\u00e9couvrir dont la capitale est Andorre-la-Vieille. Riche en histoire, c\u2019est un \u00e9tat ind\u00e9pendant","breadcrumb":{"@id":"https:\/\/www.mc-expatriation.com\/en\/andorra\/#breadcrumb"},"inLanguage":"en-US","potentialAction":[{"@type":"ReadAction","target":["https:\/\/www.mc-expatriation.com\/en\/andorra\/"]}]},{"@type":"ImageObject","inLanguage":"en-US","@id":"https:\/\/www.mc-expatriation.com\/en\/andorra\/#primaryimage","url":"https:\/\/www.mc-expatriation.com\/wp-content\/uploads\/2022\/11\/pays-des-Pyrenees.jpg","contentUrl":"https:\/\/www.mc-expatriation.com\/wp-content\/uploads\/2022\/11\/pays-des-Pyrenees.jpg","width":1000,"height":300},{"@type":"BreadcrumbList","@id":"https:\/\/www.mc-expatriation.com\/en\/andorra\/#breadcrumb","itemListElement":[{"@type":"ListItem","position":1,"name":"Home","item":"https:\/\/www.mc-expatriation.com\/en\/"},{"@type":"ListItem","position":2,"name":"Andorra, a Pyrenean country rich in history and culture"}]},{"@type":"WebSite","@id":"https:\/\/www.mc-expatriation.com\/#website","url":"https:\/\/www.mc-expatriation.com\/","name":"MC Expatriation","description":"","publisher":{"@id":"https:\/\/www.mc-expatriation.com\/#organization"},"potentialAction":[{"@type":"SearchAction","target":{"@type":"EntryPoint","urlTemplate":"https:\/\/www.mc-expatriation.com\/?s={search_term_string}"},"query-input":{"@type":"PropertyValueSpecification","valueRequired":true,"valueName":"search_term_string"}}],"inLanguage":"en-US"},{"@type":"Organization","@id":"https:\/\/www.mc-expatriation.com\/#organization","name":"MC Expatriation","url":"https:\/\/www.mc-expatriation.com\/","logo":{"@type":"ImageObject","inLanguage":"en-US","@id":"https:\/\/www.mc-expatriation.com\/#\/schema\/logo\/image\/","url":"https:\/\/www.mc-expatriation.com\/wp-content\/uploads\/2022\/10\/logo.svg","contentUrl":"https:\/\/www.mc-expatriation.com\/wp-content\/uploads\/2022\/10\/logo.svg","caption":"MC Expatriation"},"image":{"@id":"https:\/\/www.mc-expatriation.com\/#\/schema\/logo\/image\/"}}]}},"_links":{"self":[{"href":"https:\/\/www.mc-expatriation.com\/en\/wp-json\/wp\/v2\/pages\/3202","targetHints":{"allow":["GET"]}}],"collection":[{"href":"https:\/\/www.mc-expatriation.com\/en\/wp-json\/wp\/v2\/pages"}],"about":[{"href":"https:\/\/www.mc-expatriation.com\/en\/wp-json\/wp\/v2\/types\/page"}],"author":[{"embeddable":true,"href":"https:\/\/www.mc-expatriation.com\/en\/wp-json\/wp\/v2\/users\/1"}],"replies":[{"embeddable":true,"href":"https:\/\/www.mc-expatriation.com\/en\/wp-json\/wp\/v2\/comments?post=3202"}],"version-history":[{"count":4,"href":"https:\/\/www.mc-expatriation.com\/en\/wp-json\/wp\/v2\/pages\/3202\/revisions"}],"predecessor-version":[{"id":4537,"href":"https:\/\/www.mc-expatriation.com\/en\/wp-json\/wp\/v2\/pages\/3202\/revisions\/4537"}],"wp:featuredmedia":[{"embeddable":true,"href":"https:\/\/www.mc-expatriation.com\/en\/wp-json\/wp\/v2\/media\/1417"}],"wp:attachment":[{"href":"https:\/\/www.mc-expatriation.com\/en\/wp-json\/wp\/v2\/media?parent=3202"}],"curies":[{"name":"wp","href":"https:\/\/api.w.org\/{rel}","templated":true}]}}