{"id":3209,"date":"2022-11-04T13:08:23","date_gmt":"2022-11-04T13:08:23","guid":{"rendered":"https:\/\/www.mc-expatriation.com\/guide-expatriation\/"},"modified":"2023-03-10T11:06:37","modified_gmt":"2023-03-10T11:06:37","slug":"expatriation-guide","status":"publish","type":"page","link":"https:\/\/www.mc-expatriation.com\/en\/expatriation-guide\/","title":{"rendered":"The expatriation guide, successfully moving abroad"},"content":{"rendered":"\n<p><strong>Becoming an expatriate is a decision that must be carefully thought out. It is even more important to organize it well if you are leaving with your family and children. The reasons for becoming an expat can be numerous: international mobility, job and career, search for a better quality of life, etc.\u00a0<\/strong><\/p>\n\n\n\n<p><strong>An idyllic destination for both individuals and investors, Andorra is the Eldorado for expatriates. For your departure in the principality, preparing your expatriation project beforehand remains of great importance. You can take advantage of the benefits offered by its government if you want to create a company. The same applies if you come for a job. Cost of living is also very affordable for those who wish to expatriate with their family.\u00a0<\/strong><\/p>\n\n\n\n<p><strong>If you are looking for guides to help you prepare your expatriation with your family or alone, you are on the right page. Because yes, it can be time consuming to find out the steps involved in your expatriation in books. As an expat in Andorra, the formalities are not the same as in other countries of the European Union. Are you planning an expatriation to Andorra? Discover through this page a complete guide to make your life easier in every step of the way.<\/strong><\/p>\n","protected":false},"excerpt":{"rendered":"<p>Becoming an expatriate is a decision that must be carefully thought out. It is even more important to organize it well if you are leaving with your family and children. The reasons for becoming an expat can be numerous: international mobility, job and career, search for a better quality of life, etc.\u00a0 An idyllic destination [&hellip;]<\/p>\n","protected":false},"author":1,"featured_media":1401,"parent":0,"menu_order":0,"comment_status":"closed","ping_status":"closed","template":"niveau-1.php","meta":{"_acf_changed":false,"footnotes":""},"class_list":["post-3209","page","type-page","status-publish","has-post-thumbnail","hentry"],"acf":[],"yoast_head":"<!-- This site is optimized with the Yoast SEO Premium plugin v25.8 (Yoast SEO v27.3) - https:\/\/yoast.com\/product\/yoast-seo-premium-wordpress\/ -->\n<title>The expatriation guide, successfully moving abroad<\/title>\n<meta name=\"description\" content=\"Destination idyllique, aussi bien pour les particuliers que les investisseurs, Andorre se pr\u00e9sente tel l\u2019eldorado des expatri\u00e9s. Pour votre d\u00e9part dans la principaut\u00e9, pr\u00e9parer au pr\u00e9alable votre projet d\u2019expatriation reste d\u2019une grande importance. Vous pouvez tout \u00e0 fait profiter des avantages propos\u00e9s par son Gouvernement si vous souhaitez y cr\u00e9er une entreprise. De m\u00eame si vous y venez pour un emploi. Le co\u00fbt de la vie y est aussi tr\u00e8s abordable pour ceux qui d\u00e9sirent s\u2019y expatrier en famille.\" \/>\n<meta name=\"robots\" content=\"index, follow, max-snippet:-1, max-image-preview:large, max-video-preview:-1\" \/>\n<link rel=\"canonical\" href=\"https:\/\/www.mc-expatriation.com\/en\/expatriation-guide\/\" \/>\n<meta property=\"og:locale\" content=\"en_US\" \/>\n<meta property=\"og:type\" content=\"article\" \/>\n<meta property=\"og:title\" content=\"The expatriation guide, successfully moving abroad\" \/>\n<meta property=\"og:description\" content=\"Destination idyllique, aussi bien pour les particuliers que les investisseurs, Andorre se pr\u00e9sente tel l\u2019eldorado des expatri\u00e9s. Pour votre d\u00e9part dans la principaut\u00e9, pr\u00e9parer au pr\u00e9alable votre projet d\u2019expatriation reste d\u2019une grande importance. Vous pouvez tout \u00e0 fait profiter des avantages propos\u00e9s par son Gouvernement si vous souhaitez y cr\u00e9er une entreprise. De m\u00eame si vous y venez pour un emploi. Le co\u00fbt de la vie y est aussi tr\u00e8s abordable pour ceux qui d\u00e9sirent s\u2019y expatrier en famille.\" \/>\n<meta property=\"og:url\" content=\"https:\/\/www.mc-expatriation.com\/en\/expatriation-guide\/\" \/>\n<meta property=\"og:site_name\" content=\"MC Expatriation\" \/>\n<meta property=\"article:modified_time\" content=\"2023-03-10T11:06:37+00:00\" \/>\n<meta property=\"og:image\" content=\"https:\/\/www.mc-expatriation.com\/wp-content\/uploads\/2022\/10\/expat-niveau1-01.jpg\" \/>\n\t<meta property=\"og:image:width\" content=\"1920\" \/>\n\t<meta property=\"og:image:height\" content=\"380\" \/>\n\t<meta property=\"og:image:type\" content=\"image\/jpeg\" \/>\n<meta name=\"twitter:card\" content=\"summary_large_image\" \/>\n<meta name=\"twitter:label1\" content=\"Est. reading time\" \/>\n\t<meta name=\"twitter:data1\" content=\"2 minutes\" \/>\n<script type=\"application\/ld+json\" class=\"yoast-schema-graph\">{\"@context\":\"https:\\\/\\\/schema.org\",\"@graph\":[{\"@type\":\"WebPage\",\"@id\":\"https:\\\/\\\/www.mc-expatriation.com\\\/en\\\/expatriation-guide\\\/\",\"url\":\"https:\\\/\\\/www.mc-expatriation.com\\\/en\\\/expatriation-guide\\\/\",\"name\":\"The expatriation guide, successfully moving abroad\",\"isPartOf\":{\"@id\":\"https:\\\/\\\/www.mc-expatriation.com\\\/#website\"},\"primaryImageOfPage\":{\"@id\":\"https:\\\/\\\/www.mc-expatriation.com\\\/en\\\/expatriation-guide\\\/#primaryimage\"},\"image\":{\"@id\":\"https:\\\/\\\/www.mc-expatriation.com\\\/en\\\/expatriation-guide\\\/#primaryimage\"},\"thumbnailUrl\":\"https:\\\/\\\/www.mc-expatriation.com\\\/wp-content\\\/uploads\\\/2022\\\/10\\\/expat-niveau1-01.jpg\",\"datePublished\":\"2022-11-04T13:08:23+00:00\",\"dateModified\":\"2023-03-10T11:06:37+00:00\",\"description\":\"Destination idyllique, aussi bien pour les particuliers que les investisseurs, Andorre se pr\u00e9sente tel l\u2019eldorado des expatri\u00e9s. Pour votre d\u00e9part dans la principaut\u00e9, pr\u00e9parer au pr\u00e9alable votre projet d\u2019expatriation reste d\u2019une grande importance. Vous pouvez tout \u00e0 fait profiter des avantages propos\u00e9s par son Gouvernement si vous souhaitez y cr\u00e9er une entreprise. De m\u00eame si vous y venez pour un emploi. Le co\u00fbt de la vie y est aussi tr\u00e8s abordable pour ceux qui d\u00e9sirent s\u2019y expatrier en famille.\",\"breadcrumb\":{\"@id\":\"https:\\\/\\\/www.mc-expatriation.com\\\/en\\\/expatriation-guide\\\/#breadcrumb\"},\"inLanguage\":\"en-US\",\"potentialAction\":[{\"@type\":\"ReadAction\",\"target\":[\"https:\\\/\\\/www.mc-expatriation.com\\\/en\\\/expatriation-guide\\\/\"]}]},{\"@type\":\"ImageObject\",\"inLanguage\":\"en-US\",\"@id\":\"https:\\\/\\\/www.mc-expatriation.com\\\/en\\\/expatriation-guide\\\/#primaryimage\",\"url\":\"https:\\\/\\\/www.mc-expatriation.com\\\/wp-content\\\/uploads\\\/2022\\\/10\\\/expat-niveau1-01.jpg\",\"contentUrl\":\"https:\\\/\\\/www.mc-expatriation.com\\\/wp-content\\\/uploads\\\/2022\\\/10\\\/expat-niveau1-01.jpg\",\"width\":1920,\"height\":380},{\"@type\":\"BreadcrumbList\",\"@id\":\"https:\\\/\\\/www.mc-expatriation.com\\\/en\\\/expatriation-guide\\\/#breadcrumb\",\"itemListElement\":[{\"@type\":\"ListItem\",\"position\":1,\"name\":\"Home\",\"item\":\"https:\\\/\\\/www.mc-expatriation.com\\\/en\\\/\"},{\"@type\":\"ListItem\",\"position\":2,\"name\":\"The expatriation guide, successfully moving abroad\"}]},{\"@type\":\"WebSite\",\"@id\":\"https:\\\/\\\/www.mc-expatriation.com\\\/#website\",\"url\":\"https:\\\/\\\/www.mc-expatriation.com\\\/\",\"name\":\"MC Expatriation\",\"description\":\"\",\"publisher\":{\"@id\":\"https:\\\/\\\/www.mc-expatriation.com\\\/#organization\"},\"potentialAction\":[{\"@type\":\"SearchAction\",\"target\":{\"@type\":\"EntryPoint\",\"urlTemplate\":\"https:\\\/\\\/www.mc-expatriation.com\\\/?s={search_term_string}\"},\"query-input\":{\"@type\":\"PropertyValueSpecification\",\"valueRequired\":true,\"valueName\":\"search_term_string\"}}],\"inLanguage\":\"en-US\"},{\"@type\":\"Organization\",\"@id\":\"https:\\\/\\\/www.mc-expatriation.com\\\/#organization\",\"name\":\"MC Expatriation\",\"url\":\"https:\\\/\\\/www.mc-expatriation.com\\\/\",\"logo\":{\"@type\":\"ImageObject\",\"inLanguage\":\"en-US\",\"@id\":\"https:\\\/\\\/www.mc-expatriation.com\\\/#\\\/schema\\\/logo\\\/image\\\/\",\"url\":\"https:\\\/\\\/www.mc-expatriation.com\\\/wp-content\\\/uploads\\\/2022\\\/10\\\/logo.svg\",\"contentUrl\":\"https:\\\/\\\/www.mc-expatriation.com\\\/wp-content\\\/uploads\\\/2022\\\/10\\\/logo.svg\",\"caption\":\"MC Expatriation\"},\"image\":{\"@id\":\"https:\\\/\\\/www.mc-expatriation.com\\\/#\\\/schema\\\/logo\\\/image\\\/\"}}]}<\/script>\n<!-- \/ Yoast SEO Premium plugin. -->","yoast_head_json":{"title":"The expatriation guide, successfully moving abroad","description":"Destination idyllique, aussi bien pour les particuliers que les investisseurs, Andorre se pr\u00e9sente tel l\u2019eldorado des expatri\u00e9s. Pour votre d\u00e9part dans la principaut\u00e9, pr\u00e9parer au pr\u00e9alable votre projet d\u2019expatriation reste d\u2019une grande importance. Vous pouvez tout \u00e0 fait profiter des avantages propos\u00e9s par son Gouvernement si vous souhaitez y cr\u00e9er une entreprise. De m\u00eame si vous y venez pour un emploi. Le co\u00fbt de la vie y est aussi tr\u00e8s abordable pour ceux qui d\u00e9sirent s\u2019y expatrier en famille.","robots":{"index":"index","follow":"follow","max-snippet":"max-snippet:-1","max-image-preview":"max-image-preview:large","max-video-preview":"max-video-preview:-1"},"canonical":"https:\/\/www.mc-expatriation.com\/en\/expatriation-guide\/","og_locale":"en_US","og_type":"article","og_title":"The expatriation guide, successfully moving abroad","og_description":"Destination idyllique, aussi bien pour les particuliers que les investisseurs, Andorre se pr\u00e9sente tel l\u2019eldorado des expatri\u00e9s. Pour votre d\u00e9part dans la principaut\u00e9, pr\u00e9parer au pr\u00e9alable votre projet d\u2019expatriation reste d\u2019une grande importance. Vous pouvez tout \u00e0 fait profiter des avantages propos\u00e9s par son Gouvernement si vous souhaitez y cr\u00e9er une entreprise. De m\u00eame si vous y venez pour un emploi. Le co\u00fbt de la vie y est aussi tr\u00e8s abordable pour ceux qui d\u00e9sirent s\u2019y expatrier en famille.","og_url":"https:\/\/www.mc-expatriation.com\/en\/expatriation-guide\/","og_site_name":"MC Expatriation","article_modified_time":"2023-03-10T11:06:37+00:00","og_image":[{"width":1920,"height":380,"url":"https:\/\/www.mc-expatriation.com\/wp-content\/uploads\/2022\/10\/expat-niveau1-01.jpg","type":"image\/jpeg"}],"twitter_card":"summary_large_image","twitter_misc":{"Est. reading time":"2 minutes"},"schema":{"@context":"https:\/\/schema.org","@graph":[{"@type":"WebPage","@id":"https:\/\/www.mc-expatriation.com\/en\/expatriation-guide\/","url":"https:\/\/www.mc-expatriation.com\/en\/expatriation-guide\/","name":"The expatriation guide, successfully moving abroad","isPartOf":{"@id":"https:\/\/www.mc-expatriation.com\/#website"},"primaryImageOfPage":{"@id":"https:\/\/www.mc-expatriation.com\/en\/expatriation-guide\/#primaryimage"},"image":{"@id":"https:\/\/www.mc-expatriation.com\/en\/expatriation-guide\/#primaryimage"},"thumbnailUrl":"https:\/\/www.mc-expatriation.com\/wp-content\/uploads\/2022\/10\/expat-niveau1-01.jpg","datePublished":"2022-11-04T13:08:23+00:00","dateModified":"2023-03-10T11:06:37+00:00","description":"Destination idyllique, aussi bien pour les particuliers que les investisseurs, Andorre se pr\u00e9sente tel l\u2019eldorado des expatri\u00e9s. Pour votre d\u00e9part dans la principaut\u00e9, pr\u00e9parer au pr\u00e9alable votre projet d\u2019expatriation reste d\u2019une grande importance. Vous pouvez tout \u00e0 fait profiter des avantages propos\u00e9s par son Gouvernement si vous souhaitez y cr\u00e9er une entreprise. De m\u00eame si vous y venez pour un emploi. Le co\u00fbt de la vie y est aussi tr\u00e8s abordable pour ceux qui d\u00e9sirent s\u2019y expatrier en famille.","breadcrumb":{"@id":"https:\/\/www.mc-expatriation.com\/en\/expatriation-guide\/#breadcrumb"},"inLanguage":"en-US","potentialAction":[{"@type":"ReadAction","target":["https:\/\/www.mc-expatriation.com\/en\/expatriation-guide\/"]}]},{"@type":"ImageObject","inLanguage":"en-US","@id":"https:\/\/www.mc-expatriation.com\/en\/expatriation-guide\/#primaryimage","url":"https:\/\/www.mc-expatriation.com\/wp-content\/uploads\/2022\/10\/expat-niveau1-01.jpg","contentUrl":"https:\/\/www.mc-expatriation.com\/wp-content\/uploads\/2022\/10\/expat-niveau1-01.jpg","width":1920,"height":380},{"@type":"BreadcrumbList","@id":"https:\/\/www.mc-expatriation.com\/en\/expatriation-guide\/#breadcrumb","itemListElement":[{"@type":"ListItem","position":1,"name":"Home","item":"https:\/\/www.mc-expatriation.com\/en\/"},{"@type":"ListItem","position":2,"name":"The expatriation guide, successfully moving abroad"}]},{"@type":"WebSite","@id":"https:\/\/www.mc-expatriation.com\/#website","url":"https:\/\/www.mc-expatriation.com\/","name":"MC Expatriation","description":"","publisher":{"@id":"https:\/\/www.mc-expatriation.com\/#organization"},"potentialAction":[{"@type":"SearchAction","target":{"@type":"EntryPoint","urlTemplate":"https:\/\/www.mc-expatriation.com\/?s={search_term_string}"},"query-input":{"@type":"PropertyValueSpecification","valueRequired":true,"valueName":"search_term_string"}}],"inLanguage":"en-US"},{"@type":"Organization","@id":"https:\/\/www.mc-expatriation.com\/#organization","name":"MC Expatriation","url":"https:\/\/www.mc-expatriation.com\/","logo":{"@type":"ImageObject","inLanguage":"en-US","@id":"https:\/\/www.mc-expatriation.com\/#\/schema\/logo\/image\/","url":"https:\/\/www.mc-expatriation.com\/wp-content\/uploads\/2022\/10\/logo.svg","contentUrl":"https:\/\/www.mc-expatriation.com\/wp-content\/uploads\/2022\/10\/logo.svg","caption":"MC Expatriation"},"image":{"@id":"https:\/\/www.mc-expatriation.com\/#\/schema\/logo\/image\/"}}]}},"_links":{"self":[{"href":"https:\/\/www.mc-expatriation.com\/en\/wp-json\/wp\/v2\/pages\/3209","targetHints":{"allow":["GET"]}}],"collection":[{"href":"https:\/\/www.mc-expatriation.com\/en\/wp-json\/wp\/v2\/pages"}],"about":[{"href":"https:\/\/www.mc-expatriation.com\/en\/wp-json\/wp\/v2\/types\/page"}],"author":[{"embeddable":true,"href":"https:\/\/www.mc-expatriation.com\/en\/wp-json\/wp\/v2\/users\/1"}],"replies":[{"embeddable":true,"href":"https:\/\/www.mc-expatriation.com\/en\/wp-json\/wp\/v2\/comments?post=3209"}],"version-history":[{"count":4,"href":"https:\/\/www.mc-expatriation.com\/en\/wp-json\/wp\/v2\/pages\/3209\/revisions"}],"predecessor-version":[{"id":3214,"href":"https:\/\/www.mc-expatriation.com\/en\/wp-json\/wp\/v2\/pages\/3209\/revisions\/3214"}],"wp:featuredmedia":[{"embeddable":true,"href":"https:\/\/www.mc-expatriation.com\/en\/wp-json\/wp\/v2\/media\/1401"}],"wp:attachment":[{"href":"https:\/\/www.mc-expatriation.com\/en\/wp-json\/wp\/v2\/media?parent=3209"}],"curies":[{"name":"wp","href":"https:\/\/api.w.org\/{rel}","templated":true}]}}