{"id":4990,"date":"2022-10-27T22:18:42","date_gmt":"2022-10-27T22:18:42","guid":{"rendered":"https:\/\/www.mc-expatriation.com\/?page_id=4990"},"modified":"2024-07-09T08:09:40","modified_gmt":"2024-07-09T08:09:40","slug":"find-doctor","status":"publish","type":"page","link":"https:\/\/www.mc-expatriation.com\/en\/living-in-andorra\/health-system\/find-doctor\/","title":{"rendered":"Easily find your doctor in Andorra"},"content":{"rendered":"\n<p><strong>It is not uncommon for a doctor to stop taking on new patients. Other health professionals prefer to meet their future patients first before including them in their file. However, an expatriation project implies changing doctors in all cases. How to find a doctor in Andorra?<\/strong><\/p>\n\n\n\n<h2 class=\"wp-block-heading\">The system of \"Metge referent\" or \"m\u00e9decin r\u00e9f\u00e9rent\" as in France<\/h2>\n\n\n\n<p>The Metge referent is like what we would call a general practitioner in France. In Andorra, he is considered as a health professional that each resident will choose as general practitioner. This doctor will refer them to specialists if necessary. They work to improve the quality of care and ensure optimal medical follow-up. The care will be more personalized.<\/p>\n\n\n\n<div class=\"wp-block-media-text alignwide is-stacked-on-mobile\"><figure class=\"wp-block-media-text__media\"><img loading=\"lazy\" decoding=\"async\" width=\"1000\" height=\"667\" src=\"https:\/\/www.mc-expatriation.com\/wp-content\/uploads\/2023\/11\/choix-medecin-traitant.jpg\" alt=\"choix m\u00e9decin traitant\" class=\"wp-image-4973 size-full\" srcset=\"https:\/\/www.mc-expatriation.com\/wp-content\/uploads\/2023\/11\/choix-medecin-traitant.jpg 1000w, https:\/\/www.mc-expatriation.com\/wp-content\/uploads\/2023\/11\/choix-medecin-traitant-300x200.jpg 300w, https:\/\/www.mc-expatriation.com\/wp-content\/uploads\/2023\/11\/choix-medecin-traitant-768x512.jpg 768w, https:\/\/www.mc-expatriation.com\/wp-content\/uploads\/2023\/11\/choix-medecin-traitant-380x253.jpg 380w\" sizes=\"auto, (max-width: 1000px) 100vw, 1000px\" \/><\/figure><div class=\"wp-block-media-text__content\">\n<h2 class=\"wp-block-heading\">The choice of the attending physician according to some criteria&nbsp;<\/h2>\n\n\n\n<p>Skills and contact are the primary criteria for choosing a physician. But these are elements that can be difficult to identify without knowing the health professional. They must also be able to listen, be available and inspire confidence.&nbsp;<\/p>\n\n\n\n<p>Once you have settled in the Principality of Andorra, you can choose a doctor who is close to your home parish. This can ease your workload and avoid you having to travel far when you are already not feeling well. Geographical proximity is indeed a key consideration.<\/p>\n<\/div><\/div>\n\n\n\n<p>When choosing a doctor, especially in a new country where you don't know many people, it can be difficult to settle on a doctor. This is perfectly normal since your health and that of your family are at stake. This is a good reason to contact a Gestoria to accompany you in your first steps in Andorra.<\/p>\n","protected":false},"excerpt":{"rendered":"<p>It is not uncommon for a doctor to stop taking on new patients. Other health professionals prefer to meet their future patients first before including them in their file. However, an expatriation project implies changing doctors in all cases. How to find a doctor in Andorra? The system of &#8220;Metge referent&#8221; or &#8220;m\u00e9decin r\u00e9f\u00e9rent&#8221; as [&hellip;]<\/p>\n","protected":false},"author":1,"featured_media":4970,"parent":4948,"menu_order":0,"comment_status":"closed","ping_status":"closed","template":"niveau-3.php","meta":{"_acf_changed":false,"footnotes":""},"class_list":["post-4990","page","type-page","status-publish","has-post-thumbnail","hentry"],"acf":[],"yoast_head":"<!-- This site is optimized with the Yoast SEO Premium plugin v25.8 (Yoast SEO v27.3) - https:\/\/yoast.com\/product\/yoast-seo-premium-wordpress\/ -->\n<title>Easily find your doctor in Andorra<\/title>\n<meta name=\"robots\" content=\"index, follow, max-snippet:-1, max-image-preview:large, max-video-preview:-1\" \/>\n<link rel=\"canonical\" href=\"https:\/\/www.mc-expatriation.com\/en\/living-in-andorra\/health-system\/find-doctor\/\" \/>\n<meta property=\"og:locale\" content=\"en_US\" \/>\n<meta property=\"og:type\" content=\"article\" \/>\n<meta property=\"og:title\" content=\"Easily find your doctor in Andorra\" \/>\n<meta property=\"og:description\" content=\"It is not uncommon for a doctor to stop taking on new patients. Other health professionals prefer to meet their future patients first before including them in their file. However, an expatriation project implies changing doctors in all cases. How to find a doctor in Andorra? The system of &quot;Metge referent&quot; or &quot;m\u00e9decin r\u00e9f\u00e9rent&quot; as [&hellip;]\" \/>\n<meta property=\"og:url\" content=\"https:\/\/www.mc-expatriation.com\/en\/living-in-andorra\/health-system\/find-doctor\/\" \/>\n<meta property=\"og:site_name\" content=\"MC Expatriation\" \/>\n<meta property=\"article:modified_time\" content=\"2024-07-09T08:09:40+00:00\" \/>\n<meta property=\"og:image\" content=\"https:\/\/www.mc-expatriation.com\/wp-content\/uploads\/2023\/11\/medecin-traitant-en-Andorre.jpg\" \/>\n\t<meta property=\"og:image:width\" content=\"1200\" \/>\n\t<meta property=\"og:image:height\" content=\"800\" \/>\n\t<meta property=\"og:image:type\" content=\"image\/jpeg\" \/>\n<meta name=\"twitter:card\" content=\"summary_large_image\" \/>\n<meta name=\"twitter:label1\" content=\"Est. reading time\" \/>\n\t<meta name=\"twitter:data1\" content=\"2 minutes\" \/>\n<script type=\"application\/ld+json\" class=\"yoast-schema-graph\">{\"@context\":\"https:\\\/\\\/schema.org\",\"@graph\":[{\"@type\":\"WebPage\",\"@id\":\"https:\\\/\\\/www.mc-expatriation.com\\\/en\\\/living-in-andorra\\\/health-system\\\/find-doctor\\\/\",\"url\":\"https:\\\/\\\/www.mc-expatriation.com\\\/en\\\/living-in-andorra\\\/health-system\\\/find-doctor\\\/\",\"name\":\"Easily find your doctor in Andorra\",\"isPartOf\":{\"@id\":\"https:\\\/\\\/www.mc-expatriation.com\\\/#website\"},\"primaryImageOfPage\":{\"@id\":\"https:\\\/\\\/www.mc-expatriation.com\\\/en\\\/living-in-andorra\\\/health-system\\\/find-doctor\\\/#primaryimage\"},\"image\":{\"@id\":\"https:\\\/\\\/www.mc-expatriation.com\\\/en\\\/living-in-andorra\\\/health-system\\\/find-doctor\\\/#primaryimage\"},\"thumbnailUrl\":\"https:\\\/\\\/www.mc-expatriation.com\\\/wp-content\\\/uploads\\\/2023\\\/11\\\/medecin-traitant-en-Andorre.jpg\",\"datePublished\":\"2022-10-27T22:18:42+00:00\",\"dateModified\":\"2024-07-09T08:09:40+00:00\",\"breadcrumb\":{\"@id\":\"https:\\\/\\\/www.mc-expatriation.com\\\/en\\\/living-in-andorra\\\/health-system\\\/find-doctor\\\/#breadcrumb\"},\"inLanguage\":\"en-US\",\"potentialAction\":[{\"@type\":\"ReadAction\",\"target\":[\"https:\\\/\\\/www.mc-expatriation.com\\\/en\\\/living-in-andorra\\\/health-system\\\/find-doctor\\\/\"]}]},{\"@type\":\"ImageObject\",\"inLanguage\":\"en-US\",\"@id\":\"https:\\\/\\\/www.mc-expatriation.com\\\/en\\\/living-in-andorra\\\/health-system\\\/find-doctor\\\/#primaryimage\",\"url\":\"https:\\\/\\\/www.mc-expatriation.com\\\/wp-content\\\/uploads\\\/2023\\\/11\\\/medecin-traitant-en-Andorre.jpg\",\"contentUrl\":\"https:\\\/\\\/www.mc-expatriation.com\\\/wp-content\\\/uploads\\\/2023\\\/11\\\/medecin-traitant-en-Andorre.jpg\",\"width\":1200,\"height\":800,\"caption\":\"m\u00e9decin traitant en Andorre\"},{\"@type\":\"BreadcrumbList\",\"@id\":\"https:\\\/\\\/www.mc-expatriation.com\\\/en\\\/living-in-andorra\\\/health-system\\\/find-doctor\\\/#breadcrumb\",\"itemListElement\":[{\"@type\":\"ListItem\",\"position\":1,\"name\":\"Home\",\"item\":\"https:\\\/\\\/www.mc-expatriation.com\\\/en\\\/\"},{\"@type\":\"ListItem\",\"position\":2,\"name\":\"Living in Andorra: cost of living, immigration, security and other necessary information\",\"item\":\"https:\\\/\\\/www.mc-expatriation.com\\\/en\\\/living-in-andorra\\\/\"},{\"@type\":\"ListItem\",\"position\":3,\"name\":\"Health system in Andorra, one of the best in the world\",\"item\":\"https:\\\/\\\/www.mc-expatriation.com\\\/en\\\/living-in-andorra\\\/health-system\\\/\"},{\"@type\":\"ListItem\",\"position\":4,\"name\":\"Easily find your doctor in Andorra\"}]},{\"@type\":\"WebSite\",\"@id\":\"https:\\\/\\\/www.mc-expatriation.com\\\/#website\",\"url\":\"https:\\\/\\\/www.mc-expatriation.com\\\/\",\"name\":\"MC Expatriation\",\"description\":\"\",\"publisher\":{\"@id\":\"https:\\\/\\\/www.mc-expatriation.com\\\/#organization\"},\"potentialAction\":[{\"@type\":\"SearchAction\",\"target\":{\"@type\":\"EntryPoint\",\"urlTemplate\":\"https:\\\/\\\/www.mc-expatriation.com\\\/?s={search_term_string}\"},\"query-input\":{\"@type\":\"PropertyValueSpecification\",\"valueRequired\":true,\"valueName\":\"search_term_string\"}}],\"inLanguage\":\"en-US\"},{\"@type\":\"Organization\",\"@id\":\"https:\\\/\\\/www.mc-expatriation.com\\\/#organization\",\"name\":\"MC Expatriation\",\"url\":\"https:\\\/\\\/www.mc-expatriation.com\\\/\",\"logo\":{\"@type\":\"ImageObject\",\"inLanguage\":\"en-US\",\"@id\":\"https:\\\/\\\/www.mc-expatriation.com\\\/#\\\/schema\\\/logo\\\/image\\\/\",\"url\":\"https:\\\/\\\/www.mc-expatriation.com\\\/wp-content\\\/uploads\\\/2022\\\/10\\\/logo.svg\",\"contentUrl\":\"https:\\\/\\\/www.mc-expatriation.com\\\/wp-content\\\/uploads\\\/2022\\\/10\\\/logo.svg\",\"caption\":\"MC Expatriation\"},\"image\":{\"@id\":\"https:\\\/\\\/www.mc-expatriation.com\\\/#\\\/schema\\\/logo\\\/image\\\/\"}}]}<\/script>\n<!-- \/ Yoast SEO Premium plugin. -->","yoast_head_json":{"title":"Easily find your doctor in Andorra","robots":{"index":"index","follow":"follow","max-snippet":"max-snippet:-1","max-image-preview":"max-image-preview:large","max-video-preview":"max-video-preview:-1"},"canonical":"https:\/\/www.mc-expatriation.com\/en\/living-in-andorra\/health-system\/find-doctor\/","og_locale":"en_US","og_type":"article","og_title":"Easily find your doctor in Andorra","og_description":"It is not uncommon for a doctor to stop taking on new patients. Other health professionals prefer to meet their future patients first before including them in their file. However, an expatriation project implies changing doctors in all cases. How to find a doctor in Andorra? The system of \"Metge referent\" or \"m\u00e9decin r\u00e9f\u00e9rent\" as [&hellip;]","og_url":"https:\/\/www.mc-expatriation.com\/en\/living-in-andorra\/health-system\/find-doctor\/","og_site_name":"MC Expatriation","article_modified_time":"2024-07-09T08:09:40+00:00","og_image":[{"width":1200,"height":800,"url":"https:\/\/www.mc-expatriation.com\/wp-content\/uploads\/2023\/11\/medecin-traitant-en-Andorre.jpg","type":"image\/jpeg"}],"twitter_card":"summary_large_image","twitter_misc":{"Est. reading time":"2 minutes"},"schema":{"@context":"https:\/\/schema.org","@graph":[{"@type":"WebPage","@id":"https:\/\/www.mc-expatriation.com\/en\/living-in-andorra\/health-system\/find-doctor\/","url":"https:\/\/www.mc-expatriation.com\/en\/living-in-andorra\/health-system\/find-doctor\/","name":"Easily find your doctor in Andorra","isPartOf":{"@id":"https:\/\/www.mc-expatriation.com\/#website"},"primaryImageOfPage":{"@id":"https:\/\/www.mc-expatriation.com\/en\/living-in-andorra\/health-system\/find-doctor\/#primaryimage"},"image":{"@id":"https:\/\/www.mc-expatriation.com\/en\/living-in-andorra\/health-system\/find-doctor\/#primaryimage"},"thumbnailUrl":"https:\/\/www.mc-expatriation.com\/wp-content\/uploads\/2023\/11\/medecin-traitant-en-Andorre.jpg","datePublished":"2022-10-27T22:18:42+00:00","dateModified":"2024-07-09T08:09:40+00:00","breadcrumb":{"@id":"https:\/\/www.mc-expatriation.com\/en\/living-in-andorra\/health-system\/find-doctor\/#breadcrumb"},"inLanguage":"en-US","potentialAction":[{"@type":"ReadAction","target":["https:\/\/www.mc-expatriation.com\/en\/living-in-andorra\/health-system\/find-doctor\/"]}]},{"@type":"ImageObject","inLanguage":"en-US","@id":"https:\/\/www.mc-expatriation.com\/en\/living-in-andorra\/health-system\/find-doctor\/#primaryimage","url":"https:\/\/www.mc-expatriation.com\/wp-content\/uploads\/2023\/11\/medecin-traitant-en-Andorre.jpg","contentUrl":"https:\/\/www.mc-expatriation.com\/wp-content\/uploads\/2023\/11\/medecin-traitant-en-Andorre.jpg","width":1200,"height":800,"caption":"m\u00e9decin traitant en Andorre"},{"@type":"BreadcrumbList","@id":"https:\/\/www.mc-expatriation.com\/en\/living-in-andorra\/health-system\/find-doctor\/#breadcrumb","itemListElement":[{"@type":"ListItem","position":1,"name":"Home","item":"https:\/\/www.mc-expatriation.com\/en\/"},{"@type":"ListItem","position":2,"name":"Living in Andorra: cost of living, immigration, security and other necessary information","item":"https:\/\/www.mc-expatriation.com\/en\/living-in-andorra\/"},{"@type":"ListItem","position":3,"name":"Health system in Andorra, one of the best in the world","item":"https:\/\/www.mc-expatriation.com\/en\/living-in-andorra\/health-system\/"},{"@type":"ListItem","position":4,"name":"Easily find your doctor in Andorra"}]},{"@type":"WebSite","@id":"https:\/\/www.mc-expatriation.com\/#website","url":"https:\/\/www.mc-expatriation.com\/","name":"MC Expatriation","description":"","publisher":{"@id":"https:\/\/www.mc-expatriation.com\/#organization"},"potentialAction":[{"@type":"SearchAction","target":{"@type":"EntryPoint","urlTemplate":"https:\/\/www.mc-expatriation.com\/?s={search_term_string}"},"query-input":{"@type":"PropertyValueSpecification","valueRequired":true,"valueName":"search_term_string"}}],"inLanguage":"en-US"},{"@type":"Organization","@id":"https:\/\/www.mc-expatriation.com\/#organization","name":"MC Expatriation","url":"https:\/\/www.mc-expatriation.com\/","logo":{"@type":"ImageObject","inLanguage":"en-US","@id":"https:\/\/www.mc-expatriation.com\/#\/schema\/logo\/image\/","url":"https:\/\/www.mc-expatriation.com\/wp-content\/uploads\/2022\/10\/logo.svg","contentUrl":"https:\/\/www.mc-expatriation.com\/wp-content\/uploads\/2022\/10\/logo.svg","caption":"MC Expatriation"},"image":{"@id":"https:\/\/www.mc-expatriation.com\/#\/schema\/logo\/image\/"}}]}},"_links":{"self":[{"href":"https:\/\/www.mc-expatriation.com\/en\/wp-json\/wp\/v2\/pages\/4990","targetHints":{"allow":["GET"]}}],"collection":[{"href":"https:\/\/www.mc-expatriation.com\/en\/wp-json\/wp\/v2\/pages"}],"about":[{"href":"https:\/\/www.mc-expatriation.com\/en\/wp-json\/wp\/v2\/types\/page"}],"author":[{"embeddable":true,"href":"https:\/\/www.mc-expatriation.com\/en\/wp-json\/wp\/v2\/users\/1"}],"replies":[{"embeddable":true,"href":"https:\/\/www.mc-expatriation.com\/en\/wp-json\/wp\/v2\/comments?post=4990"}],"version-history":[{"count":5,"href":"https:\/\/www.mc-expatriation.com\/en\/wp-json\/wp\/v2\/pages\/4990\/revisions"}],"predecessor-version":[{"id":4995,"href":"https:\/\/www.mc-expatriation.com\/en\/wp-json\/wp\/v2\/pages\/4990\/revisions\/4995"}],"up":[{"embeddable":true,"href":"https:\/\/www.mc-expatriation.com\/en\/wp-json\/wp\/v2\/pages\/4948"}],"wp:featuredmedia":[{"embeddable":true,"href":"https:\/\/www.mc-expatriation.com\/en\/wp-json\/wp\/v2\/media\/4970"}],"wp:attachment":[{"href":"https:\/\/www.mc-expatriation.com\/en\/wp-json\/wp\/v2\/media?parent=4990"}],"curies":[{"name":"wp","href":"https:\/\/api.w.org\/{rel}","templated":true}]}}