{"id":1635,"date":"2022-10-27T21:59:35","date_gmt":"2022-10-27T21:59:35","guid":{"rendered":"http:\/\/mcexpat.devmc.xyz\/fiscalite-andorre\/"},"modified":"2022-12-17T15:00:37","modified_gmt":"2022-12-17T15:00:37","slug":"los-impuestos-en-andorra","status":"publish","type":"page","link":"https:\/\/www.mc-expatriation.com\/es\/los-impuestos-en-andorra\/","title":{"rendered":"Los impuestos en Andorra"},"content":{"rendered":"\n<p><strong>Andorra es un pa\u00eds situado en los Pirineos que tiene el tipo impositivo m\u00e1s bajo de toda Europa. Est\u00e1 situado entre Francia y Espa\u00f1a. Expatriarse al Principado ofrece muchas ventajas, como por ejemplo un coste de vida asequible. Es uno de los pocos pa\u00edses que no parece verse afectado por la inflaci\u00f3n en la zona de la OCDE.<\/strong><\/p>\n\n\n\n<p><strong>La fiscalidad en Andorra est\u00e1 considerada como la m\u00e1s favorable de Europa. El tipo impositivo andorrano para las personas f\u00edsicas es como m\u00e1ximo del 10% sobre los ingresos. Recientemente, el Estado y el gobierno andorrano han adoptado un nuevo convenio para proteger mejor a los residentes.&nbsp;Este impuesto baja a cero para las rentas anuales que no lleguen a los 24.000 euros.<\/strong><\/p>\n\n\n\n<p><strong>Conozcamos el impuesto sobre la renta y la fiscalidad de Andorra y las medidas adoptadas por el gobierno del Principado.&nbsp;<\/strong><\/p>\n","protected":false},"excerpt":{"rendered":"<p>Andorra es un pa\u00eds situado en los Pirineos que tiene el tipo impositivo m\u00e1s bajo de toda Europa. Est\u00e1 situado entre Francia y Espa\u00f1a. Expatriarse al Principado ofrece muchas ventajas, como por ejemplo un coste de vida asequible. Es uno de los pocos pa\u00edses que no parece verse afectado por la inflaci\u00f3n en la zona [&hellip;]<\/p>\n","protected":false},"author":1,"featured_media":1637,"parent":0,"menu_order":0,"comment_status":"closed","ping_status":"closed","template":"niveau-1.php","meta":{"_acf_changed":false,"footnotes":""},"class_list":["post-1635","page","type-page","status-publish","has-post-thumbnail","hentry"],"acf":[],"yoast_head":"<!-- This site is optimized with the Yoast SEO Premium plugin v25.8 (Yoast SEO v27.3) - https:\/\/yoast.com\/product\/yoast-seo-premium-wordpress\/ -->\n<title>Los impuestos en Andorra<\/title>\n<meta name=\"description\" content=\"La fiscalidad en Andorra est\u00e1 considerada como la m\u00e1s favorable de Europa. El tipo impositivo andorrano para las personas f\u00edsicas es como m\u00e1ximo del 10% sobre los ingresos. Recientemente, el Estado y el gobierno andorrano han adoptado un nuevo convenio para proteger mejor a los residentes. Este impuesto baja a cero para las rentas anuales que no lleguen a los 24.000 euros.\" \/>\n<meta name=\"robots\" content=\"index, follow, max-snippet:-1, max-image-preview:large, max-video-preview:-1\" \/>\n<link rel=\"canonical\" href=\"https:\/\/www.mc-expatriation.com\/es\/los-impuestos-en-andorra\/\" \/>\n<meta property=\"og:locale\" content=\"es_ES\" \/>\n<meta property=\"og:type\" content=\"article\" \/>\n<meta property=\"og:title\" content=\"Los impuestos en Andorra\" \/>\n<meta property=\"og:description\" content=\"La fiscalidad en Andorra est\u00e1 considerada como la m\u00e1s favorable de Europa. El tipo impositivo andorrano para las personas f\u00edsicas es como m\u00e1ximo del 10% sobre los ingresos. Recientemente, el Estado y el gobierno andorrano han adoptado un nuevo convenio para proteger mejor a los residentes. Este impuesto baja a cero para las rentas anuales que no lleguen a los 24.000 euros.\" \/>\n<meta property=\"og:url\" content=\"https:\/\/www.mc-expatriation.com\/es\/los-impuestos-en-andorra\/\" \/>\n<meta property=\"og:site_name\" content=\"MC Expatriation\" \/>\n<meta property=\"article:modified_time\" content=\"2022-12-17T15:00:37+00:00\" \/>\n<meta property=\"og:image\" content=\"https:\/\/www.mc-expatriation.com\/wp-content\/uploads\/2022\/11\/fiscalite-andorre.jpg\" \/>\n\t<meta property=\"og:image:width\" content=\"1000\" \/>\n\t<meta property=\"og:image:height\" content=\"292\" \/>\n\t<meta property=\"og:image:type\" content=\"image\/jpeg\" \/>\n<meta name=\"twitter:card\" content=\"summary_large_image\" \/>\n<meta name=\"twitter:label1\" content=\"Tiempo de lectura\" \/>\n\t<meta name=\"twitter:data1\" content=\"1 minuto\" \/>\n<script type=\"application\/ld+json\" class=\"yoast-schema-graph\">{\"@context\":\"https:\\\/\\\/schema.org\",\"@graph\":[{\"@type\":\"WebPage\",\"@id\":\"https:\\\/\\\/www.mc-expatriation.com\\\/es\\\/los-impuestos-en-andorra\\\/\",\"url\":\"https:\\\/\\\/www.mc-expatriation.com\\\/es\\\/los-impuestos-en-andorra\\\/\",\"name\":\"Los impuestos en Andorra\",\"isPartOf\":{\"@id\":\"https:\\\/\\\/www.mc-expatriation.com\\\/#website\"},\"primaryImageOfPage\":{\"@id\":\"https:\\\/\\\/www.mc-expatriation.com\\\/es\\\/los-impuestos-en-andorra\\\/#primaryimage\"},\"image\":{\"@id\":\"https:\\\/\\\/www.mc-expatriation.com\\\/es\\\/los-impuestos-en-andorra\\\/#primaryimage\"},\"thumbnailUrl\":\"https:\\\/\\\/www.mc-expatriation.com\\\/wp-content\\\/uploads\\\/2022\\\/11\\\/fiscalite-andorre.jpg\",\"datePublished\":\"2022-10-27T21:59:35+00:00\",\"dateModified\":\"2022-12-17T15:00:37+00:00\",\"description\":\"La fiscalidad en Andorra est\u00e1 considerada como la m\u00e1s favorable de Europa. El tipo impositivo andorrano para las personas f\u00edsicas es como m\u00e1ximo del 10% sobre los ingresos. Recientemente, el Estado y el gobierno andorrano han adoptado un nuevo convenio para proteger mejor a los residentes. Este impuesto baja a cero para las rentas anuales que no lleguen a los 24.000 euros.\",\"breadcrumb\":{\"@id\":\"https:\\\/\\\/www.mc-expatriation.com\\\/es\\\/los-impuestos-en-andorra\\\/#breadcrumb\"},\"inLanguage\":\"es\",\"potentialAction\":[{\"@type\":\"ReadAction\",\"target\":[\"https:\\\/\\\/www.mc-expatriation.com\\\/es\\\/los-impuestos-en-andorra\\\/\"]}]},{\"@type\":\"ImageObject\",\"inLanguage\":\"es\",\"@id\":\"https:\\\/\\\/www.mc-expatriation.com\\\/es\\\/los-impuestos-en-andorra\\\/#primaryimage\",\"url\":\"https:\\\/\\\/www.mc-expatriation.com\\\/wp-content\\\/uploads\\\/2022\\\/11\\\/fiscalite-andorre.jpg\",\"contentUrl\":\"https:\\\/\\\/www.mc-expatriation.com\\\/wp-content\\\/uploads\\\/2022\\\/11\\\/fiscalite-andorre.jpg\",\"width\":1000,\"height\":292,\"caption\":\"fiscalit\u00e9 andorre\"},{\"@type\":\"BreadcrumbList\",\"@id\":\"https:\\\/\\\/www.mc-expatriation.com\\\/es\\\/los-impuestos-en-andorra\\\/#breadcrumb\",\"itemListElement\":[{\"@type\":\"ListItem\",\"position\":1,\"name\":\"Home\",\"item\":\"https:\\\/\\\/www.mc-expatriation.com\\\/es\\\/\"},{\"@type\":\"ListItem\",\"position\":2,\"name\":\"Los impuestos en Andorra\"}]},{\"@type\":\"WebSite\",\"@id\":\"https:\\\/\\\/www.mc-expatriation.com\\\/#website\",\"url\":\"https:\\\/\\\/www.mc-expatriation.com\\\/\",\"name\":\"MC Expatriation\",\"description\":\"\",\"publisher\":{\"@id\":\"https:\\\/\\\/www.mc-expatriation.com\\\/#organization\"},\"potentialAction\":[{\"@type\":\"SearchAction\",\"target\":{\"@type\":\"EntryPoint\",\"urlTemplate\":\"https:\\\/\\\/www.mc-expatriation.com\\\/?s={search_term_string}\"},\"query-input\":{\"@type\":\"PropertyValueSpecification\",\"valueRequired\":true,\"valueName\":\"search_term_string\"}}],\"inLanguage\":\"es\"},{\"@type\":\"Organization\",\"@id\":\"https:\\\/\\\/www.mc-expatriation.com\\\/#organization\",\"name\":\"MC Expatriation\",\"url\":\"https:\\\/\\\/www.mc-expatriation.com\\\/\",\"logo\":{\"@type\":\"ImageObject\",\"inLanguage\":\"es\",\"@id\":\"https:\\\/\\\/www.mc-expatriation.com\\\/#\\\/schema\\\/logo\\\/image\\\/\",\"url\":\"https:\\\/\\\/www.mc-expatriation.com\\\/wp-content\\\/uploads\\\/2022\\\/10\\\/logo.svg\",\"contentUrl\":\"https:\\\/\\\/www.mc-expatriation.com\\\/wp-content\\\/uploads\\\/2022\\\/10\\\/logo.svg\",\"caption\":\"MC Expatriation\"},\"image\":{\"@id\":\"https:\\\/\\\/www.mc-expatriation.com\\\/#\\\/schema\\\/logo\\\/image\\\/\"}}]}<\/script>\n<!-- \/ Yoast SEO Premium plugin. -->","yoast_head_json":{"title":"Los impuestos en Andorra","description":"La fiscalidad en Andorra est\u00e1 considerada como la m\u00e1s favorable de Europa. El tipo impositivo andorrano para las personas f\u00edsicas es como m\u00e1ximo del 10% sobre los ingresos. Recientemente, el Estado y el gobierno andorrano han adoptado un nuevo convenio para proteger mejor a los residentes. Este impuesto baja a cero para las rentas anuales que no lleguen a los 24.000 euros.","robots":{"index":"index","follow":"follow","max-snippet":"max-snippet:-1","max-image-preview":"max-image-preview:large","max-video-preview":"max-video-preview:-1"},"canonical":"https:\/\/www.mc-expatriation.com\/es\/los-impuestos-en-andorra\/","og_locale":"es_ES","og_type":"article","og_title":"Los impuestos en Andorra","og_description":"La fiscalidad en Andorra est\u00e1 considerada como la m\u00e1s favorable de Europa. El tipo impositivo andorrano para las personas f\u00edsicas es como m\u00e1ximo del 10% sobre los ingresos. Recientemente, el Estado y el gobierno andorrano han adoptado un nuevo convenio para proteger mejor a los residentes. Este impuesto baja a cero para las rentas anuales que no lleguen a los 24.000 euros.","og_url":"https:\/\/www.mc-expatriation.com\/es\/los-impuestos-en-andorra\/","og_site_name":"MC Expatriation","article_modified_time":"2022-12-17T15:00:37+00:00","og_image":[{"width":1000,"height":292,"url":"https:\/\/www.mc-expatriation.com\/wp-content\/uploads\/2022\/11\/fiscalite-andorre.jpg","type":"image\/jpeg"}],"twitter_card":"summary_large_image","twitter_misc":{"Tiempo de lectura":"1 minuto"},"schema":{"@context":"https:\/\/schema.org","@graph":[{"@type":"WebPage","@id":"https:\/\/www.mc-expatriation.com\/es\/los-impuestos-en-andorra\/","url":"https:\/\/www.mc-expatriation.com\/es\/los-impuestos-en-andorra\/","name":"Los impuestos en Andorra","isPartOf":{"@id":"https:\/\/www.mc-expatriation.com\/#website"},"primaryImageOfPage":{"@id":"https:\/\/www.mc-expatriation.com\/es\/los-impuestos-en-andorra\/#primaryimage"},"image":{"@id":"https:\/\/www.mc-expatriation.com\/es\/los-impuestos-en-andorra\/#primaryimage"},"thumbnailUrl":"https:\/\/www.mc-expatriation.com\/wp-content\/uploads\/2022\/11\/fiscalite-andorre.jpg","datePublished":"2022-10-27T21:59:35+00:00","dateModified":"2022-12-17T15:00:37+00:00","description":"La fiscalidad en Andorra est\u00e1 considerada como la m\u00e1s favorable de Europa. El tipo impositivo andorrano para las personas f\u00edsicas es como m\u00e1ximo del 10% sobre los ingresos. Recientemente, el Estado y el gobierno andorrano han adoptado un nuevo convenio para proteger mejor a los residentes. Este impuesto baja a cero para las rentas anuales que no lleguen a los 24.000 euros.","breadcrumb":{"@id":"https:\/\/www.mc-expatriation.com\/es\/los-impuestos-en-andorra\/#breadcrumb"},"inLanguage":"es","potentialAction":[{"@type":"ReadAction","target":["https:\/\/www.mc-expatriation.com\/es\/los-impuestos-en-andorra\/"]}]},{"@type":"ImageObject","inLanguage":"es","@id":"https:\/\/www.mc-expatriation.com\/es\/los-impuestos-en-andorra\/#primaryimage","url":"https:\/\/www.mc-expatriation.com\/wp-content\/uploads\/2022\/11\/fiscalite-andorre.jpg","contentUrl":"https:\/\/www.mc-expatriation.com\/wp-content\/uploads\/2022\/11\/fiscalite-andorre.jpg","width":1000,"height":292,"caption":"fiscalit\u00e9 andorre"},{"@type":"BreadcrumbList","@id":"https:\/\/www.mc-expatriation.com\/es\/los-impuestos-en-andorra\/#breadcrumb","itemListElement":[{"@type":"ListItem","position":1,"name":"Home","item":"https:\/\/www.mc-expatriation.com\/es\/"},{"@type":"ListItem","position":2,"name":"Los impuestos en Andorra"}]},{"@type":"WebSite","@id":"https:\/\/www.mc-expatriation.com\/#website","url":"https:\/\/www.mc-expatriation.com\/","name":"MC Expatriation","description":"","publisher":{"@id":"https:\/\/www.mc-expatriation.com\/#organization"},"potentialAction":[{"@type":"SearchAction","target":{"@type":"EntryPoint","urlTemplate":"https:\/\/www.mc-expatriation.com\/?s={search_term_string}"},"query-input":{"@type":"PropertyValueSpecification","valueRequired":true,"valueName":"search_term_string"}}],"inLanguage":"es"},{"@type":"Organization","@id":"https:\/\/www.mc-expatriation.com\/#organization","name":"MC Expatriation","url":"https:\/\/www.mc-expatriation.com\/","logo":{"@type":"ImageObject","inLanguage":"es","@id":"https:\/\/www.mc-expatriation.com\/#\/schema\/logo\/image\/","url":"https:\/\/www.mc-expatriation.com\/wp-content\/uploads\/2022\/10\/logo.svg","contentUrl":"https:\/\/www.mc-expatriation.com\/wp-content\/uploads\/2022\/10\/logo.svg","caption":"MC Expatriation"},"image":{"@id":"https:\/\/www.mc-expatriation.com\/#\/schema\/logo\/image\/"}}]}},"_links":{"self":[{"href":"https:\/\/www.mc-expatriation.com\/es\/wp-json\/wp\/v2\/pages\/1635","targetHints":{"allow":["GET"]}}],"collection":[{"href":"https:\/\/www.mc-expatriation.com\/es\/wp-json\/wp\/v2\/pages"}],"about":[{"href":"https:\/\/www.mc-expatriation.com\/es\/wp-json\/wp\/v2\/types\/page"}],"author":[{"embeddable":true,"href":"https:\/\/www.mc-expatriation.com\/es\/wp-json\/wp\/v2\/users\/1"}],"replies":[{"embeddable":true,"href":"https:\/\/www.mc-expatriation.com\/es\/wp-json\/wp\/v2\/comments?post=1635"}],"version-history":[{"count":18,"href":"https:\/\/www.mc-expatriation.com\/es\/wp-json\/wp\/v2\/pages\/1635\/revisions"}],"predecessor-version":[{"id":2337,"href":"https:\/\/www.mc-expatriation.com\/es\/wp-json\/wp\/v2\/pages\/1635\/revisions\/2337"}],"wp:featuredmedia":[{"embeddable":true,"href":"https:\/\/www.mc-expatriation.com\/es\/wp-json\/wp\/v2\/media\/1637"}],"wp:attachment":[{"href":"https:\/\/www.mc-expatriation.com\/es\/wp-json\/wp\/v2\/media?parent=1635"}],"curies":[{"name":"wp","href":"https:\/\/api.w.org\/{rel}","templated":true}]}}