{"id":1689,"date":"2022-11-03T07:54:10","date_gmt":"2022-11-03T07:54:10","guid":{"rendered":"http:\/\/mcexpat.devmc.xyz\/los-impuestos-en-andorra\/impuestos\/is\/"},"modified":"2022-12-18T07:54:01","modified_gmt":"2022-12-18T07:54:01","slug":"is","status":"publish","type":"page","link":"https:\/\/www.mc-expatriation.com\/es\/los-impuestos-en-andorra\/impuestos\/is\/","title":{"rendered":"Fiscalidad &#8211; Impuestos &#8211; IS"},"content":{"rendered":"\n<p><strong>El Principado de Andorra destaca entre todos los pa\u00edses europeos por su baj\u00edsima fiscalidad. Todas las empresas andorranas disfrutan de un sistema fiscal especialmente ventajoso. Situada entre Francia y Espa\u00f1a, Andorra no forma parte de la zona euro. Aun as\u00ed, mantiene una estrecha cooperaci\u00f3n con la Uni\u00f3n Europea. Adem\u00e1s, su gobierno se esfuerza constantemente por atraer a los inversores extranjeros. Esto se consigue, entre otras cosas, mediante convenios de doble imposici\u00f3n.<\/strong><\/p>\n\n\n\n<p><strong>Entre los tipos de impuestos de este pa\u00eds, se encuentra el impuesto sobre la renta de las personas f\u00edsicas o IRPF. Se aplica a los ingresos de las personas f\u00edsicas y no afecta a las personas jur\u00eddicas (empresas). Tambi\u00e9n existen el impuesto indirecto general o IGI, y los impuestos comunal y gubernamental. El IS o impuesto de sociedades es lo que m\u00e1s nos interesa. En estas l\u00edneas profundizaremos en la fiscalidad de las empresas andorranas.<\/strong><\/p>\n\n\n\n<h2 class=\"wp-block-heading\">Creaci\u00f3n de una empresa en Andorra e imposici\u00f3n<\/h2>\n\n\n\n<p>Crear una empresa en Andorra es una excelente inversi\u00f3n, no solo debido al r\u00e9gimen fiscal del pa\u00eds, sino tambi\u00e9n por su marco social, econ\u00f3mico y medioambiental. Su legislaci\u00f3n y su econom\u00eda siguen son muy favorables para la creaci\u00f3n de una sociedad offshore, sean cuales sean sus actividades. Lo \u00fanico que tiene que hacer es solicitar el estatuto de residencia andorrano y cumplir algunos requisitos.<\/p>\n\n\n\n<h3 class=\"wp-block-heading\">El impuesto de sociedades en Andorra<\/h3>\n\n\n\n<p>En el Principado, el impuesto de sociedades grava los ingresos de las personas jur\u00eddicas. Es aplicable desde el momento en que la empresa se establece en el territorio de Andorra.<\/p>\n\n\n\n<h3 class=\"wp-block-heading\">\u00bfA qui\u00e9n afecta el IS ?<\/h3>\n\n\n\n<p>Al igual que el impuesto sobre las personas f\u00edsicas se aplica a los residentes andorranos, las personas jur\u00eddicas sujetas al impuesto son aquellas que tienen residencia fiscal andorrana. La constituci\u00f3n del impuesto de sociedades se ajusta a la legislaci\u00f3n vigente en el pa\u00eds.<\/p>\n\n\n\n<p>Las entidades de inversi\u00f3n colectiva incluidas en el \u00e1mbito de aplicaci\u00f3n de la Ley 10\/2008, de 12 de junio, tambi\u00e9n est\u00e1n sujetas al impuesto. Igualmente, se aplica a los establecimientos p\u00fablicos, semip\u00fablicos y de derecho p\u00fablico.<\/p>\n\n\n\n<p>Para ser residentes fiscales en Andorra, las empresas deben cumplir determinados requisitos:<\/p>\n\n\n\n<ul class=\"wp-block-list\">\n<li>Haber sido creadas ante la legislaci\u00f3n andorrana relativa a la creaci\u00f3n de empresas;<\/li>\n\n\n\n<li>Tener una oficina en el Principado;<\/li>\n\n\n\n<li>Dotarse de una direcci\u00f3n efectiva en territorio andorrano.<\/li>\n<\/ul>\n\n\n\n<div class=\"wp-block-media-text alignwide has-media-on-the-right is-stacked-on-mobile\"><div class=\"wp-block-media-text__content\">\n<h2 class=\"wp-block-heading\">El impuesto de sociedades en Andorra<\/h2>\n\n\n\n<p>La situaci\u00f3n fiscal de las empresas andorranas es especialmente favorable para su desarrollo. De ah\u00ed que los inversores piensen en crear empresas en el Principado. Aunque no forma parte de la Uni\u00f3n Europea, el euro es la moneda oficial de Andorra.<\/p>\n\n\n\n<p>La fiscalidad fue casi inexistente en Andorra durante mucho tiempo. Solo hab\u00eda impuestos directos. No obstante, para ajustarse en mayor medida a las exigencias de la OCDE (Organizaci\u00f3n para la Cooperaci\u00f3n y el Desarrollo Econ\u00f3mico) y respetar mejor los derechos de los contribuyentes, su gobierno ha empezado a firmar convenios.<\/p>\n<\/div><figure class=\"wp-block-media-text__media\"><img loading=\"lazy\" decoding=\"async\" width=\"1000\" height=\"667\" src=\"https:\/\/www.mc-expatriation.com\/wp-content\/uploads\/2022\/11\/situation-fiscale-des-entreprise.jpg\" alt=\"situation fiscale des entreprise\" class=\"wp-image-1305 size-full\" srcset=\"https:\/\/www.mc-expatriation.com\/wp-content\/uploads\/2022\/11\/situation-fiscale-des-entreprise.jpg 1000w, https:\/\/www.mc-expatriation.com\/wp-content\/uploads\/2022\/11\/situation-fiscale-des-entreprise-300x200.jpg 300w, https:\/\/www.mc-expatriation.com\/wp-content\/uploads\/2022\/11\/situation-fiscale-des-entreprise-768x512.jpg 768w, https:\/\/www.mc-expatriation.com\/wp-content\/uploads\/2022\/11\/situation-fiscale-des-entreprise-380x253.jpg 380w\" sizes=\"auto, (max-width: 1000px) 100vw, 1000px\" \/><\/figure><\/div>\n\n\n\n<p>En el caso del impuesto de sociedades, que entr\u00f3 en vigor en Andorra en 2012, el tipo m\u00e1ximo de esta tasa no supera el 10%. Se calcula en base a los beneficios obtenidos por estas empresas. Aun as\u00ed, hay casos de exenci\u00f3n fiscal para determinadas empresas, como las sociedades de cartera que poseen acciones en otras empresas fuera de Andorra.<\/p>\n\n\n\n<h3 class=\"wp-block-heading\">Algunos conceptos de la fiscalidad andorrana a tener en cuenta<\/h3>\n\n\n\n<p>Avant de nous pencher davantage sur l\u2019IS ou l\u2019imp\u00f4t sur les soci\u00e9t\u00e9s andorranes, il serait tout juste de rappeler les grands points de son syst\u00e8me d\u2019imposition. Voici parmi les d\u00e9tails que vous devez retenir&nbsp;:<\/p>\n\n\n\n<ul class=\"wp-block-list\">\n<li>Antes de entrar en m\u00e1s detalles sobre el IS o impuesto de sociedades andorrano, es oportuno&nbsp;recordar los principales puntos de su sistema fiscal. Estos son algunos de los detalles que hay que recordar: Los tipos impositivos oscilan entre el 2 y el 10% como m\u00e1ximo, tanto para personas f\u00edsicas como para personas jur\u00eddicas o empresas,<\/li>\n\n\n\n<li>No hay ning\u00fan impuesto sobre el patrimonio o los dividendos,<\/li>\n\n\n\n<li>Las cotizaciones a la seguridad social son relativamente bajas,<\/li>\n\n\n\n<li>El tipo del IGI, el equivalente al IVA espa\u00f1ol es solo del 4,5%. Es uno de los m\u00e1s bajos de Europa,<\/li>\n\n\n\n<li>No hay impuestos sobre los coches de empresa,<\/li>\n\n\n\n<li>Tampoco hay impuesto&nbsp;de sucesiones.<\/li>\n<\/ul>\n\n\n\n<h3 class=\"wp-block-heading\">El tipo impositivo en funci\u00f3n del tipo de empresa<\/h3>\n\n\n\n<p>En Andorra el tipo m\u00e1ximo del IS es del 10% de los beneficios. Para hacerse una idea de la ventaja fiscal que esto supone, recordemos que, en Francia, por poner un ejemplo, este tipo es del 25%. En Andorra el impuesto var\u00eda entre el 2% y el tope de\u00b410%l. El tipo de empresa es uno de los elementos que pueden influir en este porcentaje.<\/p>\n\n\n\n<p>En el caso de las empresas con vocaci\u00f3n internacional, entre otras, el tipo impositivo es de un m\u00e1ximo del 2% sobre los beneficios. Lo mismo ocurre con las sociedades de gesti\u00f3n y las especializadas en inversiones financieras intragrupo. Cabe recordar que para poder establecerse con estos estatutos, las empresas deben elegir la residencia en Andorra.<\/p>\n\n\n\n<p>Para las sociedades gestoras de SICAV y las sociedades de cartera (holdings) de empresas extranjeras, el tipo impositivo es del 0%.<\/p>\n\n\n\n<h2 class=\"wp-block-heading\">El impuesto general indirecto o IGI<\/h2>\n\n\n\n<p>El impuesto indirecto general o IGI afecta a las empresas que ejercen actividades comerciales en el Principado. Constituye la totalidad de los impuestos indirectos en Andorra. Es asimilable al IVA espa\u00f1ol y se aplica al consumo de bienes y servicios en el pa\u00eds.<\/p>\n\n\n\n<h3 class=\"wp-block-heading\">Nuevas medidas adoptadas desde 2012<\/h3>\n\n\n\n<p>Adoptado en 2012 para mejorar las normas fiscales establecidas desde 2006, el IGI adopta un sistema m\u00e1s flexible. Las autoridades pretenden flexibilizar la legislaci\u00f3n fiscal vigente en Andorra, tanto para las personas f\u00edsicas como para las jur\u00eddicas. Tambi\u00e9n se ha mejorado el marco de la fiscalidad indirecta en relaci\u00f3n con los servicios comerciales y profesionales, la producci\u00f3n nacional, las diferentes actividades comerciales y otras.<\/p>\n","protected":false},"excerpt":{"rendered":"<p>El Principado de Andorra destaca entre todos los pa\u00edses europeos por su baj\u00edsima fiscalidad. Todas las empresas andorranas disfrutan de un sistema fiscal especialmente ventajoso. Situada entre Francia y Espa\u00f1a, Andorra no forma parte de la zona euro. Aun as\u00ed, mantiene una estrecha cooperaci\u00f3n con la Uni\u00f3n Europea. Adem\u00e1s, su gobierno se esfuerza constantemente por [&hellip;]<\/p>\n","protected":false},"author":1,"featured_media":2282,"parent":1664,"menu_order":0,"comment_status":"closed","ping_status":"closed","template":"niveau-3.php","meta":{"_acf_changed":false,"footnotes":""},"class_list":["post-1689","page","type-page","status-publish","has-post-thumbnail","hentry"],"acf":[],"yoast_head":"<!-- This site is optimized with the Yoast SEO Premium plugin v25.8 (Yoast SEO v27.3) - https:\/\/yoast.com\/product\/yoast-seo-premium-wordpress\/ -->\n<title>Fiscalidad - Impuestos - IS<\/title>\n<meta name=\"description\" content=\"Entre los tipos de impuestos de este pa\u00eds, se encuentra el impuesto sobre la renta de las personas f\u00edsicas o IRPF. Se aplica a los ingresos de las personas f\u00edsicas y no afecta a las personas jur\u00eddicas (empresas). Tambi\u00e9n existen el impuesto indirecto general o IGI, y los impuestos comunal y gubernamental. El IS o impuesto de sociedades es lo que m\u00e1s nos interesa. En estas l\u00edneas profundizaremos en la fiscalidad de las empresas andorranas\" \/>\n<meta name=\"robots\" content=\"index, follow, max-snippet:-1, max-image-preview:large, max-video-preview:-1\" \/>\n<link rel=\"canonical\" href=\"https:\/\/www.mc-expatriation.com\/es\/los-impuestos-en-andorra\/impuestos\/is\/\" \/>\n<meta property=\"og:locale\" content=\"es_ES\" \/>\n<meta property=\"og:type\" content=\"article\" \/>\n<meta property=\"og:title\" content=\"Fiscalidad - Impuestos - IS\" \/>\n<meta property=\"og:description\" content=\"Entre los tipos de impuestos de este pa\u00eds, se encuentra el impuesto sobre la renta de las personas f\u00edsicas o IRPF. Se aplica a los ingresos de las personas f\u00edsicas y no afecta a las personas jur\u00eddicas (empresas). Tambi\u00e9n existen el impuesto indirecto general o IGI, y los impuestos comunal y gubernamental. El IS o impuesto de sociedades es lo que m\u00e1s nos interesa. En estas l\u00edneas profundizaremos en la fiscalidad de las empresas andorranas\" \/>\n<meta property=\"og:url\" content=\"https:\/\/www.mc-expatriation.com\/es\/los-impuestos-en-andorra\/impuestos\/is\/\" \/>\n<meta property=\"og:site_name\" content=\"MC Expatriation\" \/>\n<meta property=\"article:modified_time\" content=\"2022-12-18T07:54:01+00:00\" \/>\n<meta property=\"og:image\" content=\"https:\/\/www.mc-expatriation.com\/wp-content\/uploads\/2022\/12\/fiscalite-IS.jpg\" \/>\n\t<meta property=\"og:image:width\" content=\"1200\" \/>\n\t<meta property=\"og:image:height\" content=\"800\" \/>\n\t<meta property=\"og:image:type\" content=\"image\/jpeg\" \/>\n<meta name=\"twitter:card\" content=\"summary_large_image\" \/>\n<meta name=\"twitter:label1\" content=\"Tiempo de lectura\" \/>\n\t<meta name=\"twitter:data1\" content=\"6 minutos\" \/>\n<script type=\"application\/ld+json\" class=\"yoast-schema-graph\">{\"@context\":\"https:\\\/\\\/schema.org\",\"@graph\":[{\"@type\":\"WebPage\",\"@id\":\"https:\\\/\\\/www.mc-expatriation.com\\\/es\\\/los-impuestos-en-andorra\\\/impuestos\\\/is\\\/\",\"url\":\"https:\\\/\\\/www.mc-expatriation.com\\\/es\\\/los-impuestos-en-andorra\\\/impuestos\\\/is\\\/\",\"name\":\"Fiscalidad - Impuestos - IS\",\"isPartOf\":{\"@id\":\"https:\\\/\\\/www.mc-expatriation.com\\\/#website\"},\"primaryImageOfPage\":{\"@id\":\"https:\\\/\\\/www.mc-expatriation.com\\\/es\\\/los-impuestos-en-andorra\\\/impuestos\\\/is\\\/#primaryimage\"},\"image\":{\"@id\":\"https:\\\/\\\/www.mc-expatriation.com\\\/es\\\/los-impuestos-en-andorra\\\/impuestos\\\/is\\\/#primaryimage\"},\"thumbnailUrl\":\"https:\\\/\\\/www.mc-expatriation.com\\\/wp-content\\\/uploads\\\/2022\\\/12\\\/fiscalite-IS.jpg\",\"datePublished\":\"2022-11-03T07:54:10+00:00\",\"dateModified\":\"2022-12-18T07:54:01+00:00\",\"description\":\"Entre los tipos de impuestos de este pa\u00eds, se encuentra el impuesto sobre la renta de las personas f\u00edsicas o IRPF. Se aplica a los ingresos de las personas f\u00edsicas y no afecta a las personas jur\u00eddicas (empresas). Tambi\u00e9n existen el impuesto indirecto general o IGI, y los impuestos comunal y gubernamental. El IS o impuesto de sociedades es lo que m\u00e1s nos interesa. En estas l\u00edneas profundizaremos en la fiscalidad de las empresas andorranas\",\"breadcrumb\":{\"@id\":\"https:\\\/\\\/www.mc-expatriation.com\\\/es\\\/los-impuestos-en-andorra\\\/impuestos\\\/is\\\/#breadcrumb\"},\"inLanguage\":\"es\",\"potentialAction\":[{\"@type\":\"ReadAction\",\"target\":[\"https:\\\/\\\/www.mc-expatriation.com\\\/es\\\/los-impuestos-en-andorra\\\/impuestos\\\/is\\\/\"]}]},{\"@type\":\"ImageObject\",\"inLanguage\":\"es\",\"@id\":\"https:\\\/\\\/www.mc-expatriation.com\\\/es\\\/los-impuestos-en-andorra\\\/impuestos\\\/is\\\/#primaryimage\",\"url\":\"https:\\\/\\\/www.mc-expatriation.com\\\/wp-content\\\/uploads\\\/2022\\\/12\\\/fiscalite-IS.jpg\",\"contentUrl\":\"https:\\\/\\\/www.mc-expatriation.com\\\/wp-content\\\/uploads\\\/2022\\\/12\\\/fiscalite-IS.jpg\",\"width\":1200,\"height\":800,\"caption\":\"fiscalit\u00e9 IS\"},{\"@type\":\"BreadcrumbList\",\"@id\":\"https:\\\/\\\/www.mc-expatriation.com\\\/es\\\/los-impuestos-en-andorra\\\/impuestos\\\/is\\\/#breadcrumb\",\"itemListElement\":[{\"@type\":\"ListItem\",\"position\":1,\"name\":\"Home\",\"item\":\"https:\\\/\\\/www.mc-expatriation.com\\\/es\\\/\"},{\"@type\":\"ListItem\",\"position\":2,\"name\":\"Los impuestos en Andorra\",\"item\":\"https:\\\/\\\/www.mc-expatriation.com\\\/es\\\/los-impuestos-en-andorra\\\/\"},{\"@type\":\"ListItem\",\"position\":3,\"name\":\"Impuestos: informaci\u00f3n esencial que debe conocer sobre la fiscalidad en Andorra\",\"item\":\"https:\\\/\\\/www.mc-expatriation.com\\\/es\\\/los-impuestos-en-andorra\\\/impuestos\\\/\"},{\"@type\":\"ListItem\",\"position\":4,\"name\":\"Fiscalidad &#8211; Impuestos &#8211; IS\"}]},{\"@type\":\"WebSite\",\"@id\":\"https:\\\/\\\/www.mc-expatriation.com\\\/#website\",\"url\":\"https:\\\/\\\/www.mc-expatriation.com\\\/\",\"name\":\"MC Expatriation\",\"description\":\"\",\"publisher\":{\"@id\":\"https:\\\/\\\/www.mc-expatriation.com\\\/#organization\"},\"potentialAction\":[{\"@type\":\"SearchAction\",\"target\":{\"@type\":\"EntryPoint\",\"urlTemplate\":\"https:\\\/\\\/www.mc-expatriation.com\\\/?s={search_term_string}\"},\"query-input\":{\"@type\":\"PropertyValueSpecification\",\"valueRequired\":true,\"valueName\":\"search_term_string\"}}],\"inLanguage\":\"es\"},{\"@type\":\"Organization\",\"@id\":\"https:\\\/\\\/www.mc-expatriation.com\\\/#organization\",\"name\":\"MC Expatriation\",\"url\":\"https:\\\/\\\/www.mc-expatriation.com\\\/\",\"logo\":{\"@type\":\"ImageObject\",\"inLanguage\":\"es\",\"@id\":\"https:\\\/\\\/www.mc-expatriation.com\\\/#\\\/schema\\\/logo\\\/image\\\/\",\"url\":\"https:\\\/\\\/www.mc-expatriation.com\\\/wp-content\\\/uploads\\\/2022\\\/10\\\/logo.svg\",\"contentUrl\":\"https:\\\/\\\/www.mc-expatriation.com\\\/wp-content\\\/uploads\\\/2022\\\/10\\\/logo.svg\",\"caption\":\"MC Expatriation\"},\"image\":{\"@id\":\"https:\\\/\\\/www.mc-expatriation.com\\\/#\\\/schema\\\/logo\\\/image\\\/\"}}]}<\/script>\n<!-- \/ Yoast SEO Premium plugin. -->","yoast_head_json":{"title":"Fiscalidad - Impuestos - IS","description":"Entre los tipos de impuestos de este pa\u00eds, se encuentra el impuesto sobre la renta de las personas f\u00edsicas o IRPF. Se aplica a los ingresos de las personas f\u00edsicas y no afecta a las personas jur\u00eddicas (empresas). Tambi\u00e9n existen el impuesto indirecto general o IGI, y los impuestos comunal y gubernamental. El IS o impuesto de sociedades es lo que m\u00e1s nos interesa. En estas l\u00edneas profundizaremos en la fiscalidad de las empresas andorranas","robots":{"index":"index","follow":"follow","max-snippet":"max-snippet:-1","max-image-preview":"max-image-preview:large","max-video-preview":"max-video-preview:-1"},"canonical":"https:\/\/www.mc-expatriation.com\/es\/los-impuestos-en-andorra\/impuestos\/is\/","og_locale":"es_ES","og_type":"article","og_title":"Fiscalidad - Impuestos - IS","og_description":"Entre los tipos de impuestos de este pa\u00eds, se encuentra el impuesto sobre la renta de las personas f\u00edsicas o IRPF. Se aplica a los ingresos de las personas f\u00edsicas y no afecta a las personas jur\u00eddicas (empresas). Tambi\u00e9n existen el impuesto indirecto general o IGI, y los impuestos comunal y gubernamental. El IS o impuesto de sociedades es lo que m\u00e1s nos interesa. En estas l\u00edneas profundizaremos en la fiscalidad de las empresas andorranas","og_url":"https:\/\/www.mc-expatriation.com\/es\/los-impuestos-en-andorra\/impuestos\/is\/","og_site_name":"MC Expatriation","article_modified_time":"2022-12-18T07:54:01+00:00","og_image":[{"width":1200,"height":800,"url":"https:\/\/www.mc-expatriation.com\/wp-content\/uploads\/2022\/12\/fiscalite-IS.jpg","type":"image\/jpeg"}],"twitter_card":"summary_large_image","twitter_misc":{"Tiempo de lectura":"6 minutos"},"schema":{"@context":"https:\/\/schema.org","@graph":[{"@type":"WebPage","@id":"https:\/\/www.mc-expatriation.com\/es\/los-impuestos-en-andorra\/impuestos\/is\/","url":"https:\/\/www.mc-expatriation.com\/es\/los-impuestos-en-andorra\/impuestos\/is\/","name":"Fiscalidad - Impuestos - IS","isPartOf":{"@id":"https:\/\/www.mc-expatriation.com\/#website"},"primaryImageOfPage":{"@id":"https:\/\/www.mc-expatriation.com\/es\/los-impuestos-en-andorra\/impuestos\/is\/#primaryimage"},"image":{"@id":"https:\/\/www.mc-expatriation.com\/es\/los-impuestos-en-andorra\/impuestos\/is\/#primaryimage"},"thumbnailUrl":"https:\/\/www.mc-expatriation.com\/wp-content\/uploads\/2022\/12\/fiscalite-IS.jpg","datePublished":"2022-11-03T07:54:10+00:00","dateModified":"2022-12-18T07:54:01+00:00","description":"Entre los tipos de impuestos de este pa\u00eds, se encuentra el impuesto sobre la renta de las personas f\u00edsicas o IRPF. Se aplica a los ingresos de las personas f\u00edsicas y no afecta a las personas jur\u00eddicas (empresas). Tambi\u00e9n existen el impuesto indirecto general o IGI, y los impuestos comunal y gubernamental. El IS o impuesto de sociedades es lo que m\u00e1s nos interesa. En estas l\u00edneas profundizaremos en la fiscalidad de las empresas andorranas","breadcrumb":{"@id":"https:\/\/www.mc-expatriation.com\/es\/los-impuestos-en-andorra\/impuestos\/is\/#breadcrumb"},"inLanguage":"es","potentialAction":[{"@type":"ReadAction","target":["https:\/\/www.mc-expatriation.com\/es\/los-impuestos-en-andorra\/impuestos\/is\/"]}]},{"@type":"ImageObject","inLanguage":"es","@id":"https:\/\/www.mc-expatriation.com\/es\/los-impuestos-en-andorra\/impuestos\/is\/#primaryimage","url":"https:\/\/www.mc-expatriation.com\/wp-content\/uploads\/2022\/12\/fiscalite-IS.jpg","contentUrl":"https:\/\/www.mc-expatriation.com\/wp-content\/uploads\/2022\/12\/fiscalite-IS.jpg","width":1200,"height":800,"caption":"fiscalit\u00e9 IS"},{"@type":"BreadcrumbList","@id":"https:\/\/www.mc-expatriation.com\/es\/los-impuestos-en-andorra\/impuestos\/is\/#breadcrumb","itemListElement":[{"@type":"ListItem","position":1,"name":"Home","item":"https:\/\/www.mc-expatriation.com\/es\/"},{"@type":"ListItem","position":2,"name":"Los impuestos en Andorra","item":"https:\/\/www.mc-expatriation.com\/es\/los-impuestos-en-andorra\/"},{"@type":"ListItem","position":3,"name":"Impuestos: informaci\u00f3n esencial que debe conocer sobre la fiscalidad en Andorra","item":"https:\/\/www.mc-expatriation.com\/es\/los-impuestos-en-andorra\/impuestos\/"},{"@type":"ListItem","position":4,"name":"Fiscalidad &#8211; Impuestos &#8211; IS"}]},{"@type":"WebSite","@id":"https:\/\/www.mc-expatriation.com\/#website","url":"https:\/\/www.mc-expatriation.com\/","name":"MC Expatriation","description":"","publisher":{"@id":"https:\/\/www.mc-expatriation.com\/#organization"},"potentialAction":[{"@type":"SearchAction","target":{"@type":"EntryPoint","urlTemplate":"https:\/\/www.mc-expatriation.com\/?s={search_term_string}"},"query-input":{"@type":"PropertyValueSpecification","valueRequired":true,"valueName":"search_term_string"}}],"inLanguage":"es"},{"@type":"Organization","@id":"https:\/\/www.mc-expatriation.com\/#organization","name":"MC Expatriation","url":"https:\/\/www.mc-expatriation.com\/","logo":{"@type":"ImageObject","inLanguage":"es","@id":"https:\/\/www.mc-expatriation.com\/#\/schema\/logo\/image\/","url":"https:\/\/www.mc-expatriation.com\/wp-content\/uploads\/2022\/10\/logo.svg","contentUrl":"https:\/\/www.mc-expatriation.com\/wp-content\/uploads\/2022\/10\/logo.svg","caption":"MC Expatriation"},"image":{"@id":"https:\/\/www.mc-expatriation.com\/#\/schema\/logo\/image\/"}}]}},"_links":{"self":[{"href":"https:\/\/www.mc-expatriation.com\/es\/wp-json\/wp\/v2\/pages\/1689","targetHints":{"allow":["GET"]}}],"collection":[{"href":"https:\/\/www.mc-expatriation.com\/es\/wp-json\/wp\/v2\/pages"}],"about":[{"href":"https:\/\/www.mc-expatriation.com\/es\/wp-json\/wp\/v2\/types\/page"}],"author":[{"embeddable":true,"href":"https:\/\/www.mc-expatriation.com\/es\/wp-json\/wp\/v2\/users\/1"}],"replies":[{"embeddable":true,"href":"https:\/\/www.mc-expatriation.com\/es\/wp-json\/wp\/v2\/comments?post=1689"}],"version-history":[{"count":6,"href":"https:\/\/www.mc-expatriation.com\/es\/wp-json\/wp\/v2\/pages\/1689\/revisions"}],"predecessor-version":[{"id":2220,"href":"https:\/\/www.mc-expatriation.com\/es\/wp-json\/wp\/v2\/pages\/1689\/revisions\/2220"}],"up":[{"embeddable":true,"href":"https:\/\/www.mc-expatriation.com\/es\/wp-json\/wp\/v2\/pages\/1664"}],"wp:featuredmedia":[{"embeddable":true,"href":"https:\/\/www.mc-expatriation.com\/es\/wp-json\/wp\/v2\/media\/2282"}],"wp:attachment":[{"href":"https:\/\/www.mc-expatriation.com\/es\/wp-json\/wp\/v2\/media?parent=1689"}],"curies":[{"name":"wp","href":"https:\/\/api.w.org\/{rel}","templated":true}]}}