{"id":1694,"date":"2022-11-03T08:01:11","date_gmt":"2022-11-03T08:01:11","guid":{"rendered":"http:\/\/mcexpat.devmc.xyz\/los-impuestos-en-andorra\/taxes\/"},"modified":"2022-12-18T07:53:00","modified_gmt":"2022-12-18T07:53:00","slug":"tasas","status":"publish","type":"page","link":"https:\/\/www.mc-expatriation.com\/es\/los-impuestos-en-andorra\/tasas\/","title":{"rendered":"Impuestos- Tasas"},"content":{"rendered":"\n<p>A diferencia de lo que ocurre en Francia y Espa\u00f1a, en Andorra el IVA tiene un tope m\u00e1ximo del 4,5%. Es la tasa m\u00e1s baja de Europa. En otros pa\u00edses de la UE, el tipo impositivo est\u00e1 entre el 20 y el 21%. En el Principado, el IVA general se denomina IGI o Impuesto General Indirecto. La legislaci\u00f3n fiscal de Andorra ofrece una gran flexibilidad tanto a los particulares como a los inversores.<\/p>\n\n\n\n<h2 class=\"wp-block-heading\">El IVA en Andorra: impuestos sobre bienes y servicios<\/h2>\n\n\n\n<p>Los impuestos sobre bienes y servicios son muy bajos en Andorra, o incluso, en muchos casos, inexistentes. Los impuestos sobre bienes y servicios suelen estar ausentes del sistema de precios.<\/p>\n\n\n\n<p>Entre otros \u00e1mbitos, no se aplican impuestos a la educaci\u00f3n, los servicios sanitarios o la alimentaci\u00f3n. La totalidad de los servicios de asistencia sanitaria en las instituciones p\u00fablicas tiene un gravamen del 0%. Lo mismo ocurre con las guarder\u00edas, las clases particulares, los contratos de alquiler de vivienda, etc. <\/p>\n\n\n\n<p>En consecuencia, el Principado de Andorra es uno de los pa\u00edses de Europa con un porcentaje de impuestos m\u00e1s bajo. El impuesto sobre el valor a\u00f1adido s\u00f3lo se aplica a los bienes y servicios que se compran en Andorra<\/p>\n\n\n\n<h2 class=\"wp-block-heading\">Impuesto sobre la actividad de la empresa<\/h2>\n\n\n\n<p>SI desea rentabilizar r\u00e1pidamente sus actividades en un entorno fiscal muy ventajoso, deber\u00eda plantearse la expatriaci\u00f3n a Andorra. La fiscalidad es baja. Los impuestos sobre la renta de las empresas se aplican a las actividades que repercuten en sus econom\u00edas.<\/p>\n\n\n\n<p>Este impuesto, equivalente al TVA franc\u00e9s, conocido como IVA en Espa\u00f1a y VAT en el Reino Unido, lo recaudan los empresarios y los operadores econ\u00f3micos.<\/p>\n\n\n\n<p>Afecta especialmente a la venta de bienes y a las prestaciones de servicios.<\/p>\n\n\n\n<p>Los ingresos percibidos fuera de Andorra tambi\u00e9n est\u00e1n sujetos a impuestos. Si desea invertir en el Principado, el tipo del impuesto de sociedades var\u00eda entre el 5 y el 10% como m\u00e1ximo.<\/p>\n\n\n\n<h2 class=\"wp-block-heading\">Impuestos sobre los veh\u00edculos<\/h2>\n\n\n\n<p>Aunque el IGI es el impuesto m\u00e1s importante del pa\u00eds, tambi\u00e9n son de aplicaci\u00f3n otros impuestos indirectos. En el caso de los veh\u00edculos, no hay ning\u00fan impuesto que se aplique a los que pertenecen a&nbsp;empresas andorranas. Es del 2,5% para el transporte de pasajeros, excepto para el transporte por cable. Pero en este caso, para acogerse a esta tasa, el servicio debe ser ofrecido por una instituci\u00f3n p\u00fablica o parap\u00fablica.<\/p>\n\n\n\n<p>Comprar un coche o importar un veh\u00edculo al expatriarse tambi\u00e9n es un buen negocio. Aunque lo m\u00e1s f\u00e1cil es adquirir el veh\u00edculo una vez se est\u00e1 en Andorra. Una de las principales ventajas es que la tasa m\u00e1xima del impuesto es del 4,5%.<\/p>\n","protected":false},"excerpt":{"rendered":"<p>A diferencia de lo que ocurre en Francia y Espa\u00f1a, en Andorra el IVA tiene un tope m\u00e1ximo del 4,5%. Es la tasa m\u00e1s baja de Europa. En otros pa\u00edses de la UE, el tipo impositivo est\u00e1 entre el 20 y el 21%. En el Principado, el IVA general se denomina IGI o Impuesto General [&hellip;]<\/p>\n","protected":false},"author":1,"featured_media":2413,"parent":1635,"menu_order":0,"comment_status":"closed","ping_status":"closed","template":"niveau-2.php","meta":{"_acf_changed":false,"footnotes":""},"class_list":["post-1694","page","type-page","status-publish","has-post-thumbnail","hentry"],"acf":[],"yoast_head":"<!-- This site is optimized with the Yoast SEO Premium plugin v25.8 (Yoast SEO v27.3) - https:\/\/yoast.com\/product\/yoast-seo-premium-wordpress\/ -->\n<title>Impuestos- Tasas<\/title>\n<meta name=\"description\" content=\"A diferencia de lo que ocurre en Francia y Espa\u00f1a, en Andorra el IVA tiene un tope m\u00e1ximo del 4,5%. Es la tasa m\u00e1s baja de Europa. En otros pa\u00edses de la UE, el tipo impositivo est\u00e1 entre el 20 y el 21%. En el Principado, el IVA general se denomina IGI o Impuesto General Indirecto. La legislaci\u00f3n fiscal de Andorra ofrece una gran flexibilidad tanto a los particulares como a los inversores.\" \/>\n<meta name=\"robots\" content=\"index, follow, max-snippet:-1, max-image-preview:large, max-video-preview:-1\" \/>\n<link rel=\"canonical\" href=\"https:\/\/www.mc-expatriation.com\/es\/los-impuestos-en-andorra\/tasas\/\" \/>\n<meta property=\"og:locale\" content=\"es_ES\" \/>\n<meta property=\"og:type\" content=\"article\" \/>\n<meta property=\"og:title\" content=\"Impuestos- Tasas\" \/>\n<meta property=\"og:description\" content=\"A diferencia de lo que ocurre en Francia y Espa\u00f1a, en Andorra el IVA tiene un tope m\u00e1ximo del 4,5%. Es la tasa m\u00e1s baja de Europa. En otros pa\u00edses de la UE, el tipo impositivo est\u00e1 entre el 20 y el 21%. En el Principado, el IVA general se denomina IGI o Impuesto General Indirecto. La legislaci\u00f3n fiscal de Andorra ofrece una gran flexibilidad tanto a los particulares como a los inversores.\" \/>\n<meta property=\"og:url\" content=\"https:\/\/www.mc-expatriation.com\/es\/los-impuestos-en-andorra\/tasas\/\" \/>\n<meta property=\"og:site_name\" content=\"MC Expatriation\" \/>\n<meta property=\"article:modified_time\" content=\"2022-12-18T07:53:00+00:00\" \/>\n<meta property=\"og:image\" content=\"https:\/\/www.mc-expatriation.com\/wp-content\/uploads\/2022\/12\/Impots-Taxes.jpg\" \/>\n\t<meta property=\"og:image:width\" content=\"1000\" \/>\n\t<meta property=\"og:image:height\" content=\"704\" \/>\n\t<meta property=\"og:image:type\" content=\"image\/jpeg\" \/>\n<meta name=\"twitter:card\" content=\"summary_large_image\" \/>\n<meta name=\"twitter:label1\" content=\"Tiempo de lectura\" \/>\n\t<meta name=\"twitter:data1\" content=\"3 minutos\" \/>\n<script type=\"application\/ld+json\" class=\"yoast-schema-graph\">{\"@context\":\"https:\\\/\\\/schema.org\",\"@graph\":[{\"@type\":\"WebPage\",\"@id\":\"https:\\\/\\\/www.mc-expatriation.com\\\/es\\\/los-impuestos-en-andorra\\\/tasas\\\/\",\"url\":\"https:\\\/\\\/www.mc-expatriation.com\\\/es\\\/los-impuestos-en-andorra\\\/tasas\\\/\",\"name\":\"Impuestos- Tasas\",\"isPartOf\":{\"@id\":\"https:\\\/\\\/www.mc-expatriation.com\\\/#website\"},\"primaryImageOfPage\":{\"@id\":\"https:\\\/\\\/www.mc-expatriation.com\\\/es\\\/los-impuestos-en-andorra\\\/tasas\\\/#primaryimage\"},\"image\":{\"@id\":\"https:\\\/\\\/www.mc-expatriation.com\\\/es\\\/los-impuestos-en-andorra\\\/tasas\\\/#primaryimage\"},\"thumbnailUrl\":\"https:\\\/\\\/www.mc-expatriation.com\\\/wp-content\\\/uploads\\\/2022\\\/12\\\/Impots-Taxes.jpg\",\"datePublished\":\"2022-11-03T08:01:11+00:00\",\"dateModified\":\"2022-12-18T07:53:00+00:00\",\"description\":\"A diferencia de lo que ocurre en Francia y Espa\u00f1a, en Andorra el IVA tiene un tope m\u00e1ximo del 4,5%. Es la tasa m\u00e1s baja de Europa. En otros pa\u00edses de la UE, el tipo impositivo est\u00e1 entre el 20 y el 21%. En el Principado, el IVA general se denomina IGI o Impuesto General Indirecto. La legislaci\u00f3n fiscal de Andorra ofrece una gran flexibilidad tanto a los particulares como a los inversores.\",\"breadcrumb\":{\"@id\":\"https:\\\/\\\/www.mc-expatriation.com\\\/es\\\/los-impuestos-en-andorra\\\/tasas\\\/#breadcrumb\"},\"inLanguage\":\"es\",\"potentialAction\":[{\"@type\":\"ReadAction\",\"target\":[\"https:\\\/\\\/www.mc-expatriation.com\\\/es\\\/los-impuestos-en-andorra\\\/tasas\\\/\"]}]},{\"@type\":\"ImageObject\",\"inLanguage\":\"es\",\"@id\":\"https:\\\/\\\/www.mc-expatriation.com\\\/es\\\/los-impuestos-en-andorra\\\/tasas\\\/#primaryimage\",\"url\":\"https:\\\/\\\/www.mc-expatriation.com\\\/wp-content\\\/uploads\\\/2022\\\/12\\\/Impots-Taxes.jpg\",\"contentUrl\":\"https:\\\/\\\/www.mc-expatriation.com\\\/wp-content\\\/uploads\\\/2022\\\/12\\\/Impots-Taxes.jpg\",\"width\":1000,\"height\":704,\"caption\":\"Impots-Taxes\"},{\"@type\":\"BreadcrumbList\",\"@id\":\"https:\\\/\\\/www.mc-expatriation.com\\\/es\\\/los-impuestos-en-andorra\\\/tasas\\\/#breadcrumb\",\"itemListElement\":[{\"@type\":\"ListItem\",\"position\":1,\"name\":\"Home\",\"item\":\"https:\\\/\\\/www.mc-expatriation.com\\\/es\\\/\"},{\"@type\":\"ListItem\",\"position\":2,\"name\":\"Los impuestos en Andorra\",\"item\":\"https:\\\/\\\/www.mc-expatriation.com\\\/es\\\/los-impuestos-en-andorra\\\/\"},{\"@type\":\"ListItem\",\"position\":3,\"name\":\"Impuestos- Tasas\"}]},{\"@type\":\"WebSite\",\"@id\":\"https:\\\/\\\/www.mc-expatriation.com\\\/#website\",\"url\":\"https:\\\/\\\/www.mc-expatriation.com\\\/\",\"name\":\"MC Expatriation\",\"description\":\"\",\"publisher\":{\"@id\":\"https:\\\/\\\/www.mc-expatriation.com\\\/#organization\"},\"potentialAction\":[{\"@type\":\"SearchAction\",\"target\":{\"@type\":\"EntryPoint\",\"urlTemplate\":\"https:\\\/\\\/www.mc-expatriation.com\\\/?s={search_term_string}\"},\"query-input\":{\"@type\":\"PropertyValueSpecification\",\"valueRequired\":true,\"valueName\":\"search_term_string\"}}],\"inLanguage\":\"es\"},{\"@type\":\"Organization\",\"@id\":\"https:\\\/\\\/www.mc-expatriation.com\\\/#organization\",\"name\":\"MC Expatriation\",\"url\":\"https:\\\/\\\/www.mc-expatriation.com\\\/\",\"logo\":{\"@type\":\"ImageObject\",\"inLanguage\":\"es\",\"@id\":\"https:\\\/\\\/www.mc-expatriation.com\\\/#\\\/schema\\\/logo\\\/image\\\/\",\"url\":\"https:\\\/\\\/www.mc-expatriation.com\\\/wp-content\\\/uploads\\\/2022\\\/10\\\/logo.svg\",\"contentUrl\":\"https:\\\/\\\/www.mc-expatriation.com\\\/wp-content\\\/uploads\\\/2022\\\/10\\\/logo.svg\",\"caption\":\"MC Expatriation\"},\"image\":{\"@id\":\"https:\\\/\\\/www.mc-expatriation.com\\\/#\\\/schema\\\/logo\\\/image\\\/\"}}]}<\/script>\n<!-- \/ Yoast SEO Premium plugin. -->","yoast_head_json":{"title":"Impuestos- Tasas","description":"A diferencia de lo que ocurre en Francia y Espa\u00f1a, en Andorra el IVA tiene un tope m\u00e1ximo del 4,5%. Es la tasa m\u00e1s baja de Europa. En otros pa\u00edses de la UE, el tipo impositivo est\u00e1 entre el 20 y el 21%. En el Principado, el IVA general se denomina IGI o Impuesto General Indirecto. La legislaci\u00f3n fiscal de Andorra ofrece una gran flexibilidad tanto a los particulares como a los inversores.","robots":{"index":"index","follow":"follow","max-snippet":"max-snippet:-1","max-image-preview":"max-image-preview:large","max-video-preview":"max-video-preview:-1"},"canonical":"https:\/\/www.mc-expatriation.com\/es\/los-impuestos-en-andorra\/tasas\/","og_locale":"es_ES","og_type":"article","og_title":"Impuestos- Tasas","og_description":"A diferencia de lo que ocurre en Francia y Espa\u00f1a, en Andorra el IVA tiene un tope m\u00e1ximo del 4,5%. Es la tasa m\u00e1s baja de Europa. En otros pa\u00edses de la UE, el tipo impositivo est\u00e1 entre el 20 y el 21%. En el Principado, el IVA general se denomina IGI o Impuesto General Indirecto. La legislaci\u00f3n fiscal de Andorra ofrece una gran flexibilidad tanto a los particulares como a los inversores.","og_url":"https:\/\/www.mc-expatriation.com\/es\/los-impuestos-en-andorra\/tasas\/","og_site_name":"MC Expatriation","article_modified_time":"2022-12-18T07:53:00+00:00","og_image":[{"width":1000,"height":704,"url":"https:\/\/www.mc-expatriation.com\/wp-content\/uploads\/2022\/12\/Impots-Taxes.jpg","type":"image\/jpeg"}],"twitter_card":"summary_large_image","twitter_misc":{"Tiempo de lectura":"3 minutos"},"schema":{"@context":"https:\/\/schema.org","@graph":[{"@type":"WebPage","@id":"https:\/\/www.mc-expatriation.com\/es\/los-impuestos-en-andorra\/tasas\/","url":"https:\/\/www.mc-expatriation.com\/es\/los-impuestos-en-andorra\/tasas\/","name":"Impuestos- Tasas","isPartOf":{"@id":"https:\/\/www.mc-expatriation.com\/#website"},"primaryImageOfPage":{"@id":"https:\/\/www.mc-expatriation.com\/es\/los-impuestos-en-andorra\/tasas\/#primaryimage"},"image":{"@id":"https:\/\/www.mc-expatriation.com\/es\/los-impuestos-en-andorra\/tasas\/#primaryimage"},"thumbnailUrl":"https:\/\/www.mc-expatriation.com\/wp-content\/uploads\/2022\/12\/Impots-Taxes.jpg","datePublished":"2022-11-03T08:01:11+00:00","dateModified":"2022-12-18T07:53:00+00:00","description":"A diferencia de lo que ocurre en Francia y Espa\u00f1a, en Andorra el IVA tiene un tope m\u00e1ximo del 4,5%. Es la tasa m\u00e1s baja de Europa. En otros pa\u00edses de la UE, el tipo impositivo est\u00e1 entre el 20 y el 21%. En el Principado, el IVA general se denomina IGI o Impuesto General Indirecto. La legislaci\u00f3n fiscal de Andorra ofrece una gran flexibilidad tanto a los particulares como a los inversores.","breadcrumb":{"@id":"https:\/\/www.mc-expatriation.com\/es\/los-impuestos-en-andorra\/tasas\/#breadcrumb"},"inLanguage":"es","potentialAction":[{"@type":"ReadAction","target":["https:\/\/www.mc-expatriation.com\/es\/los-impuestos-en-andorra\/tasas\/"]}]},{"@type":"ImageObject","inLanguage":"es","@id":"https:\/\/www.mc-expatriation.com\/es\/los-impuestos-en-andorra\/tasas\/#primaryimage","url":"https:\/\/www.mc-expatriation.com\/wp-content\/uploads\/2022\/12\/Impots-Taxes.jpg","contentUrl":"https:\/\/www.mc-expatriation.com\/wp-content\/uploads\/2022\/12\/Impots-Taxes.jpg","width":1000,"height":704,"caption":"Impots-Taxes"},{"@type":"BreadcrumbList","@id":"https:\/\/www.mc-expatriation.com\/es\/los-impuestos-en-andorra\/tasas\/#breadcrumb","itemListElement":[{"@type":"ListItem","position":1,"name":"Home","item":"https:\/\/www.mc-expatriation.com\/es\/"},{"@type":"ListItem","position":2,"name":"Los impuestos en Andorra","item":"https:\/\/www.mc-expatriation.com\/es\/los-impuestos-en-andorra\/"},{"@type":"ListItem","position":3,"name":"Impuestos- Tasas"}]},{"@type":"WebSite","@id":"https:\/\/www.mc-expatriation.com\/#website","url":"https:\/\/www.mc-expatriation.com\/","name":"MC Expatriation","description":"","publisher":{"@id":"https:\/\/www.mc-expatriation.com\/#organization"},"potentialAction":[{"@type":"SearchAction","target":{"@type":"EntryPoint","urlTemplate":"https:\/\/www.mc-expatriation.com\/?s={search_term_string}"},"query-input":{"@type":"PropertyValueSpecification","valueRequired":true,"valueName":"search_term_string"}}],"inLanguage":"es"},{"@type":"Organization","@id":"https:\/\/www.mc-expatriation.com\/#organization","name":"MC Expatriation","url":"https:\/\/www.mc-expatriation.com\/","logo":{"@type":"ImageObject","inLanguage":"es","@id":"https:\/\/www.mc-expatriation.com\/#\/schema\/logo\/image\/","url":"https:\/\/www.mc-expatriation.com\/wp-content\/uploads\/2022\/10\/logo.svg","contentUrl":"https:\/\/www.mc-expatriation.com\/wp-content\/uploads\/2022\/10\/logo.svg","caption":"MC Expatriation"},"image":{"@id":"https:\/\/www.mc-expatriation.com\/#\/schema\/logo\/image\/"}}]}},"_links":{"self":[{"href":"https:\/\/www.mc-expatriation.com\/es\/wp-json\/wp\/v2\/pages\/1694","targetHints":{"allow":["GET"]}}],"collection":[{"href":"https:\/\/www.mc-expatriation.com\/es\/wp-json\/wp\/v2\/pages"}],"about":[{"href":"https:\/\/www.mc-expatriation.com\/es\/wp-json\/wp\/v2\/types\/page"}],"author":[{"embeddable":true,"href":"https:\/\/www.mc-expatriation.com\/es\/wp-json\/wp\/v2\/users\/1"}],"replies":[{"embeddable":true,"href":"https:\/\/www.mc-expatriation.com\/es\/wp-json\/wp\/v2\/comments?post=1694"}],"version-history":[{"count":4,"href":"https:\/\/www.mc-expatriation.com\/es\/wp-json\/wp\/v2\/pages\/1694\/revisions"}],"predecessor-version":[{"id":2431,"href":"https:\/\/www.mc-expatriation.com\/es\/wp-json\/wp\/v2\/pages\/1694\/revisions\/2431"}],"up":[{"embeddable":true,"href":"https:\/\/www.mc-expatriation.com\/es\/wp-json\/wp\/v2\/pages\/1635"}],"wp:featuredmedia":[{"embeddable":true,"href":"https:\/\/www.mc-expatriation.com\/es\/wp-json\/wp\/v2\/media\/2413"}],"wp:attachment":[{"href":"https:\/\/www.mc-expatriation.com\/es\/wp-json\/wp\/v2\/media?parent=1694"}],"curies":[{"name":"wp","href":"https:\/\/api.w.org\/{rel}","templated":true}]}}