{"id":1698,"date":"2022-11-03T08:04:23","date_gmt":"2022-11-03T08:04:23","guid":{"rendered":"http:\/\/mcexpat.devmc.xyz\/los-impuestos-en-andorra\/dividendes\/"},"modified":"2022-12-18T07:15:29","modified_gmt":"2022-12-18T07:15:29","slug":"dividendos","status":"publish","type":"page","link":"https:\/\/www.mc-expatriation.com\/es\/los-impuestos-en-andorra\/dividendos\/","title":{"rendered":"Fiscalidad &#8211; Dividendos"},"content":{"rendered":"\n<p>Aunque mucha gente conoce Andorra como un destino excelente para la pr\u00e1ctica del esqu\u00ed, las excursiones y el senderismo y por el hecho de tener un \u00edndice de criminalidad cercano al 0%, los inversores la valoran por sus ventajas fiscales. Los bancos andorranos est\u00e1n entre los m\u00e1s solventes del mundo. Por no hablar de la estabilidad de su econom\u00eda, que favorece la inversi\u00f3n. Andorra tiene uno de los sistemas fiscales m\u00e1s atractivos de Europa. <\/p>\n\n\n\n<p>En Andorra, el reparto de dividendos var\u00eda en funci\u00f3n de la condici\u00f3n de residente. \u00bfCu\u00e1les son los factores que influyen? Para optimizar la remuneraci\u00f3n propia, los directivos de las empresas deben pensar en una estrategia eficaz. \u00bfC\u00f3mo funcionan los dividendos en este pa\u00eds sin litoral entre Espa\u00f1a y Francia? En esta gu\u00eda encontrar\u00e1 toda la informaci\u00f3n esencial&nbsp;sobre los dividendos de los holdings andorranos, el IVA aplicado a la compra de productos, los impuestos de las empresas y las ventajas de los servicios fiscales ofrecidos en el Principado.<\/p>\n\n\n\n<h2 class=\"wp-block-heading\">Los dividendos de una sociedad andorrana<\/h2>\n\n\n\n<p>Antes de entrar en los detalles de los dividendos de una empresa andorrana, conviene recordar el concepto de este \u00edtem. No cambia de un pa\u00eds a otro. El dividendo es el importe que una empresa paga a sus accionistas. Su cuant\u00eda es fijada por el Consejo de Administraci\u00f3n. En el caso de Andorra, no es imponible.<\/p>\n\n\n\n<p>\u00bfC\u00f3mo se puede diferenciar entre dividendos y beneficios? Simplificando, los dividendos proceden a su vez de los beneficios obtenidos por la empresa. Los dividendos corresponden a la cantidad que se pagar\u00e1 a los directivos por su participaci\u00f3n en el capital de la empresa. Se otorgar\u00e1n a los&nbsp;accionistas en funci\u00f3n de los resultados obtenidos.<\/p>\n\n\n\n<h3 class=\"wp-block-heading\">Una de las tasas m\u00e1s reducidas de Europa<\/h3>\n\n\n\n<p>Andorra ofrece a sus residentes, tanto personas jur\u00eddicas como f\u00edsicas, unos de los impuestos m\u00e1s bajos de Europa. El gobierno andorrano est\u00e1 trabajando para ofrecer un marco favorable a la inversi\u00f3n.&nbsp;As\u00ed lo demuestra la firma de distintos convenios.<\/p>\n\n\n\n<h3 class=\"wp-block-heading\">Holding en Andorra<\/h3>\n\n\n\n<p>Otra forma de optimizar esta fiscalidad es crear una sociedad de cartera. l tipo impositivo para estas empresas es distinto del que rige para otras. No obstante, deben cumplirse unos criterios espec\u00edficos para ello. Entre otros requisitos, los holdings o sociedades de cartera deben poseer acciones de otras empresas. Tambi\u00e9n deben tener sustancia econ\u00f3mica para que se ajusten a la legislaci\u00f3n aplicable y as\u00ed poder beneficiarse de ciertas cl\u00e1usulas de diversos convenios, entre ellos la de la doble imposici\u00f3n.<\/p>\n\n\n\n<h3 class=\"wp-block-heading\">Los dividendos no pagan nada<\/h3>\n\n\n\n<p>Aunque el tipo del impuesto de sociedades en Andorra es del 10%, los dividendos no est\u00e1n sujetos a impuestos. En Francia, por ejemplo, pagan el 30%.<\/p>\n\n\n\n<p>En cuanto a la fiscalidad personal, el tipo impositivo es del 0% para los ingresos de hasta 2.000 euros al mes, es decir unos 24.000 euros al a\u00f1o. Por encima de esta cantidad, el tipo impositivo puede oscilar entre el 5% y el 10%.<\/p>\n\n\n\n<h3 class=\"wp-block-heading\">Tipos de distribuci\u00f3n de dividendos<\/h3>\n\n\n\n<p>En funci\u00f3n de si una persona es residente en Andorra o no, el reparto de dividendos puede variar. Por lo tanto, puede ser diferente de un estatus a otro.<\/p>\n\n\n\n<h4 class=\"wp-block-heading\">Dividendos para los residentes<\/h4>\n\n\n\n<p>Para beneficiarse de este tipo de distribuci\u00f3n de dividendos, se requieren algunas condiciones, que est\u00e1n estipuladas en la normativa fiscal andorrana. Por ejemplo, para que la exenci\u00f3n fiscal de la transmisi\u00f3n entre participantes se haga efectiva, los administradores de la sociedad deben, por ejemplo, poseer al menos el 20% del capital.<\/p>\n\n\n\n<h4 class=\"wp-block-heading\">Los dividendos en el caso de los no-residentes<\/h4>\n\n\n\n<p>En el caso de los no residentes, el impuesto de los dividendos y los intereses no se aplica a ellos en determinadas situaciones, ya que se consideran ingresos de capital. Adem\u00e1s de estar exentos del impuesto sobre la renta en Andorra (pero no en el pa\u00eds de residencia del beneficiario), tambi\u00e9n evitan la doble imposici\u00f3n.<\/p>\n","protected":false},"excerpt":{"rendered":"<p>Aunque mucha gente conoce Andorra como un destino excelente para la pr\u00e1ctica del esqu\u00ed, las excursiones y el senderismo y por el hecho de tener un \u00edndice de criminalidad cercano al 0%, los inversores la valoran por sus ventajas fiscales. Los bancos andorranos est\u00e1n entre los m\u00e1s solventes del mundo. Por no hablar de la [&hellip;]<\/p>\n","protected":false},"author":1,"featured_media":1598,"parent":1635,"menu_order":0,"comment_status":"closed","ping_status":"closed","template":"niveau-2.php","meta":{"_acf_changed":false,"footnotes":""},"class_list":["post-1698","page","type-page","status-publish","has-post-thumbnail","hentry"],"acf":[],"yoast_head":"<!-- This site is optimized with the Yoast SEO Premium plugin v25.8 (Yoast SEO v27.3) - https:\/\/yoast.com\/product\/yoast-seo-premium-wordpress\/ -->\n<title>Fiscalidad - Dividendos<\/title>\n<meta name=\"description\" content=\"En Andorra, el reparto de dividendos var\u00eda en funci\u00f3n de la condici\u00f3n de residente. \u00bfCu\u00e1les son los factores que influyen? Para optimizar la remuneraci\u00f3n propia, los directivos de las empresas deben pensar en una estrategia eficaz. \u00bfC\u00f3mo funcionan los dividendos en este pa\u00eds sin litoral entre Espa\u00f1a y Francia? En esta gu\u00eda encontrar\u00e1 toda la informaci\u00f3n esencial sobre los dividendos de los holdings andorranos, el IVA aplicado a la compra de productos, los impuestos de las empresas y las ventajas de los servicios fiscales ofrecidos en el Principado.\" \/>\n<meta name=\"robots\" content=\"index, follow, max-snippet:-1, max-image-preview:large, max-video-preview:-1\" \/>\n<link rel=\"canonical\" href=\"https:\/\/www.mc-expatriation.com\/es\/los-impuestos-en-andorra\/dividendos\/\" \/>\n<meta property=\"og:locale\" content=\"es_ES\" \/>\n<meta property=\"og:type\" content=\"article\" \/>\n<meta property=\"og:title\" content=\"Fiscalidad - Dividendos\" \/>\n<meta property=\"og:description\" content=\"En Andorra, el reparto de dividendos var\u00eda en funci\u00f3n de la condici\u00f3n de residente. \u00bfCu\u00e1les son los factores que influyen? Para optimizar la remuneraci\u00f3n propia, los directivos de las empresas deben pensar en una estrategia eficaz. \u00bfC\u00f3mo funcionan los dividendos en este pa\u00eds sin litoral entre Espa\u00f1a y Francia? En esta gu\u00eda encontrar\u00e1 toda la informaci\u00f3n esencial sobre los dividendos de los holdings andorranos, el IVA aplicado a la compra de productos, los impuestos de las empresas y las ventajas de los servicios fiscales ofrecidos en el Principado.\" \/>\n<meta property=\"og:url\" content=\"https:\/\/www.mc-expatriation.com\/es\/los-impuestos-en-andorra\/dividendos\/\" \/>\n<meta property=\"og:site_name\" content=\"MC Expatriation\" \/>\n<meta property=\"article:modified_time\" content=\"2022-12-18T07:15:29+00:00\" \/>\n<meta property=\"og:image\" content=\"https:\/\/www.mc-expatriation.com\/wp-content\/uploads\/2022\/11\/Dividendes.jpg\" \/>\n\t<meta property=\"og:image:width\" content=\"1000\" \/>\n\t<meta property=\"og:image:height\" content=\"667\" \/>\n\t<meta property=\"og:image:type\" content=\"image\/jpeg\" \/>\n<meta name=\"twitter:card\" content=\"summary_large_image\" \/>\n<meta name=\"twitter:label1\" content=\"Tiempo de lectura\" \/>\n\t<meta name=\"twitter:data1\" content=\"4 minutos\" \/>\n<script type=\"application\/ld+json\" class=\"yoast-schema-graph\">{\"@context\":\"https:\\\/\\\/schema.org\",\"@graph\":[{\"@type\":\"WebPage\",\"@id\":\"https:\\\/\\\/www.mc-expatriation.com\\\/es\\\/los-impuestos-en-andorra\\\/dividendos\\\/\",\"url\":\"https:\\\/\\\/www.mc-expatriation.com\\\/es\\\/los-impuestos-en-andorra\\\/dividendos\\\/\",\"name\":\"Fiscalidad - Dividendos\",\"isPartOf\":{\"@id\":\"https:\\\/\\\/www.mc-expatriation.com\\\/#website\"},\"primaryImageOfPage\":{\"@id\":\"https:\\\/\\\/www.mc-expatriation.com\\\/es\\\/los-impuestos-en-andorra\\\/dividendos\\\/#primaryimage\"},\"image\":{\"@id\":\"https:\\\/\\\/www.mc-expatriation.com\\\/es\\\/los-impuestos-en-andorra\\\/dividendos\\\/#primaryimage\"},\"thumbnailUrl\":\"https:\\\/\\\/www.mc-expatriation.com\\\/wp-content\\\/uploads\\\/2022\\\/11\\\/Dividendes.jpg\",\"datePublished\":\"2022-11-03T08:04:23+00:00\",\"dateModified\":\"2022-12-18T07:15:29+00:00\",\"description\":\"En Andorra, el reparto de dividendos var\u00eda en funci\u00f3n de la condici\u00f3n de residente. \u00bfCu\u00e1les son los factores que influyen? Para optimizar la remuneraci\u00f3n propia, los directivos de las empresas deben pensar en una estrategia eficaz. \u00bfC\u00f3mo funcionan los dividendos en este pa\u00eds sin litoral entre Espa\u00f1a y Francia? En esta gu\u00eda encontrar\u00e1 toda la informaci\u00f3n esencial sobre los dividendos de los holdings andorranos, el IVA aplicado a la compra de productos, los impuestos de las empresas y las ventajas de los servicios fiscales ofrecidos en el Principado.\",\"breadcrumb\":{\"@id\":\"https:\\\/\\\/www.mc-expatriation.com\\\/es\\\/los-impuestos-en-andorra\\\/dividendos\\\/#breadcrumb\"},\"inLanguage\":\"es\",\"potentialAction\":[{\"@type\":\"ReadAction\",\"target\":[\"https:\\\/\\\/www.mc-expatriation.com\\\/es\\\/los-impuestos-en-andorra\\\/dividendos\\\/\"]}]},{\"@type\":\"ImageObject\",\"inLanguage\":\"es\",\"@id\":\"https:\\\/\\\/www.mc-expatriation.com\\\/es\\\/los-impuestos-en-andorra\\\/dividendos\\\/#primaryimage\",\"url\":\"https:\\\/\\\/www.mc-expatriation.com\\\/wp-content\\\/uploads\\\/2022\\\/11\\\/Dividendes.jpg\",\"contentUrl\":\"https:\\\/\\\/www.mc-expatriation.com\\\/wp-content\\\/uploads\\\/2022\\\/11\\\/Dividendes.jpg\",\"width\":1000,\"height\":667},{\"@type\":\"BreadcrumbList\",\"@id\":\"https:\\\/\\\/www.mc-expatriation.com\\\/es\\\/los-impuestos-en-andorra\\\/dividendos\\\/#breadcrumb\",\"itemListElement\":[{\"@type\":\"ListItem\",\"position\":1,\"name\":\"Home\",\"item\":\"https:\\\/\\\/www.mc-expatriation.com\\\/es\\\/\"},{\"@type\":\"ListItem\",\"position\":2,\"name\":\"Los impuestos en Andorra\",\"item\":\"https:\\\/\\\/www.mc-expatriation.com\\\/es\\\/los-impuestos-en-andorra\\\/\"},{\"@type\":\"ListItem\",\"position\":3,\"name\":\"Fiscalidad &#8211; Dividendos\"}]},{\"@type\":\"WebSite\",\"@id\":\"https:\\\/\\\/www.mc-expatriation.com\\\/#website\",\"url\":\"https:\\\/\\\/www.mc-expatriation.com\\\/\",\"name\":\"MC Expatriation\",\"description\":\"\",\"publisher\":{\"@id\":\"https:\\\/\\\/www.mc-expatriation.com\\\/#organization\"},\"potentialAction\":[{\"@type\":\"SearchAction\",\"target\":{\"@type\":\"EntryPoint\",\"urlTemplate\":\"https:\\\/\\\/www.mc-expatriation.com\\\/?s={search_term_string}\"},\"query-input\":{\"@type\":\"PropertyValueSpecification\",\"valueRequired\":true,\"valueName\":\"search_term_string\"}}],\"inLanguage\":\"es\"},{\"@type\":\"Organization\",\"@id\":\"https:\\\/\\\/www.mc-expatriation.com\\\/#organization\",\"name\":\"MC Expatriation\",\"url\":\"https:\\\/\\\/www.mc-expatriation.com\\\/\",\"logo\":{\"@type\":\"ImageObject\",\"inLanguage\":\"es\",\"@id\":\"https:\\\/\\\/www.mc-expatriation.com\\\/#\\\/schema\\\/logo\\\/image\\\/\",\"url\":\"https:\\\/\\\/www.mc-expatriation.com\\\/wp-content\\\/uploads\\\/2022\\\/10\\\/logo.svg\",\"contentUrl\":\"https:\\\/\\\/www.mc-expatriation.com\\\/wp-content\\\/uploads\\\/2022\\\/10\\\/logo.svg\",\"caption\":\"MC Expatriation\"},\"image\":{\"@id\":\"https:\\\/\\\/www.mc-expatriation.com\\\/#\\\/schema\\\/logo\\\/image\\\/\"}}]}<\/script>\n<!-- \/ Yoast SEO Premium plugin. -->","yoast_head_json":{"title":"Fiscalidad - Dividendos","description":"En Andorra, el reparto de dividendos var\u00eda en funci\u00f3n de la condici\u00f3n de residente. \u00bfCu\u00e1les son los factores que influyen? Para optimizar la remuneraci\u00f3n propia, los directivos de las empresas deben pensar en una estrategia eficaz. \u00bfC\u00f3mo funcionan los dividendos en este pa\u00eds sin litoral entre Espa\u00f1a y Francia? En esta gu\u00eda encontrar\u00e1 toda la informaci\u00f3n esencial sobre los dividendos de los holdings andorranos, el IVA aplicado a la compra de productos, los impuestos de las empresas y las ventajas de los servicios fiscales ofrecidos en el Principado.","robots":{"index":"index","follow":"follow","max-snippet":"max-snippet:-1","max-image-preview":"max-image-preview:large","max-video-preview":"max-video-preview:-1"},"canonical":"https:\/\/www.mc-expatriation.com\/es\/los-impuestos-en-andorra\/dividendos\/","og_locale":"es_ES","og_type":"article","og_title":"Fiscalidad - Dividendos","og_description":"En Andorra, el reparto de dividendos var\u00eda en funci\u00f3n de la condici\u00f3n de residente. \u00bfCu\u00e1les son los factores que influyen? Para optimizar la remuneraci\u00f3n propia, los directivos de las empresas deben pensar en una estrategia eficaz. \u00bfC\u00f3mo funcionan los dividendos en este pa\u00eds sin litoral entre Espa\u00f1a y Francia? En esta gu\u00eda encontrar\u00e1 toda la informaci\u00f3n esencial sobre los dividendos de los holdings andorranos, el IVA aplicado a la compra de productos, los impuestos de las empresas y las ventajas de los servicios fiscales ofrecidos en el Principado.","og_url":"https:\/\/www.mc-expatriation.com\/es\/los-impuestos-en-andorra\/dividendos\/","og_site_name":"MC Expatriation","article_modified_time":"2022-12-18T07:15:29+00:00","og_image":[{"width":1000,"height":667,"url":"https:\/\/www.mc-expatriation.com\/wp-content\/uploads\/2022\/11\/Dividendes.jpg","type":"image\/jpeg"}],"twitter_card":"summary_large_image","twitter_misc":{"Tiempo de lectura":"4 minutos"},"schema":{"@context":"https:\/\/schema.org","@graph":[{"@type":"WebPage","@id":"https:\/\/www.mc-expatriation.com\/es\/los-impuestos-en-andorra\/dividendos\/","url":"https:\/\/www.mc-expatriation.com\/es\/los-impuestos-en-andorra\/dividendos\/","name":"Fiscalidad - Dividendos","isPartOf":{"@id":"https:\/\/www.mc-expatriation.com\/#website"},"primaryImageOfPage":{"@id":"https:\/\/www.mc-expatriation.com\/es\/los-impuestos-en-andorra\/dividendos\/#primaryimage"},"image":{"@id":"https:\/\/www.mc-expatriation.com\/es\/los-impuestos-en-andorra\/dividendos\/#primaryimage"},"thumbnailUrl":"https:\/\/www.mc-expatriation.com\/wp-content\/uploads\/2022\/11\/Dividendes.jpg","datePublished":"2022-11-03T08:04:23+00:00","dateModified":"2022-12-18T07:15:29+00:00","description":"En Andorra, el reparto de dividendos var\u00eda en funci\u00f3n de la condici\u00f3n de residente. \u00bfCu\u00e1les son los factores que influyen? Para optimizar la remuneraci\u00f3n propia, los directivos de las empresas deben pensar en una estrategia eficaz. \u00bfC\u00f3mo funcionan los dividendos en este pa\u00eds sin litoral entre Espa\u00f1a y Francia? En esta gu\u00eda encontrar\u00e1 toda la informaci\u00f3n esencial sobre los dividendos de los holdings andorranos, el IVA aplicado a la compra de productos, los impuestos de las empresas y las ventajas de los servicios fiscales ofrecidos en el Principado.","breadcrumb":{"@id":"https:\/\/www.mc-expatriation.com\/es\/los-impuestos-en-andorra\/dividendos\/#breadcrumb"},"inLanguage":"es","potentialAction":[{"@type":"ReadAction","target":["https:\/\/www.mc-expatriation.com\/es\/los-impuestos-en-andorra\/dividendos\/"]}]},{"@type":"ImageObject","inLanguage":"es","@id":"https:\/\/www.mc-expatriation.com\/es\/los-impuestos-en-andorra\/dividendos\/#primaryimage","url":"https:\/\/www.mc-expatriation.com\/wp-content\/uploads\/2022\/11\/Dividendes.jpg","contentUrl":"https:\/\/www.mc-expatriation.com\/wp-content\/uploads\/2022\/11\/Dividendes.jpg","width":1000,"height":667},{"@type":"BreadcrumbList","@id":"https:\/\/www.mc-expatriation.com\/es\/los-impuestos-en-andorra\/dividendos\/#breadcrumb","itemListElement":[{"@type":"ListItem","position":1,"name":"Home","item":"https:\/\/www.mc-expatriation.com\/es\/"},{"@type":"ListItem","position":2,"name":"Los impuestos en Andorra","item":"https:\/\/www.mc-expatriation.com\/es\/los-impuestos-en-andorra\/"},{"@type":"ListItem","position":3,"name":"Fiscalidad &#8211; Dividendos"}]},{"@type":"WebSite","@id":"https:\/\/www.mc-expatriation.com\/#website","url":"https:\/\/www.mc-expatriation.com\/","name":"MC Expatriation","description":"","publisher":{"@id":"https:\/\/www.mc-expatriation.com\/#organization"},"potentialAction":[{"@type":"SearchAction","target":{"@type":"EntryPoint","urlTemplate":"https:\/\/www.mc-expatriation.com\/?s={search_term_string}"},"query-input":{"@type":"PropertyValueSpecification","valueRequired":true,"valueName":"search_term_string"}}],"inLanguage":"es"},{"@type":"Organization","@id":"https:\/\/www.mc-expatriation.com\/#organization","name":"MC Expatriation","url":"https:\/\/www.mc-expatriation.com\/","logo":{"@type":"ImageObject","inLanguage":"es","@id":"https:\/\/www.mc-expatriation.com\/#\/schema\/logo\/image\/","url":"https:\/\/www.mc-expatriation.com\/wp-content\/uploads\/2022\/10\/logo.svg","contentUrl":"https:\/\/www.mc-expatriation.com\/wp-content\/uploads\/2022\/10\/logo.svg","caption":"MC Expatriation"},"image":{"@id":"https:\/\/www.mc-expatriation.com\/#\/schema\/logo\/image\/"}}]}},"_links":{"self":[{"href":"https:\/\/www.mc-expatriation.com\/es\/wp-json\/wp\/v2\/pages\/1698","targetHints":{"allow":["GET"]}}],"collection":[{"href":"https:\/\/www.mc-expatriation.com\/es\/wp-json\/wp\/v2\/pages"}],"about":[{"href":"https:\/\/www.mc-expatriation.com\/es\/wp-json\/wp\/v2\/types\/page"}],"author":[{"embeddable":true,"href":"https:\/\/www.mc-expatriation.com\/es\/wp-json\/wp\/v2\/users\/1"}],"replies":[{"embeddable":true,"href":"https:\/\/www.mc-expatriation.com\/es\/wp-json\/wp\/v2\/comments?post=1698"}],"version-history":[{"count":10,"href":"https:\/\/www.mc-expatriation.com\/es\/wp-json\/wp\/v2\/pages\/1698\/revisions"}],"predecessor-version":[{"id":2589,"href":"https:\/\/www.mc-expatriation.com\/es\/wp-json\/wp\/v2\/pages\/1698\/revisions\/2589"}],"up":[{"embeddable":true,"href":"https:\/\/www.mc-expatriation.com\/es\/wp-json\/wp\/v2\/pages\/1635"}],"wp:featuredmedia":[{"embeddable":true,"href":"https:\/\/www.mc-expatriation.com\/es\/wp-json\/wp\/v2\/media\/1598"}],"wp:attachment":[{"href":"https:\/\/www.mc-expatriation.com\/es\/wp-json\/wp\/v2\/media?parent=1698"}],"curies":[{"name":"wp","href":"https:\/\/api.w.org\/{rel}","templated":true}]}}