{"id":1709,"date":"2022-11-03T08:05:35","date_gmt":"2022-11-03T08:05:35","guid":{"rendered":"http:\/\/mcexpat.devmc.xyz\/los-impuestos-en-andorra\/banques-andorre\/"},"modified":"2022-12-18T07:33:08","modified_gmt":"2022-12-18T07:33:08","slug":"bancos-andorranos","status":"publish","type":"page","link":"https:\/\/www.mc-expatriation.com\/es\/los-impuestos-en-andorra\/bancos-andorranos\/","title":{"rendered":"Fiscalidad \u2013 Los bancos andorranos"},"content":{"rendered":"\n<p><strong>La apertura de una cuenta bancaria es uno de los tr\u00e1mites necesarios para invertir en Andorra o para instalarse en el pa\u00eds. Por lo tanto, es muy importante conocer el sector bancario del pa\u00eds de destino y sus diferentes agencias bancarias. \u00bfC\u00f3mo abrir cuentas bancarias en el Principado? \u00bfA qu\u00e9 banco andorrano debo dirigirme? He aqu\u00ed toda la informaci\u00f3n sobre los productos bancarios andorranos adaptados a la inversi\u00f3n extranjera, a su condici\u00f3n de residente o vinculados a la creaci\u00f3n de una empresa.<\/strong><\/p>\n\n\n\n<h2 class=\"wp-block-heading\">Bancos andorranos: principios y ventajas<\/h2>\n\n\n\n<p>La apertura de una cuenta bancaria en Andorra es un requisito previo para solicitar la residencia activa. Adem\u00e1s, tambi\u00e9n es imprescindible para un proyecto de creaci\u00f3n de una empresa en el Principado, para comprar acciones de una determinada empresa, para invertir en el mercado andorrano, etc.<\/p>\n\n\n\n<p>A pesar de que Andorra no forma parte de la Uni\u00f3n Europea, s\u00ed que est\u00e1 incorporada a la zona SEPA, desde el 5 de marzo de 2019. Esto significa que los bancos andorranos pueden realizar pagos y transacciones bancarias en euros hacia todos los pa\u00edses que forman parte de la zona euro.<\/p>\n\n\n\n<h2 class=\"wp-block-heading\">Los 5 principales bancos en Andorra<\/h2>\n\n\n\n<p>Tanto si necesita cr\u00e9ditos, una tarjeta bancaria, una domiciliaci\u00f3n&nbsp;o simplemente tener cuentas para gestionar su dinero, el sistema bancario andorrano le ofrece servicios completos. Aqu\u00ed tiene los 5 principales bancos de Andorra:&nbsp;<\/p>\n\n\n\n<h3 class=\"wp-block-heading\">Morabanc<\/h3>\n\n\n\n<p>Morabanc destaca entre las agencias bancarias de Andorra. Sus servicios gozan de la preferencia de los inversores extranjeros y profesionales. Es un grupo bancario bajo la direcci\u00f3n de la familia Mora. Este banco andorrano est\u00e1 compuesto por diferentes empresas especializadas en diversos sectores, como los seguros y la gesti\u00f3n de activos. Tiene la sede en Andorra la Vella.<\/p>\n\n\n\n<h3 class=\"wp-block-heading\">Cr\u00e8dit Andorr\u00e0<\/h3>\n\n\n\n<p>Fundado en 1949, Cr\u00e8dit Andorr\u00e0 centra sus servicios financieros en la gesti\u00f3n de activos e inversiones. Su objetivo principal es aportar innovaci\u00f3n a las empresas. Su presencia y sus actividades en Andorra se han visto reforzadas por el Pacto Mundial de las Naciones Unidas, al que se ha adherido.<\/p>\n\n\n\n<h3 class=\"wp-block-heading\">Andbank<\/h3>\n\n\n\n<p>Andbank forma parte de un grupo bancario andorrano de propiedad privada, formado por la fusi\u00f3n de dos entidades bancarias andorranas. Su experiencia se centra en las inversiones bancarias y la gesti\u00f3n de activos. Es una empresa que se ha consolidado en las finanzas internacionales, con presencia en varios pa\u00edses, como Espa\u00f1a, M\u00f3naco y Brasil.<\/p>\n\n\n\n<h3 class=\"wp-block-heading\">Banc Sabadell d\u2019Andorra<\/h3>\n\n\n\n<p>El banco Sabadell de Andorra es uno de los bancos m\u00e1s peque\u00f1os de Andorra. Aun as\u00ed, ofrece una amplia gama de servicios, entre los que se incluyen la banca privada, la banca minorista, los servicios de intermediaci\u00f3n y los servicios para empresas. Entre otras actividades, gestiona activos y carteras de clientes. Fue adquirido en 2022 por Morabanc.<\/p>\n\n\n\n<h3 class=\"wp-block-heading\">Vallbanc, el antiguo BPA<\/h3>\n\n\n\n<p>Vallbanc es una entidad bancaria con presencia en el Principado desde hace m\u00e1s de 50 a\u00f1os. Es uno de los bancos m\u00e1s antiguos del pa\u00eds. Se dedica principalmente en la rentabilizaci\u00f3n de las inversiones financieras y en todo tipo de soluciones de financiaci\u00f3n.<\/p>\n","protected":false},"excerpt":{"rendered":"<p>La apertura de una cuenta bancaria es uno de los tr\u00e1mites necesarios para invertir en Andorra o para instalarse en el pa\u00eds. Por lo tanto, es muy importante conocer el sector bancario del pa\u00eds de destino y sus diferentes agencias bancarias. \u00bfC\u00f3mo abrir cuentas bancarias en el Principado? \u00bfA qu\u00e9 banco andorrano debo dirigirme? He [&hellip;]<\/p>\n","protected":false},"author":1,"featured_media":1602,"parent":1635,"menu_order":0,"comment_status":"closed","ping_status":"closed","template":"niveau-2.php","meta":{"_acf_changed":false,"footnotes":""},"class_list":["post-1709","page","type-page","status-publish","has-post-thumbnail","hentry"],"acf":[],"yoast_head":"<!-- This site is optimized with the Yoast SEO Premium plugin v25.8 (Yoast SEO v27.3) - https:\/\/yoast.com\/product\/yoast-seo-premium-wordpress\/ -->\n<title>Fiscalidad \u2013 Los bancos andorranos<\/title>\n<meta name=\"description\" content=\"La apertura de una cuenta bancaria en Andorra es un requisito previo para solicitar la residencia activa. Adem\u00e1s, tambi\u00e9n es imprescindible para un proyecto de creaci\u00f3n de una empresa en el Principado, para comprar acciones de una determinada empresa, para invertir en el mercado andorrano, etc.\" \/>\n<meta name=\"robots\" content=\"index, follow, max-snippet:-1, max-image-preview:large, max-video-preview:-1\" \/>\n<link rel=\"canonical\" href=\"https:\/\/www.mc-expatriation.com\/es\/los-impuestos-en-andorra\/bancos-andorranos\/\" \/>\n<meta property=\"og:locale\" content=\"es_ES\" \/>\n<meta property=\"og:type\" content=\"article\" \/>\n<meta property=\"og:title\" content=\"Fiscalidad \u2013 Los bancos andorranos\" \/>\n<meta property=\"og:description\" content=\"La apertura de una cuenta bancaria en Andorra es un requisito previo para solicitar la residencia activa. Adem\u00e1s, tambi\u00e9n es imprescindible para un proyecto de creaci\u00f3n de una empresa en el Principado, para comprar acciones de una determinada empresa, para invertir en el mercado andorrano, etc.\" \/>\n<meta property=\"og:url\" content=\"https:\/\/www.mc-expatriation.com\/es\/los-impuestos-en-andorra\/bancos-andorranos\/\" \/>\n<meta property=\"og:site_name\" content=\"MC Expatriation\" \/>\n<meta property=\"article:modified_time\" content=\"2022-12-18T07:33:08+00:00\" \/>\n<meta property=\"og:image\" content=\"https:\/\/www.mc-expatriation.com\/wp-content\/uploads\/2022\/11\/banques-andorranes.jpg\" \/>\n\t<meta property=\"og:image:width\" content=\"1000\" \/>\n\t<meta property=\"og:image:height\" content=\"514\" \/>\n\t<meta property=\"og:image:type\" content=\"image\/jpeg\" \/>\n<meta name=\"twitter:card\" content=\"summary_large_image\" \/>\n<meta name=\"twitter:label1\" content=\"Tiempo de lectura\" \/>\n\t<meta name=\"twitter:data1\" content=\"3 minutos\" \/>\n<script type=\"application\/ld+json\" class=\"yoast-schema-graph\">{\"@context\":\"https:\\\/\\\/schema.org\",\"@graph\":[{\"@type\":\"WebPage\",\"@id\":\"https:\\\/\\\/www.mc-expatriation.com\\\/es\\\/los-impuestos-en-andorra\\\/bancos-andorranos\\\/\",\"url\":\"https:\\\/\\\/www.mc-expatriation.com\\\/es\\\/los-impuestos-en-andorra\\\/bancos-andorranos\\\/\",\"name\":\"Fiscalidad \u2013 Los bancos andorranos\",\"isPartOf\":{\"@id\":\"https:\\\/\\\/www.mc-expatriation.com\\\/#website\"},\"primaryImageOfPage\":{\"@id\":\"https:\\\/\\\/www.mc-expatriation.com\\\/es\\\/los-impuestos-en-andorra\\\/bancos-andorranos\\\/#primaryimage\"},\"image\":{\"@id\":\"https:\\\/\\\/www.mc-expatriation.com\\\/es\\\/los-impuestos-en-andorra\\\/bancos-andorranos\\\/#primaryimage\"},\"thumbnailUrl\":\"https:\\\/\\\/www.mc-expatriation.com\\\/wp-content\\\/uploads\\\/2022\\\/11\\\/banques-andorranes.jpg\",\"datePublished\":\"2022-11-03T08:05:35+00:00\",\"dateModified\":\"2022-12-18T07:33:08+00:00\",\"description\":\"La apertura de una cuenta bancaria en Andorra es un requisito previo para solicitar la residencia activa. Adem\u00e1s, tambi\u00e9n es imprescindible para un proyecto de creaci\u00f3n de una empresa en el Principado, para comprar acciones de una determinada empresa, para invertir en el mercado andorrano, etc.\",\"breadcrumb\":{\"@id\":\"https:\\\/\\\/www.mc-expatriation.com\\\/es\\\/los-impuestos-en-andorra\\\/bancos-andorranos\\\/#breadcrumb\"},\"inLanguage\":\"es\",\"potentialAction\":[{\"@type\":\"ReadAction\",\"target\":[\"https:\\\/\\\/www.mc-expatriation.com\\\/es\\\/los-impuestos-en-andorra\\\/bancos-andorranos\\\/\"]}]},{\"@type\":\"ImageObject\",\"inLanguage\":\"es\",\"@id\":\"https:\\\/\\\/www.mc-expatriation.com\\\/es\\\/los-impuestos-en-andorra\\\/bancos-andorranos\\\/#primaryimage\",\"url\":\"https:\\\/\\\/www.mc-expatriation.com\\\/wp-content\\\/uploads\\\/2022\\\/11\\\/banques-andorranes.jpg\",\"contentUrl\":\"https:\\\/\\\/www.mc-expatriation.com\\\/wp-content\\\/uploads\\\/2022\\\/11\\\/banques-andorranes.jpg\",\"width\":1000,\"height\":514},{\"@type\":\"BreadcrumbList\",\"@id\":\"https:\\\/\\\/www.mc-expatriation.com\\\/es\\\/los-impuestos-en-andorra\\\/bancos-andorranos\\\/#breadcrumb\",\"itemListElement\":[{\"@type\":\"ListItem\",\"position\":1,\"name\":\"Home\",\"item\":\"https:\\\/\\\/www.mc-expatriation.com\\\/es\\\/\"},{\"@type\":\"ListItem\",\"position\":2,\"name\":\"Los impuestos en Andorra\",\"item\":\"https:\\\/\\\/www.mc-expatriation.com\\\/es\\\/los-impuestos-en-andorra\\\/\"},{\"@type\":\"ListItem\",\"position\":3,\"name\":\"Fiscalidad \u2013 Los bancos andorranos\"}]},{\"@type\":\"WebSite\",\"@id\":\"https:\\\/\\\/www.mc-expatriation.com\\\/#website\",\"url\":\"https:\\\/\\\/www.mc-expatriation.com\\\/\",\"name\":\"MC Expatriation\",\"description\":\"\",\"publisher\":{\"@id\":\"https:\\\/\\\/www.mc-expatriation.com\\\/#organization\"},\"potentialAction\":[{\"@type\":\"SearchAction\",\"target\":{\"@type\":\"EntryPoint\",\"urlTemplate\":\"https:\\\/\\\/www.mc-expatriation.com\\\/?s={search_term_string}\"},\"query-input\":{\"@type\":\"PropertyValueSpecification\",\"valueRequired\":true,\"valueName\":\"search_term_string\"}}],\"inLanguage\":\"es\"},{\"@type\":\"Organization\",\"@id\":\"https:\\\/\\\/www.mc-expatriation.com\\\/#organization\",\"name\":\"MC Expatriation\",\"url\":\"https:\\\/\\\/www.mc-expatriation.com\\\/\",\"logo\":{\"@type\":\"ImageObject\",\"inLanguage\":\"es\",\"@id\":\"https:\\\/\\\/www.mc-expatriation.com\\\/#\\\/schema\\\/logo\\\/image\\\/\",\"url\":\"https:\\\/\\\/www.mc-expatriation.com\\\/wp-content\\\/uploads\\\/2022\\\/10\\\/logo.svg\",\"contentUrl\":\"https:\\\/\\\/www.mc-expatriation.com\\\/wp-content\\\/uploads\\\/2022\\\/10\\\/logo.svg\",\"caption\":\"MC Expatriation\"},\"image\":{\"@id\":\"https:\\\/\\\/www.mc-expatriation.com\\\/#\\\/schema\\\/logo\\\/image\\\/\"}}]}<\/script>\n<!-- \/ Yoast SEO Premium plugin. -->","yoast_head_json":{"title":"Fiscalidad \u2013 Los bancos andorranos","description":"La apertura de una cuenta bancaria en Andorra es un requisito previo para solicitar la residencia activa. Adem\u00e1s, tambi\u00e9n es imprescindible para un proyecto de creaci\u00f3n de una empresa en el Principado, para comprar acciones de una determinada empresa, para invertir en el mercado andorrano, etc.","robots":{"index":"index","follow":"follow","max-snippet":"max-snippet:-1","max-image-preview":"max-image-preview:large","max-video-preview":"max-video-preview:-1"},"canonical":"https:\/\/www.mc-expatriation.com\/es\/los-impuestos-en-andorra\/bancos-andorranos\/","og_locale":"es_ES","og_type":"article","og_title":"Fiscalidad \u2013 Los bancos andorranos","og_description":"La apertura de una cuenta bancaria en Andorra es un requisito previo para solicitar la residencia activa. Adem\u00e1s, tambi\u00e9n es imprescindible para un proyecto de creaci\u00f3n de una empresa en el Principado, para comprar acciones de una determinada empresa, para invertir en el mercado andorrano, etc.","og_url":"https:\/\/www.mc-expatriation.com\/es\/los-impuestos-en-andorra\/bancos-andorranos\/","og_site_name":"MC Expatriation","article_modified_time":"2022-12-18T07:33:08+00:00","og_image":[{"width":1000,"height":514,"url":"https:\/\/www.mc-expatriation.com\/wp-content\/uploads\/2022\/11\/banques-andorranes.jpg","type":"image\/jpeg"}],"twitter_card":"summary_large_image","twitter_misc":{"Tiempo de lectura":"3 minutos"},"schema":{"@context":"https:\/\/schema.org","@graph":[{"@type":"WebPage","@id":"https:\/\/www.mc-expatriation.com\/es\/los-impuestos-en-andorra\/bancos-andorranos\/","url":"https:\/\/www.mc-expatriation.com\/es\/los-impuestos-en-andorra\/bancos-andorranos\/","name":"Fiscalidad \u2013 Los bancos andorranos","isPartOf":{"@id":"https:\/\/www.mc-expatriation.com\/#website"},"primaryImageOfPage":{"@id":"https:\/\/www.mc-expatriation.com\/es\/los-impuestos-en-andorra\/bancos-andorranos\/#primaryimage"},"image":{"@id":"https:\/\/www.mc-expatriation.com\/es\/los-impuestos-en-andorra\/bancos-andorranos\/#primaryimage"},"thumbnailUrl":"https:\/\/www.mc-expatriation.com\/wp-content\/uploads\/2022\/11\/banques-andorranes.jpg","datePublished":"2022-11-03T08:05:35+00:00","dateModified":"2022-12-18T07:33:08+00:00","description":"La apertura de una cuenta bancaria en Andorra es un requisito previo para solicitar la residencia activa. Adem\u00e1s, tambi\u00e9n es imprescindible para un proyecto de creaci\u00f3n de una empresa en el Principado, para comprar acciones de una determinada empresa, para invertir en el mercado andorrano, etc.","breadcrumb":{"@id":"https:\/\/www.mc-expatriation.com\/es\/los-impuestos-en-andorra\/bancos-andorranos\/#breadcrumb"},"inLanguage":"es","potentialAction":[{"@type":"ReadAction","target":["https:\/\/www.mc-expatriation.com\/es\/los-impuestos-en-andorra\/bancos-andorranos\/"]}]},{"@type":"ImageObject","inLanguage":"es","@id":"https:\/\/www.mc-expatriation.com\/es\/los-impuestos-en-andorra\/bancos-andorranos\/#primaryimage","url":"https:\/\/www.mc-expatriation.com\/wp-content\/uploads\/2022\/11\/banques-andorranes.jpg","contentUrl":"https:\/\/www.mc-expatriation.com\/wp-content\/uploads\/2022\/11\/banques-andorranes.jpg","width":1000,"height":514},{"@type":"BreadcrumbList","@id":"https:\/\/www.mc-expatriation.com\/es\/los-impuestos-en-andorra\/bancos-andorranos\/#breadcrumb","itemListElement":[{"@type":"ListItem","position":1,"name":"Home","item":"https:\/\/www.mc-expatriation.com\/es\/"},{"@type":"ListItem","position":2,"name":"Los impuestos en Andorra","item":"https:\/\/www.mc-expatriation.com\/es\/los-impuestos-en-andorra\/"},{"@type":"ListItem","position":3,"name":"Fiscalidad \u2013 Los bancos andorranos"}]},{"@type":"WebSite","@id":"https:\/\/www.mc-expatriation.com\/#website","url":"https:\/\/www.mc-expatriation.com\/","name":"MC Expatriation","description":"","publisher":{"@id":"https:\/\/www.mc-expatriation.com\/#organization"},"potentialAction":[{"@type":"SearchAction","target":{"@type":"EntryPoint","urlTemplate":"https:\/\/www.mc-expatriation.com\/?s={search_term_string}"},"query-input":{"@type":"PropertyValueSpecification","valueRequired":true,"valueName":"search_term_string"}}],"inLanguage":"es"},{"@type":"Organization","@id":"https:\/\/www.mc-expatriation.com\/#organization","name":"MC Expatriation","url":"https:\/\/www.mc-expatriation.com\/","logo":{"@type":"ImageObject","inLanguage":"es","@id":"https:\/\/www.mc-expatriation.com\/#\/schema\/logo\/image\/","url":"https:\/\/www.mc-expatriation.com\/wp-content\/uploads\/2022\/10\/logo.svg","contentUrl":"https:\/\/www.mc-expatriation.com\/wp-content\/uploads\/2022\/10\/logo.svg","caption":"MC Expatriation"},"image":{"@id":"https:\/\/www.mc-expatriation.com\/#\/schema\/logo\/image\/"}}]}},"_links":{"self":[{"href":"https:\/\/www.mc-expatriation.com\/es\/wp-json\/wp\/v2\/pages\/1709","targetHints":{"allow":["GET"]}}],"collection":[{"href":"https:\/\/www.mc-expatriation.com\/es\/wp-json\/wp\/v2\/pages"}],"about":[{"href":"https:\/\/www.mc-expatriation.com\/es\/wp-json\/wp\/v2\/types\/page"}],"author":[{"embeddable":true,"href":"https:\/\/www.mc-expatriation.com\/es\/wp-json\/wp\/v2\/users\/1"}],"replies":[{"embeddable":true,"href":"https:\/\/www.mc-expatriation.com\/es\/wp-json\/wp\/v2\/comments?post=1709"}],"version-history":[{"count":5,"href":"https:\/\/www.mc-expatriation.com\/es\/wp-json\/wp\/v2\/pages\/1709\/revisions"}],"predecessor-version":[{"id":2591,"href":"https:\/\/www.mc-expatriation.com\/es\/wp-json\/wp\/v2\/pages\/1709\/revisions\/2591"}],"up":[{"embeddable":true,"href":"https:\/\/www.mc-expatriation.com\/es\/wp-json\/wp\/v2\/pages\/1635"}],"wp:featuredmedia":[{"embeddable":true,"href":"https:\/\/www.mc-expatriation.com\/es\/wp-json\/wp\/v2\/media\/1602"}],"wp:attachment":[{"href":"https:\/\/www.mc-expatriation.com\/es\/wp-json\/wp\/v2\/media?parent=1709"}],"curies":[{"name":"wp","href":"https:\/\/api.w.org\/{rel}","templated":true}]}}