{"id":1714,"date":"2022-11-03T08:08:17","date_gmt":"2022-11-03T08:08:17","guid":{"rendered":"http:\/\/mcexpat.devmc.xyz\/los-impuestos-en-andorra\/gestion-patrimoine\/"},"modified":"2022-12-18T07:52:32","modified_gmt":"2022-12-18T07:52:32","slug":"patrimonio-sucesiones","status":"publish","type":"page","link":"https:\/\/www.mc-expatriation.com\/es\/los-impuestos-en-andorra\/patrimonio-sucesiones\/","title":{"rendered":"Fiscalidad &#8211; Patrimonio \/ Sucesiones"},"content":{"rendered":"\n<p><strong>Para muchos perfiles, el Principado de Andorra es el pa\u00eds ideal donde expatriarse. Una de las principales razones es que tiene un tipo impositivo especialmente bajo en comparaci\u00f3n con Francia y otros pa\u00edses europeos. El impuesto a las empresas es tan solo del 10% como m\u00e1ximo. Lo mismo ocurre con el impuesto sobre la renta de las personas f\u00edsicas.<\/strong><\/p>\n\n\n\n<p><strong>Pero aquellos que han creado o quieren crear una empresa en el Principado, se preguntan tambi\u00e9n por los impuestos de sucesiones y transmisiones. Le gustar\u00e1 saber que no hay impuesto de sucesiones ni impuesto sobre el patrimonio. La nula fiscalidad de las sucesiones, donaciones y patrimonio es otro de los atractivos de este pa\u00eds.<\/strong><\/p>\n\n\n\n<h2 class=\"wp-block-heading\">L Fiscalidad de la riqueza y el patrimonio en Andorra<\/h2>\n\n\n\n<p>La ley andorrana es precisa y clara al respecto: todas las personas con residencia fiscal andorrana est\u00e1n exentas del impuesto sobre el patrimonio, independientemente de la naturaleza de este. No es de extra\u00f1ar, pues, que los franceses u otros extranjeros trasladen su residencia a este pa\u00eds para proteger mejor su riqueza y beneficiarse de la flexibilidad fiscal que ofrece el Principado.<\/p>\n\n\n\n<p>En el sistema fiscal andorrano no existe el impuesto sobre el patrimonio o \"ISF\". Este hecho empuja a personas con un patrimonio importante a trasladar su residencia fiscal al Principado. La baja presi\u00f3n fiscal en Andorra es sin duda uno de los elementos que interesan a los inversores extranjeros.<\/p>\n\n\n\n<h3 class=\"wp-block-heading\">La convenci\u00f3n fiscal andorrana<\/h3>\n\n\n\n<p>Con el fin de cumplir la normativa y los requisitos impuestos por la OCDE en materia de fiscalidad, las autoridades andorranas han realizado importantes esfuerzo, aline\u00e1ndose con determinadas normas fiscales internacionales para evitar que el Principado sea considerado un para\u00edso fiscal a los ojos de la OCDE,<\/p>\n\n\n\n<p>Aun as\u00ed, ofrece uno de los tipos impositivos m\u00e1s bajos de Europa. En su condici\u00f3n de peque\u00f1o pa\u00eds situado entre Espa\u00f1a y Francia, es eficiente en la gesti\u00f3n de su econom\u00eda. Adem\u00e1s, se beneficia de otras ventajas, como el clima, la situaci\u00f3n geogr\u00e1fica, el sistema sanitario, su exuberante naturaleza, su seguridad y su tecnolog\u00eda.<\/p>\n\n\n\n<p>Este pa\u00eds europeo tiene una de las rentas m\u00e1s altas del mundo para sus habitantes. La renta media de un trabajador andorrano es de unos 1.686 euros. <\/p>\n\n\n\n<p>Adem\u00e1s, el Principado de Andorra tiene previsto ampliar la lista de pa\u00edses con los que firmar\u00e1 un convenio de doble imposici\u00f3n durante los pr\u00f3ximos a\u00f1os. En cuanto al impuesto sobre el patrimonio, es cero en Andorra. Si es usted residente en Andorra, no tiene que pagar impuestos por su patrimonio ni por sus bienes inmuebles.<\/p>\n\n\n\n<h3 class=\"wp-block-heading\">Algunos detalles en los que fijarse<\/h3>\n\n\n\n<p>Si est\u00e1 pensando en crear una empresa en Andorra, o bien trasladar su domicilio fiscal all\u00ed o bien mudarse para aprovechar su favorable situaci\u00f3n fiscal, debe adquirir la condici\u00f3n de residente fiscal andorrano. De lo contrario, tributar\u00e1 en Francia o en su pa\u00eds de origen por todos sus ingresos mundiales.<\/p>\n\n\n\n<p>Lo m\u00e1s aconsejable es proceder a una valoraci\u00f3n patrimonial, una excelente alternativa para descubrir de qu\u00e9 manera puede optimizar sus cargas fiscales. Este enfoque tambi\u00e9n le ofrece la posibilidad de prevenir posibles riesgos fiscales y de identificar las repercusiones fiscales en su patrimonio con el objetivo de reducir al m\u00e1ximo el importe de la tributaci\u00f3n.<\/p>\n\n\n\n<h2 class=\"wp-block-heading\">Los impuestos andorranos sobre las donaciones<\/h2>\n\n\n\n<p>Si una persona desea transmitir su patrimonio en vida, no tendr\u00e1 que pagar ning\u00fan impuesto, ni \u00e9l ni el receptor de la donaci\u00f3n. Se trata de una opci\u00f3n interesante para quienes no desean hacer un testamento. Bastar\u00e1 con que redacte un documento ante notario. Este experto tendr\u00e1 en cuenta todas las obligaciones legales relacionadas. En el Principado de Andorra, este procedimiento se denomina transmisi\u00f3n inter vivos.<\/p>\n\n\n\n<h3 class=\"wp-block-heading\">Una ley que ha entrado recientemente en vigor<\/h3>\n\n\n\n<p>La legislaci\u00f3n fiscal en vigor en el Principado en materia de donaciones es reciente. Data de 2016. En Andorra no se gravan las donaciones. Las donaciones entre particulares no est\u00e1n sujetas a impuestos de ning\u00fan tipo.<\/p>\n\n\n\n<p>Esto significa que no tendr\u00e1 que preocuparse por las tarifas, los plazos ni de cualquier otro c\u00e1lculo. Conviene remarcar y dejar claro que esta alternativa solo beneficia a los residentes andorranos y a los nativos del pa\u00eds. Tambi\u00e9n es aconsejable tener en cuenta determinadas normas y leyes vigentes en esta materia.<\/p>\n\n\n\n<p>En estos casos, nuestra gestor\u00eda puede serle de gran ayuda. Ofrecemos un amplio abanico de servicios, como la asistencia en el trato con los expertos fiscales, la elecci\u00f3n del tipo de residencia adecuado, la presentaci\u00f3n de solicitudes ante las autoridades andorranas, la puesta en el contacto con socios inmobiliarios y mucho m\u00e1s.<\/p>\n\n\n\n<h2 class=\"wp-block-heading\">Los puntos esenciales sobre el derecho de sucesiones en Andorra<\/h2>\n\n\n\n<p>Tener la residencia andorrana es una de las condiciones obligatorias para beneficiarse de la exenci\u00f3n fiscal vinculada a las herencias. Como ya hemos dicho, en Andorra no hay impuesto de sucesiones, ni tampoco de donaciones.<\/p>\n\n\n\n<p>En Andorra, en caso de fallecimiento, el c\u00f3nyuge tiene prioridad en la l\u00ednea de sucesi\u00f3n. Pasa por delante de los dem\u00e1s familiares, pero no de los hijos. Si el fallecido no ten\u00eda hijos ni nietos, el c\u00f3nyuge ser\u00e1 el heredero.<\/p>\n\n\n\n<p>El punto m\u00e1s importante para recordar sobre el impuesto de sucesiones en Andorra es que todas las herencias, sea cual sea su naturaleza, est\u00e1n exentas de impuestos. La \u00fanica condici\u00f3n determinante es que debe poseer la residencia andorrana. Seg\u00fan la ley andorrana, tambi\u00e9n debe redactar su testamento de acuerdo con las disposiciones y normas vigentes.<\/p>\n\n\n\n<h3 class=\"wp-block-heading\">Testamento: tipos, casos de ausencia de este documento y la leg\u00edtima<\/h3>\n\n\n\n<p>En el Principado de Andorra, los residentes pueden redactar diferentes tipos de testamento. Existe el testamento notarial abierto, redactado y validado directamente por un notario de derecho civil. Es el m\u00e1s recomendable. El otro tipo es el testamento notarial cerrado. Lo redacta el testador y es ratificado por el notario de derecho civil sin que \u00e9ste llegue a abrirlo. El caso del testamento ol\u00f3grafo (redactado y firmado solo por el testador, sin pasar por el notario), suele ser m\u00e1s complejo para los herederos cuando llega el momento de la sucesi\u00f3n.<\/p>\n\n\n\n<p>Si el fallecido no ha dejado testamento, se puede recurrir a la ley de bienes reservados. La propiedad revertir\u00e1 a los herederos directos. En cuanto al caso de la leg\u00edtima, protege a los descendientes directos y les permite beneficiarse de una parte de los bienes, independientemente de lo que se halla estipulado en el testamento. La leg\u00edtima obliga a que al menos una cuarta parte del valor de la herencia vaya a los descendientes.<\/p>\n\n\n\n<h3 class=\"wp-block-heading\">Las diferentes etapas de una sucesi\u00f3n en el Principado de Andorra<\/h3>\n\n\n\n<p>El proceso de sucesi\u00f3n en Andorra pasa por varias etapas. Nuestro equipo de gestor\u00eda puede ayudarle a optimizarlo. No obstante, para que tenga una idea general de los pasos a seguir. Le presentamos un breve resumen :<\/p>\n\n\n\n<ul class=\"wp-block-list\">\n<li>Para iniciar el proceso sucesorio, deber\u00e1 declarar la defunci\u00f3n de la persona fallecida ante el registro civil siguiendo los tr\u00e1mites relacionados a este efecto. El fallecido en cuesti\u00f3n debe ser efectivamente el propietario de sus bienes.<\/li>\n\n\n\n<li>Una vez abierta la sucesi\u00f3n, se citar\u00e1 a los interesados. A esta fase se la llama de designaci\u00f3n de la herencia.<\/li>\n\n\n\n<li>Para aceptar o rechazar la herencia, los herederos dispondr\u00e1n de un determinado per\u00edodo de tiempo para reflexionar.<\/li>\n\n\n\n<li>Cuando los descendientes y las partes implicadas en la sucesi\u00f3n hayan aceptado, se les otorgar\u00e1 una escritura sucesoria.<\/li>\n<\/ul>\n","protected":false},"excerpt":{"rendered":"<p>Para muchos perfiles, el Principado de Andorra es el pa\u00eds ideal donde expatriarse. Una de las principales razones es que tiene un tipo impositivo especialmente bajo en comparaci\u00f3n con Francia y otros pa\u00edses europeos. El impuesto a las empresas es tan solo del 10% como m\u00e1ximo. Lo mismo ocurre con el impuesto sobre la renta [&hellip;]<\/p>\n","protected":false},"author":1,"featured_media":1606,"parent":1635,"menu_order":0,"comment_status":"closed","ping_status":"closed","template":"niveau-2.php","meta":{"_acf_changed":false,"footnotes":""},"class_list":["post-1714","page","type-page","status-publish","has-post-thumbnail","hentry"],"acf":[],"yoast_head":"<!-- This site is optimized with the Yoast SEO Premium plugin v25.8 (Yoast SEO v27.3) - https:\/\/yoast.com\/product\/yoast-seo-premium-wordpress\/ -->\n<title>Fiscalidad - Patrimonio \/ Sucesiones<\/title>\n<meta name=\"description\" content=\"La ley andorrana es precisa y clara al respecto: todas las personas con residencia fiscal andorrana est\u00e1n exentas del impuesto sobre el patrimonio, independientemente de la naturaleza de este. No es de extra\u00f1ar, pues, que los franceses u otros extranjeros trasladen su residencia a este pa\u00eds para proteger mejor su riqueza y beneficiarse de la flexibilidad fiscal que ofrece el Principado.\" \/>\n<meta name=\"robots\" content=\"index, follow, max-snippet:-1, max-image-preview:large, max-video-preview:-1\" \/>\n<link rel=\"canonical\" href=\"https:\/\/www.mc-expatriation.com\/es\/los-impuestos-en-andorra\/patrimonio-sucesiones\/\" \/>\n<meta property=\"og:locale\" content=\"es_ES\" \/>\n<meta property=\"og:type\" content=\"article\" \/>\n<meta property=\"og:title\" content=\"Fiscalidad - Patrimonio \/ Sucesiones\" \/>\n<meta property=\"og:description\" content=\"La ley andorrana es precisa y clara al respecto: todas las personas con residencia fiscal andorrana est\u00e1n exentas del impuesto sobre el patrimonio, independientemente de la naturaleza de este. No es de extra\u00f1ar, pues, que los franceses u otros extranjeros trasladen su residencia a este pa\u00eds para proteger mejor su riqueza y beneficiarse de la flexibilidad fiscal que ofrece el Principado.\" \/>\n<meta property=\"og:url\" content=\"https:\/\/www.mc-expatriation.com\/es\/los-impuestos-en-andorra\/patrimonio-sucesiones\/\" \/>\n<meta property=\"og:site_name\" content=\"MC Expatriation\" \/>\n<meta property=\"article:modified_time\" content=\"2022-12-18T07:52:32+00:00\" \/>\n<meta property=\"og:image\" content=\"https:\/\/www.mc-expatriation.com\/wp-content\/uploads\/2022\/11\/Patrimoine-Succession.jpg\" \/>\n\t<meta property=\"og:image:width\" content=\"1000\" \/>\n\t<meta property=\"og:image:height\" content=\"667\" \/>\n\t<meta property=\"og:image:type\" content=\"image\/jpeg\" \/>\n<meta name=\"twitter:card\" content=\"summary_large_image\" \/>\n<meta name=\"twitter:label1\" content=\"Tiempo de lectura\" \/>\n\t<meta name=\"twitter:data1\" content=\"7 minutos\" \/>\n<script type=\"application\/ld+json\" class=\"yoast-schema-graph\">{\"@context\":\"https:\\\/\\\/schema.org\",\"@graph\":[{\"@type\":\"WebPage\",\"@id\":\"https:\\\/\\\/www.mc-expatriation.com\\\/es\\\/los-impuestos-en-andorra\\\/patrimonio-sucesiones\\\/\",\"url\":\"https:\\\/\\\/www.mc-expatriation.com\\\/es\\\/los-impuestos-en-andorra\\\/patrimonio-sucesiones\\\/\",\"name\":\"Fiscalidad - Patrimonio \\\/ Sucesiones\",\"isPartOf\":{\"@id\":\"https:\\\/\\\/www.mc-expatriation.com\\\/#website\"},\"primaryImageOfPage\":{\"@id\":\"https:\\\/\\\/www.mc-expatriation.com\\\/es\\\/los-impuestos-en-andorra\\\/patrimonio-sucesiones\\\/#primaryimage\"},\"image\":{\"@id\":\"https:\\\/\\\/www.mc-expatriation.com\\\/es\\\/los-impuestos-en-andorra\\\/patrimonio-sucesiones\\\/#primaryimage\"},\"thumbnailUrl\":\"https:\\\/\\\/www.mc-expatriation.com\\\/wp-content\\\/uploads\\\/2022\\\/11\\\/Patrimoine-Succession.jpg\",\"datePublished\":\"2022-11-03T08:08:17+00:00\",\"dateModified\":\"2022-12-18T07:52:32+00:00\",\"description\":\"La ley andorrana es precisa y clara al respecto: todas las personas con residencia fiscal andorrana est\u00e1n exentas del impuesto sobre el patrimonio, independientemente de la naturaleza de este. No es de extra\u00f1ar, pues, que los franceses u otros extranjeros trasladen su residencia a este pa\u00eds para proteger mejor su riqueza y beneficiarse de la flexibilidad fiscal que ofrece el Principado.\",\"breadcrumb\":{\"@id\":\"https:\\\/\\\/www.mc-expatriation.com\\\/es\\\/los-impuestos-en-andorra\\\/patrimonio-sucesiones\\\/#breadcrumb\"},\"inLanguage\":\"es\",\"potentialAction\":[{\"@type\":\"ReadAction\",\"target\":[\"https:\\\/\\\/www.mc-expatriation.com\\\/es\\\/los-impuestos-en-andorra\\\/patrimonio-sucesiones\\\/\"]}]},{\"@type\":\"ImageObject\",\"inLanguage\":\"es\",\"@id\":\"https:\\\/\\\/www.mc-expatriation.com\\\/es\\\/los-impuestos-en-andorra\\\/patrimonio-sucesiones\\\/#primaryimage\",\"url\":\"https:\\\/\\\/www.mc-expatriation.com\\\/wp-content\\\/uploads\\\/2022\\\/11\\\/Patrimoine-Succession.jpg\",\"contentUrl\":\"https:\\\/\\\/www.mc-expatriation.com\\\/wp-content\\\/uploads\\\/2022\\\/11\\\/Patrimoine-Succession.jpg\",\"width\":1000,\"height\":667},{\"@type\":\"BreadcrumbList\",\"@id\":\"https:\\\/\\\/www.mc-expatriation.com\\\/es\\\/los-impuestos-en-andorra\\\/patrimonio-sucesiones\\\/#breadcrumb\",\"itemListElement\":[{\"@type\":\"ListItem\",\"position\":1,\"name\":\"Home\",\"item\":\"https:\\\/\\\/www.mc-expatriation.com\\\/es\\\/\"},{\"@type\":\"ListItem\",\"position\":2,\"name\":\"Los impuestos en Andorra\",\"item\":\"https:\\\/\\\/www.mc-expatriation.com\\\/es\\\/los-impuestos-en-andorra\\\/\"},{\"@type\":\"ListItem\",\"position\":3,\"name\":\"Fiscalidad &#8211; Patrimonio \\\/ Sucesiones\"}]},{\"@type\":\"WebSite\",\"@id\":\"https:\\\/\\\/www.mc-expatriation.com\\\/#website\",\"url\":\"https:\\\/\\\/www.mc-expatriation.com\\\/\",\"name\":\"MC Expatriation\",\"description\":\"\",\"publisher\":{\"@id\":\"https:\\\/\\\/www.mc-expatriation.com\\\/#organization\"},\"potentialAction\":[{\"@type\":\"SearchAction\",\"target\":{\"@type\":\"EntryPoint\",\"urlTemplate\":\"https:\\\/\\\/www.mc-expatriation.com\\\/?s={search_term_string}\"},\"query-input\":{\"@type\":\"PropertyValueSpecification\",\"valueRequired\":true,\"valueName\":\"search_term_string\"}}],\"inLanguage\":\"es\"},{\"@type\":\"Organization\",\"@id\":\"https:\\\/\\\/www.mc-expatriation.com\\\/#organization\",\"name\":\"MC Expatriation\",\"url\":\"https:\\\/\\\/www.mc-expatriation.com\\\/\",\"logo\":{\"@type\":\"ImageObject\",\"inLanguage\":\"es\",\"@id\":\"https:\\\/\\\/www.mc-expatriation.com\\\/#\\\/schema\\\/logo\\\/image\\\/\",\"url\":\"https:\\\/\\\/www.mc-expatriation.com\\\/wp-content\\\/uploads\\\/2022\\\/10\\\/logo.svg\",\"contentUrl\":\"https:\\\/\\\/www.mc-expatriation.com\\\/wp-content\\\/uploads\\\/2022\\\/10\\\/logo.svg\",\"caption\":\"MC Expatriation\"},\"image\":{\"@id\":\"https:\\\/\\\/www.mc-expatriation.com\\\/#\\\/schema\\\/logo\\\/image\\\/\"}}]}<\/script>\n<!-- \/ Yoast SEO Premium plugin. -->","yoast_head_json":{"title":"Fiscalidad - Patrimonio \/ Sucesiones","description":"La ley andorrana es precisa y clara al respecto: todas las personas con residencia fiscal andorrana est\u00e1n exentas del impuesto sobre el patrimonio, independientemente de la naturaleza de este. No es de extra\u00f1ar, pues, que los franceses u otros extranjeros trasladen su residencia a este pa\u00eds para proteger mejor su riqueza y beneficiarse de la flexibilidad fiscal que ofrece el Principado.","robots":{"index":"index","follow":"follow","max-snippet":"max-snippet:-1","max-image-preview":"max-image-preview:large","max-video-preview":"max-video-preview:-1"},"canonical":"https:\/\/www.mc-expatriation.com\/es\/los-impuestos-en-andorra\/patrimonio-sucesiones\/","og_locale":"es_ES","og_type":"article","og_title":"Fiscalidad - Patrimonio \/ Sucesiones","og_description":"La ley andorrana es precisa y clara al respecto: todas las personas con residencia fiscal andorrana est\u00e1n exentas del impuesto sobre el patrimonio, independientemente de la naturaleza de este. No es de extra\u00f1ar, pues, que los franceses u otros extranjeros trasladen su residencia a este pa\u00eds para proteger mejor su riqueza y beneficiarse de la flexibilidad fiscal que ofrece el Principado.","og_url":"https:\/\/www.mc-expatriation.com\/es\/los-impuestos-en-andorra\/patrimonio-sucesiones\/","og_site_name":"MC Expatriation","article_modified_time":"2022-12-18T07:52:32+00:00","og_image":[{"width":1000,"height":667,"url":"https:\/\/www.mc-expatriation.com\/wp-content\/uploads\/2022\/11\/Patrimoine-Succession.jpg","type":"image\/jpeg"}],"twitter_card":"summary_large_image","twitter_misc":{"Tiempo de lectura":"7 minutos"},"schema":{"@context":"https:\/\/schema.org","@graph":[{"@type":"WebPage","@id":"https:\/\/www.mc-expatriation.com\/es\/los-impuestos-en-andorra\/patrimonio-sucesiones\/","url":"https:\/\/www.mc-expatriation.com\/es\/los-impuestos-en-andorra\/patrimonio-sucesiones\/","name":"Fiscalidad - Patrimonio \/ Sucesiones","isPartOf":{"@id":"https:\/\/www.mc-expatriation.com\/#website"},"primaryImageOfPage":{"@id":"https:\/\/www.mc-expatriation.com\/es\/los-impuestos-en-andorra\/patrimonio-sucesiones\/#primaryimage"},"image":{"@id":"https:\/\/www.mc-expatriation.com\/es\/los-impuestos-en-andorra\/patrimonio-sucesiones\/#primaryimage"},"thumbnailUrl":"https:\/\/www.mc-expatriation.com\/wp-content\/uploads\/2022\/11\/Patrimoine-Succession.jpg","datePublished":"2022-11-03T08:08:17+00:00","dateModified":"2022-12-18T07:52:32+00:00","description":"La ley andorrana es precisa y clara al respecto: todas las personas con residencia fiscal andorrana est\u00e1n exentas del impuesto sobre el patrimonio, independientemente de la naturaleza de este. No es de extra\u00f1ar, pues, que los franceses u otros extranjeros trasladen su residencia a este pa\u00eds para proteger mejor su riqueza y beneficiarse de la flexibilidad fiscal que ofrece el Principado.","breadcrumb":{"@id":"https:\/\/www.mc-expatriation.com\/es\/los-impuestos-en-andorra\/patrimonio-sucesiones\/#breadcrumb"},"inLanguage":"es","potentialAction":[{"@type":"ReadAction","target":["https:\/\/www.mc-expatriation.com\/es\/los-impuestos-en-andorra\/patrimonio-sucesiones\/"]}]},{"@type":"ImageObject","inLanguage":"es","@id":"https:\/\/www.mc-expatriation.com\/es\/los-impuestos-en-andorra\/patrimonio-sucesiones\/#primaryimage","url":"https:\/\/www.mc-expatriation.com\/wp-content\/uploads\/2022\/11\/Patrimoine-Succession.jpg","contentUrl":"https:\/\/www.mc-expatriation.com\/wp-content\/uploads\/2022\/11\/Patrimoine-Succession.jpg","width":1000,"height":667},{"@type":"BreadcrumbList","@id":"https:\/\/www.mc-expatriation.com\/es\/los-impuestos-en-andorra\/patrimonio-sucesiones\/#breadcrumb","itemListElement":[{"@type":"ListItem","position":1,"name":"Home","item":"https:\/\/www.mc-expatriation.com\/es\/"},{"@type":"ListItem","position":2,"name":"Los impuestos en Andorra","item":"https:\/\/www.mc-expatriation.com\/es\/los-impuestos-en-andorra\/"},{"@type":"ListItem","position":3,"name":"Fiscalidad &#8211; Patrimonio \/ Sucesiones"}]},{"@type":"WebSite","@id":"https:\/\/www.mc-expatriation.com\/#website","url":"https:\/\/www.mc-expatriation.com\/","name":"MC Expatriation","description":"","publisher":{"@id":"https:\/\/www.mc-expatriation.com\/#organization"},"potentialAction":[{"@type":"SearchAction","target":{"@type":"EntryPoint","urlTemplate":"https:\/\/www.mc-expatriation.com\/?s={search_term_string}"},"query-input":{"@type":"PropertyValueSpecification","valueRequired":true,"valueName":"search_term_string"}}],"inLanguage":"es"},{"@type":"Organization","@id":"https:\/\/www.mc-expatriation.com\/#organization","name":"MC Expatriation","url":"https:\/\/www.mc-expatriation.com\/","logo":{"@type":"ImageObject","inLanguage":"es","@id":"https:\/\/www.mc-expatriation.com\/#\/schema\/logo\/image\/","url":"https:\/\/www.mc-expatriation.com\/wp-content\/uploads\/2022\/10\/logo.svg","contentUrl":"https:\/\/www.mc-expatriation.com\/wp-content\/uploads\/2022\/10\/logo.svg","caption":"MC Expatriation"},"image":{"@id":"https:\/\/www.mc-expatriation.com\/#\/schema\/logo\/image\/"}}]}},"_links":{"self":[{"href":"https:\/\/www.mc-expatriation.com\/es\/wp-json\/wp\/v2\/pages\/1714","targetHints":{"allow":["GET"]}}],"collection":[{"href":"https:\/\/www.mc-expatriation.com\/es\/wp-json\/wp\/v2\/pages"}],"about":[{"href":"https:\/\/www.mc-expatriation.com\/es\/wp-json\/wp\/v2\/types\/page"}],"author":[{"embeddable":true,"href":"https:\/\/www.mc-expatriation.com\/es\/wp-json\/wp\/v2\/users\/1"}],"replies":[{"embeddable":true,"href":"https:\/\/www.mc-expatriation.com\/es\/wp-json\/wp\/v2\/comments?post=1714"}],"version-history":[{"count":8,"href":"https:\/\/www.mc-expatriation.com\/es\/wp-json\/wp\/v2\/pages\/1714\/revisions"}],"predecessor-version":[{"id":1873,"href":"https:\/\/www.mc-expatriation.com\/es\/wp-json\/wp\/v2\/pages\/1714\/revisions\/1873"}],"up":[{"embeddable":true,"href":"https:\/\/www.mc-expatriation.com\/es\/wp-json\/wp\/v2\/pages\/1635"}],"wp:featuredmedia":[{"embeddable":true,"href":"https:\/\/www.mc-expatriation.com\/es\/wp-json\/wp\/v2\/media\/1606"}],"wp:attachment":[{"href":"https:\/\/www.mc-expatriation.com\/es\/wp-json\/wp\/v2\/media?parent=1714"}],"curies":[{"name":"wp","href":"https:\/\/api.w.org\/{rel}","templated":true}]}}