{"id":1723,"date":"2022-11-03T08:09:01","date_gmt":"2022-11-03T08:09:01","guid":{"rendered":"http:\/\/mcexpat.devmc.xyz\/los-impuestos-en-andorra\/plus-values-immobilieres\/"},"modified":"2022-12-18T07:19:48","modified_gmt":"2022-12-18T07:19:48","slug":"ganancias-de-capital-sobre-bienes-inmuebles","status":"publish","type":"page","link":"https:\/\/www.mc-expatriation.com\/es\/los-impuestos-en-andorra\/ganancias-de-capital-sobre-bienes-inmuebles\/","title":{"rendered":"Fiscalidad Andorra &#8211; Ganancias de capital sobre bienes inmuebles"},"content":{"rendered":"\n<p><strong>Su competitivo sistema fiscal ha posicionado a Andorra como uno de los pa\u00edses m\u00e1s atrayentes del mundo para la inversi\u00f3n. El Principado ofrece multitud de oportunidades inmobiliarias. El tipo de impuesto sobre las plusval\u00edas de las transacciones inmobiliarias en Andorra oscila entre el 1 y el 15%. Adem\u00e1s, el mercado inmobiliario andorrano presenta una amplia oferta de inmuebles. Puede encontrar la propiedad de sus sue\u00f1os, desde pisos hasta chalets de monta\u00f1a, independientemente de sus ingresos o su empleo.<\/strong><\/p>\n\n\n\n<h2 class=\"wp-block-heading\">Fiscalidad de los bienes inmuebles en Andorra<\/h2>\n\n\n\n<p>El sistema fiscal andorrano fomenta las inversiones inmobiliarias, as\u00ed como la creaci\u00f3n de empresas. Los impuestos aplicables sobre los bienes inmuebles en Andorra se calculan en base al tipo de vivienda y a su superficie. El impuesto sobre las plusval\u00edas se aplica a los residentes fiscales andorranos. Debe pagarse cuando se vende una propiedad adquirida hace menos de 10 a\u00f1os.&nbsp;<\/p>\n\n\n\n<p>Para el c\u00e1lculo de esta plusval\u00eda se emplea un coeficiente corrector que fija anualmente el Gobierno andorrano. En cuanto a las inversiones en alquileres, existe una ley sobre viviendas tur\u00edsticas que aconsejamos consultar. Este impuesto se declara ante el Ministerio de Turismo.<\/p>\n\n\n\n<h3 class=\"wp-block-heading\">Comprar una propiedad en el Principado de Andorra<\/h3>\n\n\n\n<p>Si est\u00e1 pensando en la posibilidad de comprar una propiedad en el Principado de Andorra, puede hacerlo en calidad de residencia habitual. Tambi\u00e9n es posible comprar una propiedad con el fin de invertir y obtener un beneficio de la misma. En este segundo caso, no es obligatorio tener la residencia andorrana.<\/p>\n\n\n\n<p>De todas maneras, si no es residente y no tiene intenci\u00f3n de serlo, deber\u00e1 solicitar una autorizaci\u00f3n de inversi\u00f3n extranjera en el mercado inmobiliario del Principado y obtener un NIA (n\u00famero de identificaci\u00f3n fiscal).<\/p>\n\n\n\n<p>Cabe destacar que, desde la aprobaci\u00f3n de las reformas a la inversi\u00f3n inmobiliaria en Andorra en 2012, ya no existe un n\u00famero limitado de adquisiciones de inmuebles.<\/p>\n\n\n\n<h3 class=\"wp-block-heading\">Condiciones para invertir en inmuebles en Andorra<\/h3>\n\n\n\n<p>Desde 2012, la ley relativa a las inversiones inmobiliarias se ha flexibilizado mucho. Ahora, incluso aquellas personas que no son residentes andorranas<\/p>\n\n\n\n<p>&nbsp;comprar una vivienda, un establecimiento administrativo de uso privado, etc.<\/p>\n\n\n\n<p>Sin embargo, para poder realizar una inversi\u00f3n inmobiliaria en este microestado europeo es preciso cumplir diversas condiciones. Una de ellas es que hay que solicitar una autorizaci\u00f3n de inversi\u00f3n extranjera al Gobierno andorrano e invertir en bienes inmuebles por un importe m\u00ednimo de 40.000 euros. Tambi\u00e9n debe demostrar que dispone ingresos estables y capacidad financiera para realizar su inversi\u00f3n. En este sentido, es necesario disponer de un t\u00edtulo de propiedad o de una autorizaci\u00f3n bancaria, entre otras cosas. <\/p>\n\n\n\n<p>En el caso que se adquiera una segunda vivienda, se debe contar con un permiso de inversi\u00f3n en el extranjero y una cuenta bancaria de no residente.<\/p>\n\n\n\n<h3 class=\"wp-block-heading\">Tipos de inmuebles para invertir en Andorra<\/h3>\n\n\n\n<p>Con el fin de sacar el m\u00e1ximo provecho de la situaci\u00f3n fiscal relativa a las ganancias inmobiliarias en Andorra, le presentamos varias opciones. Todo depende del inter\u00e9s y de los rendimientos que desee obtener.<\/p>\n\n\n\n<p>En concreto, puede invertir en:<\/p>\n\n\n\n<ul class=\"wp-block-list\">\n<li>Aparcamientos: una peque\u00f1a inversi\u00f3n que implica poco riesgo, pero con un alto rendimiento,<\/li>\n\n\n\n<li>Chalets: de innegable atractivo por su originalidad y su entorno \u00fanico resultan atractivos,<\/li>\n\n\n\n<li>Apartamentos y estudios: para obtener ingresos durante todo el a\u00f1o o para alquilarlos de forma estacional durante la temporada de esqu\u00ed,<\/li>\n\n\n\n<li>Locales comerciales: con el aumento de la creaci\u00f3n de empresas destinadas a diversas actividades, ha aumentado su rentabilidad.<\/li>\n<\/ul>\n\n\n\n<h2 class=\"wp-block-heading\">Tributaci\u00f3n de las plusval\u00edas inmobiliarias en Andorra&nbsp;<\/h2>\n\n\n\n<p>Cuando adquiere una propiedad en Andorra, la legislaci\u00f3n fiscal del pa\u00eds le obliga a pagar el ITP. \u00c9ste es el impuesto sobre las ganancias de capital en las transmisiones de propiedades. Equivale aproximadamente al 4% del precio de la vivienda. Esta tasa se repartir\u00e1 entre el Gobierno de Andorra y el Com\u00fa (ayuntamiento) de la parroquia en la que se encuentre el inmueble.<\/p>\n\n\n\n<p>Debe pagar este impuesto a un notario al firmar la escritura de compraventa. Igualmente, deber\u00e1&nbsp;pagar los honorarios del notario. Suponen el 0,1% del valor de la propiedad. En general, var\u00edan entre 600 y 1200 euros.<\/p>\n\n\n\n<p>Tambi\u00e9n hay que tener en cuenta, adem\u00e1s de los costes relacionados con la compra de la vivienda, los honorarios de la agencia inmobiliaria. Estos se sit\u00faan, aproximadamente, entre 5 y el 10% del importe de la venta de la propiedad.<\/p>\n\n\n\n<p>Gracias a su situaci\u00f3n fiscal tan beneficiosa, hay muchas otras actividades y negocios que se pueden hacer en Andorra. Una de ellas es la creaci\u00f3n de empresas. Los impuestos relacionados con las actividades empresariales son relativamente bajos, o incluso nulos en algunos casos.<\/p>\n","protected":false},"excerpt":{"rendered":"<p>Su competitivo sistema fiscal ha posicionado a Andorra como uno de los pa\u00edses m\u00e1s atrayentes del mundo para la inversi\u00f3n. El Principado ofrece multitud de oportunidades inmobiliarias. El tipo de impuesto sobre las plusval\u00edas de las transacciones inmobiliarias en Andorra oscila entre el 1 y el 15%. Adem\u00e1s, el mercado inmobiliario andorrano presenta una amplia [&hellip;]<\/p>\n","protected":false},"author":1,"featured_media":2222,"parent":1635,"menu_order":0,"comment_status":"closed","ping_status":"closed","template":"niveau-2.php","meta":{"_acf_changed":false,"footnotes":""},"class_list":["post-1723","page","type-page","status-publish","has-post-thumbnail","hentry"],"acf":[],"yoast_head":"<!-- This site is optimized with the Yoast SEO Premium plugin v25.8 (Yoast SEO v27.3) - https:\/\/yoast.com\/product\/yoast-seo-premium-wordpress\/ -->\n<title>Fiscalidad Andorra - Ganancias de capital sobre bienes inmuebles<\/title>\n<meta name=\"description\" content=\"Su competitivo sistema fiscal ha posicionado a Andorra como uno de los pa\u00edses m\u00e1s atrayentes del mundo para la inversi\u00f3n. El Principado ofrece multitud de oportunidades inmobiliarias. El tipo de impuesto sobre las plusval\u00edas de las transacciones inmobiliarias en Andorra oscila entre el 1 y el 15%. Adem\u00e1s, el mercado inmobiliario andorrano presenta una amplia oferta de inmuebles. Puede encontrar la propiedad de sus sue\u00f1os, desde pisos hasta chalets de monta\u00f1a, independientemente de sus ingresos o su empleo.\" \/>\n<meta name=\"robots\" content=\"index, follow, max-snippet:-1, max-image-preview:large, max-video-preview:-1\" \/>\n<link rel=\"canonical\" href=\"https:\/\/www.mc-expatriation.com\/es\/los-impuestos-en-andorra\/ganancias-de-capital-sobre-bienes-inmuebles\/\" \/>\n<meta property=\"og:locale\" content=\"es_ES\" \/>\n<meta property=\"og:type\" content=\"article\" \/>\n<meta property=\"og:title\" content=\"Fiscalidad Andorra - Ganancias de capital sobre bienes inmuebles\" \/>\n<meta property=\"og:description\" content=\"Su competitivo sistema fiscal ha posicionado a Andorra como uno de los pa\u00edses m\u00e1s atrayentes del mundo para la inversi\u00f3n. El Principado ofrece multitud de oportunidades inmobiliarias. El tipo de impuesto sobre las plusval\u00edas de las transacciones inmobiliarias en Andorra oscila entre el 1 y el 15%. Adem\u00e1s, el mercado inmobiliario andorrano presenta una amplia oferta de inmuebles. Puede encontrar la propiedad de sus sue\u00f1os, desde pisos hasta chalets de monta\u00f1a, independientemente de sus ingresos o su empleo.\" \/>\n<meta property=\"og:url\" content=\"https:\/\/www.mc-expatriation.com\/es\/los-impuestos-en-andorra\/ganancias-de-capital-sobre-bienes-inmuebles\/\" \/>\n<meta property=\"og:site_name\" content=\"MC Expatriation\" \/>\n<meta property=\"article:modified_time\" content=\"2022-12-18T07:19:48+00:00\" \/>\n<meta property=\"og:image\" content=\"https:\/\/www.mc-expatriation.com\/wp-content\/uploads\/2022\/12\/Plus-values-immobilieres.jpg\" \/>\n\t<meta property=\"og:image:width\" content=\"1200\" \/>\n\t<meta property=\"og:image:height\" content=\"500\" \/>\n\t<meta property=\"og:image:type\" content=\"image\/jpeg\" \/>\n<meta name=\"twitter:card\" content=\"summary_large_image\" \/>\n<meta name=\"twitter:label1\" content=\"Tiempo de lectura\" \/>\n\t<meta name=\"twitter:data1\" content=\"4 minutos\" \/>\n<script type=\"application\/ld+json\" class=\"yoast-schema-graph\">{\"@context\":\"https:\\\/\\\/schema.org\",\"@graph\":[{\"@type\":\"WebPage\",\"@id\":\"https:\\\/\\\/www.mc-expatriation.com\\\/es\\\/los-impuestos-en-andorra\\\/ganancias-de-capital-sobre-bienes-inmuebles\\\/\",\"url\":\"https:\\\/\\\/www.mc-expatriation.com\\\/es\\\/los-impuestos-en-andorra\\\/ganancias-de-capital-sobre-bienes-inmuebles\\\/\",\"name\":\"Fiscalidad Andorra - Ganancias de capital sobre bienes inmuebles\",\"isPartOf\":{\"@id\":\"https:\\\/\\\/www.mc-expatriation.com\\\/#website\"},\"primaryImageOfPage\":{\"@id\":\"https:\\\/\\\/www.mc-expatriation.com\\\/es\\\/los-impuestos-en-andorra\\\/ganancias-de-capital-sobre-bienes-inmuebles\\\/#primaryimage\"},\"image\":{\"@id\":\"https:\\\/\\\/www.mc-expatriation.com\\\/es\\\/los-impuestos-en-andorra\\\/ganancias-de-capital-sobre-bienes-inmuebles\\\/#primaryimage\"},\"thumbnailUrl\":\"https:\\\/\\\/www.mc-expatriation.com\\\/wp-content\\\/uploads\\\/2022\\\/12\\\/Plus-values-immobilieres.jpg\",\"datePublished\":\"2022-11-03T08:09:01+00:00\",\"dateModified\":\"2022-12-18T07:19:48+00:00\",\"description\":\"Su competitivo sistema fiscal ha posicionado a Andorra como uno de los pa\u00edses m\u00e1s atrayentes del mundo para la inversi\u00f3n. El Principado ofrece multitud de oportunidades inmobiliarias. El tipo de impuesto sobre las plusval\u00edas de las transacciones inmobiliarias en Andorra oscila entre el 1 y el 15%. Adem\u00e1s, el mercado inmobiliario andorrano presenta una amplia oferta de inmuebles. Puede encontrar la propiedad de sus sue\u00f1os, desde pisos hasta chalets de monta\u00f1a, independientemente de sus ingresos o su empleo.\",\"breadcrumb\":{\"@id\":\"https:\\\/\\\/www.mc-expatriation.com\\\/es\\\/los-impuestos-en-andorra\\\/ganancias-de-capital-sobre-bienes-inmuebles\\\/#breadcrumb\"},\"inLanguage\":\"es\",\"potentialAction\":[{\"@type\":\"ReadAction\",\"target\":[\"https:\\\/\\\/www.mc-expatriation.com\\\/es\\\/los-impuestos-en-andorra\\\/ganancias-de-capital-sobre-bienes-inmuebles\\\/\"]}]},{\"@type\":\"ImageObject\",\"inLanguage\":\"es\",\"@id\":\"https:\\\/\\\/www.mc-expatriation.com\\\/es\\\/los-impuestos-en-andorra\\\/ganancias-de-capital-sobre-bienes-inmuebles\\\/#primaryimage\",\"url\":\"https:\\\/\\\/www.mc-expatriation.com\\\/wp-content\\\/uploads\\\/2022\\\/12\\\/Plus-values-immobilieres.jpg\",\"contentUrl\":\"https:\\\/\\\/www.mc-expatriation.com\\\/wp-content\\\/uploads\\\/2022\\\/12\\\/Plus-values-immobilieres.jpg\",\"width\":1200,\"height\":500,\"caption\":\"Plus-values immobili\u00e8res\"},{\"@type\":\"BreadcrumbList\",\"@id\":\"https:\\\/\\\/www.mc-expatriation.com\\\/es\\\/los-impuestos-en-andorra\\\/ganancias-de-capital-sobre-bienes-inmuebles\\\/#breadcrumb\",\"itemListElement\":[{\"@type\":\"ListItem\",\"position\":1,\"name\":\"Home\",\"item\":\"https:\\\/\\\/www.mc-expatriation.com\\\/es\\\/\"},{\"@type\":\"ListItem\",\"position\":2,\"name\":\"Los impuestos en Andorra\",\"item\":\"https:\\\/\\\/www.mc-expatriation.com\\\/es\\\/los-impuestos-en-andorra\\\/\"},{\"@type\":\"ListItem\",\"position\":3,\"name\":\"Fiscalidad Andorra &#8211; Ganancias de capital sobre bienes inmuebles\"}]},{\"@type\":\"WebSite\",\"@id\":\"https:\\\/\\\/www.mc-expatriation.com\\\/#website\",\"url\":\"https:\\\/\\\/www.mc-expatriation.com\\\/\",\"name\":\"MC Expatriation\",\"description\":\"\",\"publisher\":{\"@id\":\"https:\\\/\\\/www.mc-expatriation.com\\\/#organization\"},\"potentialAction\":[{\"@type\":\"SearchAction\",\"target\":{\"@type\":\"EntryPoint\",\"urlTemplate\":\"https:\\\/\\\/www.mc-expatriation.com\\\/?s={search_term_string}\"},\"query-input\":{\"@type\":\"PropertyValueSpecification\",\"valueRequired\":true,\"valueName\":\"search_term_string\"}}],\"inLanguage\":\"es\"},{\"@type\":\"Organization\",\"@id\":\"https:\\\/\\\/www.mc-expatriation.com\\\/#organization\",\"name\":\"MC Expatriation\",\"url\":\"https:\\\/\\\/www.mc-expatriation.com\\\/\",\"logo\":{\"@type\":\"ImageObject\",\"inLanguage\":\"es\",\"@id\":\"https:\\\/\\\/www.mc-expatriation.com\\\/#\\\/schema\\\/logo\\\/image\\\/\",\"url\":\"https:\\\/\\\/www.mc-expatriation.com\\\/wp-content\\\/uploads\\\/2022\\\/10\\\/logo.svg\",\"contentUrl\":\"https:\\\/\\\/www.mc-expatriation.com\\\/wp-content\\\/uploads\\\/2022\\\/10\\\/logo.svg\",\"caption\":\"MC Expatriation\"},\"image\":{\"@id\":\"https:\\\/\\\/www.mc-expatriation.com\\\/#\\\/schema\\\/logo\\\/image\\\/\"}}]}<\/script>\n<!-- \/ Yoast SEO Premium plugin. -->","yoast_head_json":{"title":"Fiscalidad Andorra - Ganancias de capital sobre bienes inmuebles","description":"Su competitivo sistema fiscal ha posicionado a Andorra como uno de los pa\u00edses m\u00e1s atrayentes del mundo para la inversi\u00f3n. El Principado ofrece multitud de oportunidades inmobiliarias. El tipo de impuesto sobre las plusval\u00edas de las transacciones inmobiliarias en Andorra oscila entre el 1 y el 15%. Adem\u00e1s, el mercado inmobiliario andorrano presenta una amplia oferta de inmuebles. Puede encontrar la propiedad de sus sue\u00f1os, desde pisos hasta chalets de monta\u00f1a, independientemente de sus ingresos o su empleo.","robots":{"index":"index","follow":"follow","max-snippet":"max-snippet:-1","max-image-preview":"max-image-preview:large","max-video-preview":"max-video-preview:-1"},"canonical":"https:\/\/www.mc-expatriation.com\/es\/los-impuestos-en-andorra\/ganancias-de-capital-sobre-bienes-inmuebles\/","og_locale":"es_ES","og_type":"article","og_title":"Fiscalidad Andorra - Ganancias de capital sobre bienes inmuebles","og_description":"Su competitivo sistema fiscal ha posicionado a Andorra como uno de los pa\u00edses m\u00e1s atrayentes del mundo para la inversi\u00f3n. El Principado ofrece multitud de oportunidades inmobiliarias. El tipo de impuesto sobre las plusval\u00edas de las transacciones inmobiliarias en Andorra oscila entre el 1 y el 15%. Adem\u00e1s, el mercado inmobiliario andorrano presenta una amplia oferta de inmuebles. Puede encontrar la propiedad de sus sue\u00f1os, desde pisos hasta chalets de monta\u00f1a, independientemente de sus ingresos o su empleo.","og_url":"https:\/\/www.mc-expatriation.com\/es\/los-impuestos-en-andorra\/ganancias-de-capital-sobre-bienes-inmuebles\/","og_site_name":"MC Expatriation","article_modified_time":"2022-12-18T07:19:48+00:00","og_image":[{"width":1200,"height":500,"url":"https:\/\/www.mc-expatriation.com\/wp-content\/uploads\/2022\/12\/Plus-values-immobilieres.jpg","type":"image\/jpeg"}],"twitter_card":"summary_large_image","twitter_misc":{"Tiempo de lectura":"4 minutos"},"schema":{"@context":"https:\/\/schema.org","@graph":[{"@type":"WebPage","@id":"https:\/\/www.mc-expatriation.com\/es\/los-impuestos-en-andorra\/ganancias-de-capital-sobre-bienes-inmuebles\/","url":"https:\/\/www.mc-expatriation.com\/es\/los-impuestos-en-andorra\/ganancias-de-capital-sobre-bienes-inmuebles\/","name":"Fiscalidad Andorra - Ganancias de capital sobre bienes inmuebles","isPartOf":{"@id":"https:\/\/www.mc-expatriation.com\/#website"},"primaryImageOfPage":{"@id":"https:\/\/www.mc-expatriation.com\/es\/los-impuestos-en-andorra\/ganancias-de-capital-sobre-bienes-inmuebles\/#primaryimage"},"image":{"@id":"https:\/\/www.mc-expatriation.com\/es\/los-impuestos-en-andorra\/ganancias-de-capital-sobre-bienes-inmuebles\/#primaryimage"},"thumbnailUrl":"https:\/\/www.mc-expatriation.com\/wp-content\/uploads\/2022\/12\/Plus-values-immobilieres.jpg","datePublished":"2022-11-03T08:09:01+00:00","dateModified":"2022-12-18T07:19:48+00:00","description":"Su competitivo sistema fiscal ha posicionado a Andorra como uno de los pa\u00edses m\u00e1s atrayentes del mundo para la inversi\u00f3n. El Principado ofrece multitud de oportunidades inmobiliarias. El tipo de impuesto sobre las plusval\u00edas de las transacciones inmobiliarias en Andorra oscila entre el 1 y el 15%. Adem\u00e1s, el mercado inmobiliario andorrano presenta una amplia oferta de inmuebles. Puede encontrar la propiedad de sus sue\u00f1os, desde pisos hasta chalets de monta\u00f1a, independientemente de sus ingresos o su empleo.","breadcrumb":{"@id":"https:\/\/www.mc-expatriation.com\/es\/los-impuestos-en-andorra\/ganancias-de-capital-sobre-bienes-inmuebles\/#breadcrumb"},"inLanguage":"es","potentialAction":[{"@type":"ReadAction","target":["https:\/\/www.mc-expatriation.com\/es\/los-impuestos-en-andorra\/ganancias-de-capital-sobre-bienes-inmuebles\/"]}]},{"@type":"ImageObject","inLanguage":"es","@id":"https:\/\/www.mc-expatriation.com\/es\/los-impuestos-en-andorra\/ganancias-de-capital-sobre-bienes-inmuebles\/#primaryimage","url":"https:\/\/www.mc-expatriation.com\/wp-content\/uploads\/2022\/12\/Plus-values-immobilieres.jpg","contentUrl":"https:\/\/www.mc-expatriation.com\/wp-content\/uploads\/2022\/12\/Plus-values-immobilieres.jpg","width":1200,"height":500,"caption":"Plus-values immobili\u00e8res"},{"@type":"BreadcrumbList","@id":"https:\/\/www.mc-expatriation.com\/es\/los-impuestos-en-andorra\/ganancias-de-capital-sobre-bienes-inmuebles\/#breadcrumb","itemListElement":[{"@type":"ListItem","position":1,"name":"Home","item":"https:\/\/www.mc-expatriation.com\/es\/"},{"@type":"ListItem","position":2,"name":"Los impuestos en Andorra","item":"https:\/\/www.mc-expatriation.com\/es\/los-impuestos-en-andorra\/"},{"@type":"ListItem","position":3,"name":"Fiscalidad Andorra &#8211; Ganancias de capital sobre bienes inmuebles"}]},{"@type":"WebSite","@id":"https:\/\/www.mc-expatriation.com\/#website","url":"https:\/\/www.mc-expatriation.com\/","name":"MC Expatriation","description":"","publisher":{"@id":"https:\/\/www.mc-expatriation.com\/#organization"},"potentialAction":[{"@type":"SearchAction","target":{"@type":"EntryPoint","urlTemplate":"https:\/\/www.mc-expatriation.com\/?s={search_term_string}"},"query-input":{"@type":"PropertyValueSpecification","valueRequired":true,"valueName":"search_term_string"}}],"inLanguage":"es"},{"@type":"Organization","@id":"https:\/\/www.mc-expatriation.com\/#organization","name":"MC Expatriation","url":"https:\/\/www.mc-expatriation.com\/","logo":{"@type":"ImageObject","inLanguage":"es","@id":"https:\/\/www.mc-expatriation.com\/#\/schema\/logo\/image\/","url":"https:\/\/www.mc-expatriation.com\/wp-content\/uploads\/2022\/10\/logo.svg","contentUrl":"https:\/\/www.mc-expatriation.com\/wp-content\/uploads\/2022\/10\/logo.svg","caption":"MC Expatriation"},"image":{"@id":"https:\/\/www.mc-expatriation.com\/#\/schema\/logo\/image\/"}}]}},"_links":{"self":[{"href":"https:\/\/www.mc-expatriation.com\/es\/wp-json\/wp\/v2\/pages\/1723","targetHints":{"allow":["GET"]}}],"collection":[{"href":"https:\/\/www.mc-expatriation.com\/es\/wp-json\/wp\/v2\/pages"}],"about":[{"href":"https:\/\/www.mc-expatriation.com\/es\/wp-json\/wp\/v2\/types\/page"}],"author":[{"embeddable":true,"href":"https:\/\/www.mc-expatriation.com\/es\/wp-json\/wp\/v2\/users\/1"}],"replies":[{"embeddable":true,"href":"https:\/\/www.mc-expatriation.com\/es\/wp-json\/wp\/v2\/comments?post=1723"}],"version-history":[{"count":11,"href":"https:\/\/www.mc-expatriation.com\/es\/wp-json\/wp\/v2\/pages\/1723\/revisions"}],"predecessor-version":[{"id":2224,"href":"https:\/\/www.mc-expatriation.com\/es\/wp-json\/wp\/v2\/pages\/1723\/revisions\/2224"}],"up":[{"embeddable":true,"href":"https:\/\/www.mc-expatriation.com\/es\/wp-json\/wp\/v2\/pages\/1635"}],"wp:featuredmedia":[{"embeddable":true,"href":"https:\/\/www.mc-expatriation.com\/es\/wp-json\/wp\/v2\/media\/2222"}],"wp:attachment":[{"href":"https:\/\/www.mc-expatriation.com\/es\/wp-json\/wp\/v2\/media?parent=1723"}],"curies":[{"name":"wp","href":"https:\/\/api.w.org\/{rel}","templated":true}]}}