{"id":1778,"date":"2022-10-27T21:00:56","date_gmt":"2022-10-27T21:00:56","guid":{"rendered":"http:\/\/mcexpat.devmc.xyz\/gestoria\/enfants\/"},"modified":"2023-03-09T06:10:47","modified_gmt":"2023-03-09T06:10:47","slug":"ninos","status":"publish","type":"page","link":"https:\/\/www.mc-expatriation.com\/es\/gestoria\/ninos\/","title":{"rendered":"Expatriarse en el Principado de Andorra con sus hijos"},"content":{"rendered":"\n<p>Tanto si se trata de crear un nuevo negocio, como de mudarse a Andorra como trabajado acompa\u00f1ado de sus hijos, las condiciones de vida que ofrece este pa\u00eds son ideales para toda la familia. Entre otras cosas, hay que mencionar su excepcional seguridad. Su pol\u00edtica fiscal tambi\u00e9n es muy ventajosa.<\/p>\n\n\n\n<h2 class=\"wp-block-heading\" id=\"h-los-tramites-necesarios-para-expatriarse-a-andorra-con-sus-hijos\">Los tr\u00e1mites necesarios para expatriarse a Andorra con sus hijos<\/h2>\n\n\n\n<p>\u00bfCu\u00e1les son los procedimientos para solicitar la residencia andorrana para sus hijos como expatriado? En primer lugar, debe saber que trasladarse al Principado en familia es una ventaja. Facilita la obtenci\u00f3n de la residencia. Por ejemplo, hacerlo as\u00ed reduce los viajes entre Andorra y su pa\u00eds de origen. Establecerse en Andorra como familia es uno de los criterios que el Gobierno valora a la hora de examinar una solicitud de expatriaci\u00f3n. Si tiene un empleo o un proyecto s\u00f3lido de creaci\u00f3n de empresa, es una verdadera ventaja. Aun as\u00ed, su inmigraci\u00f3n siempre estar\u00e1 sujeta a ciertas condiciones.<\/p>\n\n\n\n<p>Para obtener la residencia andorrana, ya sea pasiva o activa, hay que tener un trabajo en el pa\u00eds, estar jubilado, o ser empresario o inversor local. En el caso de una inmigraci\u00f3n acompa\u00f1ado de sus hijos, se aconseja la residencia activa. Tambi\u00e9n deber\u00e1 vivir all\u00ed al menos entre 90 y 183 d\u00edas al a\u00f1o. Este lapso var\u00eda en funci\u00f3n de su tipo de residencia.<\/p>\n\n\n\n<h2 class=\"wp-block-heading\" id=\"h-matriculacion-en-una-escuela-de-andorra\">Matriculaci\u00f3n en una escuela de Andorra<\/h2>\n\n\n\n<p>Andorra es un pa\u00eds que pone en valor el bienestar de sus habitantes y el entorno natural. Es el sitio ideal para los que quieren alejarse del fren\u00e9tico ritmo de vida de Francia, Alemania, Espa\u00f1a... Y su sistema educativo no tiene nada que envidiar a los de los dem\u00e1s pa\u00edses. Coexisten diferentes sistemas escolares.<\/p>\n\n\n\n<p>Aunque Andorra es un estado peque\u00f1o, tiene tres sistemas educativos:<\/p>\n\n\n\n<ul class=\"wp-block-list\" type=\"1\">\n<li>Un sistema escolar andorrano,<\/li>\n\n\n\n<li>Un sistema franc\u00e9s,<\/li>\n\n\n\n<li>Un sistema espa\u00f1ol.<\/li>\n<\/ul>\n\n\n\n<p>Estas escuelas son p\u00fablicas y est\u00e1n financiadas por el Estado. Por lo tanto, puede inscribir a su hijo en una escuela francesa en Andorra en su condici\u00f3n de expatriado.<\/p>\n\n\n\n<p>Tambi\u00e9n puede inscribir a sus hijos en una de las dos escuelas privadas del Principado. En estas instituciones se favorece el idioma ingl\u00e9s. Tambi\u00e9n es posible recibir clases particulares o a domicilio si su hijo necesita ayuda. Si est\u00e1 pensando en matricular a sus hijos en una escuela andorrana, puede hacerlo con total tranquilidad. Los servicios que ofrece nuestra Gestor\u00eda pueden ahorrarle algunos tr\u00e1mites y optimizar la b\u00fasqueda de un centro escolar, as\u00ed como la matriculaci\u00f3n de sus hijos.<\/p>\n","protected":false},"excerpt":{"rendered":"<p>Tanto si se trata de crear un nuevo negocio, como de mudarse a Andorra como trabajado acompa\u00f1ado de sus hijos, las condiciones de vida que ofrece este pa\u00eds son ideales para toda la familia. Entre otras cosas, hay que mencionar su excepcional seguridad. Su pol\u00edtica fiscal tambi\u00e9n es muy ventajosa. Los tr\u00e1mites necesarios para expatriarse [&hellip;]<\/p>\n","protected":false},"author":1,"featured_media":3129,"parent":1741,"menu_order":0,"comment_status":"closed","ping_status":"closed","template":"niveau-2.php","meta":{"_acf_changed":false,"footnotes":""},"class_list":["post-1778","page","type-page","status-publish","has-post-thumbnail","hentry"],"acf":[],"yoast_head":"<!-- This site is optimized with the Yoast SEO Premium plugin v25.8 (Yoast SEO v27.3) - https:\/\/yoast.com\/product\/yoast-seo-premium-wordpress\/ -->\n<title>Expatriarse en el Principado de Andorra con sus hijos<\/title>\n<meta name=\"robots\" content=\"noindex, follow\" \/>\n<meta property=\"og:locale\" content=\"es_ES\" \/>\n<meta property=\"og:type\" content=\"article\" \/>\n<meta property=\"og:title\" content=\"Expatriarse en el Principado de Andorra con sus hijos\" \/>\n<meta property=\"og:description\" content=\"Tanto si se trata de crear un nuevo negocio, como de mudarse a Andorra como trabajado acompa\u00f1ado de sus hijos, las condiciones de vida que ofrece este pa\u00eds son ideales para toda la familia. Entre otras cosas, hay que mencionar su excepcional seguridad. Su pol\u00edtica fiscal tambi\u00e9n es muy ventajosa. Los tr\u00e1mites necesarios para expatriarse [&hellip;]\" \/>\n<meta property=\"og:url\" content=\"https:\/\/www.mc-expatriation.com\/es\/gestoria\/ninos\/\" \/>\n<meta property=\"og:site_name\" content=\"MC Expatriation\" \/>\n<meta property=\"article:modified_time\" content=\"2023-03-09T06:10:47+00:00\" \/>\n<meta property=\"og:image\" content=\"https:\/\/www.mc-expatriation.com\/wp-content\/uploads\/2023\/03\/inscription-enfants-andorre.jpg\" \/>\n\t<meta property=\"og:image:width\" content=\"1924\" \/>\n\t<meta property=\"og:image:height\" content=\"430\" \/>\n\t<meta property=\"og:image:type\" content=\"image\/jpeg\" \/>\n<meta name=\"twitter:card\" content=\"summary_large_image\" \/>\n<meta name=\"twitter:label1\" content=\"Tiempo de lectura\" \/>\n\t<meta name=\"twitter:data1\" content=\"3 minutos\" \/>\n<script type=\"application\/ld+json\" class=\"yoast-schema-graph\">{\"@context\":\"https:\\\/\\\/schema.org\",\"@graph\":[{\"@type\":\"WebPage\",\"@id\":\"https:\\\/\\\/www.mc-expatriation.com\\\/es\\\/gestoria\\\/ninos\\\/\",\"url\":\"https:\\\/\\\/www.mc-expatriation.com\\\/es\\\/gestoria\\\/ninos\\\/\",\"name\":\"Expatriarse en el Principado de Andorra con sus hijos\",\"isPartOf\":{\"@id\":\"https:\\\/\\\/www.mc-expatriation.com\\\/#website\"},\"primaryImageOfPage\":{\"@id\":\"https:\\\/\\\/www.mc-expatriation.com\\\/es\\\/gestoria\\\/ninos\\\/#primaryimage\"},\"image\":{\"@id\":\"https:\\\/\\\/www.mc-expatriation.com\\\/es\\\/gestoria\\\/ninos\\\/#primaryimage\"},\"thumbnailUrl\":\"https:\\\/\\\/www.mc-expatriation.com\\\/wp-content\\\/uploads\\\/2023\\\/03\\\/inscription-enfants-andorre.jpg\",\"datePublished\":\"2022-10-27T21:00:56+00:00\",\"dateModified\":\"2023-03-09T06:10:47+00:00\",\"breadcrumb\":{\"@id\":\"https:\\\/\\\/www.mc-expatriation.com\\\/es\\\/gestoria\\\/ninos\\\/#breadcrumb\"},\"inLanguage\":\"es\",\"potentialAction\":[{\"@type\":\"ReadAction\",\"target\":[\"https:\\\/\\\/www.mc-expatriation.com\\\/es\\\/gestoria\\\/ninos\\\/\"]}]},{\"@type\":\"ImageObject\",\"inLanguage\":\"es\",\"@id\":\"https:\\\/\\\/www.mc-expatriation.com\\\/es\\\/gestoria\\\/ninos\\\/#primaryimage\",\"url\":\"https:\\\/\\\/www.mc-expatriation.com\\\/wp-content\\\/uploads\\\/2023\\\/03\\\/inscription-enfants-andorre.jpg\",\"contentUrl\":\"https:\\\/\\\/www.mc-expatriation.com\\\/wp-content\\\/uploads\\\/2023\\\/03\\\/inscription-enfants-andorre.jpg\",\"width\":1924,\"height\":430,\"caption\":\"Inscription enfants en Andorre\"},{\"@type\":\"BreadcrumbList\",\"@id\":\"https:\\\/\\\/www.mc-expatriation.com\\\/es\\\/gestoria\\\/ninos\\\/#breadcrumb\",\"itemListElement\":[{\"@type\":\"ListItem\",\"position\":1,\"name\":\"Home\",\"item\":\"https:\\\/\\\/www.mc-expatriation.com\\\/es\\\/\"},{\"@type\":\"ListItem\",\"position\":2,\"name\":\"Gestor\u00eda Andorra, su consultor\u00eda de asistencia a la expatriaci\u00f3n\",\"item\":\"https:\\\/\\\/www.mc-expatriation.com\\\/es\\\/gestoria\\\/\"},{\"@type\":\"ListItem\",\"position\":3,\"name\":\"Expatriarse en el Principado de Andorra con sus hijos\"}]},{\"@type\":\"WebSite\",\"@id\":\"https:\\\/\\\/www.mc-expatriation.com\\\/#website\",\"url\":\"https:\\\/\\\/www.mc-expatriation.com\\\/\",\"name\":\"MC Expatriation\",\"description\":\"\",\"publisher\":{\"@id\":\"https:\\\/\\\/www.mc-expatriation.com\\\/#organization\"},\"potentialAction\":[{\"@type\":\"SearchAction\",\"target\":{\"@type\":\"EntryPoint\",\"urlTemplate\":\"https:\\\/\\\/www.mc-expatriation.com\\\/?s={search_term_string}\"},\"query-input\":{\"@type\":\"PropertyValueSpecification\",\"valueRequired\":true,\"valueName\":\"search_term_string\"}}],\"inLanguage\":\"es\"},{\"@type\":\"Organization\",\"@id\":\"https:\\\/\\\/www.mc-expatriation.com\\\/#organization\",\"name\":\"MC Expatriation\",\"url\":\"https:\\\/\\\/www.mc-expatriation.com\\\/\",\"logo\":{\"@type\":\"ImageObject\",\"inLanguage\":\"es\",\"@id\":\"https:\\\/\\\/www.mc-expatriation.com\\\/#\\\/schema\\\/logo\\\/image\\\/\",\"url\":\"https:\\\/\\\/www.mc-expatriation.com\\\/wp-content\\\/uploads\\\/2022\\\/10\\\/logo.svg\",\"contentUrl\":\"https:\\\/\\\/www.mc-expatriation.com\\\/wp-content\\\/uploads\\\/2022\\\/10\\\/logo.svg\",\"caption\":\"MC Expatriation\"},\"image\":{\"@id\":\"https:\\\/\\\/www.mc-expatriation.com\\\/#\\\/schema\\\/logo\\\/image\\\/\"}}]}<\/script>\n<!-- \/ Yoast SEO Premium plugin. -->","yoast_head_json":{"title":"Expatriarse en el Principado de Andorra con sus hijos","robots":{"index":"noindex","follow":"follow"},"og_locale":"es_ES","og_type":"article","og_title":"Expatriarse en el Principado de Andorra con sus hijos","og_description":"Tanto si se trata de crear un nuevo negocio, como de mudarse a Andorra como trabajado acompa\u00f1ado de sus hijos, las condiciones de vida que ofrece este pa\u00eds son ideales para toda la familia. Entre otras cosas, hay que mencionar su excepcional seguridad. Su pol\u00edtica fiscal tambi\u00e9n es muy ventajosa. Los tr\u00e1mites necesarios para expatriarse [&hellip;]","og_url":"https:\/\/www.mc-expatriation.com\/es\/gestoria\/ninos\/","og_site_name":"MC Expatriation","article_modified_time":"2023-03-09T06:10:47+00:00","og_image":[{"width":1924,"height":430,"url":"https:\/\/www.mc-expatriation.com\/wp-content\/uploads\/2023\/03\/inscription-enfants-andorre.jpg","type":"image\/jpeg"}],"twitter_card":"summary_large_image","twitter_misc":{"Tiempo de lectura":"3 minutos"},"schema":{"@context":"https:\/\/schema.org","@graph":[{"@type":"WebPage","@id":"https:\/\/www.mc-expatriation.com\/es\/gestoria\/ninos\/","url":"https:\/\/www.mc-expatriation.com\/es\/gestoria\/ninos\/","name":"Expatriarse en el Principado de Andorra con sus hijos","isPartOf":{"@id":"https:\/\/www.mc-expatriation.com\/#website"},"primaryImageOfPage":{"@id":"https:\/\/www.mc-expatriation.com\/es\/gestoria\/ninos\/#primaryimage"},"image":{"@id":"https:\/\/www.mc-expatriation.com\/es\/gestoria\/ninos\/#primaryimage"},"thumbnailUrl":"https:\/\/www.mc-expatriation.com\/wp-content\/uploads\/2023\/03\/inscription-enfants-andorre.jpg","datePublished":"2022-10-27T21:00:56+00:00","dateModified":"2023-03-09T06:10:47+00:00","breadcrumb":{"@id":"https:\/\/www.mc-expatriation.com\/es\/gestoria\/ninos\/#breadcrumb"},"inLanguage":"es","potentialAction":[{"@type":"ReadAction","target":["https:\/\/www.mc-expatriation.com\/es\/gestoria\/ninos\/"]}]},{"@type":"ImageObject","inLanguage":"es","@id":"https:\/\/www.mc-expatriation.com\/es\/gestoria\/ninos\/#primaryimage","url":"https:\/\/www.mc-expatriation.com\/wp-content\/uploads\/2023\/03\/inscription-enfants-andorre.jpg","contentUrl":"https:\/\/www.mc-expatriation.com\/wp-content\/uploads\/2023\/03\/inscription-enfants-andorre.jpg","width":1924,"height":430,"caption":"Inscription enfants en Andorre"},{"@type":"BreadcrumbList","@id":"https:\/\/www.mc-expatriation.com\/es\/gestoria\/ninos\/#breadcrumb","itemListElement":[{"@type":"ListItem","position":1,"name":"Home","item":"https:\/\/www.mc-expatriation.com\/es\/"},{"@type":"ListItem","position":2,"name":"Gestor\u00eda Andorra, su consultor\u00eda de asistencia a la expatriaci\u00f3n","item":"https:\/\/www.mc-expatriation.com\/es\/gestoria\/"},{"@type":"ListItem","position":3,"name":"Expatriarse en el Principado de Andorra con sus hijos"}]},{"@type":"WebSite","@id":"https:\/\/www.mc-expatriation.com\/#website","url":"https:\/\/www.mc-expatriation.com\/","name":"MC Expatriation","description":"","publisher":{"@id":"https:\/\/www.mc-expatriation.com\/#organization"},"potentialAction":[{"@type":"SearchAction","target":{"@type":"EntryPoint","urlTemplate":"https:\/\/www.mc-expatriation.com\/?s={search_term_string}"},"query-input":{"@type":"PropertyValueSpecification","valueRequired":true,"valueName":"search_term_string"}}],"inLanguage":"es"},{"@type":"Organization","@id":"https:\/\/www.mc-expatriation.com\/#organization","name":"MC Expatriation","url":"https:\/\/www.mc-expatriation.com\/","logo":{"@type":"ImageObject","inLanguage":"es","@id":"https:\/\/www.mc-expatriation.com\/#\/schema\/logo\/image\/","url":"https:\/\/www.mc-expatriation.com\/wp-content\/uploads\/2022\/10\/logo.svg","contentUrl":"https:\/\/www.mc-expatriation.com\/wp-content\/uploads\/2022\/10\/logo.svg","caption":"MC Expatriation"},"image":{"@id":"https:\/\/www.mc-expatriation.com\/#\/schema\/logo\/image\/"}}]}},"_links":{"self":[{"href":"https:\/\/www.mc-expatriation.com\/es\/wp-json\/wp\/v2\/pages\/1778","targetHints":{"allow":["GET"]}}],"collection":[{"href":"https:\/\/www.mc-expatriation.com\/es\/wp-json\/wp\/v2\/pages"}],"about":[{"href":"https:\/\/www.mc-expatriation.com\/es\/wp-json\/wp\/v2\/types\/page"}],"author":[{"embeddable":true,"href":"https:\/\/www.mc-expatriation.com\/es\/wp-json\/wp\/v2\/users\/1"}],"replies":[{"embeddable":true,"href":"https:\/\/www.mc-expatriation.com\/es\/wp-json\/wp\/v2\/comments?post=1778"}],"version-history":[{"count":8,"href":"https:\/\/www.mc-expatriation.com\/es\/wp-json\/wp\/v2\/pages\/1778\/revisions"}],"predecessor-version":[{"id":3132,"href":"https:\/\/www.mc-expatriation.com\/es\/wp-json\/wp\/v2\/pages\/1778\/revisions\/3132"}],"up":[{"embeddable":true,"href":"https:\/\/www.mc-expatriation.com\/es\/wp-json\/wp\/v2\/pages\/1741"}],"wp:featuredmedia":[{"embeddable":true,"href":"https:\/\/www.mc-expatriation.com\/es\/wp-json\/wp\/v2\/media\/3129"}],"wp:attachment":[{"href":"https:\/\/www.mc-expatriation.com\/es\/wp-json\/wp\/v2\/media?parent=1778"}],"curies":[{"name":"wp","href":"https:\/\/api.w.org\/{rel}","templated":true}]}}