{"id":1786,"date":"2022-10-27T21:02:10","date_gmt":"2022-10-27T21:02:10","guid":{"rendered":"http:\/\/mcexpat.devmc.xyz\/gestoria\/decorateur-dinterieur\/"},"modified":"2023-03-09T06:59:17","modified_gmt":"2023-03-09T06:59:17","slug":"decorador-interiores","status":"publish","type":"page","link":"https:\/\/www.mc-expatriation.com\/es\/gestoria\/decorador-interiores\/","title":{"rendered":"Gestor\u00eda \u2013 Decorador de interiores"},"content":{"rendered":"\n<h2 class=\"wp-block-heading\" id=\"h-encuentre-un-decorador-capaz-de-satisfacer-sus-necesidades-en-andorra\">Encuentre un decorador capaz de satisfacer sus necesidades en Andorra<\/h2>\n\n\n\n<p>Una vez en Andorra, \u00bfnecesita un dise\u00f1ador de interiores profesional que se encargue de la decoraci\u00f3n de su nuevo hogar? Tanto si se encuentra en Andorra La Vella, la capital del Principado de Andorra, como en otra parroquia, recurra a la ayuda de una Gestor\u00eda para encontrar al profesional que necesita.<\/p>\n\n\n\n<p>Las empresas de dise\u00f1o de interiores de Andorra suelen estar formadas por arquitectos profesionales y artesanos con talento. Podr\u00e1n ayudarle a encontrar la expresi\u00f3n crom\u00e1tica adecuada, a seleccionar el mobiliario apropiado, a optimizar el espacio, a generar fluidez en sus estancias y a crear para usted un resultado de calidad. Sean cuales sean sus necesidades, obtendr\u00e1 unos interiores bien decorados. Tanto si quiere cambiar el cristal de su mirador, como renovar el papel pintado, sustituir los muebles cl\u00e1sicos por otros de dise\u00f1o o redise\u00f1ar el cuarto de ba\u00f1o, estos dise\u00f1adores colmar\u00e1n sus expectativas.<\/p>\n\n\n\n<div class=\"wp-block-media-text alignwide is-stacked-on-mobile\"><figure class=\"wp-block-media-text__media\"><img loading=\"lazy\" decoding=\"async\" width=\"620\" height=\"413\" src=\"https:\/\/www.mc-expatriation.com\/wp-content\/uploads\/2023\/03\/designer-interieur-andorre.jpg\" alt=\"Architecte d\u2019int\u00e9rieur pour am\u00e9nager sa maison en Andorre\" class=\"wp-image-3142 size-full\" srcset=\"https:\/\/www.mc-expatriation.com\/wp-content\/uploads\/2023\/03\/designer-interieur-andorre.jpg 620w, https:\/\/www.mc-expatriation.com\/wp-content\/uploads\/2023\/03\/designer-interieur-andorre-300x200.jpg 300w, https:\/\/www.mc-expatriation.com\/wp-content\/uploads\/2023\/03\/designer-interieur-andorre-380x253.jpg 380w\" sizes=\"auto, (max-width: 620px) 100vw, 620px\" \/><\/figure><div class=\"wp-block-media-text__content\">\n<h3 class=\"wp-block-heading\" id=\"h-razones-para-contratar-a-un-disenador-de-interiores\">Razones para contratar a un dise\u00f1ador de interiores <\/h3>\n\n\n\n<p>\u00bfPor qu\u00e9 contratar a un dise\u00f1ador de interiores para dise\u00f1ar su vivienda en Andorra? Porque este profesional experto en el sector de la construcci\u00f3n tiene las habilidades necesarias para crear una decoraci\u00f3n armoniosa que responda a sus exigencias. Tiene los conocimientos&nbsp;para armonizar cada color, tanto si se trata de un dormitorio o de otras dependencias, como la cocina, la ducha o el comedor. Conoce las t\u00e9cnicas de redise\u00f1o de interiores y puede darle los consejos e informaci\u00f3n que necesita. Podr\u00e1 darle una opini\u00f3n bien fundamentada para el \u00e9xito de su proyecto.<\/p>\n<\/div><\/div>\n\n\n\n<h2 class=\"wp-block-heading\">La ventaja de recurrir a una Gestor\u00eda: acceso a una red de profesionales de habla francesa en el Principado<\/h2>\n\n\n\n<p>Andorra es popular entre los expatriados por la sencilla raz\u00f3n de que no queda lejos de Francia, Espa\u00f1a ni de los dem\u00e1s pa\u00edses de Europa. Pese a ser uno de los estados m\u00e1s peque\u00f1os del mundo, en el Principado hay de todo. \u00bfNecesita un estudio de decoraci\u00f3n para completar su proyecto de interiorismo? Andorra le ofrece los productos que necesita a trav\u00e9s de sus numerosas tiendas.<\/p>\n\n\n\n<p>Si necesita un dise\u00f1ador de interiores o un decorador profesional, en nuestra gestor\u00eda daremos a elegir entre nuestra red de colaboradores, que ya han trabajado para muchos expatriados. Con su dominio de los c\u00f3digos del interiorismo, productos de calidad y grandes marcas como Roca, son capaces de satisfacer todas sus necesidades. No hace falta ir a la tienda.<\/p>\n","protected":false},"excerpt":{"rendered":"<p>Encuentre un decorador capaz de satisfacer sus necesidades en Andorra Una vez en Andorra, \u00bfnecesita un dise\u00f1ador de interiores profesional que se encargue de la decoraci\u00f3n de su nuevo hogar? Tanto si se encuentra en Andorra La Vella, la capital del Principado de Andorra, como en otra parroquia, recurra a la ayuda de una Gestor\u00eda [&hellip;]<\/p>\n","protected":false},"author":1,"featured_media":3149,"parent":1741,"menu_order":0,"comment_status":"closed","ping_status":"closed","template":"niveau-2.php","meta":{"_acf_changed":false,"footnotes":""},"class_list":["post-1786","page","type-page","status-publish","has-post-thumbnail","hentry"],"acf":[],"yoast_head":"<!-- This site is optimized with the Yoast SEO Premium plugin v25.8 (Yoast SEO v27.3) - https:\/\/yoast.com\/product\/yoast-seo-premium-wordpress\/ -->\n<title>Gestor\u00eda \u2013 Decorador de interiores<\/title>\n<meta name=\"robots\" content=\"index, follow, max-snippet:-1, max-image-preview:large, max-video-preview:-1\" \/>\n<link rel=\"canonical\" href=\"https:\/\/www.mc-expatriation.com\/es\/gestoria\/decorador-interiores\/\" \/>\n<meta property=\"og:locale\" content=\"es_ES\" \/>\n<meta property=\"og:type\" content=\"article\" \/>\n<meta property=\"og:title\" content=\"Gestor\u00eda \u2013 Decorador de interiores\" \/>\n<meta property=\"og:description\" content=\"Encuentre un decorador capaz de satisfacer sus necesidades en Andorra Una vez en Andorra, \u00bfnecesita un dise\u00f1ador de interiores profesional que se encargue de la decoraci\u00f3n de su nuevo hogar? Tanto si se encuentra en Andorra La Vella, la capital del Principado de Andorra, como en otra parroquia, recurra a la ayuda de una Gestor\u00eda [&hellip;]\" \/>\n<meta property=\"og:url\" content=\"https:\/\/www.mc-expatriation.com\/es\/gestoria\/decorador-interiores\/\" \/>\n<meta property=\"og:site_name\" content=\"MC Expatriation\" \/>\n<meta property=\"article:modified_time\" content=\"2023-03-09T06:59:17+00:00\" \/>\n<meta property=\"og:image\" content=\"https:\/\/www.mc-expatriation.com\/wp-content\/uploads\/2023\/03\/architecte-interieur-andorrane.jpg\" \/>\n\t<meta property=\"og:image:width\" content=\"1924\" \/>\n\t<meta property=\"og:image:height\" content=\"430\" \/>\n\t<meta property=\"og:image:type\" content=\"image\/jpeg\" \/>\n<meta name=\"twitter:card\" content=\"summary_large_image\" \/>\n<meta name=\"twitter:label1\" content=\"Tiempo de lectura\" \/>\n\t<meta name=\"twitter:data1\" content=\"3 minutos\" \/>\n<script type=\"application\/ld+json\" class=\"yoast-schema-graph\">{\"@context\":\"https:\\\/\\\/schema.org\",\"@graph\":[{\"@type\":\"WebPage\",\"@id\":\"https:\\\/\\\/www.mc-expatriation.com\\\/es\\\/gestoria\\\/decorador-interiores\\\/\",\"url\":\"https:\\\/\\\/www.mc-expatriation.com\\\/es\\\/gestoria\\\/decorador-interiores\\\/\",\"name\":\"Gestor\u00eda \u2013 Decorador de interiores\",\"isPartOf\":{\"@id\":\"https:\\\/\\\/www.mc-expatriation.com\\\/#website\"},\"primaryImageOfPage\":{\"@id\":\"https:\\\/\\\/www.mc-expatriation.com\\\/es\\\/gestoria\\\/decorador-interiores\\\/#primaryimage\"},\"image\":{\"@id\":\"https:\\\/\\\/www.mc-expatriation.com\\\/es\\\/gestoria\\\/decorador-interiores\\\/#primaryimage\"},\"thumbnailUrl\":\"https:\\\/\\\/www.mc-expatriation.com\\\/wp-content\\\/uploads\\\/2023\\\/03\\\/architecte-interieur-andorrane.jpg\",\"datePublished\":\"2022-10-27T21:02:10+00:00\",\"dateModified\":\"2023-03-09T06:59:17+00:00\",\"breadcrumb\":{\"@id\":\"https:\\\/\\\/www.mc-expatriation.com\\\/es\\\/gestoria\\\/decorador-interiores\\\/#breadcrumb\"},\"inLanguage\":\"es\",\"potentialAction\":[{\"@type\":\"ReadAction\",\"target\":[\"https:\\\/\\\/www.mc-expatriation.com\\\/es\\\/gestoria\\\/decorador-interiores\\\/\"]}]},{\"@type\":\"ImageObject\",\"inLanguage\":\"es\",\"@id\":\"https:\\\/\\\/www.mc-expatriation.com\\\/es\\\/gestoria\\\/decorador-interiores\\\/#primaryimage\",\"url\":\"https:\\\/\\\/www.mc-expatriation.com\\\/wp-content\\\/uploads\\\/2023\\\/03\\\/architecte-interieur-andorrane.jpg\",\"contentUrl\":\"https:\\\/\\\/www.mc-expatriation.com\\\/wp-content\\\/uploads\\\/2023\\\/03\\\/architecte-interieur-andorrane.jpg\",\"width\":1924,\"height\":430,\"caption\":\"D\u00e9corateur int\u00e9rieur\"},{\"@type\":\"BreadcrumbList\",\"@id\":\"https:\\\/\\\/www.mc-expatriation.com\\\/es\\\/gestoria\\\/decorador-interiores\\\/#breadcrumb\",\"itemListElement\":[{\"@type\":\"ListItem\",\"position\":1,\"name\":\"Home\",\"item\":\"https:\\\/\\\/www.mc-expatriation.com\\\/es\\\/\"},{\"@type\":\"ListItem\",\"position\":2,\"name\":\"Gestor\u00eda Andorra, su consultor\u00eda de asistencia a la expatriaci\u00f3n\",\"item\":\"https:\\\/\\\/www.mc-expatriation.com\\\/es\\\/gestoria\\\/\"},{\"@type\":\"ListItem\",\"position\":3,\"name\":\"Gestor\u00eda \u2013 Decorador de interiores\"}]},{\"@type\":\"WebSite\",\"@id\":\"https:\\\/\\\/www.mc-expatriation.com\\\/#website\",\"url\":\"https:\\\/\\\/www.mc-expatriation.com\\\/\",\"name\":\"MC Expatriation\",\"description\":\"\",\"publisher\":{\"@id\":\"https:\\\/\\\/www.mc-expatriation.com\\\/#organization\"},\"potentialAction\":[{\"@type\":\"SearchAction\",\"target\":{\"@type\":\"EntryPoint\",\"urlTemplate\":\"https:\\\/\\\/www.mc-expatriation.com\\\/?s={search_term_string}\"},\"query-input\":{\"@type\":\"PropertyValueSpecification\",\"valueRequired\":true,\"valueName\":\"search_term_string\"}}],\"inLanguage\":\"es\"},{\"@type\":\"Organization\",\"@id\":\"https:\\\/\\\/www.mc-expatriation.com\\\/#organization\",\"name\":\"MC Expatriation\",\"url\":\"https:\\\/\\\/www.mc-expatriation.com\\\/\",\"logo\":{\"@type\":\"ImageObject\",\"inLanguage\":\"es\",\"@id\":\"https:\\\/\\\/www.mc-expatriation.com\\\/#\\\/schema\\\/logo\\\/image\\\/\",\"url\":\"https:\\\/\\\/www.mc-expatriation.com\\\/wp-content\\\/uploads\\\/2022\\\/10\\\/logo.svg\",\"contentUrl\":\"https:\\\/\\\/www.mc-expatriation.com\\\/wp-content\\\/uploads\\\/2022\\\/10\\\/logo.svg\",\"caption\":\"MC Expatriation\"},\"image\":{\"@id\":\"https:\\\/\\\/www.mc-expatriation.com\\\/#\\\/schema\\\/logo\\\/image\\\/\"}}]}<\/script>\n<!-- \/ Yoast SEO Premium plugin. -->","yoast_head_json":{"title":"Gestor\u00eda \u2013 Decorador de interiores","robots":{"index":"index","follow":"follow","max-snippet":"max-snippet:-1","max-image-preview":"max-image-preview:large","max-video-preview":"max-video-preview:-1"},"canonical":"https:\/\/www.mc-expatriation.com\/es\/gestoria\/decorador-interiores\/","og_locale":"es_ES","og_type":"article","og_title":"Gestor\u00eda \u2013 Decorador de interiores","og_description":"Encuentre un decorador capaz de satisfacer sus necesidades en Andorra Una vez en Andorra, \u00bfnecesita un dise\u00f1ador de interiores profesional que se encargue de la decoraci\u00f3n de su nuevo hogar? Tanto si se encuentra en Andorra La Vella, la capital del Principado de Andorra, como en otra parroquia, recurra a la ayuda de una Gestor\u00eda [&hellip;]","og_url":"https:\/\/www.mc-expatriation.com\/es\/gestoria\/decorador-interiores\/","og_site_name":"MC Expatriation","article_modified_time":"2023-03-09T06:59:17+00:00","og_image":[{"width":1924,"height":430,"url":"https:\/\/www.mc-expatriation.com\/wp-content\/uploads\/2023\/03\/architecte-interieur-andorrane.jpg","type":"image\/jpeg"}],"twitter_card":"summary_large_image","twitter_misc":{"Tiempo de lectura":"3 minutos"},"schema":{"@context":"https:\/\/schema.org","@graph":[{"@type":"WebPage","@id":"https:\/\/www.mc-expatriation.com\/es\/gestoria\/decorador-interiores\/","url":"https:\/\/www.mc-expatriation.com\/es\/gestoria\/decorador-interiores\/","name":"Gestor\u00eda \u2013 Decorador de interiores","isPartOf":{"@id":"https:\/\/www.mc-expatriation.com\/#website"},"primaryImageOfPage":{"@id":"https:\/\/www.mc-expatriation.com\/es\/gestoria\/decorador-interiores\/#primaryimage"},"image":{"@id":"https:\/\/www.mc-expatriation.com\/es\/gestoria\/decorador-interiores\/#primaryimage"},"thumbnailUrl":"https:\/\/www.mc-expatriation.com\/wp-content\/uploads\/2023\/03\/architecte-interieur-andorrane.jpg","datePublished":"2022-10-27T21:02:10+00:00","dateModified":"2023-03-09T06:59:17+00:00","breadcrumb":{"@id":"https:\/\/www.mc-expatriation.com\/es\/gestoria\/decorador-interiores\/#breadcrumb"},"inLanguage":"es","potentialAction":[{"@type":"ReadAction","target":["https:\/\/www.mc-expatriation.com\/es\/gestoria\/decorador-interiores\/"]}]},{"@type":"ImageObject","inLanguage":"es","@id":"https:\/\/www.mc-expatriation.com\/es\/gestoria\/decorador-interiores\/#primaryimage","url":"https:\/\/www.mc-expatriation.com\/wp-content\/uploads\/2023\/03\/architecte-interieur-andorrane.jpg","contentUrl":"https:\/\/www.mc-expatriation.com\/wp-content\/uploads\/2023\/03\/architecte-interieur-andorrane.jpg","width":1924,"height":430,"caption":"D\u00e9corateur int\u00e9rieur"},{"@type":"BreadcrumbList","@id":"https:\/\/www.mc-expatriation.com\/es\/gestoria\/decorador-interiores\/#breadcrumb","itemListElement":[{"@type":"ListItem","position":1,"name":"Home","item":"https:\/\/www.mc-expatriation.com\/es\/"},{"@type":"ListItem","position":2,"name":"Gestor\u00eda Andorra, su consultor\u00eda de asistencia a la expatriaci\u00f3n","item":"https:\/\/www.mc-expatriation.com\/es\/gestoria\/"},{"@type":"ListItem","position":3,"name":"Gestor\u00eda \u2013 Decorador de interiores"}]},{"@type":"WebSite","@id":"https:\/\/www.mc-expatriation.com\/#website","url":"https:\/\/www.mc-expatriation.com\/","name":"MC Expatriation","description":"","publisher":{"@id":"https:\/\/www.mc-expatriation.com\/#organization"},"potentialAction":[{"@type":"SearchAction","target":{"@type":"EntryPoint","urlTemplate":"https:\/\/www.mc-expatriation.com\/?s={search_term_string}"},"query-input":{"@type":"PropertyValueSpecification","valueRequired":true,"valueName":"search_term_string"}}],"inLanguage":"es"},{"@type":"Organization","@id":"https:\/\/www.mc-expatriation.com\/#organization","name":"MC Expatriation","url":"https:\/\/www.mc-expatriation.com\/","logo":{"@type":"ImageObject","inLanguage":"es","@id":"https:\/\/www.mc-expatriation.com\/#\/schema\/logo\/image\/","url":"https:\/\/www.mc-expatriation.com\/wp-content\/uploads\/2022\/10\/logo.svg","contentUrl":"https:\/\/www.mc-expatriation.com\/wp-content\/uploads\/2022\/10\/logo.svg","caption":"MC Expatriation"},"image":{"@id":"https:\/\/www.mc-expatriation.com\/#\/schema\/logo\/image\/"}}]}},"_links":{"self":[{"href":"https:\/\/www.mc-expatriation.com\/es\/wp-json\/wp\/v2\/pages\/1786","targetHints":{"allow":["GET"]}}],"collection":[{"href":"https:\/\/www.mc-expatriation.com\/es\/wp-json\/wp\/v2\/pages"}],"about":[{"href":"https:\/\/www.mc-expatriation.com\/es\/wp-json\/wp\/v2\/types\/page"}],"author":[{"embeddable":true,"href":"https:\/\/www.mc-expatriation.com\/es\/wp-json\/wp\/v2\/users\/1"}],"replies":[{"embeddable":true,"href":"https:\/\/www.mc-expatriation.com\/es\/wp-json\/wp\/v2\/comments?post=1786"}],"version-history":[{"count":16,"href":"https:\/\/www.mc-expatriation.com\/es\/wp-json\/wp\/v2\/pages\/1786\/revisions"}],"predecessor-version":[{"id":3155,"href":"https:\/\/www.mc-expatriation.com\/es\/wp-json\/wp\/v2\/pages\/1786\/revisions\/3155"}],"up":[{"embeddable":true,"href":"https:\/\/www.mc-expatriation.com\/es\/wp-json\/wp\/v2\/pages\/1741"}],"wp:featuredmedia":[{"embeddable":true,"href":"https:\/\/www.mc-expatriation.com\/es\/wp-json\/wp\/v2\/media\/3149"}],"wp:attachment":[{"href":"https:\/\/www.mc-expatriation.com\/es\/wp-json\/wp\/v2\/media?parent=1786"}],"curies":[{"name":"wp","href":"https:\/\/api.w.org\/{rel}","templated":true}]}}