{"id":1800,"date":"2022-10-27T22:22:13","date_gmt":"2022-10-27T22:22:13","guid":{"rendered":"http:\/\/mcexpat.devmc.xyz\/andorre\/"},"modified":"2022-12-17T14:52:08","modified_gmt":"2022-12-17T14:52:08","slug":"andorra","status":"publish","type":"page","link":"https:\/\/www.mc-expatriation.com\/es\/andorra\/","title":{"rendered":"Andorra, un pa\u00eds de los Pirineos, rico en historia y en culturas"},"content":{"rendered":"\n<p><strong>Situado en los Pirineos, Andorra es un hermoso pa\u00eds para descubrir cuya capital es Andorra la Vella. Es un Estado independiente, rico en historia. El gobierno andorrano y las instituciones competentes han puesto en marcha diversas medidas para atraer a los inversores, cosa que se hace mediante convenios y leyes. El idioma oficial es el catal\u00e1n. No obstante, tambi\u00e9n se hablan otros idiomas como el franc\u00e9s, el portugu\u00e9s y el espa\u00f1ol. Por lo tanto, la traducci\u00f3n no ser\u00e1 complicada. Adem\u00e1s, el Principado cuenta con varios sistemas educativos.<\/strong><\/p>\n\n\n\n<p><strong>Un sistema fiscal que ofrece ventajas en comparaci\u00f3n con Francia y otros pa\u00edses europeos, actividades para del ocio como el esqu\u00ed, una situaci\u00f3n geogr\u00e1fica y pol\u00edtica estrat\u00e9gica... son muchas las razones para decidir trasladarse al Principado. Tanto si es para un viaje de turismo como si se trata&nbsp;depara invertir y establecerse, Andorra sigue siendo un hermoso destino europeo.<\/strong><\/p>\n","protected":false},"excerpt":{"rendered":"<p>Situado en los Pirineos, Andorra es un hermoso pa\u00eds para descubrir cuya capital es Andorra la Vella. Es un Estado independiente, rico en historia. El gobierno andorrano y las instituciones competentes han puesto en marcha diversas medidas para atraer a los inversores, cosa que se hace mediante convenios y leyes. El idioma oficial es el [&hellip;]<\/p>\n","protected":false},"author":1,"featured_media":1418,"parent":0,"menu_order":0,"comment_status":"closed","ping_status":"closed","template":"niveau-1.php","meta":{"_acf_changed":false,"footnotes":""},"class_list":["post-1800","page","type-page","status-publish","has-post-thumbnail","hentry"],"acf":[],"yoast_head":"<!-- This site is optimized with the Yoast SEO Premium plugin v25.8 (Yoast SEO v27.3) - https:\/\/yoast.com\/product\/yoast-seo-premium-wordpress\/ -->\n<title>Andorra, un pa\u00eds de los Pirineos, rico en historia y en culturas<\/title>\n<meta name=\"description\" content=\"Un sistema fiscal que ofrece ventajas en comparaci\u00f3n con Francia y otros pa\u00edses europeos, actividades para del ocio como el esqu\u00ed, una situaci\u00f3n geogr\u00e1fica y pol\u00edtica estrat\u00e9gica... son muchas las razones para decidir trasladarse al Principado. Tanto si es para un viaje de turismo como si se trata depara invertir y establecerse, Andorra sigue siendo un hermoso destino europeo.\" \/>\n<meta name=\"robots\" content=\"index, follow, max-snippet:-1, max-image-preview:large, max-video-preview:-1\" \/>\n<link rel=\"canonical\" href=\"https:\/\/www.mc-expatriation.com\/es\/andorra\/\" \/>\n<meta property=\"og:locale\" content=\"es_ES\" \/>\n<meta property=\"og:type\" content=\"article\" \/>\n<meta property=\"og:title\" content=\"Andorra, un pa\u00eds de los Pirineos, rico en historia y en culturas\" \/>\n<meta property=\"og:description\" content=\"Un sistema fiscal que ofrece ventajas en comparaci\u00f3n con Francia y otros pa\u00edses europeos, actividades para del ocio como el esqu\u00ed, una situaci\u00f3n geogr\u00e1fica y pol\u00edtica estrat\u00e9gica... son muchas las razones para decidir trasladarse al Principado. Tanto si es para un viaje de turismo como si se trata depara invertir y establecerse, Andorra sigue siendo un hermoso destino europeo.\" \/>\n<meta property=\"og:url\" content=\"https:\/\/www.mc-expatriation.com\/es\/andorra\/\" \/>\n<meta property=\"og:site_name\" content=\"MC Expatriation\" \/>\n<meta property=\"article:modified_time\" content=\"2022-12-17T14:52:08+00:00\" \/>\n<meta property=\"og:image\" content=\"https:\/\/www.mc-expatriation.com\/wp-content\/uploads\/2022\/11\/pays-des-Pyrenees.jpg\" \/>\n\t<meta property=\"og:image:width\" content=\"1000\" \/>\n\t<meta property=\"og:image:height\" content=\"300\" \/>\n\t<meta property=\"og:image:type\" content=\"image\/jpeg\" \/>\n<meta name=\"twitter:card\" content=\"summary_large_image\" \/>\n<meta name=\"twitter:label1\" content=\"Tiempo de lectura\" \/>\n\t<meta name=\"twitter:data1\" content=\"1 minuto\" \/>\n<script type=\"application\/ld+json\" class=\"yoast-schema-graph\">{\"@context\":\"https:\\\/\\\/schema.org\",\"@graph\":[{\"@type\":\"WebPage\",\"@id\":\"https:\\\/\\\/www.mc-expatriation.com\\\/es\\\/andorra\\\/\",\"url\":\"https:\\\/\\\/www.mc-expatriation.com\\\/es\\\/andorra\\\/\",\"name\":\"Andorra, un pa\u00eds de los Pirineos, rico en historia y en culturas\",\"isPartOf\":{\"@id\":\"https:\\\/\\\/www.mc-expatriation.com\\\/#website\"},\"primaryImageOfPage\":{\"@id\":\"https:\\\/\\\/www.mc-expatriation.com\\\/es\\\/andorra\\\/#primaryimage\"},\"image\":{\"@id\":\"https:\\\/\\\/www.mc-expatriation.com\\\/es\\\/andorra\\\/#primaryimage\"},\"thumbnailUrl\":\"https:\\\/\\\/www.mc-expatriation.com\\\/wp-content\\\/uploads\\\/2022\\\/11\\\/pays-des-Pyrenees.jpg\",\"datePublished\":\"2022-10-27T22:22:13+00:00\",\"dateModified\":\"2022-12-17T14:52:08+00:00\",\"description\":\"Un sistema fiscal que ofrece ventajas en comparaci\u00f3n con Francia y otros pa\u00edses europeos, actividades para del ocio como el esqu\u00ed, una situaci\u00f3n geogr\u00e1fica y pol\u00edtica estrat\u00e9gica... son muchas las razones para decidir trasladarse al Principado. Tanto si es para un viaje de turismo como si se trata depara invertir y establecerse, Andorra sigue siendo un hermoso destino europeo.\",\"breadcrumb\":{\"@id\":\"https:\\\/\\\/www.mc-expatriation.com\\\/es\\\/andorra\\\/#breadcrumb\"},\"inLanguage\":\"es\",\"potentialAction\":[{\"@type\":\"ReadAction\",\"target\":[\"https:\\\/\\\/www.mc-expatriation.com\\\/es\\\/andorra\\\/\"]}]},{\"@type\":\"ImageObject\",\"inLanguage\":\"es\",\"@id\":\"https:\\\/\\\/www.mc-expatriation.com\\\/es\\\/andorra\\\/#primaryimage\",\"url\":\"https:\\\/\\\/www.mc-expatriation.com\\\/wp-content\\\/uploads\\\/2022\\\/11\\\/pays-des-Pyrenees.jpg\",\"contentUrl\":\"https:\\\/\\\/www.mc-expatriation.com\\\/wp-content\\\/uploads\\\/2022\\\/11\\\/pays-des-Pyrenees.jpg\",\"width\":1000,\"height\":300},{\"@type\":\"BreadcrumbList\",\"@id\":\"https:\\\/\\\/www.mc-expatriation.com\\\/es\\\/andorra\\\/#breadcrumb\",\"itemListElement\":[{\"@type\":\"ListItem\",\"position\":1,\"name\":\"Home\",\"item\":\"https:\\\/\\\/www.mc-expatriation.com\\\/es\\\/\"},{\"@type\":\"ListItem\",\"position\":2,\"name\":\"Andorra, un pa\u00eds de los Pirineos, rico en historia y en culturas\"}]},{\"@type\":\"WebSite\",\"@id\":\"https:\\\/\\\/www.mc-expatriation.com\\\/#website\",\"url\":\"https:\\\/\\\/www.mc-expatriation.com\\\/\",\"name\":\"MC Expatriation\",\"description\":\"\",\"publisher\":{\"@id\":\"https:\\\/\\\/www.mc-expatriation.com\\\/#organization\"},\"potentialAction\":[{\"@type\":\"SearchAction\",\"target\":{\"@type\":\"EntryPoint\",\"urlTemplate\":\"https:\\\/\\\/www.mc-expatriation.com\\\/?s={search_term_string}\"},\"query-input\":{\"@type\":\"PropertyValueSpecification\",\"valueRequired\":true,\"valueName\":\"search_term_string\"}}],\"inLanguage\":\"es\"},{\"@type\":\"Organization\",\"@id\":\"https:\\\/\\\/www.mc-expatriation.com\\\/#organization\",\"name\":\"MC Expatriation\",\"url\":\"https:\\\/\\\/www.mc-expatriation.com\\\/\",\"logo\":{\"@type\":\"ImageObject\",\"inLanguage\":\"es\",\"@id\":\"https:\\\/\\\/www.mc-expatriation.com\\\/#\\\/schema\\\/logo\\\/image\\\/\",\"url\":\"https:\\\/\\\/www.mc-expatriation.com\\\/wp-content\\\/uploads\\\/2022\\\/10\\\/logo.svg\",\"contentUrl\":\"https:\\\/\\\/www.mc-expatriation.com\\\/wp-content\\\/uploads\\\/2022\\\/10\\\/logo.svg\",\"caption\":\"MC Expatriation\"},\"image\":{\"@id\":\"https:\\\/\\\/www.mc-expatriation.com\\\/#\\\/schema\\\/logo\\\/image\\\/\"}}]}<\/script>\n<!-- \/ Yoast SEO Premium plugin. -->","yoast_head_json":{"title":"Andorra, un pa\u00eds de los Pirineos, rico en historia y en culturas","description":"Un sistema fiscal que ofrece ventajas en comparaci\u00f3n con Francia y otros pa\u00edses europeos, actividades para del ocio como el esqu\u00ed, una situaci\u00f3n geogr\u00e1fica y pol\u00edtica estrat\u00e9gica... son muchas las razones para decidir trasladarse al Principado. Tanto si es para un viaje de turismo como si se trata depara invertir y establecerse, Andorra sigue siendo un hermoso destino europeo.","robots":{"index":"index","follow":"follow","max-snippet":"max-snippet:-1","max-image-preview":"max-image-preview:large","max-video-preview":"max-video-preview:-1"},"canonical":"https:\/\/www.mc-expatriation.com\/es\/andorra\/","og_locale":"es_ES","og_type":"article","og_title":"Andorra, un pa\u00eds de los Pirineos, rico en historia y en culturas","og_description":"Un sistema fiscal que ofrece ventajas en comparaci\u00f3n con Francia y otros pa\u00edses europeos, actividades para del ocio como el esqu\u00ed, una situaci\u00f3n geogr\u00e1fica y pol\u00edtica estrat\u00e9gica... son muchas las razones para decidir trasladarse al Principado. Tanto si es para un viaje de turismo como si se trata depara invertir y establecerse, Andorra sigue siendo un hermoso destino europeo.","og_url":"https:\/\/www.mc-expatriation.com\/es\/andorra\/","og_site_name":"MC Expatriation","article_modified_time":"2022-12-17T14:52:08+00:00","og_image":[{"width":1000,"height":300,"url":"https:\/\/www.mc-expatriation.com\/wp-content\/uploads\/2022\/11\/pays-des-Pyrenees.jpg","type":"image\/jpeg"}],"twitter_card":"summary_large_image","twitter_misc":{"Tiempo de lectura":"1 minuto"},"schema":{"@context":"https:\/\/schema.org","@graph":[{"@type":"WebPage","@id":"https:\/\/www.mc-expatriation.com\/es\/andorra\/","url":"https:\/\/www.mc-expatriation.com\/es\/andorra\/","name":"Andorra, un pa\u00eds de los Pirineos, rico en historia y en culturas","isPartOf":{"@id":"https:\/\/www.mc-expatriation.com\/#website"},"primaryImageOfPage":{"@id":"https:\/\/www.mc-expatriation.com\/es\/andorra\/#primaryimage"},"image":{"@id":"https:\/\/www.mc-expatriation.com\/es\/andorra\/#primaryimage"},"thumbnailUrl":"https:\/\/www.mc-expatriation.com\/wp-content\/uploads\/2022\/11\/pays-des-Pyrenees.jpg","datePublished":"2022-10-27T22:22:13+00:00","dateModified":"2022-12-17T14:52:08+00:00","description":"Un sistema fiscal que ofrece ventajas en comparaci\u00f3n con Francia y otros pa\u00edses europeos, actividades para del ocio como el esqu\u00ed, una situaci\u00f3n geogr\u00e1fica y pol\u00edtica estrat\u00e9gica... son muchas las razones para decidir trasladarse al Principado. Tanto si es para un viaje de turismo como si se trata depara invertir y establecerse, Andorra sigue siendo un hermoso destino europeo.","breadcrumb":{"@id":"https:\/\/www.mc-expatriation.com\/es\/andorra\/#breadcrumb"},"inLanguage":"es","potentialAction":[{"@type":"ReadAction","target":["https:\/\/www.mc-expatriation.com\/es\/andorra\/"]}]},{"@type":"ImageObject","inLanguage":"es","@id":"https:\/\/www.mc-expatriation.com\/es\/andorra\/#primaryimage","url":"https:\/\/www.mc-expatriation.com\/wp-content\/uploads\/2022\/11\/pays-des-Pyrenees.jpg","contentUrl":"https:\/\/www.mc-expatriation.com\/wp-content\/uploads\/2022\/11\/pays-des-Pyrenees.jpg","width":1000,"height":300},{"@type":"BreadcrumbList","@id":"https:\/\/www.mc-expatriation.com\/es\/andorra\/#breadcrumb","itemListElement":[{"@type":"ListItem","position":1,"name":"Home","item":"https:\/\/www.mc-expatriation.com\/es\/"},{"@type":"ListItem","position":2,"name":"Andorra, un pa\u00eds de los Pirineos, rico en historia y en culturas"}]},{"@type":"WebSite","@id":"https:\/\/www.mc-expatriation.com\/#website","url":"https:\/\/www.mc-expatriation.com\/","name":"MC Expatriation","description":"","publisher":{"@id":"https:\/\/www.mc-expatriation.com\/#organization"},"potentialAction":[{"@type":"SearchAction","target":{"@type":"EntryPoint","urlTemplate":"https:\/\/www.mc-expatriation.com\/?s={search_term_string}"},"query-input":{"@type":"PropertyValueSpecification","valueRequired":true,"valueName":"search_term_string"}}],"inLanguage":"es"},{"@type":"Organization","@id":"https:\/\/www.mc-expatriation.com\/#organization","name":"MC Expatriation","url":"https:\/\/www.mc-expatriation.com\/","logo":{"@type":"ImageObject","inLanguage":"es","@id":"https:\/\/www.mc-expatriation.com\/#\/schema\/logo\/image\/","url":"https:\/\/www.mc-expatriation.com\/wp-content\/uploads\/2022\/10\/logo.svg","contentUrl":"https:\/\/www.mc-expatriation.com\/wp-content\/uploads\/2022\/10\/logo.svg","caption":"MC Expatriation"},"image":{"@id":"https:\/\/www.mc-expatriation.com\/#\/schema\/logo\/image\/"}}]}},"_links":{"self":[{"href":"https:\/\/www.mc-expatriation.com\/es\/wp-json\/wp\/v2\/pages\/1800","targetHints":{"allow":["GET"]}}],"collection":[{"href":"https:\/\/www.mc-expatriation.com\/es\/wp-json\/wp\/v2\/pages"}],"about":[{"href":"https:\/\/www.mc-expatriation.com\/es\/wp-json\/wp\/v2\/types\/page"}],"author":[{"embeddable":true,"href":"https:\/\/www.mc-expatriation.com\/es\/wp-json\/wp\/v2\/users\/1"}],"replies":[{"embeddable":true,"href":"https:\/\/www.mc-expatriation.com\/es\/wp-json\/wp\/v2\/comments?post=1800"}],"version-history":[{"count":16,"href":"https:\/\/www.mc-expatriation.com\/es\/wp-json\/wp\/v2\/pages\/1800\/revisions"}],"predecessor-version":[{"id":2407,"href":"https:\/\/www.mc-expatriation.com\/es\/wp-json\/wp\/v2\/pages\/1800\/revisions\/2407"}],"wp:featuredmedia":[{"embeddable":true,"href":"https:\/\/www.mc-expatriation.com\/es\/wp-json\/wp\/v2\/media\/1418"}],"wp:attachment":[{"href":"https:\/\/www.mc-expatriation.com\/es\/wp-json\/wp\/v2\/media?parent=1800"}],"curies":[{"name":"wp","href":"https:\/\/api.w.org\/{rel}","templated":true}]}}