{"id":1814,"date":"2022-11-04T13:08:23","date_gmt":"2022-11-04T13:08:23","guid":{"rendered":"http:\/\/mcexpat.devmc.xyz\/guide-expatriation\/"},"modified":"2022-12-17T14:54:07","modified_gmt":"2022-12-17T14:54:07","slug":"guia-expatriacion","status":"publish","type":"page","link":"https:\/\/www.mc-expatriation.com\/es\/guia-expatriacion\/","title":{"rendered":"Le gu\u00eda de la expatriaci\u00f3n\u00a0: culminar con \u00e9xito su instalaci\u00f3n en el extranjero"},"content":{"rendered":"\n<p><strong>Expatriarse es una decisi\u00f3n que hay que considerar cuidadosamente. En el caso de que vaya a hacerlo con familia e hijos, una buena organizaci\u00f3n es a\u00fan m\u00e1s importante. Las razones para convertirse en expatriado pueden ser muchas: movilidad internacional, trabajo y carrera, b\u00fasqueda de una mejor calidad de vida, etc.<\/strong><\/p>\n\n\n\n<p><strong>Destino id\u00edlico tanto para particulares como para inversores, Andorra es el Eldorado de los expatriados. La preparaci\u00f3n previa de su proyecto de expatriaci\u00f3n al principado tiene una gran importancia. Si quiere montar un negocio all\u00ed, puede aprovechar las ventajas que ofrece el gobierno andorrano. Lo mismo ocurre si va en busca de trabajo. El coste de la vida tambi\u00e9n es muy asequible para quienes quieran trasladarse con su familia.<\/strong><\/p>\n\n\n\n<p><strong>Si est\u00e1 buscando gu\u00edas que le ayuden a preparar su expatriaci\u00f3n con su familia o solo, ha llegado a la p\u00e1gina correcta. Porque, cierto, puede llevar mucho tiempo informarse sobre los tr\u00e1mites de su expatriaci\u00f3n mediante los libros. Para expatriarse en Andorra, los tr\u00e1mites no son los mismos que en otros pa\u00edses de la Uni\u00f3n Europea. \u00bfPiensa expatriarse a Andorra?<\/strong><\/p>\n\n\n\n<p><strong>Esta en la p\u00e1gina contiene una gu\u00eda completa para ayudarle con todos los tr\u00e1mites.<\/strong><\/p>\n","protected":false},"excerpt":{"rendered":"<p>Expatriarse es una decisi\u00f3n que hay que considerar cuidadosamente. En el caso de que vaya a hacerlo con familia e hijos, una buena organizaci\u00f3n es a\u00fan m\u00e1s importante. Las razones para convertirse en expatriado pueden ser muchas: movilidad internacional, trabajo y carrera, b\u00fasqueda de una mejor calidad de vida, etc. Destino id\u00edlico tanto para particulares [&hellip;]<\/p>\n","protected":false},"author":1,"featured_media":1402,"parent":0,"menu_order":0,"comment_status":"closed","ping_status":"closed","template":"niveau-1.php","meta":{"_acf_changed":false,"footnotes":""},"class_list":["post-1814","page","type-page","status-publish","has-post-thumbnail","hentry"],"acf":[],"yoast_head":"<!-- This site is optimized with the Yoast SEO Premium plugin v25.8 (Yoast SEO v27.3) - https:\/\/yoast.com\/product\/yoast-seo-premium-wordpress\/ -->\n<title>Le gu\u00eda de la expatriaci\u00f3n\u00a0: culminar con \u00e9xito su instalaci\u00f3n en el extranjero<\/title>\n<meta name=\"description\" content=\"Expatriarse es una decisi\u00f3n que hay que considerar cuidadosamente. En el caso de que vaya a hacerlo con familia e hijos, una buena organizaci\u00f3n es a\u00fan m\u00e1s importante. Las razones para convertirse en expatriado pueden ser muchas: movilidad internacional, trabajo y carrera, b\u00fasqueda de una mejor calidad de vida, etc.\" \/>\n<meta name=\"robots\" content=\"index, follow, max-snippet:-1, max-image-preview:large, max-video-preview:-1\" \/>\n<link rel=\"canonical\" href=\"https:\/\/www.mc-expatriation.com\/es\/guia-expatriacion\/\" \/>\n<meta property=\"og:locale\" content=\"es_ES\" \/>\n<meta property=\"og:type\" content=\"article\" \/>\n<meta property=\"og:title\" content=\"Le gu\u00eda de la expatriaci\u00f3n\u00a0: culminar con \u00e9xito su instalaci\u00f3n en el extranjero\" \/>\n<meta property=\"og:description\" content=\"Expatriarse es una decisi\u00f3n que hay que considerar cuidadosamente. En el caso de que vaya a hacerlo con familia e hijos, una buena organizaci\u00f3n es a\u00fan m\u00e1s importante. Las razones para convertirse en expatriado pueden ser muchas: movilidad internacional, trabajo y carrera, b\u00fasqueda de una mejor calidad de vida, etc.\" \/>\n<meta property=\"og:url\" content=\"https:\/\/www.mc-expatriation.com\/es\/guia-expatriacion\/\" \/>\n<meta property=\"og:site_name\" content=\"MC Expatriation\" \/>\n<meta property=\"article:modified_time\" content=\"2022-12-17T14:54:07+00:00\" \/>\n<meta property=\"og:image\" content=\"https:\/\/www.mc-expatriation.com\/wp-content\/uploads\/2022\/10\/expat-niveau1-01.jpg\" \/>\n\t<meta property=\"og:image:width\" content=\"1920\" \/>\n\t<meta property=\"og:image:height\" content=\"380\" \/>\n\t<meta property=\"og:image:type\" content=\"image\/jpeg\" \/>\n<meta name=\"twitter:card\" content=\"summary_large_image\" \/>\n<meta name=\"twitter:label1\" content=\"Tiempo de lectura\" \/>\n\t<meta name=\"twitter:data1\" content=\"1 minuto\" \/>\n<script type=\"application\/ld+json\" class=\"yoast-schema-graph\">{\"@context\":\"https:\\\/\\\/schema.org\",\"@graph\":[{\"@type\":\"WebPage\",\"@id\":\"https:\\\/\\\/www.mc-expatriation.com\\\/es\\\/guia-expatriacion\\\/\",\"url\":\"https:\\\/\\\/www.mc-expatriation.com\\\/es\\\/guia-expatriacion\\\/\",\"name\":\"Le gu\u00eda de la expatriaci\u00f3n\u00a0: culminar con \u00e9xito su instalaci\u00f3n en el extranjero\",\"isPartOf\":{\"@id\":\"https:\\\/\\\/www.mc-expatriation.com\\\/#website\"},\"primaryImageOfPage\":{\"@id\":\"https:\\\/\\\/www.mc-expatriation.com\\\/es\\\/guia-expatriacion\\\/#primaryimage\"},\"image\":{\"@id\":\"https:\\\/\\\/www.mc-expatriation.com\\\/es\\\/guia-expatriacion\\\/#primaryimage\"},\"thumbnailUrl\":\"https:\\\/\\\/www.mc-expatriation.com\\\/wp-content\\\/uploads\\\/2022\\\/10\\\/expat-niveau1-01.jpg\",\"datePublished\":\"2022-11-04T13:08:23+00:00\",\"dateModified\":\"2022-12-17T14:54:07+00:00\",\"description\":\"Expatriarse es una decisi\u00f3n que hay que considerar cuidadosamente. En el caso de que vaya a hacerlo con familia e hijos, una buena organizaci\u00f3n es a\u00fan m\u00e1s importante. Las razones para convertirse en expatriado pueden ser muchas: movilidad internacional, trabajo y carrera, b\u00fasqueda de una mejor calidad de vida, etc.\",\"breadcrumb\":{\"@id\":\"https:\\\/\\\/www.mc-expatriation.com\\\/es\\\/guia-expatriacion\\\/#breadcrumb\"},\"inLanguage\":\"es\",\"potentialAction\":[{\"@type\":\"ReadAction\",\"target\":[\"https:\\\/\\\/www.mc-expatriation.com\\\/es\\\/guia-expatriacion\\\/\"]}]},{\"@type\":\"ImageObject\",\"inLanguage\":\"es\",\"@id\":\"https:\\\/\\\/www.mc-expatriation.com\\\/es\\\/guia-expatriacion\\\/#primaryimage\",\"url\":\"https:\\\/\\\/www.mc-expatriation.com\\\/wp-content\\\/uploads\\\/2022\\\/10\\\/expat-niveau1-01.jpg\",\"contentUrl\":\"https:\\\/\\\/www.mc-expatriation.com\\\/wp-content\\\/uploads\\\/2022\\\/10\\\/expat-niveau1-01.jpg\",\"width\":1920,\"height\":380},{\"@type\":\"BreadcrumbList\",\"@id\":\"https:\\\/\\\/www.mc-expatriation.com\\\/es\\\/guia-expatriacion\\\/#breadcrumb\",\"itemListElement\":[{\"@type\":\"ListItem\",\"position\":1,\"name\":\"Home\",\"item\":\"https:\\\/\\\/www.mc-expatriation.com\\\/es\\\/\"},{\"@type\":\"ListItem\",\"position\":2,\"name\":\"Le gu\u00eda de la expatriaci\u00f3n\u00a0: culminar con \u00e9xito su instalaci\u00f3n en el extranjero\"}]},{\"@type\":\"WebSite\",\"@id\":\"https:\\\/\\\/www.mc-expatriation.com\\\/#website\",\"url\":\"https:\\\/\\\/www.mc-expatriation.com\\\/\",\"name\":\"MC Expatriation\",\"description\":\"\",\"publisher\":{\"@id\":\"https:\\\/\\\/www.mc-expatriation.com\\\/#organization\"},\"potentialAction\":[{\"@type\":\"SearchAction\",\"target\":{\"@type\":\"EntryPoint\",\"urlTemplate\":\"https:\\\/\\\/www.mc-expatriation.com\\\/?s={search_term_string}\"},\"query-input\":{\"@type\":\"PropertyValueSpecification\",\"valueRequired\":true,\"valueName\":\"search_term_string\"}}],\"inLanguage\":\"es\"},{\"@type\":\"Organization\",\"@id\":\"https:\\\/\\\/www.mc-expatriation.com\\\/#organization\",\"name\":\"MC Expatriation\",\"url\":\"https:\\\/\\\/www.mc-expatriation.com\\\/\",\"logo\":{\"@type\":\"ImageObject\",\"inLanguage\":\"es\",\"@id\":\"https:\\\/\\\/www.mc-expatriation.com\\\/#\\\/schema\\\/logo\\\/image\\\/\",\"url\":\"https:\\\/\\\/www.mc-expatriation.com\\\/wp-content\\\/uploads\\\/2022\\\/10\\\/logo.svg\",\"contentUrl\":\"https:\\\/\\\/www.mc-expatriation.com\\\/wp-content\\\/uploads\\\/2022\\\/10\\\/logo.svg\",\"caption\":\"MC Expatriation\"},\"image\":{\"@id\":\"https:\\\/\\\/www.mc-expatriation.com\\\/#\\\/schema\\\/logo\\\/image\\\/\"}}]}<\/script>\n<!-- \/ Yoast SEO Premium plugin. -->","yoast_head_json":{"title":"Le gu\u00eda de la expatriaci\u00f3n\u00a0: culminar con \u00e9xito su instalaci\u00f3n en el extranjero","description":"Expatriarse es una decisi\u00f3n que hay que considerar cuidadosamente. En el caso de que vaya a hacerlo con familia e hijos, una buena organizaci\u00f3n es a\u00fan m\u00e1s importante. Las razones para convertirse en expatriado pueden ser muchas: movilidad internacional, trabajo y carrera, b\u00fasqueda de una mejor calidad de vida, etc.","robots":{"index":"index","follow":"follow","max-snippet":"max-snippet:-1","max-image-preview":"max-image-preview:large","max-video-preview":"max-video-preview:-1"},"canonical":"https:\/\/www.mc-expatriation.com\/es\/guia-expatriacion\/","og_locale":"es_ES","og_type":"article","og_title":"Le gu\u00eda de la expatriaci\u00f3n\u00a0: culminar con \u00e9xito su instalaci\u00f3n en el extranjero","og_description":"Expatriarse es una decisi\u00f3n que hay que considerar cuidadosamente. En el caso de que vaya a hacerlo con familia e hijos, una buena organizaci\u00f3n es a\u00fan m\u00e1s importante. Las razones para convertirse en expatriado pueden ser muchas: movilidad internacional, trabajo y carrera, b\u00fasqueda de una mejor calidad de vida, etc.","og_url":"https:\/\/www.mc-expatriation.com\/es\/guia-expatriacion\/","og_site_name":"MC Expatriation","article_modified_time":"2022-12-17T14:54:07+00:00","og_image":[{"width":1920,"height":380,"url":"https:\/\/www.mc-expatriation.com\/wp-content\/uploads\/2022\/10\/expat-niveau1-01.jpg","type":"image\/jpeg"}],"twitter_card":"summary_large_image","twitter_misc":{"Tiempo de lectura":"1 minuto"},"schema":{"@context":"https:\/\/schema.org","@graph":[{"@type":"WebPage","@id":"https:\/\/www.mc-expatriation.com\/es\/guia-expatriacion\/","url":"https:\/\/www.mc-expatriation.com\/es\/guia-expatriacion\/","name":"Le gu\u00eda de la expatriaci\u00f3n\u00a0: culminar con \u00e9xito su instalaci\u00f3n en el extranjero","isPartOf":{"@id":"https:\/\/www.mc-expatriation.com\/#website"},"primaryImageOfPage":{"@id":"https:\/\/www.mc-expatriation.com\/es\/guia-expatriacion\/#primaryimage"},"image":{"@id":"https:\/\/www.mc-expatriation.com\/es\/guia-expatriacion\/#primaryimage"},"thumbnailUrl":"https:\/\/www.mc-expatriation.com\/wp-content\/uploads\/2022\/10\/expat-niveau1-01.jpg","datePublished":"2022-11-04T13:08:23+00:00","dateModified":"2022-12-17T14:54:07+00:00","description":"Expatriarse es una decisi\u00f3n que hay que considerar cuidadosamente. En el caso de que vaya a hacerlo con familia e hijos, una buena organizaci\u00f3n es a\u00fan m\u00e1s importante. Las razones para convertirse en expatriado pueden ser muchas: movilidad internacional, trabajo y carrera, b\u00fasqueda de una mejor calidad de vida, etc.","breadcrumb":{"@id":"https:\/\/www.mc-expatriation.com\/es\/guia-expatriacion\/#breadcrumb"},"inLanguage":"es","potentialAction":[{"@type":"ReadAction","target":["https:\/\/www.mc-expatriation.com\/es\/guia-expatriacion\/"]}]},{"@type":"ImageObject","inLanguage":"es","@id":"https:\/\/www.mc-expatriation.com\/es\/guia-expatriacion\/#primaryimage","url":"https:\/\/www.mc-expatriation.com\/wp-content\/uploads\/2022\/10\/expat-niveau1-01.jpg","contentUrl":"https:\/\/www.mc-expatriation.com\/wp-content\/uploads\/2022\/10\/expat-niveau1-01.jpg","width":1920,"height":380},{"@type":"BreadcrumbList","@id":"https:\/\/www.mc-expatriation.com\/es\/guia-expatriacion\/#breadcrumb","itemListElement":[{"@type":"ListItem","position":1,"name":"Home","item":"https:\/\/www.mc-expatriation.com\/es\/"},{"@type":"ListItem","position":2,"name":"Le gu\u00eda de la expatriaci\u00f3n\u00a0: culminar con \u00e9xito su instalaci\u00f3n en el extranjero"}]},{"@type":"WebSite","@id":"https:\/\/www.mc-expatriation.com\/#website","url":"https:\/\/www.mc-expatriation.com\/","name":"MC Expatriation","description":"","publisher":{"@id":"https:\/\/www.mc-expatriation.com\/#organization"},"potentialAction":[{"@type":"SearchAction","target":{"@type":"EntryPoint","urlTemplate":"https:\/\/www.mc-expatriation.com\/?s={search_term_string}"},"query-input":{"@type":"PropertyValueSpecification","valueRequired":true,"valueName":"search_term_string"}}],"inLanguage":"es"},{"@type":"Organization","@id":"https:\/\/www.mc-expatriation.com\/#organization","name":"MC Expatriation","url":"https:\/\/www.mc-expatriation.com\/","logo":{"@type":"ImageObject","inLanguage":"es","@id":"https:\/\/www.mc-expatriation.com\/#\/schema\/logo\/image\/","url":"https:\/\/www.mc-expatriation.com\/wp-content\/uploads\/2022\/10\/logo.svg","contentUrl":"https:\/\/www.mc-expatriation.com\/wp-content\/uploads\/2022\/10\/logo.svg","caption":"MC Expatriation"},"image":{"@id":"https:\/\/www.mc-expatriation.com\/#\/schema\/logo\/image\/"}}]}},"_links":{"self":[{"href":"https:\/\/www.mc-expatriation.com\/es\/wp-json\/wp\/v2\/pages\/1814","targetHints":{"allow":["GET"]}}],"collection":[{"href":"https:\/\/www.mc-expatriation.com\/es\/wp-json\/wp\/v2\/pages"}],"about":[{"href":"https:\/\/www.mc-expatriation.com\/es\/wp-json\/wp\/v2\/types\/page"}],"author":[{"embeddable":true,"href":"https:\/\/www.mc-expatriation.com\/es\/wp-json\/wp\/v2\/users\/1"}],"replies":[{"embeddable":true,"href":"https:\/\/www.mc-expatriation.com\/es\/wp-json\/wp\/v2\/comments?post=1814"}],"version-history":[{"count":9,"href":"https:\/\/www.mc-expatriation.com\/es\/wp-json\/wp\/v2\/pages\/1814\/revisions"}],"predecessor-version":[{"id":1888,"href":"https:\/\/www.mc-expatriation.com\/es\/wp-json\/wp\/v2\/pages\/1814\/revisions\/1888"}],"wp:featuredmedia":[{"embeddable":true,"href":"https:\/\/www.mc-expatriation.com\/es\/wp-json\/wp\/v2\/media\/1402"}],"wp:attachment":[{"href":"https:\/\/www.mc-expatriation.com\/es\/wp-json\/wp\/v2\/media?parent=1814"}],"curies":[{"name":"wp","href":"https:\/\/api.w.org\/{rel}","templated":true}]}}