{"id":1824,"date":"2022-11-12T13:06:52","date_gmt":"2022-11-12T13:06:52","guid":{"rendered":"http:\/\/mcexpat.devmc.xyz\/inscription-registre-des-commerces\/"},"modified":"2022-12-17T14:48:14","modified_gmt":"2022-12-17T14:48:14","slug":"inscripcion-en-el-registro-mercantil","status":"publish","type":"page","link":"https:\/\/www.mc-expatriation.com\/es\/creacion-empresa\/inscripcion-en-el-registro-mercantil\/","title":{"rendered":"Creaci\u00f3n de empresas \u2013 Inscripci\u00f3n en el registro mercantil"},"content":{"rendered":"\n<p>La creaci\u00f3n de una empresa implica la realizaci\u00f3n de varios tr\u00e1mites y solicitudes de autorizaci\u00f3n al Gobierno de Andorra. Entre ellas, se encuentran las que se llevan a cabo ante el Registro Mercantil. Cabe se\u00f1alar que, en el caso del Principado, esta instituci\u00f3n no es la misma que el Registro de sociedades. Por lo tanto, es aconsejable reunir la informaci\u00f3n m\u00ednima necesaria antes de iniciar la actividad.<\/p>\n\n\n\n<p>Durante este procedimiento, tambi\u00e9n se exige un capital m\u00ednimo en funci\u00f3n del estatus de la empresa, que puede ser:<\/p>\n\n\n\n<ul class=\"wp-block-list\">\n<li>SL (Sociedad Limitada),<\/li>\n\n\n\n<li>SLU (Sociedad An\u00f3nima Unipersonal),<\/li>\n\n\n\n<li>SA (Sociedad An\u00f3nima),<\/li>\n\n\n\n<li>Sociedad Colectiva con una estructura de sociedad de responsabilidad ilimitada.<\/li>\n<\/ul>\n\n\n\n<p>Por no hablar de otros requisitos como la apertura de una cuenta bancaria, la solicitud de inversi\u00f3n extranjera y la solicitud de residencia andorrana activa y otros documentos.<\/p>\n\n\n\n<p>Nuestra Gestor\u00eda le ayudar\u00e1 a evitar cualquier confusi\u00f3n, sobre todo porque los datos hay que proporcionarlos en catal\u00e1n. No hay que olvidar que los procedimientos para crear una empresa andorrana son distintos a los de otros pa\u00edses de la UE, como Francia o Espa\u00f1a. Nuestro equipo puede asesorarle en la elecci\u00f3n de su estatus de empresa, los tr\u00e1mites a seguir con el registro mercantil y la redacci\u00f3n de un acta notarial de constituci\u00f3n ante notario.<\/p>\n\n\n\n<div class=\"wp-block-media-text alignwide is-stacked-on-mobile\"><figure class=\"wp-block-media-text__media\"><img loading=\"lazy\" decoding=\"async\" width=\"1000\" height=\"665\" src=\"https:\/\/www.mc-expatriation.com\/wp-content\/uploads\/2022\/12\/societes-en-Andorre.jpg\" alt=\"soci\u00e9t\u00e9s en Andorre\" class=\"wp-image-2268 size-full\" srcset=\"https:\/\/www.mc-expatriation.com\/wp-content\/uploads\/2022\/12\/societes-en-Andorre.jpg 1000w, https:\/\/www.mc-expatriation.com\/wp-content\/uploads\/2022\/12\/societes-en-Andorre-300x200.jpg 300w, https:\/\/www.mc-expatriation.com\/wp-content\/uploads\/2022\/12\/societes-en-Andorre-768x511.jpg 768w, https:\/\/www.mc-expatriation.com\/wp-content\/uploads\/2022\/12\/societes-en-Andorre-380x253.jpg 380w\" sizes=\"auto, (max-width: 1000px) 100vw, 1000px\" \/><\/figure><div class=\"wp-block-media-text__content\">\n<h2 class=\"wp-block-heading\">El registro mercantil en Andorra es distinto al registro de sociedades<\/h2>\n\n\n\n<p>A diferencia de lo que ocurre en Francia o en otros pa\u00edses europeos, en el Principado de Andorra el Registro Mercantil es muy distinto del Registro de Sociedades. En Andorra, ambas instituciones est\u00e1n separadas. Por lo tanto, es imprescindible que, como futuro gestor de una empresa andorrana, que realice dos tr\u00e1mites diferentes, uno para cada entidad.<\/p>\n\n\n\n<p>Estos tr\u00e1mites constituyen los \u00faltimos pasos en la constituci\u00f3n de una empresa andorrana. Deben realizarse en el plazo de&nbsp; los 3 meses siguientes a la obtenci\u00f3n de la residencia activa en Andorra.<\/p>\n<\/div><\/div>\n\n\n\n<h3 class=\"wp-block-heading\">El proceso de creaci\u00f3n de una sociedad comercial<\/h3>\n\n\n\n<p>El proceso de creaci\u00f3n de una empresa en Andorra es algo diferente al de otros pa\u00edses de la Uni\u00f3n Europea e incluso del \u00e1mbito internacional. Para realizar los tr\u00e1mites en el registro mercantil de Andorra, primero debe hacer la reserva de su nombre comercial.<\/p>\n\n\n\n<p>Este es un proceso que se lleva a cabo con el Gobierno de Andorra. Deber\u00e1 especificar la actividad o los servicios ofrecidos por la empresa que se va a crear. Debe expresarlo en idioma catal\u00e1n. Una vez presentada la solicitud, la validaci\u00f3n deber\u00eda tardar m\u00e1s o menos una semana. Si es aceptada, podr\u00e1 presentar su solicitud en el Registro Mercantil. La confirmaci\u00f3n y finalizaci\u00f3n de la creaci\u00f3n de su empresa puede llevar entre 4 y 6 semanas. Tenga en cuenta que una semana despu\u00e9s de presentar su solicitud al Gobierno de Andorra, recibir\u00e1 un acta notarial. Se trata del acto oficial de constituci\u00f3n de su nueva empresa. Para este tr\u00e1mite, debe acudir personalmente a una notar\u00eda.<\/p>\n","protected":false},"excerpt":{"rendered":"<p>La creaci\u00f3n de una empresa implica la realizaci\u00f3n de varios tr\u00e1mites y solicitudes de autorizaci\u00f3n al Gobierno de Andorra. Entre ellas, se encuentran las que se llevan a cabo ante el Registro Mercantil. Cabe se\u00f1alar que, en el caso del Principado, esta instituci\u00f3n no es la misma que el Registro de sociedades. Por lo tanto, [&hellip;]<\/p>\n","protected":false},"author":1,"featured_media":2260,"parent":1832,"menu_order":0,"comment_status":"closed","ping_status":"closed","template":"niveau-2.php","meta":{"_acf_changed":false,"footnotes":""},"class_list":["post-1824","page","type-page","status-publish","has-post-thumbnail","hentry"],"acf":[],"yoast_head":"<!-- This site is optimized with the Yoast SEO Premium plugin v25.8 (Yoast SEO v27.3) - https:\/\/yoast.com\/product\/yoast-seo-premium-wordpress\/ -->\n<title>Creaci\u00f3n de empresas \u2013 Inscripci\u00f3n en el registro mercantil<\/title>\n<meta name=\"description\" content=\"La creaci\u00f3n de una empresa implica la realizaci\u00f3n de varios tr\u00e1mites y solicitudes de autorizaci\u00f3n al Gobierno de Andorra. Entre ellas, se encuentran las que se llevan a cabo ante el Registro Mercantil. Cabe se\u00f1alar que, en el caso del Principado, esta instituci\u00f3n no es la misma que el Registro de sociedades. Por lo tanto, es aconsejable reunir la informaci\u00f3n m\u00ednima necesaria antes de iniciar la actividad.\" \/>\n<meta name=\"robots\" content=\"index, follow, max-snippet:-1, max-image-preview:large, max-video-preview:-1\" \/>\n<link rel=\"canonical\" href=\"https:\/\/www.mc-expatriation.com\/es\/creacion-empresa\/inscripcion-en-el-registro-mercantil\/\" \/>\n<meta property=\"og:locale\" content=\"es_ES\" \/>\n<meta property=\"og:type\" content=\"article\" \/>\n<meta property=\"og:title\" content=\"Creaci\u00f3n de empresas \u2013 Inscripci\u00f3n en el registro mercantil\" \/>\n<meta property=\"og:description\" content=\"La creaci\u00f3n de una empresa implica la realizaci\u00f3n de varios tr\u00e1mites y solicitudes de autorizaci\u00f3n al Gobierno de Andorra. Entre ellas, se encuentran las que se llevan a cabo ante el Registro Mercantil. Cabe se\u00f1alar que, en el caso del Principado, esta instituci\u00f3n no es la misma que el Registro de sociedades. Por lo tanto, es aconsejable reunir la informaci\u00f3n m\u00ednima necesaria antes de iniciar la actividad.\" \/>\n<meta property=\"og:url\" content=\"https:\/\/www.mc-expatriation.com\/es\/creacion-empresa\/inscripcion-en-el-registro-mercantil\/\" \/>\n<meta property=\"og:site_name\" content=\"MC Expatriation\" \/>\n<meta property=\"article:modified_time\" content=\"2022-12-17T14:48:14+00:00\" \/>\n<meta property=\"og:image\" content=\"https:\/\/www.mc-expatriation.com\/wp-content\/uploads\/2022\/12\/Inscription-registre-des-commerces.jpg\" \/>\n\t<meta property=\"og:image:width\" content=\"1000\" \/>\n\t<meta property=\"og:image:height\" content=\"667\" \/>\n\t<meta property=\"og:image:type\" content=\"image\/jpeg\" \/>\n<meta name=\"twitter:card\" content=\"summary_large_image\" \/>\n<meta name=\"twitter:label1\" content=\"Tiempo de lectura\" \/>\n\t<meta name=\"twitter:data1\" content=\"3 minutos\" \/>\n<script type=\"application\/ld+json\" class=\"yoast-schema-graph\">{\"@context\":\"https:\\\/\\\/schema.org\",\"@graph\":[{\"@type\":\"WebPage\",\"@id\":\"https:\\\/\\\/www.mc-expatriation.com\\\/es\\\/creacion-empresa\\\/inscripcion-en-el-registro-mercantil\\\/\",\"url\":\"https:\\\/\\\/www.mc-expatriation.com\\\/es\\\/creacion-empresa\\\/inscripcion-en-el-registro-mercantil\\\/\",\"name\":\"Creaci\u00f3n de empresas \u2013 Inscripci\u00f3n en el registro mercantil\",\"isPartOf\":{\"@id\":\"https:\\\/\\\/www.mc-expatriation.com\\\/#website\"},\"primaryImageOfPage\":{\"@id\":\"https:\\\/\\\/www.mc-expatriation.com\\\/es\\\/creacion-empresa\\\/inscripcion-en-el-registro-mercantil\\\/#primaryimage\"},\"image\":{\"@id\":\"https:\\\/\\\/www.mc-expatriation.com\\\/es\\\/creacion-empresa\\\/inscripcion-en-el-registro-mercantil\\\/#primaryimage\"},\"thumbnailUrl\":\"https:\\\/\\\/www.mc-expatriation.com\\\/wp-content\\\/uploads\\\/2022\\\/12\\\/Inscription-registre-des-commerces.jpg\",\"datePublished\":\"2022-11-12T13:06:52+00:00\",\"dateModified\":\"2022-12-17T14:48:14+00:00\",\"description\":\"La creaci\u00f3n de una empresa implica la realizaci\u00f3n de varios tr\u00e1mites y solicitudes de autorizaci\u00f3n al Gobierno de Andorra. Entre ellas, se encuentran las que se llevan a cabo ante el Registro Mercantil. Cabe se\u00f1alar que, en el caso del Principado, esta instituci\u00f3n no es la misma que el Registro de sociedades. Por lo tanto, es aconsejable reunir la informaci\u00f3n m\u00ednima necesaria antes de iniciar la actividad.\",\"breadcrumb\":{\"@id\":\"https:\\\/\\\/www.mc-expatriation.com\\\/es\\\/creacion-empresa\\\/inscripcion-en-el-registro-mercantil\\\/#breadcrumb\"},\"inLanguage\":\"es\",\"potentialAction\":[{\"@type\":\"ReadAction\",\"target\":[\"https:\\\/\\\/www.mc-expatriation.com\\\/es\\\/creacion-empresa\\\/inscripcion-en-el-registro-mercantil\\\/\"]}]},{\"@type\":\"ImageObject\",\"inLanguage\":\"es\",\"@id\":\"https:\\\/\\\/www.mc-expatriation.com\\\/es\\\/creacion-empresa\\\/inscripcion-en-el-registro-mercantil\\\/#primaryimage\",\"url\":\"https:\\\/\\\/www.mc-expatriation.com\\\/wp-content\\\/uploads\\\/2022\\\/12\\\/Inscription-registre-des-commerces.jpg\",\"contentUrl\":\"https:\\\/\\\/www.mc-expatriation.com\\\/wp-content\\\/uploads\\\/2022\\\/12\\\/Inscription-registre-des-commerces.jpg\",\"width\":1000,\"height\":667,\"caption\":\"Inscription registre des commerces\"},{\"@type\":\"BreadcrumbList\",\"@id\":\"https:\\\/\\\/www.mc-expatriation.com\\\/es\\\/creacion-empresa\\\/inscripcion-en-el-registro-mercantil\\\/#breadcrumb\",\"itemListElement\":[{\"@type\":\"ListItem\",\"position\":1,\"name\":\"Home\",\"item\":\"https:\\\/\\\/www.mc-expatriation.com\\\/es\\\/\"},{\"@type\":\"ListItem\",\"position\":2,\"name\":\"Creaci\u00f3n de una empresa en Andorra, facilite sus tr\u00e1mites con nuestra Gestor\u00eda\",\"item\":\"https:\\\/\\\/www.mc-expatriation.com\\\/es\\\/creacion-empresa\\\/\"},{\"@type\":\"ListItem\",\"position\":3,\"name\":\"Creaci\u00f3n de empresas \u2013 Inscripci\u00f3n en el registro mercantil\"}]},{\"@type\":\"WebSite\",\"@id\":\"https:\\\/\\\/www.mc-expatriation.com\\\/#website\",\"url\":\"https:\\\/\\\/www.mc-expatriation.com\\\/\",\"name\":\"MC Expatriation\",\"description\":\"\",\"publisher\":{\"@id\":\"https:\\\/\\\/www.mc-expatriation.com\\\/#organization\"},\"potentialAction\":[{\"@type\":\"SearchAction\",\"target\":{\"@type\":\"EntryPoint\",\"urlTemplate\":\"https:\\\/\\\/www.mc-expatriation.com\\\/?s={search_term_string}\"},\"query-input\":{\"@type\":\"PropertyValueSpecification\",\"valueRequired\":true,\"valueName\":\"search_term_string\"}}],\"inLanguage\":\"es\"},{\"@type\":\"Organization\",\"@id\":\"https:\\\/\\\/www.mc-expatriation.com\\\/#organization\",\"name\":\"MC Expatriation\",\"url\":\"https:\\\/\\\/www.mc-expatriation.com\\\/\",\"logo\":{\"@type\":\"ImageObject\",\"inLanguage\":\"es\",\"@id\":\"https:\\\/\\\/www.mc-expatriation.com\\\/#\\\/schema\\\/logo\\\/image\\\/\",\"url\":\"https:\\\/\\\/www.mc-expatriation.com\\\/wp-content\\\/uploads\\\/2022\\\/10\\\/logo.svg\",\"contentUrl\":\"https:\\\/\\\/www.mc-expatriation.com\\\/wp-content\\\/uploads\\\/2022\\\/10\\\/logo.svg\",\"caption\":\"MC Expatriation\"},\"image\":{\"@id\":\"https:\\\/\\\/www.mc-expatriation.com\\\/#\\\/schema\\\/logo\\\/image\\\/\"}}]}<\/script>\n<!-- \/ Yoast SEO Premium plugin. -->","yoast_head_json":{"title":"Creaci\u00f3n de empresas \u2013 Inscripci\u00f3n en el registro mercantil","description":"La creaci\u00f3n de una empresa implica la realizaci\u00f3n de varios tr\u00e1mites y solicitudes de autorizaci\u00f3n al Gobierno de Andorra. Entre ellas, se encuentran las que se llevan a cabo ante el Registro Mercantil. Cabe se\u00f1alar que, en el caso del Principado, esta instituci\u00f3n no es la misma que el Registro de sociedades. Por lo tanto, es aconsejable reunir la informaci\u00f3n m\u00ednima necesaria antes de iniciar la actividad.","robots":{"index":"index","follow":"follow","max-snippet":"max-snippet:-1","max-image-preview":"max-image-preview:large","max-video-preview":"max-video-preview:-1"},"canonical":"https:\/\/www.mc-expatriation.com\/es\/creacion-empresa\/inscripcion-en-el-registro-mercantil\/","og_locale":"es_ES","og_type":"article","og_title":"Creaci\u00f3n de empresas \u2013 Inscripci\u00f3n en el registro mercantil","og_description":"La creaci\u00f3n de una empresa implica la realizaci\u00f3n de varios tr\u00e1mites y solicitudes de autorizaci\u00f3n al Gobierno de Andorra. Entre ellas, se encuentran las que se llevan a cabo ante el Registro Mercantil. Cabe se\u00f1alar que, en el caso del Principado, esta instituci\u00f3n no es la misma que el Registro de sociedades. Por lo tanto, es aconsejable reunir la informaci\u00f3n m\u00ednima necesaria antes de iniciar la actividad.","og_url":"https:\/\/www.mc-expatriation.com\/es\/creacion-empresa\/inscripcion-en-el-registro-mercantil\/","og_site_name":"MC Expatriation","article_modified_time":"2022-12-17T14:48:14+00:00","og_image":[{"width":1000,"height":667,"url":"https:\/\/www.mc-expatriation.com\/wp-content\/uploads\/2022\/12\/Inscription-registre-des-commerces.jpg","type":"image\/jpeg"}],"twitter_card":"summary_large_image","twitter_misc":{"Tiempo de lectura":"3 minutos"},"schema":{"@context":"https:\/\/schema.org","@graph":[{"@type":"WebPage","@id":"https:\/\/www.mc-expatriation.com\/es\/creacion-empresa\/inscripcion-en-el-registro-mercantil\/","url":"https:\/\/www.mc-expatriation.com\/es\/creacion-empresa\/inscripcion-en-el-registro-mercantil\/","name":"Creaci\u00f3n de empresas \u2013 Inscripci\u00f3n en el registro mercantil","isPartOf":{"@id":"https:\/\/www.mc-expatriation.com\/#website"},"primaryImageOfPage":{"@id":"https:\/\/www.mc-expatriation.com\/es\/creacion-empresa\/inscripcion-en-el-registro-mercantil\/#primaryimage"},"image":{"@id":"https:\/\/www.mc-expatriation.com\/es\/creacion-empresa\/inscripcion-en-el-registro-mercantil\/#primaryimage"},"thumbnailUrl":"https:\/\/www.mc-expatriation.com\/wp-content\/uploads\/2022\/12\/Inscription-registre-des-commerces.jpg","datePublished":"2022-11-12T13:06:52+00:00","dateModified":"2022-12-17T14:48:14+00:00","description":"La creaci\u00f3n de una empresa implica la realizaci\u00f3n de varios tr\u00e1mites y solicitudes de autorizaci\u00f3n al Gobierno de Andorra. Entre ellas, se encuentran las que se llevan a cabo ante el Registro Mercantil. Cabe se\u00f1alar que, en el caso del Principado, esta instituci\u00f3n no es la misma que el Registro de sociedades. Por lo tanto, es aconsejable reunir la informaci\u00f3n m\u00ednima necesaria antes de iniciar la actividad.","breadcrumb":{"@id":"https:\/\/www.mc-expatriation.com\/es\/creacion-empresa\/inscripcion-en-el-registro-mercantil\/#breadcrumb"},"inLanguage":"es","potentialAction":[{"@type":"ReadAction","target":["https:\/\/www.mc-expatriation.com\/es\/creacion-empresa\/inscripcion-en-el-registro-mercantil\/"]}]},{"@type":"ImageObject","inLanguage":"es","@id":"https:\/\/www.mc-expatriation.com\/es\/creacion-empresa\/inscripcion-en-el-registro-mercantil\/#primaryimage","url":"https:\/\/www.mc-expatriation.com\/wp-content\/uploads\/2022\/12\/Inscription-registre-des-commerces.jpg","contentUrl":"https:\/\/www.mc-expatriation.com\/wp-content\/uploads\/2022\/12\/Inscription-registre-des-commerces.jpg","width":1000,"height":667,"caption":"Inscription registre des commerces"},{"@type":"BreadcrumbList","@id":"https:\/\/www.mc-expatriation.com\/es\/creacion-empresa\/inscripcion-en-el-registro-mercantil\/#breadcrumb","itemListElement":[{"@type":"ListItem","position":1,"name":"Home","item":"https:\/\/www.mc-expatriation.com\/es\/"},{"@type":"ListItem","position":2,"name":"Creaci\u00f3n de una empresa en Andorra, facilite sus tr\u00e1mites con nuestra Gestor\u00eda","item":"https:\/\/www.mc-expatriation.com\/es\/creacion-empresa\/"},{"@type":"ListItem","position":3,"name":"Creaci\u00f3n de empresas \u2013 Inscripci\u00f3n en el registro mercantil"}]},{"@type":"WebSite","@id":"https:\/\/www.mc-expatriation.com\/#website","url":"https:\/\/www.mc-expatriation.com\/","name":"MC Expatriation","description":"","publisher":{"@id":"https:\/\/www.mc-expatriation.com\/#organization"},"potentialAction":[{"@type":"SearchAction","target":{"@type":"EntryPoint","urlTemplate":"https:\/\/www.mc-expatriation.com\/?s={search_term_string}"},"query-input":{"@type":"PropertyValueSpecification","valueRequired":true,"valueName":"search_term_string"}}],"inLanguage":"es"},{"@type":"Organization","@id":"https:\/\/www.mc-expatriation.com\/#organization","name":"MC Expatriation","url":"https:\/\/www.mc-expatriation.com\/","logo":{"@type":"ImageObject","inLanguage":"es","@id":"https:\/\/www.mc-expatriation.com\/#\/schema\/logo\/image\/","url":"https:\/\/www.mc-expatriation.com\/wp-content\/uploads\/2022\/10\/logo.svg","contentUrl":"https:\/\/www.mc-expatriation.com\/wp-content\/uploads\/2022\/10\/logo.svg","caption":"MC Expatriation"},"image":{"@id":"https:\/\/www.mc-expatriation.com\/#\/schema\/logo\/image\/"}}]}},"_links":{"self":[{"href":"https:\/\/www.mc-expatriation.com\/es\/wp-json\/wp\/v2\/pages\/1824","targetHints":{"allow":["GET"]}}],"collection":[{"href":"https:\/\/www.mc-expatriation.com\/es\/wp-json\/wp\/v2\/pages"}],"about":[{"href":"https:\/\/www.mc-expatriation.com\/es\/wp-json\/wp\/v2\/types\/page"}],"author":[{"embeddable":true,"href":"https:\/\/www.mc-expatriation.com\/es\/wp-json\/wp\/v2\/users\/1"}],"replies":[{"embeddable":true,"href":"https:\/\/www.mc-expatriation.com\/es\/wp-json\/wp\/v2\/comments?post=1824"}],"version-history":[{"count":8,"href":"https:\/\/www.mc-expatriation.com\/es\/wp-json\/wp\/v2\/pages\/1824\/revisions"}],"predecessor-version":[{"id":2274,"href":"https:\/\/www.mc-expatriation.com\/es\/wp-json\/wp\/v2\/pages\/1824\/revisions\/2274"}],"up":[{"embeddable":true,"href":"https:\/\/www.mc-expatriation.com\/es\/wp-json\/wp\/v2\/pages\/1832"}],"wp:featuredmedia":[{"embeddable":true,"href":"https:\/\/www.mc-expatriation.com\/es\/wp-json\/wp\/v2\/media\/2260"}],"wp:attachment":[{"href":"https:\/\/www.mc-expatriation.com\/es\/wp-json\/wp\/v2\/media?parent=1824"}],"curies":[{"name":"wp","href":"https:\/\/api.w.org\/{rel}","templated":true}]}}