{"id":1832,"date":"2022-10-27T22:02:19","date_gmt":"2022-10-27T22:02:19","guid":{"rendered":"http:\/\/mcexpat.devmc.xyz\/creation-societe\/"},"modified":"2022-12-18T07:13:44","modified_gmt":"2022-12-18T07:13:44","slug":"creacion-empresa","status":"publish","type":"page","link":"https:\/\/www.mc-expatriation.com\/es\/creacion-empresa\/","title":{"rendered":"Creaci\u00f3n de una empresa en Andorra, facilite sus tr\u00e1mites con nuestra Gestor\u00eda"},"content":{"rendered":"\n<p><strong>Andorra es un uno de los pa\u00edses del mundo&nbsp;especialmente favorables para los emprendedores. Si est\u00e1 pensando en desarrollar una actividad en el Principado, puede constituir una empresa ahorr\u00e1ndose tr\u00e1mites. La creaci\u00f3n de una empresa en Andorra tiene muchas ventajas. Cabe hablar del sistema fiscal de este pa\u00eds, con un tipo impositivo bajo para las empresas. No supera el 10%. Tampoco hay impuestos sobre los dividendos. Una situaci\u00f3n excepcional en el coraz\u00f3n de Europa Occidental.<\/strong><\/p>\n\n\n\n<p><strong>Al disponer de una amplia red de colaboradores, contamos con los elementos necesarios para acompa\u00f1arle en la totalidad de su proyecto de inversi\u00f3n en Andorra.<\/strong><\/p>\n","protected":false},"excerpt":{"rendered":"<p>Andorra es un uno de los pa\u00edses del mundo&nbsp;especialmente favorables para los emprendedores. Si est\u00e1 pensando en desarrollar una actividad en el Principado, puede constituir una empresa ahorr\u00e1ndose tr\u00e1mites. La creaci\u00f3n de una empresa en Andorra tiene muchas ventajas. Cabe hablar del sistema fiscal de este pa\u00eds, con un tipo impositivo bajo para las empresas. [&hellip;]<\/p>\n","protected":false},"author":1,"featured_media":1442,"parent":0,"menu_order":0,"comment_status":"closed","ping_status":"closed","template":"niveau-1.php","meta":{"_acf_changed":false,"footnotes":""},"class_list":["post-1832","page","type-page","status-publish","has-post-thumbnail","hentry"],"acf":[],"yoast_head":"<!-- This site is optimized with the Yoast SEO Premium plugin v25.8 (Yoast SEO v27.3) - https:\/\/yoast.com\/product\/yoast-seo-premium-wordpress\/ -->\n<title>Creaci\u00f3n de una empresa en Andorra, facilite sus tr\u00e1mites con nuestra Gestor\u00eda<\/title>\n<meta name=\"description\" content=\"La fiscalidad reducida y transparente de Andorra es una de las razones por las que los inversores se trasladan a este territorio. Esta baja tributaci\u00f3n queda reflejada en el hecho de que el importe de los impuestos no suele alcanzar el 10% de la renta, sea cual sea su tipo y origen.\" \/>\n<meta name=\"robots\" content=\"index, follow, max-snippet:-1, max-image-preview:large, max-video-preview:-1\" \/>\n<link rel=\"canonical\" href=\"https:\/\/www.mc-expatriation.com\/es\/creacion-empresa\/\" \/>\n<meta property=\"og:locale\" content=\"es_ES\" \/>\n<meta property=\"og:type\" content=\"article\" \/>\n<meta property=\"og:title\" content=\"Creaci\u00f3n de una empresa en Andorra, facilite sus tr\u00e1mites con nuestra Gestor\u00eda\" \/>\n<meta property=\"og:description\" content=\"La fiscalidad reducida y transparente de Andorra es una de las razones por las que los inversores se trasladan a este territorio. Esta baja tributaci\u00f3n queda reflejada en el hecho de que el importe de los impuestos no suele alcanzar el 10% de la renta, sea cual sea su tipo y origen.\" \/>\n<meta property=\"og:url\" content=\"https:\/\/www.mc-expatriation.com\/es\/creacion-empresa\/\" \/>\n<meta property=\"og:site_name\" content=\"MC Expatriation\" \/>\n<meta property=\"article:modified_time\" content=\"2022-12-18T07:13:44+00:00\" \/>\n<meta property=\"og:image\" content=\"https:\/\/www.mc-expatriation.com\/wp-content\/uploads\/2022\/11\/Creation-de-societe-en-Andorre.jpg\" \/>\n\t<meta property=\"og:image:width\" content=\"1000\" \/>\n\t<meta property=\"og:image:height\" content=\"411\" \/>\n\t<meta property=\"og:image:type\" content=\"image\/jpeg\" \/>\n<meta name=\"twitter:card\" content=\"summary_large_image\" \/>\n<meta name=\"twitter:label1\" content=\"Tiempo de lectura\" \/>\n\t<meta name=\"twitter:data1\" content=\"1 minuto\" \/>\n<script type=\"application\/ld+json\" class=\"yoast-schema-graph\">{\"@context\":\"https:\\\/\\\/schema.org\",\"@graph\":[{\"@type\":\"WebPage\",\"@id\":\"https:\\\/\\\/www.mc-expatriation.com\\\/es\\\/creacion-empresa\\\/\",\"url\":\"https:\\\/\\\/www.mc-expatriation.com\\\/es\\\/creacion-empresa\\\/\",\"name\":\"Creaci\u00f3n de una empresa en Andorra, facilite sus tr\u00e1mites con nuestra Gestor\u00eda\",\"isPartOf\":{\"@id\":\"https:\\\/\\\/www.mc-expatriation.com\\\/#website\"},\"primaryImageOfPage\":{\"@id\":\"https:\\\/\\\/www.mc-expatriation.com\\\/es\\\/creacion-empresa\\\/#primaryimage\"},\"image\":{\"@id\":\"https:\\\/\\\/www.mc-expatriation.com\\\/es\\\/creacion-empresa\\\/#primaryimage\"},\"thumbnailUrl\":\"https:\\\/\\\/www.mc-expatriation.com\\\/wp-content\\\/uploads\\\/2022\\\/11\\\/Creation-de-societe-en-Andorre.jpg\",\"datePublished\":\"2022-10-27T22:02:19+00:00\",\"dateModified\":\"2022-12-18T07:13:44+00:00\",\"description\":\"La fiscalidad reducida y transparente de Andorra es una de las razones por las que los inversores se trasladan a este territorio. Esta baja tributaci\u00f3n queda reflejada en el hecho de que el importe de los impuestos no suele alcanzar el 10% de la renta, sea cual sea su tipo y origen.\",\"breadcrumb\":{\"@id\":\"https:\\\/\\\/www.mc-expatriation.com\\\/es\\\/creacion-empresa\\\/#breadcrumb\"},\"inLanguage\":\"es\",\"potentialAction\":[{\"@type\":\"ReadAction\",\"target\":[\"https:\\\/\\\/www.mc-expatriation.com\\\/es\\\/creacion-empresa\\\/\"]}]},{\"@type\":\"ImageObject\",\"inLanguage\":\"es\",\"@id\":\"https:\\\/\\\/www.mc-expatriation.com\\\/es\\\/creacion-empresa\\\/#primaryimage\",\"url\":\"https:\\\/\\\/www.mc-expatriation.com\\\/wp-content\\\/uploads\\\/2022\\\/11\\\/Creation-de-societe-en-Andorre.jpg\",\"contentUrl\":\"https:\\\/\\\/www.mc-expatriation.com\\\/wp-content\\\/uploads\\\/2022\\\/11\\\/Creation-de-societe-en-Andorre.jpg\",\"width\":1000,\"height\":411},{\"@type\":\"BreadcrumbList\",\"@id\":\"https:\\\/\\\/www.mc-expatriation.com\\\/es\\\/creacion-empresa\\\/#breadcrumb\",\"itemListElement\":[{\"@type\":\"ListItem\",\"position\":1,\"name\":\"Home\",\"item\":\"https:\\\/\\\/www.mc-expatriation.com\\\/es\\\/\"},{\"@type\":\"ListItem\",\"position\":2,\"name\":\"Creaci\u00f3n de una empresa en Andorra, facilite sus tr\u00e1mites con nuestra Gestor\u00eda\"}]},{\"@type\":\"WebSite\",\"@id\":\"https:\\\/\\\/www.mc-expatriation.com\\\/#website\",\"url\":\"https:\\\/\\\/www.mc-expatriation.com\\\/\",\"name\":\"MC Expatriation\",\"description\":\"\",\"publisher\":{\"@id\":\"https:\\\/\\\/www.mc-expatriation.com\\\/#organization\"},\"potentialAction\":[{\"@type\":\"SearchAction\",\"target\":{\"@type\":\"EntryPoint\",\"urlTemplate\":\"https:\\\/\\\/www.mc-expatriation.com\\\/?s={search_term_string}\"},\"query-input\":{\"@type\":\"PropertyValueSpecification\",\"valueRequired\":true,\"valueName\":\"search_term_string\"}}],\"inLanguage\":\"es\"},{\"@type\":\"Organization\",\"@id\":\"https:\\\/\\\/www.mc-expatriation.com\\\/#organization\",\"name\":\"MC Expatriation\",\"url\":\"https:\\\/\\\/www.mc-expatriation.com\\\/\",\"logo\":{\"@type\":\"ImageObject\",\"inLanguage\":\"es\",\"@id\":\"https:\\\/\\\/www.mc-expatriation.com\\\/#\\\/schema\\\/logo\\\/image\\\/\",\"url\":\"https:\\\/\\\/www.mc-expatriation.com\\\/wp-content\\\/uploads\\\/2022\\\/10\\\/logo.svg\",\"contentUrl\":\"https:\\\/\\\/www.mc-expatriation.com\\\/wp-content\\\/uploads\\\/2022\\\/10\\\/logo.svg\",\"caption\":\"MC Expatriation\"},\"image\":{\"@id\":\"https:\\\/\\\/www.mc-expatriation.com\\\/#\\\/schema\\\/logo\\\/image\\\/\"}}]}<\/script>\n<!-- \/ Yoast SEO Premium plugin. -->","yoast_head_json":{"title":"Creaci\u00f3n de una empresa en Andorra, facilite sus tr\u00e1mites con nuestra Gestor\u00eda","description":"La fiscalidad reducida y transparente de Andorra es una de las razones por las que los inversores se trasladan a este territorio. Esta baja tributaci\u00f3n queda reflejada en el hecho de que el importe de los impuestos no suele alcanzar el 10% de la renta, sea cual sea su tipo y origen.","robots":{"index":"index","follow":"follow","max-snippet":"max-snippet:-1","max-image-preview":"max-image-preview:large","max-video-preview":"max-video-preview:-1"},"canonical":"https:\/\/www.mc-expatriation.com\/es\/creacion-empresa\/","og_locale":"es_ES","og_type":"article","og_title":"Creaci\u00f3n de una empresa en Andorra, facilite sus tr\u00e1mites con nuestra Gestor\u00eda","og_description":"La fiscalidad reducida y transparente de Andorra es una de las razones por las que los inversores se trasladan a este territorio. Esta baja tributaci\u00f3n queda reflejada en el hecho de que el importe de los impuestos no suele alcanzar el 10% de la renta, sea cual sea su tipo y origen.","og_url":"https:\/\/www.mc-expatriation.com\/es\/creacion-empresa\/","og_site_name":"MC Expatriation","article_modified_time":"2022-12-18T07:13:44+00:00","og_image":[{"width":1000,"height":411,"url":"https:\/\/www.mc-expatriation.com\/wp-content\/uploads\/2022\/11\/Creation-de-societe-en-Andorre.jpg","type":"image\/jpeg"}],"twitter_card":"summary_large_image","twitter_misc":{"Tiempo de lectura":"1 minuto"},"schema":{"@context":"https:\/\/schema.org","@graph":[{"@type":"WebPage","@id":"https:\/\/www.mc-expatriation.com\/es\/creacion-empresa\/","url":"https:\/\/www.mc-expatriation.com\/es\/creacion-empresa\/","name":"Creaci\u00f3n de una empresa en Andorra, facilite sus tr\u00e1mites con nuestra Gestor\u00eda","isPartOf":{"@id":"https:\/\/www.mc-expatriation.com\/#website"},"primaryImageOfPage":{"@id":"https:\/\/www.mc-expatriation.com\/es\/creacion-empresa\/#primaryimage"},"image":{"@id":"https:\/\/www.mc-expatriation.com\/es\/creacion-empresa\/#primaryimage"},"thumbnailUrl":"https:\/\/www.mc-expatriation.com\/wp-content\/uploads\/2022\/11\/Creation-de-societe-en-Andorre.jpg","datePublished":"2022-10-27T22:02:19+00:00","dateModified":"2022-12-18T07:13:44+00:00","description":"La fiscalidad reducida y transparente de Andorra es una de las razones por las que los inversores se trasladan a este territorio. Esta baja tributaci\u00f3n queda reflejada en el hecho de que el importe de los impuestos no suele alcanzar el 10% de la renta, sea cual sea su tipo y origen.","breadcrumb":{"@id":"https:\/\/www.mc-expatriation.com\/es\/creacion-empresa\/#breadcrumb"},"inLanguage":"es","potentialAction":[{"@type":"ReadAction","target":["https:\/\/www.mc-expatriation.com\/es\/creacion-empresa\/"]}]},{"@type":"ImageObject","inLanguage":"es","@id":"https:\/\/www.mc-expatriation.com\/es\/creacion-empresa\/#primaryimage","url":"https:\/\/www.mc-expatriation.com\/wp-content\/uploads\/2022\/11\/Creation-de-societe-en-Andorre.jpg","contentUrl":"https:\/\/www.mc-expatriation.com\/wp-content\/uploads\/2022\/11\/Creation-de-societe-en-Andorre.jpg","width":1000,"height":411},{"@type":"BreadcrumbList","@id":"https:\/\/www.mc-expatriation.com\/es\/creacion-empresa\/#breadcrumb","itemListElement":[{"@type":"ListItem","position":1,"name":"Home","item":"https:\/\/www.mc-expatriation.com\/es\/"},{"@type":"ListItem","position":2,"name":"Creaci\u00f3n de una empresa en Andorra, facilite sus tr\u00e1mites con nuestra Gestor\u00eda"}]},{"@type":"WebSite","@id":"https:\/\/www.mc-expatriation.com\/#website","url":"https:\/\/www.mc-expatriation.com\/","name":"MC Expatriation","description":"","publisher":{"@id":"https:\/\/www.mc-expatriation.com\/#organization"},"potentialAction":[{"@type":"SearchAction","target":{"@type":"EntryPoint","urlTemplate":"https:\/\/www.mc-expatriation.com\/?s={search_term_string}"},"query-input":{"@type":"PropertyValueSpecification","valueRequired":true,"valueName":"search_term_string"}}],"inLanguage":"es"},{"@type":"Organization","@id":"https:\/\/www.mc-expatriation.com\/#organization","name":"MC Expatriation","url":"https:\/\/www.mc-expatriation.com\/","logo":{"@type":"ImageObject","inLanguage":"es","@id":"https:\/\/www.mc-expatriation.com\/#\/schema\/logo\/image\/","url":"https:\/\/www.mc-expatriation.com\/wp-content\/uploads\/2022\/10\/logo.svg","contentUrl":"https:\/\/www.mc-expatriation.com\/wp-content\/uploads\/2022\/10\/logo.svg","caption":"MC Expatriation"},"image":{"@id":"https:\/\/www.mc-expatriation.com\/#\/schema\/logo\/image\/"}}]}},"_links":{"self":[{"href":"https:\/\/www.mc-expatriation.com\/es\/wp-json\/wp\/v2\/pages\/1832","targetHints":{"allow":["GET"]}}],"collection":[{"href":"https:\/\/www.mc-expatriation.com\/es\/wp-json\/wp\/v2\/pages"}],"about":[{"href":"https:\/\/www.mc-expatriation.com\/es\/wp-json\/wp\/v2\/types\/page"}],"author":[{"embeddable":true,"href":"https:\/\/www.mc-expatriation.com\/es\/wp-json\/wp\/v2\/users\/1"}],"replies":[{"embeddable":true,"href":"https:\/\/www.mc-expatriation.com\/es\/wp-json\/wp\/v2\/comments?post=1832"}],"version-history":[{"count":19,"href":"https:\/\/www.mc-expatriation.com\/es\/wp-json\/wp\/v2\/pages\/1832\/revisions"}],"predecessor-version":[{"id":2587,"href":"https:\/\/www.mc-expatriation.com\/es\/wp-json\/wp\/v2\/pages\/1832\/revisions\/2587"}],"wp:featuredmedia":[{"embeddable":true,"href":"https:\/\/www.mc-expatriation.com\/es\/wp-json\/wp\/v2\/media\/1442"}],"wp:attachment":[{"href":"https:\/\/www.mc-expatriation.com\/es\/wp-json\/wp\/v2\/media?parent=1832"}],"curies":[{"name":"wp","href":"https:\/\/api.w.org\/{rel}","templated":true}]}}