{"id":1889,"date":"2022-11-11T13:06:41","date_gmt":"2022-11-11T13:06:41","guid":{"rendered":"http:\/\/mcexpat.devmc.xyz\/creacion-empresa\/extincteur-plaque\/"},"modified":"2022-12-18T07:32:19","modified_gmt":"2022-12-18T07:32:19","slug":"el-extintor-y-la-placa","status":"publish","type":"page","link":"https:\/\/www.mc-expatriation.com\/es\/creacion-empresa\/el-extintor-y-la-placa\/","title":{"rendered":"El extintor y la placa"},"content":{"rendered":"\n<p>Con el fin de cumplir con las obligaciones en materia de prevenci\u00f3n de incendios, un emprendedor que desee crear una empresa en Andorra debe plantearse la instalaci\u00f3n de un extintor. Este dispositivo debe ir acompa\u00f1ado de una placa. Cada establecimiento debe disponer tambi\u00e9n de un contrato de mantenimiento del extintor. Esta es una de las condiciones caracter\u00edsticas de Andorra a la hora de crear una empresa.<\/p>\n\n\n\n<h2 class=\"wp-block-heading\">Requisitos espec\u00edficos de Andorra para crear una empresa<\/h2>\n\n\n\n<p>La instalaci\u00f3n de un extintor es una de las condiciones ligadas a la validaci\u00f3n de su expediente de creaci\u00f3n de empresa en Andorra. Esta instalaci\u00f3n ser\u00e1 inspeccionada por expertos para valorar una serie de criterios. El objetivo es evaluar el nivel de seguridad.<\/p>\n\n\n\n<p>El modo de instalaci\u00f3n de este equipo puede depender de diferentes circunstancias. Por eso la ley exige la intervenci\u00f3n de un perito. Entre los factores que afectan al tipo de instalaci\u00f3n, podemos mencionar:<\/p>\n\n\n\n<ul class=\"wp-block-list\">\n<li>La naturaleza de los riesgos,<\/li>\n\n\n\n<li>EL emplazamiento y el n\u00famero de extintores requeridos,<\/li>\n\n\n\n<li>El tipo de extintor o extintores que es factible para el entorno concreto (de pulverizaci\u00f3n con aditivos, de polvo, de espuma o de CO2), etc.<\/li>\n<\/ul>\n\n\n\n<p>Pueden exig\u00edrsele otras protecciones adicionales. Algunos sectores de actividad pueden necesitar m\u00e1s equipamiento en materia de seguridad contra incendios.<\/p>\n\n\n\n<h2 class=\"wp-block-heading\">Tener un extintor con su placa correspondiente en la oficina de la empresa<\/h2>\n\n\n\n<p>En el proceso de constituci\u00f3n de una empresa en Andorra, los administradores est\u00e1n obligados a instalar uno o m\u00e1s extintores con su placa de se\u00f1alizaci\u00f3n. Esta es una de las condiciones para validar su solicitud de creaci\u00f3n de una empresa andorrana. Pero a\u00fan hay m\u00e1s: tambi\u00e9n debe presentarse un contrato de mantenimiento para estos equipos.<\/p>\n\n\n\n<p>Aunque los extintores son obligatorios en todas las empresas andorranas, sea cual sea su envergadura, el jefe de la empresa, o su equipo, no pueden instalarlos personalmente. Para que la instalaci\u00f3n sea validada, debe intervenir un profesional. Este \u00faltimo tambi\u00e9n podr\u00e1 determinar mejor el n\u00famero necesario de aparatos y el tipo adecuado para su establecimiento comercial.<\/p>\n\n\n\n<p>Asimismo, entre otras condiciones, estos equipos deben cumplir los requisitos de las compa\u00f1\u00edas de seguros del pa\u00eds. Asimismo, es preciso que est\u00e9n puestos en servicio y que pasen una revisi\u00f3n a cargo de un especialista cada a\u00f1o. \u00bfPor qu\u00e9 es esto una obligaci\u00f3n a la hora de crear una empresa en el Principado? Simplemente para demostrar que el empresario en cuesti\u00f3n cumple con la legislaci\u00f3n en materia de seguridad contra incendios.<\/p>\n","protected":false},"excerpt":{"rendered":"<p>Con el fin de cumplir con las obligaciones en materia de prevenci\u00f3n de incendios, un emprendedor que desee crear una empresa en Andorra debe plantearse la instalaci\u00f3n de un extintor. Este dispositivo debe ir acompa\u00f1ado de una placa. Cada establecimiento debe disponer tambi\u00e9n de un contrato de mantenimiento del extintor. Esta es una de las [&hellip;]<\/p>\n","protected":false},"author":1,"featured_media":1534,"parent":1832,"menu_order":0,"comment_status":"closed","ping_status":"closed","template":"niveau-2.php","meta":{"_acf_changed":false,"footnotes":""},"class_list":["post-1889","page","type-page","status-publish","has-post-thumbnail","hentry"],"acf":[],"yoast_head":"<!-- This site is optimized with the Yoast SEO Premium plugin v25.8 (Yoast SEO v27.3) - https:\/\/yoast.com\/product\/yoast-seo-premium-wordpress\/ -->\n<title>El extintor y la placa<\/title>\n<meta name=\"description\" content=\"La instalaci\u00f3n de un extintor es una de las condiciones ligadas a la validaci\u00f3n de su expediente de creaci\u00f3n de empresa en Andorra. Esta instalaci\u00f3n ser\u00e1 inspeccionada por expertos para valorar una serie de criterios. El objetivo es evaluar el nivel de seguridad.\" \/>\n<meta name=\"robots\" content=\"index, follow, max-snippet:-1, max-image-preview:large, max-video-preview:-1\" \/>\n<link rel=\"canonical\" href=\"https:\/\/www.mc-expatriation.com\/es\/creacion-empresa\/el-extintor-y-la-placa\/\" \/>\n<meta property=\"og:locale\" content=\"es_ES\" \/>\n<meta property=\"og:type\" content=\"article\" \/>\n<meta property=\"og:title\" content=\"El extintor y la placa\" \/>\n<meta property=\"og:description\" content=\"La instalaci\u00f3n de un extintor es una de las condiciones ligadas a la validaci\u00f3n de su expediente de creaci\u00f3n de empresa en Andorra. Esta instalaci\u00f3n ser\u00e1 inspeccionada por expertos para valorar una serie de criterios. El objetivo es evaluar el nivel de seguridad.\" \/>\n<meta property=\"og:url\" content=\"https:\/\/www.mc-expatriation.com\/es\/creacion-empresa\/el-extintor-y-la-placa\/\" \/>\n<meta property=\"og:site_name\" content=\"MC Expatriation\" \/>\n<meta property=\"article:modified_time\" content=\"2022-12-18T07:32:19+00:00\" \/>\n<meta property=\"og:image\" content=\"https:\/\/www.mc-expatriation.com\/wp-content\/uploads\/2022\/11\/Lextincteur-et-la-plaque.jpg\" \/>\n\t<meta property=\"og:image:width\" content=\"1000\" \/>\n\t<meta property=\"og:image:height\" content=\"667\" \/>\n\t<meta property=\"og:image:type\" content=\"image\/jpeg\" \/>\n<meta name=\"twitter:card\" content=\"summary_large_image\" \/>\n<meta name=\"twitter:label1\" content=\"Tiempo de lectura\" \/>\n\t<meta name=\"twitter:data1\" content=\"3 minutos\" \/>\n<script type=\"application\/ld+json\" class=\"yoast-schema-graph\">{\"@context\":\"https:\\\/\\\/schema.org\",\"@graph\":[{\"@type\":\"WebPage\",\"@id\":\"https:\\\/\\\/www.mc-expatriation.com\\\/es\\\/creacion-empresa\\\/el-extintor-y-la-placa\\\/\",\"url\":\"https:\\\/\\\/www.mc-expatriation.com\\\/es\\\/creacion-empresa\\\/el-extintor-y-la-placa\\\/\",\"name\":\"El extintor y la placa\",\"isPartOf\":{\"@id\":\"https:\\\/\\\/www.mc-expatriation.com\\\/#website\"},\"primaryImageOfPage\":{\"@id\":\"https:\\\/\\\/www.mc-expatriation.com\\\/es\\\/creacion-empresa\\\/el-extintor-y-la-placa\\\/#primaryimage\"},\"image\":{\"@id\":\"https:\\\/\\\/www.mc-expatriation.com\\\/es\\\/creacion-empresa\\\/el-extintor-y-la-placa\\\/#primaryimage\"},\"thumbnailUrl\":\"https:\\\/\\\/www.mc-expatriation.com\\\/wp-content\\\/uploads\\\/2022\\\/11\\\/Lextincteur-et-la-plaque.jpg\",\"datePublished\":\"2022-11-11T13:06:41+00:00\",\"dateModified\":\"2022-12-18T07:32:19+00:00\",\"description\":\"La instalaci\u00f3n de un extintor es una de las condiciones ligadas a la validaci\u00f3n de su expediente de creaci\u00f3n de empresa en Andorra. Esta instalaci\u00f3n ser\u00e1 inspeccionada por expertos para valorar una serie de criterios. El objetivo es evaluar el nivel de seguridad.\",\"breadcrumb\":{\"@id\":\"https:\\\/\\\/www.mc-expatriation.com\\\/es\\\/creacion-empresa\\\/el-extintor-y-la-placa\\\/#breadcrumb\"},\"inLanguage\":\"es\",\"potentialAction\":[{\"@type\":\"ReadAction\",\"target\":[\"https:\\\/\\\/www.mc-expatriation.com\\\/es\\\/creacion-empresa\\\/el-extintor-y-la-placa\\\/\"]}]},{\"@type\":\"ImageObject\",\"inLanguage\":\"es\",\"@id\":\"https:\\\/\\\/www.mc-expatriation.com\\\/es\\\/creacion-empresa\\\/el-extintor-y-la-placa\\\/#primaryimage\",\"url\":\"https:\\\/\\\/www.mc-expatriation.com\\\/wp-content\\\/uploads\\\/2022\\\/11\\\/Lextincteur-et-la-plaque.jpg\",\"contentUrl\":\"https:\\\/\\\/www.mc-expatriation.com\\\/wp-content\\\/uploads\\\/2022\\\/11\\\/Lextincteur-et-la-plaque.jpg\",\"width\":1000,\"height\":667},{\"@type\":\"BreadcrumbList\",\"@id\":\"https:\\\/\\\/www.mc-expatriation.com\\\/es\\\/creacion-empresa\\\/el-extintor-y-la-placa\\\/#breadcrumb\",\"itemListElement\":[{\"@type\":\"ListItem\",\"position\":1,\"name\":\"Home\",\"item\":\"https:\\\/\\\/www.mc-expatriation.com\\\/es\\\/\"},{\"@type\":\"ListItem\",\"position\":2,\"name\":\"Creaci\u00f3n de una empresa en Andorra, facilite sus tr\u00e1mites con nuestra Gestor\u00eda\",\"item\":\"https:\\\/\\\/www.mc-expatriation.com\\\/es\\\/creacion-empresa\\\/\"},{\"@type\":\"ListItem\",\"position\":3,\"name\":\"El extintor y la placa\"}]},{\"@type\":\"WebSite\",\"@id\":\"https:\\\/\\\/www.mc-expatriation.com\\\/#website\",\"url\":\"https:\\\/\\\/www.mc-expatriation.com\\\/\",\"name\":\"MC Expatriation\",\"description\":\"\",\"publisher\":{\"@id\":\"https:\\\/\\\/www.mc-expatriation.com\\\/#organization\"},\"potentialAction\":[{\"@type\":\"SearchAction\",\"target\":{\"@type\":\"EntryPoint\",\"urlTemplate\":\"https:\\\/\\\/www.mc-expatriation.com\\\/?s={search_term_string}\"},\"query-input\":{\"@type\":\"PropertyValueSpecification\",\"valueRequired\":true,\"valueName\":\"search_term_string\"}}],\"inLanguage\":\"es\"},{\"@type\":\"Organization\",\"@id\":\"https:\\\/\\\/www.mc-expatriation.com\\\/#organization\",\"name\":\"MC Expatriation\",\"url\":\"https:\\\/\\\/www.mc-expatriation.com\\\/\",\"logo\":{\"@type\":\"ImageObject\",\"inLanguage\":\"es\",\"@id\":\"https:\\\/\\\/www.mc-expatriation.com\\\/#\\\/schema\\\/logo\\\/image\\\/\",\"url\":\"https:\\\/\\\/www.mc-expatriation.com\\\/wp-content\\\/uploads\\\/2022\\\/10\\\/logo.svg\",\"contentUrl\":\"https:\\\/\\\/www.mc-expatriation.com\\\/wp-content\\\/uploads\\\/2022\\\/10\\\/logo.svg\",\"caption\":\"MC Expatriation\"},\"image\":{\"@id\":\"https:\\\/\\\/www.mc-expatriation.com\\\/#\\\/schema\\\/logo\\\/image\\\/\"}}]}<\/script>\n<!-- \/ Yoast SEO Premium plugin. -->","yoast_head_json":{"title":"El extintor y la placa","description":"La instalaci\u00f3n de un extintor es una de las condiciones ligadas a la validaci\u00f3n de su expediente de creaci\u00f3n de empresa en Andorra. Esta instalaci\u00f3n ser\u00e1 inspeccionada por expertos para valorar una serie de criterios. El objetivo es evaluar el nivel de seguridad.","robots":{"index":"index","follow":"follow","max-snippet":"max-snippet:-1","max-image-preview":"max-image-preview:large","max-video-preview":"max-video-preview:-1"},"canonical":"https:\/\/www.mc-expatriation.com\/es\/creacion-empresa\/el-extintor-y-la-placa\/","og_locale":"es_ES","og_type":"article","og_title":"El extintor y la placa","og_description":"La instalaci\u00f3n de un extintor es una de las condiciones ligadas a la validaci\u00f3n de su expediente de creaci\u00f3n de empresa en Andorra. Esta instalaci\u00f3n ser\u00e1 inspeccionada por expertos para valorar una serie de criterios. El objetivo es evaluar el nivel de seguridad.","og_url":"https:\/\/www.mc-expatriation.com\/es\/creacion-empresa\/el-extintor-y-la-placa\/","og_site_name":"MC Expatriation","article_modified_time":"2022-12-18T07:32:19+00:00","og_image":[{"width":1000,"height":667,"url":"https:\/\/www.mc-expatriation.com\/wp-content\/uploads\/2022\/11\/Lextincteur-et-la-plaque.jpg","type":"image\/jpeg"}],"twitter_card":"summary_large_image","twitter_misc":{"Tiempo de lectura":"3 minutos"},"schema":{"@context":"https:\/\/schema.org","@graph":[{"@type":"WebPage","@id":"https:\/\/www.mc-expatriation.com\/es\/creacion-empresa\/el-extintor-y-la-placa\/","url":"https:\/\/www.mc-expatriation.com\/es\/creacion-empresa\/el-extintor-y-la-placa\/","name":"El extintor y la placa","isPartOf":{"@id":"https:\/\/www.mc-expatriation.com\/#website"},"primaryImageOfPage":{"@id":"https:\/\/www.mc-expatriation.com\/es\/creacion-empresa\/el-extintor-y-la-placa\/#primaryimage"},"image":{"@id":"https:\/\/www.mc-expatriation.com\/es\/creacion-empresa\/el-extintor-y-la-placa\/#primaryimage"},"thumbnailUrl":"https:\/\/www.mc-expatriation.com\/wp-content\/uploads\/2022\/11\/Lextincteur-et-la-plaque.jpg","datePublished":"2022-11-11T13:06:41+00:00","dateModified":"2022-12-18T07:32:19+00:00","description":"La instalaci\u00f3n de un extintor es una de las condiciones ligadas a la validaci\u00f3n de su expediente de creaci\u00f3n de empresa en Andorra. Esta instalaci\u00f3n ser\u00e1 inspeccionada por expertos para valorar una serie de criterios. El objetivo es evaluar el nivel de seguridad.","breadcrumb":{"@id":"https:\/\/www.mc-expatriation.com\/es\/creacion-empresa\/el-extintor-y-la-placa\/#breadcrumb"},"inLanguage":"es","potentialAction":[{"@type":"ReadAction","target":["https:\/\/www.mc-expatriation.com\/es\/creacion-empresa\/el-extintor-y-la-placa\/"]}]},{"@type":"ImageObject","inLanguage":"es","@id":"https:\/\/www.mc-expatriation.com\/es\/creacion-empresa\/el-extintor-y-la-placa\/#primaryimage","url":"https:\/\/www.mc-expatriation.com\/wp-content\/uploads\/2022\/11\/Lextincteur-et-la-plaque.jpg","contentUrl":"https:\/\/www.mc-expatriation.com\/wp-content\/uploads\/2022\/11\/Lextincteur-et-la-plaque.jpg","width":1000,"height":667},{"@type":"BreadcrumbList","@id":"https:\/\/www.mc-expatriation.com\/es\/creacion-empresa\/el-extintor-y-la-placa\/#breadcrumb","itemListElement":[{"@type":"ListItem","position":1,"name":"Home","item":"https:\/\/www.mc-expatriation.com\/es\/"},{"@type":"ListItem","position":2,"name":"Creaci\u00f3n de una empresa en Andorra, facilite sus tr\u00e1mites con nuestra Gestor\u00eda","item":"https:\/\/www.mc-expatriation.com\/es\/creacion-empresa\/"},{"@type":"ListItem","position":3,"name":"El extintor y la placa"}]},{"@type":"WebSite","@id":"https:\/\/www.mc-expatriation.com\/#website","url":"https:\/\/www.mc-expatriation.com\/","name":"MC Expatriation","description":"","publisher":{"@id":"https:\/\/www.mc-expatriation.com\/#organization"},"potentialAction":[{"@type":"SearchAction","target":{"@type":"EntryPoint","urlTemplate":"https:\/\/www.mc-expatriation.com\/?s={search_term_string}"},"query-input":{"@type":"PropertyValueSpecification","valueRequired":true,"valueName":"search_term_string"}}],"inLanguage":"es"},{"@type":"Organization","@id":"https:\/\/www.mc-expatriation.com\/#organization","name":"MC Expatriation","url":"https:\/\/www.mc-expatriation.com\/","logo":{"@type":"ImageObject","inLanguage":"es","@id":"https:\/\/www.mc-expatriation.com\/#\/schema\/logo\/image\/","url":"https:\/\/www.mc-expatriation.com\/wp-content\/uploads\/2022\/10\/logo.svg","contentUrl":"https:\/\/www.mc-expatriation.com\/wp-content\/uploads\/2022\/10\/logo.svg","caption":"MC Expatriation"},"image":{"@id":"https:\/\/www.mc-expatriation.com\/#\/schema\/logo\/image\/"}}]}},"_links":{"self":[{"href":"https:\/\/www.mc-expatriation.com\/es\/wp-json\/wp\/v2\/pages\/1889","targetHints":{"allow":["GET"]}}],"collection":[{"href":"https:\/\/www.mc-expatriation.com\/es\/wp-json\/wp\/v2\/pages"}],"about":[{"href":"https:\/\/www.mc-expatriation.com\/es\/wp-json\/wp\/v2\/types\/page"}],"author":[{"embeddable":true,"href":"https:\/\/www.mc-expatriation.com\/es\/wp-json\/wp\/v2\/users\/1"}],"replies":[{"embeddable":true,"href":"https:\/\/www.mc-expatriation.com\/es\/wp-json\/wp\/v2\/comments?post=1889"}],"version-history":[{"count":5,"href":"https:\/\/www.mc-expatriation.com\/es\/wp-json\/wp\/v2\/pages\/1889\/revisions"}],"predecessor-version":[{"id":1895,"href":"https:\/\/www.mc-expatriation.com\/es\/wp-json\/wp\/v2\/pages\/1889\/revisions\/1895"}],"up":[{"embeddable":true,"href":"https:\/\/www.mc-expatriation.com\/es\/wp-json\/wp\/v2\/pages\/1832"}],"wp:featuredmedia":[{"embeddable":true,"href":"https:\/\/www.mc-expatriation.com\/es\/wp-json\/wp\/v2\/media\/1534"}],"wp:attachment":[{"href":"https:\/\/www.mc-expatriation.com\/es\/wp-json\/wp\/v2\/media?parent=1889"}],"curies":[{"name":"wp","href":"https:\/\/api.w.org\/{rel}","templated":true}]}}