{"id":1913,"date":"2022-11-09T13:06:23","date_gmt":"2022-11-09T13:06:23","guid":{"rendered":"http:\/\/mcexpat.devmc.xyz\/creacion-empresa\/preparation-acte-notarie-constitution-entreprise\/"},"modified":"2022-12-18T07:20:08","modified_gmt":"2022-12-18T07:20:08","slug":"preparacion-de-escrituras-notariales-y-de-constitucion","status":"publish","type":"page","link":"https:\/\/www.mc-expatriation.com\/es\/creacion-empresa\/preparacion-de-escrituras-notariales-y-de-constitucion\/","title":{"rendered":"Creaci\u00f3n de empresas &#8211; Preparaci\u00f3n de escrituras notariales y de constituci\u00f3n"},"content":{"rendered":"\n<p>En Andorra, el notario es el profesional que se encarga de los tr\u00e1mites de creaci\u00f3n de empresas. Aunque sus responsabilidades son mucho m\u00e1s amplias, nos centraremos principalmente en sus misiones en el contexto de la constituci\u00f3n de empresas andorranas. Hay que recordar que este pa\u00eds ofrece muchas ventajas a los emprendedores que deseen realizar una inversi\u00f3n extranjera. Por ejemplo, el impuesto e sociedades, en Andorra es es especialmente bajo. Tampoco hay que olvidar las ventajas econ\u00f3micas y geogr\u00e1ficas. <\/p>\n\n\n\n<p>\u00bfQu\u00e9 papel juega un notario en un proyecto de creaci\u00f3n de una empresa andorrana? \u00bfEs su trabajo en el Principado similar al que puede realizar en Francia o en otro pa\u00eds europeo? Recurrir a dicho experto no s\u00f3lo le liberar\u00e1 de la carga de los tr\u00e1mites, sino que le garantizar\u00e1 que su proyecto se ci\u00f1e a los requisitos de la legislaci\u00f3n andorrana. \u00bfQu\u00e9 es un acta notarial?<\/p>\n\n\n\n<h2 class=\"wp-block-heading\">\u00bfQu\u00e9 es un acta notarial ?<\/h2>\n\n\n\n<p>Para crear una empresa en Andorra y registrarla en el Gobierno, el notario es el experto que debe intervenir. Es el encargado de efectuar el registro mediante un acta notarial de constituci\u00f3n.<\/p>\n\n\n\n<div class=\"wp-block-media-text alignwide has-media-on-the-right is-stacked-on-mobile\"><div class=\"wp-block-media-text__content\">\n<h3 class=\"wp-block-heading\">Definici\u00f3n de acta notarial<\/h3>\n\n\n\n<p>Es un documento legal, a menudo tambi\u00e9n denominado escritura p\u00fablica, redactado y firmado por el notario. En funci\u00f3n del contexto, el notario puede redactar distintos tipos de documentos:<\/p>\n\n\n\n<ul class=\"wp-block-list\">\n<li>Testamento&nbsp;;<\/li>\n\n\n\n<li>Escritura de venta&nbsp;;&nbsp;<\/li>\n\n\n\n<li>Compromiso de compra&nbsp;;<\/li>\n\n\n\n<li>Contrato de matrimonio, etc.<\/li>\n<\/ul>\n\n\n\n<p>Sen funci\u00f3n de la legislaci\u00f3n vigente y, en determinados casos, la presentaci\u00f3n de algunos de estos documentos puede ser obligatoria. En general, es necesario que cada procedimiento sea certificado por el notario. No obstante, si as\u00ed es necesario, sus servicios tambi\u00e9n pueden ampliarse a otros tr\u00e1mites.<\/p>\n<\/div><figure class=\"wp-block-media-text__media\"><img loading=\"lazy\" decoding=\"async\" width=\"1000\" height=\"667\" src=\"https:\/\/www.mc-expatriation.com\/wp-content\/uploads\/2022\/11\/Definition-de-lacte-notarie.jpg\" alt=\"D\u00e9finition de l\u2019acte notari\u00e9\" class=\"wp-image-1146 size-full\" srcset=\"https:\/\/www.mc-expatriation.com\/wp-content\/uploads\/2022\/11\/Definition-de-lacte-notarie.jpg 1000w, https:\/\/www.mc-expatriation.com\/wp-content\/uploads\/2022\/11\/Definition-de-lacte-notarie-300x200.jpg 300w, https:\/\/www.mc-expatriation.com\/wp-content\/uploads\/2022\/11\/Definition-de-lacte-notarie-768x512.jpg 768w, https:\/\/www.mc-expatriation.com\/wp-content\/uploads\/2022\/11\/Definition-de-lacte-notarie-380x253.jpg 380w\" sizes=\"auto, (max-width: 1000px) 100vw, 1000px\" \/><\/figure><\/div>\n\n\n\n<h3 class=\"wp-block-heading\">La utilidad de un acta notarial en el marco de la creaci\u00f3n de una empresa<\/h3>\n\n\n\n<p>El acta notarial es una de las escrituras m\u00e1s dif\u00edciles de impugnar. Sirve para definir una transacci\u00f3n, designar un propietario de un inmueble, determinar el estatus jur\u00eddico de una empresa, etc.<\/p>\n\n\n\n<h3 class=\"wp-block-heading\">El notario y su funci\u00f3n en general<\/h3>\n\n\n\n<p>El notario es un funcionario p\u00fablico. Ejerce su actividad con l autoridad delegada por el Ministerio de Justicia. Por lo tanto, al firmar, el documento se convierte en un acto notarial, es decir, un acto v\u00e1lido dentro de un estado determinado.<\/p>\n\n\n\n<p>En la vida existen muchas situaciones en las que hay que recurrir a un notario. Principalmente, interviene en la redacci\u00f3n y autentificaci\u00f3n de documentos jur\u00eddicos. Tambi\u00e9n podr\u00e1 actuar en caso de firma de un compromiso de compraventa de un inmueble, de un contrato mercantil, de la creaci\u00f3n de un expediente de empresa, etc.<\/p>\n\n\n\n<p>De hecho, su principal funci\u00f3n es verificar todos los aspectos legales. De esta forma se evitan riesgos financieros y legales que puedan ser innecesarios. En definitiva, este profesional aporta una importante seguridad jur\u00eddica.<\/p>\n\n\n\n<h3 class=\"wp-block-heading\">Acta notarial y uso de los servicios de un notario en Andorra<\/h3>\n\n\n\n<p>En Andorra, el notario registra la creaci\u00f3n de nuevas empresas a trav\u00e9s de un acta notarial. Esta es la \u00fanica manera de poder inscribirlas en el Registro Mercantil y de Empresas. Adem\u00e1s de los tr\u00e1mites para registrar su empresa, tambi\u00e9n se asegura de que los expedientes est\u00e9n en orden: capital, apostilla, estado social, etc. No se le escapa ning\u00fan detalle.<\/p>\n\n\n\n<p>Adem\u00e1s, durante este proceso, el Gobierno andorrano le enviar\u00e1 directamente su tarjeta de empresa. Tambi\u00e9n deber\u00e1 pasar por un notario, para todos aquellos procedimientos que impliquen documentos relacionados con un proceso de modificaci\u00f3n de los estatutos de su empresa.<\/p>\n\n\n\n<h3 class=\"wp-block-heading\">Razones para recurrir a un notario<\/h3>\n\n\n\n<p>Adem\u00e1s de asesorarle y orientarle sobre sus derechos como fundador de una empresa, el notario ser\u00e1 un aliado indispensable a lo largo de la vida de su empresa. Le asesorar\u00e1 sobre la situaci\u00f3n y el capital necesario, autentificar\u00e1 cada certificado y contrato andorrano, etc.<\/p>\n\n\n\n<p>No dude en recurrir a nuestra Gestor\u00eda para que nuestros asesores le ayuden a constituir su nueva empresa en colaboraci\u00f3n con un notario. Tambi\u00e9n podr\u00e1 disfrutar de un servicio a medida para llevar a cabo su proyecto de inmigraci\u00f3n desde Francia, Canad\u00e1, Costa Rica, Luxemburgo u otros pa\u00edses.<\/p>\n","protected":false},"excerpt":{"rendered":"<p>En Andorra, el notario es el profesional que se encarga de los tr\u00e1mites de creaci\u00f3n de empresas. Aunque sus responsabilidades son mucho m\u00e1s amplias, nos centraremos principalmente en sus misiones en el contexto de la constituci\u00f3n de empresas andorranas. Hay que recordar que este pa\u00eds ofrece muchas ventajas a los emprendedores que deseen realizar una [&hellip;]<\/p>\n","protected":false},"author":1,"featured_media":1518,"parent":1832,"menu_order":0,"comment_status":"closed","ping_status":"closed","template":"niveau-2.php","meta":{"_acf_changed":false,"footnotes":""},"class_list":["post-1913","page","type-page","status-publish","has-post-thumbnail","hentry"],"acf":[],"yoast_head":"<!-- This site is optimized with the Yoast SEO Premium plugin v25.8 (Yoast SEO v27.3) - https:\/\/yoast.com\/product\/yoast-seo-premium-wordpress\/ -->\n<title>Creaci\u00f3n de empresas - Preparaci\u00f3n de escrituras notariales y de constituci\u00f3n<\/title>\n<meta name=\"description\" content=\"En Andorra, el notario es el profesional que se encarga de los tr\u00e1mites de creaci\u00f3n de empresas. Aunque sus responsabilidades son mucho m\u00e1s amplias, nos centraremos principalmente en sus misiones en el contexto de la constituci\u00f3n de empresas andorranas. Hay que recordar que este pa\u00eds ofrece muchas ventajas a los emprendedores que deseen realizar una inversi\u00f3n extranjera. Por ejemplo, el impuesto e sociedades, en Andorra es es especialmente bajo. Tampoco hay que olvidar las ventajas econ\u00f3micas y geogr\u00e1ficas.\" \/>\n<meta name=\"robots\" content=\"index, follow, max-snippet:-1, max-image-preview:large, max-video-preview:-1\" \/>\n<link rel=\"canonical\" href=\"https:\/\/www.mc-expatriation.com\/es\/creacion-empresa\/preparacion-de-escrituras-notariales-y-de-constitucion\/\" \/>\n<meta property=\"og:locale\" content=\"es_ES\" \/>\n<meta property=\"og:type\" content=\"article\" \/>\n<meta property=\"og:title\" content=\"Creaci\u00f3n de empresas - Preparaci\u00f3n de escrituras notariales y de constituci\u00f3n\" \/>\n<meta property=\"og:description\" content=\"En Andorra, el notario es el profesional que se encarga de los tr\u00e1mites de creaci\u00f3n de empresas. Aunque sus responsabilidades son mucho m\u00e1s amplias, nos centraremos principalmente en sus misiones en el contexto de la constituci\u00f3n de empresas andorranas. Hay que recordar que este pa\u00eds ofrece muchas ventajas a los emprendedores que deseen realizar una inversi\u00f3n extranjera. Por ejemplo, el impuesto e sociedades, en Andorra es es especialmente bajo. Tampoco hay que olvidar las ventajas econ\u00f3micas y geogr\u00e1ficas.\" \/>\n<meta property=\"og:url\" content=\"https:\/\/www.mc-expatriation.com\/es\/creacion-empresa\/preparacion-de-escrituras-notariales-y-de-constitucion\/\" \/>\n<meta property=\"og:site_name\" content=\"MC Expatriation\" \/>\n<meta property=\"article:modified_time\" content=\"2022-12-18T07:20:08+00:00\" \/>\n<meta property=\"og:image\" content=\"https:\/\/www.mc-expatriation.com\/wp-content\/uploads\/2022\/11\/Preparation-acte-notarie.jpg\" \/>\n\t<meta property=\"og:image:width\" content=\"1000\" \/>\n\t<meta property=\"og:image:height\" content=\"422\" \/>\n\t<meta property=\"og:image:type\" content=\"image\/jpeg\" \/>\n<meta name=\"twitter:card\" content=\"summary_large_image\" \/>\n<meta name=\"twitter:label1\" content=\"Tiempo de lectura\" \/>\n\t<meta name=\"twitter:data1\" content=\"4 minutos\" \/>\n<script type=\"application\/ld+json\" class=\"yoast-schema-graph\">{\"@context\":\"https:\\\/\\\/schema.org\",\"@graph\":[{\"@type\":\"WebPage\",\"@id\":\"https:\\\/\\\/www.mc-expatriation.com\\\/es\\\/creacion-empresa\\\/preparacion-de-escrituras-notariales-y-de-constitucion\\\/\",\"url\":\"https:\\\/\\\/www.mc-expatriation.com\\\/es\\\/creacion-empresa\\\/preparacion-de-escrituras-notariales-y-de-constitucion\\\/\",\"name\":\"Creaci\u00f3n de empresas - Preparaci\u00f3n de escrituras notariales y de constituci\u00f3n\",\"isPartOf\":{\"@id\":\"https:\\\/\\\/www.mc-expatriation.com\\\/#website\"},\"primaryImageOfPage\":{\"@id\":\"https:\\\/\\\/www.mc-expatriation.com\\\/es\\\/creacion-empresa\\\/preparacion-de-escrituras-notariales-y-de-constitucion\\\/#primaryimage\"},\"image\":{\"@id\":\"https:\\\/\\\/www.mc-expatriation.com\\\/es\\\/creacion-empresa\\\/preparacion-de-escrituras-notariales-y-de-constitucion\\\/#primaryimage\"},\"thumbnailUrl\":\"https:\\\/\\\/www.mc-expatriation.com\\\/wp-content\\\/uploads\\\/2022\\\/11\\\/Preparation-acte-notarie.jpg\",\"datePublished\":\"2022-11-09T13:06:23+00:00\",\"dateModified\":\"2022-12-18T07:20:08+00:00\",\"description\":\"En Andorra, el notario es el profesional que se encarga de los tr\u00e1mites de creaci\u00f3n de empresas. Aunque sus responsabilidades son mucho m\u00e1s amplias, nos centraremos principalmente en sus misiones en el contexto de la constituci\u00f3n de empresas andorranas. Hay que recordar que este pa\u00eds ofrece muchas ventajas a los emprendedores que deseen realizar una inversi\u00f3n extranjera. Por ejemplo, el impuesto e sociedades, en Andorra es es especialmente bajo. Tampoco hay que olvidar las ventajas econ\u00f3micas y geogr\u00e1ficas.\",\"breadcrumb\":{\"@id\":\"https:\\\/\\\/www.mc-expatriation.com\\\/es\\\/creacion-empresa\\\/preparacion-de-escrituras-notariales-y-de-constitucion\\\/#breadcrumb\"},\"inLanguage\":\"es\",\"potentialAction\":[{\"@type\":\"ReadAction\",\"target\":[\"https:\\\/\\\/www.mc-expatriation.com\\\/es\\\/creacion-empresa\\\/preparacion-de-escrituras-notariales-y-de-constitucion\\\/\"]}]},{\"@type\":\"ImageObject\",\"inLanguage\":\"es\",\"@id\":\"https:\\\/\\\/www.mc-expatriation.com\\\/es\\\/creacion-empresa\\\/preparacion-de-escrituras-notariales-y-de-constitucion\\\/#primaryimage\",\"url\":\"https:\\\/\\\/www.mc-expatriation.com\\\/wp-content\\\/uploads\\\/2022\\\/11\\\/Preparation-acte-notarie.jpg\",\"contentUrl\":\"https:\\\/\\\/www.mc-expatriation.com\\\/wp-content\\\/uploads\\\/2022\\\/11\\\/Preparation-acte-notarie.jpg\",\"width\":1000,\"height\":422},{\"@type\":\"BreadcrumbList\",\"@id\":\"https:\\\/\\\/www.mc-expatriation.com\\\/es\\\/creacion-empresa\\\/preparacion-de-escrituras-notariales-y-de-constitucion\\\/#breadcrumb\",\"itemListElement\":[{\"@type\":\"ListItem\",\"position\":1,\"name\":\"Home\",\"item\":\"https:\\\/\\\/www.mc-expatriation.com\\\/es\\\/\"},{\"@type\":\"ListItem\",\"position\":2,\"name\":\"Creaci\u00f3n de una empresa en Andorra, facilite sus tr\u00e1mites con nuestra Gestor\u00eda\",\"item\":\"https:\\\/\\\/www.mc-expatriation.com\\\/es\\\/creacion-empresa\\\/\"},{\"@type\":\"ListItem\",\"position\":3,\"name\":\"Creaci\u00f3n de empresas &#8211; Preparaci\u00f3n de escrituras notariales y de constituci\u00f3n\"}]},{\"@type\":\"WebSite\",\"@id\":\"https:\\\/\\\/www.mc-expatriation.com\\\/#website\",\"url\":\"https:\\\/\\\/www.mc-expatriation.com\\\/\",\"name\":\"MC Expatriation\",\"description\":\"\",\"publisher\":{\"@id\":\"https:\\\/\\\/www.mc-expatriation.com\\\/#organization\"},\"potentialAction\":[{\"@type\":\"SearchAction\",\"target\":{\"@type\":\"EntryPoint\",\"urlTemplate\":\"https:\\\/\\\/www.mc-expatriation.com\\\/?s={search_term_string}\"},\"query-input\":{\"@type\":\"PropertyValueSpecification\",\"valueRequired\":true,\"valueName\":\"search_term_string\"}}],\"inLanguage\":\"es\"},{\"@type\":\"Organization\",\"@id\":\"https:\\\/\\\/www.mc-expatriation.com\\\/#organization\",\"name\":\"MC Expatriation\",\"url\":\"https:\\\/\\\/www.mc-expatriation.com\\\/\",\"logo\":{\"@type\":\"ImageObject\",\"inLanguage\":\"es\",\"@id\":\"https:\\\/\\\/www.mc-expatriation.com\\\/#\\\/schema\\\/logo\\\/image\\\/\",\"url\":\"https:\\\/\\\/www.mc-expatriation.com\\\/wp-content\\\/uploads\\\/2022\\\/10\\\/logo.svg\",\"contentUrl\":\"https:\\\/\\\/www.mc-expatriation.com\\\/wp-content\\\/uploads\\\/2022\\\/10\\\/logo.svg\",\"caption\":\"MC Expatriation\"},\"image\":{\"@id\":\"https:\\\/\\\/www.mc-expatriation.com\\\/#\\\/schema\\\/logo\\\/image\\\/\"}}]}<\/script>\n<!-- \/ Yoast SEO Premium plugin. -->","yoast_head_json":{"title":"Creaci\u00f3n de empresas - Preparaci\u00f3n de escrituras notariales y de constituci\u00f3n","description":"En Andorra, el notario es el profesional que se encarga de los tr\u00e1mites de creaci\u00f3n de empresas. Aunque sus responsabilidades son mucho m\u00e1s amplias, nos centraremos principalmente en sus misiones en el contexto de la constituci\u00f3n de empresas andorranas. Hay que recordar que este pa\u00eds ofrece muchas ventajas a los emprendedores que deseen realizar una inversi\u00f3n extranjera. Por ejemplo, el impuesto e sociedades, en Andorra es es especialmente bajo. Tampoco hay que olvidar las ventajas econ\u00f3micas y geogr\u00e1ficas.","robots":{"index":"index","follow":"follow","max-snippet":"max-snippet:-1","max-image-preview":"max-image-preview:large","max-video-preview":"max-video-preview:-1"},"canonical":"https:\/\/www.mc-expatriation.com\/es\/creacion-empresa\/preparacion-de-escrituras-notariales-y-de-constitucion\/","og_locale":"es_ES","og_type":"article","og_title":"Creaci\u00f3n de empresas - Preparaci\u00f3n de escrituras notariales y de constituci\u00f3n","og_description":"En Andorra, el notario es el profesional que se encarga de los tr\u00e1mites de creaci\u00f3n de empresas. Aunque sus responsabilidades son mucho m\u00e1s amplias, nos centraremos principalmente en sus misiones en el contexto de la constituci\u00f3n de empresas andorranas. Hay que recordar que este pa\u00eds ofrece muchas ventajas a los emprendedores que deseen realizar una inversi\u00f3n extranjera. Por ejemplo, el impuesto e sociedades, en Andorra es es especialmente bajo. Tampoco hay que olvidar las ventajas econ\u00f3micas y geogr\u00e1ficas.","og_url":"https:\/\/www.mc-expatriation.com\/es\/creacion-empresa\/preparacion-de-escrituras-notariales-y-de-constitucion\/","og_site_name":"MC Expatriation","article_modified_time":"2022-12-18T07:20:08+00:00","og_image":[{"width":1000,"height":422,"url":"https:\/\/www.mc-expatriation.com\/wp-content\/uploads\/2022\/11\/Preparation-acte-notarie.jpg","type":"image\/jpeg"}],"twitter_card":"summary_large_image","twitter_misc":{"Tiempo de lectura":"4 minutos"},"schema":{"@context":"https:\/\/schema.org","@graph":[{"@type":"WebPage","@id":"https:\/\/www.mc-expatriation.com\/es\/creacion-empresa\/preparacion-de-escrituras-notariales-y-de-constitucion\/","url":"https:\/\/www.mc-expatriation.com\/es\/creacion-empresa\/preparacion-de-escrituras-notariales-y-de-constitucion\/","name":"Creaci\u00f3n de empresas - Preparaci\u00f3n de escrituras notariales y de constituci\u00f3n","isPartOf":{"@id":"https:\/\/www.mc-expatriation.com\/#website"},"primaryImageOfPage":{"@id":"https:\/\/www.mc-expatriation.com\/es\/creacion-empresa\/preparacion-de-escrituras-notariales-y-de-constitucion\/#primaryimage"},"image":{"@id":"https:\/\/www.mc-expatriation.com\/es\/creacion-empresa\/preparacion-de-escrituras-notariales-y-de-constitucion\/#primaryimage"},"thumbnailUrl":"https:\/\/www.mc-expatriation.com\/wp-content\/uploads\/2022\/11\/Preparation-acte-notarie.jpg","datePublished":"2022-11-09T13:06:23+00:00","dateModified":"2022-12-18T07:20:08+00:00","description":"En Andorra, el notario es el profesional que se encarga de los tr\u00e1mites de creaci\u00f3n de empresas. Aunque sus responsabilidades son mucho m\u00e1s amplias, nos centraremos principalmente en sus misiones en el contexto de la constituci\u00f3n de empresas andorranas. Hay que recordar que este pa\u00eds ofrece muchas ventajas a los emprendedores que deseen realizar una inversi\u00f3n extranjera. Por ejemplo, el impuesto e sociedades, en Andorra es es especialmente bajo. Tampoco hay que olvidar las ventajas econ\u00f3micas y geogr\u00e1ficas.","breadcrumb":{"@id":"https:\/\/www.mc-expatriation.com\/es\/creacion-empresa\/preparacion-de-escrituras-notariales-y-de-constitucion\/#breadcrumb"},"inLanguage":"es","potentialAction":[{"@type":"ReadAction","target":["https:\/\/www.mc-expatriation.com\/es\/creacion-empresa\/preparacion-de-escrituras-notariales-y-de-constitucion\/"]}]},{"@type":"ImageObject","inLanguage":"es","@id":"https:\/\/www.mc-expatriation.com\/es\/creacion-empresa\/preparacion-de-escrituras-notariales-y-de-constitucion\/#primaryimage","url":"https:\/\/www.mc-expatriation.com\/wp-content\/uploads\/2022\/11\/Preparation-acte-notarie.jpg","contentUrl":"https:\/\/www.mc-expatriation.com\/wp-content\/uploads\/2022\/11\/Preparation-acte-notarie.jpg","width":1000,"height":422},{"@type":"BreadcrumbList","@id":"https:\/\/www.mc-expatriation.com\/es\/creacion-empresa\/preparacion-de-escrituras-notariales-y-de-constitucion\/#breadcrumb","itemListElement":[{"@type":"ListItem","position":1,"name":"Home","item":"https:\/\/www.mc-expatriation.com\/es\/"},{"@type":"ListItem","position":2,"name":"Creaci\u00f3n de una empresa en Andorra, facilite sus tr\u00e1mites con nuestra Gestor\u00eda","item":"https:\/\/www.mc-expatriation.com\/es\/creacion-empresa\/"},{"@type":"ListItem","position":3,"name":"Creaci\u00f3n de empresas &#8211; Preparaci\u00f3n de escrituras notariales y de constituci\u00f3n"}]},{"@type":"WebSite","@id":"https:\/\/www.mc-expatriation.com\/#website","url":"https:\/\/www.mc-expatriation.com\/","name":"MC Expatriation","description":"","publisher":{"@id":"https:\/\/www.mc-expatriation.com\/#organization"},"potentialAction":[{"@type":"SearchAction","target":{"@type":"EntryPoint","urlTemplate":"https:\/\/www.mc-expatriation.com\/?s={search_term_string}"},"query-input":{"@type":"PropertyValueSpecification","valueRequired":true,"valueName":"search_term_string"}}],"inLanguage":"es"},{"@type":"Organization","@id":"https:\/\/www.mc-expatriation.com\/#organization","name":"MC Expatriation","url":"https:\/\/www.mc-expatriation.com\/","logo":{"@type":"ImageObject","inLanguage":"es","@id":"https:\/\/www.mc-expatriation.com\/#\/schema\/logo\/image\/","url":"https:\/\/www.mc-expatriation.com\/wp-content\/uploads\/2022\/10\/logo.svg","contentUrl":"https:\/\/www.mc-expatriation.com\/wp-content\/uploads\/2022\/10\/logo.svg","caption":"MC Expatriation"},"image":{"@id":"https:\/\/www.mc-expatriation.com\/#\/schema\/logo\/image\/"}}]}},"_links":{"self":[{"href":"https:\/\/www.mc-expatriation.com\/es\/wp-json\/wp\/v2\/pages\/1913","targetHints":{"allow":["GET"]}}],"collection":[{"href":"https:\/\/www.mc-expatriation.com\/es\/wp-json\/wp\/v2\/pages"}],"about":[{"href":"https:\/\/www.mc-expatriation.com\/es\/wp-json\/wp\/v2\/types\/page"}],"author":[{"embeddable":true,"href":"https:\/\/www.mc-expatriation.com\/es\/wp-json\/wp\/v2\/users\/1"}],"replies":[{"embeddable":true,"href":"https:\/\/www.mc-expatriation.com\/es\/wp-json\/wp\/v2\/comments?post=1913"}],"version-history":[{"count":9,"href":"https:\/\/www.mc-expatriation.com\/es\/wp-json\/wp\/v2\/pages\/1913\/revisions"}],"predecessor-version":[{"id":1923,"href":"https:\/\/www.mc-expatriation.com\/es\/wp-json\/wp\/v2\/pages\/1913\/revisions\/1923"}],"up":[{"embeddable":true,"href":"https:\/\/www.mc-expatriation.com\/es\/wp-json\/wp\/v2\/pages\/1832"}],"wp:featuredmedia":[{"embeddable":true,"href":"https:\/\/www.mc-expatriation.com\/es\/wp-json\/wp\/v2\/media\/1518"}],"wp:attachment":[{"href":"https:\/\/www.mc-expatriation.com\/es\/wp-json\/wp\/v2\/media?parent=1913"}],"curies":[{"name":"wp","href":"https:\/\/api.w.org\/{rel}","templated":true}]}}