{"id":1947,"date":"2022-11-06T13:05:55","date_gmt":"2022-11-06T13:05:55","guid":{"rendered":"http:\/\/mcexpat.devmc.xyz\/creacion-empresa\/creation-compte-bancaire\/"},"modified":"2022-12-18T07:32:43","modified_gmt":"2022-12-18T07:32:43","slug":"presentacion-bancaria-creacion-de-cuentas","status":"publish","type":"page","link":"https:\/\/www.mc-expatriation.com\/es\/creacion-empresa\/presentacion-bancaria-creacion-de-cuentas\/","title":{"rendered":"Creaci\u00f3n de empresas \u2013 Presentaci\u00f3n bancaria \/Creaci\u00f3n de cuentas"},"content":{"rendered":"\n<p>Para cambiar un poco el entorno de vida franc\u00e9s, sin alejarse de Europa y permanecer cerca de Francia, Andorra ofrece un aut\u00e9ntico cambio de escenario. All\u00ed podr\u00e1 disfrutar del sol durante casi todo el a\u00f1o. La calidad del aire es del 91%. Paisajes sublimes, uno de los sistemas fiscales m\u00e1s accesibles de la zona euro, no faltan razones para solicitar el estatus de residente andorrano.<\/p>\n\n\n\n<p>Abrir una cuenta bancaria en \"Andorra\" es un paso indispensable, especialmente si desea realizar inversiones o crear una empresa offshore. El sector bancario andorrano es bastante peculiar y complejo, aunque los procedimientos son accesibles. Puede confiar este proyecto a una gestor\u00eda para ahorrar tiempo y disfrutar de un apoyo personalizado. Vamos a descubrir toda la informaci\u00f3n relacionada con la presentaci\u00f3n bancaria de un proyecto de creaci\u00f3n de empresa.<\/p>\n\n\n\n<h2 class=\"wp-block-heading\">La presentaci\u00f3n bancaria: un paso indispensable en un proceso de creaci\u00f3n de empresas<\/h2>\n\n\n\n<p>El Principado de Andorra es un pa\u00eds propicio para todo tipo de inversiones extranjeras. Situado en el sur de Europa, se encuentra entre Espa\u00f1a y Francia. Con una pol\u00edtica de apertura en favor de los emprendedores extranjeros, el sistema fiscal del pa\u00eds ofrece ventajas especialmente interesantes. Para la creaci\u00f3n de una empresa offshore en Andorra es obligatoria la apertura de una o m\u00e1s cuentas bancarias. La presentaci\u00f3n en el banco es un paso esencial. \u00bfEn qu\u00e9 consiste realmente?<\/p>\n\n\n\n<p>La presentaci\u00f3n bancaria es el procedimiento durante el cual una Gestor\u00eda o una consultora andorrana especializada en expatriaci\u00f3n expone todas las posibilidades de un futuro expatriado en t\u00e9rminos de banca y sistema financiero. Tambi\u00e9n le pondr\u00e1n en contacto con los bancos andorranos. Esto le permitir\u00e1 elegir el que m\u00e1s le convenga. En esta fase, obtendr\u00e1 toda la informaci\u00f3n que necesita, tanto sobre las condiciones, los costes, los documentos que hay que reunir, como las ventajas o cualquier otro extremo. Tambi\u00e9n podr\u00e1 explicar su proyecto de expatriaci\u00f3n e inversi\u00f3n en Andorra.<\/p>\n\n\n\n<h3 class=\"wp-block-heading\">La conformidad, un requisito necesario y obligatorio para el cumplimiento de la normativa<\/h3>\n\n\n\n<p>Aunque la apertura de una cuenta en un banco andorrano ofrece muchas ventajas, implica varios pasos. Uno de ellos es que los bancos imponen plazos de conformidad que suelen ser largos. Durante este periodo, analizar\u00e1n sus ingresos, sus actividades y las que desea desarrollar en el Principado, sus cuentas bancarias actuales, etc. Se trata de determinar si puede tener una cuenta bancaria en uno o varios bancos andorranos.<\/p>\n\n\n\n<p>Como recordatorio, se\u00f1alar que la conformidad es uno de los procesos aplicados por los bancos para garantizar que sus futuros clientes se ajusten a las disposiciones legislativas vigentes. El recurso a utilizaci\u00f3n de una presentaci\u00f3n bancaria por parte de los servicios de una Gestor\u00eda permite acelerar la apertura de una cuenta bancaria, y por tanto la constituci\u00f3n de una empresa andorrana. Tambi\u00e9n facilitar\u00e1 la obtenci\u00f3n de la residencia fiscal andorrana<\/p>\n\n\n\n<h3 class=\"wp-block-heading\">Elija la banca adaptada a sus necesidades<\/h3>\n\n\n\n<p>Como en todos los pa\u00edses, un banco en Andorra le permite recibir dinero, pagar servicios, solicitar un pr\u00e9stamo o una hipoteca... Para facilitar sus compras y todo tipo de transacciones, podr\u00e1 utilizar una tarjeta bancaria. Reconocidos por su gran solvencia, los bancos andorranos son el lugar ideal para las transacciones financieras, tanto para las empresas como para los particulares.<\/p>\n\n\n\n<p>Aqu\u00ed tiene 5 bancos andorranos que puede necesitar conocer :<\/p>\n\n\n\n<div class=\"wp-block-columns are-vertically-aligned-center is-layout-flex wp-container-core-columns-is-layout-9d6595d7 wp-block-columns-is-layout-flex\">\n<div class=\"wp-block-column is-vertically-aligned-center is-layout-flow wp-block-column-is-layout-flow\" style=\"flex-basis:25%\">\n<figure class=\"wp-block-image size-full\"><img decoding=\"async\" src=\"https:\/\/www.mc-expatriation.com\/wp-content\/uploads\/2022\/11\/logo-square-1.jpeg\" alt=\"\" class=\"wp-image-2057\"\/><\/figure>\n<\/div>\n\n\n\n<div class=\"wp-block-column is-vertically-aligned-center is-layout-flow wp-block-column-is-layout-flow\" style=\"flex-basis:75%\">\n<h4 class=\"wp-block-heading\">MoraBanc<\/h4>\n\n\n\n<p>MoraBanc es una referencia para las inversiones financieras. Fundado en 1938, ha sabido adaptar sus servicios a la evoluci\u00f3n de la tecnolog\u00eda.<\/p>\n<\/div>\n<\/div>\n\n\n\n<div class=\"wp-block-columns are-vertically-aligned-center is-layout-flex wp-container-core-columns-is-layout-9d6595d7 wp-block-columns-is-layout-flex\">\n<div class=\"wp-block-column is-vertically-aligned-center is-layout-flow wp-block-column-is-layout-flow\" style=\"flex-basis:25%\">\n<figure class=\"wp-block-image size-full\"><img loading=\"lazy\" decoding=\"async\" width=\"512\" height=\"512\" src=\"https:\/\/www.mc-expatriation.com\/wp-content\/uploads\/2022\/11\/Banc-Sabadell-dAndorra.png\" alt=\"\" class=\"wp-image-1508\" srcset=\"https:\/\/www.mc-expatriation.com\/wp-content\/uploads\/2022\/11\/Banc-Sabadell-dAndorra.png 512w, https:\/\/www.mc-expatriation.com\/wp-content\/uploads\/2022\/11\/Banc-Sabadell-dAndorra-300x300.png 300w, https:\/\/www.mc-expatriation.com\/wp-content\/uploads\/2022\/11\/Banc-Sabadell-dAndorra-150x150.png 150w, https:\/\/www.mc-expatriation.com\/wp-content\/uploads\/2022\/11\/Banc-Sabadell-dAndorra-236x236.png 236w\" sizes=\"auto, (max-width: 512px) 100vw, 512px\" \/><\/figure>\n<\/div>\n\n\n\n<div class=\"wp-block-column is-vertically-aligned-center is-layout-flow wp-block-column-is-layout-flow\" style=\"flex-basis:75%\">\n<h4 class=\"wp-block-heading\">Banc Sabadell d\u2019Andorra<\/h4>\n\n\n\n<p>Banc Sabadell d'Andorra opera en el mercado andorrano desde el a\u00f1o 2000. Pese a ser un banco peque\u00f1o, ofrece una amplia gama de servicios. Puede beneficiarse de los servicios habituales, retirada de dinero con tarjeta bancaria, cambio de moneda, etc.<\/p>\n<\/div>\n<\/div>\n\n\n\n<div class=\"wp-block-columns are-vertically-aligned-center is-layout-flex wp-container-core-columns-is-layout-9d6595d7 wp-block-columns-is-layout-flex\">\n<div class=\"wp-block-column is-vertically-aligned-center is-layout-flow wp-block-column-is-layout-flow\" style=\"flex-basis:25%\">\n<figure class=\"wp-block-image size-full\"><img loading=\"lazy\" decoding=\"async\" width=\"300\" height=\"219\" src=\"https:\/\/www.mc-expatriation.com\/wp-content\/uploads\/2022\/11\/andbank.jpeg\" alt=\"andbank\" class=\"wp-image-2099\"\/><\/figure>\n<\/div>\n\n\n\n<div class=\"wp-block-column is-vertically-aligned-center is-layout-flow wp-block-column-is-layout-flow\" style=\"flex-basis:75%\">\n<h4 class=\"wp-block-heading\">Andbank<\/h4>\n\n\n\n<p>Banco de reconocida solvencia internacional, Andbank es un grupo financiero con presencia en 11 pa\u00edses. Ofrece servicios relacionados con la gesti\u00f3n de grandes activos, adem\u00e1s de los habituales.<\/p>\n<\/div>\n<\/div>\n\n\n\n<div class=\"wp-block-columns are-vertically-aligned-center is-layout-flex wp-container-core-columns-is-layout-9d6595d7 wp-block-columns-is-layout-flex\">\n<div class=\"wp-block-column is-vertically-aligned-center is-layout-flow wp-block-column-is-layout-flow\" style=\"flex-basis:25%\">\n<figure class=\"wp-block-image size-full\"><img loading=\"lazy\" decoding=\"async\" width=\"700\" height=\"500\" src=\"https:\/\/www.mc-expatriation.com\/wp-content\/uploads\/2022\/11\/credit-Andorra.jpeg\" alt=\"\" class=\"wp-image-1506\" srcset=\"https:\/\/www.mc-expatriation.com\/wp-content\/uploads\/2022\/11\/credit-Andorra.jpeg 700w, https:\/\/www.mc-expatriation.com\/wp-content\/uploads\/2022\/11\/credit-Andorra-300x214.jpeg 300w\" sizes=\"auto, (max-width: 700px) 100vw, 700px\" \/><\/figure>\n<\/div>\n\n\n\n<div class=\"wp-block-column is-vertically-aligned-center is-layout-flow wp-block-column-is-layout-flow\" style=\"flex-basis:75%\">\n<h4 class=\"wp-block-heading\">Cr\u00e8dit Andorra<\/h4>\n\n\n\n<p>Este banco, que apoya las inversiones de empresas innovadoras, est\u00e1 presente en un amplio abanico de pa\u00edses, tanto dentro de la Uni\u00f3n Europea como a nivel internacional. Es una de las principales instituciones bancarias del pa\u00eds.<\/p>\n<\/div>\n<\/div>\n\n\n\n<div class=\"wp-block-columns are-vertically-aligned-center is-layout-flex wp-container-core-columns-is-layout-9d6595d7 wp-block-columns-is-layout-flex\">\n<div class=\"wp-block-column is-vertically-aligned-center is-layout-flow wp-block-column-is-layout-flow\" style=\"flex-basis:25%\">\n<figure class=\"wp-block-image size-full\"><img loading=\"lazy\" decoding=\"async\" width=\"567\" height=\"567\" src=\"https:\/\/www.mc-expatriation.com\/wp-content\/uploads\/2022\/11\/vallbanc.jpeg\" alt=\"vallbanc\" class=\"wp-image-1504\" srcset=\"https:\/\/www.mc-expatriation.com\/wp-content\/uploads\/2022\/11\/vallbanc.jpeg 567w, https:\/\/www.mc-expatriation.com\/wp-content\/uploads\/2022\/11\/vallbanc-300x300.jpeg 300w, https:\/\/www.mc-expatriation.com\/wp-content\/uploads\/2022\/11\/vallbanc-150x150.jpeg 150w, https:\/\/www.mc-expatriation.com\/wp-content\/uploads\/2022\/11\/vallbanc-550x550.jpeg 550w, https:\/\/www.mc-expatriation.com\/wp-content\/uploads\/2022\/11\/vallbanc-236x236.jpeg 236w\" sizes=\"auto, (max-width: 567px) 100vw, 567px\" \/><\/figure>\n<\/div>\n\n\n\n<div class=\"wp-block-column is-vertically-aligned-center is-layout-flow wp-block-column-is-layout-flow\" style=\"flex-basis:75%\">\n<h4 class=\"wp-block-heading\">Vallbanc<\/h4>\n\n\n\n<p>Con m\u00e1s de 50 a\u00f1os de existencia (habiendo sustituido a BPA), sigue siendo sobre todo una entidad experta en diversas soluciones de inversi\u00f3n financiera. Este banco le permite pedir un pr\u00e9stamo, depositar su dinero, hacer un intercambio, pero sobre todo garantizar la gesti\u00f3n y la rentabilidad de su inversi\u00f3n financiera.<\/p>\n<\/div>\n<\/div>\n","protected":false},"excerpt":{"rendered":"<p>Para cambiar un poco el entorno de vida franc\u00e9s, sin alejarse de Europa y permanecer cerca de Francia, Andorra ofrece un aut\u00e9ntico cambio de escenario. All\u00ed podr\u00e1 disfrutar del sol durante casi todo el a\u00f1o. La calidad del aire es del 91%. Paisajes sublimes, uno de los sistemas fiscales m\u00e1s accesibles de la zona euro, [&hellip;]<\/p>\n","protected":false},"author":1,"featured_media":1498,"parent":1832,"menu_order":0,"comment_status":"closed","ping_status":"closed","template":"niveau-2.php","meta":{"_acf_changed":false,"footnotes":""},"class_list":["post-1947","page","type-page","status-publish","has-post-thumbnail","hentry"],"acf":[],"yoast_head":"<!-- This site is optimized with the Yoast SEO Premium plugin v25.8 (Yoast SEO v27.3) - https:\/\/yoast.com\/product\/yoast-seo-premium-wordpress\/ -->\n<title>Creaci\u00f3n de empresas \u2013 Presentaci\u00f3n bancaria \/Creaci\u00f3n de cuentas<\/title>\n<meta name=\"description\" content=\"Abrir una cuenta bancaria en &quot;Andorra&quot; es un paso indispensable, especialmente si desea realizar inversiones o crear una empresa offshore. El sector bancario andorrano es bastante peculiar y complejo, aunque los procedimientos son accesibles. Puede confiar este proyecto a una gestor\u00eda para ahorrar tiempo y disfrutar de un apoyo personalizado. Vamos a descubrir toda la informaci\u00f3n relacionada con la presentaci\u00f3n bancaria de un proyecto de creaci\u00f3n de empresa.\" \/>\n<meta name=\"robots\" content=\"index, follow, max-snippet:-1, max-image-preview:large, max-video-preview:-1\" \/>\n<link rel=\"canonical\" href=\"https:\/\/www.mc-expatriation.com\/es\/creacion-empresa\/presentacion-bancaria-creacion-de-cuentas\/\" \/>\n<meta property=\"og:locale\" content=\"es_ES\" \/>\n<meta property=\"og:type\" content=\"article\" \/>\n<meta property=\"og:title\" content=\"Creaci\u00f3n de empresas \u2013 Presentaci\u00f3n bancaria \/Creaci\u00f3n de cuentas\" \/>\n<meta property=\"og:description\" content=\"Abrir una cuenta bancaria en &quot;Andorra&quot; es un paso indispensable, especialmente si desea realizar inversiones o crear una empresa offshore. El sector bancario andorrano es bastante peculiar y complejo, aunque los procedimientos son accesibles. Puede confiar este proyecto a una gestor\u00eda para ahorrar tiempo y disfrutar de un apoyo personalizado. Vamos a descubrir toda la informaci\u00f3n relacionada con la presentaci\u00f3n bancaria de un proyecto de creaci\u00f3n de empresa.\" \/>\n<meta property=\"og:url\" content=\"https:\/\/www.mc-expatriation.com\/es\/creacion-empresa\/presentacion-bancaria-creacion-de-cuentas\/\" \/>\n<meta property=\"og:site_name\" content=\"MC Expatriation\" \/>\n<meta property=\"article:modified_time\" content=\"2022-12-18T07:32:43+00:00\" \/>\n<meta property=\"og:image\" content=\"https:\/\/www.mc-expatriation.com\/wp-content\/uploads\/2022\/11\/Presentation-bancaire.jpg\" \/>\n\t<meta property=\"og:image:width\" content=\"1000\" \/>\n\t<meta property=\"og:image:height\" content=\"667\" \/>\n\t<meta property=\"og:image:type\" content=\"image\/jpeg\" \/>\n<meta name=\"twitter:card\" content=\"summary_large_image\" \/>\n<meta name=\"twitter:label1\" content=\"Tiempo de lectura\" \/>\n\t<meta name=\"twitter:data1\" content=\"5 minutos\" \/>\n<script type=\"application\/ld+json\" class=\"yoast-schema-graph\">{\"@context\":\"https:\\\/\\\/schema.org\",\"@graph\":[{\"@type\":\"WebPage\",\"@id\":\"https:\\\/\\\/www.mc-expatriation.com\\\/es\\\/creacion-empresa\\\/presentacion-bancaria-creacion-de-cuentas\\\/\",\"url\":\"https:\\\/\\\/www.mc-expatriation.com\\\/es\\\/creacion-empresa\\\/presentacion-bancaria-creacion-de-cuentas\\\/\",\"name\":\"Creaci\u00f3n de empresas \u2013 Presentaci\u00f3n bancaria \\\/Creaci\u00f3n de cuentas\",\"isPartOf\":{\"@id\":\"https:\\\/\\\/www.mc-expatriation.com\\\/#website\"},\"primaryImageOfPage\":{\"@id\":\"https:\\\/\\\/www.mc-expatriation.com\\\/es\\\/creacion-empresa\\\/presentacion-bancaria-creacion-de-cuentas\\\/#primaryimage\"},\"image\":{\"@id\":\"https:\\\/\\\/www.mc-expatriation.com\\\/es\\\/creacion-empresa\\\/presentacion-bancaria-creacion-de-cuentas\\\/#primaryimage\"},\"thumbnailUrl\":\"https:\\\/\\\/www.mc-expatriation.com\\\/wp-content\\\/uploads\\\/2022\\\/11\\\/Presentation-bancaire.jpg\",\"datePublished\":\"2022-11-06T13:05:55+00:00\",\"dateModified\":\"2022-12-18T07:32:43+00:00\",\"description\":\"Abrir una cuenta bancaria en \\\"Andorra\\\" es un paso indispensable, especialmente si desea realizar inversiones o crear una empresa offshore. El sector bancario andorrano es bastante peculiar y complejo, aunque los procedimientos son accesibles. Puede confiar este proyecto a una gestor\u00eda para ahorrar tiempo y disfrutar de un apoyo personalizado. Vamos a descubrir toda la informaci\u00f3n relacionada con la presentaci\u00f3n bancaria de un proyecto de creaci\u00f3n de empresa.\",\"breadcrumb\":{\"@id\":\"https:\\\/\\\/www.mc-expatriation.com\\\/es\\\/creacion-empresa\\\/presentacion-bancaria-creacion-de-cuentas\\\/#breadcrumb\"},\"inLanguage\":\"es\",\"potentialAction\":[{\"@type\":\"ReadAction\",\"target\":[\"https:\\\/\\\/www.mc-expatriation.com\\\/es\\\/creacion-empresa\\\/presentacion-bancaria-creacion-de-cuentas\\\/\"]}]},{\"@type\":\"ImageObject\",\"inLanguage\":\"es\",\"@id\":\"https:\\\/\\\/www.mc-expatriation.com\\\/es\\\/creacion-empresa\\\/presentacion-bancaria-creacion-de-cuentas\\\/#primaryimage\",\"url\":\"https:\\\/\\\/www.mc-expatriation.com\\\/wp-content\\\/uploads\\\/2022\\\/11\\\/Presentation-bancaire.jpg\",\"contentUrl\":\"https:\\\/\\\/www.mc-expatriation.com\\\/wp-content\\\/uploads\\\/2022\\\/11\\\/Presentation-bancaire.jpg\",\"width\":1000,\"height\":667},{\"@type\":\"BreadcrumbList\",\"@id\":\"https:\\\/\\\/www.mc-expatriation.com\\\/es\\\/creacion-empresa\\\/presentacion-bancaria-creacion-de-cuentas\\\/#breadcrumb\",\"itemListElement\":[{\"@type\":\"ListItem\",\"position\":1,\"name\":\"Home\",\"item\":\"https:\\\/\\\/www.mc-expatriation.com\\\/es\\\/\"},{\"@type\":\"ListItem\",\"position\":2,\"name\":\"Creaci\u00f3n de una empresa en Andorra, facilite sus tr\u00e1mites con nuestra Gestor\u00eda\",\"item\":\"https:\\\/\\\/www.mc-expatriation.com\\\/es\\\/creacion-empresa\\\/\"},{\"@type\":\"ListItem\",\"position\":3,\"name\":\"Creaci\u00f3n de empresas \u2013 Presentaci\u00f3n bancaria \\\/Creaci\u00f3n de cuentas\"}]},{\"@type\":\"WebSite\",\"@id\":\"https:\\\/\\\/www.mc-expatriation.com\\\/#website\",\"url\":\"https:\\\/\\\/www.mc-expatriation.com\\\/\",\"name\":\"MC Expatriation\",\"description\":\"\",\"publisher\":{\"@id\":\"https:\\\/\\\/www.mc-expatriation.com\\\/#organization\"},\"potentialAction\":[{\"@type\":\"SearchAction\",\"target\":{\"@type\":\"EntryPoint\",\"urlTemplate\":\"https:\\\/\\\/www.mc-expatriation.com\\\/?s={search_term_string}\"},\"query-input\":{\"@type\":\"PropertyValueSpecification\",\"valueRequired\":true,\"valueName\":\"search_term_string\"}}],\"inLanguage\":\"es\"},{\"@type\":\"Organization\",\"@id\":\"https:\\\/\\\/www.mc-expatriation.com\\\/#organization\",\"name\":\"MC Expatriation\",\"url\":\"https:\\\/\\\/www.mc-expatriation.com\\\/\",\"logo\":{\"@type\":\"ImageObject\",\"inLanguage\":\"es\",\"@id\":\"https:\\\/\\\/www.mc-expatriation.com\\\/#\\\/schema\\\/logo\\\/image\\\/\",\"url\":\"https:\\\/\\\/www.mc-expatriation.com\\\/wp-content\\\/uploads\\\/2022\\\/10\\\/logo.svg\",\"contentUrl\":\"https:\\\/\\\/www.mc-expatriation.com\\\/wp-content\\\/uploads\\\/2022\\\/10\\\/logo.svg\",\"caption\":\"MC Expatriation\"},\"image\":{\"@id\":\"https:\\\/\\\/www.mc-expatriation.com\\\/#\\\/schema\\\/logo\\\/image\\\/\"}}]}<\/script>\n<!-- \/ Yoast SEO Premium plugin. -->","yoast_head_json":{"title":"Creaci\u00f3n de empresas \u2013 Presentaci\u00f3n bancaria \/Creaci\u00f3n de cuentas","description":"Abrir una cuenta bancaria en \"Andorra\" es un paso indispensable, especialmente si desea realizar inversiones o crear una empresa offshore. El sector bancario andorrano es bastante peculiar y complejo, aunque los procedimientos son accesibles. Puede confiar este proyecto a una gestor\u00eda para ahorrar tiempo y disfrutar de un apoyo personalizado. Vamos a descubrir toda la informaci\u00f3n relacionada con la presentaci\u00f3n bancaria de un proyecto de creaci\u00f3n de empresa.","robots":{"index":"index","follow":"follow","max-snippet":"max-snippet:-1","max-image-preview":"max-image-preview:large","max-video-preview":"max-video-preview:-1"},"canonical":"https:\/\/www.mc-expatriation.com\/es\/creacion-empresa\/presentacion-bancaria-creacion-de-cuentas\/","og_locale":"es_ES","og_type":"article","og_title":"Creaci\u00f3n de empresas \u2013 Presentaci\u00f3n bancaria \/Creaci\u00f3n de cuentas","og_description":"Abrir una cuenta bancaria en \"Andorra\" es un paso indispensable, especialmente si desea realizar inversiones o crear una empresa offshore. El sector bancario andorrano es bastante peculiar y complejo, aunque los procedimientos son accesibles. Puede confiar este proyecto a una gestor\u00eda para ahorrar tiempo y disfrutar de un apoyo personalizado. Vamos a descubrir toda la informaci\u00f3n relacionada con la presentaci\u00f3n bancaria de un proyecto de creaci\u00f3n de empresa.","og_url":"https:\/\/www.mc-expatriation.com\/es\/creacion-empresa\/presentacion-bancaria-creacion-de-cuentas\/","og_site_name":"MC Expatriation","article_modified_time":"2022-12-18T07:32:43+00:00","og_image":[{"width":1000,"height":667,"url":"https:\/\/www.mc-expatriation.com\/wp-content\/uploads\/2022\/11\/Presentation-bancaire.jpg","type":"image\/jpeg"}],"twitter_card":"summary_large_image","twitter_misc":{"Tiempo de lectura":"5 minutos"},"schema":{"@context":"https:\/\/schema.org","@graph":[{"@type":"WebPage","@id":"https:\/\/www.mc-expatriation.com\/es\/creacion-empresa\/presentacion-bancaria-creacion-de-cuentas\/","url":"https:\/\/www.mc-expatriation.com\/es\/creacion-empresa\/presentacion-bancaria-creacion-de-cuentas\/","name":"Creaci\u00f3n de empresas \u2013 Presentaci\u00f3n bancaria \/Creaci\u00f3n de cuentas","isPartOf":{"@id":"https:\/\/www.mc-expatriation.com\/#website"},"primaryImageOfPage":{"@id":"https:\/\/www.mc-expatriation.com\/es\/creacion-empresa\/presentacion-bancaria-creacion-de-cuentas\/#primaryimage"},"image":{"@id":"https:\/\/www.mc-expatriation.com\/es\/creacion-empresa\/presentacion-bancaria-creacion-de-cuentas\/#primaryimage"},"thumbnailUrl":"https:\/\/www.mc-expatriation.com\/wp-content\/uploads\/2022\/11\/Presentation-bancaire.jpg","datePublished":"2022-11-06T13:05:55+00:00","dateModified":"2022-12-18T07:32:43+00:00","description":"Abrir una cuenta bancaria en \"Andorra\" es un paso indispensable, especialmente si desea realizar inversiones o crear una empresa offshore. El sector bancario andorrano es bastante peculiar y complejo, aunque los procedimientos son accesibles. Puede confiar este proyecto a una gestor\u00eda para ahorrar tiempo y disfrutar de un apoyo personalizado. Vamos a descubrir toda la informaci\u00f3n relacionada con la presentaci\u00f3n bancaria de un proyecto de creaci\u00f3n de empresa.","breadcrumb":{"@id":"https:\/\/www.mc-expatriation.com\/es\/creacion-empresa\/presentacion-bancaria-creacion-de-cuentas\/#breadcrumb"},"inLanguage":"es","potentialAction":[{"@type":"ReadAction","target":["https:\/\/www.mc-expatriation.com\/es\/creacion-empresa\/presentacion-bancaria-creacion-de-cuentas\/"]}]},{"@type":"ImageObject","inLanguage":"es","@id":"https:\/\/www.mc-expatriation.com\/es\/creacion-empresa\/presentacion-bancaria-creacion-de-cuentas\/#primaryimage","url":"https:\/\/www.mc-expatriation.com\/wp-content\/uploads\/2022\/11\/Presentation-bancaire.jpg","contentUrl":"https:\/\/www.mc-expatriation.com\/wp-content\/uploads\/2022\/11\/Presentation-bancaire.jpg","width":1000,"height":667},{"@type":"BreadcrumbList","@id":"https:\/\/www.mc-expatriation.com\/es\/creacion-empresa\/presentacion-bancaria-creacion-de-cuentas\/#breadcrumb","itemListElement":[{"@type":"ListItem","position":1,"name":"Home","item":"https:\/\/www.mc-expatriation.com\/es\/"},{"@type":"ListItem","position":2,"name":"Creaci\u00f3n de una empresa en Andorra, facilite sus tr\u00e1mites con nuestra Gestor\u00eda","item":"https:\/\/www.mc-expatriation.com\/es\/creacion-empresa\/"},{"@type":"ListItem","position":3,"name":"Creaci\u00f3n de empresas \u2013 Presentaci\u00f3n bancaria \/Creaci\u00f3n de cuentas"}]},{"@type":"WebSite","@id":"https:\/\/www.mc-expatriation.com\/#website","url":"https:\/\/www.mc-expatriation.com\/","name":"MC Expatriation","description":"","publisher":{"@id":"https:\/\/www.mc-expatriation.com\/#organization"},"potentialAction":[{"@type":"SearchAction","target":{"@type":"EntryPoint","urlTemplate":"https:\/\/www.mc-expatriation.com\/?s={search_term_string}"},"query-input":{"@type":"PropertyValueSpecification","valueRequired":true,"valueName":"search_term_string"}}],"inLanguage":"es"},{"@type":"Organization","@id":"https:\/\/www.mc-expatriation.com\/#organization","name":"MC Expatriation","url":"https:\/\/www.mc-expatriation.com\/","logo":{"@type":"ImageObject","inLanguage":"es","@id":"https:\/\/www.mc-expatriation.com\/#\/schema\/logo\/image\/","url":"https:\/\/www.mc-expatriation.com\/wp-content\/uploads\/2022\/10\/logo.svg","contentUrl":"https:\/\/www.mc-expatriation.com\/wp-content\/uploads\/2022\/10\/logo.svg","caption":"MC Expatriation"},"image":{"@id":"https:\/\/www.mc-expatriation.com\/#\/schema\/logo\/image\/"}}]}},"_links":{"self":[{"href":"https:\/\/www.mc-expatriation.com\/es\/wp-json\/wp\/v2\/pages\/1947","targetHints":{"allow":["GET"]}}],"collection":[{"href":"https:\/\/www.mc-expatriation.com\/es\/wp-json\/wp\/v2\/pages"}],"about":[{"href":"https:\/\/www.mc-expatriation.com\/es\/wp-json\/wp\/v2\/types\/page"}],"author":[{"embeddable":true,"href":"https:\/\/www.mc-expatriation.com\/es\/wp-json\/wp\/v2\/users\/1"}],"replies":[{"embeddable":true,"href":"https:\/\/www.mc-expatriation.com\/es\/wp-json\/wp\/v2\/comments?post=1947"}],"version-history":[{"count":20,"href":"https:\/\/www.mc-expatriation.com\/es\/wp-json\/wp\/v2\/pages\/1947\/revisions"}],"predecessor-version":[{"id":2101,"href":"https:\/\/www.mc-expatriation.com\/es\/wp-json\/wp\/v2\/pages\/1947\/revisions\/2101"}],"up":[{"embeddable":true,"href":"https:\/\/www.mc-expatriation.com\/es\/wp-json\/wp\/v2\/pages\/1832"}],"wp:featuredmedia":[{"embeddable":true,"href":"https:\/\/www.mc-expatriation.com\/es\/wp-json\/wp\/v2\/media\/1498"}],"wp:attachment":[{"href":"https:\/\/www.mc-expatriation.com\/es\/wp-json\/wp\/v2\/media?parent=1947"}],"curies":[{"name":"wp","href":"https:\/\/api.w.org\/{rel}","templated":true}]}}