{"id":1962,"date":"2022-11-05T13:05:44","date_gmt":"2022-11-05T13:05:44","guid":{"rendered":"http:\/\/mcexpat.devmc.xyz\/creacion-empresa\/avocat\/"},"modified":"2022-12-18T07:30:34","modified_gmt":"2022-12-18T07:30:34","slug":"abogado","status":"publish","type":"page","link":"https:\/\/www.mc-expatriation.com\/es\/creacion-empresa\/abogado\/","title":{"rendered":"Recurrir a un abogado para la creaci\u00f3n de su sociedad en Andorra"},"content":{"rendered":"\n<p>Cuando se habla de Andorra, a menudo se hace hincapi\u00e9 en su ventajosa fiscalidad. De hecho, el gobierno del pa\u00eds no escatima esfuerzos, sobre todo en materia de impuestos para atraer a los inversores extranjeros. Si quiere invertir en Andorra, debe saber que la constituci\u00f3n de una empresa en Andorra requiere un abogado.<\/p>\n\n\n\n<p>El abogado es el profesional que garantiza el \u00e9xito de su proyecto empresarial. Le acompa\u00f1ar\u00e1 desde la elecci\u00f3n de los estatutos jur\u00eddicos hasta la obtenci\u00f3n del estatus de residente andorrano, pasando por la redacci\u00f3n de contratos y la apertura de una cuenta bancaria. Sin olvidar que estar\u00e1 a su lado durante todo el proceso de creaci\u00f3n de su empresa para que conozca sus derechos como fundador de la misma e inversor andorrano.<\/p>\n\n\n\n<div class=\"wp-block-media-text alignwide has-media-on-the-right is-stacked-on-mobile\"><div class=\"wp-block-media-text__content\">\n<h2 class=\"wp-block-heading\">Creaci\u00f3n de empresas en Andorra: el abogado es un profesional indispensable<\/h2>\n\n\n\n<p>Las empresas andorranas se benefician de un marco fiscal especialmente favorable a su progreso. No obstante, para invertir en el Principado hay que cumplir varios requisitos. Se deben aportar varios documentos. La constituci\u00f3n de una empresa andorrana debe pasar por un proceso muy preciso a trav\u00e9s del gobierno del pa\u00eds. Asimismo, todos los tr\u00e1mites se hacen en la lengua oficial del pa\u00eds, que es el catal\u00e1n.<\/p>\n<\/div><figure class=\"wp-block-media-text__media\"><img loading=\"lazy\" decoding=\"async\" width=\"886\" height=\"671\" src=\"https:\/\/www.mc-expatriation.com\/wp-content\/uploads\/2022\/11\/Creation-dentreprises-en-Andorra.jpg\" alt=\"Entreprises en Andorra\" class=\"wp-image-1083 size-full\" srcset=\"https:\/\/www.mc-expatriation.com\/wp-content\/uploads\/2022\/11\/Creation-dentreprises-en-Andorra.jpg 886w, https:\/\/www.mc-expatriation.com\/wp-content\/uploads\/2022\/11\/Creation-dentreprises-en-Andorra-300x227.jpg 300w, https:\/\/www.mc-expatriation.com\/wp-content\/uploads\/2022\/11\/Creation-dentreprises-en-Andorra-768x582.jpg 768w\" sizes=\"auto, (max-width: 886px) 100vw, 886px\" \/><\/figure><\/div>\n\n\n\n<h3 class=\"wp-block-heading\">Algunas ventajas significativas de crear una empresa en Andorra<\/h3>\n\n\n\n<p>Una de las ventajas de crear una empresa en Andorra es el bajo tipo del impuesto de sociedades. El tipo m\u00e1ximo del impuesto de sociedades es del 10%, mientras que el IVA (llamado IGI en Andorra) es del 4,5%. La pol\u00edtica fiscal de Andorra es, sin duda alguna, una de las ventajas de invertir en la creaci\u00f3n de una empresa en Andorra.<\/p>\n\n\n\n<p>Pero la cosa no acaba ah\u00ed. El coste de la mano de obra tambi\u00e9n es tambi\u00e9n reducido. Las cargas sociales y las cotizaciones son asequibles. Como el Principado es uno de los pa\u00edses m\u00e1s seguros y estables del mundo, podr\u00e1 desarrollar r\u00e1pidamente su negocio con absoluta tranquilidad.<\/p>\n\n\n\n<p>Adem\u00e1s, el Principado est\u00e1 situado entre dos grandes pa\u00edses, Francia y Espa\u00f1a, y puede acceder f\u00e1cilmente a Toulouse y Barcelona, as\u00ed como a sus respectivos aeropuertos.<\/p>\n","protected":false},"excerpt":{"rendered":"<p>Cuando se habla de Andorra, a menudo se hace hincapi\u00e9 en su ventajosa fiscalidad. De hecho, el gobierno del pa\u00eds no escatima esfuerzos, sobre todo en materia de impuestos para atraer a los inversores extranjeros. Si quiere invertir en Andorra, debe saber que la constituci\u00f3n de una empresa en Andorra requiere un abogado. El abogado [&hellip;]<\/p>\n","protected":false},"author":1,"featured_media":1490,"parent":1832,"menu_order":0,"comment_status":"closed","ping_status":"closed","template":"niveau-2.php","meta":{"_acf_changed":false,"footnotes":""},"class_list":["post-1962","page","type-page","status-publish","has-post-thumbnail","hentry"],"acf":[],"yoast_head":"<!-- This site is optimized with the Yoast SEO Premium plugin v25.8 (Yoast SEO v27.3) - https:\/\/yoast.com\/product\/yoast-seo-premium-wordpress\/ -->\n<title>Recurrir a un abogado para la creaci\u00f3n de su sociedad en Andorra<\/title>\n<meta name=\"description\" content=\"Una de las ventajas de crear una empresa en Andorra es el bajo tipo del impuesto de sociedades. El tipo m\u00e1ximo del impuesto de sociedades es del 10%, mientras que el IVA (llamado IGI en Andorra) es del 4,5%. La pol\u00edtica fiscal de Andorra es, sin duda alguna, una de las ventajas de invertir en la creaci\u00f3n de una empresa en Andorra.\" \/>\n<meta name=\"robots\" content=\"index, follow, max-snippet:-1, max-image-preview:large, max-video-preview:-1\" \/>\n<link rel=\"canonical\" href=\"https:\/\/www.mc-expatriation.com\/es\/creacion-empresa\/abogado\/\" \/>\n<meta property=\"og:locale\" content=\"es_ES\" \/>\n<meta property=\"og:type\" content=\"article\" \/>\n<meta property=\"og:title\" content=\"Recurrir a un abogado para la creaci\u00f3n de su sociedad en Andorra\" \/>\n<meta property=\"og:description\" content=\"Una de las ventajas de crear una empresa en Andorra es el bajo tipo del impuesto de sociedades. El tipo m\u00e1ximo del impuesto de sociedades es del 10%, mientras que el IVA (llamado IGI en Andorra) es del 4,5%. La pol\u00edtica fiscal de Andorra es, sin duda alguna, una de las ventajas de invertir en la creaci\u00f3n de una empresa en Andorra.\" \/>\n<meta property=\"og:url\" content=\"https:\/\/www.mc-expatriation.com\/es\/creacion-empresa\/abogado\/\" \/>\n<meta property=\"og:site_name\" content=\"MC Expatriation\" \/>\n<meta property=\"article:modified_time\" content=\"2022-12-18T07:30:34+00:00\" \/>\n<meta property=\"og:image\" content=\"https:\/\/www.mc-expatriation.com\/wp-content\/uploads\/2022\/11\/recours-a-un-avocat.jpg\" \/>\n\t<meta property=\"og:image:width\" content=\"1000\" \/>\n\t<meta property=\"og:image:height\" content=\"667\" \/>\n\t<meta property=\"og:image:type\" content=\"image\/jpeg\" \/>\n<meta name=\"twitter:card\" content=\"summary_large_image\" \/>\n<meta name=\"twitter:label1\" content=\"Tiempo de lectura\" \/>\n\t<meta name=\"twitter:data1\" content=\"2 minutos\" \/>\n<script type=\"application\/ld+json\" class=\"yoast-schema-graph\">{\"@context\":\"https:\\\/\\\/schema.org\",\"@graph\":[{\"@type\":\"WebPage\",\"@id\":\"https:\\\/\\\/www.mc-expatriation.com\\\/es\\\/creacion-empresa\\\/abogado\\\/\",\"url\":\"https:\\\/\\\/www.mc-expatriation.com\\\/es\\\/creacion-empresa\\\/abogado\\\/\",\"name\":\"Recurrir a un abogado para la creaci\u00f3n de su sociedad en Andorra\",\"isPartOf\":{\"@id\":\"https:\\\/\\\/www.mc-expatriation.com\\\/#website\"},\"primaryImageOfPage\":{\"@id\":\"https:\\\/\\\/www.mc-expatriation.com\\\/es\\\/creacion-empresa\\\/abogado\\\/#primaryimage\"},\"image\":{\"@id\":\"https:\\\/\\\/www.mc-expatriation.com\\\/es\\\/creacion-empresa\\\/abogado\\\/#primaryimage\"},\"thumbnailUrl\":\"https:\\\/\\\/www.mc-expatriation.com\\\/wp-content\\\/uploads\\\/2022\\\/11\\\/recours-a-un-avocat.jpg\",\"datePublished\":\"2022-11-05T13:05:44+00:00\",\"dateModified\":\"2022-12-18T07:30:34+00:00\",\"description\":\"Una de las ventajas de crear una empresa en Andorra es el bajo tipo del impuesto de sociedades. El tipo m\u00e1ximo del impuesto de sociedades es del 10%, mientras que el IVA (llamado IGI en Andorra) es del 4,5%. La pol\u00edtica fiscal de Andorra es, sin duda alguna, una de las ventajas de invertir en la creaci\u00f3n de una empresa en Andorra.\",\"breadcrumb\":{\"@id\":\"https:\\\/\\\/www.mc-expatriation.com\\\/es\\\/creacion-empresa\\\/abogado\\\/#breadcrumb\"},\"inLanguage\":\"es\",\"potentialAction\":[{\"@type\":\"ReadAction\",\"target\":[\"https:\\\/\\\/www.mc-expatriation.com\\\/es\\\/creacion-empresa\\\/abogado\\\/\"]}]},{\"@type\":\"ImageObject\",\"inLanguage\":\"es\",\"@id\":\"https:\\\/\\\/www.mc-expatriation.com\\\/es\\\/creacion-empresa\\\/abogado\\\/#primaryimage\",\"url\":\"https:\\\/\\\/www.mc-expatriation.com\\\/wp-content\\\/uploads\\\/2022\\\/11\\\/recours-a-un-avocat.jpg\",\"contentUrl\":\"https:\\\/\\\/www.mc-expatriation.com\\\/wp-content\\\/uploads\\\/2022\\\/11\\\/recours-a-un-avocat.jpg\",\"width\":1000,\"height\":667},{\"@type\":\"BreadcrumbList\",\"@id\":\"https:\\\/\\\/www.mc-expatriation.com\\\/es\\\/creacion-empresa\\\/abogado\\\/#breadcrumb\",\"itemListElement\":[{\"@type\":\"ListItem\",\"position\":1,\"name\":\"Home\",\"item\":\"https:\\\/\\\/www.mc-expatriation.com\\\/es\\\/\"},{\"@type\":\"ListItem\",\"position\":2,\"name\":\"Creaci\u00f3n de una empresa en Andorra, facilite sus tr\u00e1mites con nuestra Gestor\u00eda\",\"item\":\"https:\\\/\\\/www.mc-expatriation.com\\\/es\\\/creacion-empresa\\\/\"},{\"@type\":\"ListItem\",\"position\":3,\"name\":\"Recurrir a un abogado para la creaci\u00f3n de su sociedad en Andorra\"}]},{\"@type\":\"WebSite\",\"@id\":\"https:\\\/\\\/www.mc-expatriation.com\\\/#website\",\"url\":\"https:\\\/\\\/www.mc-expatriation.com\\\/\",\"name\":\"MC Expatriation\",\"description\":\"\",\"publisher\":{\"@id\":\"https:\\\/\\\/www.mc-expatriation.com\\\/#organization\"},\"potentialAction\":[{\"@type\":\"SearchAction\",\"target\":{\"@type\":\"EntryPoint\",\"urlTemplate\":\"https:\\\/\\\/www.mc-expatriation.com\\\/?s={search_term_string}\"},\"query-input\":{\"@type\":\"PropertyValueSpecification\",\"valueRequired\":true,\"valueName\":\"search_term_string\"}}],\"inLanguage\":\"es\"},{\"@type\":\"Organization\",\"@id\":\"https:\\\/\\\/www.mc-expatriation.com\\\/#organization\",\"name\":\"MC Expatriation\",\"url\":\"https:\\\/\\\/www.mc-expatriation.com\\\/\",\"logo\":{\"@type\":\"ImageObject\",\"inLanguage\":\"es\",\"@id\":\"https:\\\/\\\/www.mc-expatriation.com\\\/#\\\/schema\\\/logo\\\/image\\\/\",\"url\":\"https:\\\/\\\/www.mc-expatriation.com\\\/wp-content\\\/uploads\\\/2022\\\/10\\\/logo.svg\",\"contentUrl\":\"https:\\\/\\\/www.mc-expatriation.com\\\/wp-content\\\/uploads\\\/2022\\\/10\\\/logo.svg\",\"caption\":\"MC Expatriation\"},\"image\":{\"@id\":\"https:\\\/\\\/www.mc-expatriation.com\\\/#\\\/schema\\\/logo\\\/image\\\/\"}}]}<\/script>\n<!-- \/ Yoast SEO Premium plugin. -->","yoast_head_json":{"title":"Recurrir a un abogado para la creaci\u00f3n de su sociedad en Andorra","description":"Una de las ventajas de crear una empresa en Andorra es el bajo tipo del impuesto de sociedades. El tipo m\u00e1ximo del impuesto de sociedades es del 10%, mientras que el IVA (llamado IGI en Andorra) es del 4,5%. La pol\u00edtica fiscal de Andorra es, sin duda alguna, una de las ventajas de invertir en la creaci\u00f3n de una empresa en Andorra.","robots":{"index":"index","follow":"follow","max-snippet":"max-snippet:-1","max-image-preview":"max-image-preview:large","max-video-preview":"max-video-preview:-1"},"canonical":"https:\/\/www.mc-expatriation.com\/es\/creacion-empresa\/abogado\/","og_locale":"es_ES","og_type":"article","og_title":"Recurrir a un abogado para la creaci\u00f3n de su sociedad en Andorra","og_description":"Una de las ventajas de crear una empresa en Andorra es el bajo tipo del impuesto de sociedades. El tipo m\u00e1ximo del impuesto de sociedades es del 10%, mientras que el IVA (llamado IGI en Andorra) es del 4,5%. La pol\u00edtica fiscal de Andorra es, sin duda alguna, una de las ventajas de invertir en la creaci\u00f3n de una empresa en Andorra.","og_url":"https:\/\/www.mc-expatriation.com\/es\/creacion-empresa\/abogado\/","og_site_name":"MC Expatriation","article_modified_time":"2022-12-18T07:30:34+00:00","og_image":[{"width":1000,"height":667,"url":"https:\/\/www.mc-expatriation.com\/wp-content\/uploads\/2022\/11\/recours-a-un-avocat.jpg","type":"image\/jpeg"}],"twitter_card":"summary_large_image","twitter_misc":{"Tiempo de lectura":"2 minutos"},"schema":{"@context":"https:\/\/schema.org","@graph":[{"@type":"WebPage","@id":"https:\/\/www.mc-expatriation.com\/es\/creacion-empresa\/abogado\/","url":"https:\/\/www.mc-expatriation.com\/es\/creacion-empresa\/abogado\/","name":"Recurrir a un abogado para la creaci\u00f3n de su sociedad en Andorra","isPartOf":{"@id":"https:\/\/www.mc-expatriation.com\/#website"},"primaryImageOfPage":{"@id":"https:\/\/www.mc-expatriation.com\/es\/creacion-empresa\/abogado\/#primaryimage"},"image":{"@id":"https:\/\/www.mc-expatriation.com\/es\/creacion-empresa\/abogado\/#primaryimage"},"thumbnailUrl":"https:\/\/www.mc-expatriation.com\/wp-content\/uploads\/2022\/11\/recours-a-un-avocat.jpg","datePublished":"2022-11-05T13:05:44+00:00","dateModified":"2022-12-18T07:30:34+00:00","description":"Una de las ventajas de crear una empresa en Andorra es el bajo tipo del impuesto de sociedades. El tipo m\u00e1ximo del impuesto de sociedades es del 10%, mientras que el IVA (llamado IGI en Andorra) es del 4,5%. La pol\u00edtica fiscal de Andorra es, sin duda alguna, una de las ventajas de invertir en la creaci\u00f3n de una empresa en Andorra.","breadcrumb":{"@id":"https:\/\/www.mc-expatriation.com\/es\/creacion-empresa\/abogado\/#breadcrumb"},"inLanguage":"es","potentialAction":[{"@type":"ReadAction","target":["https:\/\/www.mc-expatriation.com\/es\/creacion-empresa\/abogado\/"]}]},{"@type":"ImageObject","inLanguage":"es","@id":"https:\/\/www.mc-expatriation.com\/es\/creacion-empresa\/abogado\/#primaryimage","url":"https:\/\/www.mc-expatriation.com\/wp-content\/uploads\/2022\/11\/recours-a-un-avocat.jpg","contentUrl":"https:\/\/www.mc-expatriation.com\/wp-content\/uploads\/2022\/11\/recours-a-un-avocat.jpg","width":1000,"height":667},{"@type":"BreadcrumbList","@id":"https:\/\/www.mc-expatriation.com\/es\/creacion-empresa\/abogado\/#breadcrumb","itemListElement":[{"@type":"ListItem","position":1,"name":"Home","item":"https:\/\/www.mc-expatriation.com\/es\/"},{"@type":"ListItem","position":2,"name":"Creaci\u00f3n de una empresa en Andorra, facilite sus tr\u00e1mites con nuestra Gestor\u00eda","item":"https:\/\/www.mc-expatriation.com\/es\/creacion-empresa\/"},{"@type":"ListItem","position":3,"name":"Recurrir a un abogado para la creaci\u00f3n de su sociedad en Andorra"}]},{"@type":"WebSite","@id":"https:\/\/www.mc-expatriation.com\/#website","url":"https:\/\/www.mc-expatriation.com\/","name":"MC Expatriation","description":"","publisher":{"@id":"https:\/\/www.mc-expatriation.com\/#organization"},"potentialAction":[{"@type":"SearchAction","target":{"@type":"EntryPoint","urlTemplate":"https:\/\/www.mc-expatriation.com\/?s={search_term_string}"},"query-input":{"@type":"PropertyValueSpecification","valueRequired":true,"valueName":"search_term_string"}}],"inLanguage":"es"},{"@type":"Organization","@id":"https:\/\/www.mc-expatriation.com\/#organization","name":"MC Expatriation","url":"https:\/\/www.mc-expatriation.com\/","logo":{"@type":"ImageObject","inLanguage":"es","@id":"https:\/\/www.mc-expatriation.com\/#\/schema\/logo\/image\/","url":"https:\/\/www.mc-expatriation.com\/wp-content\/uploads\/2022\/10\/logo.svg","contentUrl":"https:\/\/www.mc-expatriation.com\/wp-content\/uploads\/2022\/10\/logo.svg","caption":"MC Expatriation"},"image":{"@id":"https:\/\/www.mc-expatriation.com\/#\/schema\/logo\/image\/"}}]}},"_links":{"self":[{"href":"https:\/\/www.mc-expatriation.com\/es\/wp-json\/wp\/v2\/pages\/1962","targetHints":{"allow":["GET"]}}],"collection":[{"href":"https:\/\/www.mc-expatriation.com\/es\/wp-json\/wp\/v2\/pages"}],"about":[{"href":"https:\/\/www.mc-expatriation.com\/es\/wp-json\/wp\/v2\/types\/page"}],"author":[{"embeddable":true,"href":"https:\/\/www.mc-expatriation.com\/es\/wp-json\/wp\/v2\/users\/1"}],"replies":[{"embeddable":true,"href":"https:\/\/www.mc-expatriation.com\/es\/wp-json\/wp\/v2\/comments?post=1962"}],"version-history":[{"count":6,"href":"https:\/\/www.mc-expatriation.com\/es\/wp-json\/wp\/v2\/pages\/1962\/revisions"}],"predecessor-version":[{"id":1970,"href":"https:\/\/www.mc-expatriation.com\/es\/wp-json\/wp\/v2\/pages\/1962\/revisions\/1970"}],"up":[{"embeddable":true,"href":"https:\/\/www.mc-expatriation.com\/es\/wp-json\/wp\/v2\/pages\/1832"}],"wp:featuredmedia":[{"embeddable":true,"href":"https:\/\/www.mc-expatriation.com\/es\/wp-json\/wp\/v2\/media\/1490"}],"wp:attachment":[{"href":"https:\/\/www.mc-expatriation.com\/es\/wp-json\/wp\/v2\/media?parent=1962"}],"curies":[{"name":"wp","href":"https:\/\/api.w.org\/{rel}","templated":true}]}}