{"id":1971,"date":"2022-11-04T13:05:35","date_gmt":"2022-11-04T13:05:35","guid":{"rendered":"http:\/\/mcexpat.devmc.xyz\/creacion-empresa\/demande-investissement-etranger\/"},"modified":"2022-12-18T07:20:31","modified_gmt":"2022-12-18T07:20:31","slug":"peticion-de-inversion-extranjeras-en-andorra","status":"publish","type":"page","link":"https:\/\/www.mc-expatriation.com\/es\/creacion-empresa\/peticion-de-inversion-extranjeras-en-andorra\/","title":{"rendered":"Petici\u00f3n de inversi\u00f3n extranjeras en Andorra"},"content":{"rendered":"\n<p>Andorra tiene fama de ser uno de los pa\u00edses m\u00e1s atractivos a nivel mundial para los inversores extranjeros. Esto se explica por la baja fiscalidad que su gobierno ofrece a las empresas. Pero la cosa no acaba ah\u00ed. El pa\u00eds tambi\u00e9n posee un paisaje natural id\u00edlico y una econom\u00eda pr\u00f3spera. \u00bfUn plan de expatriaci\u00f3n en Andorra? \u00bfTiene previstas inversiones o alguna actividad que quiera promover en el Principado? \u00bfDesea crear una empresa en Andorra? Debe saber que antes de dar cualquier otro paso tendr\u00e1 que tramitar una solicitud de inversi\u00f3n en el extranjero.<\/p>\n\n\n\n<h2 class=\"wp-block-heading\">Creaci\u00f3n de empresas, gesti\u00f3n inmobiliaria: inversi\u00f3n en Andorra<\/h2>\n\n\n\n<p>En comparaci\u00f3n con otros pa\u00edses europeos como Francia, Espa\u00f1a, Portugal o Luxemburgo, \"Andorra\" ofrece numerosas ventajas a los inversores y promotores de proyectos. En primer lugar, cabe destacar su atractiva pol\u00edtica fiscal. Los impuestos son relativamente bajos. El capital necesario para crear una empresa en Andorra es accesible. Sin embargo, puede variar en funci\u00f3n del estatus elegido.<\/p>\n\n\n\n<h3 class=\"wp-block-heading\">Creaci\u00f3n de empresas en Andorra<\/h3>\n\n\n\n<p>En Andorra, el impuesto de sociedades tiene un tope m\u00e1ximo del 10%. Se trata de uno de los pa\u00edses con el impuesto de sociedades m\u00e1s bajo del mundo. Aparte de la solicitud de inversi\u00f3n extranjera, el expediente de creaci\u00f3n de la empresa deber\u00e1 incluir una cuenta bancaria registrada en un banco de Andorra. Este requisito es igualmente necesario si tambi\u00e9n est\u00e1 considerando pedir un pr\u00e9stamo, cuyas posibilidades de obtenci\u00f3n son muy buenas para las personas que tienen un negocio en Andorra.<\/p>\n\n\n\n<figure class=\"wp-block-image size-full\"><img loading=\"lazy\" decoding=\"async\" width=\"1000\" height=\"399\" src=\"https:\/\/www.mc-expatriation.com\/wp-content\/uploads\/2022\/11\/placement-immobilier.jpg\" alt=\"placement immobilier\" class=\"wp-image-1059\" srcset=\"https:\/\/www.mc-expatriation.com\/wp-content\/uploads\/2022\/11\/placement-immobilier.jpg 1000w, https:\/\/www.mc-expatriation.com\/wp-content\/uploads\/2022\/11\/placement-immobilier-300x120.jpg 300w, https:\/\/www.mc-expatriation.com\/wp-content\/uploads\/2022\/11\/placement-immobilier-768x306.jpg 768w\" sizes=\"auto, (max-width: 1000px) 100vw, 1000px\" \/><\/figure>\n\n\n\n<p>Asimismo, pueden exigirse otras condiciones, tanto para los residentes como para los no residentes que quieran realizar una inversi\u00f3n. En cuanto al estatuto social y jur\u00eddico, tiene la posibilidad de optar por la SL, muy similar a la SARL francesa. En este caso se requerir\u00e1 un capital estatutario m\u00ednimo de 3.000 euros. Si su objetivo es ofrecer un servicio m\u00e1s amplio y crear una empresa de mayor envergadura, dispone de la Sociedad An\u00f3nima o SA. En este caso, el capital m\u00ednimo requerido es de 60.000 euros.<\/p>\n\n\n\n<p>Pero, eso no es todo, la creaci\u00f3n de una empresa requiere muchos tr\u00e1mites administrativos y de un grupo de profesionales que se dediquen a este objetivo.<\/p>\n\n\n\n<h3 class=\"wp-block-heading\">Inversi\u00f3n inmobiliaria en el Principado<\/h3>\n\n\n\n<p>El inmobiliario es otro de los principales sectores de inversi\u00f3n del Principado. Las propiedades en Andorra parten de los 3.000 euros por m\u00b2. Una cantidad que refleja fielmente el valor real del mercado inmobiliario local. Los promotores ofrecen propiedades de alta calidad y alto standing. La gran ventaja es el tipo impositivo, que no supera el 15% de la plusval\u00eda y tiene car\u00e1cter decreciente en funci\u00f3n del n\u00famero de a\u00f1os durante los cuales se haya pose\u00eddo el inmueble. Los gastos de notar\u00eda, que corren a cargo del comprador, oscilan entre 600 y 1.200 euros.<\/p>\n\n\n\n<h3 class=\"wp-block-heading\">La importancia de la demanda de inversi\u00f3n extranjera<\/h3>\n\n\n\n<p>Independientemente de que se trate de una inversi\u00f3n inmobiliaria en Andorra para una residencia activa o de una solicitud de residencia pasiva, necesitar\u00e1 disponer de una autorizaci\u00f3n de inversi\u00f3n extranjera para poder iniciar su expediente de expatriaci\u00f3n. El Gobierno de Andorra no admitir\u00e1 su solicitud de residencia andorrana sin este documento. Esta pol\u00edtica se aplica si desea crear una empresa en el pa\u00eds, adquirir una propiedad, jubilarse all\u00ed, etc.<\/p>\n","protected":false},"excerpt":{"rendered":"<p>Andorra tiene fama de ser uno de los pa\u00edses m\u00e1s atractivos a nivel mundial para los inversores extranjeros. Esto se explica por la baja fiscalidad que su gobierno ofrece a las empresas. Pero la cosa no acaba ah\u00ed. El pa\u00eds tambi\u00e9n posee un paisaje natural id\u00edlico y una econom\u00eda pr\u00f3spera. \u00bfUn plan de expatriaci\u00f3n en [&hellip;]<\/p>\n","protected":false},"author":1,"featured_media":1482,"parent":1832,"menu_order":0,"comment_status":"closed","ping_status":"closed","template":"niveau-2.php","meta":{"_acf_changed":false,"footnotes":""},"class_list":["post-1971","page","type-page","status-publish","has-post-thumbnail","hentry"],"acf":[],"yoast_head":"<!-- This site is optimized with the Yoast SEO Premium plugin v25.8 (Yoast SEO v27.3) - https:\/\/yoast.com\/product\/yoast-seo-premium-wordpress\/ -->\n<title>Petici\u00f3n de inversi\u00f3n extranjeras en Andorra<\/title>\n<meta name=\"description\" content=\"En comparaci\u00f3n con otros pa\u00edses europeos como Francia, Espa\u00f1a, Portugal o Luxemburgo, &quot;Andorra&quot; ofrece numerosas ventajas a los inversores y promotores de proyectos. En primer lugar, cabe destacar su atractiva pol\u00edtica fiscal. Los impuestos son relativamente bajos. El capital necesario para crear una empresa en Andorra es accesible. Sin embargo, puede variar en funci\u00f3n del estatus elegido.\" \/>\n<meta name=\"robots\" content=\"index, follow, max-snippet:-1, max-image-preview:large, max-video-preview:-1\" \/>\n<link rel=\"canonical\" href=\"https:\/\/www.mc-expatriation.com\/es\/creacion-empresa\/peticion-de-inversion-extranjeras-en-andorra\/\" \/>\n<meta property=\"og:locale\" content=\"es_ES\" \/>\n<meta property=\"og:type\" content=\"article\" \/>\n<meta property=\"og:title\" content=\"Petici\u00f3n de inversi\u00f3n extranjeras en Andorra\" \/>\n<meta property=\"og:description\" content=\"En comparaci\u00f3n con otros pa\u00edses europeos como Francia, Espa\u00f1a, Portugal o Luxemburgo, &quot;Andorra&quot; ofrece numerosas ventajas a los inversores y promotores de proyectos. En primer lugar, cabe destacar su atractiva pol\u00edtica fiscal. Los impuestos son relativamente bajos. El capital necesario para crear una empresa en Andorra es accesible. Sin embargo, puede variar en funci\u00f3n del estatus elegido.\" \/>\n<meta property=\"og:url\" content=\"https:\/\/www.mc-expatriation.com\/es\/creacion-empresa\/peticion-de-inversion-extranjeras-en-andorra\/\" \/>\n<meta property=\"og:site_name\" content=\"MC Expatriation\" \/>\n<meta property=\"article:modified_time\" content=\"2022-12-18T07:20:31+00:00\" \/>\n<meta property=\"og:image\" content=\"https:\/\/www.mc-expatriation.com\/wp-content\/uploads\/2022\/11\/Demande-dinvestissement-etranger.jpg\" \/>\n\t<meta property=\"og:image:width\" content=\"1000\" \/>\n\t<meta property=\"og:image:height\" content=\"618\" \/>\n\t<meta property=\"og:image:type\" content=\"image\/jpeg\" \/>\n<meta name=\"twitter:card\" content=\"summary_large_image\" \/>\n<meta name=\"twitter:label1\" content=\"Tiempo de lectura\" \/>\n\t<meta name=\"twitter:data1\" content=\"3 minutos\" \/>\n<script type=\"application\/ld+json\" class=\"yoast-schema-graph\">{\"@context\":\"https:\\\/\\\/schema.org\",\"@graph\":[{\"@type\":\"WebPage\",\"@id\":\"https:\\\/\\\/www.mc-expatriation.com\\\/es\\\/creacion-empresa\\\/peticion-de-inversion-extranjeras-en-andorra\\\/\",\"url\":\"https:\\\/\\\/www.mc-expatriation.com\\\/es\\\/creacion-empresa\\\/peticion-de-inversion-extranjeras-en-andorra\\\/\",\"name\":\"Petici\u00f3n de inversi\u00f3n extranjeras en Andorra\",\"isPartOf\":{\"@id\":\"https:\\\/\\\/www.mc-expatriation.com\\\/#website\"},\"primaryImageOfPage\":{\"@id\":\"https:\\\/\\\/www.mc-expatriation.com\\\/es\\\/creacion-empresa\\\/peticion-de-inversion-extranjeras-en-andorra\\\/#primaryimage\"},\"image\":{\"@id\":\"https:\\\/\\\/www.mc-expatriation.com\\\/es\\\/creacion-empresa\\\/peticion-de-inversion-extranjeras-en-andorra\\\/#primaryimage\"},\"thumbnailUrl\":\"https:\\\/\\\/www.mc-expatriation.com\\\/wp-content\\\/uploads\\\/2022\\\/11\\\/Demande-dinvestissement-etranger.jpg\",\"datePublished\":\"2022-11-04T13:05:35+00:00\",\"dateModified\":\"2022-12-18T07:20:31+00:00\",\"description\":\"En comparaci\u00f3n con otros pa\u00edses europeos como Francia, Espa\u00f1a, Portugal o Luxemburgo, \\\"Andorra\\\" ofrece numerosas ventajas a los inversores y promotores de proyectos. En primer lugar, cabe destacar su atractiva pol\u00edtica fiscal. Los impuestos son relativamente bajos. El capital necesario para crear una empresa en Andorra es accesible. Sin embargo, puede variar en funci\u00f3n del estatus elegido.\",\"breadcrumb\":{\"@id\":\"https:\\\/\\\/www.mc-expatriation.com\\\/es\\\/creacion-empresa\\\/peticion-de-inversion-extranjeras-en-andorra\\\/#breadcrumb\"},\"inLanguage\":\"es\",\"potentialAction\":[{\"@type\":\"ReadAction\",\"target\":[\"https:\\\/\\\/www.mc-expatriation.com\\\/es\\\/creacion-empresa\\\/peticion-de-inversion-extranjeras-en-andorra\\\/\"]}]},{\"@type\":\"ImageObject\",\"inLanguage\":\"es\",\"@id\":\"https:\\\/\\\/www.mc-expatriation.com\\\/es\\\/creacion-empresa\\\/peticion-de-inversion-extranjeras-en-andorra\\\/#primaryimage\",\"url\":\"https:\\\/\\\/www.mc-expatriation.com\\\/wp-content\\\/uploads\\\/2022\\\/11\\\/Demande-dinvestissement-etranger.jpg\",\"contentUrl\":\"https:\\\/\\\/www.mc-expatriation.com\\\/wp-content\\\/uploads\\\/2022\\\/11\\\/Demande-dinvestissement-etranger.jpg\",\"width\":1000,\"height\":618},{\"@type\":\"BreadcrumbList\",\"@id\":\"https:\\\/\\\/www.mc-expatriation.com\\\/es\\\/creacion-empresa\\\/peticion-de-inversion-extranjeras-en-andorra\\\/#breadcrumb\",\"itemListElement\":[{\"@type\":\"ListItem\",\"position\":1,\"name\":\"Home\",\"item\":\"https:\\\/\\\/www.mc-expatriation.com\\\/es\\\/\"},{\"@type\":\"ListItem\",\"position\":2,\"name\":\"Creaci\u00f3n de una empresa en Andorra, facilite sus tr\u00e1mites con nuestra Gestor\u00eda\",\"item\":\"https:\\\/\\\/www.mc-expatriation.com\\\/es\\\/creacion-empresa\\\/\"},{\"@type\":\"ListItem\",\"position\":3,\"name\":\"Petici\u00f3n de inversi\u00f3n extranjeras en Andorra\"}]},{\"@type\":\"WebSite\",\"@id\":\"https:\\\/\\\/www.mc-expatriation.com\\\/#website\",\"url\":\"https:\\\/\\\/www.mc-expatriation.com\\\/\",\"name\":\"MC Expatriation\",\"description\":\"\",\"publisher\":{\"@id\":\"https:\\\/\\\/www.mc-expatriation.com\\\/#organization\"},\"potentialAction\":[{\"@type\":\"SearchAction\",\"target\":{\"@type\":\"EntryPoint\",\"urlTemplate\":\"https:\\\/\\\/www.mc-expatriation.com\\\/?s={search_term_string}\"},\"query-input\":{\"@type\":\"PropertyValueSpecification\",\"valueRequired\":true,\"valueName\":\"search_term_string\"}}],\"inLanguage\":\"es\"},{\"@type\":\"Organization\",\"@id\":\"https:\\\/\\\/www.mc-expatriation.com\\\/#organization\",\"name\":\"MC Expatriation\",\"url\":\"https:\\\/\\\/www.mc-expatriation.com\\\/\",\"logo\":{\"@type\":\"ImageObject\",\"inLanguage\":\"es\",\"@id\":\"https:\\\/\\\/www.mc-expatriation.com\\\/#\\\/schema\\\/logo\\\/image\\\/\",\"url\":\"https:\\\/\\\/www.mc-expatriation.com\\\/wp-content\\\/uploads\\\/2022\\\/10\\\/logo.svg\",\"contentUrl\":\"https:\\\/\\\/www.mc-expatriation.com\\\/wp-content\\\/uploads\\\/2022\\\/10\\\/logo.svg\",\"caption\":\"MC Expatriation\"},\"image\":{\"@id\":\"https:\\\/\\\/www.mc-expatriation.com\\\/#\\\/schema\\\/logo\\\/image\\\/\"}}]}<\/script>\n<!-- \/ Yoast SEO Premium plugin. -->","yoast_head_json":{"title":"Petici\u00f3n de inversi\u00f3n extranjeras en Andorra","description":"En comparaci\u00f3n con otros pa\u00edses europeos como Francia, Espa\u00f1a, Portugal o Luxemburgo, \"Andorra\" ofrece numerosas ventajas a los inversores y promotores de proyectos. En primer lugar, cabe destacar su atractiva pol\u00edtica fiscal. Los impuestos son relativamente bajos. El capital necesario para crear una empresa en Andorra es accesible. Sin embargo, puede variar en funci\u00f3n del estatus elegido.","robots":{"index":"index","follow":"follow","max-snippet":"max-snippet:-1","max-image-preview":"max-image-preview:large","max-video-preview":"max-video-preview:-1"},"canonical":"https:\/\/www.mc-expatriation.com\/es\/creacion-empresa\/peticion-de-inversion-extranjeras-en-andorra\/","og_locale":"es_ES","og_type":"article","og_title":"Petici\u00f3n de inversi\u00f3n extranjeras en Andorra","og_description":"En comparaci\u00f3n con otros pa\u00edses europeos como Francia, Espa\u00f1a, Portugal o Luxemburgo, \"Andorra\" ofrece numerosas ventajas a los inversores y promotores de proyectos. En primer lugar, cabe destacar su atractiva pol\u00edtica fiscal. Los impuestos son relativamente bajos. El capital necesario para crear una empresa en Andorra es accesible. Sin embargo, puede variar en funci\u00f3n del estatus elegido.","og_url":"https:\/\/www.mc-expatriation.com\/es\/creacion-empresa\/peticion-de-inversion-extranjeras-en-andorra\/","og_site_name":"MC Expatriation","article_modified_time":"2022-12-18T07:20:31+00:00","og_image":[{"width":1000,"height":618,"url":"https:\/\/www.mc-expatriation.com\/wp-content\/uploads\/2022\/11\/Demande-dinvestissement-etranger.jpg","type":"image\/jpeg"}],"twitter_card":"summary_large_image","twitter_misc":{"Tiempo de lectura":"3 minutos"},"schema":{"@context":"https:\/\/schema.org","@graph":[{"@type":"WebPage","@id":"https:\/\/www.mc-expatriation.com\/es\/creacion-empresa\/peticion-de-inversion-extranjeras-en-andorra\/","url":"https:\/\/www.mc-expatriation.com\/es\/creacion-empresa\/peticion-de-inversion-extranjeras-en-andorra\/","name":"Petici\u00f3n de inversi\u00f3n extranjeras en Andorra","isPartOf":{"@id":"https:\/\/www.mc-expatriation.com\/#website"},"primaryImageOfPage":{"@id":"https:\/\/www.mc-expatriation.com\/es\/creacion-empresa\/peticion-de-inversion-extranjeras-en-andorra\/#primaryimage"},"image":{"@id":"https:\/\/www.mc-expatriation.com\/es\/creacion-empresa\/peticion-de-inversion-extranjeras-en-andorra\/#primaryimage"},"thumbnailUrl":"https:\/\/www.mc-expatriation.com\/wp-content\/uploads\/2022\/11\/Demande-dinvestissement-etranger.jpg","datePublished":"2022-11-04T13:05:35+00:00","dateModified":"2022-12-18T07:20:31+00:00","description":"En comparaci\u00f3n con otros pa\u00edses europeos como Francia, Espa\u00f1a, Portugal o Luxemburgo, \"Andorra\" ofrece numerosas ventajas a los inversores y promotores de proyectos. En primer lugar, cabe destacar su atractiva pol\u00edtica fiscal. Los impuestos son relativamente bajos. El capital necesario para crear una empresa en Andorra es accesible. Sin embargo, puede variar en funci\u00f3n del estatus elegido.","breadcrumb":{"@id":"https:\/\/www.mc-expatriation.com\/es\/creacion-empresa\/peticion-de-inversion-extranjeras-en-andorra\/#breadcrumb"},"inLanguage":"es","potentialAction":[{"@type":"ReadAction","target":["https:\/\/www.mc-expatriation.com\/es\/creacion-empresa\/peticion-de-inversion-extranjeras-en-andorra\/"]}]},{"@type":"ImageObject","inLanguage":"es","@id":"https:\/\/www.mc-expatriation.com\/es\/creacion-empresa\/peticion-de-inversion-extranjeras-en-andorra\/#primaryimage","url":"https:\/\/www.mc-expatriation.com\/wp-content\/uploads\/2022\/11\/Demande-dinvestissement-etranger.jpg","contentUrl":"https:\/\/www.mc-expatriation.com\/wp-content\/uploads\/2022\/11\/Demande-dinvestissement-etranger.jpg","width":1000,"height":618},{"@type":"BreadcrumbList","@id":"https:\/\/www.mc-expatriation.com\/es\/creacion-empresa\/peticion-de-inversion-extranjeras-en-andorra\/#breadcrumb","itemListElement":[{"@type":"ListItem","position":1,"name":"Home","item":"https:\/\/www.mc-expatriation.com\/es\/"},{"@type":"ListItem","position":2,"name":"Creaci\u00f3n de una empresa en Andorra, facilite sus tr\u00e1mites con nuestra Gestor\u00eda","item":"https:\/\/www.mc-expatriation.com\/es\/creacion-empresa\/"},{"@type":"ListItem","position":3,"name":"Petici\u00f3n de inversi\u00f3n extranjeras en Andorra"}]},{"@type":"WebSite","@id":"https:\/\/www.mc-expatriation.com\/#website","url":"https:\/\/www.mc-expatriation.com\/","name":"MC Expatriation","description":"","publisher":{"@id":"https:\/\/www.mc-expatriation.com\/#organization"},"potentialAction":[{"@type":"SearchAction","target":{"@type":"EntryPoint","urlTemplate":"https:\/\/www.mc-expatriation.com\/?s={search_term_string}"},"query-input":{"@type":"PropertyValueSpecification","valueRequired":true,"valueName":"search_term_string"}}],"inLanguage":"es"},{"@type":"Organization","@id":"https:\/\/www.mc-expatriation.com\/#organization","name":"MC Expatriation","url":"https:\/\/www.mc-expatriation.com\/","logo":{"@type":"ImageObject","inLanguage":"es","@id":"https:\/\/www.mc-expatriation.com\/#\/schema\/logo\/image\/","url":"https:\/\/www.mc-expatriation.com\/wp-content\/uploads\/2022\/10\/logo.svg","contentUrl":"https:\/\/www.mc-expatriation.com\/wp-content\/uploads\/2022\/10\/logo.svg","caption":"MC Expatriation"},"image":{"@id":"https:\/\/www.mc-expatriation.com\/#\/schema\/logo\/image\/"}}]}},"_links":{"self":[{"href":"https:\/\/www.mc-expatriation.com\/es\/wp-json\/wp\/v2\/pages\/1971","targetHints":{"allow":["GET"]}}],"collection":[{"href":"https:\/\/www.mc-expatriation.com\/es\/wp-json\/wp\/v2\/pages"}],"about":[{"href":"https:\/\/www.mc-expatriation.com\/es\/wp-json\/wp\/v2\/types\/page"}],"author":[{"embeddable":true,"href":"https:\/\/www.mc-expatriation.com\/es\/wp-json\/wp\/v2\/users\/1"}],"replies":[{"embeddable":true,"href":"https:\/\/www.mc-expatriation.com\/es\/wp-json\/wp\/v2\/comments?post=1971"}],"version-history":[{"count":4,"href":"https:\/\/www.mc-expatriation.com\/es\/wp-json\/wp\/v2\/pages\/1971\/revisions"}],"predecessor-version":[{"id":1976,"href":"https:\/\/www.mc-expatriation.com\/es\/wp-json\/wp\/v2\/pages\/1971\/revisions\/1976"}],"up":[{"embeddable":true,"href":"https:\/\/www.mc-expatriation.com\/es\/wp-json\/wp\/v2\/pages\/1832"}],"wp:featuredmedia":[{"embeddable":true,"href":"https:\/\/www.mc-expatriation.com\/es\/wp-json\/wp\/v2\/media\/1482"}],"wp:attachment":[{"href":"https:\/\/www.mc-expatriation.com\/es\/wp-json\/wp\/v2\/media?parent=1971"}],"curies":[{"name":"wp","href":"https:\/\/api.w.org\/{rel}","templated":true}]}}