{"id":2011,"date":"2022-11-01T12:56:21","date_gmt":"2022-11-01T12:56:21","guid":{"rendered":"http:\/\/mcexpat.devmc.xyz\/creacion-empresa\/notaire\/"},"modified":"2022-12-18T07:19:28","modified_gmt":"2022-12-18T07:19:28","slug":"notario","status":"publish","type":"page","link":"https:\/\/www.mc-expatriation.com\/es\/creacion-empresa\/notario\/","title":{"rendered":"Creaci\u00f3n de empresa &#8211; Notario"},"content":{"rendered":"\n<p>Para aquellos que planean trasladarse a otro pa\u00eds para disfrutar de una vida mejor y de unas condiciones laborales m\u00e1s favorables, Andorra es una opci\u00f3n privilegiada. Trabajar en el Principado les permite desarrollarse en entornos profesionales especialmente agradables, en el marco de una econom\u00eda pr\u00f3spera y una naturaleza s\u00f3lidamente preservada. El gobierno andorrano se esfuerza por ofrecer un contexto favorable al empleo.<\/p>\n\n\n\n<p>En comparaci\u00f3n con el resto de Europa, como es el caso de Francia y Espa\u00f1a, dos pa\u00edses fronterizos con el Principado, la fiscalidad es ventajosa. El impuesto de sociedades es, al igual que otros impuestos locales, de un m\u00e1ximo del 10%, mientras que en los pa\u00edses vecinos var\u00eda entre el 25% y el 40%.<\/p>\n\n\n\n<p>\u00bfQuiere montar un negocio en Andorra para desarrollar su actividad? Los tr\u00e1mites para constituir una empresa andorrana deben pasar por varios profesionales, entre ellos el notario. \u00bfCu\u00e1l es su papel? \u00bfC\u00f3mo es la administraci\u00f3n andorrana?<\/p>\n\n\n\n<h2 class=\"wp-block-heading\">Crear su empresa en Andorra: un proyecto ambicioso<\/h2>\n\n\n\n<p>Situada en la vertiente oriental de los Pirineos, entre el norte de Espa\u00f1a y el sur de Francia, Andorra no tiene salida al mar. Las empresas andorranas gozan de muchas ventajas. Por ello, la creaci\u00f3n de una empresa andorrana es un proyecto ambicioso. Dichas empresas necesitan un capital diferente en funci\u00f3n de su estatus legal.<\/p>\n\n\n\n<h3 class=\"wp-block-heading\">Razones para decidir la creaci\u00f3n de una empresa en Andorra<\/h3>\n\n\n\n<p>\u00bfPor qu\u00e9 la creaci\u00f3n de una empresa en Andorra puede ser una inversi\u00f3n interesante? Se pueden citar muchas razones.<\/p>\n\n\n\n<h4 class=\"wp-block-heading\">Las ventajas fiscales<\/h4>\n\n\n\n<p>La fiscalidad es una de las razones por las que los inversores eligen establecerse en Andorra. Pero no es la \u00fanica que fomenta la constituci\u00f3n de muchas empresas. A prop\u00f3sito de la fiscalidad, aqu\u00ed tiene un resumen de los impuestos que se aplican:<\/p>\n\n\n\n<ul class=\"wp-block-list\">\n<li>Impuesto de sociedades: un m\u00e1ximo del 10%;<\/li>\n\n\n\n<li>Impuesto de rendimientos de las personas f\u00edsicas o IRPF: un m\u00e1ximo del 10%;<\/li>\n\n\n\n<li>Impuesto sobre los ingresos de los no-residentes fiscales; un m\u00e1ximo del 10%;<\/li>\n\n\n\n<li>Impuesto sobre los dividendos: 0%&nbsp;;<\/li>\n\n\n\n<li>Impuesto general indirecto o IGI: m\u00e1ximo 4,5%.<\/li>\n<\/ul>\n\n\n\n<p>Por lo tanto, Andorra es una de las jurisdicciones Europass que ofrece mejores oportunidades para las empresas. En cuanto a los costes de creaci\u00f3n de su empresa andorrana, suelen consistir en los impuestos de registro. Estos var\u00edan seg\u00fan el estatus de la empresa.<\/p>\n\n\n\n<div class=\"wp-block-media-text alignwide has-media-on-the-right is-stacked-on-mobile\"><div class=\"wp-block-media-text__content\">\n<h4 class=\"wp-block-heading\">Acuerdos de doble imposici\u00f3n<\/h4>\n\n\n\n<p>En 2012, el Gobierno andorrano tom\u00f3 iniciativas para animar a los promotores a invertir en el Principado. A partir de entonces, se puso en marcha una liberalizaci\u00f3n de las inversiones extranjeras. Tambi\u00e9n podemos hablar de la adopci\u00f3n de legislaci\u00f3n en el marco de un convenio con la OCDE y la UE.<\/p>\n\n\n\n<p>En el caso del Principado, se han firmado convenios de doble imposici\u00f3n o CDI con los siguientes pa\u00edses: Francia (1 de julio de 2015), Luxemburgo (07 de marzo de 2016), Chipre (11 de enero de 2019), Portugal (23 de abril de 2016), Liechtenstein (21 de noviembre de 2016), Malta (27 de septiembre de 2017), Emiratos \u00c1rabes Unidos (1 de agosto de 2017) y Espa\u00f1a (26 de febrero de 2016).<\/p>\n<\/div><figure class=\"wp-block-media-text__media\"><img loading=\"lazy\" decoding=\"async\" width=\"1000\" height=\"668\" src=\"https:\/\/www.mc-expatriation.com\/wp-content\/uploads\/2022\/11\/Accords-de-double-imposition.jpg\" alt=\"\" class=\"wp-image-907 size-full\" srcset=\"https:\/\/www.mc-expatriation.com\/wp-content\/uploads\/2022\/11\/Accords-de-double-imposition.jpg 1000w, https:\/\/www.mc-expatriation.com\/wp-content\/uploads\/2022\/11\/Accords-de-double-imposition-300x200.jpg 300w, https:\/\/www.mc-expatriation.com\/wp-content\/uploads\/2022\/11\/Accords-de-double-imposition-768x513.jpg 768w, https:\/\/www.mc-expatriation.com\/wp-content\/uploads\/2022\/11\/Accords-de-double-imposition-380x253.jpg 380w\" sizes=\"auto, (max-width: 1000px) 100vw, 1000px\" \/><\/figure><\/div>\n\n\n\n<p>Cabe recordar que un tratado de doble imposici\u00f3n se considera un acuerdo internacional. Es muy interesante para los inversores que dirigen empresas multinacionales. Les evita tener que pagar diferentes impuestos en distintos Estados por los mismos ingresos. El impuesto de sociedades est\u00e1 incluido.<\/p>\n\n\n\n<h4 class=\"wp-block-heading\">Diferentes estatutos de empresa a elegir<\/h4>\n\n\n\n<p>Estas son algunas de las posibles estructuras para crear una empresa en el Principado:<\/p>\n\n\n\n<ul class=\"wp-block-list\">\n<li>La sociedad limitada, cuyo capital social es de 3\u2009000&nbsp;euros como m\u00ednimo;<\/li>\n\n\n\n<li>La sociedad an\u00f3nima, con un capital social m\u00ednimo de 60.000&nbsp;euros;<\/li>\n<\/ul>\n","protected":false},"excerpt":{"rendered":"<p>Para aquellos que planean trasladarse a otro pa\u00eds para disfrutar de una vida mejor y de unas condiciones laborales m\u00e1s favorables, Andorra es una opci\u00f3n privilegiada. Trabajar en el Principado les permite desarrollarse en entornos profesionales especialmente agradables, en el marco de una econom\u00eda pr\u00f3spera y una naturaleza s\u00f3lidamente preservada. El gobierno andorrano se esfuerza [&hellip;]<\/p>\n","protected":false},"author":1,"featured_media":1454,"parent":1832,"menu_order":0,"comment_status":"closed","ping_status":"closed","template":"niveau-2.php","meta":{"_acf_changed":false,"footnotes":""},"class_list":["post-2011","page","type-page","status-publish","has-post-thumbnail","hentry"],"acf":[],"yoast_head":"<!-- This site is optimized with the Yoast SEO Premium plugin v25.8 (Yoast SEO v27.3) - https:\/\/yoast.com\/product\/yoast-seo-premium-wordpress\/ -->\n<title>Creaci\u00f3n de empresa - Notario<\/title>\n<meta name=\"description\" content=\"Para aquellos que planean trasladarse a otro pa\u00eds para disfrutar de una vida mejor y de unas condiciones laborales m\u00e1s favorables, Andorra es una opci\u00f3n privilegiada. Trabajar en el Principado les permite desarrollarse en entornos profesionales especialmente agradables, en el marco de una econom\u00eda pr\u00f3spera y una naturaleza s\u00f3lidamente preservada. El gobierno andorrano se esfuerza por ofrecer un contexto favorable al empleo.\" \/>\n<meta name=\"robots\" content=\"index, follow, max-snippet:-1, max-image-preview:large, max-video-preview:-1\" \/>\n<link rel=\"canonical\" href=\"https:\/\/www.mc-expatriation.com\/es\/creacion-empresa\/notario\/\" \/>\n<meta property=\"og:locale\" content=\"es_ES\" \/>\n<meta property=\"og:type\" content=\"article\" \/>\n<meta property=\"og:title\" content=\"Creaci\u00f3n de empresa - Notario\" \/>\n<meta property=\"og:description\" content=\"Para aquellos que planean trasladarse a otro pa\u00eds para disfrutar de una vida mejor y de unas condiciones laborales m\u00e1s favorables, Andorra es una opci\u00f3n privilegiada. Trabajar en el Principado les permite desarrollarse en entornos profesionales especialmente agradables, en el marco de una econom\u00eda pr\u00f3spera y una naturaleza s\u00f3lidamente preservada. El gobierno andorrano se esfuerza por ofrecer un contexto favorable al empleo.\" \/>\n<meta property=\"og:url\" content=\"https:\/\/www.mc-expatriation.com\/es\/creacion-empresa\/notario\/\" \/>\n<meta property=\"og:site_name\" content=\"MC Expatriation\" \/>\n<meta property=\"article:modified_time\" content=\"2022-12-18T07:19:28+00:00\" \/>\n<meta property=\"og:image\" content=\"https:\/\/www.mc-expatriation.com\/wp-content\/uploads\/2022\/11\/notaire-Andorre.jpg\" \/>\n\t<meta property=\"og:image:width\" content=\"1000\" \/>\n\t<meta property=\"og:image:height\" content=\"422\" \/>\n\t<meta property=\"og:image:type\" content=\"image\/jpeg\" \/>\n<meta name=\"twitter:card\" content=\"summary_large_image\" \/>\n<meta name=\"twitter:label1\" content=\"Tiempo de lectura\" \/>\n\t<meta name=\"twitter:data1\" content=\"4 minutos\" \/>\n<script type=\"application\/ld+json\" class=\"yoast-schema-graph\">{\"@context\":\"https:\\\/\\\/schema.org\",\"@graph\":[{\"@type\":\"WebPage\",\"@id\":\"https:\\\/\\\/www.mc-expatriation.com\\\/es\\\/creacion-empresa\\\/notario\\\/\",\"url\":\"https:\\\/\\\/www.mc-expatriation.com\\\/es\\\/creacion-empresa\\\/notario\\\/\",\"name\":\"Creaci\u00f3n de empresa - Notario\",\"isPartOf\":{\"@id\":\"https:\\\/\\\/www.mc-expatriation.com\\\/#website\"},\"primaryImageOfPage\":{\"@id\":\"https:\\\/\\\/www.mc-expatriation.com\\\/es\\\/creacion-empresa\\\/notario\\\/#primaryimage\"},\"image\":{\"@id\":\"https:\\\/\\\/www.mc-expatriation.com\\\/es\\\/creacion-empresa\\\/notario\\\/#primaryimage\"},\"thumbnailUrl\":\"https:\\\/\\\/www.mc-expatriation.com\\\/wp-content\\\/uploads\\\/2022\\\/11\\\/notaire-Andorre.jpg\",\"datePublished\":\"2022-11-01T12:56:21+00:00\",\"dateModified\":\"2022-12-18T07:19:28+00:00\",\"description\":\"Para aquellos que planean trasladarse a otro pa\u00eds para disfrutar de una vida mejor y de unas condiciones laborales m\u00e1s favorables, Andorra es una opci\u00f3n privilegiada. Trabajar en el Principado les permite desarrollarse en entornos profesionales especialmente agradables, en el marco de una econom\u00eda pr\u00f3spera y una naturaleza s\u00f3lidamente preservada. El gobierno andorrano se esfuerza por ofrecer un contexto favorable al empleo.\",\"breadcrumb\":{\"@id\":\"https:\\\/\\\/www.mc-expatriation.com\\\/es\\\/creacion-empresa\\\/notario\\\/#breadcrumb\"},\"inLanguage\":\"es\",\"potentialAction\":[{\"@type\":\"ReadAction\",\"target\":[\"https:\\\/\\\/www.mc-expatriation.com\\\/es\\\/creacion-empresa\\\/notario\\\/\"]}]},{\"@type\":\"ImageObject\",\"inLanguage\":\"es\",\"@id\":\"https:\\\/\\\/www.mc-expatriation.com\\\/es\\\/creacion-empresa\\\/notario\\\/#primaryimage\",\"url\":\"https:\\\/\\\/www.mc-expatriation.com\\\/wp-content\\\/uploads\\\/2022\\\/11\\\/notaire-Andorre.jpg\",\"contentUrl\":\"https:\\\/\\\/www.mc-expatriation.com\\\/wp-content\\\/uploads\\\/2022\\\/11\\\/notaire-Andorre.jpg\",\"width\":1000,\"height\":422},{\"@type\":\"BreadcrumbList\",\"@id\":\"https:\\\/\\\/www.mc-expatriation.com\\\/es\\\/creacion-empresa\\\/notario\\\/#breadcrumb\",\"itemListElement\":[{\"@type\":\"ListItem\",\"position\":1,\"name\":\"Home\",\"item\":\"https:\\\/\\\/www.mc-expatriation.com\\\/es\\\/\"},{\"@type\":\"ListItem\",\"position\":2,\"name\":\"Creaci\u00f3n de una empresa en Andorra, facilite sus tr\u00e1mites con nuestra Gestor\u00eda\",\"item\":\"https:\\\/\\\/www.mc-expatriation.com\\\/es\\\/creacion-empresa\\\/\"},{\"@type\":\"ListItem\",\"position\":3,\"name\":\"Creaci\u00f3n de empresa &#8211; Notario\"}]},{\"@type\":\"WebSite\",\"@id\":\"https:\\\/\\\/www.mc-expatriation.com\\\/#website\",\"url\":\"https:\\\/\\\/www.mc-expatriation.com\\\/\",\"name\":\"MC Expatriation\",\"description\":\"\",\"publisher\":{\"@id\":\"https:\\\/\\\/www.mc-expatriation.com\\\/#organization\"},\"potentialAction\":[{\"@type\":\"SearchAction\",\"target\":{\"@type\":\"EntryPoint\",\"urlTemplate\":\"https:\\\/\\\/www.mc-expatriation.com\\\/?s={search_term_string}\"},\"query-input\":{\"@type\":\"PropertyValueSpecification\",\"valueRequired\":true,\"valueName\":\"search_term_string\"}}],\"inLanguage\":\"es\"},{\"@type\":\"Organization\",\"@id\":\"https:\\\/\\\/www.mc-expatriation.com\\\/#organization\",\"name\":\"MC Expatriation\",\"url\":\"https:\\\/\\\/www.mc-expatriation.com\\\/\",\"logo\":{\"@type\":\"ImageObject\",\"inLanguage\":\"es\",\"@id\":\"https:\\\/\\\/www.mc-expatriation.com\\\/#\\\/schema\\\/logo\\\/image\\\/\",\"url\":\"https:\\\/\\\/www.mc-expatriation.com\\\/wp-content\\\/uploads\\\/2022\\\/10\\\/logo.svg\",\"contentUrl\":\"https:\\\/\\\/www.mc-expatriation.com\\\/wp-content\\\/uploads\\\/2022\\\/10\\\/logo.svg\",\"caption\":\"MC Expatriation\"},\"image\":{\"@id\":\"https:\\\/\\\/www.mc-expatriation.com\\\/#\\\/schema\\\/logo\\\/image\\\/\"}}]}<\/script>\n<!-- \/ Yoast SEO Premium plugin. -->","yoast_head_json":{"title":"Creaci\u00f3n de empresa - Notario","description":"Para aquellos que planean trasladarse a otro pa\u00eds para disfrutar de una vida mejor y de unas condiciones laborales m\u00e1s favorables, Andorra es una opci\u00f3n privilegiada. Trabajar en el Principado les permite desarrollarse en entornos profesionales especialmente agradables, en el marco de una econom\u00eda pr\u00f3spera y una naturaleza s\u00f3lidamente preservada. El gobierno andorrano se esfuerza por ofrecer un contexto favorable al empleo.","robots":{"index":"index","follow":"follow","max-snippet":"max-snippet:-1","max-image-preview":"max-image-preview:large","max-video-preview":"max-video-preview:-1"},"canonical":"https:\/\/www.mc-expatriation.com\/es\/creacion-empresa\/notario\/","og_locale":"es_ES","og_type":"article","og_title":"Creaci\u00f3n de empresa - Notario","og_description":"Para aquellos que planean trasladarse a otro pa\u00eds para disfrutar de una vida mejor y de unas condiciones laborales m\u00e1s favorables, Andorra es una opci\u00f3n privilegiada. Trabajar en el Principado les permite desarrollarse en entornos profesionales especialmente agradables, en el marco de una econom\u00eda pr\u00f3spera y una naturaleza s\u00f3lidamente preservada. El gobierno andorrano se esfuerza por ofrecer un contexto favorable al empleo.","og_url":"https:\/\/www.mc-expatriation.com\/es\/creacion-empresa\/notario\/","og_site_name":"MC Expatriation","article_modified_time":"2022-12-18T07:19:28+00:00","og_image":[{"width":1000,"height":422,"url":"https:\/\/www.mc-expatriation.com\/wp-content\/uploads\/2022\/11\/notaire-Andorre.jpg","type":"image\/jpeg"}],"twitter_card":"summary_large_image","twitter_misc":{"Tiempo de lectura":"4 minutos"},"schema":{"@context":"https:\/\/schema.org","@graph":[{"@type":"WebPage","@id":"https:\/\/www.mc-expatriation.com\/es\/creacion-empresa\/notario\/","url":"https:\/\/www.mc-expatriation.com\/es\/creacion-empresa\/notario\/","name":"Creaci\u00f3n de empresa - Notario","isPartOf":{"@id":"https:\/\/www.mc-expatriation.com\/#website"},"primaryImageOfPage":{"@id":"https:\/\/www.mc-expatriation.com\/es\/creacion-empresa\/notario\/#primaryimage"},"image":{"@id":"https:\/\/www.mc-expatriation.com\/es\/creacion-empresa\/notario\/#primaryimage"},"thumbnailUrl":"https:\/\/www.mc-expatriation.com\/wp-content\/uploads\/2022\/11\/notaire-Andorre.jpg","datePublished":"2022-11-01T12:56:21+00:00","dateModified":"2022-12-18T07:19:28+00:00","description":"Para aquellos que planean trasladarse a otro pa\u00eds para disfrutar de una vida mejor y de unas condiciones laborales m\u00e1s favorables, Andorra es una opci\u00f3n privilegiada. Trabajar en el Principado les permite desarrollarse en entornos profesionales especialmente agradables, en el marco de una econom\u00eda pr\u00f3spera y una naturaleza s\u00f3lidamente preservada. El gobierno andorrano se esfuerza por ofrecer un contexto favorable al empleo.","breadcrumb":{"@id":"https:\/\/www.mc-expatriation.com\/es\/creacion-empresa\/notario\/#breadcrumb"},"inLanguage":"es","potentialAction":[{"@type":"ReadAction","target":["https:\/\/www.mc-expatriation.com\/es\/creacion-empresa\/notario\/"]}]},{"@type":"ImageObject","inLanguage":"es","@id":"https:\/\/www.mc-expatriation.com\/es\/creacion-empresa\/notario\/#primaryimage","url":"https:\/\/www.mc-expatriation.com\/wp-content\/uploads\/2022\/11\/notaire-Andorre.jpg","contentUrl":"https:\/\/www.mc-expatriation.com\/wp-content\/uploads\/2022\/11\/notaire-Andorre.jpg","width":1000,"height":422},{"@type":"BreadcrumbList","@id":"https:\/\/www.mc-expatriation.com\/es\/creacion-empresa\/notario\/#breadcrumb","itemListElement":[{"@type":"ListItem","position":1,"name":"Home","item":"https:\/\/www.mc-expatriation.com\/es\/"},{"@type":"ListItem","position":2,"name":"Creaci\u00f3n de una empresa en Andorra, facilite sus tr\u00e1mites con nuestra Gestor\u00eda","item":"https:\/\/www.mc-expatriation.com\/es\/creacion-empresa\/"},{"@type":"ListItem","position":3,"name":"Creaci\u00f3n de empresa &#8211; Notario"}]},{"@type":"WebSite","@id":"https:\/\/www.mc-expatriation.com\/#website","url":"https:\/\/www.mc-expatriation.com\/","name":"MC Expatriation","description":"","publisher":{"@id":"https:\/\/www.mc-expatriation.com\/#organization"},"potentialAction":[{"@type":"SearchAction","target":{"@type":"EntryPoint","urlTemplate":"https:\/\/www.mc-expatriation.com\/?s={search_term_string}"},"query-input":{"@type":"PropertyValueSpecification","valueRequired":true,"valueName":"search_term_string"}}],"inLanguage":"es"},{"@type":"Organization","@id":"https:\/\/www.mc-expatriation.com\/#organization","name":"MC Expatriation","url":"https:\/\/www.mc-expatriation.com\/","logo":{"@type":"ImageObject","inLanguage":"es","@id":"https:\/\/www.mc-expatriation.com\/#\/schema\/logo\/image\/","url":"https:\/\/www.mc-expatriation.com\/wp-content\/uploads\/2022\/10\/logo.svg","contentUrl":"https:\/\/www.mc-expatriation.com\/wp-content\/uploads\/2022\/10\/logo.svg","caption":"MC Expatriation"},"image":{"@id":"https:\/\/www.mc-expatriation.com\/#\/schema\/logo\/image\/"}}]}},"_links":{"self":[{"href":"https:\/\/www.mc-expatriation.com\/es\/wp-json\/wp\/v2\/pages\/2011","targetHints":{"allow":["GET"]}}],"collection":[{"href":"https:\/\/www.mc-expatriation.com\/es\/wp-json\/wp\/v2\/pages"}],"about":[{"href":"https:\/\/www.mc-expatriation.com\/es\/wp-json\/wp\/v2\/types\/page"}],"author":[{"embeddable":true,"href":"https:\/\/www.mc-expatriation.com\/es\/wp-json\/wp\/v2\/users\/1"}],"replies":[{"embeddable":true,"href":"https:\/\/www.mc-expatriation.com\/es\/wp-json\/wp\/v2\/comments?post=2011"}],"version-history":[{"count":8,"href":"https:\/\/www.mc-expatriation.com\/es\/wp-json\/wp\/v2\/pages\/2011\/revisions"}],"predecessor-version":[{"id":2590,"href":"https:\/\/www.mc-expatriation.com\/es\/wp-json\/wp\/v2\/pages\/2011\/revisions\/2590"}],"up":[{"embeddable":true,"href":"https:\/\/www.mc-expatriation.com\/es\/wp-json\/wp\/v2\/pages\/1832"}],"wp:featuredmedia":[{"embeddable":true,"href":"https:\/\/www.mc-expatriation.com\/es\/wp-json\/wp\/v2\/media\/1454"}],"wp:attachment":[{"href":"https:\/\/www.mc-expatriation.com\/es\/wp-json\/wp\/v2\/media?parent=2011"}],"curies":[{"name":"wp","href":"https:\/\/api.w.org\/{rel}","templated":true}]}}