{"id":2025,"date":"2022-11-29T04:37:08","date_gmt":"2022-11-29T04:37:08","guid":{"rendered":"http:\/\/mcexpat.devmc.xyz\/expatriation\/"},"modified":"2022-12-17T14:41:46","modified_gmt":"2022-12-17T14:41:46","slug":"expatriacion","status":"publish","type":"page","link":"https:\/\/www.mc-expatriation.com\/es\/expatriacion\/","title":{"rendered":"Expatriaci\u00f3n: instalarse en el Principado de Andorra"},"content":{"rendered":"\n<p><strong>Irse a vivir al extranjero siempre ha sido un gran proyecto a todos los niveles. Puede acarrear una preparaci\u00f3n imprescindible de varios meses o incluso de un a\u00f1o. Tr\u00e1mites administrativos a realizar el descubrimiento del pa\u00eds de acogida... no se puede dejar nada al azar. \u00bfQuiere cambiar de aires o tener m\u00e1s movilidad? \u00bfQuiere estudiar en otro pa\u00eds? \u00bfUna reconversi\u00f3n profesional? \u00a1Hay muchas razones para hacer realidad este proyecto!<\/strong><\/p>\n\n\n\n<p><strong>\u00bfY en el caso de que haya decidido expatriarse en Andorra? \u00bfQu\u00e9 informaci\u00f3n necesita antes de partir para preparar su cambio de pa\u00eds? (Seguridad, clima, ubicaci\u00f3n geogr\u00e1fica, empresas locales, etc.)?\u00bfSe pueden hacer los tr\u00e1mites por Internet? \u00bfQu\u00e9 tipo de seguro necesitar\u00e1?<\/strong><\/p>\n","protected":false},"excerpt":{"rendered":"<p>Irse a vivir al extranjero siempre ha sido un gran proyecto a todos los niveles. Puede acarrear una preparaci\u00f3n imprescindible de varios meses o incluso de un a\u00f1o. Tr\u00e1mites administrativos a realizar el descubrimiento del pa\u00eds de acogida&#8230; no se puede dejar nada al azar. \u00bfQuiere cambiar de aires o tener m\u00e1s movilidad? \u00bfQuiere estudiar [&hellip;]<\/p>\n","protected":false},"author":1,"featured_media":1540,"parent":0,"menu_order":0,"comment_status":"closed","ping_status":"closed","template":"niveau-1.php","meta":{"_acf_changed":false,"footnotes":""},"class_list":["post-2025","page","type-page","status-publish","has-post-thumbnail","hentry"],"acf":[],"yoast_head":"<!-- This site is optimized with the Yoast SEO Premium plugin v25.8 (Yoast SEO v27.3) - https:\/\/yoast.com\/product\/yoast-seo-premium-wordpress\/ -->\n<title>Expatriaci\u00f3n: instalarse en el Principado de Andorra<\/title>\n<meta name=\"description\" content=\"Irse a vivir al extranjero siempre ha sido un gran proyecto a todos los niveles. Puede acarrear una preparaci\u00f3n imprescindible de varios meses o incluso de un a\u00f1o. Tr\u00e1mites administrativos a realizar el descubrimiento del pa\u00eds de acogida... no se puede dejar nada al azar. \u00bfQuiere cambiar de aires o tener m\u00e1s movilidad? \u00bfQuiere estudiar en otro pa\u00eds? \u00bfUna reconversi\u00f3n profesional? \u00a1Hay muchas razones para hacer realidad este proyecto!\" \/>\n<meta name=\"robots\" content=\"index, follow, max-snippet:-1, max-image-preview:large, max-video-preview:-1\" \/>\n<link rel=\"canonical\" href=\"https:\/\/www.mc-expatriation.com\/es\/expatriacion\/\" \/>\n<meta property=\"og:locale\" content=\"es_ES\" \/>\n<meta property=\"og:type\" content=\"article\" \/>\n<meta property=\"og:title\" content=\"Expatriaci\u00f3n: instalarse en el Principado de Andorra\" \/>\n<meta property=\"og:description\" content=\"Irse a vivir al extranjero siempre ha sido un gran proyecto a todos los niveles. Puede acarrear una preparaci\u00f3n imprescindible de varios meses o incluso de un a\u00f1o. Tr\u00e1mites administrativos a realizar el descubrimiento del pa\u00eds de acogida... no se puede dejar nada al azar. \u00bfQuiere cambiar de aires o tener m\u00e1s movilidad? \u00bfQuiere estudiar en otro pa\u00eds? \u00bfUna reconversi\u00f3n profesional? \u00a1Hay muchas razones para hacer realidad este proyecto!\" \/>\n<meta property=\"og:url\" content=\"https:\/\/www.mc-expatriation.com\/es\/expatriacion\/\" \/>\n<meta property=\"og:site_name\" content=\"MC Expatriation\" \/>\n<meta property=\"article:modified_time\" content=\"2022-12-17T14:41:46+00:00\" \/>\n<meta property=\"og:image\" content=\"https:\/\/www.mc-expatriation.com\/wp-content\/uploads\/2022\/11\/sinstaller-en-Principaute-dAndorre.jpg\" \/>\n\t<meta property=\"og:image:width\" content=\"1000\" \/>\n\t<meta property=\"og:image:height\" content=\"668\" \/>\n\t<meta property=\"og:image:type\" content=\"image\/jpeg\" \/>\n<meta name=\"twitter:card\" content=\"summary_large_image\" \/>\n<meta name=\"twitter:label1\" content=\"Tiempo de lectura\" \/>\n\t<meta name=\"twitter:data1\" content=\"1 minuto\" \/>\n<script type=\"application\/ld+json\" class=\"yoast-schema-graph\">{\"@context\":\"https:\\\/\\\/schema.org\",\"@graph\":[{\"@type\":\"WebPage\",\"@id\":\"https:\\\/\\\/www.mc-expatriation.com\\\/es\\\/expatriacion\\\/\",\"url\":\"https:\\\/\\\/www.mc-expatriation.com\\\/es\\\/expatriacion\\\/\",\"name\":\"Expatriaci\u00f3n: instalarse en el Principado de Andorra\",\"isPartOf\":{\"@id\":\"https:\\\/\\\/www.mc-expatriation.com\\\/#website\"},\"primaryImageOfPage\":{\"@id\":\"https:\\\/\\\/www.mc-expatriation.com\\\/es\\\/expatriacion\\\/#primaryimage\"},\"image\":{\"@id\":\"https:\\\/\\\/www.mc-expatriation.com\\\/es\\\/expatriacion\\\/#primaryimage\"},\"thumbnailUrl\":\"https:\\\/\\\/www.mc-expatriation.com\\\/wp-content\\\/uploads\\\/2022\\\/11\\\/sinstaller-en-Principaute-dAndorre.jpg\",\"datePublished\":\"2022-11-29T04:37:08+00:00\",\"dateModified\":\"2022-12-17T14:41:46+00:00\",\"description\":\"Irse a vivir al extranjero siempre ha sido un gran proyecto a todos los niveles. Puede acarrear una preparaci\u00f3n imprescindible de varios meses o incluso de un a\u00f1o. Tr\u00e1mites administrativos a realizar el descubrimiento del pa\u00eds de acogida... no se puede dejar nada al azar. \u00bfQuiere cambiar de aires o tener m\u00e1s movilidad? \u00bfQuiere estudiar en otro pa\u00eds? \u00bfUna reconversi\u00f3n profesional? \u00a1Hay muchas razones para hacer realidad este proyecto!\",\"breadcrumb\":{\"@id\":\"https:\\\/\\\/www.mc-expatriation.com\\\/es\\\/expatriacion\\\/#breadcrumb\"},\"inLanguage\":\"es\",\"potentialAction\":[{\"@type\":\"ReadAction\",\"target\":[\"https:\\\/\\\/www.mc-expatriation.com\\\/es\\\/expatriacion\\\/\"]}]},{\"@type\":\"ImageObject\",\"inLanguage\":\"es\",\"@id\":\"https:\\\/\\\/www.mc-expatriation.com\\\/es\\\/expatriacion\\\/#primaryimage\",\"url\":\"https:\\\/\\\/www.mc-expatriation.com\\\/wp-content\\\/uploads\\\/2022\\\/11\\\/sinstaller-en-Principaute-dAndorre.jpg\",\"contentUrl\":\"https:\\\/\\\/www.mc-expatriation.com\\\/wp-content\\\/uploads\\\/2022\\\/11\\\/sinstaller-en-Principaute-dAndorre.jpg\",\"width\":1000,\"height\":668},{\"@type\":\"BreadcrumbList\",\"@id\":\"https:\\\/\\\/www.mc-expatriation.com\\\/es\\\/expatriacion\\\/#breadcrumb\",\"itemListElement\":[{\"@type\":\"ListItem\",\"position\":1,\"name\":\"Home\",\"item\":\"https:\\\/\\\/www.mc-expatriation.com\\\/es\\\/\"},{\"@type\":\"ListItem\",\"position\":2,\"name\":\"Expatriaci\u00f3n: instalarse en el Principado de Andorra\"}]},{\"@type\":\"WebSite\",\"@id\":\"https:\\\/\\\/www.mc-expatriation.com\\\/#website\",\"url\":\"https:\\\/\\\/www.mc-expatriation.com\\\/\",\"name\":\"MC Expatriation\",\"description\":\"\",\"publisher\":{\"@id\":\"https:\\\/\\\/www.mc-expatriation.com\\\/#organization\"},\"potentialAction\":[{\"@type\":\"SearchAction\",\"target\":{\"@type\":\"EntryPoint\",\"urlTemplate\":\"https:\\\/\\\/www.mc-expatriation.com\\\/?s={search_term_string}\"},\"query-input\":{\"@type\":\"PropertyValueSpecification\",\"valueRequired\":true,\"valueName\":\"search_term_string\"}}],\"inLanguage\":\"es\"},{\"@type\":\"Organization\",\"@id\":\"https:\\\/\\\/www.mc-expatriation.com\\\/#organization\",\"name\":\"MC Expatriation\",\"url\":\"https:\\\/\\\/www.mc-expatriation.com\\\/\",\"logo\":{\"@type\":\"ImageObject\",\"inLanguage\":\"es\",\"@id\":\"https:\\\/\\\/www.mc-expatriation.com\\\/#\\\/schema\\\/logo\\\/image\\\/\",\"url\":\"https:\\\/\\\/www.mc-expatriation.com\\\/wp-content\\\/uploads\\\/2022\\\/10\\\/logo.svg\",\"contentUrl\":\"https:\\\/\\\/www.mc-expatriation.com\\\/wp-content\\\/uploads\\\/2022\\\/10\\\/logo.svg\",\"caption\":\"MC Expatriation\"},\"image\":{\"@id\":\"https:\\\/\\\/www.mc-expatriation.com\\\/#\\\/schema\\\/logo\\\/image\\\/\"}}]}<\/script>\n<!-- \/ Yoast SEO Premium plugin. -->","yoast_head_json":{"title":"Expatriaci\u00f3n: instalarse en el Principado de Andorra","description":"Irse a vivir al extranjero siempre ha sido un gran proyecto a todos los niveles. Puede acarrear una preparaci\u00f3n imprescindible de varios meses o incluso de un a\u00f1o. Tr\u00e1mites administrativos a realizar el descubrimiento del pa\u00eds de acogida... no se puede dejar nada al azar. \u00bfQuiere cambiar de aires o tener m\u00e1s movilidad? \u00bfQuiere estudiar en otro pa\u00eds? \u00bfUna reconversi\u00f3n profesional? \u00a1Hay muchas razones para hacer realidad este proyecto!","robots":{"index":"index","follow":"follow","max-snippet":"max-snippet:-1","max-image-preview":"max-image-preview:large","max-video-preview":"max-video-preview:-1"},"canonical":"https:\/\/www.mc-expatriation.com\/es\/expatriacion\/","og_locale":"es_ES","og_type":"article","og_title":"Expatriaci\u00f3n: instalarse en el Principado de Andorra","og_description":"Irse a vivir al extranjero siempre ha sido un gran proyecto a todos los niveles. Puede acarrear una preparaci\u00f3n imprescindible de varios meses o incluso de un a\u00f1o. Tr\u00e1mites administrativos a realizar el descubrimiento del pa\u00eds de acogida... no se puede dejar nada al azar. \u00bfQuiere cambiar de aires o tener m\u00e1s movilidad? \u00bfQuiere estudiar en otro pa\u00eds? \u00bfUna reconversi\u00f3n profesional? \u00a1Hay muchas razones para hacer realidad este proyecto!","og_url":"https:\/\/www.mc-expatriation.com\/es\/expatriacion\/","og_site_name":"MC Expatriation","article_modified_time":"2022-12-17T14:41:46+00:00","og_image":[{"width":1000,"height":668,"url":"https:\/\/www.mc-expatriation.com\/wp-content\/uploads\/2022\/11\/sinstaller-en-Principaute-dAndorre.jpg","type":"image\/jpeg"}],"twitter_card":"summary_large_image","twitter_misc":{"Tiempo de lectura":"1 minuto"},"schema":{"@context":"https:\/\/schema.org","@graph":[{"@type":"WebPage","@id":"https:\/\/www.mc-expatriation.com\/es\/expatriacion\/","url":"https:\/\/www.mc-expatriation.com\/es\/expatriacion\/","name":"Expatriaci\u00f3n: instalarse en el Principado de Andorra","isPartOf":{"@id":"https:\/\/www.mc-expatriation.com\/#website"},"primaryImageOfPage":{"@id":"https:\/\/www.mc-expatriation.com\/es\/expatriacion\/#primaryimage"},"image":{"@id":"https:\/\/www.mc-expatriation.com\/es\/expatriacion\/#primaryimage"},"thumbnailUrl":"https:\/\/www.mc-expatriation.com\/wp-content\/uploads\/2022\/11\/sinstaller-en-Principaute-dAndorre.jpg","datePublished":"2022-11-29T04:37:08+00:00","dateModified":"2022-12-17T14:41:46+00:00","description":"Irse a vivir al extranjero siempre ha sido un gran proyecto a todos los niveles. Puede acarrear una preparaci\u00f3n imprescindible de varios meses o incluso de un a\u00f1o. Tr\u00e1mites administrativos a realizar el descubrimiento del pa\u00eds de acogida... no se puede dejar nada al azar. \u00bfQuiere cambiar de aires o tener m\u00e1s movilidad? \u00bfQuiere estudiar en otro pa\u00eds? \u00bfUna reconversi\u00f3n profesional? \u00a1Hay muchas razones para hacer realidad este proyecto!","breadcrumb":{"@id":"https:\/\/www.mc-expatriation.com\/es\/expatriacion\/#breadcrumb"},"inLanguage":"es","potentialAction":[{"@type":"ReadAction","target":["https:\/\/www.mc-expatriation.com\/es\/expatriacion\/"]}]},{"@type":"ImageObject","inLanguage":"es","@id":"https:\/\/www.mc-expatriation.com\/es\/expatriacion\/#primaryimage","url":"https:\/\/www.mc-expatriation.com\/wp-content\/uploads\/2022\/11\/sinstaller-en-Principaute-dAndorre.jpg","contentUrl":"https:\/\/www.mc-expatriation.com\/wp-content\/uploads\/2022\/11\/sinstaller-en-Principaute-dAndorre.jpg","width":1000,"height":668},{"@type":"BreadcrumbList","@id":"https:\/\/www.mc-expatriation.com\/es\/expatriacion\/#breadcrumb","itemListElement":[{"@type":"ListItem","position":1,"name":"Home","item":"https:\/\/www.mc-expatriation.com\/es\/"},{"@type":"ListItem","position":2,"name":"Expatriaci\u00f3n: instalarse en el Principado de Andorra"}]},{"@type":"WebSite","@id":"https:\/\/www.mc-expatriation.com\/#website","url":"https:\/\/www.mc-expatriation.com\/","name":"MC Expatriation","description":"","publisher":{"@id":"https:\/\/www.mc-expatriation.com\/#organization"},"potentialAction":[{"@type":"SearchAction","target":{"@type":"EntryPoint","urlTemplate":"https:\/\/www.mc-expatriation.com\/?s={search_term_string}"},"query-input":{"@type":"PropertyValueSpecification","valueRequired":true,"valueName":"search_term_string"}}],"inLanguage":"es"},{"@type":"Organization","@id":"https:\/\/www.mc-expatriation.com\/#organization","name":"MC Expatriation","url":"https:\/\/www.mc-expatriation.com\/","logo":{"@type":"ImageObject","inLanguage":"es","@id":"https:\/\/www.mc-expatriation.com\/#\/schema\/logo\/image\/","url":"https:\/\/www.mc-expatriation.com\/wp-content\/uploads\/2022\/10\/logo.svg","contentUrl":"https:\/\/www.mc-expatriation.com\/wp-content\/uploads\/2022\/10\/logo.svg","caption":"MC Expatriation"},"image":{"@id":"https:\/\/www.mc-expatriation.com\/#\/schema\/logo\/image\/"}}]}},"_links":{"self":[{"href":"https:\/\/www.mc-expatriation.com\/es\/wp-json\/wp\/v2\/pages\/2025","targetHints":{"allow":["GET"]}}],"collection":[{"href":"https:\/\/www.mc-expatriation.com\/es\/wp-json\/wp\/v2\/pages"}],"about":[{"href":"https:\/\/www.mc-expatriation.com\/es\/wp-json\/wp\/v2\/types\/page"}],"author":[{"embeddable":true,"href":"https:\/\/www.mc-expatriation.com\/es\/wp-json\/wp\/v2\/users\/1"}],"replies":[{"embeddable":true,"href":"https:\/\/www.mc-expatriation.com\/es\/wp-json\/wp\/v2\/comments?post=2025"}],"version-history":[{"count":14,"href":"https:\/\/www.mc-expatriation.com\/es\/wp-json\/wp\/v2\/pages\/2025\/revisions"}],"predecessor-version":[{"id":2247,"href":"https:\/\/www.mc-expatriation.com\/es\/wp-json\/wp\/v2\/pages\/2025\/revisions\/2247"}],"wp:featuredmedia":[{"embeddable":true,"href":"https:\/\/www.mc-expatriation.com\/es\/wp-json\/wp\/v2\/media\/1540"}],"wp:attachment":[{"href":"https:\/\/www.mc-expatriation.com\/es\/wp-json\/wp\/v2\/media?parent=2025"}],"curies":[{"name":"wp","href":"https:\/\/api.w.org\/{rel}","templated":true}]}}