{"id":2043,"date":"2022-10-26T20:03:45","date_gmt":"2022-10-26T20:03:45","guid":{"rendered":"http:\/\/mcexpat.devmc.xyz\/home\/"},"modified":"2022-12-17T12:16:08","modified_gmt":"2022-12-17T12:16:08","slug":"home","status":"publish","type":"page","link":"https:\/\/www.mc-expatriation.com\/es\/","title":{"rendered":"\u00bfDesea trasladarse a Andorra?"},"content":{"rendered":"\n<p>Trasladarse al extranjero es un gran proyecto a todos los niveles.<\/p>\n","protected":false},"excerpt":{"rendered":"<p>Trasladarse al extranjero es un gran proyecto a todos los niveles.<\/p>\n","protected":false},"author":1,"featured_media":2152,"parent":0,"menu_order":0,"comment_status":"closed","ping_status":"closed","template":"index.php","meta":{"_acf_changed":false,"footnotes":""},"class_list":["post-2043","page","type-page","status-publish","has-post-thumbnail","hentry"],"acf":[],"yoast_head":"<!-- This site is optimized with the Yoast SEO Premium plugin v25.8 (Yoast SEO v27.3) - https:\/\/yoast.com\/product\/yoast-seo-premium-wordpress\/ -->\n<title>\u00bfDesea trasladarse a Andorra?<\/title>\n<meta name=\"description\" content=\"Expatriarse es una decisi\u00f3n muy importante que hay que meditar profundamente. Si a\u00fan alberga dudas sobre cu\u00e1l ser\u00eda el pa\u00eds ideal de acogida, descubra las razones por las que deber\u00eda elegir Andorra como destino para expatriarse, tanto si lo va a hacer solo como si lo hace en pareja o en familia.\" \/>\n<meta name=\"robots\" content=\"index, follow, max-snippet:-1, max-image-preview:large, max-video-preview:-1\" \/>\n<link rel=\"canonical\" href=\"https:\/\/www.mc-expatriation.com\/es\/\" \/>\n<meta property=\"og:locale\" content=\"es_ES\" \/>\n<meta property=\"og:type\" content=\"article\" \/>\n<meta property=\"og:title\" content=\"\u00bfDesea trasladarse a Andorra?\" \/>\n<meta property=\"og:description\" content=\"Expatriarse es una decisi\u00f3n muy importante que hay que meditar profundamente. Si a\u00fan alberga dudas sobre cu\u00e1l ser\u00eda el pa\u00eds ideal de acogida, descubra las razones por las que deber\u00eda elegir Andorra como destino para expatriarse, tanto si lo va a hacer solo como si lo hace en pareja o en familia.\" \/>\n<meta property=\"og:url\" content=\"https:\/\/www.mc-expatriation.com\/es\/\" \/>\n<meta property=\"og:site_name\" content=\"MC Expatriation\" \/>\n<meta property=\"article:modified_time\" content=\"2022-12-17T12:16:08+00:00\" \/>\n<meta property=\"og:image\" content=\"https:\/\/www.mc-expatriation.com\/wp-content\/uploads\/2022\/12\/banner.webp\" \/>\n\t<meta property=\"og:image:width\" content=\"1870\" \/>\n\t<meta property=\"og:image:height\" content=\"800\" \/>\n\t<meta property=\"og:image:type\" content=\"image\/webp\" \/>\n<meta name=\"twitter:card\" content=\"summary_large_image\" \/>\n<meta name=\"twitter:label1\" content=\"Tiempo de lectura\" \/>\n\t<meta name=\"twitter:data1\" content=\"1 minuto\" \/>\n<script type=\"application\/ld+json\" class=\"yoast-schema-graph\">{\"@context\":\"https:\\\/\\\/schema.org\",\"@graph\":[{\"@type\":\"WebPage\",\"@id\":\"https:\\\/\\\/www.mc-expatriation.com\\\/es\\\/\",\"url\":\"https:\\\/\\\/www.mc-expatriation.com\\\/es\\\/\",\"name\":\"\u00bfDesea trasladarse a Andorra?\",\"isPartOf\":{\"@id\":\"https:\\\/\\\/www.mc-expatriation.com\\\/#website\"},\"primaryImageOfPage\":{\"@id\":\"https:\\\/\\\/www.mc-expatriation.com\\\/es\\\/#primaryimage\"},\"image\":{\"@id\":\"https:\\\/\\\/www.mc-expatriation.com\\\/es\\\/#primaryimage\"},\"thumbnailUrl\":\"https:\\\/\\\/www.mc-expatriation.com\\\/wp-content\\\/uploads\\\/2022\\\/12\\\/banner.webp\",\"datePublished\":\"2022-10-26T20:03:45+00:00\",\"dateModified\":\"2022-12-17T12:16:08+00:00\",\"description\":\"Expatriarse es una decisi\u00f3n muy importante que hay que meditar profundamente. Si a\u00fan alberga dudas sobre cu\u00e1l ser\u00eda el pa\u00eds ideal de acogida, descubra las razones por las que deber\u00eda elegir Andorra como destino para expatriarse, tanto si lo va a hacer solo como si lo hace en pareja o en familia.\",\"breadcrumb\":{\"@id\":\"https:\\\/\\\/www.mc-expatriation.com\\\/es\\\/#breadcrumb\"},\"inLanguage\":\"es\",\"potentialAction\":[{\"@type\":\"ReadAction\",\"target\":[\"https:\\\/\\\/www.mc-expatriation.com\\\/es\\\/\"]}]},{\"@type\":\"ImageObject\",\"inLanguage\":\"es\",\"@id\":\"https:\\\/\\\/www.mc-expatriation.com\\\/es\\\/#primaryimage\",\"url\":\"https:\\\/\\\/www.mc-expatriation.com\\\/wp-content\\\/uploads\\\/2022\\\/12\\\/banner.webp\",\"contentUrl\":\"https:\\\/\\\/www.mc-expatriation.com\\\/wp-content\\\/uploads\\\/2022\\\/12\\\/banner.webp\",\"width\":1870,\"height\":800,\"caption\":\"banner\"},{\"@type\":\"BreadcrumbList\",\"@id\":\"https:\\\/\\\/www.mc-expatriation.com\\\/es\\\/#breadcrumb\",\"itemListElement\":[{\"@type\":\"ListItem\",\"position\":1,\"name\":\"Home\",\"item\":\"https:\\\/\\\/www.mc-expatriation.com\\\/es\\\/\"},{\"@type\":\"ListItem\",\"position\":2,\"name\":\"\u00bfDesea trasladarse a Andorra?\"}]},{\"@type\":\"WebSite\",\"@id\":\"https:\\\/\\\/www.mc-expatriation.com\\\/#website\",\"url\":\"https:\\\/\\\/www.mc-expatriation.com\\\/\",\"name\":\"MC Expatriation\",\"description\":\"\",\"publisher\":{\"@id\":\"https:\\\/\\\/www.mc-expatriation.com\\\/#organization\"},\"potentialAction\":[{\"@type\":\"SearchAction\",\"target\":{\"@type\":\"EntryPoint\",\"urlTemplate\":\"https:\\\/\\\/www.mc-expatriation.com\\\/?s={search_term_string}\"},\"query-input\":{\"@type\":\"PropertyValueSpecification\",\"valueRequired\":true,\"valueName\":\"search_term_string\"}}],\"inLanguage\":\"es\"},{\"@type\":\"Organization\",\"@id\":\"https:\\\/\\\/www.mc-expatriation.com\\\/#organization\",\"name\":\"MC Expatriation\",\"url\":\"https:\\\/\\\/www.mc-expatriation.com\\\/\",\"logo\":{\"@type\":\"ImageObject\",\"inLanguage\":\"es\",\"@id\":\"https:\\\/\\\/www.mc-expatriation.com\\\/#\\\/schema\\\/logo\\\/image\\\/\",\"url\":\"https:\\\/\\\/www.mc-expatriation.com\\\/wp-content\\\/uploads\\\/2022\\\/10\\\/logo.svg\",\"contentUrl\":\"https:\\\/\\\/www.mc-expatriation.com\\\/wp-content\\\/uploads\\\/2022\\\/10\\\/logo.svg\",\"caption\":\"MC Expatriation\"},\"image\":{\"@id\":\"https:\\\/\\\/www.mc-expatriation.com\\\/#\\\/schema\\\/logo\\\/image\\\/\"}}]}<\/script>\n<!-- \/ Yoast SEO Premium plugin. -->","yoast_head_json":{"title":"\u00bfDesea trasladarse a Andorra?","description":"Expatriarse es una decisi\u00f3n muy importante que hay que meditar profundamente. Si a\u00fan alberga dudas sobre cu\u00e1l ser\u00eda el pa\u00eds ideal de acogida, descubra las razones por las que deber\u00eda elegir Andorra como destino para expatriarse, tanto si lo va a hacer solo como si lo hace en pareja o en familia.","robots":{"index":"index","follow":"follow","max-snippet":"max-snippet:-1","max-image-preview":"max-image-preview:large","max-video-preview":"max-video-preview:-1"},"canonical":"https:\/\/www.mc-expatriation.com\/es\/","og_locale":"es_ES","og_type":"article","og_title":"\u00bfDesea trasladarse a Andorra?","og_description":"Expatriarse es una decisi\u00f3n muy importante que hay que meditar profundamente. Si a\u00fan alberga dudas sobre cu\u00e1l ser\u00eda el pa\u00eds ideal de acogida, descubra las razones por las que deber\u00eda elegir Andorra como destino para expatriarse, tanto si lo va a hacer solo como si lo hace en pareja o en familia.","og_url":"https:\/\/www.mc-expatriation.com\/es\/","og_site_name":"MC Expatriation","article_modified_time":"2022-12-17T12:16:08+00:00","og_image":[{"width":1870,"height":800,"url":"https:\/\/www.mc-expatriation.com\/wp-content\/uploads\/2022\/12\/banner.webp","type":"image\/webp"}],"twitter_card":"summary_large_image","twitter_misc":{"Tiempo de lectura":"1 minuto"},"schema":{"@context":"https:\/\/schema.org","@graph":[{"@type":"WebPage","@id":"https:\/\/www.mc-expatriation.com\/es\/","url":"https:\/\/www.mc-expatriation.com\/es\/","name":"\u00bfDesea trasladarse a Andorra?","isPartOf":{"@id":"https:\/\/www.mc-expatriation.com\/#website"},"primaryImageOfPage":{"@id":"https:\/\/www.mc-expatriation.com\/es\/#primaryimage"},"image":{"@id":"https:\/\/www.mc-expatriation.com\/es\/#primaryimage"},"thumbnailUrl":"https:\/\/www.mc-expatriation.com\/wp-content\/uploads\/2022\/12\/banner.webp","datePublished":"2022-10-26T20:03:45+00:00","dateModified":"2022-12-17T12:16:08+00:00","description":"Expatriarse es una decisi\u00f3n muy importante que hay que meditar profundamente. Si a\u00fan alberga dudas sobre cu\u00e1l ser\u00eda el pa\u00eds ideal de acogida, descubra las razones por las que deber\u00eda elegir Andorra como destino para expatriarse, tanto si lo va a hacer solo como si lo hace en pareja o en familia.","breadcrumb":{"@id":"https:\/\/www.mc-expatriation.com\/es\/#breadcrumb"},"inLanguage":"es","potentialAction":[{"@type":"ReadAction","target":["https:\/\/www.mc-expatriation.com\/es\/"]}]},{"@type":"ImageObject","inLanguage":"es","@id":"https:\/\/www.mc-expatriation.com\/es\/#primaryimage","url":"https:\/\/www.mc-expatriation.com\/wp-content\/uploads\/2022\/12\/banner.webp","contentUrl":"https:\/\/www.mc-expatriation.com\/wp-content\/uploads\/2022\/12\/banner.webp","width":1870,"height":800,"caption":"banner"},{"@type":"BreadcrumbList","@id":"https:\/\/www.mc-expatriation.com\/es\/#breadcrumb","itemListElement":[{"@type":"ListItem","position":1,"name":"Home","item":"https:\/\/www.mc-expatriation.com\/es\/"},{"@type":"ListItem","position":2,"name":"\u00bfDesea trasladarse a Andorra?"}]},{"@type":"WebSite","@id":"https:\/\/www.mc-expatriation.com\/#website","url":"https:\/\/www.mc-expatriation.com\/","name":"MC Expatriation","description":"","publisher":{"@id":"https:\/\/www.mc-expatriation.com\/#organization"},"potentialAction":[{"@type":"SearchAction","target":{"@type":"EntryPoint","urlTemplate":"https:\/\/www.mc-expatriation.com\/?s={search_term_string}"},"query-input":{"@type":"PropertyValueSpecification","valueRequired":true,"valueName":"search_term_string"}}],"inLanguage":"es"},{"@type":"Organization","@id":"https:\/\/www.mc-expatriation.com\/#organization","name":"MC Expatriation","url":"https:\/\/www.mc-expatriation.com\/","logo":{"@type":"ImageObject","inLanguage":"es","@id":"https:\/\/www.mc-expatriation.com\/#\/schema\/logo\/image\/","url":"https:\/\/www.mc-expatriation.com\/wp-content\/uploads\/2022\/10\/logo.svg","contentUrl":"https:\/\/www.mc-expatriation.com\/wp-content\/uploads\/2022\/10\/logo.svg","caption":"MC Expatriation"},"image":{"@id":"https:\/\/www.mc-expatriation.com\/#\/schema\/logo\/image\/"}}]}},"_links":{"self":[{"href":"https:\/\/www.mc-expatriation.com\/es\/wp-json\/wp\/v2\/pages\/2043","targetHints":{"allow":["GET"]}}],"collection":[{"href":"https:\/\/www.mc-expatriation.com\/es\/wp-json\/wp\/v2\/pages"}],"about":[{"href":"https:\/\/www.mc-expatriation.com\/es\/wp-json\/wp\/v2\/types\/page"}],"author":[{"embeddable":true,"href":"https:\/\/www.mc-expatriation.com\/es\/wp-json\/wp\/v2\/users\/1"}],"replies":[{"embeddable":true,"href":"https:\/\/www.mc-expatriation.com\/es\/wp-json\/wp\/v2\/comments?post=2043"}],"version-history":[{"count":18,"href":"https:\/\/www.mc-expatriation.com\/es\/wp-json\/wp\/v2\/pages\/2043\/revisions"}],"predecessor-version":[{"id":2396,"href":"https:\/\/www.mc-expatriation.com\/es\/wp-json\/wp\/v2\/pages\/2043\/revisions\/2396"}],"wp:featuredmedia":[{"embeddable":true,"href":"https:\/\/www.mc-expatriation.com\/es\/wp-json\/wp\/v2\/media\/2152"}],"wp:attachment":[{"href":"https:\/\/www.mc-expatriation.com\/es\/wp-json\/wp\/v2\/media?parent=2043"}],"curies":[{"name":"wp","href":"https:\/\/api.w.org\/{rel}","templated":true}]}}