{"id":2718,"date":"2022-10-26T23:43:08","date_gmt":"2022-10-26T23:43:08","guid":{"rendered":"https:\/\/www.mc-expatriation.com\/baby-sitting\/"},"modified":"2023-11-20T07:10:04","modified_gmt":"2023-11-20T07:10:04","slug":"canguro","status":"publish","type":"page","link":"https:\/\/www.mc-expatriation.com\/es\/gestoria\/conserje\/canguro\/","title":{"rendered":"Servicios de canguro y guarder\u00eda ofrecidos por nuestro servicio de conserjer\u00eda en Andorra"},"content":{"rendered":"\n<p><strong>El Principado de Andorra es un destino privilegiado para expatriarse. Su situaci\u00f3n geogr\u00e1fica entre Espa\u00f1a y Francia hace que muchos franceses y personas de otras nacionalidades se instalen aqu\u00ed con sus familias. Sin embargo, debido a una vida laboral ajetreada y a un horario a menudo sobrecargado, a los padres puede resultarles dif\u00edcil dedicarles a sus hijos todo el tiempo que necesitan. Contratar un\/a canguro es una de las soluciones recomendables. Le permite pasar el mayor tiempo de calidad posible con sus hijos. Para encontrar a la persona ideal que encaje con sus valores en su nuevo pa\u00eds de residencia, y en la que pueda confiar, la mejor alternativa es recurrir a un servicio de conserjer\u00eda.&nbsp;<\/strong><\/p>\n\n\n\n<h2 class=\"wp-block-heading\">Canguro en Andorra, para cuidado ocasional de ni\u00f1os<\/h2>\n\n\n\n<p>Tanto si tiene asuntos urgentes que atender o reuniones interminables que le impiden llegar pronto a casa u otras responsabilidades que le mantienen fuera hasta tarde, recurrir a una canguro le permite terminar sus actividades con tranquilidad.&nbsp; Se trata de una misi\u00f3n puntual, diferente de la de una ni\u00f1era que cuidar\u00eda regularmente de su hijo en su casa. Los servicios de los\/as canguros son especialmente flexibles. Se adaptan f\u00e1cilmente a sus horarios, incluso si los necesita para una situaci\u00f3n inesperada o urgente.&nbsp;&nbsp;<\/p>\n\n\n\n<p>Adem\u00e1s de su intervenci\u00f3n pr\u00e1ctica, se trata de personas que disfrutan del contacto con los ni\u00f1os. Tienen una relaci\u00f3n especial con los m\u00e1s peque\u00f1os. Saben c\u00f3mo tranquilizarles, consolarles y entretenerles. As\u00ed, la persona en cuesti\u00f3n puede desarrollar a\u00fan m\u00e1s la sociabilidad del ni\u00f1o. Juegan un papel en el desarrollo emocional y cognitivo del ni\u00f1o. Debe ser una persona de confianza y competente, una canguro modelo, capaz de ofrecer tiempo de calidad.<\/p>\n\n\n\n<div class=\"wp-block-media-text alignwide is-stacked-on-mobile\"><figure class=\"wp-block-media-text__media\"><img loading=\"lazy\" decoding=\"async\" width=\"1000\" height=\"940\" src=\"https:\/\/www.mc-expatriation.com\/wp-content\/uploads\/2022\/10\/expat-niveau3-02.jpg\" alt=\"\" class=\"wp-image-94 size-full\" srcset=\"https:\/\/www.mc-expatriation.com\/wp-content\/uploads\/2022\/10\/expat-niveau3-02.jpg 1000w, https:\/\/www.mc-expatriation.com\/wp-content\/uploads\/2022\/10\/expat-niveau3-02-300x282.jpg 300w, https:\/\/www.mc-expatriation.com\/wp-content\/uploads\/2022\/10\/expat-niveau3-02-768x722.jpg 768w\" sizes=\"auto, (max-width: 1000px) 100vw, 1000px\" \/><\/figure><div class=\"wp-block-media-text__content\">\n<h2 class=\"wp-block-heading\">Utilizar un servicio de conserjer\u00eda para encontrar la canguro perfecta<\/h2>\n\n\n\n<p>El Principado de Andorra atrae a muchas familias extranjeras que vienen a vivir aqu\u00ed. Pero, siendo la lengua oficial el catal\u00e1n, a menudo se hace dif\u00edcil encontrar un servicio adecuado si no se habla este idioma. Nuestro servicio de conserjer\u00eda pretende ponerle en contacto con personas que puedan satisfacer sus expectativas.&nbsp;<\/p>\n\n\n\n<p>Si busca un o una canguro, podemos presentarle perfiles cuidadosamente seleccionados. De hecho, no estar\u00e1 confiando el cuidado de su hijo a cualquiera. Le encontraremos una persona de confianza con la que podr\u00e1 dejar a sus hijos con total seguridad. Pondremos a su disposici\u00f3n ni\u00f1eras seleccionadas y lo \u00fanico que usted tiene que hacer es elegir.<\/p>\n<\/div><\/div>\n","protected":false},"excerpt":{"rendered":"<p>El Principado de Andorra es un destino privilegiado para expatriarse. Su situaci\u00f3n geogr\u00e1fica entre Espa\u00f1a y Francia hace que muchos franceses y personas de otras nacionalidades se instalen aqu\u00ed con sus familias. Sin embargo, debido a una vida laboral ajetreada y a un horario a menudo sobrecargado, a los padres puede resultarles dif\u00edcil dedicarles a [&hellip;]<\/p>\n","protected":false},"author":1,"featured_media":1394,"parent":4069,"menu_order":0,"comment_status":"closed","ping_status":"closed","template":"niveau-3.php","meta":{"_acf_changed":false,"footnotes":""},"class_list":["post-2718","page","type-page","status-publish","has-post-thumbnail","hentry"],"acf":[],"yoast_head":"<!-- This site is optimized with the Yoast SEO Premium plugin v25.8 (Yoast SEO v27.3) - https:\/\/yoast.com\/product\/yoast-seo-premium-wordpress\/ -->\n<title>Servicios de canguro y guarder\u00eda ofrecidos por nuestro servicio de conserjer\u00eda en Andorra<\/title>\n<meta name=\"robots\" content=\"index, follow, max-snippet:-1, max-image-preview:large, max-video-preview:-1\" \/>\n<link rel=\"canonical\" href=\"https:\/\/www.mc-expatriation.com\/es\/gestoria\/conserje\/canguro\/\" \/>\n<meta property=\"og:locale\" content=\"es_ES\" \/>\n<meta property=\"og:type\" content=\"article\" \/>\n<meta property=\"og:title\" content=\"Servicios de canguro y guarder\u00eda ofrecidos por nuestro servicio de conserjer\u00eda en Andorra\" \/>\n<meta property=\"og:description\" content=\"El Principado de Andorra es un destino privilegiado para expatriarse. Su situaci\u00f3n geogr\u00e1fica entre Espa\u00f1a y Francia hace que muchos franceses y personas de otras nacionalidades se instalen aqu\u00ed con sus familias. Sin embargo, debido a una vida laboral ajetreada y a un horario a menudo sobrecargado, a los padres puede resultarles dif\u00edcil dedicarles a [&hellip;]\" \/>\n<meta property=\"og:url\" content=\"https:\/\/www.mc-expatriation.com\/es\/gestoria\/conserje\/canguro\/\" \/>\n<meta property=\"og:site_name\" content=\"MC Expatriation\" \/>\n<meta property=\"article:modified_time\" content=\"2023-11-20T07:10:04+00:00\" \/>\n<meta property=\"og:image\" content=\"https:\/\/www.mc-expatriation.com\/wp-content\/uploads\/2022\/10\/expat-niveau3-01.jpg\" \/>\n\t<meta property=\"og:image:width\" content=\"1900\" \/>\n\t<meta property=\"og:image:height\" content=\"630\" \/>\n\t<meta property=\"og:image:type\" content=\"image\/jpeg\" \/>\n<meta name=\"twitter:card\" content=\"summary_large_image\" \/>\n<meta name=\"twitter:label1\" content=\"Tiempo de lectura\" \/>\n\t<meta name=\"twitter:data1\" content=\"3 minutos\" \/>\n<script type=\"application\/ld+json\" class=\"yoast-schema-graph\">{\"@context\":\"https:\\\/\\\/schema.org\",\"@graph\":[{\"@type\":\"WebPage\",\"@id\":\"https:\\\/\\\/www.mc-expatriation.com\\\/es\\\/gestoria\\\/conserje\\\/canguro\\\/\",\"url\":\"https:\\\/\\\/www.mc-expatriation.com\\\/es\\\/gestoria\\\/conserje\\\/canguro\\\/\",\"name\":\"Servicios de canguro y guarder\u00eda ofrecidos por nuestro servicio de conserjer\u00eda en Andorra\",\"isPartOf\":{\"@id\":\"https:\\\/\\\/www.mc-expatriation.com\\\/#website\"},\"primaryImageOfPage\":{\"@id\":\"https:\\\/\\\/www.mc-expatriation.com\\\/es\\\/gestoria\\\/conserje\\\/canguro\\\/#primaryimage\"},\"image\":{\"@id\":\"https:\\\/\\\/www.mc-expatriation.com\\\/es\\\/gestoria\\\/conserje\\\/canguro\\\/#primaryimage\"},\"thumbnailUrl\":\"https:\\\/\\\/www.mc-expatriation.com\\\/wp-content\\\/uploads\\\/2022\\\/10\\\/expat-niveau3-01.jpg\",\"datePublished\":\"2022-10-26T23:43:08+00:00\",\"dateModified\":\"2023-11-20T07:10:04+00:00\",\"breadcrumb\":{\"@id\":\"https:\\\/\\\/www.mc-expatriation.com\\\/es\\\/gestoria\\\/conserje\\\/canguro\\\/#breadcrumb\"},\"inLanguage\":\"es\",\"potentialAction\":[{\"@type\":\"ReadAction\",\"target\":[\"https:\\\/\\\/www.mc-expatriation.com\\\/es\\\/gestoria\\\/conserje\\\/canguro\\\/\"]}]},{\"@type\":\"ImageObject\",\"inLanguage\":\"es\",\"@id\":\"https:\\\/\\\/www.mc-expatriation.com\\\/es\\\/gestoria\\\/conserje\\\/canguro\\\/#primaryimage\",\"url\":\"https:\\\/\\\/www.mc-expatriation.com\\\/wp-content\\\/uploads\\\/2022\\\/10\\\/expat-niveau3-01.jpg\",\"contentUrl\":\"https:\\\/\\\/www.mc-expatriation.com\\\/wp-content\\\/uploads\\\/2022\\\/10\\\/expat-niveau3-01.jpg\",\"width\":1900,\"height\":630},{\"@type\":\"BreadcrumbList\",\"@id\":\"https:\\\/\\\/www.mc-expatriation.com\\\/es\\\/gestoria\\\/conserje\\\/canguro\\\/#breadcrumb\",\"itemListElement\":[{\"@type\":\"ListItem\",\"position\":1,\"name\":\"Home\",\"item\":\"https:\\\/\\\/www.mc-expatriation.com\\\/es\\\/\"},{\"@type\":\"ListItem\",\"position\":2,\"name\":\"Gestor\u00eda Andorra, su consultor\u00eda de asistencia a la expatriaci\u00f3n\",\"item\":\"https:\\\/\\\/www.mc-expatriation.com\\\/es\\\/gestoria\\\/\"},{\"@type\":\"ListItem\",\"position\":3,\"name\":\"Benef\u00edciese de un servicio de conserjer\u00eda a medida para gestionar mejor su vida diaria en Andorra\",\"item\":\"https:\\\/\\\/www.mc-expatriation.com\\\/es\\\/gestoria\\\/conserje\\\/\"},{\"@type\":\"ListItem\",\"position\":4,\"name\":\"Servicios de canguro y guarder\u00eda ofrecidos por nuestro servicio de conserjer\u00eda en Andorra\"}]},{\"@type\":\"WebSite\",\"@id\":\"https:\\\/\\\/www.mc-expatriation.com\\\/#website\",\"url\":\"https:\\\/\\\/www.mc-expatriation.com\\\/\",\"name\":\"MC Expatriation\",\"description\":\"\",\"publisher\":{\"@id\":\"https:\\\/\\\/www.mc-expatriation.com\\\/#organization\"},\"potentialAction\":[{\"@type\":\"SearchAction\",\"target\":{\"@type\":\"EntryPoint\",\"urlTemplate\":\"https:\\\/\\\/www.mc-expatriation.com\\\/?s={search_term_string}\"},\"query-input\":{\"@type\":\"PropertyValueSpecification\",\"valueRequired\":true,\"valueName\":\"search_term_string\"}}],\"inLanguage\":\"es\"},{\"@type\":\"Organization\",\"@id\":\"https:\\\/\\\/www.mc-expatriation.com\\\/#organization\",\"name\":\"MC Expatriation\",\"url\":\"https:\\\/\\\/www.mc-expatriation.com\\\/\",\"logo\":{\"@type\":\"ImageObject\",\"inLanguage\":\"es\",\"@id\":\"https:\\\/\\\/www.mc-expatriation.com\\\/#\\\/schema\\\/logo\\\/image\\\/\",\"url\":\"https:\\\/\\\/www.mc-expatriation.com\\\/wp-content\\\/uploads\\\/2022\\\/10\\\/logo.svg\",\"contentUrl\":\"https:\\\/\\\/www.mc-expatriation.com\\\/wp-content\\\/uploads\\\/2022\\\/10\\\/logo.svg\",\"caption\":\"MC Expatriation\"},\"image\":{\"@id\":\"https:\\\/\\\/www.mc-expatriation.com\\\/#\\\/schema\\\/logo\\\/image\\\/\"}}]}<\/script>\n<!-- \/ Yoast SEO Premium plugin. -->","yoast_head_json":{"title":"Servicios de canguro y guarder\u00eda ofrecidos por nuestro servicio de conserjer\u00eda en Andorra","robots":{"index":"index","follow":"follow","max-snippet":"max-snippet:-1","max-image-preview":"max-image-preview:large","max-video-preview":"max-video-preview:-1"},"canonical":"https:\/\/www.mc-expatriation.com\/es\/gestoria\/conserje\/canguro\/","og_locale":"es_ES","og_type":"article","og_title":"Servicios de canguro y guarder\u00eda ofrecidos por nuestro servicio de conserjer\u00eda en Andorra","og_description":"El Principado de Andorra es un destino privilegiado para expatriarse. Su situaci\u00f3n geogr\u00e1fica entre Espa\u00f1a y Francia hace que muchos franceses y personas de otras nacionalidades se instalen aqu\u00ed con sus familias. Sin embargo, debido a una vida laboral ajetreada y a un horario a menudo sobrecargado, a los padres puede resultarles dif\u00edcil dedicarles a [&hellip;]","og_url":"https:\/\/www.mc-expatriation.com\/es\/gestoria\/conserje\/canguro\/","og_site_name":"MC Expatriation","article_modified_time":"2023-11-20T07:10:04+00:00","og_image":[{"width":1900,"height":630,"url":"https:\/\/www.mc-expatriation.com\/wp-content\/uploads\/2022\/10\/expat-niveau3-01.jpg","type":"image\/jpeg"}],"twitter_card":"summary_large_image","twitter_misc":{"Tiempo de lectura":"3 minutos"},"schema":{"@context":"https:\/\/schema.org","@graph":[{"@type":"WebPage","@id":"https:\/\/www.mc-expatriation.com\/es\/gestoria\/conserje\/canguro\/","url":"https:\/\/www.mc-expatriation.com\/es\/gestoria\/conserje\/canguro\/","name":"Servicios de canguro y guarder\u00eda ofrecidos por nuestro servicio de conserjer\u00eda en Andorra","isPartOf":{"@id":"https:\/\/www.mc-expatriation.com\/#website"},"primaryImageOfPage":{"@id":"https:\/\/www.mc-expatriation.com\/es\/gestoria\/conserje\/canguro\/#primaryimage"},"image":{"@id":"https:\/\/www.mc-expatriation.com\/es\/gestoria\/conserje\/canguro\/#primaryimage"},"thumbnailUrl":"https:\/\/www.mc-expatriation.com\/wp-content\/uploads\/2022\/10\/expat-niveau3-01.jpg","datePublished":"2022-10-26T23:43:08+00:00","dateModified":"2023-11-20T07:10:04+00:00","breadcrumb":{"@id":"https:\/\/www.mc-expatriation.com\/es\/gestoria\/conserje\/canguro\/#breadcrumb"},"inLanguage":"es","potentialAction":[{"@type":"ReadAction","target":["https:\/\/www.mc-expatriation.com\/es\/gestoria\/conserje\/canguro\/"]}]},{"@type":"ImageObject","inLanguage":"es","@id":"https:\/\/www.mc-expatriation.com\/es\/gestoria\/conserje\/canguro\/#primaryimage","url":"https:\/\/www.mc-expatriation.com\/wp-content\/uploads\/2022\/10\/expat-niveau3-01.jpg","contentUrl":"https:\/\/www.mc-expatriation.com\/wp-content\/uploads\/2022\/10\/expat-niveau3-01.jpg","width":1900,"height":630},{"@type":"BreadcrumbList","@id":"https:\/\/www.mc-expatriation.com\/es\/gestoria\/conserje\/canguro\/#breadcrumb","itemListElement":[{"@type":"ListItem","position":1,"name":"Home","item":"https:\/\/www.mc-expatriation.com\/es\/"},{"@type":"ListItem","position":2,"name":"Gestor\u00eda Andorra, su consultor\u00eda de asistencia a la expatriaci\u00f3n","item":"https:\/\/www.mc-expatriation.com\/es\/gestoria\/"},{"@type":"ListItem","position":3,"name":"Benef\u00edciese de un servicio de conserjer\u00eda a medida para gestionar mejor su vida diaria en Andorra","item":"https:\/\/www.mc-expatriation.com\/es\/gestoria\/conserje\/"},{"@type":"ListItem","position":4,"name":"Servicios de canguro y guarder\u00eda ofrecidos por nuestro servicio de conserjer\u00eda en Andorra"}]},{"@type":"WebSite","@id":"https:\/\/www.mc-expatriation.com\/#website","url":"https:\/\/www.mc-expatriation.com\/","name":"MC Expatriation","description":"","publisher":{"@id":"https:\/\/www.mc-expatriation.com\/#organization"},"potentialAction":[{"@type":"SearchAction","target":{"@type":"EntryPoint","urlTemplate":"https:\/\/www.mc-expatriation.com\/?s={search_term_string}"},"query-input":{"@type":"PropertyValueSpecification","valueRequired":true,"valueName":"search_term_string"}}],"inLanguage":"es"},{"@type":"Organization","@id":"https:\/\/www.mc-expatriation.com\/#organization","name":"MC Expatriation","url":"https:\/\/www.mc-expatriation.com\/","logo":{"@type":"ImageObject","inLanguage":"es","@id":"https:\/\/www.mc-expatriation.com\/#\/schema\/logo\/image\/","url":"https:\/\/www.mc-expatriation.com\/wp-content\/uploads\/2022\/10\/logo.svg","contentUrl":"https:\/\/www.mc-expatriation.com\/wp-content\/uploads\/2022\/10\/logo.svg","caption":"MC Expatriation"},"image":{"@id":"https:\/\/www.mc-expatriation.com\/#\/schema\/logo\/image\/"}}]}},"_links":{"self":[{"href":"https:\/\/www.mc-expatriation.com\/es\/wp-json\/wp\/v2\/pages\/2718","targetHints":{"allow":["GET"]}}],"collection":[{"href":"https:\/\/www.mc-expatriation.com\/es\/wp-json\/wp\/v2\/pages"}],"about":[{"href":"https:\/\/www.mc-expatriation.com\/es\/wp-json\/wp\/v2\/types\/page"}],"author":[{"embeddable":true,"href":"https:\/\/www.mc-expatriation.com\/es\/wp-json\/wp\/v2\/users\/1"}],"replies":[{"embeddable":true,"href":"https:\/\/www.mc-expatriation.com\/es\/wp-json\/wp\/v2\/comments?post=2718"}],"version-history":[{"count":9,"href":"https:\/\/www.mc-expatriation.com\/es\/wp-json\/wp\/v2\/pages\/2718\/revisions"}],"predecessor-version":[{"id":5393,"href":"https:\/\/www.mc-expatriation.com\/es\/wp-json\/wp\/v2\/pages\/2718\/revisions\/5393"}],"up":[{"embeddable":true,"href":"https:\/\/www.mc-expatriation.com\/es\/wp-json\/wp\/v2\/pages\/4069"}],"wp:featuredmedia":[{"embeddable":true,"href":"https:\/\/www.mc-expatriation.com\/es\/wp-json\/wp\/v2\/media\/1394"}],"wp:attachment":[{"href":"https:\/\/www.mc-expatriation.com\/es\/wp-json\/wp\/v2\/media?parent=2718"}],"curies":[{"name":"wp","href":"https:\/\/api.w.org\/{rel}","templated":true}]}}