{"id":2768,"date":"2022-11-04T12:46:55","date_gmt":"2022-11-04T12:46:55","guid":{"rendered":"https:\/\/www.mc-expatriation.com\/prise-rendez-vous\/"},"modified":"2023-11-20T07:27:52","modified_gmt":"2023-11-20T07:27:52","slug":"concertacion-citas","status":"publish","type":"page","link":"https:\/\/www.mc-expatriation.com\/es\/gestoria\/conserje\/concertacion-citas\/","title":{"rendered":"Concertaci\u00f3n de citas: conf\u00ede sus tareas de control horario a nuestra consejer\u00eda en Andorra"},"content":{"rendered":"\n<p><strong>Nuestro servicio de conserjer\u00eda trabaja para ayudarle en su vida diaria. Podemos hacerle la vida m\u00e1s f\u00e1cil, liber\u00e1ndole de tareas redundantes que le consumen mucho tiempo, como concertar citas. Puede tratarse de una cita con el m\u00e9dico, el dentista, el peluquero, el taller, etc. Tambi\u00e9n podr\u00eda tratarse de una cita de ocio, como un balneario, ir a esquiar, sus sesiones deportivas, u otras de cariz m\u00e1s administrativo, como las gestiones a realizar ante las autoridades gubernamentales.\u00a0<\/strong><\/p>\n\n\n\n<h2 class=\"wp-block-heading\">Conseguir m\u00e1s r\u00e1pidamente la cita que necesita&nbsp;<\/h2>\n\n\n\n<p>La organizaci\u00f3n de varias citas puede llevar mucho tiempo. Suele ser una tarea repetitiva, pero que exige concentraci\u00f3n y en la que intervienen muchos detalles. Pueda aligerar esa carga confiando estas tareas a un servicio de conserjer\u00eda. Sea cual sea el profesional al que tenga que visitar, el servicio que necesite, o la cita administrativa a la que tenga que acudir, nuestro su equipo puede ocuparse de esta tarea por usted.&nbsp;<\/p>\n\n\n\n<p>Al contar ya con una red de colaboradores propia, no tendr\u00e1 problemas para conseguir la cita m\u00e1s r\u00e1pidamente. Tambi\u00e9n podr\u00e1 atender solicitudes especiales con mayor facilidad.<\/p>\n\n\n\n<h2 class=\"wp-block-heading\">Reserve servicios sin barreras ling\u00fc\u00edsticas<\/h2>\n\n\n\n<p>Como sabe, el catal\u00e1n es la lengua oficial de Andorra. Aunque se hablan tambi\u00e9n el franc\u00e9s, el espa\u00f1ol y el ingl\u00e9s, ser\u00eda m\u00e1s f\u00e1cil estudiar y dominar el catal\u00e1n. E incluso si se desenvuelve bien con un nuevo idioma, puede ocurrir que alguna informaci\u00f3n se le escape.&nbsp;<\/p>\n\n\n\n<p>Cuando entregue sus citas a un profesional, dispondr\u00e1 tanto de la informaci\u00f3n que necesita como de la cita a la hora que haya elegido. Sobre todo, porque nuestra Gestor\u00eda trabaja con muchos colaboradores.<\/p>\n\n\n\n<div class=\"wp-block-media-text alignwide is-stacked-on-mobile\"><figure class=\"wp-block-media-text__media\"><img loading=\"lazy\" decoding=\"async\" width=\"550\" height=\"550\" src=\"https:\/\/www.mc-expatriation.com\/wp-content\/uploads\/2023\/02\/prise-rendez-vous.jpg\" alt=\"Prise de rendez-vous\" class=\"wp-image-2685 size-full\" srcset=\"https:\/\/www.mc-expatriation.com\/wp-content\/uploads\/2023\/02\/prise-rendez-vous.jpg 550w, https:\/\/www.mc-expatriation.com\/wp-content\/uploads\/2023\/02\/prise-rendez-vous-300x300.jpg 300w, https:\/\/www.mc-expatriation.com\/wp-content\/uploads\/2023\/02\/prise-rendez-vous-150x150.jpg 150w, https:\/\/www.mc-expatriation.com\/wp-content\/uploads\/2023\/02\/prise-rendez-vous-236x236.jpg 236w\" sizes=\"auto, (max-width: 550px) 100vw, 550px\" \/><\/figure><div class=\"wp-block-media-text__content\">\n<p>Puede confiarnos la reserva:<\/p>\n\n\n\n<ul class=\"wp-block-list\">\n<li>De un restaurante para una cena de negocios o un almuerzo en familia;<\/li>\n\n\n\n<li>De hoteles a donde ir de vacaciones;<\/li>\n\n\n\n<li>De servicios de spa para relajarse;<\/li>\n\n\n\n<li>De transporte (taxi, avi\u00f3n, barco, tren, etc.) con ocasi\u00f3n de sus desplazamientos;<\/li>\n\n\n\n<li>De Tratamientos de belleza para mimarse un poco, etc.&nbsp;<\/li>\n<\/ul>\n\n\n\n<p>Tambi\u00e9n para pedir cita con:&nbsp;<\/p>\n\n\n\n<ul class=\"wp-block-list\">\n<li>Su dentista o m\u00e9dico;<\/li>\n\n\n\n<li>Su mec\u00e1nico;<\/li>\n\n\n\n<li>El ayuntamiento;<\/li>\n\n\n\n<li>La escuela de sus hijos, etc.<\/li>\n<\/ul>\n<\/div><\/div>\n","protected":false},"excerpt":{"rendered":"<p>Nuestro servicio de conserjer\u00eda trabaja para ayudarle en su vida diaria. Podemos hacerle la vida m\u00e1s f\u00e1cil, liber\u00e1ndole de tareas redundantes que le consumen mucho tiempo, como concertar citas. Puede tratarse de una cita con el m\u00e9dico, el dentista, el peluquero, el taller, etc. Tambi\u00e9n podr\u00eda tratarse de una cita de ocio, como un balneario, [&hellip;]<\/p>\n","protected":false},"author":1,"featured_media":2690,"parent":4069,"menu_order":0,"comment_status":"closed","ping_status":"closed","template":"niveau-3.php","meta":{"_acf_changed":false,"footnotes":""},"class_list":["post-2768","page","type-page","status-publish","has-post-thumbnail","hentry"],"acf":[],"yoast_head":"<!-- This site is optimized with the Yoast SEO Premium plugin v25.8 (Yoast SEO v27.3) - https:\/\/yoast.com\/product\/yoast-seo-premium-wordpress\/ -->\n<title>Concertaci\u00f3n de citas: conf\u00ede sus tareas de control horario a nuestra consejer\u00eda en Andorra<\/title>\n<meta name=\"robots\" content=\"index, follow, max-snippet:-1, max-image-preview:large, max-video-preview:-1\" \/>\n<link rel=\"canonical\" href=\"https:\/\/www.mc-expatriation.com\/es\/gestoria\/conserje\/concertacion-citas\/\" \/>\n<meta property=\"og:locale\" content=\"es_ES\" \/>\n<meta property=\"og:type\" content=\"article\" \/>\n<meta property=\"og:title\" content=\"Concertaci\u00f3n de citas: conf\u00ede sus tareas de control horario a nuestra consejer\u00eda en Andorra\" \/>\n<meta property=\"og:description\" content=\"Nuestro servicio de conserjer\u00eda trabaja para ayudarle en su vida diaria. Podemos hacerle la vida m\u00e1s f\u00e1cil, liber\u00e1ndole de tareas redundantes que le consumen mucho tiempo, como concertar citas. Puede tratarse de una cita con el m\u00e9dico, el dentista, el peluquero, el taller, etc. Tambi\u00e9n podr\u00eda tratarse de una cita de ocio, como un balneario, [&hellip;]\" \/>\n<meta property=\"og:url\" content=\"https:\/\/www.mc-expatriation.com\/es\/gestoria\/conserje\/concertacion-citas\/\" \/>\n<meta property=\"og:site_name\" content=\"MC Expatriation\" \/>\n<meta property=\"article:modified_time\" content=\"2023-11-20T07:27:52+00:00\" \/>\n<meta property=\"og:image\" content=\"https:\/\/www.mc-expatriation.com\/wp-content\/uploads\/2023\/02\/gestion-agenda.jpg\" \/>\n\t<meta property=\"og:image:width\" content=\"1600\" \/>\n\t<meta property=\"og:image:height\" content=\"630\" \/>\n\t<meta property=\"og:image:type\" content=\"image\/jpeg\" \/>\n<meta name=\"twitter:card\" content=\"summary_large_image\" \/>\n<meta name=\"twitter:label1\" content=\"Tiempo de lectura\" \/>\n\t<meta name=\"twitter:data1\" content=\"2 minutos\" \/>\n<script type=\"application\/ld+json\" class=\"yoast-schema-graph\">{\"@context\":\"https:\\\/\\\/schema.org\",\"@graph\":[{\"@type\":\"WebPage\",\"@id\":\"https:\\\/\\\/www.mc-expatriation.com\\\/es\\\/gestoria\\\/conserje\\\/concertacion-citas\\\/\",\"url\":\"https:\\\/\\\/www.mc-expatriation.com\\\/es\\\/gestoria\\\/conserje\\\/concertacion-citas\\\/\",\"name\":\"Concertaci\u00f3n de citas: conf\u00ede sus tareas de control horario a nuestra consejer\u00eda en Andorra\",\"isPartOf\":{\"@id\":\"https:\\\/\\\/www.mc-expatriation.com\\\/#website\"},\"primaryImageOfPage\":{\"@id\":\"https:\\\/\\\/www.mc-expatriation.com\\\/es\\\/gestoria\\\/conserje\\\/concertacion-citas\\\/#primaryimage\"},\"image\":{\"@id\":\"https:\\\/\\\/www.mc-expatriation.com\\\/es\\\/gestoria\\\/conserje\\\/concertacion-citas\\\/#primaryimage\"},\"thumbnailUrl\":\"https:\\\/\\\/www.mc-expatriation.com\\\/wp-content\\\/uploads\\\/2023\\\/02\\\/gestion-agenda.jpg\",\"datePublished\":\"2022-11-04T12:46:55+00:00\",\"dateModified\":\"2023-11-20T07:27:52+00:00\",\"breadcrumb\":{\"@id\":\"https:\\\/\\\/www.mc-expatriation.com\\\/es\\\/gestoria\\\/conserje\\\/concertacion-citas\\\/#breadcrumb\"},\"inLanguage\":\"es\",\"potentialAction\":[{\"@type\":\"ReadAction\",\"target\":[\"https:\\\/\\\/www.mc-expatriation.com\\\/es\\\/gestoria\\\/conserje\\\/concertacion-citas\\\/\"]}]},{\"@type\":\"ImageObject\",\"inLanguage\":\"es\",\"@id\":\"https:\\\/\\\/www.mc-expatriation.com\\\/es\\\/gestoria\\\/conserje\\\/concertacion-citas\\\/#primaryimage\",\"url\":\"https:\\\/\\\/www.mc-expatriation.com\\\/wp-content\\\/uploads\\\/2023\\\/02\\\/gestion-agenda.jpg\",\"contentUrl\":\"https:\\\/\\\/www.mc-expatriation.com\\\/wp-content\\\/uploads\\\/2023\\\/02\\\/gestion-agenda.jpg\",\"width\":1600,\"height\":630,\"caption\":\"gestion rdv\"},{\"@type\":\"BreadcrumbList\",\"@id\":\"https:\\\/\\\/www.mc-expatriation.com\\\/es\\\/gestoria\\\/conserje\\\/concertacion-citas\\\/#breadcrumb\",\"itemListElement\":[{\"@type\":\"ListItem\",\"position\":1,\"name\":\"Home\",\"item\":\"https:\\\/\\\/www.mc-expatriation.com\\\/es\\\/\"},{\"@type\":\"ListItem\",\"position\":2,\"name\":\"Gestor\u00eda Andorra, su consultor\u00eda de asistencia a la expatriaci\u00f3n\",\"item\":\"https:\\\/\\\/www.mc-expatriation.com\\\/es\\\/gestoria\\\/\"},{\"@type\":\"ListItem\",\"position\":3,\"name\":\"Benef\u00edciese de un servicio de conserjer\u00eda a medida para gestionar mejor su vida diaria en Andorra\",\"item\":\"https:\\\/\\\/www.mc-expatriation.com\\\/es\\\/gestoria\\\/conserje\\\/\"},{\"@type\":\"ListItem\",\"position\":4,\"name\":\"Concertaci\u00f3n de citas: conf\u00ede sus tareas de control horario a nuestra consejer\u00eda en Andorra\"}]},{\"@type\":\"WebSite\",\"@id\":\"https:\\\/\\\/www.mc-expatriation.com\\\/#website\",\"url\":\"https:\\\/\\\/www.mc-expatriation.com\\\/\",\"name\":\"MC Expatriation\",\"description\":\"\",\"publisher\":{\"@id\":\"https:\\\/\\\/www.mc-expatriation.com\\\/#organization\"},\"potentialAction\":[{\"@type\":\"SearchAction\",\"target\":{\"@type\":\"EntryPoint\",\"urlTemplate\":\"https:\\\/\\\/www.mc-expatriation.com\\\/?s={search_term_string}\"},\"query-input\":{\"@type\":\"PropertyValueSpecification\",\"valueRequired\":true,\"valueName\":\"search_term_string\"}}],\"inLanguage\":\"es\"},{\"@type\":\"Organization\",\"@id\":\"https:\\\/\\\/www.mc-expatriation.com\\\/#organization\",\"name\":\"MC Expatriation\",\"url\":\"https:\\\/\\\/www.mc-expatriation.com\\\/\",\"logo\":{\"@type\":\"ImageObject\",\"inLanguage\":\"es\",\"@id\":\"https:\\\/\\\/www.mc-expatriation.com\\\/#\\\/schema\\\/logo\\\/image\\\/\",\"url\":\"https:\\\/\\\/www.mc-expatriation.com\\\/wp-content\\\/uploads\\\/2022\\\/10\\\/logo.svg\",\"contentUrl\":\"https:\\\/\\\/www.mc-expatriation.com\\\/wp-content\\\/uploads\\\/2022\\\/10\\\/logo.svg\",\"caption\":\"MC Expatriation\"},\"image\":{\"@id\":\"https:\\\/\\\/www.mc-expatriation.com\\\/#\\\/schema\\\/logo\\\/image\\\/\"}}]}<\/script>\n<!-- \/ Yoast SEO Premium plugin. -->","yoast_head_json":{"title":"Concertaci\u00f3n de citas: conf\u00ede sus tareas de control horario a nuestra consejer\u00eda en Andorra","robots":{"index":"index","follow":"follow","max-snippet":"max-snippet:-1","max-image-preview":"max-image-preview:large","max-video-preview":"max-video-preview:-1"},"canonical":"https:\/\/www.mc-expatriation.com\/es\/gestoria\/conserje\/concertacion-citas\/","og_locale":"es_ES","og_type":"article","og_title":"Concertaci\u00f3n de citas: conf\u00ede sus tareas de control horario a nuestra consejer\u00eda en Andorra","og_description":"Nuestro servicio de conserjer\u00eda trabaja para ayudarle en su vida diaria. Podemos hacerle la vida m\u00e1s f\u00e1cil, liber\u00e1ndole de tareas redundantes que le consumen mucho tiempo, como concertar citas. Puede tratarse de una cita con el m\u00e9dico, el dentista, el peluquero, el taller, etc. Tambi\u00e9n podr\u00eda tratarse de una cita de ocio, como un balneario, [&hellip;]","og_url":"https:\/\/www.mc-expatriation.com\/es\/gestoria\/conserje\/concertacion-citas\/","og_site_name":"MC Expatriation","article_modified_time":"2023-11-20T07:27:52+00:00","og_image":[{"width":1600,"height":630,"url":"https:\/\/www.mc-expatriation.com\/wp-content\/uploads\/2023\/02\/gestion-agenda.jpg","type":"image\/jpeg"}],"twitter_card":"summary_large_image","twitter_misc":{"Tiempo de lectura":"2 minutos"},"schema":{"@context":"https:\/\/schema.org","@graph":[{"@type":"WebPage","@id":"https:\/\/www.mc-expatriation.com\/es\/gestoria\/conserje\/concertacion-citas\/","url":"https:\/\/www.mc-expatriation.com\/es\/gestoria\/conserje\/concertacion-citas\/","name":"Concertaci\u00f3n de citas: conf\u00ede sus tareas de control horario a nuestra consejer\u00eda en Andorra","isPartOf":{"@id":"https:\/\/www.mc-expatriation.com\/#website"},"primaryImageOfPage":{"@id":"https:\/\/www.mc-expatriation.com\/es\/gestoria\/conserje\/concertacion-citas\/#primaryimage"},"image":{"@id":"https:\/\/www.mc-expatriation.com\/es\/gestoria\/conserje\/concertacion-citas\/#primaryimage"},"thumbnailUrl":"https:\/\/www.mc-expatriation.com\/wp-content\/uploads\/2023\/02\/gestion-agenda.jpg","datePublished":"2022-11-04T12:46:55+00:00","dateModified":"2023-11-20T07:27:52+00:00","breadcrumb":{"@id":"https:\/\/www.mc-expatriation.com\/es\/gestoria\/conserje\/concertacion-citas\/#breadcrumb"},"inLanguage":"es","potentialAction":[{"@type":"ReadAction","target":["https:\/\/www.mc-expatriation.com\/es\/gestoria\/conserje\/concertacion-citas\/"]}]},{"@type":"ImageObject","inLanguage":"es","@id":"https:\/\/www.mc-expatriation.com\/es\/gestoria\/conserje\/concertacion-citas\/#primaryimage","url":"https:\/\/www.mc-expatriation.com\/wp-content\/uploads\/2023\/02\/gestion-agenda.jpg","contentUrl":"https:\/\/www.mc-expatriation.com\/wp-content\/uploads\/2023\/02\/gestion-agenda.jpg","width":1600,"height":630,"caption":"gestion rdv"},{"@type":"BreadcrumbList","@id":"https:\/\/www.mc-expatriation.com\/es\/gestoria\/conserje\/concertacion-citas\/#breadcrumb","itemListElement":[{"@type":"ListItem","position":1,"name":"Home","item":"https:\/\/www.mc-expatriation.com\/es\/"},{"@type":"ListItem","position":2,"name":"Gestor\u00eda Andorra, su consultor\u00eda de asistencia a la expatriaci\u00f3n","item":"https:\/\/www.mc-expatriation.com\/es\/gestoria\/"},{"@type":"ListItem","position":3,"name":"Benef\u00edciese de un servicio de conserjer\u00eda a medida para gestionar mejor su vida diaria en Andorra","item":"https:\/\/www.mc-expatriation.com\/es\/gestoria\/conserje\/"},{"@type":"ListItem","position":4,"name":"Concertaci\u00f3n de citas: conf\u00ede sus tareas de control horario a nuestra consejer\u00eda en Andorra"}]},{"@type":"WebSite","@id":"https:\/\/www.mc-expatriation.com\/#website","url":"https:\/\/www.mc-expatriation.com\/","name":"MC Expatriation","description":"","publisher":{"@id":"https:\/\/www.mc-expatriation.com\/#organization"},"potentialAction":[{"@type":"SearchAction","target":{"@type":"EntryPoint","urlTemplate":"https:\/\/www.mc-expatriation.com\/?s={search_term_string}"},"query-input":{"@type":"PropertyValueSpecification","valueRequired":true,"valueName":"search_term_string"}}],"inLanguage":"es"},{"@type":"Organization","@id":"https:\/\/www.mc-expatriation.com\/#organization","name":"MC Expatriation","url":"https:\/\/www.mc-expatriation.com\/","logo":{"@type":"ImageObject","inLanguage":"es","@id":"https:\/\/www.mc-expatriation.com\/#\/schema\/logo\/image\/","url":"https:\/\/www.mc-expatriation.com\/wp-content\/uploads\/2022\/10\/logo.svg","contentUrl":"https:\/\/www.mc-expatriation.com\/wp-content\/uploads\/2022\/10\/logo.svg","caption":"MC Expatriation"},"image":{"@id":"https:\/\/www.mc-expatriation.com\/#\/schema\/logo\/image\/"}}]}},"_links":{"self":[{"href":"https:\/\/www.mc-expatriation.com\/es\/wp-json\/wp\/v2\/pages\/2768","targetHints":{"allow":["GET"]}}],"collection":[{"href":"https:\/\/www.mc-expatriation.com\/es\/wp-json\/wp\/v2\/pages"}],"about":[{"href":"https:\/\/www.mc-expatriation.com\/es\/wp-json\/wp\/v2\/types\/page"}],"author":[{"embeddable":true,"href":"https:\/\/www.mc-expatriation.com\/es\/wp-json\/wp\/v2\/users\/1"}],"replies":[{"embeddable":true,"href":"https:\/\/www.mc-expatriation.com\/es\/wp-json\/wp\/v2\/comments?post=2768"}],"version-history":[{"count":4,"href":"https:\/\/www.mc-expatriation.com\/es\/wp-json\/wp\/v2\/pages\/2768\/revisions"}],"predecessor-version":[{"id":5398,"href":"https:\/\/www.mc-expatriation.com\/es\/wp-json\/wp\/v2\/pages\/2768\/revisions\/5398"}],"up":[{"embeddable":true,"href":"https:\/\/www.mc-expatriation.com\/es\/wp-json\/wp\/v2\/pages\/4069"}],"wp:featuredmedia":[{"embeddable":true,"href":"https:\/\/www.mc-expatriation.com\/es\/wp-json\/wp\/v2\/media\/2690"}],"wp:attachment":[{"href":"https:\/\/www.mc-expatriation.com\/es\/wp-json\/wp\/v2\/media?parent=2768"}],"curies":[{"name":"wp","href":"https:\/\/api.w.org\/{rel}","templated":true}]}}