{"id":2776,"date":"2022-11-04T12:47:32","date_gmt":"2022-11-04T12:47:32","guid":{"rendered":"https:\/\/www.mc-expatriation.com\/organsation-activite\/"},"modified":"2023-11-20T07:08:12","modified_gmt":"2023-11-20T07:08:12","slug":"organizacion-actividades","status":"publish","type":"page","link":"https:\/\/www.mc-expatriation.com\/es\/gestoria\/conserje\/organizacion-actividades\/","title":{"rendered":"Organice sus actividades y alquileres de vacaciones con nuestro servicio de conserjer\u00eda en Andorra"},"content":{"rendered":"\n<p><strong>Los cometidos de nuestra oficina de apoyo a la expatriaci\u00f3n en Andorra no se limitan a los tr\u00e1mites administrativos. Tambi\u00e9n podemos ayudarle a organizar actividades, como vacaciones familiares y viajes. En efecto, a los expatriados no les resulta f\u00e1cil organizar actividades vacacionales en este pa\u00eds de los Pirineos donde la lengua oficial es el catal\u00e1n.<\/strong><\/p>\n\n\n\n<h2 class=\"wp-block-heading\">Planifique sus vacaciones y viajes con toda tranquilidad&nbsp;<\/h2>\n\n\n\n<p>Organizar un viaje o unas vacaciones requiere realizar una serie de gestiones. Hay que encontrar un destino, elegir y reservar un medio de transporte, dise\u00f1ar un itinerario de viaje o buscar alojamiento: todos estos son detalles que deben planificarse. Es comprensible que no tenga tiempo para organizarlo todo, dados sus compromisos profesionales.&nbsp;<\/p>\n\n\n\n<p>Como reci\u00e9n expatriado, puede que tambi\u00e9n le resulte dif\u00edcil orientarse en Andorra la Vella o en otras parroquias, por lo que es posible que agradezca alguna ayuda amable. En tal caso, estaremos all\u00ed, con nuestros servicios de conserjer\u00eda, para ayudarle, ya sea a tratar con las autoridades o a organizar su propio programa de ocio vacacional.<\/p>\n\n\n\n<div class=\"wp-block-media-text alignwide is-stacked-on-mobile\"><figure class=\"wp-block-media-text__media\"><img loading=\"lazy\" decoding=\"async\" width=\"550\" height=\"550\" src=\"https:\/\/www.mc-expatriation.com\/wp-content\/uploads\/2023\/02\/activite-andorre.jpg\" alt=\"Activit\u00e9 en Andorre\" class=\"wp-image-2698 size-full\" srcset=\"https:\/\/www.mc-expatriation.com\/wp-content\/uploads\/2023\/02\/activite-andorre.jpg 550w, https:\/\/www.mc-expatriation.com\/wp-content\/uploads\/2023\/02\/activite-andorre-300x300.jpg 300w, https:\/\/www.mc-expatriation.com\/wp-content\/uploads\/2023\/02\/activite-andorre-150x150.jpg 150w, https:\/\/www.mc-expatriation.com\/wp-content\/uploads\/2023\/02\/activite-andorre-236x236.jpg 236w\" sizes=\"auto, (max-width: 550px) 100vw, 550px\" \/><\/figure><div class=\"wp-block-media-text__content\">\n<p>Cree momentos id\u00edlicos con una buena organizaci\u00f3n de sus actividades en el Principado&nbsp;<\/p>\n\n\n\n<p>Fotos, videoconferencias o llamadas telef\u00f3nicas, la tecnolog\u00eda facilita la comunicaci\u00f3n con familiares y amigos que est\u00e1n lejos. Pero a veces no basta con esto. Muchos expatriados traen a su familia al pa\u00eds de acogida para una breve estancia o para pasar las vacaciones. Si este es su plan, nuestro servicio de conserjer\u00eda est\u00e1 a su disposici\u00f3n para ayudarle.&nbsp;<\/p>\n\n\n\n<p>Entre otras cosas, podemos ayudarle a encontrar alojamiento o un alquiler de temporada para acoger a sus seres queridos. Una vez que hayan llegado al pa\u00eds, es posible que tambi\u00e9n hagan algunas actividades juntos. Estamos a su disposici\u00f3n para satisfacer todas sus expectativas<\/p>\n<\/div><\/div>\n","protected":false},"excerpt":{"rendered":"<p>Los cometidos de nuestra oficina de apoyo a la expatriaci\u00f3n en Andorra no se limitan a los tr\u00e1mites administrativos. Tambi\u00e9n podemos ayudarle a organizar actividades, como vacaciones familiares y viajes. En efecto, a los expatriados no les resulta f\u00e1cil organizar actividades vacacionales en este pa\u00eds de los Pirineos donde la lengua oficial es el catal\u00e1n. [&hellip;]<\/p>\n","protected":false},"author":1,"featured_media":2697,"parent":4069,"menu_order":0,"comment_status":"closed","ping_status":"closed","template":"niveau-3.php","meta":{"_acf_changed":false,"footnotes":""},"class_list":["post-2776","page","type-page","status-publish","has-post-thumbnail","hentry"],"acf":[],"yoast_head":"<!-- This site is optimized with the Yoast SEO Premium plugin v25.8 (Yoast SEO v27.3) - https:\/\/yoast.com\/product\/yoast-seo-premium-wordpress\/ -->\n<title>Organice sus actividades y alquileres de vacaciones con nuestro servicio de conserjer\u00eda en Andorra<\/title>\n<meta name=\"robots\" content=\"index, follow, max-snippet:-1, max-image-preview:large, max-video-preview:-1\" \/>\n<link rel=\"canonical\" href=\"https:\/\/www.mc-expatriation.com\/es\/gestoria\/conserje\/organizacion-actividades\/\" \/>\n<meta property=\"og:locale\" content=\"es_ES\" \/>\n<meta property=\"og:type\" content=\"article\" \/>\n<meta property=\"og:title\" content=\"Organice sus actividades y alquileres de vacaciones con nuestro servicio de conserjer\u00eda en Andorra\" \/>\n<meta property=\"og:description\" content=\"Los cometidos de nuestra oficina de apoyo a la expatriaci\u00f3n en Andorra no se limitan a los tr\u00e1mites administrativos. Tambi\u00e9n podemos ayudarle a organizar actividades, como vacaciones familiares y viajes. En efecto, a los expatriados no les resulta f\u00e1cil organizar actividades vacacionales en este pa\u00eds de los Pirineos donde la lengua oficial es el catal\u00e1n. [&hellip;]\" \/>\n<meta property=\"og:url\" content=\"https:\/\/www.mc-expatriation.com\/es\/gestoria\/conserje\/organizacion-actividades\/\" \/>\n<meta property=\"og:site_name\" content=\"MC Expatriation\" \/>\n<meta property=\"article:modified_time\" content=\"2023-11-20T07:08:12+00:00\" \/>\n<meta property=\"og:image\" content=\"https:\/\/www.mc-expatriation.com\/wp-content\/uploads\/2023\/02\/location-saisonniere.jpg\" \/>\n\t<meta property=\"og:image:width\" content=\"1600\" \/>\n\t<meta property=\"og:image:height\" content=\"630\" \/>\n\t<meta property=\"og:image:type\" content=\"image\/jpeg\" \/>\n<meta name=\"twitter:card\" content=\"summary_large_image\" \/>\n<meta name=\"twitter:label1\" content=\"Tiempo de lectura\" \/>\n\t<meta name=\"twitter:data1\" content=\"2 minutos\" \/>\n<script type=\"application\/ld+json\" class=\"yoast-schema-graph\">{\"@context\":\"https:\\\/\\\/schema.org\",\"@graph\":[{\"@type\":\"WebPage\",\"@id\":\"https:\\\/\\\/www.mc-expatriation.com\\\/es\\\/gestoria\\\/conserje\\\/organizacion-actividades\\\/\",\"url\":\"https:\\\/\\\/www.mc-expatriation.com\\\/es\\\/gestoria\\\/conserje\\\/organizacion-actividades\\\/\",\"name\":\"Organice sus actividades y alquileres de vacaciones con nuestro servicio de conserjer\u00eda en Andorra\",\"isPartOf\":{\"@id\":\"https:\\\/\\\/www.mc-expatriation.com\\\/#website\"},\"primaryImageOfPage\":{\"@id\":\"https:\\\/\\\/www.mc-expatriation.com\\\/es\\\/gestoria\\\/conserje\\\/organizacion-actividades\\\/#primaryimage\"},\"image\":{\"@id\":\"https:\\\/\\\/www.mc-expatriation.com\\\/es\\\/gestoria\\\/conserje\\\/organizacion-actividades\\\/#primaryimage\"},\"thumbnailUrl\":\"https:\\\/\\\/www.mc-expatriation.com\\\/wp-content\\\/uploads\\\/2023\\\/02\\\/location-saisonniere.jpg\",\"datePublished\":\"2022-11-04T12:47:32+00:00\",\"dateModified\":\"2023-11-20T07:08:12+00:00\",\"breadcrumb\":{\"@id\":\"https:\\\/\\\/www.mc-expatriation.com\\\/es\\\/gestoria\\\/conserje\\\/organizacion-actividades\\\/#breadcrumb\"},\"inLanguage\":\"es\",\"potentialAction\":[{\"@type\":\"ReadAction\",\"target\":[\"https:\\\/\\\/www.mc-expatriation.com\\\/es\\\/gestoria\\\/conserje\\\/organizacion-actividades\\\/\"]}]},{\"@type\":\"ImageObject\",\"inLanguage\":\"es\",\"@id\":\"https:\\\/\\\/www.mc-expatriation.com\\\/es\\\/gestoria\\\/conserje\\\/organizacion-actividades\\\/#primaryimage\",\"url\":\"https:\\\/\\\/www.mc-expatriation.com\\\/wp-content\\\/uploads\\\/2023\\\/02\\\/location-saisonniere.jpg\",\"contentUrl\":\"https:\\\/\\\/www.mc-expatriation.com\\\/wp-content\\\/uploads\\\/2023\\\/02\\\/location-saisonniere.jpg\",\"width\":1600,\"height\":630},{\"@type\":\"BreadcrumbList\",\"@id\":\"https:\\\/\\\/www.mc-expatriation.com\\\/es\\\/gestoria\\\/conserje\\\/organizacion-actividades\\\/#breadcrumb\",\"itemListElement\":[{\"@type\":\"ListItem\",\"position\":1,\"name\":\"Home\",\"item\":\"https:\\\/\\\/www.mc-expatriation.com\\\/es\\\/\"},{\"@type\":\"ListItem\",\"position\":2,\"name\":\"Gestor\u00eda Andorra, su consultor\u00eda de asistencia a la expatriaci\u00f3n\",\"item\":\"https:\\\/\\\/www.mc-expatriation.com\\\/es\\\/gestoria\\\/\"},{\"@type\":\"ListItem\",\"position\":3,\"name\":\"Benef\u00edciese de un servicio de conserjer\u00eda a medida para gestionar mejor su vida diaria en Andorra\",\"item\":\"https:\\\/\\\/www.mc-expatriation.com\\\/es\\\/gestoria\\\/conserje\\\/\"},{\"@type\":\"ListItem\",\"position\":4,\"name\":\"Organice sus actividades y alquileres de vacaciones con nuestro servicio de conserjer\u00eda en Andorra\"}]},{\"@type\":\"WebSite\",\"@id\":\"https:\\\/\\\/www.mc-expatriation.com\\\/#website\",\"url\":\"https:\\\/\\\/www.mc-expatriation.com\\\/\",\"name\":\"MC Expatriation\",\"description\":\"\",\"publisher\":{\"@id\":\"https:\\\/\\\/www.mc-expatriation.com\\\/#organization\"},\"potentialAction\":[{\"@type\":\"SearchAction\",\"target\":{\"@type\":\"EntryPoint\",\"urlTemplate\":\"https:\\\/\\\/www.mc-expatriation.com\\\/?s={search_term_string}\"},\"query-input\":{\"@type\":\"PropertyValueSpecification\",\"valueRequired\":true,\"valueName\":\"search_term_string\"}}],\"inLanguage\":\"es\"},{\"@type\":\"Organization\",\"@id\":\"https:\\\/\\\/www.mc-expatriation.com\\\/#organization\",\"name\":\"MC Expatriation\",\"url\":\"https:\\\/\\\/www.mc-expatriation.com\\\/\",\"logo\":{\"@type\":\"ImageObject\",\"inLanguage\":\"es\",\"@id\":\"https:\\\/\\\/www.mc-expatriation.com\\\/#\\\/schema\\\/logo\\\/image\\\/\",\"url\":\"https:\\\/\\\/www.mc-expatriation.com\\\/wp-content\\\/uploads\\\/2022\\\/10\\\/logo.svg\",\"contentUrl\":\"https:\\\/\\\/www.mc-expatriation.com\\\/wp-content\\\/uploads\\\/2022\\\/10\\\/logo.svg\",\"caption\":\"MC Expatriation\"},\"image\":{\"@id\":\"https:\\\/\\\/www.mc-expatriation.com\\\/#\\\/schema\\\/logo\\\/image\\\/\"}}]}<\/script>\n<!-- \/ Yoast SEO Premium plugin. -->","yoast_head_json":{"title":"Organice sus actividades y alquileres de vacaciones con nuestro servicio de conserjer\u00eda en Andorra","robots":{"index":"index","follow":"follow","max-snippet":"max-snippet:-1","max-image-preview":"max-image-preview:large","max-video-preview":"max-video-preview:-1"},"canonical":"https:\/\/www.mc-expatriation.com\/es\/gestoria\/conserje\/organizacion-actividades\/","og_locale":"es_ES","og_type":"article","og_title":"Organice sus actividades y alquileres de vacaciones con nuestro servicio de conserjer\u00eda en Andorra","og_description":"Los cometidos de nuestra oficina de apoyo a la expatriaci\u00f3n en Andorra no se limitan a los tr\u00e1mites administrativos. Tambi\u00e9n podemos ayudarle a organizar actividades, como vacaciones familiares y viajes. En efecto, a los expatriados no les resulta f\u00e1cil organizar actividades vacacionales en este pa\u00eds de los Pirineos donde la lengua oficial es el catal\u00e1n. [&hellip;]","og_url":"https:\/\/www.mc-expatriation.com\/es\/gestoria\/conserje\/organizacion-actividades\/","og_site_name":"MC Expatriation","article_modified_time":"2023-11-20T07:08:12+00:00","og_image":[{"width":1600,"height":630,"url":"https:\/\/www.mc-expatriation.com\/wp-content\/uploads\/2023\/02\/location-saisonniere.jpg","type":"image\/jpeg"}],"twitter_card":"summary_large_image","twitter_misc":{"Tiempo de lectura":"2 minutos"},"schema":{"@context":"https:\/\/schema.org","@graph":[{"@type":"WebPage","@id":"https:\/\/www.mc-expatriation.com\/es\/gestoria\/conserje\/organizacion-actividades\/","url":"https:\/\/www.mc-expatriation.com\/es\/gestoria\/conserje\/organizacion-actividades\/","name":"Organice sus actividades y alquileres de vacaciones con nuestro servicio de conserjer\u00eda en Andorra","isPartOf":{"@id":"https:\/\/www.mc-expatriation.com\/#website"},"primaryImageOfPage":{"@id":"https:\/\/www.mc-expatriation.com\/es\/gestoria\/conserje\/organizacion-actividades\/#primaryimage"},"image":{"@id":"https:\/\/www.mc-expatriation.com\/es\/gestoria\/conserje\/organizacion-actividades\/#primaryimage"},"thumbnailUrl":"https:\/\/www.mc-expatriation.com\/wp-content\/uploads\/2023\/02\/location-saisonniere.jpg","datePublished":"2022-11-04T12:47:32+00:00","dateModified":"2023-11-20T07:08:12+00:00","breadcrumb":{"@id":"https:\/\/www.mc-expatriation.com\/es\/gestoria\/conserje\/organizacion-actividades\/#breadcrumb"},"inLanguage":"es","potentialAction":[{"@type":"ReadAction","target":["https:\/\/www.mc-expatriation.com\/es\/gestoria\/conserje\/organizacion-actividades\/"]}]},{"@type":"ImageObject","inLanguage":"es","@id":"https:\/\/www.mc-expatriation.com\/es\/gestoria\/conserje\/organizacion-actividades\/#primaryimage","url":"https:\/\/www.mc-expatriation.com\/wp-content\/uploads\/2023\/02\/location-saisonniere.jpg","contentUrl":"https:\/\/www.mc-expatriation.com\/wp-content\/uploads\/2023\/02\/location-saisonniere.jpg","width":1600,"height":630},{"@type":"BreadcrumbList","@id":"https:\/\/www.mc-expatriation.com\/es\/gestoria\/conserje\/organizacion-actividades\/#breadcrumb","itemListElement":[{"@type":"ListItem","position":1,"name":"Home","item":"https:\/\/www.mc-expatriation.com\/es\/"},{"@type":"ListItem","position":2,"name":"Gestor\u00eda Andorra, su consultor\u00eda de asistencia a la expatriaci\u00f3n","item":"https:\/\/www.mc-expatriation.com\/es\/gestoria\/"},{"@type":"ListItem","position":3,"name":"Benef\u00edciese de un servicio de conserjer\u00eda a medida para gestionar mejor su vida diaria en Andorra","item":"https:\/\/www.mc-expatriation.com\/es\/gestoria\/conserje\/"},{"@type":"ListItem","position":4,"name":"Organice sus actividades y alquileres de vacaciones con nuestro servicio de conserjer\u00eda en Andorra"}]},{"@type":"WebSite","@id":"https:\/\/www.mc-expatriation.com\/#website","url":"https:\/\/www.mc-expatriation.com\/","name":"MC Expatriation","description":"","publisher":{"@id":"https:\/\/www.mc-expatriation.com\/#organization"},"potentialAction":[{"@type":"SearchAction","target":{"@type":"EntryPoint","urlTemplate":"https:\/\/www.mc-expatriation.com\/?s={search_term_string}"},"query-input":{"@type":"PropertyValueSpecification","valueRequired":true,"valueName":"search_term_string"}}],"inLanguage":"es"},{"@type":"Organization","@id":"https:\/\/www.mc-expatriation.com\/#organization","name":"MC Expatriation","url":"https:\/\/www.mc-expatriation.com\/","logo":{"@type":"ImageObject","inLanguage":"es","@id":"https:\/\/www.mc-expatriation.com\/#\/schema\/logo\/image\/","url":"https:\/\/www.mc-expatriation.com\/wp-content\/uploads\/2022\/10\/logo.svg","contentUrl":"https:\/\/www.mc-expatriation.com\/wp-content\/uploads\/2022\/10\/logo.svg","caption":"MC Expatriation"},"image":{"@id":"https:\/\/www.mc-expatriation.com\/#\/schema\/logo\/image\/"}}]}},"_links":{"self":[{"href":"https:\/\/www.mc-expatriation.com\/es\/wp-json\/wp\/v2\/pages\/2776","targetHints":{"allow":["GET"]}}],"collection":[{"href":"https:\/\/www.mc-expatriation.com\/es\/wp-json\/wp\/v2\/pages"}],"about":[{"href":"https:\/\/www.mc-expatriation.com\/es\/wp-json\/wp\/v2\/types\/page"}],"author":[{"embeddable":true,"href":"https:\/\/www.mc-expatriation.com\/es\/wp-json\/wp\/v2\/users\/1"}],"replies":[{"embeddable":true,"href":"https:\/\/www.mc-expatriation.com\/es\/wp-json\/wp\/v2\/comments?post=2776"}],"version-history":[{"count":5,"href":"https:\/\/www.mc-expatriation.com\/es\/wp-json\/wp\/v2\/pages\/2776\/revisions"}],"predecessor-version":[{"id":5392,"href":"https:\/\/www.mc-expatriation.com\/es\/wp-json\/wp\/v2\/pages\/2776\/revisions\/5392"}],"up":[{"embeddable":true,"href":"https:\/\/www.mc-expatriation.com\/es\/wp-json\/wp\/v2\/pages\/4069"}],"wp:featuredmedia":[{"embeddable":true,"href":"https:\/\/www.mc-expatriation.com\/es\/wp-json\/wp\/v2\/media\/2697"}],"wp:attachment":[{"href":"https:\/\/www.mc-expatriation.com\/es\/wp-json\/wp\/v2\/media?parent=2776"}],"curies":[{"name":"wp","href":"https:\/\/api.w.org\/{rel}","templated":true}]}}