{"id":2926,"date":"2023-03-01T13:40:50","date_gmt":"2023-03-01T13:40:50","guid":{"rendered":"https:\/\/www.mc-expatriation.com\/?page_id=2926"},"modified":"2023-03-22T07:52:59","modified_gmt":"2023-03-22T07:52:59","slug":"creacion-residencia","status":"publish","type":"page","link":"https:\/\/www.mc-expatriation.com\/es\/gestoria\/creacion-residencia\/","title":{"rendered":"Crear una residencia en Andorra, condiciones e informaci\u00f3n necesaria\u00a0"},"content":{"rendered":"\n<p>Los distintos tipos de residencia en el Principado de Andorra&nbsp;<\/p>\n\n\n\n<p>Todos aquellos que deseen expatriarse al Principado, tienen dos alternativas. Pueden hacerse residentes activos o pasivos.&nbsp;<\/p>\n\n\n\n<h3 class=\"wp-block-heading\">La residencia activa&nbsp;<\/h3>\n\n\n\n<p>La residencia activa est\u00e1 destinada a todas aquellas personas que tengan un permiso de inmigraci\u00f3n para ejercer una actividad profesional en el pa\u00eds. Por este motivo, este estatus tambi\u00e9n se denomina residencia laboral. Tanto los empleados como los emprendedores que deseen trabajar en Andorra deben tener la residencia activa.<\/p>\n\n\n\n<p>Los accionistas o los extranjeros que deseen hacerse cargo de una empresa en Andorra pueden obtener la residencia activa. No obstante, para ser elegibles, deben poseer al menos el 20% del capital de la empresa en cuesti\u00f3n. Para lograrlo, necesitar\u00e1n un permiso de trabajo.<\/p>\n\n\n\n<p>El permiso de residencia activo se obtiene por un per\u00edodo de un a\u00f1o durante el primer a\u00f1o, con per\u00edodos de renovaci\u00f3n posteriores, que dependen principalmente de la nacionalidad del interesado. Pueden beneficiarse de dos periodos de renovaci\u00f3n consecutivos si son, entre otros, franceses, espa\u00f1oles o portugueses. Pasados estos periodos, las renovaciones tienen validez durante un periodo de diez a\u00f1os. Pero un belga o un suizo, por ejemplo, tendr\u00e1n que pasar por m\u00e1s renovaciones.&nbsp; La solicitud de residencia activa conlleva muchos tr\u00e1mites, y despu\u00e9s de estos periodos, las renovaciones son por un periodo de diez a\u00f1os. Sin embargo, un belga o un suizo tendr\u00e1n que pasar por m\u00e1s renovaciones.&nbsp;&nbsp;<\/p>\n\n\n\n<p>La solicitud de residencia activa obliga a hacer bastantes tr\u00e1mites administrativos. Por esta raz\u00f3n, el apoyo de una Gestor\u00eda le permitir\u00e1 optimizar los procedimientos y ahorrar mucho tiempo.&nbsp;<\/p>\n\n\n\n<h3 class=\"wp-block-heading\">La residencia pasiva&nbsp;<\/h3>\n\n\n\n<p>Cuando un extranjero desea establecerse en el Principado de Andorra sin un permiso de trabajo, la opci\u00f3n a considerar es la residencia pasiva. Puede hacerlo como jubilado o como inversor. Puede tratarse de una persona que desea alquilar una propiedad all\u00ed, que tiene fondos o intereses bancarios, que recibe una pensi\u00f3n, etc.&nbsp;<\/p>\n\n\n\n<p>En resumen, se trata de una residencia en la que el interesado no puede tener una actividad econ\u00f3mica empresarial.<\/p>\n\n\n\n<figure class=\"wp-block-image size-large\"><img loading=\"lazy\" decoding=\"async\" width=\"1024\" height=\"403\" src=\"https:\/\/www.mc-expatriation.com\/wp-content\/uploads\/2023\/03\/andorre-residents-1024x403.jpg\" alt=\"\" class=\"wp-image-2908\" srcset=\"https:\/\/www.mc-expatriation.com\/wp-content\/uploads\/2023\/03\/andorre-residents-1024x403.jpg 1024w, https:\/\/www.mc-expatriation.com\/wp-content\/uploads\/2023\/03\/andorre-residents-300x118.jpg 300w, https:\/\/www.mc-expatriation.com\/wp-content\/uploads\/2023\/03\/andorre-residents-768x302.jpg 768w, https:\/\/www.mc-expatriation.com\/wp-content\/uploads\/2023\/03\/andorre-residents-1536x605.jpg 1536w, https:\/\/www.mc-expatriation.com\/wp-content\/uploads\/2023\/03\/andorre-residents.jpg 1600w\" sizes=\"auto, (max-width: 1024px) 100vw, 1024px\" \/><\/figure>\n\n\n\n<p>Creaci\u00f3n de una residencia, las condiciones esenciales para instalarse en Andorra&nbsp;<\/p>\n\n\n\n<p>Los procedimientos y condiciones para crear una residencia en Andorra son distintos para un residente activo y un residente pasivo.&nbsp;<\/p>\n\n\n\n<p>Para poder optar a la residencia activa, es necesario, entre otras cosas:&nbsp;<\/p>\n\n\n\n<ul class=\"wp-block-list\">\n<li>Residir de forma permanente en el Principado durante un m\u00ednimo de 183 d\u00edas al a\u00f1o, sin incluir las vacaciones ni los viajes de negocios,&nbsp;<\/li>\n\n\n\n<li>Poseer al menos el 20% de las acciones de una empresa y\/o ser director de la misma,&nbsp;<\/li>\n\n\n\n<li>Inscribirse en la CASS, el sistema de seguridad social andorrano,&nbsp;<\/li>\n\n\n\n<li>Presentar un certificado de antecedentes penales limpio (sin blanqueo de dinero ni otros delitos financieros),&nbsp;<\/li>\n\n\n\n<li>Pagar una fianza de 15.000 euros a la AFA,&nbsp;<\/li>\n\n\n\n<li>Tener una vivienda en Andorra, tanto si es comprada como alquilada,&nbsp;<\/li>\n\n\n\n<li>En el caso de los creadores de la empresa, depositar un capital social de aproximadamente 3.000 euros en un banco andorrano.&nbsp;<\/li>\n<\/ul>\n\n\n\n<p>Creaci\u00f3n de una residencia, las condiciones esenciales para instalarse en Andorra&nbsp;<\/p>\n\n\n\n<p>Los procedimientos y condiciones para crear una residencia en Andorra son distintos para un residente activo y un residente pasivo.&nbsp;<\/p>\n\n\n\n<p>Para poder optar a la residencia activa, es necesario, entre otras cosas:&nbsp;<\/p>\n\n\n\n<ul class=\"wp-block-list\">\n<li>Residir de forma permanente en el Principado durante un m\u00ednimo de 183 d\u00edas al a\u00f1o, sin incluir las vacaciones ni los viajes de negocios,&nbsp;<\/li>\n\n\n\n<li>Poseer al menos el 20% de las acciones de una empresa y\/o ser director de la misma,&nbsp;<\/li>\n\n\n\n<li>Inscribirse en la CASS, el sistema de seguridad social andorrano,&nbsp;<\/li>\n\n\n\n<li>Presentar un certificado de antecedentes penales limpio (sin blanqueo de dinero ni otros delitos financieros),&nbsp;<\/li>\n\n\n\n<li>Pagar una fianza de 15.000 euros a la AFA,&nbsp;<\/li>\n\n\n\n<li>Tener una vivienda en Andorra, tanto si es comprada como alquilada,&nbsp;<\/li>\n\n\n\n<li>En el caso de los creadores de la empresa, depositar un capital social de aproximadamente 3.000 euros en un banco andorrano.&nbsp;<\/li>\n<\/ul>\n\n\n\n<p>Por lo que respecta a la residencia pasiva, estas son algunas de las condiciones que deben cumplirse para obtenerla:&nbsp;<\/p>\n\n\n\n<ul class=\"wp-block-list\">\n<li>Establecer su residencia principal en Andorra durante al menos 90 d\u00edas en un a\u00f1o natural,&nbsp;<\/li>\n\n\n\n<li>Hacer una inversi\u00f3n de un importe m\u00ednimo de al menos 350.000 euros, m\u00e1s un dep\u00f3sito de 47.500 euros que se abonar\u00e1 a la Autoridad Financiera Andorrana o AFA,&nbsp;<\/li>\n\n\n\n<li>Contratar un seguro m\u00e9dico internacional,&nbsp;<\/li>\n\n\n\n<li>Demostrar la ausencia de antecedentes penales,&nbsp;<\/li>\n\n\n\n<li>Presentar un certificado m\u00e9dico expedido por el servicio m\u00e9dico de inmigraci\u00f3n,&nbsp;<\/li>\n\n\n\n<li>Tener un certificado bancario que mencione el dep\u00f3sito de 47.500 euros y 9.500 euros m\u00e1s por cada miembro de la familia que tenga a su cargo,&nbsp;<\/li>\n\n\n\n<li>Aportar una prueba de ingresos que debe ser 300 veces el salario m\u00ednimo del Principado<\/li>\n<\/ul>\n","protected":false},"excerpt":{"rendered":"<p>Los distintos tipos de residencia en el Principado de Andorra&nbsp; Todos aquellos que deseen expatriarse al Principado, tienen dos alternativas. Pueden hacerse residentes activos o pasivos.&nbsp; La residencia activa&nbsp; La residencia activa est\u00e1 destinada a todas aquellas personas que tengan un permiso de inmigraci\u00f3n para ejercer una actividad profesional en el pa\u00eds. Por este motivo, [&hellip;]<\/p>\n","protected":false},"author":1,"featured_media":2919,"parent":1741,"menu_order":0,"comment_status":"closed","ping_status":"closed","template":"niveau-2.php","meta":{"_acf_changed":false,"footnotes":""},"class_list":["post-2926","page","type-page","status-publish","has-post-thumbnail","hentry"],"acf":[],"yoast_head":"<!-- This site is optimized with the Yoast SEO Premium plugin v25.8 (Yoast SEO v27.3) - https:\/\/yoast.com\/product\/yoast-seo-premium-wordpress\/ -->\n<title>Crear una residencia en Andorra, condiciones e informaci\u00f3n necesaria\u00a0<\/title>\n<meta name=\"robots\" content=\"index, follow, max-snippet:-1, max-image-preview:large, max-video-preview:-1\" \/>\n<link rel=\"canonical\" href=\"https:\/\/www.mc-expatriation.com\/es\/gestoria\/creacion-residencia\/\" \/>\n<meta property=\"og:locale\" content=\"es_ES\" \/>\n<meta property=\"og:type\" content=\"article\" \/>\n<meta property=\"og:title\" content=\"Crear una residencia en Andorra, condiciones e informaci\u00f3n necesaria\u00a0\" \/>\n<meta property=\"og:description\" content=\"Los distintos tipos de residencia en el Principado de Andorra&nbsp; Todos aquellos que deseen expatriarse al Principado, tienen dos alternativas. Pueden hacerse residentes activos o pasivos.&nbsp; La residencia activa&nbsp; La residencia activa est\u00e1 destinada a todas aquellas personas que tengan un permiso de inmigraci\u00f3n para ejercer una actividad profesional en el pa\u00eds. Por este motivo, [&hellip;]\" \/>\n<meta property=\"og:url\" content=\"https:\/\/www.mc-expatriation.com\/es\/gestoria\/creacion-residencia\/\" \/>\n<meta property=\"og:site_name\" content=\"MC Expatriation\" \/>\n<meta property=\"article:modified_time\" content=\"2023-03-22T07:52:59+00:00\" \/>\n<meta property=\"og:image\" content=\"https:\/\/www.mc-expatriation.com\/wp-content\/uploads\/2023\/03\/shutterstock_2260444251.jpg\" \/>\n\t<meta property=\"og:image:width\" content=\"1600\" \/>\n\t<meta property=\"og:image:height\" content=\"630\" \/>\n\t<meta property=\"og:image:type\" content=\"image\/jpeg\" \/>\n<meta name=\"twitter:card\" content=\"summary_large_image\" \/>\n<meta name=\"twitter:label1\" content=\"Tiempo de lectura\" \/>\n\t<meta name=\"twitter:data1\" content=\"5 minutos\" \/>\n<script type=\"application\/ld+json\" class=\"yoast-schema-graph\">{\"@context\":\"https:\\\/\\\/schema.org\",\"@graph\":[{\"@type\":\"WebPage\",\"@id\":\"https:\\\/\\\/www.mc-expatriation.com\\\/es\\\/gestoria\\\/creacion-residencia\\\/\",\"url\":\"https:\\\/\\\/www.mc-expatriation.com\\\/es\\\/gestoria\\\/creacion-residencia\\\/\",\"name\":\"Crear una residencia en Andorra, condiciones e informaci\u00f3n necesaria\u00a0\",\"isPartOf\":{\"@id\":\"https:\\\/\\\/www.mc-expatriation.com\\\/#website\"},\"primaryImageOfPage\":{\"@id\":\"https:\\\/\\\/www.mc-expatriation.com\\\/es\\\/gestoria\\\/creacion-residencia\\\/#primaryimage\"},\"image\":{\"@id\":\"https:\\\/\\\/www.mc-expatriation.com\\\/es\\\/gestoria\\\/creacion-residencia\\\/#primaryimage\"},\"thumbnailUrl\":\"https:\\\/\\\/www.mc-expatriation.com\\\/wp-content\\\/uploads\\\/2023\\\/03\\\/shutterstock_2260444251.jpg\",\"datePublished\":\"2023-03-01T13:40:50+00:00\",\"dateModified\":\"2023-03-22T07:52:59+00:00\",\"breadcrumb\":{\"@id\":\"https:\\\/\\\/www.mc-expatriation.com\\\/es\\\/gestoria\\\/creacion-residencia\\\/#breadcrumb\"},\"inLanguage\":\"es\",\"potentialAction\":[{\"@type\":\"ReadAction\",\"target\":[\"https:\\\/\\\/www.mc-expatriation.com\\\/es\\\/gestoria\\\/creacion-residencia\\\/\"]}]},{\"@type\":\"ImageObject\",\"inLanguage\":\"es\",\"@id\":\"https:\\\/\\\/www.mc-expatriation.com\\\/es\\\/gestoria\\\/creacion-residencia\\\/#primaryimage\",\"url\":\"https:\\\/\\\/www.mc-expatriation.com\\\/wp-content\\\/uploads\\\/2023\\\/03\\\/shutterstock_2260444251.jpg\",\"contentUrl\":\"https:\\\/\\\/www.mc-expatriation.com\\\/wp-content\\\/uploads\\\/2023\\\/03\\\/shutterstock_2260444251.jpg\",\"width\":1600,\"height\":630},{\"@type\":\"BreadcrumbList\",\"@id\":\"https:\\\/\\\/www.mc-expatriation.com\\\/es\\\/gestoria\\\/creacion-residencia\\\/#breadcrumb\",\"itemListElement\":[{\"@type\":\"ListItem\",\"position\":1,\"name\":\"Home\",\"item\":\"https:\\\/\\\/www.mc-expatriation.com\\\/es\\\/\"},{\"@type\":\"ListItem\",\"position\":2,\"name\":\"Gestor\u00eda Andorra, su consultor\u00eda de asistencia a la expatriaci\u00f3n\",\"item\":\"https:\\\/\\\/www.mc-expatriation.com\\\/es\\\/gestoria\\\/\"},{\"@type\":\"ListItem\",\"position\":3,\"name\":\"Crear una residencia en Andorra, condiciones e informaci\u00f3n necesaria\u00a0\"}]},{\"@type\":\"WebSite\",\"@id\":\"https:\\\/\\\/www.mc-expatriation.com\\\/#website\",\"url\":\"https:\\\/\\\/www.mc-expatriation.com\\\/\",\"name\":\"MC Expatriation\",\"description\":\"\",\"publisher\":{\"@id\":\"https:\\\/\\\/www.mc-expatriation.com\\\/#organization\"},\"potentialAction\":[{\"@type\":\"SearchAction\",\"target\":{\"@type\":\"EntryPoint\",\"urlTemplate\":\"https:\\\/\\\/www.mc-expatriation.com\\\/?s={search_term_string}\"},\"query-input\":{\"@type\":\"PropertyValueSpecification\",\"valueRequired\":true,\"valueName\":\"search_term_string\"}}],\"inLanguage\":\"es\"},{\"@type\":\"Organization\",\"@id\":\"https:\\\/\\\/www.mc-expatriation.com\\\/#organization\",\"name\":\"MC Expatriation\",\"url\":\"https:\\\/\\\/www.mc-expatriation.com\\\/\",\"logo\":{\"@type\":\"ImageObject\",\"inLanguage\":\"es\",\"@id\":\"https:\\\/\\\/www.mc-expatriation.com\\\/#\\\/schema\\\/logo\\\/image\\\/\",\"url\":\"https:\\\/\\\/www.mc-expatriation.com\\\/wp-content\\\/uploads\\\/2022\\\/10\\\/logo.svg\",\"contentUrl\":\"https:\\\/\\\/www.mc-expatriation.com\\\/wp-content\\\/uploads\\\/2022\\\/10\\\/logo.svg\",\"caption\":\"MC Expatriation\"},\"image\":{\"@id\":\"https:\\\/\\\/www.mc-expatriation.com\\\/#\\\/schema\\\/logo\\\/image\\\/\"}}]}<\/script>\n<!-- \/ Yoast SEO Premium plugin. -->","yoast_head_json":{"title":"Crear una residencia en Andorra, condiciones e informaci\u00f3n necesaria\u00a0","robots":{"index":"index","follow":"follow","max-snippet":"max-snippet:-1","max-image-preview":"max-image-preview:large","max-video-preview":"max-video-preview:-1"},"canonical":"https:\/\/www.mc-expatriation.com\/es\/gestoria\/creacion-residencia\/","og_locale":"es_ES","og_type":"article","og_title":"Crear una residencia en Andorra, condiciones e informaci\u00f3n necesaria\u00a0","og_description":"Los distintos tipos de residencia en el Principado de Andorra&nbsp; Todos aquellos que deseen expatriarse al Principado, tienen dos alternativas. Pueden hacerse residentes activos o pasivos.&nbsp; La residencia activa&nbsp; La residencia activa est\u00e1 destinada a todas aquellas personas que tengan un permiso de inmigraci\u00f3n para ejercer una actividad profesional en el pa\u00eds. Por este motivo, [&hellip;]","og_url":"https:\/\/www.mc-expatriation.com\/es\/gestoria\/creacion-residencia\/","og_site_name":"MC Expatriation","article_modified_time":"2023-03-22T07:52:59+00:00","og_image":[{"width":1600,"height":630,"url":"https:\/\/www.mc-expatriation.com\/wp-content\/uploads\/2023\/03\/shutterstock_2260444251.jpg","type":"image\/jpeg"}],"twitter_card":"summary_large_image","twitter_misc":{"Tiempo de lectura":"5 minutos"},"schema":{"@context":"https:\/\/schema.org","@graph":[{"@type":"WebPage","@id":"https:\/\/www.mc-expatriation.com\/es\/gestoria\/creacion-residencia\/","url":"https:\/\/www.mc-expatriation.com\/es\/gestoria\/creacion-residencia\/","name":"Crear una residencia en Andorra, condiciones e informaci\u00f3n necesaria\u00a0","isPartOf":{"@id":"https:\/\/www.mc-expatriation.com\/#website"},"primaryImageOfPage":{"@id":"https:\/\/www.mc-expatriation.com\/es\/gestoria\/creacion-residencia\/#primaryimage"},"image":{"@id":"https:\/\/www.mc-expatriation.com\/es\/gestoria\/creacion-residencia\/#primaryimage"},"thumbnailUrl":"https:\/\/www.mc-expatriation.com\/wp-content\/uploads\/2023\/03\/shutterstock_2260444251.jpg","datePublished":"2023-03-01T13:40:50+00:00","dateModified":"2023-03-22T07:52:59+00:00","breadcrumb":{"@id":"https:\/\/www.mc-expatriation.com\/es\/gestoria\/creacion-residencia\/#breadcrumb"},"inLanguage":"es","potentialAction":[{"@type":"ReadAction","target":["https:\/\/www.mc-expatriation.com\/es\/gestoria\/creacion-residencia\/"]}]},{"@type":"ImageObject","inLanguage":"es","@id":"https:\/\/www.mc-expatriation.com\/es\/gestoria\/creacion-residencia\/#primaryimage","url":"https:\/\/www.mc-expatriation.com\/wp-content\/uploads\/2023\/03\/shutterstock_2260444251.jpg","contentUrl":"https:\/\/www.mc-expatriation.com\/wp-content\/uploads\/2023\/03\/shutterstock_2260444251.jpg","width":1600,"height":630},{"@type":"BreadcrumbList","@id":"https:\/\/www.mc-expatriation.com\/es\/gestoria\/creacion-residencia\/#breadcrumb","itemListElement":[{"@type":"ListItem","position":1,"name":"Home","item":"https:\/\/www.mc-expatriation.com\/es\/"},{"@type":"ListItem","position":2,"name":"Gestor\u00eda Andorra, su consultor\u00eda de asistencia a la expatriaci\u00f3n","item":"https:\/\/www.mc-expatriation.com\/es\/gestoria\/"},{"@type":"ListItem","position":3,"name":"Crear una residencia en Andorra, condiciones e informaci\u00f3n necesaria\u00a0"}]},{"@type":"WebSite","@id":"https:\/\/www.mc-expatriation.com\/#website","url":"https:\/\/www.mc-expatriation.com\/","name":"MC Expatriation","description":"","publisher":{"@id":"https:\/\/www.mc-expatriation.com\/#organization"},"potentialAction":[{"@type":"SearchAction","target":{"@type":"EntryPoint","urlTemplate":"https:\/\/www.mc-expatriation.com\/?s={search_term_string}"},"query-input":{"@type":"PropertyValueSpecification","valueRequired":true,"valueName":"search_term_string"}}],"inLanguage":"es"},{"@type":"Organization","@id":"https:\/\/www.mc-expatriation.com\/#organization","name":"MC Expatriation","url":"https:\/\/www.mc-expatriation.com\/","logo":{"@type":"ImageObject","inLanguage":"es","@id":"https:\/\/www.mc-expatriation.com\/#\/schema\/logo\/image\/","url":"https:\/\/www.mc-expatriation.com\/wp-content\/uploads\/2022\/10\/logo.svg","contentUrl":"https:\/\/www.mc-expatriation.com\/wp-content\/uploads\/2022\/10\/logo.svg","caption":"MC Expatriation"},"image":{"@id":"https:\/\/www.mc-expatriation.com\/#\/schema\/logo\/image\/"}}]}},"_links":{"self":[{"href":"https:\/\/www.mc-expatriation.com\/es\/wp-json\/wp\/v2\/pages\/2926","targetHints":{"allow":["GET"]}}],"collection":[{"href":"https:\/\/www.mc-expatriation.com\/es\/wp-json\/wp\/v2\/pages"}],"about":[{"href":"https:\/\/www.mc-expatriation.com\/es\/wp-json\/wp\/v2\/types\/page"}],"author":[{"embeddable":true,"href":"https:\/\/www.mc-expatriation.com\/es\/wp-json\/wp\/v2\/users\/1"}],"replies":[{"embeddable":true,"href":"https:\/\/www.mc-expatriation.com\/es\/wp-json\/wp\/v2\/comments?post=2926"}],"version-history":[{"count":7,"href":"https:\/\/www.mc-expatriation.com\/es\/wp-json\/wp\/v2\/pages\/2926\/revisions"}],"predecessor-version":[{"id":3368,"href":"https:\/\/www.mc-expatriation.com\/es\/wp-json\/wp\/v2\/pages\/2926\/revisions\/3368"}],"up":[{"embeddable":true,"href":"https:\/\/www.mc-expatriation.com\/es\/wp-json\/wp\/v2\/pages\/1741"}],"wp:featuredmedia":[{"embeddable":true,"href":"https:\/\/www.mc-expatriation.com\/es\/wp-json\/wp\/v2\/media\/2919"}],"wp:attachment":[{"href":"https:\/\/www.mc-expatriation.com\/es\/wp-json\/wp\/v2\/media?parent=2926"}],"curies":[{"name":"wp","href":"https:\/\/api.w.org\/{rel}","templated":true}]}}