{"id":3007,"date":"2022-10-27T20:55:55","date_gmt":"2022-10-27T20:55:55","guid":{"rendered":"https:\/\/www.mc-expatriation.com\/?page_id=3007"},"modified":"2023-03-22T07:47:41","modified_gmt":"2023-03-22T07:47:41","slug":"solicitud-residencia","status":"publish","type":"page","link":"https:\/\/www.mc-expatriation.com\/es\/gestoria\/solicitud-residencia\/","title":{"rendered":"La petici\u00f3n de residencia en el marco de una expatriaci\u00f3n Andorra"},"content":{"rendered":"\n<h2 class=\"wp-block-heading\" id=\"h-elegir-su-tipo-de-residencia-en-andorra-el-paso-preliminar-indispensable\">Elegir su tipo de residencia en Andorra: el paso preliminar indispensable<\/h2>\n\n\n\n<p>Como ciudadano franc\u00e9s, belga, espa\u00f1ol o de otro pa\u00eds no andorrano, debe solicitar un permiso de residencia antes de poder instalarse en Andorra. Ya que el Principado le ofrece varias opciones de residencia, elegir el tipo que mejor se adapte a su situaci\u00f3n debe ser el primer paso de su proyecto de inmigraci\u00f3n.<\/p>\n\n\n\n<p>Tanto si decide vivir en Andorra para trabajar como si lo hace sin \u00e1nimo de lucro, existen diferentes tipos de residencias para cada caso.<\/p>\n\n\n\n<span class=\"show-more\">Lire plus<\/span>\n\n\n\n<h3 class=\"wp-block-heading\" id=\"h-la-residencia-activa-o-la-residencia-de-trabajo\">La residencia activa o la residencia de trabajo&nbsp;<\/h3>\n\n\n\n<p>La residencia activa est\u00e1 destinada a los trabajadores por cuenta ajena o por cuenta propia, los inversores y cualquier persona que desee ejercer una actividad lucrativa en el Principado. Se divide en varias categor\u00edas: residencia por cuenta propia, residencia de trabajo, etc.<\/p>\n\n\n\n<p>En resumen, este tipo de residencia permite el ejercicio de una actividad econ\u00f3mica en Andorra. Para su obtenci\u00f3n es preciso, principalmente, que el residente pueda demostrar que dispone de fuentes de ingresos procedentes de una actividad econ\u00f3mica que va a ejercer en el Principado.&nbsp;<\/p>\n\n\n\n<p>La residencia pasiva<\/p>\n\n\n\n<p>Si, por el contrario, desea inmigrar a Andorra sin ejercer ninguna actividad remunerada, tiene la opci\u00f3n de la residencia pasiva. En este caso, hay 3 categor\u00edas a considerar en funci\u00f3n de su situaci\u00f3n:&nbsp;<\/p>\n\n\n\n<ul class=\"wp-block-list\">\n<li><em>Residencia pasiva categor\u00eda A&nbsp;<\/em><\/li>\n<\/ul>\n\n\n\n<p>Este tipo de residencia est\u00e1 destinado a personas o familias que desean vivir en Andorra sin ser empleados ni empresarios. Son personas que no ejercen ninguna actividad profesional. Por ejemplo, los jubilados.<\/p>\n\n\n\n<ul class=\"wp-block-list\">\n<li><em>Residencia pasiva categor\u00eda B<\/em><\/li>\n<\/ul>\n\n\n\n<p>Esta residencia pasiva est\u00e1 destinada a personas que ejercen una actividad internacional, pero sin percibir ingresos en Andorra.&nbsp;<\/p>\n\n\n\n<ul class=\"wp-block-list\">\n<li><em>Residencia pasiva categor\u00eda C<\/em><\/li>\n<\/ul>\n\n\n\n<p>Esta categor\u00eda de residencia andorrana est\u00e1 destinada a personalidades reconocidas internacionalmente. Pueden ser personalidades de la cultura, deportistas de \u00e9lite, cient\u00edficos de renombre, etc.&nbsp;<\/p>\n\n\n\n<p>El permiso de trabajo&nbsp;<\/p>\n\n\n\n<p>(1) Un permiso de trabajo les otorga abundantes ventajas a los residentes andorranos. Entre otras cosas, ofrece acceso a la seguridad social en Andorra. Tambi\u00e9n existe una exenci\u00f3n fiscal y la posibilidad de repatriar a los miembros de la familia al Principado.&nbsp;<\/p>\n\n\n\n<p>\u00bfQui\u00e9n puede obtener un permiso de trabajo en Andorra? Est\u00e1 a disposici\u00f3n de los extranjeros que deseen crear una empresa en Andorra y de los trabajadores aut\u00f3nomos.<\/p>\n\n\n\n<span class=\"show-less\">Lire moins<\/span><div class=\"show-more-end-marker\"><\/div>\n\n\n\n<h2 class=\"wp-block-heading\" id=\"h-residencia-pasiva-y-residencia-activa-enfoques-diferentes\">Residencia pasiva y residencia activa: enfoques diferentes&nbsp;<\/h2>\n\n\n\n<p>La solicitud de residencia en Andorra var\u00eda seg\u00fan el tipo de solicitud. Los profesionales y los particulares pueden hacerse acompa\u00f1ar para evitar tr\u00e1mites complejos.<\/p>\n\n\n\n<figure class=\"wp-block-image size-large\"><img loading=\"lazy\" decoding=\"async\" width=\"1024\" height=\"405\" src=\"https:\/\/www.mc-expatriation.com\/wp-content\/uploads\/2023\/03\/demarche-residences-1024x405.jpg\" alt=\"d\u00e9marches diff\u00e9rentes pour obtenir une r\u00e9sidence passive &amp; active\" class=\"wp-image-2985\" srcset=\"https:\/\/www.mc-expatriation.com\/wp-content\/uploads\/2023\/03\/demarche-residences-1024x405.jpg 1024w, https:\/\/www.mc-expatriation.com\/wp-content\/uploads\/2023\/03\/demarche-residences-300x119.jpg 300w, https:\/\/www.mc-expatriation.com\/wp-content\/uploads\/2023\/03\/demarche-residences-768x304.jpg 768w, https:\/\/www.mc-expatriation.com\/wp-content\/uploads\/2023\/03\/demarche-residences.jpg 1200w\" sizes=\"auto, (max-width: 1024px) 100vw, 1024px\" \/><\/figure>\n\n\n\n<h2 class=\"wp-block-heading\" id=\"h-condiciones-para-solicitar-la-residencia-activa-andorrana\">Condiciones para solicitar la residencia activa andorrana<\/h2>\n\n\n\n<p>El estatuto de residente activo se conceder\u00e1 a todas las personas que dispongan de un permiso de inmigraci\u00f3n relacionado con una actividad profesional. Puede tratarse de un empleado o de un empresario.&nbsp;<\/p>\n\n\n\n<p>El empleador deber\u00e1 presentar un contrato de trabajo en el Principado antes de obtener el permiso de residencia en Andorra.&nbsp; Para crear una empresa en Andorra, el empresario deber\u00e1 presentar, entre otras cosas, un permiso de inversi\u00f3n extranjera. Tambi\u00e9n es esencial que establezca una residencia permanente en el Principado. El inversor extranjero en una empresa en Andorra debe poseer al menos el 20% de las acciones de la empresa y ser miembro del Consejo de Administraci\u00f3n.&nbsp;<\/p>\n\n\n\n<p>En el caso de una residencia activa, tambi\u00e9n hay que cumplir unas condiciones econ\u00f3micas, especialmente en el caso de los inversores. La inversi\u00f3n debe ser de un m\u00ednimo de 350.000 euros, ya sea en una propiedad, un activo en territorio andorrano u otra cosa. Se debe realizar un dep\u00f3sito de 47.500 euros en la AFA, la Autoridad Financiera Andorrana. Si el inversor tiene familiares a su cargo, deber\u00e1 depositar 9.500 euros m\u00e1s por cada uno de ellos.&nbsp;<\/p>\n\n\n\n<p>Entre otras cosas, tendr\u00e1 que presentar certificados m\u00e9dicos, antecedentes penales limpios y un documento de identidad que demuestre que tiene como m\u00ednimo 18 a\u00f1os. Pero para cada permiso de residencia, los papeles que componen el expediente del permiso son diferentes.<\/p>\n\n\n\n<h2 class=\"wp-block-heading\" id=\"h-condiciones-para-solicitar-la-residencia-pasiva-andorrana\">Condiciones para solicitar la residencia pasiva andorrana<\/h2>\n\n\n\n<p>Si para la residencia activa, el interesado debe pasar al menos 183 d\u00edas en Andorra, este lapso se reduce a 90 d\u00edas por a\u00f1o civil para la residencia pasiva. El permiso de residencia pasiva en territorio andorrano lo concede su Gobierno por un periodo de 2 a\u00f1os, renovable por 2, 3 y 10 a\u00f1os respectivamente.<\/p>\n\n\n\n<p>Los tr\u00e1mites para solicitar la residencia pasiva andorrana var\u00edan en funci\u00f3n de la categor\u00eda.<\/p>\n","protected":false},"excerpt":{"rendered":"<p>Elegir su tipo de residencia en Andorra: el paso preliminar indispensable Como ciudadano franc\u00e9s, belga, espa\u00f1ol o de otro pa\u00eds no andorrano, debe solicitar un permiso de residencia antes de poder instalarse en Andorra. Ya que el Principado le ofrece varias opciones de residencia, elegir el tipo que mejor se adapte a su situaci\u00f3n debe [&hellip;]<\/p>\n","protected":false},"author":1,"featured_media":2990,"parent":1741,"menu_order":0,"comment_status":"closed","ping_status":"closed","template":"niveau-2.php","meta":{"_acf_changed":false,"footnotes":""},"class_list":["post-3007","page","type-page","status-publish","has-post-thumbnail","hentry"],"acf":[],"yoast_head":"<!-- This site is optimized with the Yoast SEO Premium plugin v25.8 (Yoast SEO v27.3) - https:\/\/yoast.com\/product\/yoast-seo-premium-wordpress\/ -->\n<title>La petici\u00f3n de residencia en el marco de una expatriaci\u00f3n Andorra<\/title>\n<meta name=\"robots\" content=\"index, follow, max-snippet:-1, max-image-preview:large, max-video-preview:-1\" \/>\n<link rel=\"canonical\" href=\"https:\/\/www.mc-expatriation.com\/es\/gestoria\/solicitud-residencia\/\" \/>\n<meta property=\"og:locale\" content=\"es_ES\" \/>\n<meta property=\"og:type\" content=\"article\" \/>\n<meta property=\"og:title\" content=\"La petici\u00f3n de residencia en el marco de una expatriaci\u00f3n Andorra\" \/>\n<meta property=\"og:description\" content=\"Elegir su tipo de residencia en Andorra: el paso preliminar indispensable Como ciudadano franc\u00e9s, belga, espa\u00f1ol o de otro pa\u00eds no andorrano, debe solicitar un permiso de residencia antes de poder instalarse en Andorra. Ya que el Principado le ofrece varias opciones de residencia, elegir el tipo que mejor se adapte a su situaci\u00f3n debe [&hellip;]\" \/>\n<meta property=\"og:url\" content=\"https:\/\/www.mc-expatriation.com\/es\/gestoria\/solicitud-residencia\/\" \/>\n<meta property=\"og:site_name\" content=\"MC Expatriation\" \/>\n<meta property=\"article:modified_time\" content=\"2023-03-22T07:47:41+00:00\" \/>\n<meta property=\"og:image\" content=\"https:\/\/www.mc-expatriation.com\/wp-content\/uploads\/2023\/03\/demande-residence.jpg\" \/>\n\t<meta property=\"og:image:width\" content=\"1924\" \/>\n\t<meta property=\"og:image:height\" content=\"430\" \/>\n\t<meta property=\"og:image:type\" content=\"image\/jpeg\" \/>\n<meta name=\"twitter:card\" content=\"summary_large_image\" \/>\n<meta name=\"twitter:label1\" content=\"Tiempo de lectura\" \/>\n\t<meta name=\"twitter:data1\" content=\"4 minutos\" \/>\n<script type=\"application\/ld+json\" class=\"yoast-schema-graph\">{\"@context\":\"https:\\\/\\\/schema.org\",\"@graph\":[{\"@type\":\"WebPage\",\"@id\":\"https:\\\/\\\/www.mc-expatriation.com\\\/es\\\/gestoria\\\/solicitud-residencia\\\/\",\"url\":\"https:\\\/\\\/www.mc-expatriation.com\\\/es\\\/gestoria\\\/solicitud-residencia\\\/\",\"name\":\"La petici\u00f3n de residencia en el marco de una expatriaci\u00f3n Andorra\",\"isPartOf\":{\"@id\":\"https:\\\/\\\/www.mc-expatriation.com\\\/#website\"},\"primaryImageOfPage\":{\"@id\":\"https:\\\/\\\/www.mc-expatriation.com\\\/es\\\/gestoria\\\/solicitud-residencia\\\/#primaryimage\"},\"image\":{\"@id\":\"https:\\\/\\\/www.mc-expatriation.com\\\/es\\\/gestoria\\\/solicitud-residencia\\\/#primaryimage\"},\"thumbnailUrl\":\"https:\\\/\\\/www.mc-expatriation.com\\\/wp-content\\\/uploads\\\/2023\\\/03\\\/demande-residence.jpg\",\"datePublished\":\"2022-10-27T20:55:55+00:00\",\"dateModified\":\"2023-03-22T07:47:41+00:00\",\"breadcrumb\":{\"@id\":\"https:\\\/\\\/www.mc-expatriation.com\\\/es\\\/gestoria\\\/solicitud-residencia\\\/#breadcrumb\"},\"inLanguage\":\"es\",\"potentialAction\":[{\"@type\":\"ReadAction\",\"target\":[\"https:\\\/\\\/www.mc-expatriation.com\\\/es\\\/gestoria\\\/solicitud-residencia\\\/\"]}]},{\"@type\":\"ImageObject\",\"inLanguage\":\"es\",\"@id\":\"https:\\\/\\\/www.mc-expatriation.com\\\/es\\\/gestoria\\\/solicitud-residencia\\\/#primaryimage\",\"url\":\"https:\\\/\\\/www.mc-expatriation.com\\\/wp-content\\\/uploads\\\/2023\\\/03\\\/demande-residence.jpg\",\"contentUrl\":\"https:\\\/\\\/www.mc-expatriation.com\\\/wp-content\\\/uploads\\\/2023\\\/03\\\/demande-residence.jpg\",\"width\":1924,\"height\":430,\"caption\":\"Demande de r\u00e9sidence en Andorre\"},{\"@type\":\"BreadcrumbList\",\"@id\":\"https:\\\/\\\/www.mc-expatriation.com\\\/es\\\/gestoria\\\/solicitud-residencia\\\/#breadcrumb\",\"itemListElement\":[{\"@type\":\"ListItem\",\"position\":1,\"name\":\"Home\",\"item\":\"https:\\\/\\\/www.mc-expatriation.com\\\/es\\\/\"},{\"@type\":\"ListItem\",\"position\":2,\"name\":\"Gestor\u00eda Andorra, su consultor\u00eda de asistencia a la expatriaci\u00f3n\",\"item\":\"https:\\\/\\\/www.mc-expatriation.com\\\/es\\\/gestoria\\\/\"},{\"@type\":\"ListItem\",\"position\":3,\"name\":\"La petici\u00f3n de residencia en el marco de una expatriaci\u00f3n Andorra\"}]},{\"@type\":\"WebSite\",\"@id\":\"https:\\\/\\\/www.mc-expatriation.com\\\/#website\",\"url\":\"https:\\\/\\\/www.mc-expatriation.com\\\/\",\"name\":\"MC Expatriation\",\"description\":\"\",\"publisher\":{\"@id\":\"https:\\\/\\\/www.mc-expatriation.com\\\/#organization\"},\"potentialAction\":[{\"@type\":\"SearchAction\",\"target\":{\"@type\":\"EntryPoint\",\"urlTemplate\":\"https:\\\/\\\/www.mc-expatriation.com\\\/?s={search_term_string}\"},\"query-input\":{\"@type\":\"PropertyValueSpecification\",\"valueRequired\":true,\"valueName\":\"search_term_string\"}}],\"inLanguage\":\"es\"},{\"@type\":\"Organization\",\"@id\":\"https:\\\/\\\/www.mc-expatriation.com\\\/#organization\",\"name\":\"MC Expatriation\",\"url\":\"https:\\\/\\\/www.mc-expatriation.com\\\/\",\"logo\":{\"@type\":\"ImageObject\",\"inLanguage\":\"es\",\"@id\":\"https:\\\/\\\/www.mc-expatriation.com\\\/#\\\/schema\\\/logo\\\/image\\\/\",\"url\":\"https:\\\/\\\/www.mc-expatriation.com\\\/wp-content\\\/uploads\\\/2022\\\/10\\\/logo.svg\",\"contentUrl\":\"https:\\\/\\\/www.mc-expatriation.com\\\/wp-content\\\/uploads\\\/2022\\\/10\\\/logo.svg\",\"caption\":\"MC Expatriation\"},\"image\":{\"@id\":\"https:\\\/\\\/www.mc-expatriation.com\\\/#\\\/schema\\\/logo\\\/image\\\/\"}}]}<\/script>\n<!-- \/ Yoast SEO Premium plugin. -->","yoast_head_json":{"title":"La petici\u00f3n de residencia en el marco de una expatriaci\u00f3n Andorra","robots":{"index":"index","follow":"follow","max-snippet":"max-snippet:-1","max-image-preview":"max-image-preview:large","max-video-preview":"max-video-preview:-1"},"canonical":"https:\/\/www.mc-expatriation.com\/es\/gestoria\/solicitud-residencia\/","og_locale":"es_ES","og_type":"article","og_title":"La petici\u00f3n de residencia en el marco de una expatriaci\u00f3n Andorra","og_description":"Elegir su tipo de residencia en Andorra: el paso preliminar indispensable Como ciudadano franc\u00e9s, belga, espa\u00f1ol o de otro pa\u00eds no andorrano, debe solicitar un permiso de residencia antes de poder instalarse en Andorra. Ya que el Principado le ofrece varias opciones de residencia, elegir el tipo que mejor se adapte a su situaci\u00f3n debe [&hellip;]","og_url":"https:\/\/www.mc-expatriation.com\/es\/gestoria\/solicitud-residencia\/","og_site_name":"MC Expatriation","article_modified_time":"2023-03-22T07:47:41+00:00","og_image":[{"width":1924,"height":430,"url":"https:\/\/www.mc-expatriation.com\/wp-content\/uploads\/2023\/03\/demande-residence.jpg","type":"image\/jpeg"}],"twitter_card":"summary_large_image","twitter_misc":{"Tiempo de lectura":"4 minutos"},"schema":{"@context":"https:\/\/schema.org","@graph":[{"@type":"WebPage","@id":"https:\/\/www.mc-expatriation.com\/es\/gestoria\/solicitud-residencia\/","url":"https:\/\/www.mc-expatriation.com\/es\/gestoria\/solicitud-residencia\/","name":"La petici\u00f3n de residencia en el marco de una expatriaci\u00f3n Andorra","isPartOf":{"@id":"https:\/\/www.mc-expatriation.com\/#website"},"primaryImageOfPage":{"@id":"https:\/\/www.mc-expatriation.com\/es\/gestoria\/solicitud-residencia\/#primaryimage"},"image":{"@id":"https:\/\/www.mc-expatriation.com\/es\/gestoria\/solicitud-residencia\/#primaryimage"},"thumbnailUrl":"https:\/\/www.mc-expatriation.com\/wp-content\/uploads\/2023\/03\/demande-residence.jpg","datePublished":"2022-10-27T20:55:55+00:00","dateModified":"2023-03-22T07:47:41+00:00","breadcrumb":{"@id":"https:\/\/www.mc-expatriation.com\/es\/gestoria\/solicitud-residencia\/#breadcrumb"},"inLanguage":"es","potentialAction":[{"@type":"ReadAction","target":["https:\/\/www.mc-expatriation.com\/es\/gestoria\/solicitud-residencia\/"]}]},{"@type":"ImageObject","inLanguage":"es","@id":"https:\/\/www.mc-expatriation.com\/es\/gestoria\/solicitud-residencia\/#primaryimage","url":"https:\/\/www.mc-expatriation.com\/wp-content\/uploads\/2023\/03\/demande-residence.jpg","contentUrl":"https:\/\/www.mc-expatriation.com\/wp-content\/uploads\/2023\/03\/demande-residence.jpg","width":1924,"height":430,"caption":"Demande de r\u00e9sidence en Andorre"},{"@type":"BreadcrumbList","@id":"https:\/\/www.mc-expatriation.com\/es\/gestoria\/solicitud-residencia\/#breadcrumb","itemListElement":[{"@type":"ListItem","position":1,"name":"Home","item":"https:\/\/www.mc-expatriation.com\/es\/"},{"@type":"ListItem","position":2,"name":"Gestor\u00eda Andorra, su consultor\u00eda de asistencia a la expatriaci\u00f3n","item":"https:\/\/www.mc-expatriation.com\/es\/gestoria\/"},{"@type":"ListItem","position":3,"name":"La petici\u00f3n de residencia en el marco de una expatriaci\u00f3n Andorra"}]},{"@type":"WebSite","@id":"https:\/\/www.mc-expatriation.com\/#website","url":"https:\/\/www.mc-expatriation.com\/","name":"MC Expatriation","description":"","publisher":{"@id":"https:\/\/www.mc-expatriation.com\/#organization"},"potentialAction":[{"@type":"SearchAction","target":{"@type":"EntryPoint","urlTemplate":"https:\/\/www.mc-expatriation.com\/?s={search_term_string}"},"query-input":{"@type":"PropertyValueSpecification","valueRequired":true,"valueName":"search_term_string"}}],"inLanguage":"es"},{"@type":"Organization","@id":"https:\/\/www.mc-expatriation.com\/#organization","name":"MC Expatriation","url":"https:\/\/www.mc-expatriation.com\/","logo":{"@type":"ImageObject","inLanguage":"es","@id":"https:\/\/www.mc-expatriation.com\/#\/schema\/logo\/image\/","url":"https:\/\/www.mc-expatriation.com\/wp-content\/uploads\/2022\/10\/logo.svg","contentUrl":"https:\/\/www.mc-expatriation.com\/wp-content\/uploads\/2022\/10\/logo.svg","caption":"MC Expatriation"},"image":{"@id":"https:\/\/www.mc-expatriation.com\/#\/schema\/logo\/image\/"}}]}},"_links":{"self":[{"href":"https:\/\/www.mc-expatriation.com\/es\/wp-json\/wp\/v2\/pages\/3007","targetHints":{"allow":["GET"]}}],"collection":[{"href":"https:\/\/www.mc-expatriation.com\/es\/wp-json\/wp\/v2\/pages"}],"about":[{"href":"https:\/\/www.mc-expatriation.com\/es\/wp-json\/wp\/v2\/types\/page"}],"author":[{"embeddable":true,"href":"https:\/\/www.mc-expatriation.com\/es\/wp-json\/wp\/v2\/users\/1"}],"replies":[{"embeddable":true,"href":"https:\/\/www.mc-expatriation.com\/es\/wp-json\/wp\/v2\/comments?post=3007"}],"version-history":[{"count":7,"href":"https:\/\/www.mc-expatriation.com\/es\/wp-json\/wp\/v2\/pages\/3007\/revisions"}],"predecessor-version":[{"id":3357,"href":"https:\/\/www.mc-expatriation.com\/es\/wp-json\/wp\/v2\/pages\/3007\/revisions\/3357"}],"up":[{"embeddable":true,"href":"https:\/\/www.mc-expatriation.com\/es\/wp-json\/wp\/v2\/pages\/1741"}],"wp:featuredmedia":[{"embeddable":true,"href":"https:\/\/www.mc-expatriation.com\/es\/wp-json\/wp\/v2\/media\/2990"}],"wp:attachment":[{"href":"https:\/\/www.mc-expatriation.com\/es\/wp-json\/wp\/v2\/media?parent=3007"}],"curies":[{"name":"wp","href":"https:\/\/api.w.org\/{rel}","templated":true}]}}