{"id":3087,"date":"2022-10-27T21:00:03","date_gmt":"2022-10-27T21:00:03","guid":{"rendered":"https:\/\/www.mc-expatriation.com\/?page_id=3087"},"modified":"2023-03-22T07:49:52","modified_gmt":"2023-03-22T07:49:52","slug":"comprar-coche","status":"publish","type":"page","link":"https:\/\/www.mc-expatriation.com\/es\/gestoria\/comprar-coche\/","title":{"rendered":"Comprar un coche en Andorra: lo que hay que saber y condiciones a respetar"},"content":{"rendered":"\n<h2 class=\"wp-block-heading\">Las diferentes formas de comprar un coche en Andorra<\/h2>\n\n\n\n<p>Es bastante com\u00fan preguntarse por los detalles materiales en relaci\u00f3n con la propia expatriaci\u00f3n a \"Andorra\". La cuesti\u00f3n de la compra de un coche suele ser, hoy en d\u00eda, una de nuestras principales preocupaciones. Si usted est\u00e1 pensando en comprar un coche una vez que est\u00e9 all\u00ed, debe saber que tiene varias opciones disponibles.<\/p>\n\n\n\n<p>Un punto que vale la pena mencionar es que el seguro del coche debe ser contratado tan pronto como se adquiera el veh\u00edculo. Si quiere circular con su coche por Andorra debe contratar una p\u00f3liza de seguro con una compa\u00f1\u00eda andorrana.<\/p>\n\n\n\n<h3 class=\"wp-block-heading\">Comprar un coche en Andorra en un concesionario<\/h3>\n\n\n\n<p>Si desea comprar un coche en un concesionario de Andorra, primero deber\u00e1 asegurarse de que se trata de un concesionario oficial. La ventaja de comprar un coche en un concesionario es que puede elegir entre una amplia gama de marcas de coches. Asimismo, puede encontrar marcas de prestigio como BMW, Citro\u00ebn, Mercedes-Benz, Suzuki, entre muchas otras. Podr\u00e1 optar por veh\u00edculos nuevos o usados. Y, adem\u00e1s, tambi\u00e9n recibir\u00e1 asesoramiento en la parte t\u00e9cnica.&nbsp;<\/p>\n\n\n\n<h3 class=\"wp-block-heading\">Comprar coches de segunda mano en Andorra a trav\u00e9s de anuncios clasificados<\/h3>\n\n\n\n<p>En caso de querer comprar un coche de segunda mano, en los anuncios clasificados puede encontrar muchas y buenas ofertas. A trav\u00e9s de los anuncios clasificados de compra o venta de coches de segunda mano en Andorra le ser\u00e1 sencillo encontrar la opci\u00f3n perfecta para usted. La posibilidad de buscar opciones en l\u00ednea supone una verdadera ventaja.<\/p>\n\n\n\n<figure class=\"wp-block-image size-large\"><img loading=\"lazy\" decoding=\"async\" width=\"1024\" height=\"403\" src=\"https:\/\/www.mc-expatriation.com\/wp-content\/uploads\/2023\/03\/achat-voiture-andorre-1024x403.jpg\" alt=\"Acheter des v\u00e9hicules d\u2019occasion en Andorre\" class=\"wp-image-3074\" srcset=\"https:\/\/www.mc-expatriation.com\/wp-content\/uploads\/2023\/03\/achat-voiture-andorre-1024x403.jpg 1024w, https:\/\/www.mc-expatriation.com\/wp-content\/uploads\/2023\/03\/achat-voiture-andorre-300x118.jpg 300w, https:\/\/www.mc-expatriation.com\/wp-content\/uploads\/2023\/03\/achat-voiture-andorre-768x302.jpg 768w, https:\/\/www.mc-expatriation.com\/wp-content\/uploads\/2023\/03\/achat-voiture-andorre-1536x605.jpg 1536w, https:\/\/www.mc-expatriation.com\/wp-content\/uploads\/2023\/03\/achat-voiture-andorre.jpg 1600w\" sizes=\"auto, (max-width: 1024px) 100vw, 1024px\" \/><\/figure>\n\n\n\n<h2 class=\"wp-block-heading\">Una peque\u00f1a digresi\u00f3n en el tema de la importaci\u00f3n de veh\u00edculos en Andorra&nbsp;<\/h2>\n\n\n\n<p>Una vez en el Principado de Andorra, puede importar su coche desde Francia o desde otro pa\u00eds europeo. El procedimiento debe, entre otras cosas, declararse al Gobierno de Andorra, y tambi\u00e9n habr\u00e1 que hacer diferentes gestiones ante la aduana francesa, o de cualquiera que sea su pa\u00eds de origen, y la aduana andorrana. Debe establecerse un expediente para la sustituci\u00f3n de las placas de matr\u00edcula.&nbsp;<\/p>\n\n\n\n<h3 class=\"wp-block-heading\">Respecto a Francia, el precio medio de un coche en Andorra es m\u00e1s bajo. No obstante, todo depende de la marca.&nbsp;<\/h3>\n\n\n\n<p>Matriculaci\u00f3n de veh\u00edculos en Andorra&nbsp;<\/p>\n\n\n\n<p>Como Principado independiente situado en los Pirineos, m\u00e1s concretamente entre Francia y Espa\u00f1a, Andorra atrae a la gente por todas las ventajas fiscales que ofrece. En efecto, el pa\u00eds es conocido por su baja fiscalidad que beneficia tanto a los particulares como a las empresas. \u00bfQu\u00e9 sentido tiene matricular el coche en Andorra?<\/p>\n\n\n\n<p>En Francia cada vez se imponen m\u00e1s impuestos a la matriculaci\u00f3n de veh\u00edculos: se aplica el impuesto regional, el bonus-malus y el IVA. Estos impuestos pr\u00e1cticamente no existen en Andorra; no tiene el malus ecol\u00f3gico ni el impuesto regional y el IVA se aplica a un tipo m\u00e1ximo del 4,5%, lo que supone unos 15,5 puntos de diferencia, y, por tanto, de ahorro.&nbsp;<\/p>\n\n\n\n<p>Matricular un coche en el Principado no suele ser un tr\u00e1mite que se alargue mucho. Tras hacerlo, obtiene la tarjeta amarilla para su veh\u00edculo, que es el equivalente a la \"carte grise\" francesa. Luego, el \u00faltimo paso es la colocaci\u00f3n de las placas de matr\u00edcula andorranas.<\/p>\n","protected":false},"excerpt":{"rendered":"<p>Las diferentes formas de comprar un coche en Andorra Es bastante com\u00fan preguntarse por los detalles materiales en relaci\u00f3n con la propia expatriaci\u00f3n a \u00abAndorra\u00bb. La cuesti\u00f3n de la compra de un coche suele ser, hoy en d\u00eda, una de nuestras principales preocupaciones. Si usted est\u00e1 pensando en comprar un coche una vez que est\u00e9 [&hellip;]<\/p>\n","protected":false},"author":1,"featured_media":3084,"parent":1741,"menu_order":0,"comment_status":"closed","ping_status":"closed","template":"niveau-2.php","meta":{"_acf_changed":false,"footnotes":""},"class_list":["post-3087","page","type-page","status-publish","has-post-thumbnail","hentry"],"acf":[],"yoast_head":"<!-- This site is optimized with the Yoast SEO Premium plugin v25.8 (Yoast SEO v27.3) - https:\/\/yoast.com\/product\/yoast-seo-premium-wordpress\/ -->\n<title>Comprar un coche en Andorra: lo que hay que saber y condiciones a respetar<\/title>\n<meta name=\"robots\" content=\"index, follow, max-snippet:-1, max-image-preview:large, max-video-preview:-1\" \/>\n<link rel=\"canonical\" href=\"https:\/\/www.mc-expatriation.com\/es\/gestoria\/comprar-coche\/\" \/>\n<meta property=\"og:locale\" content=\"es_ES\" \/>\n<meta property=\"og:type\" content=\"article\" \/>\n<meta property=\"og:title\" content=\"Comprar un coche en Andorra: lo que hay que saber y condiciones a respetar\" \/>\n<meta property=\"og:description\" content=\"Las diferentes formas de comprar un coche en Andorra Es bastante com\u00fan preguntarse por los detalles materiales en relaci\u00f3n con la propia expatriaci\u00f3n a &quot;Andorra&quot;. La cuesti\u00f3n de la compra de un coche suele ser, hoy en d\u00eda, una de nuestras principales preocupaciones. Si usted est\u00e1 pensando en comprar un coche una vez que est\u00e9 [&hellip;]\" \/>\n<meta property=\"og:url\" content=\"https:\/\/www.mc-expatriation.com\/es\/gestoria\/comprar-coche\/\" \/>\n<meta property=\"og:site_name\" content=\"MC Expatriation\" \/>\n<meta property=\"article:modified_time\" content=\"2023-03-22T07:49:52+00:00\" \/>\n<meta property=\"og:image\" content=\"https:\/\/www.mc-expatriation.com\/wp-content\/uploads\/2023\/03\/andorre-achat-voiture.jpg\" \/>\n\t<meta property=\"og:image:width\" content=\"1924\" \/>\n\t<meta property=\"og:image:height\" content=\"430\" \/>\n\t<meta property=\"og:image:type\" content=\"image\/jpeg\" \/>\n<meta name=\"twitter:card\" content=\"summary_large_image\" \/>\n<meta name=\"twitter:label1\" content=\"Tiempo de lectura\" \/>\n\t<meta name=\"twitter:data1\" content=\"3 minutos\" \/>\n<script type=\"application\/ld+json\" class=\"yoast-schema-graph\">{\"@context\":\"https:\\\/\\\/schema.org\",\"@graph\":[{\"@type\":\"WebPage\",\"@id\":\"https:\\\/\\\/www.mc-expatriation.com\\\/es\\\/gestoria\\\/comprar-coche\\\/\",\"url\":\"https:\\\/\\\/www.mc-expatriation.com\\\/es\\\/gestoria\\\/comprar-coche\\\/\",\"name\":\"Comprar un coche en Andorra: lo que hay que saber y condiciones a respetar\",\"isPartOf\":{\"@id\":\"https:\\\/\\\/www.mc-expatriation.com\\\/#website\"},\"primaryImageOfPage\":{\"@id\":\"https:\\\/\\\/www.mc-expatriation.com\\\/es\\\/gestoria\\\/comprar-coche\\\/#primaryimage\"},\"image\":{\"@id\":\"https:\\\/\\\/www.mc-expatriation.com\\\/es\\\/gestoria\\\/comprar-coche\\\/#primaryimage\"},\"thumbnailUrl\":\"https:\\\/\\\/www.mc-expatriation.com\\\/wp-content\\\/uploads\\\/2023\\\/03\\\/andorre-achat-voiture.jpg\",\"datePublished\":\"2022-10-27T21:00:03+00:00\",\"dateModified\":\"2023-03-22T07:49:52+00:00\",\"breadcrumb\":{\"@id\":\"https:\\\/\\\/www.mc-expatriation.com\\\/es\\\/gestoria\\\/comprar-coche\\\/#breadcrumb\"},\"inLanguage\":\"es\",\"potentialAction\":[{\"@type\":\"ReadAction\",\"target\":[\"https:\\\/\\\/www.mc-expatriation.com\\\/es\\\/gestoria\\\/comprar-coche\\\/\"]}]},{\"@type\":\"ImageObject\",\"inLanguage\":\"es\",\"@id\":\"https:\\\/\\\/www.mc-expatriation.com\\\/es\\\/gestoria\\\/comprar-coche\\\/#primaryimage\",\"url\":\"https:\\\/\\\/www.mc-expatriation.com\\\/wp-content\\\/uploads\\\/2023\\\/03\\\/andorre-achat-voiture.jpg\",\"contentUrl\":\"https:\\\/\\\/www.mc-expatriation.com\\\/wp-content\\\/uploads\\\/2023\\\/03\\\/andorre-achat-voiture.jpg\",\"width\":1924,\"height\":430,\"caption\":\"Andorre achat voiture\"},{\"@type\":\"BreadcrumbList\",\"@id\":\"https:\\\/\\\/www.mc-expatriation.com\\\/es\\\/gestoria\\\/comprar-coche\\\/#breadcrumb\",\"itemListElement\":[{\"@type\":\"ListItem\",\"position\":1,\"name\":\"Home\",\"item\":\"https:\\\/\\\/www.mc-expatriation.com\\\/es\\\/\"},{\"@type\":\"ListItem\",\"position\":2,\"name\":\"Gestor\u00eda Andorra, su consultor\u00eda de asistencia a la expatriaci\u00f3n\",\"item\":\"https:\\\/\\\/www.mc-expatriation.com\\\/es\\\/gestoria\\\/\"},{\"@type\":\"ListItem\",\"position\":3,\"name\":\"Comprar un coche en Andorra: lo que hay que saber y condiciones a respetar\"}]},{\"@type\":\"WebSite\",\"@id\":\"https:\\\/\\\/www.mc-expatriation.com\\\/#website\",\"url\":\"https:\\\/\\\/www.mc-expatriation.com\\\/\",\"name\":\"MC Expatriation\",\"description\":\"\",\"publisher\":{\"@id\":\"https:\\\/\\\/www.mc-expatriation.com\\\/#organization\"},\"potentialAction\":[{\"@type\":\"SearchAction\",\"target\":{\"@type\":\"EntryPoint\",\"urlTemplate\":\"https:\\\/\\\/www.mc-expatriation.com\\\/?s={search_term_string}\"},\"query-input\":{\"@type\":\"PropertyValueSpecification\",\"valueRequired\":true,\"valueName\":\"search_term_string\"}}],\"inLanguage\":\"es\"},{\"@type\":\"Organization\",\"@id\":\"https:\\\/\\\/www.mc-expatriation.com\\\/#organization\",\"name\":\"MC Expatriation\",\"url\":\"https:\\\/\\\/www.mc-expatriation.com\\\/\",\"logo\":{\"@type\":\"ImageObject\",\"inLanguage\":\"es\",\"@id\":\"https:\\\/\\\/www.mc-expatriation.com\\\/#\\\/schema\\\/logo\\\/image\\\/\",\"url\":\"https:\\\/\\\/www.mc-expatriation.com\\\/wp-content\\\/uploads\\\/2022\\\/10\\\/logo.svg\",\"contentUrl\":\"https:\\\/\\\/www.mc-expatriation.com\\\/wp-content\\\/uploads\\\/2022\\\/10\\\/logo.svg\",\"caption\":\"MC Expatriation\"},\"image\":{\"@id\":\"https:\\\/\\\/www.mc-expatriation.com\\\/#\\\/schema\\\/logo\\\/image\\\/\"}}]}<\/script>\n<!-- \/ Yoast SEO Premium plugin. -->","yoast_head_json":{"title":"Comprar un coche en Andorra: lo que hay que saber y condiciones a respetar","robots":{"index":"index","follow":"follow","max-snippet":"max-snippet:-1","max-image-preview":"max-image-preview:large","max-video-preview":"max-video-preview:-1"},"canonical":"https:\/\/www.mc-expatriation.com\/es\/gestoria\/comprar-coche\/","og_locale":"es_ES","og_type":"article","og_title":"Comprar un coche en Andorra: lo que hay que saber y condiciones a respetar","og_description":"Las diferentes formas de comprar un coche en Andorra Es bastante com\u00fan preguntarse por los detalles materiales en relaci\u00f3n con la propia expatriaci\u00f3n a \"Andorra\". La cuesti\u00f3n de la compra de un coche suele ser, hoy en d\u00eda, una de nuestras principales preocupaciones. Si usted est\u00e1 pensando en comprar un coche una vez que est\u00e9 [&hellip;]","og_url":"https:\/\/www.mc-expatriation.com\/es\/gestoria\/comprar-coche\/","og_site_name":"MC Expatriation","article_modified_time":"2023-03-22T07:49:52+00:00","og_image":[{"width":1924,"height":430,"url":"https:\/\/www.mc-expatriation.com\/wp-content\/uploads\/2023\/03\/andorre-achat-voiture.jpg","type":"image\/jpeg"}],"twitter_card":"summary_large_image","twitter_misc":{"Tiempo de lectura":"3 minutos"},"schema":{"@context":"https:\/\/schema.org","@graph":[{"@type":"WebPage","@id":"https:\/\/www.mc-expatriation.com\/es\/gestoria\/comprar-coche\/","url":"https:\/\/www.mc-expatriation.com\/es\/gestoria\/comprar-coche\/","name":"Comprar un coche en Andorra: lo que hay que saber y condiciones a respetar","isPartOf":{"@id":"https:\/\/www.mc-expatriation.com\/#website"},"primaryImageOfPage":{"@id":"https:\/\/www.mc-expatriation.com\/es\/gestoria\/comprar-coche\/#primaryimage"},"image":{"@id":"https:\/\/www.mc-expatriation.com\/es\/gestoria\/comprar-coche\/#primaryimage"},"thumbnailUrl":"https:\/\/www.mc-expatriation.com\/wp-content\/uploads\/2023\/03\/andorre-achat-voiture.jpg","datePublished":"2022-10-27T21:00:03+00:00","dateModified":"2023-03-22T07:49:52+00:00","breadcrumb":{"@id":"https:\/\/www.mc-expatriation.com\/es\/gestoria\/comprar-coche\/#breadcrumb"},"inLanguage":"es","potentialAction":[{"@type":"ReadAction","target":["https:\/\/www.mc-expatriation.com\/es\/gestoria\/comprar-coche\/"]}]},{"@type":"ImageObject","inLanguage":"es","@id":"https:\/\/www.mc-expatriation.com\/es\/gestoria\/comprar-coche\/#primaryimage","url":"https:\/\/www.mc-expatriation.com\/wp-content\/uploads\/2023\/03\/andorre-achat-voiture.jpg","contentUrl":"https:\/\/www.mc-expatriation.com\/wp-content\/uploads\/2023\/03\/andorre-achat-voiture.jpg","width":1924,"height":430,"caption":"Andorre achat voiture"},{"@type":"BreadcrumbList","@id":"https:\/\/www.mc-expatriation.com\/es\/gestoria\/comprar-coche\/#breadcrumb","itemListElement":[{"@type":"ListItem","position":1,"name":"Home","item":"https:\/\/www.mc-expatriation.com\/es\/"},{"@type":"ListItem","position":2,"name":"Gestor\u00eda Andorra, su consultor\u00eda de asistencia a la expatriaci\u00f3n","item":"https:\/\/www.mc-expatriation.com\/es\/gestoria\/"},{"@type":"ListItem","position":3,"name":"Comprar un coche en Andorra: lo que hay que saber y condiciones a respetar"}]},{"@type":"WebSite","@id":"https:\/\/www.mc-expatriation.com\/#website","url":"https:\/\/www.mc-expatriation.com\/","name":"MC Expatriation","description":"","publisher":{"@id":"https:\/\/www.mc-expatriation.com\/#organization"},"potentialAction":[{"@type":"SearchAction","target":{"@type":"EntryPoint","urlTemplate":"https:\/\/www.mc-expatriation.com\/?s={search_term_string}"},"query-input":{"@type":"PropertyValueSpecification","valueRequired":true,"valueName":"search_term_string"}}],"inLanguage":"es"},{"@type":"Organization","@id":"https:\/\/www.mc-expatriation.com\/#organization","name":"MC Expatriation","url":"https:\/\/www.mc-expatriation.com\/","logo":{"@type":"ImageObject","inLanguage":"es","@id":"https:\/\/www.mc-expatriation.com\/#\/schema\/logo\/image\/","url":"https:\/\/www.mc-expatriation.com\/wp-content\/uploads\/2022\/10\/logo.svg","contentUrl":"https:\/\/www.mc-expatriation.com\/wp-content\/uploads\/2022\/10\/logo.svg","caption":"MC Expatriation"},"image":{"@id":"https:\/\/www.mc-expatriation.com\/#\/schema\/logo\/image\/"}}]}},"_links":{"self":[{"href":"https:\/\/www.mc-expatriation.com\/es\/wp-json\/wp\/v2\/pages\/3087","targetHints":{"allow":["GET"]}}],"collection":[{"href":"https:\/\/www.mc-expatriation.com\/es\/wp-json\/wp\/v2\/pages"}],"about":[{"href":"https:\/\/www.mc-expatriation.com\/es\/wp-json\/wp\/v2\/types\/page"}],"author":[{"embeddable":true,"href":"https:\/\/www.mc-expatriation.com\/es\/wp-json\/wp\/v2\/users\/1"}],"replies":[{"embeddable":true,"href":"https:\/\/www.mc-expatriation.com\/es\/wp-json\/wp\/v2\/comments?post=3087"}],"version-history":[{"count":7,"href":"https:\/\/www.mc-expatriation.com\/es\/wp-json\/wp\/v2\/pages\/3087\/revisions"}],"predecessor-version":[{"id":3359,"href":"https:\/\/www.mc-expatriation.com\/es\/wp-json\/wp\/v2\/pages\/3087\/revisions\/3359"}],"up":[{"embeddable":true,"href":"https:\/\/www.mc-expatriation.com\/es\/wp-json\/wp\/v2\/pages\/1741"}],"wp:featuredmedia":[{"embeddable":true,"href":"https:\/\/www.mc-expatriation.com\/es\/wp-json\/wp\/v2\/media\/3084"}],"wp:attachment":[{"href":"https:\/\/www.mc-expatriation.com\/es\/wp-json\/wp\/v2\/media?parent=3087"}],"curies":[{"name":"wp","href":"https:\/\/api.w.org\/{rel}","templated":true}]}}