{"id":3234,"date":"2022-10-27T21:04:33","date_gmt":"2022-10-27T21:04:33","guid":{"rendered":"https:\/\/www.mc-expatriation.com\/gestoria\/fournitures-maison\/"},"modified":"2023-03-22T07:50:31","modified_gmt":"2023-03-22T07:50:31","slug":"mobiliario-domestico","status":"publish","type":"page","link":"https:\/\/www.mc-expatriation.com\/es\/gestoria\/mobiliario-domestico\/","title":{"rendered":"Gestor\u00eda \u2013 Mobiliario dom\u00e9stico"},"content":{"rendered":"\n<p>Con un tipo impositivo bajo y un tipo de IVA m\u00e1ximo del 4,5%, el Principado ofrece numerosas oportunidades, tanto para los contratos de trabajo como para la creaci\u00f3n de una empresa. Si ha decidido mudarse al Principado, quiz\u00e1 se est\u00e9 preguntando si le ser\u00eda posible renovar o amueblar su casa por s\u00ed mismo una vez en el Principado.&nbsp;<\/p>\n\n\n\n<p>\u00bfCu\u00e1l es el precio del mobiliario dom\u00e9stico en el mercado andorrano? En este peque\u00f1o pa\u00eds que no es miembro de la Uni\u00f3n Europea, \u00bfes posible encontrar buenas ofertas? \u00bfY el IVA? \u00bfC\u00f3mo es el mercado andorrano de muebles para el hogar? Estas son solo algunas de las preguntas que podr\u00eda plantearse.&nbsp;<\/p>\n\n\n\n<h2 class=\"wp-block-heading\" id=\"h-expatriacion-mucho-mas-que-una-mudanza\">Expatriaci\u00f3n: mucho m\u00e1s que una mudanza<\/h2>\n\n\n\n<p>La calidad de vida que ofrece el Principado de Andorra es una de las razones m\u00e1s importantes que esgrimen los expatriados `para mudarse a Andorra. Pionero en la revoluci\u00f3n tecnol\u00f3gica, el pa\u00eds cuenta con el acceso a Internet por fibra \u00f3ptica. Por una m\u00f3dica cuota, su empresa puede disfrutar de hasta 1 Gbps de Internet sim\u00e9trico a trav\u00e9s de Andorra Telecom. Cuantas razones para tomar la decisi\u00f3n de expatriarse en Andorra.&nbsp;<\/p>\n\n\n\n<p>Un proyecto de expatriaci\u00f3n no se limita a una mudanza. Si ha decidido establecer su negocio o jubilarse en Andorra, es posible que deba tener en cuenta algunos ajustes, a veces incluso una restauraci\u00f3n completa de su nuevo hogar. Todo depende de la duraci\u00f3n de su contrato. En este caso, deber\u00eda pensar en comprar equipamiento en el mercado andorrano. Necesitar\u00e1 toda la informaci\u00f3n posible.<\/p>\n\n\n\n<h2 class=\"wp-block-heading\" id=\"h-conseguir-las-buenas-direcciones-para-amueblar-su-vivienda\">Conseguir las buenas direcciones para amueblar su vivienda<\/h2>\n\n\n\n<p>Cuando uno se traslada al extranjero de forma permanente o por un periodo largo. Amueblar la nueva vivienda es algo esencial. No hay nada como sentirse en casa, incluso estando en un pa\u00eds extranjero. Aunque Andorra es uno de los estados m\u00e1s peque\u00f1os de Europa, cuenta con un gran n\u00famero de empresas de decoraci\u00f3n. Para orientarse y conseguir los mejores precios, lo mejor es tener las direcciones correctas. Es aconsejable recurrir a los servicios de un experto.&nbsp;<\/p>\n\n\n\n<p>Si hablamos de periodos de rebajas, por ejemplo, no existe una normativa espec\u00edfica en Andorra. No obstante, duran meses al a\u00f1o, 3 en invierno y 3 en verano.<\/p>\n\n\n\n<p>En Andorra, el precio en euros de los productos en el mercado es imbatible. Podr\u00e1 aprovechar la reducid\u00edsima tasa de IVA. Los productos ofrecidos en la mayor\u00eda de las tiendas andorranas tienen un tipo de IVA m\u00e1ximo del 4,5%. A esta versi\u00f3n local del IVA se le llama IGI o tipo general de Andorra. Sin embargo, hay que mencionar que, a partir de una determinada cantidad, algunos art\u00edculos pueden estar gravados, como es el caso del tabaco o los perfumes.<\/p>\n","protected":false},"excerpt":{"rendered":"<p>Con un tipo impositivo bajo y un tipo de IVA m\u00e1ximo del 4,5%, el Principado ofrece numerosas oportunidades, tanto para los contratos de trabajo como para la creaci\u00f3n de una empresa. Si ha decidido mudarse al Principado, quiz\u00e1 se est\u00e9 preguntando si le ser\u00eda posible renovar o amueblar su casa por s\u00ed mismo una vez [&hellip;]<\/p>\n","protected":false},"author":1,"featured_media":3226,"parent":1741,"menu_order":0,"comment_status":"closed","ping_status":"closed","template":"niveau-2.php","meta":{"_acf_changed":false,"footnotes":""},"class_list":["post-3234","page","type-page","status-publish","has-post-thumbnail","hentry"],"acf":[],"yoast_head":"<!-- This site is optimized with the Yoast SEO Premium plugin v25.8 (Yoast SEO v27.3) - https:\/\/yoast.com\/product\/yoast-seo-premium-wordpress\/ -->\n<title>Gestor\u00eda \u2013 Mobiliario dom\u00e9stico<\/title>\n<meta name=\"robots\" content=\"index, follow, max-snippet:-1, max-image-preview:large, max-video-preview:-1\" \/>\n<link rel=\"canonical\" href=\"https:\/\/www.mc-expatriation.com\/es\/gestoria\/mobiliario-domestico\/\" \/>\n<meta property=\"og:locale\" content=\"es_ES\" \/>\n<meta property=\"og:type\" content=\"article\" \/>\n<meta property=\"og:title\" content=\"Gestor\u00eda \u2013 Mobiliario dom\u00e9stico\" \/>\n<meta property=\"og:description\" content=\"Con un tipo impositivo bajo y un tipo de IVA m\u00e1ximo del 4,5%, el Principado ofrece numerosas oportunidades, tanto para los contratos de trabajo como para la creaci\u00f3n de una empresa. Si ha decidido mudarse al Principado, quiz\u00e1 se est\u00e9 preguntando si le ser\u00eda posible renovar o amueblar su casa por s\u00ed mismo una vez [&hellip;]\" \/>\n<meta property=\"og:url\" content=\"https:\/\/www.mc-expatriation.com\/es\/gestoria\/mobiliario-domestico\/\" \/>\n<meta property=\"og:site_name\" content=\"MC Expatriation\" \/>\n<meta property=\"article:modified_time\" content=\"2023-03-22T07:50:31+00:00\" \/>\n<meta property=\"og:image\" content=\"https:\/\/www.mc-expatriation.com\/wp-content\/uploads\/2023\/03\/fournitures-maison-expatriation-andorre.jpg\" \/>\n\t<meta property=\"og:image:width\" content=\"1924\" \/>\n\t<meta property=\"og:image:height\" content=\"430\" \/>\n\t<meta property=\"og:image:type\" content=\"image\/jpeg\" \/>\n<meta name=\"twitter:card\" content=\"summary_large_image\" \/>\n<meta name=\"twitter:label1\" content=\"Tiempo de lectura\" \/>\n\t<meta name=\"twitter:data1\" content=\"3 minutos\" \/>\n<script type=\"application\/ld+json\" class=\"yoast-schema-graph\">{\"@context\":\"https:\\\/\\\/schema.org\",\"@graph\":[{\"@type\":\"WebPage\",\"@id\":\"https:\\\/\\\/www.mc-expatriation.com\\\/es\\\/gestoria\\\/mobiliario-domestico\\\/\",\"url\":\"https:\\\/\\\/www.mc-expatriation.com\\\/es\\\/gestoria\\\/mobiliario-domestico\\\/\",\"name\":\"Gestor\u00eda \u2013 Mobiliario dom\u00e9stico\",\"isPartOf\":{\"@id\":\"https:\\\/\\\/www.mc-expatriation.com\\\/#website\"},\"primaryImageOfPage\":{\"@id\":\"https:\\\/\\\/www.mc-expatriation.com\\\/es\\\/gestoria\\\/mobiliario-domestico\\\/#primaryimage\"},\"image\":{\"@id\":\"https:\\\/\\\/www.mc-expatriation.com\\\/es\\\/gestoria\\\/mobiliario-domestico\\\/#primaryimage\"},\"thumbnailUrl\":\"https:\\\/\\\/www.mc-expatriation.com\\\/wp-content\\\/uploads\\\/2023\\\/03\\\/fournitures-maison-expatriation-andorre.jpg\",\"datePublished\":\"2022-10-27T21:04:33+00:00\",\"dateModified\":\"2023-03-22T07:50:31+00:00\",\"breadcrumb\":{\"@id\":\"https:\\\/\\\/www.mc-expatriation.com\\\/es\\\/gestoria\\\/mobiliario-domestico\\\/#breadcrumb\"},\"inLanguage\":\"es\",\"potentialAction\":[{\"@type\":\"ReadAction\",\"target\":[\"https:\\\/\\\/www.mc-expatriation.com\\\/es\\\/gestoria\\\/mobiliario-domestico\\\/\"]}]},{\"@type\":\"ImageObject\",\"inLanguage\":\"es\",\"@id\":\"https:\\\/\\\/www.mc-expatriation.com\\\/es\\\/gestoria\\\/mobiliario-domestico\\\/#primaryimage\",\"url\":\"https:\\\/\\\/www.mc-expatriation.com\\\/wp-content\\\/uploads\\\/2023\\\/03\\\/fournitures-maison-expatriation-andorre.jpg\",\"contentUrl\":\"https:\\\/\\\/www.mc-expatriation.com\\\/wp-content\\\/uploads\\\/2023\\\/03\\\/fournitures-maison-expatriation-andorre.jpg\",\"width\":1924,\"height\":430},{\"@type\":\"BreadcrumbList\",\"@id\":\"https:\\\/\\\/www.mc-expatriation.com\\\/es\\\/gestoria\\\/mobiliario-domestico\\\/#breadcrumb\",\"itemListElement\":[{\"@type\":\"ListItem\",\"position\":1,\"name\":\"Home\",\"item\":\"https:\\\/\\\/www.mc-expatriation.com\\\/es\\\/\"},{\"@type\":\"ListItem\",\"position\":2,\"name\":\"Gestor\u00eda Andorra, su consultor\u00eda de asistencia a la expatriaci\u00f3n\",\"item\":\"https:\\\/\\\/www.mc-expatriation.com\\\/es\\\/gestoria\\\/\"},{\"@type\":\"ListItem\",\"position\":3,\"name\":\"Gestor\u00eda \u2013 Mobiliario dom\u00e9stico\"}]},{\"@type\":\"WebSite\",\"@id\":\"https:\\\/\\\/www.mc-expatriation.com\\\/#website\",\"url\":\"https:\\\/\\\/www.mc-expatriation.com\\\/\",\"name\":\"MC Expatriation\",\"description\":\"\",\"publisher\":{\"@id\":\"https:\\\/\\\/www.mc-expatriation.com\\\/#organization\"},\"potentialAction\":[{\"@type\":\"SearchAction\",\"target\":{\"@type\":\"EntryPoint\",\"urlTemplate\":\"https:\\\/\\\/www.mc-expatriation.com\\\/?s={search_term_string}\"},\"query-input\":{\"@type\":\"PropertyValueSpecification\",\"valueRequired\":true,\"valueName\":\"search_term_string\"}}],\"inLanguage\":\"es\"},{\"@type\":\"Organization\",\"@id\":\"https:\\\/\\\/www.mc-expatriation.com\\\/#organization\",\"name\":\"MC Expatriation\",\"url\":\"https:\\\/\\\/www.mc-expatriation.com\\\/\",\"logo\":{\"@type\":\"ImageObject\",\"inLanguage\":\"es\",\"@id\":\"https:\\\/\\\/www.mc-expatriation.com\\\/#\\\/schema\\\/logo\\\/image\\\/\",\"url\":\"https:\\\/\\\/www.mc-expatriation.com\\\/wp-content\\\/uploads\\\/2022\\\/10\\\/logo.svg\",\"contentUrl\":\"https:\\\/\\\/www.mc-expatriation.com\\\/wp-content\\\/uploads\\\/2022\\\/10\\\/logo.svg\",\"caption\":\"MC Expatriation\"},\"image\":{\"@id\":\"https:\\\/\\\/www.mc-expatriation.com\\\/#\\\/schema\\\/logo\\\/image\\\/\"}}]}<\/script>\n<!-- \/ Yoast SEO Premium plugin. -->","yoast_head_json":{"title":"Gestor\u00eda \u2013 Mobiliario dom\u00e9stico","robots":{"index":"index","follow":"follow","max-snippet":"max-snippet:-1","max-image-preview":"max-image-preview:large","max-video-preview":"max-video-preview:-1"},"canonical":"https:\/\/www.mc-expatriation.com\/es\/gestoria\/mobiliario-domestico\/","og_locale":"es_ES","og_type":"article","og_title":"Gestor\u00eda \u2013 Mobiliario dom\u00e9stico","og_description":"Con un tipo impositivo bajo y un tipo de IVA m\u00e1ximo del 4,5%, el Principado ofrece numerosas oportunidades, tanto para los contratos de trabajo como para la creaci\u00f3n de una empresa. Si ha decidido mudarse al Principado, quiz\u00e1 se est\u00e9 preguntando si le ser\u00eda posible renovar o amueblar su casa por s\u00ed mismo una vez [&hellip;]","og_url":"https:\/\/www.mc-expatriation.com\/es\/gestoria\/mobiliario-domestico\/","og_site_name":"MC Expatriation","article_modified_time":"2023-03-22T07:50:31+00:00","og_image":[{"width":1924,"height":430,"url":"https:\/\/www.mc-expatriation.com\/wp-content\/uploads\/2023\/03\/fournitures-maison-expatriation-andorre.jpg","type":"image\/jpeg"}],"twitter_card":"summary_large_image","twitter_misc":{"Tiempo de lectura":"3 minutos"},"schema":{"@context":"https:\/\/schema.org","@graph":[{"@type":"WebPage","@id":"https:\/\/www.mc-expatriation.com\/es\/gestoria\/mobiliario-domestico\/","url":"https:\/\/www.mc-expatriation.com\/es\/gestoria\/mobiliario-domestico\/","name":"Gestor\u00eda \u2013 Mobiliario dom\u00e9stico","isPartOf":{"@id":"https:\/\/www.mc-expatriation.com\/#website"},"primaryImageOfPage":{"@id":"https:\/\/www.mc-expatriation.com\/es\/gestoria\/mobiliario-domestico\/#primaryimage"},"image":{"@id":"https:\/\/www.mc-expatriation.com\/es\/gestoria\/mobiliario-domestico\/#primaryimage"},"thumbnailUrl":"https:\/\/www.mc-expatriation.com\/wp-content\/uploads\/2023\/03\/fournitures-maison-expatriation-andorre.jpg","datePublished":"2022-10-27T21:04:33+00:00","dateModified":"2023-03-22T07:50:31+00:00","breadcrumb":{"@id":"https:\/\/www.mc-expatriation.com\/es\/gestoria\/mobiliario-domestico\/#breadcrumb"},"inLanguage":"es","potentialAction":[{"@type":"ReadAction","target":["https:\/\/www.mc-expatriation.com\/es\/gestoria\/mobiliario-domestico\/"]}]},{"@type":"ImageObject","inLanguage":"es","@id":"https:\/\/www.mc-expatriation.com\/es\/gestoria\/mobiliario-domestico\/#primaryimage","url":"https:\/\/www.mc-expatriation.com\/wp-content\/uploads\/2023\/03\/fournitures-maison-expatriation-andorre.jpg","contentUrl":"https:\/\/www.mc-expatriation.com\/wp-content\/uploads\/2023\/03\/fournitures-maison-expatriation-andorre.jpg","width":1924,"height":430},{"@type":"BreadcrumbList","@id":"https:\/\/www.mc-expatriation.com\/es\/gestoria\/mobiliario-domestico\/#breadcrumb","itemListElement":[{"@type":"ListItem","position":1,"name":"Home","item":"https:\/\/www.mc-expatriation.com\/es\/"},{"@type":"ListItem","position":2,"name":"Gestor\u00eda Andorra, su consultor\u00eda de asistencia a la expatriaci\u00f3n","item":"https:\/\/www.mc-expatriation.com\/es\/gestoria\/"},{"@type":"ListItem","position":3,"name":"Gestor\u00eda \u2013 Mobiliario dom\u00e9stico"}]},{"@type":"WebSite","@id":"https:\/\/www.mc-expatriation.com\/#website","url":"https:\/\/www.mc-expatriation.com\/","name":"MC Expatriation","description":"","publisher":{"@id":"https:\/\/www.mc-expatriation.com\/#organization"},"potentialAction":[{"@type":"SearchAction","target":{"@type":"EntryPoint","urlTemplate":"https:\/\/www.mc-expatriation.com\/?s={search_term_string}"},"query-input":{"@type":"PropertyValueSpecification","valueRequired":true,"valueName":"search_term_string"}}],"inLanguage":"es"},{"@type":"Organization","@id":"https:\/\/www.mc-expatriation.com\/#organization","name":"MC Expatriation","url":"https:\/\/www.mc-expatriation.com\/","logo":{"@type":"ImageObject","inLanguage":"es","@id":"https:\/\/www.mc-expatriation.com\/#\/schema\/logo\/image\/","url":"https:\/\/www.mc-expatriation.com\/wp-content\/uploads\/2022\/10\/logo.svg","contentUrl":"https:\/\/www.mc-expatriation.com\/wp-content\/uploads\/2022\/10\/logo.svg","caption":"MC Expatriation"},"image":{"@id":"https:\/\/www.mc-expatriation.com\/#\/schema\/logo\/image\/"}}]}},"_links":{"self":[{"href":"https:\/\/www.mc-expatriation.com\/es\/wp-json\/wp\/v2\/pages\/3234","targetHints":{"allow":["GET"]}}],"collection":[{"href":"https:\/\/www.mc-expatriation.com\/es\/wp-json\/wp\/v2\/pages"}],"about":[{"href":"https:\/\/www.mc-expatriation.com\/es\/wp-json\/wp\/v2\/types\/page"}],"author":[{"embeddable":true,"href":"https:\/\/www.mc-expatriation.com\/es\/wp-json\/wp\/v2\/users\/1"}],"replies":[{"embeddable":true,"href":"https:\/\/www.mc-expatriation.com\/es\/wp-json\/wp\/v2\/comments?post=3234"}],"version-history":[{"count":4,"href":"https:\/\/www.mc-expatriation.com\/es\/wp-json\/wp\/v2\/pages\/3234\/revisions"}],"predecessor-version":[{"id":3360,"href":"https:\/\/www.mc-expatriation.com\/es\/wp-json\/wp\/v2\/pages\/3234\/revisions\/3360"}],"up":[{"embeddable":true,"href":"https:\/\/www.mc-expatriation.com\/es\/wp-json\/wp\/v2\/pages\/1741"}],"wp:featuredmedia":[{"embeddable":true,"href":"https:\/\/www.mc-expatriation.com\/es\/wp-json\/wp\/v2\/media\/3226"}],"wp:attachment":[{"href":"https:\/\/www.mc-expatriation.com\/es\/wp-json\/wp\/v2\/media?parent=3234"}],"curies":[{"name":"wp","href":"https:\/\/api.w.org\/{rel}","templated":true}]}}