{"id":3264,"date":"2022-11-04T12:52:24","date_gmt":"2022-11-04T12:52:24","guid":{"rendered":"https:\/\/www.mc-expatriation.com\/gestoria\/assurances\/"},"modified":"2023-03-22T07:51:48","modified_gmt":"2023-03-22T07:51:48","slug":"seguros","status":"publish","type":"page","link":"https:\/\/www.mc-expatriation.com\/es\/gestoria\/seguros\/","title":{"rendered":"Gestor\u00eda &#8211; Seguros en Andorra"},"content":{"rendered":"\n<h2 class=\"wp-block-heading\" id=\"h-los-seguros-llamados-clasicos-en-andorra-hogar-automovil\">Los seguros llamados \u00abcl\u00e1sicos\u00bb en Andorra: hogar &amp; autom\u00f3vil<\/h2>\n\n\n\n<p>A solo 2 horas en coche de Toulouse, Andorra es uno de los destinos favoritos de los franceses. Si procede de un pa\u00eds no europeo, como por ejemplo Canad\u00e1, tardar\u00e1 m\u00e1s de 12 horas en llegar a Andorra la Vella desde Ottawa. Antes de mudarse a Andorra, piense en las ofertas de seguros en este peque\u00f1o estado sin litoral situado entre Francia y Espa\u00f1a.&nbsp;<\/p>\n\n\n\n<p>En Andorra, el seguro de hogar es obligatorio tanto para el propietario como para el inquilino. La legislaci\u00f3n andorrana obliga a tener una cobertura m\u00ednima. Como en todos los pa\u00edses de la Uni\u00f3n Europea, tambi\u00e9n hay que tener seguro de coche. En&nbsp; precio del seguro de autom\u00f3vil en este pa\u00eds influyen varios factores, entre ellos el modelo del autom\u00f3vil, el tipo de motor, la marca y la edad del conductor.&nbsp;<\/p>\n\n\n\n<h2 class=\"wp-block-heading\" id=\"h-seguro-de-enfermedad-complementario-para-el-reembolso-integro-de-los-gastos-de-asistencia-sanitaria\">Seguro de enfermedad complementario para el reembolso \u00edntegro de los gastos de asistencia sanitaria<\/h2>\n\n\n\n<p>Por lo que respecta al reembolso del seguro de enfermedad y la cobertura social en el Principado de Andorra, el pa\u00eds ha adaptado un sistema especialmente simplificado. Todos los tr\u00e1mites est\u00e1n centralizados en una instituci\u00f3n, la CASS, que es la caja de la seguridad social de Andorra. Este es el organismo que gestiona todas las solicitudes de reembolso de gastos m\u00e9dicos.<\/p>\n","protected":false},"excerpt":{"rendered":"<p>Los seguros llamados \u00abcl\u00e1sicos\u00bb en Andorra: hogar &amp; autom\u00f3vil A solo 2 horas en coche de Toulouse, Andorra es uno de los destinos favoritos de los franceses. Si procede de un pa\u00eds no europeo, como por ejemplo Canad\u00e1, tardar\u00e1 m\u00e1s de 12 horas en llegar a Andorra la Vella desde Ottawa. Antes de mudarse a [&hellip;]<\/p>\n","protected":false},"author":1,"featured_media":3250,"parent":1741,"menu_order":0,"comment_status":"closed","ping_status":"closed","template":"niveau-2.php","meta":{"_acf_changed":false,"footnotes":""},"class_list":["post-3264","page","type-page","status-publish","has-post-thumbnail","hentry"],"acf":[],"yoast_head":"<!-- This site is optimized with the Yoast SEO Premium plugin v25.8 (Yoast SEO v27.3) - https:\/\/yoast.com\/product\/yoast-seo-premium-wordpress\/ -->\n<title>Gestor\u00eda - Seguros en Andorra<\/title>\n<meta name=\"robots\" content=\"index, follow, max-snippet:-1, max-image-preview:large, max-video-preview:-1\" \/>\n<link rel=\"canonical\" href=\"https:\/\/www.mc-expatriation.com\/es\/gestoria\/seguros\/\" \/>\n<meta property=\"og:locale\" content=\"es_ES\" \/>\n<meta property=\"og:type\" content=\"article\" \/>\n<meta property=\"og:title\" content=\"Gestor\u00eda - Seguros en Andorra\" \/>\n<meta property=\"og:description\" content=\"Los seguros llamados \u00abcl\u00e1sicos\u00bb en Andorra: hogar &amp; autom\u00f3vil A solo 2 horas en coche de Toulouse, Andorra es uno de los destinos favoritos de los franceses. Si procede de un pa\u00eds no europeo, como por ejemplo Canad\u00e1, tardar\u00e1 m\u00e1s de 12 horas en llegar a Andorra la Vella desde Ottawa. Antes de mudarse a [&hellip;]\" \/>\n<meta property=\"og:url\" content=\"https:\/\/www.mc-expatriation.com\/es\/gestoria\/seguros\/\" \/>\n<meta property=\"og:site_name\" content=\"MC Expatriation\" \/>\n<meta property=\"article:modified_time\" content=\"2023-03-22T07:51:48+00:00\" \/>\n<meta property=\"og:image\" content=\"https:\/\/www.mc-expatriation.com\/wp-content\/uploads\/2023\/03\/andorre-assurances.jpg\" \/>\n\t<meta property=\"og:image:width\" content=\"1924\" \/>\n\t<meta property=\"og:image:height\" content=\"430\" \/>\n\t<meta property=\"og:image:type\" content=\"image\/jpeg\" \/>\n<meta name=\"twitter:card\" content=\"summary_large_image\" \/>\n<meta name=\"twitter:label1\" content=\"Tiempo de lectura\" \/>\n\t<meta name=\"twitter:data1\" content=\"2 minutos\" \/>\n<script type=\"application\/ld+json\" class=\"yoast-schema-graph\">{\"@context\":\"https:\\\/\\\/schema.org\",\"@graph\":[{\"@type\":\"WebPage\",\"@id\":\"https:\\\/\\\/www.mc-expatriation.com\\\/es\\\/gestoria\\\/seguros\\\/\",\"url\":\"https:\\\/\\\/www.mc-expatriation.com\\\/es\\\/gestoria\\\/seguros\\\/\",\"name\":\"Gestor\u00eda - Seguros en Andorra\",\"isPartOf\":{\"@id\":\"https:\\\/\\\/www.mc-expatriation.com\\\/#website\"},\"primaryImageOfPage\":{\"@id\":\"https:\\\/\\\/www.mc-expatriation.com\\\/es\\\/gestoria\\\/seguros\\\/#primaryimage\"},\"image\":{\"@id\":\"https:\\\/\\\/www.mc-expatriation.com\\\/es\\\/gestoria\\\/seguros\\\/#primaryimage\"},\"thumbnailUrl\":\"https:\\\/\\\/www.mc-expatriation.com\\\/wp-content\\\/uploads\\\/2023\\\/03\\\/andorre-assurances.jpg\",\"datePublished\":\"2022-11-04T12:52:24+00:00\",\"dateModified\":\"2023-03-22T07:51:48+00:00\",\"breadcrumb\":{\"@id\":\"https:\\\/\\\/www.mc-expatriation.com\\\/es\\\/gestoria\\\/seguros\\\/#breadcrumb\"},\"inLanguage\":\"es\",\"potentialAction\":[{\"@type\":\"ReadAction\",\"target\":[\"https:\\\/\\\/www.mc-expatriation.com\\\/es\\\/gestoria\\\/seguros\\\/\"]}]},{\"@type\":\"ImageObject\",\"inLanguage\":\"es\",\"@id\":\"https:\\\/\\\/www.mc-expatriation.com\\\/es\\\/gestoria\\\/seguros\\\/#primaryimage\",\"url\":\"https:\\\/\\\/www.mc-expatriation.com\\\/wp-content\\\/uploads\\\/2023\\\/03\\\/andorre-assurances.jpg\",\"contentUrl\":\"https:\\\/\\\/www.mc-expatriation.com\\\/wp-content\\\/uploads\\\/2023\\\/03\\\/andorre-assurances.jpg\",\"width\":1924,\"height\":430},{\"@type\":\"BreadcrumbList\",\"@id\":\"https:\\\/\\\/www.mc-expatriation.com\\\/es\\\/gestoria\\\/seguros\\\/#breadcrumb\",\"itemListElement\":[{\"@type\":\"ListItem\",\"position\":1,\"name\":\"Home\",\"item\":\"https:\\\/\\\/www.mc-expatriation.com\\\/es\\\/\"},{\"@type\":\"ListItem\",\"position\":2,\"name\":\"Gestor\u00eda Andorra, su consultor\u00eda de asistencia a la expatriaci\u00f3n\",\"item\":\"https:\\\/\\\/www.mc-expatriation.com\\\/es\\\/gestoria\\\/\"},{\"@type\":\"ListItem\",\"position\":3,\"name\":\"Gestor\u00eda &#8211; Seguros en Andorra\"}]},{\"@type\":\"WebSite\",\"@id\":\"https:\\\/\\\/www.mc-expatriation.com\\\/#website\",\"url\":\"https:\\\/\\\/www.mc-expatriation.com\\\/\",\"name\":\"MC Expatriation\",\"description\":\"\",\"publisher\":{\"@id\":\"https:\\\/\\\/www.mc-expatriation.com\\\/#organization\"},\"potentialAction\":[{\"@type\":\"SearchAction\",\"target\":{\"@type\":\"EntryPoint\",\"urlTemplate\":\"https:\\\/\\\/www.mc-expatriation.com\\\/?s={search_term_string}\"},\"query-input\":{\"@type\":\"PropertyValueSpecification\",\"valueRequired\":true,\"valueName\":\"search_term_string\"}}],\"inLanguage\":\"es\"},{\"@type\":\"Organization\",\"@id\":\"https:\\\/\\\/www.mc-expatriation.com\\\/#organization\",\"name\":\"MC Expatriation\",\"url\":\"https:\\\/\\\/www.mc-expatriation.com\\\/\",\"logo\":{\"@type\":\"ImageObject\",\"inLanguage\":\"es\",\"@id\":\"https:\\\/\\\/www.mc-expatriation.com\\\/#\\\/schema\\\/logo\\\/image\\\/\",\"url\":\"https:\\\/\\\/www.mc-expatriation.com\\\/wp-content\\\/uploads\\\/2022\\\/10\\\/logo.svg\",\"contentUrl\":\"https:\\\/\\\/www.mc-expatriation.com\\\/wp-content\\\/uploads\\\/2022\\\/10\\\/logo.svg\",\"caption\":\"MC Expatriation\"},\"image\":{\"@id\":\"https:\\\/\\\/www.mc-expatriation.com\\\/#\\\/schema\\\/logo\\\/image\\\/\"}}]}<\/script>\n<!-- \/ Yoast SEO Premium plugin. -->","yoast_head_json":{"title":"Gestor\u00eda - Seguros en Andorra","robots":{"index":"index","follow":"follow","max-snippet":"max-snippet:-1","max-image-preview":"max-image-preview:large","max-video-preview":"max-video-preview:-1"},"canonical":"https:\/\/www.mc-expatriation.com\/es\/gestoria\/seguros\/","og_locale":"es_ES","og_type":"article","og_title":"Gestor\u00eda - Seguros en Andorra","og_description":"Los seguros llamados \u00abcl\u00e1sicos\u00bb en Andorra: hogar &amp; autom\u00f3vil A solo 2 horas en coche de Toulouse, Andorra es uno de los destinos favoritos de los franceses. Si procede de un pa\u00eds no europeo, como por ejemplo Canad\u00e1, tardar\u00e1 m\u00e1s de 12 horas en llegar a Andorra la Vella desde Ottawa. Antes de mudarse a [&hellip;]","og_url":"https:\/\/www.mc-expatriation.com\/es\/gestoria\/seguros\/","og_site_name":"MC Expatriation","article_modified_time":"2023-03-22T07:51:48+00:00","og_image":[{"width":1924,"height":430,"url":"https:\/\/www.mc-expatriation.com\/wp-content\/uploads\/2023\/03\/andorre-assurances.jpg","type":"image\/jpeg"}],"twitter_card":"summary_large_image","twitter_misc":{"Tiempo de lectura":"2 minutos"},"schema":{"@context":"https:\/\/schema.org","@graph":[{"@type":"WebPage","@id":"https:\/\/www.mc-expatriation.com\/es\/gestoria\/seguros\/","url":"https:\/\/www.mc-expatriation.com\/es\/gestoria\/seguros\/","name":"Gestor\u00eda - Seguros en Andorra","isPartOf":{"@id":"https:\/\/www.mc-expatriation.com\/#website"},"primaryImageOfPage":{"@id":"https:\/\/www.mc-expatriation.com\/es\/gestoria\/seguros\/#primaryimage"},"image":{"@id":"https:\/\/www.mc-expatriation.com\/es\/gestoria\/seguros\/#primaryimage"},"thumbnailUrl":"https:\/\/www.mc-expatriation.com\/wp-content\/uploads\/2023\/03\/andorre-assurances.jpg","datePublished":"2022-11-04T12:52:24+00:00","dateModified":"2023-03-22T07:51:48+00:00","breadcrumb":{"@id":"https:\/\/www.mc-expatriation.com\/es\/gestoria\/seguros\/#breadcrumb"},"inLanguage":"es","potentialAction":[{"@type":"ReadAction","target":["https:\/\/www.mc-expatriation.com\/es\/gestoria\/seguros\/"]}]},{"@type":"ImageObject","inLanguage":"es","@id":"https:\/\/www.mc-expatriation.com\/es\/gestoria\/seguros\/#primaryimage","url":"https:\/\/www.mc-expatriation.com\/wp-content\/uploads\/2023\/03\/andorre-assurances.jpg","contentUrl":"https:\/\/www.mc-expatriation.com\/wp-content\/uploads\/2023\/03\/andorre-assurances.jpg","width":1924,"height":430},{"@type":"BreadcrumbList","@id":"https:\/\/www.mc-expatriation.com\/es\/gestoria\/seguros\/#breadcrumb","itemListElement":[{"@type":"ListItem","position":1,"name":"Home","item":"https:\/\/www.mc-expatriation.com\/es\/"},{"@type":"ListItem","position":2,"name":"Gestor\u00eda Andorra, su consultor\u00eda de asistencia a la expatriaci\u00f3n","item":"https:\/\/www.mc-expatriation.com\/es\/gestoria\/"},{"@type":"ListItem","position":3,"name":"Gestor\u00eda &#8211; Seguros en Andorra"}]},{"@type":"WebSite","@id":"https:\/\/www.mc-expatriation.com\/#website","url":"https:\/\/www.mc-expatriation.com\/","name":"MC Expatriation","description":"","publisher":{"@id":"https:\/\/www.mc-expatriation.com\/#organization"},"potentialAction":[{"@type":"SearchAction","target":{"@type":"EntryPoint","urlTemplate":"https:\/\/www.mc-expatriation.com\/?s={search_term_string}"},"query-input":{"@type":"PropertyValueSpecification","valueRequired":true,"valueName":"search_term_string"}}],"inLanguage":"es"},{"@type":"Organization","@id":"https:\/\/www.mc-expatriation.com\/#organization","name":"MC Expatriation","url":"https:\/\/www.mc-expatriation.com\/","logo":{"@type":"ImageObject","inLanguage":"es","@id":"https:\/\/www.mc-expatriation.com\/#\/schema\/logo\/image\/","url":"https:\/\/www.mc-expatriation.com\/wp-content\/uploads\/2022\/10\/logo.svg","contentUrl":"https:\/\/www.mc-expatriation.com\/wp-content\/uploads\/2022\/10\/logo.svg","caption":"MC Expatriation"},"image":{"@id":"https:\/\/www.mc-expatriation.com\/#\/schema\/logo\/image\/"}}]}},"_links":{"self":[{"href":"https:\/\/www.mc-expatriation.com\/es\/wp-json\/wp\/v2\/pages\/3264","targetHints":{"allow":["GET"]}}],"collection":[{"href":"https:\/\/www.mc-expatriation.com\/es\/wp-json\/wp\/v2\/pages"}],"about":[{"href":"https:\/\/www.mc-expatriation.com\/es\/wp-json\/wp\/v2\/types\/page"}],"author":[{"embeddable":true,"href":"https:\/\/www.mc-expatriation.com\/es\/wp-json\/wp\/v2\/users\/1"}],"replies":[{"embeddable":true,"href":"https:\/\/www.mc-expatriation.com\/es\/wp-json\/wp\/v2\/comments?post=3264"}],"version-history":[{"count":5,"href":"https:\/\/www.mc-expatriation.com\/es\/wp-json\/wp\/v2\/pages\/3264\/revisions"}],"predecessor-version":[{"id":3362,"href":"https:\/\/www.mc-expatriation.com\/es\/wp-json\/wp\/v2\/pages\/3264\/revisions\/3362"}],"up":[{"embeddable":true,"href":"https:\/\/www.mc-expatriation.com\/es\/wp-json\/wp\/v2\/pages\/1741"}],"wp:featuredmedia":[{"embeddable":true,"href":"https:\/\/www.mc-expatriation.com\/es\/wp-json\/wp\/v2\/media\/3250"}],"wp:attachment":[{"href":"https:\/\/www.mc-expatriation.com\/es\/wp-json\/wp\/v2\/media?parent=3264"}],"curies":[{"name":"wp","href":"https:\/\/api.w.org\/{rel}","templated":true}]}}