{"id":4069,"date":"2022-10-27T01:25:14","date_gmt":"2022-10-27T01:25:14","guid":{"rendered":"https:\/\/www.mc-expatriation.com\/?page_id=4069"},"modified":"2023-11-20T06:17:19","modified_gmt":"2023-11-20T06:17:19","slug":"conserje","status":"publish","type":"page","link":"https:\/\/www.mc-expatriation.com\/es\/gestoria\/conserje\/","title":{"rendered":"Benef\u00edciese de un servicio de conserjer\u00eda a medida para gestionar mejor su vida diaria en Andorra"},"content":{"rendered":"\n<p>Un sistema fiscal ventajoso, un entorno natural impresionante y una seguridad \u00f3ptima son s\u00f3lo algunas de las razones para expatriarse en el Principado. Pero tambi\u00e9n es cierto que, a su llegada a Andorra, puede llevarle mucho tiempo gestionar el d\u00eda a d\u00eda en el pa\u00eds. La suma de su trabajo y los diversos tr\u00e1mites administrativos relacionados con su expatriaci\u00f3n, y m\u00e1s si viene con sus hijos, puede hacerle sentir desbordado. Un servicio de conserjer\u00eda ser\u00e1 una gran ayuda: reduce el estr\u00e9s y le ahorra una considerable cantidad de tiempo.<\/p>\n\n\n\n<h2 class=\"wp-block-heading\">\u00bfQu\u00e9 es un servicio de conserjer\u00eda?<\/h2>\n\n\n\n<p>Podr\u00edamos describir los servicios de conserjer\u00eda como una asistencia optimizada que le ayudar\u00e1 a gestionar el d\u00eda a d\u00eda. A los expatriados en Andorra no siempre les resulta f\u00e1cil orientarse en este nuevo pa\u00eds. Sobre todo, porque el idioma oficial en Andorra es el catal\u00e1n, aunque se hablan otras lenguas como el franc\u00e9s y el espa\u00f1ol.<\/p>\n\n\n\n<p>El principal objetivo de nuestro servicio de conserjer\u00eda es el de facilitarle una expatriaci\u00f3n en Andorra con total tranquilidad., mediante una buena gesti\u00f3n de su vida cotidiana y la de su personal. Nos ocupamos de las tareas individuales de las familias, especialmente de aquellas que se han mudado recientemente al Principado.<\/p>\n\n\n\n<p>A la llegada a un nuevo pa\u00eds, el expatriado no suele conocer las costumbres ni tener referencias locales. Un servicio de conserjer\u00eda trabaja para ayudar a sus clientes en sus necesidades diarias. Les ofrece consejos y orientaci\u00f3n sensatos y con buen criterio.<\/p>\n\n\n\n<h3 class=\"wp-block-heading\">Un servicio de conserjer\u00eda para expatriados<\/h3>\n\n\n\n<p>En caso de expatriaci\u00f3n a Andorra, el acompa\u00f1amiento de nuestro servicio de conserjer\u00eda puede empezar en su pa\u00eds de origen. Podemos reservarle un hotel si a\u00fan no ha encontrado la casa o &nbsp;piso adecuados.<\/p>\n\n\n\n<p>Teniendo resuelto el punto&nbsp; de la una asistencia personalizada que le facilitar\u00e1 la vida una vez en Andorra, no espere m\u00e1s para aprovechar las ventajas fiscales que ofrece el Principado. Si, por ejemplo, &nbsp;su intenci\u00f3n es la de crear una empresa en Andorra, sin duda ya sabr\u00e1 que el Principado ha firmado un convenio de doble imposici\u00f3n con varios pa\u00edses, entre ellos Francia. Se trata de una gran ventaja para los empresarios, emprendedores e inversores.<\/p>\n\n\n\n<p>El tema de la seguridad tambi\u00e9n es inmejorable. Por no hablar de la estable situaci\u00f3n econ\u00f3mica y pol\u00edtica del Principado. Se puede invertir en el sector inmobiliario, como el alquiler de pisos, o en otros sectores como la Web. En el caso de Internet, el pa\u00eds cuenta con la cobertura de Andorra Telecom. Este operador ofrece hasta 1 Gbps de Internet sim\u00e9trico, as\u00ed como fibra en todo el Principado.<\/p>\n\n\n\n<h3 class=\"wp-block-heading\">Servicios de conserjer\u00eda regulares u ocasionales<\/h3>\n\n\n\n<p>Si no tiene previsto expatriarse a Andorra, sino que simplemente va a pasar una estancia en el Principado, un servicio de conserjer\u00eda puede igualmente acompa\u00f1arle para facilitarle la vida. Estamos a su disposici\u00f3n para cualquier pregunta relacionada con el alojamiento, las habitaciones de hotel y las distintas instalaciones que pueda necesitar.<\/p>\n\n\n\n<figure class=\"wp-block-image size-large is-resized\"><img loading=\"lazy\" decoding=\"async\" src=\"https:\/\/www.mc-expatriation.com\/wp-content\/uploads\/2023\/02\/service-consiergerie-1024x405.jpg\" alt=\"Des services r\u00e9guliers ou occasionnels d\u2019une conciergerie\u00a0\" class=\"wp-image-2607\" width=\"1024\" height=\"405\" srcset=\"https:\/\/www.mc-expatriation.com\/wp-content\/uploads\/2023\/02\/service-consiergerie-1024x405.jpg 1024w, https:\/\/www.mc-expatriation.com\/wp-content\/uploads\/2023\/02\/service-consiergerie-300x119.jpg 300w, https:\/\/www.mc-expatriation.com\/wp-content\/uploads\/2023\/02\/service-consiergerie-768x304.jpg 768w, https:\/\/www.mc-expatriation.com\/wp-content\/uploads\/2023\/02\/service-consiergerie.jpg 1200w\" sizes=\"auto, (max-width: 1024px) 100vw, 1024px\" \/><\/figure>\n\n\n\n<h2 class=\"wp-block-heading\" id=\"h-facilitar-la-vida-cotidiana-de-los-expatriados-en-andorra\">Facilitar la vida cotidiana de los expatriados en Andorra<\/h2>\n\n\n\n<p>Una de las misiones del servicio de conserjer\u00eda es hacer que la vida cotidiana de los expatriados sea menos estresante. No se trata simplemente de acompa\u00f1arlos a cualquier instituci\u00f3n para llevar a cabo tr\u00e1mites administrativos. Puede ser cuesti\u00f3n de reservar una sesi\u00f3n de esqu\u00ed o de deporte en un gimnasio o centro deportivo, abonarse a Internet, organizar su viaje de trabajo o de&nbsp; vacaciones, matricular a sus hijos en el colegio de su elecci\u00f3n y muchas otras cosas.<\/p>\n\n\n\n<h3 class=\"wp-block-heading\" id=\"h-unos-servicios-adaptados-a-sus-necesidades\">Unos servicios adaptados a sus necesidades<\/h3>\n\n\n\n<p>Si necesita que alguien ordene su habitaci\u00f3n o limpie un establecimiento comercial, podemos ponerle en contacto con el profesional adecuado. Teniendo en cuenta que cada perfil individual requiere un servicio de conserjer\u00eda diferente, nos encargamos de clasificar las necesidades para que pueda disfrutar de servicios totalmente personalizados.<\/p>\n\n\n\n<div class=\"wp-block-columns is-layout-flex wp-container-core-columns-is-layout-9d6595d7 wp-block-columns-is-layout-flex\">\n<div class=\"wp-block-column is-layout-flow wp-block-column-is-layout-flow\">\n<h4 class=\"wp-block-heading\" id=\"h-para-tareas-puntuales\"><em><em>Para tareas puntuales<\/em><\/em><\/h4>\n\n\n\n<p>Nuestros colaboradores pueden ocuparse de sus hijos algunas noches en las que tenga que volver tarde a casa, reservarle un hotel u otro tipo de alojamiento si viaja por el Principado. Tambi\u00e9n puede contar con los servicios de un profesional para gestionar sus abonos de Internet, agua y electricidad.<\/p>\n<\/div>\n\n\n\n<div class=\"wp-block-column is-layout-flow wp-block-column-is-layout-flow\">\n<h4 class=\"wp-block-heading\" id=\"h-para-encargos-continuos-y-frecuentes\"><em><em>Para encargos&nbsp; continuos y frecuentes<\/em><\/em><\/h4>\n\n\n\n<p>Por ejemplo, puede hacer que un conserje limpie las habitaciones de su piso y reciba su correo. Si no tiene tiempo para llevar a sus hijos a su centro deportivo, a esquiar o a hacer otras actividades extraescolares, estamos aqu\u00ed para ayudarle.<\/p>\n<\/div>\n<\/div>\n\n\n\n<div class=\"wp-block-columns is-layout-flex wp-container-core-columns-is-layout-9d6595d7 wp-block-columns-is-layout-flex\">\n<div class=\"wp-block-column is-layout-flow wp-block-column-is-layout-flow\">\n<h4 class=\"wp-block-heading\" id=\"h-para-organizar-eventos\"><em><em>Para organizar eventos<\/em><\/em><\/h4>\n\n\n\n<p>Desde la b\u00fasqueda y reserva de un sal\u00f3n de recepciones hasta el dise\u00f1o de las tarjetas de invitaci\u00f3n y el contacto con diversos proveedores de servicios, nuestro servicio de conserjer\u00eda le acompa\u00f1ar\u00e1 en todo momento.<\/p>\n<\/div>\n\n\n\n<div class=\"wp-block-column is-layout-flow wp-block-column-is-layout-flow\">\n<h4 class=\"wp-block-heading\" id=\"h-para-planificar-proyectos-personales\"><em><em>Para planificar proyectos personales<\/em><\/em><\/h4>\n\n\n\n<p>Tanto si se trata de gestionar asuntos administrativos con la instituci\u00f3n correspondiente como de planificar proyectos personales, un conserje act\u00faa como asistente personal. Siempre a la escucha, profesional y receptivo, puede ocuparse de las citas, tanto si son con un m\u00e9dico, una peluquer\u00eda o una instituci\u00f3n administrativa o jur\u00eddica.<\/p>\n<\/div>\n<\/div>\n\n\n\n<div class=\"wp-block-columns is-layout-flex wp-container-core-columns-is-layout-9d6595d7 wp-block-columns-is-layout-flex\">\n<div class=\"wp-block-column is-layout-flow wp-block-column-is-layout-flow\">\n<h4 class=\"wp-block-heading\" id=\"h-para-un-soporte-integral\"><em><em>Para un soporte integral<\/em><\/em><\/h4>\n\n\n\n<p>Una sola jornada puede resultar enervante si no se planifica bien. El simple hecho de conseguir encontrar aparcamiento ya puede convertirse una verdadera ordal\u00eda&nbsp; en algunas grandes ciudades como Andorra la Vella.<\/p>\n<\/div>\n\n\n\n<div class=\"wp-block-column is-layout-flow wp-block-column-is-layout-flow\"><\/div>\n<\/div>\n\n\n\n<p>Los servicios de un conserje pueden facilitarle mucho la vida cotidiana en su nuevo pa\u00eds. Nuestro equipo est\u00e1 a su disposici\u00f3n para organizar su estancia lo mejor posible. Estamos en condiciones de proporcionarle un acompa\u00f1amiento completo.<\/p>\n","protected":false},"excerpt":{"rendered":"<p>Un sistema fiscal ventajoso, un entorno natural impresionante y una seguridad \u00f3ptima son s\u00f3lo algunas de las razones para expatriarse en el Principado. Pero tambi\u00e9n es cierto que, a su llegada a Andorra, puede llevarle mucho tiempo gestionar el d\u00eda a d\u00eda en el pa\u00eds. La suma de su trabajo y los diversos tr\u00e1mites administrativos [&hellip;]<\/p>\n","protected":false},"author":1,"featured_media":1396,"parent":1741,"menu_order":0,"comment_status":"closed","ping_status":"closed","template":"niveau-2.php","meta":{"_acf_changed":false,"footnotes":""},"class_list":["post-4069","page","type-page","status-publish","has-post-thumbnail","hentry"],"acf":[],"yoast_head":"<!-- This site is optimized with the Yoast SEO Premium plugin v25.8 (Yoast SEO v27.3) - https:\/\/yoast.com\/product\/yoast-seo-premium-wordpress\/ -->\n<title>Benef\u00edciese de un servicio de conserjer\u00eda a medida para gestionar mejor su vida diaria en Andorra<\/title>\n<meta name=\"robots\" content=\"index, follow, max-snippet:-1, max-image-preview:large, max-video-preview:-1\" \/>\n<link rel=\"canonical\" href=\"https:\/\/www.mc-expatriation.com\/es\/gestoria\/conserje\/\" \/>\n<meta property=\"og:locale\" content=\"es_ES\" \/>\n<meta property=\"og:type\" content=\"article\" \/>\n<meta property=\"og:title\" content=\"Benef\u00edciese de un servicio de conserjer\u00eda a medida para gestionar mejor su vida diaria en Andorra\" \/>\n<meta property=\"og:description\" content=\"Un sistema fiscal ventajoso, un entorno natural impresionante y una seguridad \u00f3ptima son s\u00f3lo algunas de las razones para expatriarse en el Principado. Pero tambi\u00e9n es cierto que, a su llegada a Andorra, puede llevarle mucho tiempo gestionar el d\u00eda a d\u00eda en el pa\u00eds. La suma de su trabajo y los diversos tr\u00e1mites administrativos [&hellip;]\" \/>\n<meta property=\"og:url\" content=\"https:\/\/www.mc-expatriation.com\/es\/gestoria\/conserje\/\" \/>\n<meta property=\"og:site_name\" content=\"MC Expatriation\" \/>\n<meta property=\"article:modified_time\" content=\"2023-11-20T06:17:19+00:00\" \/>\n<meta property=\"og:image\" content=\"https:\/\/www.mc-expatriation.com\/wp-content\/uploads\/2022\/10\/expat-niveau2-01.jpg\" \/>\n\t<meta property=\"og:image:width\" content=\"1924\" \/>\n\t<meta property=\"og:image:height\" content=\"430\" \/>\n\t<meta property=\"og:image:type\" content=\"image\/jpeg\" \/>\n<meta name=\"twitter:card\" content=\"summary_large_image\" \/>\n<meta name=\"twitter:label1\" content=\"Tiempo de lectura\" \/>\n\t<meta name=\"twitter:data1\" content=\"5 minutos\" \/>\n<script type=\"application\/ld+json\" class=\"yoast-schema-graph\">{\"@context\":\"https:\\\/\\\/schema.org\",\"@graph\":[{\"@type\":\"WebPage\",\"@id\":\"https:\\\/\\\/www.mc-expatriation.com\\\/es\\\/gestoria\\\/conserje\\\/\",\"url\":\"https:\\\/\\\/www.mc-expatriation.com\\\/es\\\/gestoria\\\/conserje\\\/\",\"name\":\"Benef\u00edciese de un servicio de conserjer\u00eda a medida para gestionar mejor su vida diaria en Andorra\",\"isPartOf\":{\"@id\":\"https:\\\/\\\/www.mc-expatriation.com\\\/#website\"},\"primaryImageOfPage\":{\"@id\":\"https:\\\/\\\/www.mc-expatriation.com\\\/es\\\/gestoria\\\/conserje\\\/#primaryimage\"},\"image\":{\"@id\":\"https:\\\/\\\/www.mc-expatriation.com\\\/es\\\/gestoria\\\/conserje\\\/#primaryimage\"},\"thumbnailUrl\":\"https:\\\/\\\/www.mc-expatriation.com\\\/wp-content\\\/uploads\\\/2022\\\/10\\\/expat-niveau2-01.jpg\",\"datePublished\":\"2022-10-27T01:25:14+00:00\",\"dateModified\":\"2023-11-20T06:17:19+00:00\",\"breadcrumb\":{\"@id\":\"https:\\\/\\\/www.mc-expatriation.com\\\/es\\\/gestoria\\\/conserje\\\/#breadcrumb\"},\"inLanguage\":\"es\",\"potentialAction\":[{\"@type\":\"ReadAction\",\"target\":[\"https:\\\/\\\/www.mc-expatriation.com\\\/es\\\/gestoria\\\/conserje\\\/\"]}]},{\"@type\":\"ImageObject\",\"inLanguage\":\"es\",\"@id\":\"https:\\\/\\\/www.mc-expatriation.com\\\/es\\\/gestoria\\\/conserje\\\/#primaryimage\",\"url\":\"https:\\\/\\\/www.mc-expatriation.com\\\/wp-content\\\/uploads\\\/2022\\\/10\\\/expat-niveau2-01.jpg\",\"contentUrl\":\"https:\\\/\\\/www.mc-expatriation.com\\\/wp-content\\\/uploads\\\/2022\\\/10\\\/expat-niveau2-01.jpg\",\"width\":1924,\"height\":430,\"caption\":\"Les assurances en Andorre\"},{\"@type\":\"BreadcrumbList\",\"@id\":\"https:\\\/\\\/www.mc-expatriation.com\\\/es\\\/gestoria\\\/conserje\\\/#breadcrumb\",\"itemListElement\":[{\"@type\":\"ListItem\",\"position\":1,\"name\":\"Home\",\"item\":\"https:\\\/\\\/www.mc-expatriation.com\\\/es\\\/\"},{\"@type\":\"ListItem\",\"position\":2,\"name\":\"Gestor\u00eda Andorra, su consultor\u00eda de asistencia a la expatriaci\u00f3n\",\"item\":\"https:\\\/\\\/www.mc-expatriation.com\\\/es\\\/gestoria\\\/\"},{\"@type\":\"ListItem\",\"position\":3,\"name\":\"Benef\u00edciese de un servicio de conserjer\u00eda a medida para gestionar mejor su vida diaria en Andorra\"}]},{\"@type\":\"WebSite\",\"@id\":\"https:\\\/\\\/www.mc-expatriation.com\\\/#website\",\"url\":\"https:\\\/\\\/www.mc-expatriation.com\\\/\",\"name\":\"MC Expatriation\",\"description\":\"\",\"publisher\":{\"@id\":\"https:\\\/\\\/www.mc-expatriation.com\\\/#organization\"},\"potentialAction\":[{\"@type\":\"SearchAction\",\"target\":{\"@type\":\"EntryPoint\",\"urlTemplate\":\"https:\\\/\\\/www.mc-expatriation.com\\\/?s={search_term_string}\"},\"query-input\":{\"@type\":\"PropertyValueSpecification\",\"valueRequired\":true,\"valueName\":\"search_term_string\"}}],\"inLanguage\":\"es\"},{\"@type\":\"Organization\",\"@id\":\"https:\\\/\\\/www.mc-expatriation.com\\\/#organization\",\"name\":\"MC Expatriation\",\"url\":\"https:\\\/\\\/www.mc-expatriation.com\\\/\",\"logo\":{\"@type\":\"ImageObject\",\"inLanguage\":\"es\",\"@id\":\"https:\\\/\\\/www.mc-expatriation.com\\\/#\\\/schema\\\/logo\\\/image\\\/\",\"url\":\"https:\\\/\\\/www.mc-expatriation.com\\\/wp-content\\\/uploads\\\/2022\\\/10\\\/logo.svg\",\"contentUrl\":\"https:\\\/\\\/www.mc-expatriation.com\\\/wp-content\\\/uploads\\\/2022\\\/10\\\/logo.svg\",\"caption\":\"MC Expatriation\"},\"image\":{\"@id\":\"https:\\\/\\\/www.mc-expatriation.com\\\/#\\\/schema\\\/logo\\\/image\\\/\"}}]}<\/script>\n<!-- \/ Yoast SEO Premium plugin. -->","yoast_head_json":{"title":"Benef\u00edciese de un servicio de conserjer\u00eda a medida para gestionar mejor su vida diaria en Andorra","robots":{"index":"index","follow":"follow","max-snippet":"max-snippet:-1","max-image-preview":"max-image-preview:large","max-video-preview":"max-video-preview:-1"},"canonical":"https:\/\/www.mc-expatriation.com\/es\/gestoria\/conserje\/","og_locale":"es_ES","og_type":"article","og_title":"Benef\u00edciese de un servicio de conserjer\u00eda a medida para gestionar mejor su vida diaria en Andorra","og_description":"Un sistema fiscal ventajoso, un entorno natural impresionante y una seguridad \u00f3ptima son s\u00f3lo algunas de las razones para expatriarse en el Principado. Pero tambi\u00e9n es cierto que, a su llegada a Andorra, puede llevarle mucho tiempo gestionar el d\u00eda a d\u00eda en el pa\u00eds. La suma de su trabajo y los diversos tr\u00e1mites administrativos [&hellip;]","og_url":"https:\/\/www.mc-expatriation.com\/es\/gestoria\/conserje\/","og_site_name":"MC Expatriation","article_modified_time":"2023-11-20T06:17:19+00:00","og_image":[{"width":1924,"height":430,"url":"https:\/\/www.mc-expatriation.com\/wp-content\/uploads\/2022\/10\/expat-niveau2-01.jpg","type":"image\/jpeg"}],"twitter_card":"summary_large_image","twitter_misc":{"Tiempo de lectura":"5 minutos"},"schema":{"@context":"https:\/\/schema.org","@graph":[{"@type":"WebPage","@id":"https:\/\/www.mc-expatriation.com\/es\/gestoria\/conserje\/","url":"https:\/\/www.mc-expatriation.com\/es\/gestoria\/conserje\/","name":"Benef\u00edciese de un servicio de conserjer\u00eda a medida para gestionar mejor su vida diaria en Andorra","isPartOf":{"@id":"https:\/\/www.mc-expatriation.com\/#website"},"primaryImageOfPage":{"@id":"https:\/\/www.mc-expatriation.com\/es\/gestoria\/conserje\/#primaryimage"},"image":{"@id":"https:\/\/www.mc-expatriation.com\/es\/gestoria\/conserje\/#primaryimage"},"thumbnailUrl":"https:\/\/www.mc-expatriation.com\/wp-content\/uploads\/2022\/10\/expat-niveau2-01.jpg","datePublished":"2022-10-27T01:25:14+00:00","dateModified":"2023-11-20T06:17:19+00:00","breadcrumb":{"@id":"https:\/\/www.mc-expatriation.com\/es\/gestoria\/conserje\/#breadcrumb"},"inLanguage":"es","potentialAction":[{"@type":"ReadAction","target":["https:\/\/www.mc-expatriation.com\/es\/gestoria\/conserje\/"]}]},{"@type":"ImageObject","inLanguage":"es","@id":"https:\/\/www.mc-expatriation.com\/es\/gestoria\/conserje\/#primaryimage","url":"https:\/\/www.mc-expatriation.com\/wp-content\/uploads\/2022\/10\/expat-niveau2-01.jpg","contentUrl":"https:\/\/www.mc-expatriation.com\/wp-content\/uploads\/2022\/10\/expat-niveau2-01.jpg","width":1924,"height":430,"caption":"Les assurances en Andorre"},{"@type":"BreadcrumbList","@id":"https:\/\/www.mc-expatriation.com\/es\/gestoria\/conserje\/#breadcrumb","itemListElement":[{"@type":"ListItem","position":1,"name":"Home","item":"https:\/\/www.mc-expatriation.com\/es\/"},{"@type":"ListItem","position":2,"name":"Gestor\u00eda Andorra, su consultor\u00eda de asistencia a la expatriaci\u00f3n","item":"https:\/\/www.mc-expatriation.com\/es\/gestoria\/"},{"@type":"ListItem","position":3,"name":"Benef\u00edciese de un servicio de conserjer\u00eda a medida para gestionar mejor su vida diaria en Andorra"}]},{"@type":"WebSite","@id":"https:\/\/www.mc-expatriation.com\/#website","url":"https:\/\/www.mc-expatriation.com\/","name":"MC Expatriation","description":"","publisher":{"@id":"https:\/\/www.mc-expatriation.com\/#organization"},"potentialAction":[{"@type":"SearchAction","target":{"@type":"EntryPoint","urlTemplate":"https:\/\/www.mc-expatriation.com\/?s={search_term_string}"},"query-input":{"@type":"PropertyValueSpecification","valueRequired":true,"valueName":"search_term_string"}}],"inLanguage":"es"},{"@type":"Organization","@id":"https:\/\/www.mc-expatriation.com\/#organization","name":"MC Expatriation","url":"https:\/\/www.mc-expatriation.com\/","logo":{"@type":"ImageObject","inLanguage":"es","@id":"https:\/\/www.mc-expatriation.com\/#\/schema\/logo\/image\/","url":"https:\/\/www.mc-expatriation.com\/wp-content\/uploads\/2022\/10\/logo.svg","contentUrl":"https:\/\/www.mc-expatriation.com\/wp-content\/uploads\/2022\/10\/logo.svg","caption":"MC Expatriation"},"image":{"@id":"https:\/\/www.mc-expatriation.com\/#\/schema\/logo\/image\/"}}]}},"_links":{"self":[{"href":"https:\/\/www.mc-expatriation.com\/es\/wp-json\/wp\/v2\/pages\/4069","targetHints":{"allow":["GET"]}}],"collection":[{"href":"https:\/\/www.mc-expatriation.com\/es\/wp-json\/wp\/v2\/pages"}],"about":[{"href":"https:\/\/www.mc-expatriation.com\/es\/wp-json\/wp\/v2\/types\/page"}],"author":[{"embeddable":true,"href":"https:\/\/www.mc-expatriation.com\/es\/wp-json\/wp\/v2\/users\/1"}],"replies":[{"embeddable":true,"href":"https:\/\/www.mc-expatriation.com\/es\/wp-json\/wp\/v2\/comments?post=4069"}],"version-history":[{"count":16,"href":"https:\/\/www.mc-expatriation.com\/es\/wp-json\/wp\/v2\/pages\/4069\/revisions"}],"predecessor-version":[{"id":5366,"href":"https:\/\/www.mc-expatriation.com\/es\/wp-json\/wp\/v2\/pages\/4069\/revisions\/5366"}],"up":[{"embeddable":true,"href":"https:\/\/www.mc-expatriation.com\/es\/wp-json\/wp\/v2\/pages\/1741"}],"wp:featuredmedia":[{"embeddable":true,"href":"https:\/\/www.mc-expatriation.com\/es\/wp-json\/wp\/v2\/media\/1396"}],"wp:attachment":[{"href":"https:\/\/www.mc-expatriation.com\/es\/wp-json\/wp\/v2\/media?parent=4069"}],"curies":[{"name":"wp","href":"https:\/\/api.w.org\/{rel}","templated":true}]}}