{"id":4145,"date":"2022-11-03T07:23:03","date_gmt":"2022-11-03T07:23:03","guid":{"rendered":"https:\/\/www.mc-expatriation.com\/?page_id=4145"},"modified":"2023-11-20T13:01:00","modified_gmt":"2023-11-20T13:01:00","slug":"lenguas-habladas","status":"publish","type":"page","link":"https:\/\/www.mc-expatriation.com\/es\/vivir-en-andorra\/lenguas-habladas\/","title":{"rendered":"Vivir en Andorra: lenguas habladas"},"content":{"rendered":"\n<p>SI est\u00e1 pensando en emigrar a Andorra ser\u00eda m\u00e1s que recomendable que aprendiera catal\u00e1n para poder comunicarse mejor con la poblaci\u00f3n local y comprender f\u00e1cilmente su cultura. En el caso del Principado, dominar el catal\u00e1n tambi\u00e9n supone&nbsp; una ventaja en todos los \u00e1mbitos. Por ejemplo, cuando solicite el permiso de residencia, todos los tr\u00e1mites y formularios que deber\u00e1&nbsp; rellenar est\u00e1n en catal\u00e1n. Cuanto antes hable catal\u00e1n, m\u00e1s f\u00e1cil le resultar\u00e1 integrarse. No obstante, tampoco es un desastre que no sepa hablar ni una palabra de catal\u00e1n.<\/p>\n\n\n\n<h2 class=\"wp-block-heading\" id=\"h-los-idiomas-oficiales-de-andorra\">Los idiomas oficiales de \u2019Andorra<\/h2>\n\n\n\n<p>Andorra es un territorio con vocaci\u00f3n 100% catalana y los andorranos no pierden ocasi\u00f3n de hacerlo saber. Esto es algo que comprender\u00e1 muy r\u00e1pidamente una vez instalado en el Principado de Andorra. La cultura y la vida de Andorra no se parecen en nada a las de Francia. Y a pesar de su vinculaci\u00f3n con Catalu\u00f1a, tampoco est\u00e1 apegada al modo de vida ni a las costumbres espa\u00f1olas&nbsp;<\/p>\n\n\n\n<h3 class=\"wp-block-heading\" id=\"h-el-catalan-lengua-oficial-de-andorra\">El catal\u00e1n: lengua oficial de Andorra<\/h3>\n\n\n\n<p>En Andorra s\u00f3lo hay una lengua oficial: el catal\u00e1n. Se habla en todo el territorio andorrano y a\u00fan m\u00e1s en el Gobierno. Todos los tr\u00e1mites y formalidades administrativas, judiciales, inmobiliarias, financieras, etc. se llevan a cabo exclusivamente en catal\u00e1n. De ah\u00ed que pueda resultar complicado para un extranjero que no hable el idioma ocuparse de diversas gestiones administrativas relacionadas con la expatriaci\u00f3n, como la solicitud de un permiso de residencia.<\/p>\n\n\n\n<p>No obstante, algunos funcionarios de la Administraci\u00f3n hablan franc\u00e9s, aunque es algo muy poco frecuente. El espa\u00f1ol est\u00e1 muy extendido y hay muchos funcionarios que s\u00ed lo hablan con fluidez. Si tiene dudas y no habla catal\u00e1n, puede comunicarse en espa\u00f1ol. Aun as\u00ed, los documentos tienen que cumplimentarse en catal\u00e1n.<\/p>\n\n\n\n<h3 class=\"wp-block-heading\" id=\"h-el-espanol-un-idioma-muy-extendido-en-andorra\">El espa\u00f1ol: un idioma muy extendido en Andorra<\/h3>\n\n\n\n<p>En Andorra, el espa\u00f1ol es la segunda lengua m\u00e1s hablada despu\u00e9s del catal\u00e1n. Su uso est\u00e1 muy extendido. Precisemos tambi\u00e9n que en las escuelas andorranas, el aprendizaje del espa\u00f1ol est\u00e1 integrado en el plan de estudios, al igual que el franc\u00e9s.<\/p>\n\n\n\n<h3 class=\"wp-block-heading\" id=\"h-el-frances-un-idioma-importante-en-andorra\">El franc\u00e9s: un idioma importante en Andorra<\/h3>\n\n\n\n<p>Si ha decidido trasladarse de Francia a Andorra, sepa que en Principado tambi\u00e9n se habla franc\u00e9s. Y tambi\u00e9n&nbsp; hay escuelas francesas en el pa\u00eds, donde el franc\u00e9s se ense\u00f1a siguiendo el sistema educativo galo, que suele ser el preferido por los expatriados franceses..<\/p>\n","protected":false},"excerpt":{"rendered":"<p>SI est\u00e1 pensando en emigrar a Andorra ser\u00eda m\u00e1s que recomendable que aprendiera catal\u00e1n para poder comunicarse mejor con la poblaci\u00f3n local y comprender f\u00e1cilmente su cultura. En el caso del Principado, dominar el catal\u00e1n tambi\u00e9n supone&nbsp; una ventaja en todos los \u00e1mbitos. Por ejemplo, cuando solicite el permiso de residencia, todos los tr\u00e1mites y [&hellip;]<\/p>\n","protected":false},"author":1,"featured_media":3877,"parent":1622,"menu_order":0,"comment_status":"closed","ping_status":"closed","template":"niveau-2.php","meta":{"_acf_changed":false,"footnotes":""},"class_list":["post-4145","page","type-page","status-publish","has-post-thumbnail","hentry"],"acf":[],"yoast_head":"<!-- This site is optimized with the Yoast SEO Premium plugin v25.8 (Yoast SEO v27.3) - https:\/\/yoast.com\/product\/yoast-seo-premium-wordpress\/ -->\n<title>Vivir en Andorra: lenguas habladas<\/title>\n<meta name=\"robots\" content=\"index, follow, max-snippet:-1, max-image-preview:large, max-video-preview:-1\" \/>\n<link rel=\"canonical\" href=\"https:\/\/www.mc-expatriation.com\/es\/vivir-en-andorra\/lenguas-habladas\/\" \/>\n<meta property=\"og:locale\" content=\"es_ES\" \/>\n<meta property=\"og:type\" content=\"article\" \/>\n<meta property=\"og:title\" content=\"Vivir en Andorra: lenguas habladas\" \/>\n<meta property=\"og:description\" content=\"SI est\u00e1 pensando en emigrar a Andorra ser\u00eda m\u00e1s que recomendable que aprendiera catal\u00e1n para poder comunicarse mejor con la poblaci\u00f3n local y comprender f\u00e1cilmente su cultura. En el caso del Principado, dominar el catal\u00e1n tambi\u00e9n supone&nbsp; una ventaja en todos los \u00e1mbitos. Por ejemplo, cuando solicite el permiso de residencia, todos los tr\u00e1mites y [&hellip;]\" \/>\n<meta property=\"og:url\" content=\"https:\/\/www.mc-expatriation.com\/es\/vivir-en-andorra\/lenguas-habladas\/\" \/>\n<meta property=\"og:site_name\" content=\"MC Expatriation\" \/>\n<meta property=\"article:modified_time\" content=\"2023-11-20T13:01:00+00:00\" \/>\n<meta property=\"og:image\" content=\"https:\/\/www.mc-expatriation.com\/wp-content\/uploads\/2023\/04\/langues-parlees.jpg\" \/>\n\t<meta property=\"og:image:width\" content=\"1000\" \/>\n\t<meta property=\"og:image:height\" content=\"668\" \/>\n\t<meta property=\"og:image:type\" content=\"image\/jpeg\" \/>\n<meta name=\"twitter:card\" content=\"summary_large_image\" \/>\n<meta name=\"twitter:label1\" content=\"Tiempo de lectura\" \/>\n\t<meta name=\"twitter:data1\" content=\"2 minutos\" \/>\n<script type=\"application\/ld+json\" class=\"yoast-schema-graph\">{\"@context\":\"https:\\\/\\\/schema.org\",\"@graph\":[{\"@type\":\"WebPage\",\"@id\":\"https:\\\/\\\/www.mc-expatriation.com\\\/es\\\/vivir-en-andorra\\\/lenguas-habladas\\\/\",\"url\":\"https:\\\/\\\/www.mc-expatriation.com\\\/es\\\/vivir-en-andorra\\\/lenguas-habladas\\\/\",\"name\":\"Vivir en Andorra: lenguas habladas\",\"isPartOf\":{\"@id\":\"https:\\\/\\\/www.mc-expatriation.com\\\/#website\"},\"primaryImageOfPage\":{\"@id\":\"https:\\\/\\\/www.mc-expatriation.com\\\/es\\\/vivir-en-andorra\\\/lenguas-habladas\\\/#primaryimage\"},\"image\":{\"@id\":\"https:\\\/\\\/www.mc-expatriation.com\\\/es\\\/vivir-en-andorra\\\/lenguas-habladas\\\/#primaryimage\"},\"thumbnailUrl\":\"https:\\\/\\\/www.mc-expatriation.com\\\/wp-content\\\/uploads\\\/2023\\\/04\\\/langues-parlees.jpg\",\"datePublished\":\"2022-11-03T07:23:03+00:00\",\"dateModified\":\"2023-11-20T13:01:00+00:00\",\"breadcrumb\":{\"@id\":\"https:\\\/\\\/www.mc-expatriation.com\\\/es\\\/vivir-en-andorra\\\/lenguas-habladas\\\/#breadcrumb\"},\"inLanguage\":\"es\",\"potentialAction\":[{\"@type\":\"ReadAction\",\"target\":[\"https:\\\/\\\/www.mc-expatriation.com\\\/es\\\/vivir-en-andorra\\\/lenguas-habladas\\\/\"]}]},{\"@type\":\"ImageObject\",\"inLanguage\":\"es\",\"@id\":\"https:\\\/\\\/www.mc-expatriation.com\\\/es\\\/vivir-en-andorra\\\/lenguas-habladas\\\/#primaryimage\",\"url\":\"https:\\\/\\\/www.mc-expatriation.com\\\/wp-content\\\/uploads\\\/2023\\\/04\\\/langues-parlees.jpg\",\"contentUrl\":\"https:\\\/\\\/www.mc-expatriation.com\\\/wp-content\\\/uploads\\\/2023\\\/04\\\/langues-parlees.jpg\",\"width\":1000,\"height\":668,\"caption\":\"langues parl\u00e9es\"},{\"@type\":\"BreadcrumbList\",\"@id\":\"https:\\\/\\\/www.mc-expatriation.com\\\/es\\\/vivir-en-andorra\\\/lenguas-habladas\\\/#breadcrumb\",\"itemListElement\":[{\"@type\":\"ListItem\",\"position\":1,\"name\":\"Home\",\"item\":\"https:\\\/\\\/www.mc-expatriation.com\\\/es\\\/\"},{\"@type\":\"ListItem\",\"position\":2,\"name\":\"Vivir en Andorra: coste de la vida, inmigraci\u00f3n, seguridad y diversas informaciones necesarias\",\"item\":\"https:\\\/\\\/www.mc-expatriation.com\\\/es\\\/vivir-en-andorra\\\/\"},{\"@type\":\"ListItem\",\"position\":3,\"name\":\"Vivir en Andorra: lenguas habladas\"}]},{\"@type\":\"WebSite\",\"@id\":\"https:\\\/\\\/www.mc-expatriation.com\\\/#website\",\"url\":\"https:\\\/\\\/www.mc-expatriation.com\\\/\",\"name\":\"MC Expatriation\",\"description\":\"\",\"publisher\":{\"@id\":\"https:\\\/\\\/www.mc-expatriation.com\\\/#organization\"},\"potentialAction\":[{\"@type\":\"SearchAction\",\"target\":{\"@type\":\"EntryPoint\",\"urlTemplate\":\"https:\\\/\\\/www.mc-expatriation.com\\\/?s={search_term_string}\"},\"query-input\":{\"@type\":\"PropertyValueSpecification\",\"valueRequired\":true,\"valueName\":\"search_term_string\"}}],\"inLanguage\":\"es\"},{\"@type\":\"Organization\",\"@id\":\"https:\\\/\\\/www.mc-expatriation.com\\\/#organization\",\"name\":\"MC Expatriation\",\"url\":\"https:\\\/\\\/www.mc-expatriation.com\\\/\",\"logo\":{\"@type\":\"ImageObject\",\"inLanguage\":\"es\",\"@id\":\"https:\\\/\\\/www.mc-expatriation.com\\\/#\\\/schema\\\/logo\\\/image\\\/\",\"url\":\"https:\\\/\\\/www.mc-expatriation.com\\\/wp-content\\\/uploads\\\/2022\\\/10\\\/logo.svg\",\"contentUrl\":\"https:\\\/\\\/www.mc-expatriation.com\\\/wp-content\\\/uploads\\\/2022\\\/10\\\/logo.svg\",\"caption\":\"MC Expatriation\"},\"image\":{\"@id\":\"https:\\\/\\\/www.mc-expatriation.com\\\/#\\\/schema\\\/logo\\\/image\\\/\"}}]}<\/script>\n<!-- \/ Yoast SEO Premium plugin. -->","yoast_head_json":{"title":"Vivir en Andorra: lenguas habladas","robots":{"index":"index","follow":"follow","max-snippet":"max-snippet:-1","max-image-preview":"max-image-preview:large","max-video-preview":"max-video-preview:-1"},"canonical":"https:\/\/www.mc-expatriation.com\/es\/vivir-en-andorra\/lenguas-habladas\/","og_locale":"es_ES","og_type":"article","og_title":"Vivir en Andorra: lenguas habladas","og_description":"SI est\u00e1 pensando en emigrar a Andorra ser\u00eda m\u00e1s que recomendable que aprendiera catal\u00e1n para poder comunicarse mejor con la poblaci\u00f3n local y comprender f\u00e1cilmente su cultura. En el caso del Principado, dominar el catal\u00e1n tambi\u00e9n supone&nbsp; una ventaja en todos los \u00e1mbitos. Por ejemplo, cuando solicite el permiso de residencia, todos los tr\u00e1mites y [&hellip;]","og_url":"https:\/\/www.mc-expatriation.com\/es\/vivir-en-andorra\/lenguas-habladas\/","og_site_name":"MC Expatriation","article_modified_time":"2023-11-20T13:01:00+00:00","og_image":[{"width":1000,"height":668,"url":"https:\/\/www.mc-expatriation.com\/wp-content\/uploads\/2023\/04\/langues-parlees.jpg","type":"image\/jpeg"}],"twitter_card":"summary_large_image","twitter_misc":{"Tiempo de lectura":"2 minutos"},"schema":{"@context":"https:\/\/schema.org","@graph":[{"@type":"WebPage","@id":"https:\/\/www.mc-expatriation.com\/es\/vivir-en-andorra\/lenguas-habladas\/","url":"https:\/\/www.mc-expatriation.com\/es\/vivir-en-andorra\/lenguas-habladas\/","name":"Vivir en Andorra: lenguas habladas","isPartOf":{"@id":"https:\/\/www.mc-expatriation.com\/#website"},"primaryImageOfPage":{"@id":"https:\/\/www.mc-expatriation.com\/es\/vivir-en-andorra\/lenguas-habladas\/#primaryimage"},"image":{"@id":"https:\/\/www.mc-expatriation.com\/es\/vivir-en-andorra\/lenguas-habladas\/#primaryimage"},"thumbnailUrl":"https:\/\/www.mc-expatriation.com\/wp-content\/uploads\/2023\/04\/langues-parlees.jpg","datePublished":"2022-11-03T07:23:03+00:00","dateModified":"2023-11-20T13:01:00+00:00","breadcrumb":{"@id":"https:\/\/www.mc-expatriation.com\/es\/vivir-en-andorra\/lenguas-habladas\/#breadcrumb"},"inLanguage":"es","potentialAction":[{"@type":"ReadAction","target":["https:\/\/www.mc-expatriation.com\/es\/vivir-en-andorra\/lenguas-habladas\/"]}]},{"@type":"ImageObject","inLanguage":"es","@id":"https:\/\/www.mc-expatriation.com\/es\/vivir-en-andorra\/lenguas-habladas\/#primaryimage","url":"https:\/\/www.mc-expatriation.com\/wp-content\/uploads\/2023\/04\/langues-parlees.jpg","contentUrl":"https:\/\/www.mc-expatriation.com\/wp-content\/uploads\/2023\/04\/langues-parlees.jpg","width":1000,"height":668,"caption":"langues parl\u00e9es"},{"@type":"BreadcrumbList","@id":"https:\/\/www.mc-expatriation.com\/es\/vivir-en-andorra\/lenguas-habladas\/#breadcrumb","itemListElement":[{"@type":"ListItem","position":1,"name":"Home","item":"https:\/\/www.mc-expatriation.com\/es\/"},{"@type":"ListItem","position":2,"name":"Vivir en Andorra: coste de la vida, inmigraci\u00f3n, seguridad y diversas informaciones necesarias","item":"https:\/\/www.mc-expatriation.com\/es\/vivir-en-andorra\/"},{"@type":"ListItem","position":3,"name":"Vivir en Andorra: lenguas habladas"}]},{"@type":"WebSite","@id":"https:\/\/www.mc-expatriation.com\/#website","url":"https:\/\/www.mc-expatriation.com\/","name":"MC Expatriation","description":"","publisher":{"@id":"https:\/\/www.mc-expatriation.com\/#organization"},"potentialAction":[{"@type":"SearchAction","target":{"@type":"EntryPoint","urlTemplate":"https:\/\/www.mc-expatriation.com\/?s={search_term_string}"},"query-input":{"@type":"PropertyValueSpecification","valueRequired":true,"valueName":"search_term_string"}}],"inLanguage":"es"},{"@type":"Organization","@id":"https:\/\/www.mc-expatriation.com\/#organization","name":"MC Expatriation","url":"https:\/\/www.mc-expatriation.com\/","logo":{"@type":"ImageObject","inLanguage":"es","@id":"https:\/\/www.mc-expatriation.com\/#\/schema\/logo\/image\/","url":"https:\/\/www.mc-expatriation.com\/wp-content\/uploads\/2022\/10\/logo.svg","contentUrl":"https:\/\/www.mc-expatriation.com\/wp-content\/uploads\/2022\/10\/logo.svg","caption":"MC Expatriation"},"image":{"@id":"https:\/\/www.mc-expatriation.com\/#\/schema\/logo\/image\/"}}]}},"_links":{"self":[{"href":"https:\/\/www.mc-expatriation.com\/es\/wp-json\/wp\/v2\/pages\/4145","targetHints":{"allow":["GET"]}}],"collection":[{"href":"https:\/\/www.mc-expatriation.com\/es\/wp-json\/wp\/v2\/pages"}],"about":[{"href":"https:\/\/www.mc-expatriation.com\/es\/wp-json\/wp\/v2\/types\/page"}],"author":[{"embeddable":true,"href":"https:\/\/www.mc-expatriation.com\/es\/wp-json\/wp\/v2\/users\/1"}],"replies":[{"embeddable":true,"href":"https:\/\/www.mc-expatriation.com\/es\/wp-json\/wp\/v2\/comments?post=4145"}],"version-history":[{"count":6,"href":"https:\/\/www.mc-expatriation.com\/es\/wp-json\/wp\/v2\/pages\/4145\/revisions"}],"predecessor-version":[{"id":5514,"href":"https:\/\/www.mc-expatriation.com\/es\/wp-json\/wp\/v2\/pages\/4145\/revisions\/5514"}],"up":[{"embeddable":true,"href":"https:\/\/www.mc-expatriation.com\/es\/wp-json\/wp\/v2\/pages\/1622"}],"wp:featuredmedia":[{"embeddable":true,"href":"https:\/\/www.mc-expatriation.com\/es\/wp-json\/wp\/v2\/media\/3877"}],"wp:attachment":[{"href":"https:\/\/www.mc-expatriation.com\/es\/wp-json\/wp\/v2\/media?parent=4145"}],"curies":[{"name":"wp","href":"https:\/\/api.w.org\/{rel}","templated":true}]}}