{"id":4218,"date":"2022-11-03T07:22:05","date_gmt":"2022-11-03T07:22:05","guid":{"rendered":"https:\/\/www.mc-expatriation.com\/?page_id=4218"},"modified":"2023-11-20T12:59:01","modified_gmt":"2023-11-20T12:59:01","slug":"restaurantes","status":"publish","type":"page","link":"https:\/\/www.mc-expatriation.com\/es\/vivir-en-andorra\/restaurantes\/","title":{"rendered":"Restaurantes de Andorra: descubra sabores ins\u00f3litos, t\u00edpicos del pa\u00eds"},"content":{"rendered":"\n<h2 class=\"wp-block-heading\" id=\"h-restauracion-tradicional-o-cocinas-del-mundo-que-dificil-eleccion\">Restauraci\u00f3n tradicional o cocinas del mundo: \u00a1qu\u00e9 dif\u00edcil elecci\u00f3n!<\/h2>\n\n\n\n<p>La cocina andorrana ofrece una combinaci\u00f3n excepcional de sabores y culturas, con platos t\u00edpicos que reflejan la diversidad de sus pa\u00edses vecinos. Con influencias francesas y espa\u00f1olas, ofrece especialidades originales y recetas de productos locales que dan a la cocina andorrana un sabor \u00fanico e inolvidable y aut\u00e9ntico. Las especias, como la pimienta, el comino y el azafr\u00e1n, son tambi\u00e9n ingredientes clave en la cocina andorrana. Igualmente, tiene platos que combinan los sabores de los dos pa\u00edses vecinos, como la famosa escudella, que es un guiso tradicional catal\u00e1n, una sopa tipo rag\u00fa a base de carne,&nbsp; verduras y, en ocasiones, &nbsp;pasta. Por \u00faltimo, hay platos m\u00e1s modernos, como las famosas tapas. Lo dicho: la cocina andorrana es una mezcla inigualable de sabores y culturas, un acertado equilibrio de especialidades originales y recetas de productos locales.<\/p>\n\n\n\n<p>En &nbsp;Andorra podr\u00e1 elegir entre&nbsp; todo tipo de especialidades, platos t\u00edpicos de monta\u00f1a, gastronom\u00eda tradicional andorrana y una gran variedad de cocinas de todo el mundo. Los restaurantes de Andorra reflejan esta gran diversidad culinaria y ofrecen una variedad de deliciosos y variados platos a descubrir. Tanto si est\u00e1 buscando especialidades locales, como platos internacionales o sabores de todo el mundo, lo encontrar\u00e1 en Andorra.<\/p>\n\n\n\n<h2 class=\"wp-block-heading\">Encuentre en Andorra restaurantes para todos los bolsillos<\/h2>\n\n\n\n<p>En Andorra no le costar\u00e1 nada encontrar un restaurante donde disfrutar de sabrosos y deliciosos platos, tanto si va en familia como con amigos o en pareja. El Principado de Andorra tambi\u00e9n ofrece muchos espacios id\u00f3neos para reuniones de negocios y comidas de empresa. A la hora de organizar celebraciones o&nbsp; reuniones profesionales no le faltar\u00e1 donde elegir.<\/p>\n\n\n\n<p>Descubrir\u00e1 platos t\u00edpicos de la gastronom\u00eda catalana y andorrana y tambi\u00e9n otras especialidades culinarias, adaptadas a sus gustos y preferencias. Tanto si se trata de pescado y marisco, carne, platos vegetarianos o postres, tendr\u00e1 a su disposici\u00f3n \u00a0opciones de gourmet que le encantar\u00e1n entre los numerosos restaurantes de diferentes or\u00edgenes.<\/p>\n","protected":false},"excerpt":{"rendered":"<p>Restauraci\u00f3n tradicional o cocinas del mundo: \u00a1qu\u00e9 dif\u00edcil elecci\u00f3n! La cocina andorrana ofrece una combinaci\u00f3n excepcional de sabores y culturas, con platos t\u00edpicos que reflejan la diversidad de sus pa\u00edses vecinos. Con influencias francesas y espa\u00f1olas, ofrece especialidades originales y recetas de productos locales que dan a la cocina andorrana un sabor \u00fanico e inolvidable [&hellip;]<\/p>\n","protected":false},"author":1,"featured_media":3703,"parent":1622,"menu_order":0,"comment_status":"closed","ping_status":"closed","template":"niveau-2.php","meta":{"_acf_changed":false,"footnotes":""},"class_list":["post-4218","page","type-page","status-publish","has-post-thumbnail","hentry"],"acf":[],"yoast_head":"<!-- This site is optimized with the Yoast SEO Premium plugin v25.8 (Yoast SEO v27.3) - https:\/\/yoast.com\/product\/yoast-seo-premium-wordpress\/ -->\n<title>Restaurantes de Andorra: descubra sabores ins\u00f3litos, t\u00edpicos del pa\u00eds<\/title>\n<meta name=\"robots\" content=\"index, follow, max-snippet:-1, max-image-preview:large, max-video-preview:-1\" \/>\n<link rel=\"canonical\" href=\"https:\/\/www.mc-expatriation.com\/es\/vivir-en-andorra\/restaurantes\/\" \/>\n<meta property=\"og:locale\" content=\"es_ES\" \/>\n<meta property=\"og:type\" content=\"article\" \/>\n<meta property=\"og:title\" content=\"Restaurantes de Andorra: descubra sabores ins\u00f3litos, t\u00edpicos del pa\u00eds\" \/>\n<meta property=\"og:description\" content=\"Restauraci\u00f3n tradicional o cocinas del mundo: \u00a1qu\u00e9 dif\u00edcil elecci\u00f3n! La cocina andorrana ofrece una combinaci\u00f3n excepcional de sabores y culturas, con platos t\u00edpicos que reflejan la diversidad de sus pa\u00edses vecinos. Con influencias francesas y espa\u00f1olas, ofrece especialidades originales y recetas de productos locales que dan a la cocina andorrana un sabor \u00fanico e inolvidable [&hellip;]\" \/>\n<meta property=\"og:url\" content=\"https:\/\/www.mc-expatriation.com\/es\/vivir-en-andorra\/restaurantes\/\" \/>\n<meta property=\"og:site_name\" content=\"MC Expatriation\" \/>\n<meta property=\"article:modified_time\" content=\"2023-11-20T12:59:01+00:00\" \/>\n<meta property=\"og:image\" content=\"https:\/\/www.mc-expatriation.com\/wp-content\/uploads\/2023\/04\/escudella.jpg\" \/>\n\t<meta property=\"og:image:width\" content=\"1200\" \/>\n\t<meta property=\"og:image:height\" content=\"500\" \/>\n\t<meta property=\"og:image:type\" content=\"image\/jpeg\" \/>\n<meta name=\"twitter:card\" content=\"summary_large_image\" \/>\n<meta name=\"twitter:label1\" content=\"Tiempo de lectura\" \/>\n\t<meta name=\"twitter:data1\" content=\"2 minutos\" \/>\n<script type=\"application\/ld+json\" class=\"yoast-schema-graph\">{\"@context\":\"https:\\\/\\\/schema.org\",\"@graph\":[{\"@type\":\"WebPage\",\"@id\":\"https:\\\/\\\/www.mc-expatriation.com\\\/es\\\/vivir-en-andorra\\\/restaurantes\\\/\",\"url\":\"https:\\\/\\\/www.mc-expatriation.com\\\/es\\\/vivir-en-andorra\\\/restaurantes\\\/\",\"name\":\"Restaurantes de Andorra: descubra sabores ins\u00f3litos, t\u00edpicos del pa\u00eds\",\"isPartOf\":{\"@id\":\"https:\\\/\\\/www.mc-expatriation.com\\\/#website\"},\"primaryImageOfPage\":{\"@id\":\"https:\\\/\\\/www.mc-expatriation.com\\\/es\\\/vivir-en-andorra\\\/restaurantes\\\/#primaryimage\"},\"image\":{\"@id\":\"https:\\\/\\\/www.mc-expatriation.com\\\/es\\\/vivir-en-andorra\\\/restaurantes\\\/#primaryimage\"},\"thumbnailUrl\":\"https:\\\/\\\/www.mc-expatriation.com\\\/wp-content\\\/uploads\\\/2023\\\/04\\\/escudella.jpg\",\"datePublished\":\"2022-11-03T07:22:05+00:00\",\"dateModified\":\"2023-11-20T12:59:01+00:00\",\"breadcrumb\":{\"@id\":\"https:\\\/\\\/www.mc-expatriation.com\\\/es\\\/vivir-en-andorra\\\/restaurantes\\\/#breadcrumb\"},\"inLanguage\":\"es\",\"potentialAction\":[{\"@type\":\"ReadAction\",\"target\":[\"https:\\\/\\\/www.mc-expatriation.com\\\/es\\\/vivir-en-andorra\\\/restaurantes\\\/\"]}]},{\"@type\":\"ImageObject\",\"inLanguage\":\"es\",\"@id\":\"https:\\\/\\\/www.mc-expatriation.com\\\/es\\\/vivir-en-andorra\\\/restaurantes\\\/#primaryimage\",\"url\":\"https:\\\/\\\/www.mc-expatriation.com\\\/wp-content\\\/uploads\\\/2023\\\/04\\\/escudella.jpg\",\"contentUrl\":\"https:\\\/\\\/www.mc-expatriation.com\\\/wp-content\\\/uploads\\\/2023\\\/04\\\/escudella.jpg\",\"width\":1200,\"height\":500,\"caption\":\"escudella\"},{\"@type\":\"BreadcrumbList\",\"@id\":\"https:\\\/\\\/www.mc-expatriation.com\\\/es\\\/vivir-en-andorra\\\/restaurantes\\\/#breadcrumb\",\"itemListElement\":[{\"@type\":\"ListItem\",\"position\":1,\"name\":\"Home\",\"item\":\"https:\\\/\\\/www.mc-expatriation.com\\\/es\\\/\"},{\"@type\":\"ListItem\",\"position\":2,\"name\":\"Vivir en Andorra: coste de la vida, inmigraci\u00f3n, seguridad y diversas informaciones necesarias\",\"item\":\"https:\\\/\\\/www.mc-expatriation.com\\\/es\\\/vivir-en-andorra\\\/\"},{\"@type\":\"ListItem\",\"position\":3,\"name\":\"Restaurantes de Andorra: descubra sabores ins\u00f3litos, t\u00edpicos del pa\u00eds\"}]},{\"@type\":\"WebSite\",\"@id\":\"https:\\\/\\\/www.mc-expatriation.com\\\/#website\",\"url\":\"https:\\\/\\\/www.mc-expatriation.com\\\/\",\"name\":\"MC Expatriation\",\"description\":\"\",\"publisher\":{\"@id\":\"https:\\\/\\\/www.mc-expatriation.com\\\/#organization\"},\"potentialAction\":[{\"@type\":\"SearchAction\",\"target\":{\"@type\":\"EntryPoint\",\"urlTemplate\":\"https:\\\/\\\/www.mc-expatriation.com\\\/?s={search_term_string}\"},\"query-input\":{\"@type\":\"PropertyValueSpecification\",\"valueRequired\":true,\"valueName\":\"search_term_string\"}}],\"inLanguage\":\"es\"},{\"@type\":\"Organization\",\"@id\":\"https:\\\/\\\/www.mc-expatriation.com\\\/#organization\",\"name\":\"MC Expatriation\",\"url\":\"https:\\\/\\\/www.mc-expatriation.com\\\/\",\"logo\":{\"@type\":\"ImageObject\",\"inLanguage\":\"es\",\"@id\":\"https:\\\/\\\/www.mc-expatriation.com\\\/#\\\/schema\\\/logo\\\/image\\\/\",\"url\":\"https:\\\/\\\/www.mc-expatriation.com\\\/wp-content\\\/uploads\\\/2022\\\/10\\\/logo.svg\",\"contentUrl\":\"https:\\\/\\\/www.mc-expatriation.com\\\/wp-content\\\/uploads\\\/2022\\\/10\\\/logo.svg\",\"caption\":\"MC Expatriation\"},\"image\":{\"@id\":\"https:\\\/\\\/www.mc-expatriation.com\\\/#\\\/schema\\\/logo\\\/image\\\/\"}}]}<\/script>\n<!-- \/ Yoast SEO Premium plugin. -->","yoast_head_json":{"title":"Restaurantes de Andorra: descubra sabores ins\u00f3litos, t\u00edpicos del pa\u00eds","robots":{"index":"index","follow":"follow","max-snippet":"max-snippet:-1","max-image-preview":"max-image-preview:large","max-video-preview":"max-video-preview:-1"},"canonical":"https:\/\/www.mc-expatriation.com\/es\/vivir-en-andorra\/restaurantes\/","og_locale":"es_ES","og_type":"article","og_title":"Restaurantes de Andorra: descubra sabores ins\u00f3litos, t\u00edpicos del pa\u00eds","og_description":"Restauraci\u00f3n tradicional o cocinas del mundo: \u00a1qu\u00e9 dif\u00edcil elecci\u00f3n! La cocina andorrana ofrece una combinaci\u00f3n excepcional de sabores y culturas, con platos t\u00edpicos que reflejan la diversidad de sus pa\u00edses vecinos. Con influencias francesas y espa\u00f1olas, ofrece especialidades originales y recetas de productos locales que dan a la cocina andorrana un sabor \u00fanico e inolvidable [&hellip;]","og_url":"https:\/\/www.mc-expatriation.com\/es\/vivir-en-andorra\/restaurantes\/","og_site_name":"MC Expatriation","article_modified_time":"2023-11-20T12:59:01+00:00","og_image":[{"width":1200,"height":500,"url":"https:\/\/www.mc-expatriation.com\/wp-content\/uploads\/2023\/04\/escudella.jpg","type":"image\/jpeg"}],"twitter_card":"summary_large_image","twitter_misc":{"Tiempo de lectura":"2 minutos"},"schema":{"@context":"https:\/\/schema.org","@graph":[{"@type":"WebPage","@id":"https:\/\/www.mc-expatriation.com\/es\/vivir-en-andorra\/restaurantes\/","url":"https:\/\/www.mc-expatriation.com\/es\/vivir-en-andorra\/restaurantes\/","name":"Restaurantes de Andorra: descubra sabores ins\u00f3litos, t\u00edpicos del pa\u00eds","isPartOf":{"@id":"https:\/\/www.mc-expatriation.com\/#website"},"primaryImageOfPage":{"@id":"https:\/\/www.mc-expatriation.com\/es\/vivir-en-andorra\/restaurantes\/#primaryimage"},"image":{"@id":"https:\/\/www.mc-expatriation.com\/es\/vivir-en-andorra\/restaurantes\/#primaryimage"},"thumbnailUrl":"https:\/\/www.mc-expatriation.com\/wp-content\/uploads\/2023\/04\/escudella.jpg","datePublished":"2022-11-03T07:22:05+00:00","dateModified":"2023-11-20T12:59:01+00:00","breadcrumb":{"@id":"https:\/\/www.mc-expatriation.com\/es\/vivir-en-andorra\/restaurantes\/#breadcrumb"},"inLanguage":"es","potentialAction":[{"@type":"ReadAction","target":["https:\/\/www.mc-expatriation.com\/es\/vivir-en-andorra\/restaurantes\/"]}]},{"@type":"ImageObject","inLanguage":"es","@id":"https:\/\/www.mc-expatriation.com\/es\/vivir-en-andorra\/restaurantes\/#primaryimage","url":"https:\/\/www.mc-expatriation.com\/wp-content\/uploads\/2023\/04\/escudella.jpg","contentUrl":"https:\/\/www.mc-expatriation.com\/wp-content\/uploads\/2023\/04\/escudella.jpg","width":1200,"height":500,"caption":"escudella"},{"@type":"BreadcrumbList","@id":"https:\/\/www.mc-expatriation.com\/es\/vivir-en-andorra\/restaurantes\/#breadcrumb","itemListElement":[{"@type":"ListItem","position":1,"name":"Home","item":"https:\/\/www.mc-expatriation.com\/es\/"},{"@type":"ListItem","position":2,"name":"Vivir en Andorra: coste de la vida, inmigraci\u00f3n, seguridad y diversas informaciones necesarias","item":"https:\/\/www.mc-expatriation.com\/es\/vivir-en-andorra\/"},{"@type":"ListItem","position":3,"name":"Restaurantes de Andorra: descubra sabores ins\u00f3litos, t\u00edpicos del pa\u00eds"}]},{"@type":"WebSite","@id":"https:\/\/www.mc-expatriation.com\/#website","url":"https:\/\/www.mc-expatriation.com\/","name":"MC Expatriation","description":"","publisher":{"@id":"https:\/\/www.mc-expatriation.com\/#organization"},"potentialAction":[{"@type":"SearchAction","target":{"@type":"EntryPoint","urlTemplate":"https:\/\/www.mc-expatriation.com\/?s={search_term_string}"},"query-input":{"@type":"PropertyValueSpecification","valueRequired":true,"valueName":"search_term_string"}}],"inLanguage":"es"},{"@type":"Organization","@id":"https:\/\/www.mc-expatriation.com\/#organization","name":"MC Expatriation","url":"https:\/\/www.mc-expatriation.com\/","logo":{"@type":"ImageObject","inLanguage":"es","@id":"https:\/\/www.mc-expatriation.com\/#\/schema\/logo\/image\/","url":"https:\/\/www.mc-expatriation.com\/wp-content\/uploads\/2022\/10\/logo.svg","contentUrl":"https:\/\/www.mc-expatriation.com\/wp-content\/uploads\/2022\/10\/logo.svg","caption":"MC Expatriation"},"image":{"@id":"https:\/\/www.mc-expatriation.com\/#\/schema\/logo\/image\/"}}]}},"_links":{"self":[{"href":"https:\/\/www.mc-expatriation.com\/es\/wp-json\/wp\/v2\/pages\/4218","targetHints":{"allow":["GET"]}}],"collection":[{"href":"https:\/\/www.mc-expatriation.com\/es\/wp-json\/wp\/v2\/pages"}],"about":[{"href":"https:\/\/www.mc-expatriation.com\/es\/wp-json\/wp\/v2\/types\/page"}],"author":[{"embeddable":true,"href":"https:\/\/www.mc-expatriation.com\/es\/wp-json\/wp\/v2\/users\/1"}],"replies":[{"embeddable":true,"href":"https:\/\/www.mc-expatriation.com\/es\/wp-json\/wp\/v2\/comments?post=4218"}],"version-history":[{"count":11,"href":"https:\/\/www.mc-expatriation.com\/es\/wp-json\/wp\/v2\/pages\/4218\/revisions"}],"predecessor-version":[{"id":5512,"href":"https:\/\/www.mc-expatriation.com\/es\/wp-json\/wp\/v2\/pages\/4218\/revisions\/5512"}],"up":[{"embeddable":true,"href":"https:\/\/www.mc-expatriation.com\/es\/wp-json\/wp\/v2\/pages\/1622"}],"wp:featuredmedia":[{"embeddable":true,"href":"https:\/\/www.mc-expatriation.com\/es\/wp-json\/wp\/v2\/media\/3703"}],"wp:attachment":[{"href":"https:\/\/www.mc-expatriation.com\/es\/wp-json\/wp\/v2\/media?parent=4218"}],"curies":[{"name":"wp","href":"https:\/\/api.w.org\/{rel}","templated":true}]}}