{"id":4239,"date":"2022-11-03T07:37:46","date_gmt":"2022-11-03T07:37:46","guid":{"rendered":"https:\/\/www.mc-expatriation.com\/?page_id=4239"},"modified":"2023-11-20T13:01:50","modified_gmt":"2023-11-20T13:01:50","slug":"vivir-en-la-montana","status":"publish","type":"page","link":"https:\/\/www.mc-expatriation.com\/es\/vivir-en-andorra\/vivir-en-la-montana\/","title":{"rendered":"Vivir en la monta\u00f1a en Andorra; las ideas preconcebidas frente a la realidad"},"content":{"rendered":"\n<h2 class=\"wp-block-heading\" id=\"h-une-situacion-geografica-sin-parangon-en-el-resto-del-mundo\">Une situaci\u00f3n geogr\u00e1fica sin parang\u00f3n en el resto del mundo<\/h2>\n\n\n\n<p>Andorra es un peque\u00f1o pa\u00eds de 468 km\u00b2 enclavado en el coraz\u00f3n de los Pirineos, entre Francia y Espa\u00f1a. Est\u00e1 formado por valles rodeados de altas monta\u00f1as. Vivir en la monta\u00f1a en Andorra no tiene comparaci\u00f3n con nada que pueda encontrar en otros lugares. Aparte de la naturaleza bien conservada, podr\u00e1 disfrutar del aire puro y de vastos y bellos paisajes. Todo esto le dar\u00e1 una sensaci\u00f3n de plenitud y tranquilidad inigualables.<\/p>\n\n\n\n<p>La naturaleza intacta permite a los habitantes disfrutar de una calidad del aire excepcional. No existe el riesgo de sentirse aislado. En el Principado de Andorra se hace dif\u00edcil distinguir entre el campo y la ciudad. Todas y cada una de las parroquias andorrana est\u00e1 a menos de diez minutos del campo y a menos de 30 minutos de la capital, Andorra la Vella.<\/p>\n","protected":false},"excerpt":{"rendered":"<p>Une situaci\u00f3n geogr\u00e1fica sin parang\u00f3n en el resto del mundo Andorra es un peque\u00f1o pa\u00eds de 468 km\u00b2 enclavado en el coraz\u00f3n de los Pirineos, entre Francia y Espa\u00f1a. Est\u00e1 formado por valles rodeados de altas monta\u00f1as. Vivir en la monta\u00f1a en Andorra no tiene comparaci\u00f3n con nada que pueda encontrar en otros lugares. Aparte [&hellip;]<\/p>\n","protected":false},"author":1,"featured_media":3656,"parent":1622,"menu_order":0,"comment_status":"closed","ping_status":"closed","template":"niveau-2.php","meta":{"_acf_changed":false,"footnotes":""},"class_list":["post-4239","page","type-page","status-publish","has-post-thumbnail","hentry"],"acf":[],"yoast_head":"<!-- This site is optimized with the Yoast SEO Premium plugin v25.8 (Yoast SEO v27.3) - https:\/\/yoast.com\/product\/yoast-seo-premium-wordpress\/ -->\n<title>Vivir en la monta\u00f1a en Andorra; las ideas preconcebidas frente a la realidad<\/title>\n<meta name=\"robots\" content=\"index, follow, max-snippet:-1, max-image-preview:large, max-video-preview:-1\" \/>\n<link rel=\"canonical\" href=\"https:\/\/www.mc-expatriation.com\/es\/vivir-en-andorra\/vivir-en-la-montana\/\" \/>\n<meta property=\"og:locale\" content=\"es_ES\" \/>\n<meta property=\"og:type\" content=\"article\" \/>\n<meta property=\"og:title\" content=\"Vivir en la monta\u00f1a en Andorra; las ideas preconcebidas frente a la realidad\" \/>\n<meta property=\"og:description\" content=\"Une situaci\u00f3n geogr\u00e1fica sin parang\u00f3n en el resto del mundo Andorra es un peque\u00f1o pa\u00eds de 468 km\u00b2 enclavado en el coraz\u00f3n de los Pirineos, entre Francia y Espa\u00f1a. Est\u00e1 formado por valles rodeados de altas monta\u00f1as. Vivir en la monta\u00f1a en Andorra no tiene comparaci\u00f3n con nada que pueda encontrar en otros lugares. Aparte [&hellip;]\" \/>\n<meta property=\"og:url\" content=\"https:\/\/www.mc-expatriation.com\/es\/vivir-en-andorra\/vivir-en-la-montana\/\" \/>\n<meta property=\"og:site_name\" content=\"MC Expatriation\" \/>\n<meta property=\"article:modified_time\" content=\"2023-11-20T13:01:50+00:00\" \/>\n<meta property=\"og:image\" content=\"https:\/\/www.mc-expatriation.com\/wp-content\/uploads\/2023\/04\/Vivre-a-la-Montagne-en-Andorre.jpg\" \/>\n\t<meta property=\"og:image:width\" content=\"1200\" \/>\n\t<meta property=\"og:image:height\" content=\"500\" \/>\n\t<meta property=\"og:image:type\" content=\"image\/jpeg\" \/>\n<meta name=\"twitter:card\" content=\"summary_large_image\" \/>\n<meta name=\"twitter:label1\" content=\"Tiempo de lectura\" \/>\n\t<meta name=\"twitter:data1\" content=\"1 minuto\" \/>\n<script type=\"application\/ld+json\" class=\"yoast-schema-graph\">{\"@context\":\"https:\\\/\\\/schema.org\",\"@graph\":[{\"@type\":\"WebPage\",\"@id\":\"https:\\\/\\\/www.mc-expatriation.com\\\/es\\\/vivir-en-andorra\\\/vivir-en-la-montana\\\/\",\"url\":\"https:\\\/\\\/www.mc-expatriation.com\\\/es\\\/vivir-en-andorra\\\/vivir-en-la-montana\\\/\",\"name\":\"Vivir en la monta\u00f1a en Andorra; las ideas preconcebidas frente a la realidad\",\"isPartOf\":{\"@id\":\"https:\\\/\\\/www.mc-expatriation.com\\\/#website\"},\"primaryImageOfPage\":{\"@id\":\"https:\\\/\\\/www.mc-expatriation.com\\\/es\\\/vivir-en-andorra\\\/vivir-en-la-montana\\\/#primaryimage\"},\"image\":{\"@id\":\"https:\\\/\\\/www.mc-expatriation.com\\\/es\\\/vivir-en-andorra\\\/vivir-en-la-montana\\\/#primaryimage\"},\"thumbnailUrl\":\"https:\\\/\\\/www.mc-expatriation.com\\\/wp-content\\\/uploads\\\/2023\\\/04\\\/Vivre-a-la-Montagne-en-Andorre.jpg\",\"datePublished\":\"2022-11-03T07:37:46+00:00\",\"dateModified\":\"2023-11-20T13:01:50+00:00\",\"breadcrumb\":{\"@id\":\"https:\\\/\\\/www.mc-expatriation.com\\\/es\\\/vivir-en-andorra\\\/vivir-en-la-montana\\\/#breadcrumb\"},\"inLanguage\":\"es\",\"potentialAction\":[{\"@type\":\"ReadAction\",\"target\":[\"https:\\\/\\\/www.mc-expatriation.com\\\/es\\\/vivir-en-andorra\\\/vivir-en-la-montana\\\/\"]}]},{\"@type\":\"ImageObject\",\"inLanguage\":\"es\",\"@id\":\"https:\\\/\\\/www.mc-expatriation.com\\\/es\\\/vivir-en-andorra\\\/vivir-en-la-montana\\\/#primaryimage\",\"url\":\"https:\\\/\\\/www.mc-expatriation.com\\\/wp-content\\\/uploads\\\/2023\\\/04\\\/Vivre-a-la-Montagne-en-Andorre.jpg\",\"contentUrl\":\"https:\\\/\\\/www.mc-expatriation.com\\\/wp-content\\\/uploads\\\/2023\\\/04\\\/Vivre-a-la-Montagne-en-Andorre.jpg\",\"width\":1200,\"height\":500,\"caption\":\"Vivre \u00e0 la Montagne en Andorre\"},{\"@type\":\"BreadcrumbList\",\"@id\":\"https:\\\/\\\/www.mc-expatriation.com\\\/es\\\/vivir-en-andorra\\\/vivir-en-la-montana\\\/#breadcrumb\",\"itemListElement\":[{\"@type\":\"ListItem\",\"position\":1,\"name\":\"Home\",\"item\":\"https:\\\/\\\/www.mc-expatriation.com\\\/es\\\/\"},{\"@type\":\"ListItem\",\"position\":2,\"name\":\"Vivir en Andorra: coste de la vida, inmigraci\u00f3n, seguridad y diversas informaciones necesarias\",\"item\":\"https:\\\/\\\/www.mc-expatriation.com\\\/es\\\/vivir-en-andorra\\\/\"},{\"@type\":\"ListItem\",\"position\":3,\"name\":\"Vivir en la monta\u00f1a en Andorra; las ideas preconcebidas frente a la realidad\"}]},{\"@type\":\"WebSite\",\"@id\":\"https:\\\/\\\/www.mc-expatriation.com\\\/#website\",\"url\":\"https:\\\/\\\/www.mc-expatriation.com\\\/\",\"name\":\"MC Expatriation\",\"description\":\"\",\"publisher\":{\"@id\":\"https:\\\/\\\/www.mc-expatriation.com\\\/#organization\"},\"potentialAction\":[{\"@type\":\"SearchAction\",\"target\":{\"@type\":\"EntryPoint\",\"urlTemplate\":\"https:\\\/\\\/www.mc-expatriation.com\\\/?s={search_term_string}\"},\"query-input\":{\"@type\":\"PropertyValueSpecification\",\"valueRequired\":true,\"valueName\":\"search_term_string\"}}],\"inLanguage\":\"es\"},{\"@type\":\"Organization\",\"@id\":\"https:\\\/\\\/www.mc-expatriation.com\\\/#organization\",\"name\":\"MC Expatriation\",\"url\":\"https:\\\/\\\/www.mc-expatriation.com\\\/\",\"logo\":{\"@type\":\"ImageObject\",\"inLanguage\":\"es\",\"@id\":\"https:\\\/\\\/www.mc-expatriation.com\\\/#\\\/schema\\\/logo\\\/image\\\/\",\"url\":\"https:\\\/\\\/www.mc-expatriation.com\\\/wp-content\\\/uploads\\\/2022\\\/10\\\/logo.svg\",\"contentUrl\":\"https:\\\/\\\/www.mc-expatriation.com\\\/wp-content\\\/uploads\\\/2022\\\/10\\\/logo.svg\",\"caption\":\"MC Expatriation\"},\"image\":{\"@id\":\"https:\\\/\\\/www.mc-expatriation.com\\\/#\\\/schema\\\/logo\\\/image\\\/\"}}]}<\/script>\n<!-- \/ Yoast SEO Premium plugin. -->","yoast_head_json":{"title":"Vivir en la monta\u00f1a en Andorra; las ideas preconcebidas frente a la realidad","robots":{"index":"index","follow":"follow","max-snippet":"max-snippet:-1","max-image-preview":"max-image-preview:large","max-video-preview":"max-video-preview:-1"},"canonical":"https:\/\/www.mc-expatriation.com\/es\/vivir-en-andorra\/vivir-en-la-montana\/","og_locale":"es_ES","og_type":"article","og_title":"Vivir en la monta\u00f1a en Andorra; las ideas preconcebidas frente a la realidad","og_description":"Une situaci\u00f3n geogr\u00e1fica sin parang\u00f3n en el resto del mundo Andorra es un peque\u00f1o pa\u00eds de 468 km\u00b2 enclavado en el coraz\u00f3n de los Pirineos, entre Francia y Espa\u00f1a. Est\u00e1 formado por valles rodeados de altas monta\u00f1as. Vivir en la monta\u00f1a en Andorra no tiene comparaci\u00f3n con nada que pueda encontrar en otros lugares. Aparte [&hellip;]","og_url":"https:\/\/www.mc-expatriation.com\/es\/vivir-en-andorra\/vivir-en-la-montana\/","og_site_name":"MC Expatriation","article_modified_time":"2023-11-20T13:01:50+00:00","og_image":[{"width":1200,"height":500,"url":"https:\/\/www.mc-expatriation.com\/wp-content\/uploads\/2023\/04\/Vivre-a-la-Montagne-en-Andorre.jpg","type":"image\/jpeg"}],"twitter_card":"summary_large_image","twitter_misc":{"Tiempo de lectura":"1 minuto"},"schema":{"@context":"https:\/\/schema.org","@graph":[{"@type":"WebPage","@id":"https:\/\/www.mc-expatriation.com\/es\/vivir-en-andorra\/vivir-en-la-montana\/","url":"https:\/\/www.mc-expatriation.com\/es\/vivir-en-andorra\/vivir-en-la-montana\/","name":"Vivir en la monta\u00f1a en Andorra; las ideas preconcebidas frente a la realidad","isPartOf":{"@id":"https:\/\/www.mc-expatriation.com\/#website"},"primaryImageOfPage":{"@id":"https:\/\/www.mc-expatriation.com\/es\/vivir-en-andorra\/vivir-en-la-montana\/#primaryimage"},"image":{"@id":"https:\/\/www.mc-expatriation.com\/es\/vivir-en-andorra\/vivir-en-la-montana\/#primaryimage"},"thumbnailUrl":"https:\/\/www.mc-expatriation.com\/wp-content\/uploads\/2023\/04\/Vivre-a-la-Montagne-en-Andorre.jpg","datePublished":"2022-11-03T07:37:46+00:00","dateModified":"2023-11-20T13:01:50+00:00","breadcrumb":{"@id":"https:\/\/www.mc-expatriation.com\/es\/vivir-en-andorra\/vivir-en-la-montana\/#breadcrumb"},"inLanguage":"es","potentialAction":[{"@type":"ReadAction","target":["https:\/\/www.mc-expatriation.com\/es\/vivir-en-andorra\/vivir-en-la-montana\/"]}]},{"@type":"ImageObject","inLanguage":"es","@id":"https:\/\/www.mc-expatriation.com\/es\/vivir-en-andorra\/vivir-en-la-montana\/#primaryimage","url":"https:\/\/www.mc-expatriation.com\/wp-content\/uploads\/2023\/04\/Vivre-a-la-Montagne-en-Andorre.jpg","contentUrl":"https:\/\/www.mc-expatriation.com\/wp-content\/uploads\/2023\/04\/Vivre-a-la-Montagne-en-Andorre.jpg","width":1200,"height":500,"caption":"Vivre \u00e0 la Montagne en Andorre"},{"@type":"BreadcrumbList","@id":"https:\/\/www.mc-expatriation.com\/es\/vivir-en-andorra\/vivir-en-la-montana\/#breadcrumb","itemListElement":[{"@type":"ListItem","position":1,"name":"Home","item":"https:\/\/www.mc-expatriation.com\/es\/"},{"@type":"ListItem","position":2,"name":"Vivir en Andorra: coste de la vida, inmigraci\u00f3n, seguridad y diversas informaciones necesarias","item":"https:\/\/www.mc-expatriation.com\/es\/vivir-en-andorra\/"},{"@type":"ListItem","position":3,"name":"Vivir en la monta\u00f1a en Andorra; las ideas preconcebidas frente a la realidad"}]},{"@type":"WebSite","@id":"https:\/\/www.mc-expatriation.com\/#website","url":"https:\/\/www.mc-expatriation.com\/","name":"MC Expatriation","description":"","publisher":{"@id":"https:\/\/www.mc-expatriation.com\/#organization"},"potentialAction":[{"@type":"SearchAction","target":{"@type":"EntryPoint","urlTemplate":"https:\/\/www.mc-expatriation.com\/?s={search_term_string}"},"query-input":{"@type":"PropertyValueSpecification","valueRequired":true,"valueName":"search_term_string"}}],"inLanguage":"es"},{"@type":"Organization","@id":"https:\/\/www.mc-expatriation.com\/#organization","name":"MC Expatriation","url":"https:\/\/www.mc-expatriation.com\/","logo":{"@type":"ImageObject","inLanguage":"es","@id":"https:\/\/www.mc-expatriation.com\/#\/schema\/logo\/image\/","url":"https:\/\/www.mc-expatriation.com\/wp-content\/uploads\/2022\/10\/logo.svg","contentUrl":"https:\/\/www.mc-expatriation.com\/wp-content\/uploads\/2022\/10\/logo.svg","caption":"MC Expatriation"},"image":{"@id":"https:\/\/www.mc-expatriation.com\/#\/schema\/logo\/image\/"}}]}},"_links":{"self":[{"href":"https:\/\/www.mc-expatriation.com\/es\/wp-json\/wp\/v2\/pages\/4239","targetHints":{"allow":["GET"]}}],"collection":[{"href":"https:\/\/www.mc-expatriation.com\/es\/wp-json\/wp\/v2\/pages"}],"about":[{"href":"https:\/\/www.mc-expatriation.com\/es\/wp-json\/wp\/v2\/types\/page"}],"author":[{"embeddable":true,"href":"https:\/\/www.mc-expatriation.com\/es\/wp-json\/wp\/v2\/users\/1"}],"replies":[{"embeddable":true,"href":"https:\/\/www.mc-expatriation.com\/es\/wp-json\/wp\/v2\/comments?post=4239"}],"version-history":[{"count":9,"href":"https:\/\/www.mc-expatriation.com\/es\/wp-json\/wp\/v2\/pages\/4239\/revisions"}],"predecessor-version":[{"id":5515,"href":"https:\/\/www.mc-expatriation.com\/es\/wp-json\/wp\/v2\/pages\/4239\/revisions\/5515"}],"up":[{"embeddable":true,"href":"https:\/\/www.mc-expatriation.com\/es\/wp-json\/wp\/v2\/pages\/1622"}],"wp:featuredmedia":[{"embeddable":true,"href":"https:\/\/www.mc-expatriation.com\/es\/wp-json\/wp\/v2\/media\/3656"}],"wp:attachment":[{"href":"https:\/\/www.mc-expatriation.com\/es\/wp-json\/wp\/v2\/media?parent=4239"}],"curies":[{"name":"wp","href":"https:\/\/api.w.org\/{rel}","templated":true}]}}