{"id":4566,"date":"2022-11-03T06:42:53","date_gmt":"2022-11-03T06:42:53","guid":{"rendered":"https:\/\/www.mc-expatriation.com\/?page_id=4566"},"modified":"2023-11-13T11:32:03","modified_gmt":"2023-11-13T11:32:03","slug":"deportistas-profesionales","status":"publish","type":"page","link":"https:\/\/www.mc-expatriation.com\/es\/expatriacion\/deportistas-profesionales\/","title":{"rendered":"Andorra, un pa\u00eds de expatriaci\u00f3n ideal para los deportistas profesionales"},"content":{"rendered":"\n<p>Andorra es un destino l\u00edder para deportistas profesionales de alto nivel. El Principado es un de remanso perfecto de paz y prosperidad econ\u00f3mica. A lo largo de la historia, ha destacado por su impecable neutralidad. Pese a los innumerables conflictos, guerras y golpes de Estado que se han producido en Europa, Andorra ha mantenido siempre un irreprochable pacifismo. Es un pa\u00eds sin delincuencia ni criminalidad y donde la seguridad es primordial. La calidad de su entorno es excepcional, y a ello se suman sus imponentes paisajes.<\/p>\n\n\n\n<h2 class=\"wp-block-heading\" id=\"h-estatuto-de-residencia-para-deportistas-internacionales-y-profesionales\">Estatuto de residencia para deportistas internacionales y profesionales<\/h2>\n\n\n\n<p>Las personas que disfrutan de fama internacional, como los deportistas profesionales, tienen la posibilidad de obtener el estatuto de residencia andorrano. Lo mismo ocurre con los artistas y los investigadores cient\u00edficos.&nbsp;<\/p>\n\n\n\n<p>Puesto que estas personas no se expatrian a Andorra para trabajar, realizar inversiones o crear empresas, no tienen que solicitar la residencia activa. Para disfrutar del estatuto de residente fiscal en el Principado en calidad de deportista profesional, debe elegirse la categor\u00eda de residencia pasiva C.<\/p>\n","protected":false},"excerpt":{"rendered":"<p>Andorra es un destino l\u00edder para deportistas profesionales de alto nivel. El Principado es un de remanso perfecto de paz y prosperidad econ\u00f3mica. A lo largo de la historia, ha destacado por su impecable neutralidad. Pese a los innumerables conflictos, guerras y golpes de Estado que se han producido en Europa, Andorra ha mantenido siempre [&hellip;]<\/p>\n","protected":false},"author":1,"featured_media":4547,"parent":2025,"menu_order":0,"comment_status":"closed","ping_status":"closed","template":"niveau-2.php","meta":{"_acf_changed":false,"footnotes":""},"class_list":["post-4566","page","type-page","status-publish","has-post-thumbnail","hentry"],"acf":[],"yoast_head":"<!-- This site is optimized with the Yoast SEO Premium plugin v25.8 (Yoast SEO v27.3) - https:\/\/yoast.com\/product\/yoast-seo-premium-wordpress\/ -->\n<title>Andorra, un pa\u00eds de expatriaci\u00f3n ideal para los deportistas profesionales<\/title>\n<meta name=\"robots\" content=\"index, follow, max-snippet:-1, max-image-preview:large, max-video-preview:-1\" \/>\n<link rel=\"canonical\" href=\"https:\/\/www.mc-expatriation.com\/es\/expatriacion\/deportistas-profesionales\/\" \/>\n<meta property=\"og:locale\" content=\"es_ES\" \/>\n<meta property=\"og:type\" content=\"article\" \/>\n<meta property=\"og:title\" content=\"Andorra, un pa\u00eds de expatriaci\u00f3n ideal para los deportistas profesionales\" \/>\n<meta property=\"og:description\" content=\"Andorra es un destino l\u00edder para deportistas profesionales de alto nivel. El Principado es un de remanso perfecto de paz y prosperidad econ\u00f3mica. A lo largo de la historia, ha destacado por su impecable neutralidad. Pese a los innumerables conflictos, guerras y golpes de Estado que se han producido en Europa, Andorra ha mantenido siempre [&hellip;]\" \/>\n<meta property=\"og:url\" content=\"https:\/\/www.mc-expatriation.com\/es\/expatriacion\/deportistas-profesionales\/\" \/>\n<meta property=\"og:site_name\" content=\"MC Expatriation\" \/>\n<meta property=\"article:modified_time\" content=\"2023-11-13T11:32:03+00:00\" \/>\n<meta property=\"og:image\" content=\"https:\/\/www.mc-expatriation.com\/wp-content\/uploads\/2023\/11\/sportif-pro.jpg\" \/>\n\t<meta property=\"og:image:width\" content=\"1000\" \/>\n\t<meta property=\"og:image:height\" content=\"654\" \/>\n\t<meta property=\"og:image:type\" content=\"image\/jpeg\" \/>\n<meta name=\"twitter:card\" content=\"summary_large_image\" \/>\n<meta name=\"twitter:label1\" content=\"Tiempo de lectura\" \/>\n\t<meta name=\"twitter:data1\" content=\"1 minuto\" \/>\n<script type=\"application\/ld+json\" class=\"yoast-schema-graph\">{\"@context\":\"https:\\\/\\\/schema.org\",\"@graph\":[{\"@type\":\"WebPage\",\"@id\":\"https:\\\/\\\/www.mc-expatriation.com\\\/es\\\/expatriacion\\\/deportistas-profesionales\\\/\",\"url\":\"https:\\\/\\\/www.mc-expatriation.com\\\/es\\\/expatriacion\\\/deportistas-profesionales\\\/\",\"name\":\"Andorra, un pa\u00eds de expatriaci\u00f3n ideal para los deportistas profesionales\",\"isPartOf\":{\"@id\":\"https:\\\/\\\/www.mc-expatriation.com\\\/#website\"},\"primaryImageOfPage\":{\"@id\":\"https:\\\/\\\/www.mc-expatriation.com\\\/es\\\/expatriacion\\\/deportistas-profesionales\\\/#primaryimage\"},\"image\":{\"@id\":\"https:\\\/\\\/www.mc-expatriation.com\\\/es\\\/expatriacion\\\/deportistas-profesionales\\\/#primaryimage\"},\"thumbnailUrl\":\"https:\\\/\\\/www.mc-expatriation.com\\\/wp-content\\\/uploads\\\/2023\\\/11\\\/sportif-pro.jpg\",\"datePublished\":\"2022-11-03T06:42:53+00:00\",\"dateModified\":\"2023-11-13T11:32:03+00:00\",\"breadcrumb\":{\"@id\":\"https:\\\/\\\/www.mc-expatriation.com\\\/es\\\/expatriacion\\\/deportistas-profesionales\\\/#breadcrumb\"},\"inLanguage\":\"es\",\"potentialAction\":[{\"@type\":\"ReadAction\",\"target\":[\"https:\\\/\\\/www.mc-expatriation.com\\\/es\\\/expatriacion\\\/deportistas-profesionales\\\/\"]}]},{\"@type\":\"ImageObject\",\"inLanguage\":\"es\",\"@id\":\"https:\\\/\\\/www.mc-expatriation.com\\\/es\\\/expatriacion\\\/deportistas-profesionales\\\/#primaryimage\",\"url\":\"https:\\\/\\\/www.mc-expatriation.com\\\/wp-content\\\/uploads\\\/2023\\\/11\\\/sportif-pro.jpg\",\"contentUrl\":\"https:\\\/\\\/www.mc-expatriation.com\\\/wp-content\\\/uploads\\\/2023\\\/11\\\/sportif-pro.jpg\",\"width\":1000,\"height\":654,\"caption\":\"sportif pro\"},{\"@type\":\"BreadcrumbList\",\"@id\":\"https:\\\/\\\/www.mc-expatriation.com\\\/es\\\/expatriacion\\\/deportistas-profesionales\\\/#breadcrumb\",\"itemListElement\":[{\"@type\":\"ListItem\",\"position\":1,\"name\":\"Home\",\"item\":\"https:\\\/\\\/www.mc-expatriation.com\\\/es\\\/\"},{\"@type\":\"ListItem\",\"position\":2,\"name\":\"Expatriaci\u00f3n: instalarse en el Principado de Andorra\",\"item\":\"https:\\\/\\\/www.mc-expatriation.com\\\/es\\\/expatriacion\\\/\"},{\"@type\":\"ListItem\",\"position\":3,\"name\":\"Andorra, un pa\u00eds de expatriaci\u00f3n ideal para los deportistas profesionales\"}]},{\"@type\":\"WebSite\",\"@id\":\"https:\\\/\\\/www.mc-expatriation.com\\\/#website\",\"url\":\"https:\\\/\\\/www.mc-expatriation.com\\\/\",\"name\":\"MC Expatriation\",\"description\":\"\",\"publisher\":{\"@id\":\"https:\\\/\\\/www.mc-expatriation.com\\\/#organization\"},\"potentialAction\":[{\"@type\":\"SearchAction\",\"target\":{\"@type\":\"EntryPoint\",\"urlTemplate\":\"https:\\\/\\\/www.mc-expatriation.com\\\/?s={search_term_string}\"},\"query-input\":{\"@type\":\"PropertyValueSpecification\",\"valueRequired\":true,\"valueName\":\"search_term_string\"}}],\"inLanguage\":\"es\"},{\"@type\":\"Organization\",\"@id\":\"https:\\\/\\\/www.mc-expatriation.com\\\/#organization\",\"name\":\"MC Expatriation\",\"url\":\"https:\\\/\\\/www.mc-expatriation.com\\\/\",\"logo\":{\"@type\":\"ImageObject\",\"inLanguage\":\"es\",\"@id\":\"https:\\\/\\\/www.mc-expatriation.com\\\/#\\\/schema\\\/logo\\\/image\\\/\",\"url\":\"https:\\\/\\\/www.mc-expatriation.com\\\/wp-content\\\/uploads\\\/2022\\\/10\\\/logo.svg\",\"contentUrl\":\"https:\\\/\\\/www.mc-expatriation.com\\\/wp-content\\\/uploads\\\/2022\\\/10\\\/logo.svg\",\"caption\":\"MC Expatriation\"},\"image\":{\"@id\":\"https:\\\/\\\/www.mc-expatriation.com\\\/#\\\/schema\\\/logo\\\/image\\\/\"}}]}<\/script>\n<!-- \/ Yoast SEO Premium plugin. -->","yoast_head_json":{"title":"Andorra, un pa\u00eds de expatriaci\u00f3n ideal para los deportistas profesionales","robots":{"index":"index","follow":"follow","max-snippet":"max-snippet:-1","max-image-preview":"max-image-preview:large","max-video-preview":"max-video-preview:-1"},"canonical":"https:\/\/www.mc-expatriation.com\/es\/expatriacion\/deportistas-profesionales\/","og_locale":"es_ES","og_type":"article","og_title":"Andorra, un pa\u00eds de expatriaci\u00f3n ideal para los deportistas profesionales","og_description":"Andorra es un destino l\u00edder para deportistas profesionales de alto nivel. El Principado es un de remanso perfecto de paz y prosperidad econ\u00f3mica. A lo largo de la historia, ha destacado por su impecable neutralidad. Pese a los innumerables conflictos, guerras y golpes de Estado que se han producido en Europa, Andorra ha mantenido siempre [&hellip;]","og_url":"https:\/\/www.mc-expatriation.com\/es\/expatriacion\/deportistas-profesionales\/","og_site_name":"MC Expatriation","article_modified_time":"2023-11-13T11:32:03+00:00","og_image":[{"width":1000,"height":654,"url":"https:\/\/www.mc-expatriation.com\/wp-content\/uploads\/2023\/11\/sportif-pro.jpg","type":"image\/jpeg"}],"twitter_card":"summary_large_image","twitter_misc":{"Tiempo de lectura":"1 minuto"},"schema":{"@context":"https:\/\/schema.org","@graph":[{"@type":"WebPage","@id":"https:\/\/www.mc-expatriation.com\/es\/expatriacion\/deportistas-profesionales\/","url":"https:\/\/www.mc-expatriation.com\/es\/expatriacion\/deportistas-profesionales\/","name":"Andorra, un pa\u00eds de expatriaci\u00f3n ideal para los deportistas profesionales","isPartOf":{"@id":"https:\/\/www.mc-expatriation.com\/#website"},"primaryImageOfPage":{"@id":"https:\/\/www.mc-expatriation.com\/es\/expatriacion\/deportistas-profesionales\/#primaryimage"},"image":{"@id":"https:\/\/www.mc-expatriation.com\/es\/expatriacion\/deportistas-profesionales\/#primaryimage"},"thumbnailUrl":"https:\/\/www.mc-expatriation.com\/wp-content\/uploads\/2023\/11\/sportif-pro.jpg","datePublished":"2022-11-03T06:42:53+00:00","dateModified":"2023-11-13T11:32:03+00:00","breadcrumb":{"@id":"https:\/\/www.mc-expatriation.com\/es\/expatriacion\/deportistas-profesionales\/#breadcrumb"},"inLanguage":"es","potentialAction":[{"@type":"ReadAction","target":["https:\/\/www.mc-expatriation.com\/es\/expatriacion\/deportistas-profesionales\/"]}]},{"@type":"ImageObject","inLanguage":"es","@id":"https:\/\/www.mc-expatriation.com\/es\/expatriacion\/deportistas-profesionales\/#primaryimage","url":"https:\/\/www.mc-expatriation.com\/wp-content\/uploads\/2023\/11\/sportif-pro.jpg","contentUrl":"https:\/\/www.mc-expatriation.com\/wp-content\/uploads\/2023\/11\/sportif-pro.jpg","width":1000,"height":654,"caption":"sportif pro"},{"@type":"BreadcrumbList","@id":"https:\/\/www.mc-expatriation.com\/es\/expatriacion\/deportistas-profesionales\/#breadcrumb","itemListElement":[{"@type":"ListItem","position":1,"name":"Home","item":"https:\/\/www.mc-expatriation.com\/es\/"},{"@type":"ListItem","position":2,"name":"Expatriaci\u00f3n: instalarse en el Principado de Andorra","item":"https:\/\/www.mc-expatriation.com\/es\/expatriacion\/"},{"@type":"ListItem","position":3,"name":"Andorra, un pa\u00eds de expatriaci\u00f3n ideal para los deportistas profesionales"}]},{"@type":"WebSite","@id":"https:\/\/www.mc-expatriation.com\/#website","url":"https:\/\/www.mc-expatriation.com\/","name":"MC Expatriation","description":"","publisher":{"@id":"https:\/\/www.mc-expatriation.com\/#organization"},"potentialAction":[{"@type":"SearchAction","target":{"@type":"EntryPoint","urlTemplate":"https:\/\/www.mc-expatriation.com\/?s={search_term_string}"},"query-input":{"@type":"PropertyValueSpecification","valueRequired":true,"valueName":"search_term_string"}}],"inLanguage":"es"},{"@type":"Organization","@id":"https:\/\/www.mc-expatriation.com\/#organization","name":"MC Expatriation","url":"https:\/\/www.mc-expatriation.com\/","logo":{"@type":"ImageObject","inLanguage":"es","@id":"https:\/\/www.mc-expatriation.com\/#\/schema\/logo\/image\/","url":"https:\/\/www.mc-expatriation.com\/wp-content\/uploads\/2022\/10\/logo.svg","contentUrl":"https:\/\/www.mc-expatriation.com\/wp-content\/uploads\/2022\/10\/logo.svg","caption":"MC Expatriation"},"image":{"@id":"https:\/\/www.mc-expatriation.com\/#\/schema\/logo\/image\/"}}]}},"_links":{"self":[{"href":"https:\/\/www.mc-expatriation.com\/es\/wp-json\/wp\/v2\/pages\/4566","targetHints":{"allow":["GET"]}}],"collection":[{"href":"https:\/\/www.mc-expatriation.com\/es\/wp-json\/wp\/v2\/pages"}],"about":[{"href":"https:\/\/www.mc-expatriation.com\/es\/wp-json\/wp\/v2\/types\/page"}],"author":[{"embeddable":true,"href":"https:\/\/www.mc-expatriation.com\/es\/wp-json\/wp\/v2\/users\/1"}],"replies":[{"embeddable":true,"href":"https:\/\/www.mc-expatriation.com\/es\/wp-json\/wp\/v2\/comments?post=4566"}],"version-history":[{"count":11,"href":"https:\/\/www.mc-expatriation.com\/es\/wp-json\/wp\/v2\/pages\/4566\/revisions"}],"predecessor-version":[{"id":4878,"href":"https:\/\/www.mc-expatriation.com\/es\/wp-json\/wp\/v2\/pages\/4566\/revisions\/4878"}],"up":[{"embeddable":true,"href":"https:\/\/www.mc-expatriation.com\/es\/wp-json\/wp\/v2\/pages\/2025"}],"wp:featuredmedia":[{"embeddable":true,"href":"https:\/\/www.mc-expatriation.com\/es\/wp-json\/wp\/v2\/media\/4547"}],"wp:attachment":[{"href":"https:\/\/www.mc-expatriation.com\/es\/wp-json\/wp\/v2\/media?parent=4566"}],"curies":[{"name":"wp","href":"https:\/\/api.w.org\/{rel}","templated":true}]}}