{"id":4601,"date":"2023-11-13T07:26:42","date_gmt":"2023-11-13T07:26:42","guid":{"rendered":"https:\/\/www.mc-expatriation.com\/?page_id=4601"},"modified":"2023-11-13T11:35:16","modified_gmt":"2023-11-13T11:35:16","slug":"empleado","status":"publish","type":"page","link":"https:\/\/www.mc-expatriation.com\/es\/expatriacion\/empleado\/","title":{"rendered":"Expatriarse en Andorra gracias a un contrato laboral"},"content":{"rendered":"\n<p>Si procede de Francia, B\u00e9lgica, Alemania, Espa\u00f1a o incluso de otros pa\u00edses, Andorra es un destino privilegiado. En calidad de trabajador expatriado, podr\u00e1 beneficiarse del entorno laboral que ofrece el Principado, as\u00ed como del nivel de vida especialmente elevado del pa\u00eds. Para residir en Andorra como expatriado, la primera opci\u00f3n es encontrar un trabajo y ser contratado por una empresa andorrana.<\/p>\n\n\n\n<h2 class=\"wp-block-heading\" id=\"h-peticion-de-una-residencia-de-trabajo-en-el-principado-de-andorra-nbsp\">Petici\u00f3n de una residencia de trabajo en el Principado de Andorra&nbsp;<\/h2>\n\n\n\n<p>Conseguir la residencia andorrana resulta interesante, ya que le permitir\u00e1 vivir todo el a\u00f1o en este magn\u00edfico entorno en pleno coraz\u00f3n&nbsp; de las monta\u00f1as. Si trabaja en Andorra y tiene una residencia activa, tambi\u00e9n puede proceder a un reagrupamiento familiar. Igualmente, podr\u00e1 acceder al sistema de seguridad social del Principado.&nbsp;<\/p>\n\n\n\n<h3 class=\"wp-block-heading\" id=\"h-que-es-una-residencia-de-trabajo\">\u00bfQu\u00e9 es una residencia de trabajo?<\/h3>\n\n\n\n<p>La residencia de trabajo es un estatus que se concede a cualquier persona con un permiso de inmigraci\u00f3n en el marco de una actividad profesional. Le otorga muchas ventajas al residente. Refiri\u00e9ndonos \u00fanicamente al impuesto sobre la renta que paga una persona con residencia andorrana, su tipo no supera el 10%. No obstante, sin contrato de trabajo no&nbsp; es posible obtener un permiso de residencia activo para residir en el Principado de Andorra.<\/p>\n","protected":false},"excerpt":{"rendered":"<p>Si procede de Francia, B\u00e9lgica, Alemania, Espa\u00f1a o incluso de otros pa\u00edses, Andorra es un destino privilegiado. En calidad de trabajador expatriado, podr\u00e1 beneficiarse del entorno laboral que ofrece el Principado, as\u00ed como del nivel de vida especialmente elevado del pa\u00eds. Para residir en Andorra como expatriado, la primera opci\u00f3n es encontrar un trabajo y [&hellip;]<\/p>\n","protected":false},"author":1,"featured_media":4584,"parent":2025,"menu_order":0,"comment_status":"closed","ping_status":"closed","template":"niveau-2.php","meta":{"_acf_changed":false,"footnotes":""},"class_list":["post-4601","page","type-page","status-publish","has-post-thumbnail","hentry"],"acf":[],"yoast_head":"<!-- This site is optimized with the Yoast SEO Premium plugin v25.8 (Yoast SEO v27.3) - https:\/\/yoast.com\/product\/yoast-seo-premium-wordpress\/ -->\n<title>Expatriarse en Andorra gracias a un contrato laboral<\/title>\n<meta name=\"robots\" content=\"index, follow, max-snippet:-1, max-image-preview:large, max-video-preview:-1\" \/>\n<link rel=\"canonical\" href=\"https:\/\/www.mc-expatriation.com\/es\/expatriacion\/empleado\/\" \/>\n<meta property=\"og:locale\" content=\"es_ES\" \/>\n<meta property=\"og:type\" content=\"article\" \/>\n<meta property=\"og:title\" content=\"Expatriarse en Andorra gracias a un contrato laboral\" \/>\n<meta property=\"og:description\" content=\"Si procede de Francia, B\u00e9lgica, Alemania, Espa\u00f1a o incluso de otros pa\u00edses, Andorra es un destino privilegiado. En calidad de trabajador expatriado, podr\u00e1 beneficiarse del entorno laboral que ofrece el Principado, as\u00ed como del nivel de vida especialmente elevado del pa\u00eds. Para residir en Andorra como expatriado, la primera opci\u00f3n es encontrar un trabajo y [&hellip;]\" \/>\n<meta property=\"og:url\" content=\"https:\/\/www.mc-expatriation.com\/es\/expatriacion\/empleado\/\" \/>\n<meta property=\"og:site_name\" content=\"MC Expatriation\" \/>\n<meta property=\"article:modified_time\" content=\"2023-11-13T11:35:16+00:00\" \/>\n<meta property=\"og:image\" content=\"https:\/\/www.mc-expatriation.com\/wp-content\/uploads\/2023\/11\/contrat-de-travail.jpg\" \/>\n\t<meta property=\"og:image:width\" content=\"1000\" \/>\n\t<meta property=\"og:image:height\" content=\"667\" \/>\n\t<meta property=\"og:image:type\" content=\"image\/jpeg\" \/>\n<meta name=\"twitter:card\" content=\"summary_large_image\" \/>\n<meta name=\"twitter:label1\" content=\"Tiempo de lectura\" \/>\n\t<meta name=\"twitter:data1\" content=\"2 minutos\" \/>\n<script type=\"application\/ld+json\" class=\"yoast-schema-graph\">{\"@context\":\"https:\\\/\\\/schema.org\",\"@graph\":[{\"@type\":\"WebPage\",\"@id\":\"https:\\\/\\\/www.mc-expatriation.com\\\/es\\\/expatriacion\\\/empleado\\\/\",\"url\":\"https:\\\/\\\/www.mc-expatriation.com\\\/es\\\/expatriacion\\\/empleado\\\/\",\"name\":\"Expatriarse en Andorra gracias a un contrato laboral\",\"isPartOf\":{\"@id\":\"https:\\\/\\\/www.mc-expatriation.com\\\/#website\"},\"primaryImageOfPage\":{\"@id\":\"https:\\\/\\\/www.mc-expatriation.com\\\/es\\\/expatriacion\\\/empleado\\\/#primaryimage\"},\"image\":{\"@id\":\"https:\\\/\\\/www.mc-expatriation.com\\\/es\\\/expatriacion\\\/empleado\\\/#primaryimage\"},\"thumbnailUrl\":\"https:\\\/\\\/www.mc-expatriation.com\\\/wp-content\\\/uploads\\\/2023\\\/11\\\/contrat-de-travail.jpg\",\"datePublished\":\"2023-11-13T07:26:42+00:00\",\"dateModified\":\"2023-11-13T11:35:16+00:00\",\"breadcrumb\":{\"@id\":\"https:\\\/\\\/www.mc-expatriation.com\\\/es\\\/expatriacion\\\/empleado\\\/#breadcrumb\"},\"inLanguage\":\"es\",\"potentialAction\":[{\"@type\":\"ReadAction\",\"target\":[\"https:\\\/\\\/www.mc-expatriation.com\\\/es\\\/expatriacion\\\/empleado\\\/\"]}]},{\"@type\":\"ImageObject\",\"inLanguage\":\"es\",\"@id\":\"https:\\\/\\\/www.mc-expatriation.com\\\/es\\\/expatriacion\\\/empleado\\\/#primaryimage\",\"url\":\"https:\\\/\\\/www.mc-expatriation.com\\\/wp-content\\\/uploads\\\/2023\\\/11\\\/contrat-de-travail.jpg\",\"contentUrl\":\"https:\\\/\\\/www.mc-expatriation.com\\\/wp-content\\\/uploads\\\/2023\\\/11\\\/contrat-de-travail.jpg\",\"width\":1000,\"height\":667,\"caption\":\"contrat de travail\"},{\"@type\":\"BreadcrumbList\",\"@id\":\"https:\\\/\\\/www.mc-expatriation.com\\\/es\\\/expatriacion\\\/empleado\\\/#breadcrumb\",\"itemListElement\":[{\"@type\":\"ListItem\",\"position\":1,\"name\":\"Home\",\"item\":\"https:\\\/\\\/www.mc-expatriation.com\\\/es\\\/\"},{\"@type\":\"ListItem\",\"position\":2,\"name\":\"Expatriaci\u00f3n: instalarse en el Principado de Andorra\",\"item\":\"https:\\\/\\\/www.mc-expatriation.com\\\/es\\\/expatriacion\\\/\"},{\"@type\":\"ListItem\",\"position\":3,\"name\":\"Expatriarse en Andorra gracias a un contrato laboral\"}]},{\"@type\":\"WebSite\",\"@id\":\"https:\\\/\\\/www.mc-expatriation.com\\\/#website\",\"url\":\"https:\\\/\\\/www.mc-expatriation.com\\\/\",\"name\":\"MC Expatriation\",\"description\":\"\",\"publisher\":{\"@id\":\"https:\\\/\\\/www.mc-expatriation.com\\\/#organization\"},\"potentialAction\":[{\"@type\":\"SearchAction\",\"target\":{\"@type\":\"EntryPoint\",\"urlTemplate\":\"https:\\\/\\\/www.mc-expatriation.com\\\/?s={search_term_string}\"},\"query-input\":{\"@type\":\"PropertyValueSpecification\",\"valueRequired\":true,\"valueName\":\"search_term_string\"}}],\"inLanguage\":\"es\"},{\"@type\":\"Organization\",\"@id\":\"https:\\\/\\\/www.mc-expatriation.com\\\/#organization\",\"name\":\"MC Expatriation\",\"url\":\"https:\\\/\\\/www.mc-expatriation.com\\\/\",\"logo\":{\"@type\":\"ImageObject\",\"inLanguage\":\"es\",\"@id\":\"https:\\\/\\\/www.mc-expatriation.com\\\/#\\\/schema\\\/logo\\\/image\\\/\",\"url\":\"https:\\\/\\\/www.mc-expatriation.com\\\/wp-content\\\/uploads\\\/2022\\\/10\\\/logo.svg\",\"contentUrl\":\"https:\\\/\\\/www.mc-expatriation.com\\\/wp-content\\\/uploads\\\/2022\\\/10\\\/logo.svg\",\"caption\":\"MC Expatriation\"},\"image\":{\"@id\":\"https:\\\/\\\/www.mc-expatriation.com\\\/#\\\/schema\\\/logo\\\/image\\\/\"}}]}<\/script>\n<!-- \/ Yoast SEO Premium plugin. -->","yoast_head_json":{"title":"Expatriarse en Andorra gracias a un contrato laboral","robots":{"index":"index","follow":"follow","max-snippet":"max-snippet:-1","max-image-preview":"max-image-preview:large","max-video-preview":"max-video-preview:-1"},"canonical":"https:\/\/www.mc-expatriation.com\/es\/expatriacion\/empleado\/","og_locale":"es_ES","og_type":"article","og_title":"Expatriarse en Andorra gracias a un contrato laboral","og_description":"Si procede de Francia, B\u00e9lgica, Alemania, Espa\u00f1a o incluso de otros pa\u00edses, Andorra es un destino privilegiado. En calidad de trabajador expatriado, podr\u00e1 beneficiarse del entorno laboral que ofrece el Principado, as\u00ed como del nivel de vida especialmente elevado del pa\u00eds. Para residir en Andorra como expatriado, la primera opci\u00f3n es encontrar un trabajo y [&hellip;]","og_url":"https:\/\/www.mc-expatriation.com\/es\/expatriacion\/empleado\/","og_site_name":"MC Expatriation","article_modified_time":"2023-11-13T11:35:16+00:00","og_image":[{"width":1000,"height":667,"url":"https:\/\/www.mc-expatriation.com\/wp-content\/uploads\/2023\/11\/contrat-de-travail.jpg","type":"image\/jpeg"}],"twitter_card":"summary_large_image","twitter_misc":{"Tiempo de lectura":"2 minutos"},"schema":{"@context":"https:\/\/schema.org","@graph":[{"@type":"WebPage","@id":"https:\/\/www.mc-expatriation.com\/es\/expatriacion\/empleado\/","url":"https:\/\/www.mc-expatriation.com\/es\/expatriacion\/empleado\/","name":"Expatriarse en Andorra gracias a un contrato laboral","isPartOf":{"@id":"https:\/\/www.mc-expatriation.com\/#website"},"primaryImageOfPage":{"@id":"https:\/\/www.mc-expatriation.com\/es\/expatriacion\/empleado\/#primaryimage"},"image":{"@id":"https:\/\/www.mc-expatriation.com\/es\/expatriacion\/empleado\/#primaryimage"},"thumbnailUrl":"https:\/\/www.mc-expatriation.com\/wp-content\/uploads\/2023\/11\/contrat-de-travail.jpg","datePublished":"2023-11-13T07:26:42+00:00","dateModified":"2023-11-13T11:35:16+00:00","breadcrumb":{"@id":"https:\/\/www.mc-expatriation.com\/es\/expatriacion\/empleado\/#breadcrumb"},"inLanguage":"es","potentialAction":[{"@type":"ReadAction","target":["https:\/\/www.mc-expatriation.com\/es\/expatriacion\/empleado\/"]}]},{"@type":"ImageObject","inLanguage":"es","@id":"https:\/\/www.mc-expatriation.com\/es\/expatriacion\/empleado\/#primaryimage","url":"https:\/\/www.mc-expatriation.com\/wp-content\/uploads\/2023\/11\/contrat-de-travail.jpg","contentUrl":"https:\/\/www.mc-expatriation.com\/wp-content\/uploads\/2023\/11\/contrat-de-travail.jpg","width":1000,"height":667,"caption":"contrat de travail"},{"@type":"BreadcrumbList","@id":"https:\/\/www.mc-expatriation.com\/es\/expatriacion\/empleado\/#breadcrumb","itemListElement":[{"@type":"ListItem","position":1,"name":"Home","item":"https:\/\/www.mc-expatriation.com\/es\/"},{"@type":"ListItem","position":2,"name":"Expatriaci\u00f3n: instalarse en el Principado de Andorra","item":"https:\/\/www.mc-expatriation.com\/es\/expatriacion\/"},{"@type":"ListItem","position":3,"name":"Expatriarse en Andorra gracias a un contrato laboral"}]},{"@type":"WebSite","@id":"https:\/\/www.mc-expatriation.com\/#website","url":"https:\/\/www.mc-expatriation.com\/","name":"MC Expatriation","description":"","publisher":{"@id":"https:\/\/www.mc-expatriation.com\/#organization"},"potentialAction":[{"@type":"SearchAction","target":{"@type":"EntryPoint","urlTemplate":"https:\/\/www.mc-expatriation.com\/?s={search_term_string}"},"query-input":{"@type":"PropertyValueSpecification","valueRequired":true,"valueName":"search_term_string"}}],"inLanguage":"es"},{"@type":"Organization","@id":"https:\/\/www.mc-expatriation.com\/#organization","name":"MC Expatriation","url":"https:\/\/www.mc-expatriation.com\/","logo":{"@type":"ImageObject","inLanguage":"es","@id":"https:\/\/www.mc-expatriation.com\/#\/schema\/logo\/image\/","url":"https:\/\/www.mc-expatriation.com\/wp-content\/uploads\/2022\/10\/logo.svg","contentUrl":"https:\/\/www.mc-expatriation.com\/wp-content\/uploads\/2022\/10\/logo.svg","caption":"MC Expatriation"},"image":{"@id":"https:\/\/www.mc-expatriation.com\/#\/schema\/logo\/image\/"}}]}},"_links":{"self":[{"href":"https:\/\/www.mc-expatriation.com\/es\/wp-json\/wp\/v2\/pages\/4601","targetHints":{"allow":["GET"]}}],"collection":[{"href":"https:\/\/www.mc-expatriation.com\/es\/wp-json\/wp\/v2\/pages"}],"about":[{"href":"https:\/\/www.mc-expatriation.com\/es\/wp-json\/wp\/v2\/types\/page"}],"author":[{"embeddable":true,"href":"https:\/\/www.mc-expatriation.com\/es\/wp-json\/wp\/v2\/users\/1"}],"replies":[{"embeddable":true,"href":"https:\/\/www.mc-expatriation.com\/es\/wp-json\/wp\/v2\/comments?post=4601"}],"version-history":[{"count":12,"href":"https:\/\/www.mc-expatriation.com\/es\/wp-json\/wp\/v2\/pages\/4601\/revisions"}],"predecessor-version":[{"id":4891,"href":"https:\/\/www.mc-expatriation.com\/es\/wp-json\/wp\/v2\/pages\/4601\/revisions\/4891"}],"up":[{"embeddable":true,"href":"https:\/\/www.mc-expatriation.com\/es\/wp-json\/wp\/v2\/pages\/2025"}],"wp:featuredmedia":[{"embeddable":true,"href":"https:\/\/www.mc-expatriation.com\/es\/wp-json\/wp\/v2\/media\/4584"}],"wp:attachment":[{"href":"https:\/\/www.mc-expatriation.com\/es\/wp-json\/wp\/v2\/media?parent=4601"}],"curies":[{"name":"wp","href":"https:\/\/api.w.org\/{rel}","templated":true}]}}