{"id":4637,"date":"2022-11-03T07:08:50","date_gmt":"2022-11-03T07:08:50","guid":{"rendered":"https:\/\/www.mc-expatriation.com\/?page_id=4637"},"modified":"2023-11-13T11:38:06","modified_gmt":"2023-11-13T11:38:06","slug":"director-empresa","status":"publish","type":"page","link":"https:\/\/www.mc-expatriation.com\/es\/expatriacion\/director-empresa\/","title":{"rendered":"Instalarse en el Principado de Andorra en calidad de director de empresa"},"content":{"rendered":"\n<p>Una econom\u00eda din\u00e1mica y un marco pol\u00edtico estable hacen del Principado de Andorra un lugar atractivo donde invertir. Estos son algunos de los factores que atraen a cualquier extranjero a expatriarse en el Principado. Y, por otra parte, el gobierno andorrano no escatima esfuerzos para optimizar a\u00fan m\u00e1s el marco empresarial. Para atraer a\u00fan m\u00e1s inversores extranjeros, trabaja en los campos de la cooperaci\u00f3n fiscal, la adecuaci\u00f3n de su sistema tributario, la modernizaci\u00f3n de sus infraestructuras, los programas de reforma econ\u00f3mica, etc.<\/p>\n\n\n\n<h2 class=\"wp-block-heading\" id=\"h-un-tipo-impositivo-mas-bajo-para-empresas-y-particulares-andorranos-nbsp\">Un tipo impositivo m\u00e1s bajo para empresas y particulares andorranos&nbsp;<\/h2>\n\n\n\n<p>En comparaci\u00f3n con los impuestos que se pagan en algunos pa\u00edses vecinos de Andorra, como Francia y Espa\u00f1a, el Principado ofrece a sus residentes un tipo impositivo muy bajo. El IS o impuesto de sociedades es s\u00f3lo del 10%.<\/p>\n\n\n\n<p>Los expatriados que trabajan por cuenta ajena tambi\u00e9n se benefician de esta desgravaci\u00f3n fiscal. El tipo impositivo general aplicado a las personas f\u00edsicas residentes (IRPF) en Andorra tiene un tope m\u00e1ximo del 10% de la renta.&nbsp;<\/p>\n\n\n\n<h2 class=\"wp-block-heading\" id=\"h-no-se-gravan-los-dividendos\">No se gravan los dividendos<\/h2>\n\n\n\n<p>La fiscalidad en Andorra no s\u00f3lo es ventajosa, sino tambi\u00e9n sencilla. Una empresa andorrana paga impuestos sobre los beneficios hasta un m\u00e1ximo del 10%. Los repartos de&nbsp; dividendos tributan&nbsp; 0%. Los socios, una vez la empresa ha pagado, pagados los impuestos, pueden repartir los dividendos con tranquilidad.&nbsp;<\/p>\n\n\n\n<h2 class=\"wp-block-heading\" id=\"h-un-pais-con-muchas-bazas-nbsp\">Un pa\u00eds con muchas bazas&nbsp;<\/h2>\n\n\n\n<p>La ventajosa situaci\u00f3n fiscal del pa\u00eds no es la \u00fanica raz\u00f3n para la expatriaci\u00f3n en Andorra. El coste de la vida es especialmente elevado. Gracias a su car\u00e1cter internacional, el Principado atrae a muchos extranjeros de todo el mundo. No s\u00f3lo franceses, belgas o espa\u00f1oles.&nbsp;<\/p>\n\n\n\n<p>Entre las razones por las que el Principado es un destino preferido por los particulares, pero tambi\u00e9n por los profesionales aut\u00f3nomos, podemos citar:&nbsp;<\/p>\n\n\n\n<ul class=\"wp-block-list\">\n<li>Su entorno id\u00edlico para cualquier familia;<\/li>\n\n\n\n<li>Las ventajas de una gran ciudad, en pleno coraz\u00f3n de los Pirineos;&nbsp;<\/li>\n\n\n\n<li>Sus infraestructuras adaptadas a la actividad empresarial;<\/li>\n\n\n\n<li>Una gran seguridad con un \u00edndice de delincuencia muy bajo;<\/li>\n\n\n\n<li>Ingresos mensuales elevados;<\/li>\n\n\n\n<li>Su clima excepcional y su entorno especialmente protegido.&nbsp;<\/li>\n<\/ul>\n\n\n\n<h2 class=\"wp-block-heading\" id=\"h-condiciones-para-un-dirigente-de-empresa-para-obtener-la-residencia-andorrana-nbsp\">Condiciones para un dirigente de empresa para obtener la residencia andorrana&nbsp;<\/h2>\n\n\n\n<p>Para solicitar una residencia activa para empresarios en Andorra, debe reunir toda la informaci\u00f3n sobre su proyecto. Y no estar\u00e1 de m\u00e1s que se informe sobre el mercado inmobiliario, la situaci\u00f3n laboral del pa\u00eds, el sistema sanitario y otros detalles en alguna gu\u00eda dise\u00f1ada a tal efecto.<\/p>\n","protected":false},"excerpt":{"rendered":"<p>Una econom\u00eda din\u00e1mica y un marco pol\u00edtico estable hacen del Principado de Andorra un lugar atractivo donde invertir. Estos son algunos de los factores que atraen a cualquier extranjero a expatriarse en el Principado. Y, por otra parte, el gobierno andorrano no escatima esfuerzos para optimizar a\u00fan m\u00e1s el marco empresarial. Para atraer a\u00fan m\u00e1s [&hellip;]<\/p>\n","protected":false},"author":1,"featured_media":4620,"parent":2025,"menu_order":0,"comment_status":"closed","ping_status":"closed","template":"niveau-2.php","meta":{"_acf_changed":false,"footnotes":""},"class_list":["post-4637","page","type-page","status-publish","has-post-thumbnail","hentry"],"acf":[],"yoast_head":"<!-- This site is optimized with the Yoast SEO Premium plugin v25.8 (Yoast SEO v27.3) - https:\/\/yoast.com\/product\/yoast-seo-premium-wordpress\/ -->\n<title>Instalarse en el Principado de Andorra en calidad de director de empresa<\/title>\n<meta name=\"robots\" content=\"index, follow, max-snippet:-1, max-image-preview:large, max-video-preview:-1\" \/>\n<link rel=\"canonical\" href=\"https:\/\/www.mc-expatriation.com\/es\/expatriacion\/director-empresa\/\" \/>\n<meta property=\"og:locale\" content=\"es_ES\" \/>\n<meta property=\"og:type\" content=\"article\" \/>\n<meta property=\"og:title\" content=\"Instalarse en el Principado de Andorra en calidad de director de empresa\" \/>\n<meta property=\"og:description\" content=\"Una econom\u00eda din\u00e1mica y un marco pol\u00edtico estable hacen del Principado de Andorra un lugar atractivo donde invertir. Estos son algunos de los factores que atraen a cualquier extranjero a expatriarse en el Principado. Y, por otra parte, el gobierno andorrano no escatima esfuerzos para optimizar a\u00fan m\u00e1s el marco empresarial. Para atraer a\u00fan m\u00e1s [&hellip;]\" \/>\n<meta property=\"og:url\" content=\"https:\/\/www.mc-expatriation.com\/es\/expatriacion\/director-empresa\/\" \/>\n<meta property=\"og:site_name\" content=\"MC Expatriation\" \/>\n<meta property=\"article:modified_time\" content=\"2023-11-13T11:38:06+00:00\" \/>\n<meta property=\"og:image\" content=\"https:\/\/www.mc-expatriation.com\/wp-content\/uploads\/2023\/11\/dirigeant-dentreprise.jpg\" \/>\n\t<meta property=\"og:image:width\" content=\"1000\" \/>\n\t<meta property=\"og:image:height\" content=\"667\" \/>\n\t<meta property=\"og:image:type\" content=\"image\/jpeg\" \/>\n<meta name=\"twitter:card\" content=\"summary_large_image\" \/>\n<meta name=\"twitter:label1\" content=\"Tiempo de lectura\" \/>\n\t<meta name=\"twitter:data1\" content=\"3 minutos\" \/>\n<script type=\"application\/ld+json\" class=\"yoast-schema-graph\">{\"@context\":\"https:\\\/\\\/schema.org\",\"@graph\":[{\"@type\":\"WebPage\",\"@id\":\"https:\\\/\\\/www.mc-expatriation.com\\\/es\\\/expatriacion\\\/director-empresa\\\/\",\"url\":\"https:\\\/\\\/www.mc-expatriation.com\\\/es\\\/expatriacion\\\/director-empresa\\\/\",\"name\":\"Instalarse en el Principado de Andorra en calidad de director de empresa\",\"isPartOf\":{\"@id\":\"https:\\\/\\\/www.mc-expatriation.com\\\/#website\"},\"primaryImageOfPage\":{\"@id\":\"https:\\\/\\\/www.mc-expatriation.com\\\/es\\\/expatriacion\\\/director-empresa\\\/#primaryimage\"},\"image\":{\"@id\":\"https:\\\/\\\/www.mc-expatriation.com\\\/es\\\/expatriacion\\\/director-empresa\\\/#primaryimage\"},\"thumbnailUrl\":\"https:\\\/\\\/www.mc-expatriation.com\\\/wp-content\\\/uploads\\\/2023\\\/11\\\/dirigeant-dentreprise.jpg\",\"datePublished\":\"2022-11-03T07:08:50+00:00\",\"dateModified\":\"2023-11-13T11:38:06+00:00\",\"breadcrumb\":{\"@id\":\"https:\\\/\\\/www.mc-expatriation.com\\\/es\\\/expatriacion\\\/director-empresa\\\/#breadcrumb\"},\"inLanguage\":\"es\",\"potentialAction\":[{\"@type\":\"ReadAction\",\"target\":[\"https:\\\/\\\/www.mc-expatriation.com\\\/es\\\/expatriacion\\\/director-empresa\\\/\"]}]},{\"@type\":\"ImageObject\",\"inLanguage\":\"es\",\"@id\":\"https:\\\/\\\/www.mc-expatriation.com\\\/es\\\/expatriacion\\\/director-empresa\\\/#primaryimage\",\"url\":\"https:\\\/\\\/www.mc-expatriation.com\\\/wp-content\\\/uploads\\\/2023\\\/11\\\/dirigeant-dentreprise.jpg\",\"contentUrl\":\"https:\\\/\\\/www.mc-expatriation.com\\\/wp-content\\\/uploads\\\/2023\\\/11\\\/dirigeant-dentreprise.jpg\",\"width\":1000,\"height\":667,\"caption\":\"dirigeant d'entreprise\"},{\"@type\":\"BreadcrumbList\",\"@id\":\"https:\\\/\\\/www.mc-expatriation.com\\\/es\\\/expatriacion\\\/director-empresa\\\/#breadcrumb\",\"itemListElement\":[{\"@type\":\"ListItem\",\"position\":1,\"name\":\"Home\",\"item\":\"https:\\\/\\\/www.mc-expatriation.com\\\/es\\\/\"},{\"@type\":\"ListItem\",\"position\":2,\"name\":\"Expatriaci\u00f3n: instalarse en el Principado de Andorra\",\"item\":\"https:\\\/\\\/www.mc-expatriation.com\\\/es\\\/expatriacion\\\/\"},{\"@type\":\"ListItem\",\"position\":3,\"name\":\"Instalarse en el Principado de Andorra en calidad de director de empresa\"}]},{\"@type\":\"WebSite\",\"@id\":\"https:\\\/\\\/www.mc-expatriation.com\\\/#website\",\"url\":\"https:\\\/\\\/www.mc-expatriation.com\\\/\",\"name\":\"MC Expatriation\",\"description\":\"\",\"publisher\":{\"@id\":\"https:\\\/\\\/www.mc-expatriation.com\\\/#organization\"},\"potentialAction\":[{\"@type\":\"SearchAction\",\"target\":{\"@type\":\"EntryPoint\",\"urlTemplate\":\"https:\\\/\\\/www.mc-expatriation.com\\\/?s={search_term_string}\"},\"query-input\":{\"@type\":\"PropertyValueSpecification\",\"valueRequired\":true,\"valueName\":\"search_term_string\"}}],\"inLanguage\":\"es\"},{\"@type\":\"Organization\",\"@id\":\"https:\\\/\\\/www.mc-expatriation.com\\\/#organization\",\"name\":\"MC Expatriation\",\"url\":\"https:\\\/\\\/www.mc-expatriation.com\\\/\",\"logo\":{\"@type\":\"ImageObject\",\"inLanguage\":\"es\",\"@id\":\"https:\\\/\\\/www.mc-expatriation.com\\\/#\\\/schema\\\/logo\\\/image\\\/\",\"url\":\"https:\\\/\\\/www.mc-expatriation.com\\\/wp-content\\\/uploads\\\/2022\\\/10\\\/logo.svg\",\"contentUrl\":\"https:\\\/\\\/www.mc-expatriation.com\\\/wp-content\\\/uploads\\\/2022\\\/10\\\/logo.svg\",\"caption\":\"MC Expatriation\"},\"image\":{\"@id\":\"https:\\\/\\\/www.mc-expatriation.com\\\/#\\\/schema\\\/logo\\\/image\\\/\"}}]}<\/script>\n<!-- \/ Yoast SEO Premium plugin. -->","yoast_head_json":{"title":"Instalarse en el Principado de Andorra en calidad de director de empresa","robots":{"index":"index","follow":"follow","max-snippet":"max-snippet:-1","max-image-preview":"max-image-preview:large","max-video-preview":"max-video-preview:-1"},"canonical":"https:\/\/www.mc-expatriation.com\/es\/expatriacion\/director-empresa\/","og_locale":"es_ES","og_type":"article","og_title":"Instalarse en el Principado de Andorra en calidad de director de empresa","og_description":"Una econom\u00eda din\u00e1mica y un marco pol\u00edtico estable hacen del Principado de Andorra un lugar atractivo donde invertir. Estos son algunos de los factores que atraen a cualquier extranjero a expatriarse en el Principado. Y, por otra parte, el gobierno andorrano no escatima esfuerzos para optimizar a\u00fan m\u00e1s el marco empresarial. Para atraer a\u00fan m\u00e1s [&hellip;]","og_url":"https:\/\/www.mc-expatriation.com\/es\/expatriacion\/director-empresa\/","og_site_name":"MC Expatriation","article_modified_time":"2023-11-13T11:38:06+00:00","og_image":[{"width":1000,"height":667,"url":"https:\/\/www.mc-expatriation.com\/wp-content\/uploads\/2023\/11\/dirigeant-dentreprise.jpg","type":"image\/jpeg"}],"twitter_card":"summary_large_image","twitter_misc":{"Tiempo de lectura":"3 minutos"},"schema":{"@context":"https:\/\/schema.org","@graph":[{"@type":"WebPage","@id":"https:\/\/www.mc-expatriation.com\/es\/expatriacion\/director-empresa\/","url":"https:\/\/www.mc-expatriation.com\/es\/expatriacion\/director-empresa\/","name":"Instalarse en el Principado de Andorra en calidad de director de empresa","isPartOf":{"@id":"https:\/\/www.mc-expatriation.com\/#website"},"primaryImageOfPage":{"@id":"https:\/\/www.mc-expatriation.com\/es\/expatriacion\/director-empresa\/#primaryimage"},"image":{"@id":"https:\/\/www.mc-expatriation.com\/es\/expatriacion\/director-empresa\/#primaryimage"},"thumbnailUrl":"https:\/\/www.mc-expatriation.com\/wp-content\/uploads\/2023\/11\/dirigeant-dentreprise.jpg","datePublished":"2022-11-03T07:08:50+00:00","dateModified":"2023-11-13T11:38:06+00:00","breadcrumb":{"@id":"https:\/\/www.mc-expatriation.com\/es\/expatriacion\/director-empresa\/#breadcrumb"},"inLanguage":"es","potentialAction":[{"@type":"ReadAction","target":["https:\/\/www.mc-expatriation.com\/es\/expatriacion\/director-empresa\/"]}]},{"@type":"ImageObject","inLanguage":"es","@id":"https:\/\/www.mc-expatriation.com\/es\/expatriacion\/director-empresa\/#primaryimage","url":"https:\/\/www.mc-expatriation.com\/wp-content\/uploads\/2023\/11\/dirigeant-dentreprise.jpg","contentUrl":"https:\/\/www.mc-expatriation.com\/wp-content\/uploads\/2023\/11\/dirigeant-dentreprise.jpg","width":1000,"height":667,"caption":"dirigeant d'entreprise"},{"@type":"BreadcrumbList","@id":"https:\/\/www.mc-expatriation.com\/es\/expatriacion\/director-empresa\/#breadcrumb","itemListElement":[{"@type":"ListItem","position":1,"name":"Home","item":"https:\/\/www.mc-expatriation.com\/es\/"},{"@type":"ListItem","position":2,"name":"Expatriaci\u00f3n: instalarse en el Principado de Andorra","item":"https:\/\/www.mc-expatriation.com\/es\/expatriacion\/"},{"@type":"ListItem","position":3,"name":"Instalarse en el Principado de Andorra en calidad de director de empresa"}]},{"@type":"WebSite","@id":"https:\/\/www.mc-expatriation.com\/#website","url":"https:\/\/www.mc-expatriation.com\/","name":"MC Expatriation","description":"","publisher":{"@id":"https:\/\/www.mc-expatriation.com\/#organization"},"potentialAction":[{"@type":"SearchAction","target":{"@type":"EntryPoint","urlTemplate":"https:\/\/www.mc-expatriation.com\/?s={search_term_string}"},"query-input":{"@type":"PropertyValueSpecification","valueRequired":true,"valueName":"search_term_string"}}],"inLanguage":"es"},{"@type":"Organization","@id":"https:\/\/www.mc-expatriation.com\/#organization","name":"MC Expatriation","url":"https:\/\/www.mc-expatriation.com\/","logo":{"@type":"ImageObject","inLanguage":"es","@id":"https:\/\/www.mc-expatriation.com\/#\/schema\/logo\/image\/","url":"https:\/\/www.mc-expatriation.com\/wp-content\/uploads\/2022\/10\/logo.svg","contentUrl":"https:\/\/www.mc-expatriation.com\/wp-content\/uploads\/2022\/10\/logo.svg","caption":"MC Expatriation"},"image":{"@id":"https:\/\/www.mc-expatriation.com\/#\/schema\/logo\/image\/"}}]}},"_links":{"self":[{"href":"https:\/\/www.mc-expatriation.com\/es\/wp-json\/wp\/v2\/pages\/4637","targetHints":{"allow":["GET"]}}],"collection":[{"href":"https:\/\/www.mc-expatriation.com\/es\/wp-json\/wp\/v2\/pages"}],"about":[{"href":"https:\/\/www.mc-expatriation.com\/es\/wp-json\/wp\/v2\/types\/page"}],"author":[{"embeddable":true,"href":"https:\/\/www.mc-expatriation.com\/es\/wp-json\/wp\/v2\/users\/1"}],"replies":[{"embeddable":true,"href":"https:\/\/www.mc-expatriation.com\/es\/wp-json\/wp\/v2\/comments?post=4637"}],"version-history":[{"count":8,"href":"https:\/\/www.mc-expatriation.com\/es\/wp-json\/wp\/v2\/pages\/4637\/revisions"}],"predecessor-version":[{"id":4903,"href":"https:\/\/www.mc-expatriation.com\/es\/wp-json\/wp\/v2\/pages\/4637\/revisions\/4903"}],"up":[{"embeddable":true,"href":"https:\/\/www.mc-expatriation.com\/es\/wp-json\/wp\/v2\/pages\/2025"}],"wp:featuredmedia":[{"embeddable":true,"href":"https:\/\/www.mc-expatriation.com\/es\/wp-json\/wp\/v2\/media\/4620"}],"wp:attachment":[{"href":"https:\/\/www.mc-expatriation.com\/es\/wp-json\/wp\/v2\/media?parent=4637"}],"curies":[{"name":"wp","href":"https:\/\/api.w.org\/{rel}","templated":true}]}}