{"id":4676,"date":"2022-11-03T07:10:59","date_gmt":"2022-11-03T07:10:59","guid":{"rendered":"https:\/\/www.mc-expatriation.com\/?page_id=4676"},"modified":"2023-11-13T11:36:49","modified_gmt":"2023-11-13T11:36:49","slug":"artistas","status":"publish","type":"page","link":"https:\/\/www.mc-expatriation.com\/es\/expatriacion\/artistas\/","title":{"rendered":"Instalarse en el Principado de Andorra en calidad de artista, no ofrece m\u00e1s que ventajas de las que disfrutar"},"content":{"rendered":"\n<p>En Andorra, los artistas y las personas con prestigio internacional gozan de un estatuto especial de residencia. Se trata de la residencia pasiva con proyecci\u00f3n internacional que les permite disfrutar de numerosas ventajas. Con un estatus privilegiado en Andorra, ser\u00e1n considerados residentes pasivos en la categor\u00eda C, al igual que los deportistas de \u00e9lite.<\/p>\n\n\n\n<p>El baj\u00edsimo tipo impositivo de Andorra por la que extranjeros como franceses, belgas, alemanes o espa\u00f1oles deciden expatriarse a Andorra. \u00bfQu\u00e9 ventajas tiene para los artistas convertirse en expatriados andorranos?&nbsp;<\/p>\n\n\n\n<h2 class=\"wp-block-heading\" id=\"h-expatriarse-en-el-pais-mas-seguro-del-mundo-para-poder-explotar-mejor-su-talento-nbsp\">Expatriarse en el pa\u00eds m\u00e1s seguro del mundo para poder explotar mejor su talento&nbsp;<\/h2>\n\n\n\n<p>Con una tasa de criminalidad casi nula, una delas fiscalidades m\u00e1s bajas de Europa y una diversidad de actividades ofrecidas en el pa\u00eds, Andorra es un destino privilegiado. \u00bfY para los artistas? \u00bfQu\u00e9 pueden obtener de la inmigraci\u00f3n a este peque\u00f1o principado?&nbsp;<\/p>\n\n\n\n<h3 class=\"wp-block-heading\" id=\"h-un-lugar-excepcional-para-inspirarse-mas-nbsp\">Un lugar excepcional para inspirarse m\u00e1s&nbsp;<\/h3>\n\n\n\n<p>Paisajes pintorescos, no podr\u00edamos mencionarlos todos porque son innumerables. Situada entre Francia y Espa\u00f1a, Andorra est\u00e1 cerca de grandes urbes como Toulouse, Perpi\u00f1\u00e1n o Barcelona. Ubicada en una zona de exuberante vegetaci\u00f3n en el coraz\u00f3n de los Pirineos, ofrece magn\u00edficas vistas, nada mejor para inspirarse a\u00fan m\u00e1s.&nbsp;<\/p>\n\n\n\n<h3 class=\"wp-block-heading\" id=\"h-un-lugar-donde-disfrutar-de-una-gran-discrecion-en-un-marco-agradable-y-relajante-nbsp\">Un lugar donde disfrutar de una gran discreci\u00f3n, en un marco agradable y relajante&nbsp;<\/h3>\n\n\n\n<p>La seguridad y la discreci\u00f3n forman parte de los valores del Principado. Por eso muchos famosos acuden aqu\u00ed para disfrutar de&nbsp; paz y&nbsp; tranquilidad. El pa\u00eds ofrece un estilo de vida excepcional gracias a su entorno y su pintoresco paisaje, la calidad del aire y mucho m\u00e1s por descubrir.<\/p>\n","protected":false},"excerpt":{"rendered":"<p>En Andorra, los artistas y las personas con prestigio internacional gozan de un estatuto especial de residencia. Se trata de la residencia pasiva con proyecci\u00f3n internacional que les permite disfrutar de numerosas ventajas. Con un estatus privilegiado en Andorra, ser\u00e1n considerados residentes pasivos en la categor\u00eda C, al igual que los deportistas de \u00e9lite. El [&hellip;]<\/p>\n","protected":false},"author":1,"featured_media":4656,"parent":2025,"menu_order":0,"comment_status":"closed","ping_status":"closed","template":"niveau-2.php","meta":{"_acf_changed":false,"footnotes":""},"class_list":["post-4676","page","type-page","status-publish","has-post-thumbnail","hentry"],"acf":[],"yoast_head":"<!-- This site is optimized with the Yoast SEO Premium plugin v25.8 (Yoast SEO v27.3) - https:\/\/yoast.com\/product\/yoast-seo-premium-wordpress\/ -->\n<title>Instalarse en el Principado de Andorra en calidad de artista, no ofrece m\u00e1s que ventajas de las que disfrutar<\/title>\n<meta name=\"robots\" content=\"index, follow, max-snippet:-1, max-image-preview:large, max-video-preview:-1\" \/>\n<link rel=\"canonical\" href=\"https:\/\/www.mc-expatriation.com\/es\/expatriacion\/artistas\/\" \/>\n<meta property=\"og:locale\" content=\"es_ES\" \/>\n<meta property=\"og:type\" content=\"article\" \/>\n<meta property=\"og:title\" content=\"Instalarse en el Principado de Andorra en calidad de artista, no ofrece m\u00e1s que ventajas de las que disfrutar\" \/>\n<meta property=\"og:description\" content=\"En Andorra, los artistas y las personas con prestigio internacional gozan de un estatuto especial de residencia. Se trata de la residencia pasiva con proyecci\u00f3n internacional que les permite disfrutar de numerosas ventajas. Con un estatus privilegiado en Andorra, ser\u00e1n considerados residentes pasivos en la categor\u00eda C, al igual que los deportistas de \u00e9lite. El [&hellip;]\" \/>\n<meta property=\"og:url\" content=\"https:\/\/www.mc-expatriation.com\/es\/expatriacion\/artistas\/\" \/>\n<meta property=\"og:site_name\" content=\"MC Expatriation\" \/>\n<meta property=\"article:modified_time\" content=\"2023-11-13T11:36:49+00:00\" \/>\n<meta property=\"og:image\" content=\"https:\/\/www.mc-expatriation.com\/wp-content\/uploads\/2023\/11\/artiste-en-andorre.jpg\" \/>\n\t<meta property=\"og:image:width\" content=\"1000\" \/>\n\t<meta property=\"og:image:height\" content=\"664\" \/>\n\t<meta property=\"og:image:type\" content=\"image\/jpeg\" \/>\n<meta name=\"twitter:card\" content=\"summary_large_image\" \/>\n<meta name=\"twitter:label1\" content=\"Tiempo de lectura\" \/>\n\t<meta name=\"twitter:data1\" content=\"2 minutos\" \/>\n<script type=\"application\/ld+json\" class=\"yoast-schema-graph\">{\"@context\":\"https:\\\/\\\/schema.org\",\"@graph\":[{\"@type\":\"WebPage\",\"@id\":\"https:\\\/\\\/www.mc-expatriation.com\\\/es\\\/expatriacion\\\/artistas\\\/\",\"url\":\"https:\\\/\\\/www.mc-expatriation.com\\\/es\\\/expatriacion\\\/artistas\\\/\",\"name\":\"Instalarse en el Principado de Andorra en calidad de artista, no ofrece m\u00e1s que ventajas de las que disfrutar\",\"isPartOf\":{\"@id\":\"https:\\\/\\\/www.mc-expatriation.com\\\/#website\"},\"primaryImageOfPage\":{\"@id\":\"https:\\\/\\\/www.mc-expatriation.com\\\/es\\\/expatriacion\\\/artistas\\\/#primaryimage\"},\"image\":{\"@id\":\"https:\\\/\\\/www.mc-expatriation.com\\\/es\\\/expatriacion\\\/artistas\\\/#primaryimage\"},\"thumbnailUrl\":\"https:\\\/\\\/www.mc-expatriation.com\\\/wp-content\\\/uploads\\\/2023\\\/11\\\/artiste-en-andorre.jpg\",\"datePublished\":\"2022-11-03T07:10:59+00:00\",\"dateModified\":\"2023-11-13T11:36:49+00:00\",\"breadcrumb\":{\"@id\":\"https:\\\/\\\/www.mc-expatriation.com\\\/es\\\/expatriacion\\\/artistas\\\/#breadcrumb\"},\"inLanguage\":\"es\",\"potentialAction\":[{\"@type\":\"ReadAction\",\"target\":[\"https:\\\/\\\/www.mc-expatriation.com\\\/es\\\/expatriacion\\\/artistas\\\/\"]}]},{\"@type\":\"ImageObject\",\"inLanguage\":\"es\",\"@id\":\"https:\\\/\\\/www.mc-expatriation.com\\\/es\\\/expatriacion\\\/artistas\\\/#primaryimage\",\"url\":\"https:\\\/\\\/www.mc-expatriation.com\\\/wp-content\\\/uploads\\\/2023\\\/11\\\/artiste-en-andorre.jpg\",\"contentUrl\":\"https:\\\/\\\/www.mc-expatriation.com\\\/wp-content\\\/uploads\\\/2023\\\/11\\\/artiste-en-andorre.jpg\",\"width\":1000,\"height\":664,\"caption\":\"artiste en andorre\"},{\"@type\":\"BreadcrumbList\",\"@id\":\"https:\\\/\\\/www.mc-expatriation.com\\\/es\\\/expatriacion\\\/artistas\\\/#breadcrumb\",\"itemListElement\":[{\"@type\":\"ListItem\",\"position\":1,\"name\":\"Home\",\"item\":\"https:\\\/\\\/www.mc-expatriation.com\\\/es\\\/\"},{\"@type\":\"ListItem\",\"position\":2,\"name\":\"Expatriaci\u00f3n: instalarse en el Principado de Andorra\",\"item\":\"https:\\\/\\\/www.mc-expatriation.com\\\/es\\\/expatriacion\\\/\"},{\"@type\":\"ListItem\",\"position\":3,\"name\":\"Instalarse en el Principado de Andorra en calidad de artista, no ofrece m\u00e1s que ventajas de las que disfrutar\"}]},{\"@type\":\"WebSite\",\"@id\":\"https:\\\/\\\/www.mc-expatriation.com\\\/#website\",\"url\":\"https:\\\/\\\/www.mc-expatriation.com\\\/\",\"name\":\"MC Expatriation\",\"description\":\"\",\"publisher\":{\"@id\":\"https:\\\/\\\/www.mc-expatriation.com\\\/#organization\"},\"potentialAction\":[{\"@type\":\"SearchAction\",\"target\":{\"@type\":\"EntryPoint\",\"urlTemplate\":\"https:\\\/\\\/www.mc-expatriation.com\\\/?s={search_term_string}\"},\"query-input\":{\"@type\":\"PropertyValueSpecification\",\"valueRequired\":true,\"valueName\":\"search_term_string\"}}],\"inLanguage\":\"es\"},{\"@type\":\"Organization\",\"@id\":\"https:\\\/\\\/www.mc-expatriation.com\\\/#organization\",\"name\":\"MC Expatriation\",\"url\":\"https:\\\/\\\/www.mc-expatriation.com\\\/\",\"logo\":{\"@type\":\"ImageObject\",\"inLanguage\":\"es\",\"@id\":\"https:\\\/\\\/www.mc-expatriation.com\\\/#\\\/schema\\\/logo\\\/image\\\/\",\"url\":\"https:\\\/\\\/www.mc-expatriation.com\\\/wp-content\\\/uploads\\\/2022\\\/10\\\/logo.svg\",\"contentUrl\":\"https:\\\/\\\/www.mc-expatriation.com\\\/wp-content\\\/uploads\\\/2022\\\/10\\\/logo.svg\",\"caption\":\"MC Expatriation\"},\"image\":{\"@id\":\"https:\\\/\\\/www.mc-expatriation.com\\\/#\\\/schema\\\/logo\\\/image\\\/\"}}]}<\/script>\n<!-- \/ Yoast SEO Premium plugin. -->","yoast_head_json":{"title":"Instalarse en el Principado de Andorra en calidad de artista, no ofrece m\u00e1s que ventajas de las que disfrutar","robots":{"index":"index","follow":"follow","max-snippet":"max-snippet:-1","max-image-preview":"max-image-preview:large","max-video-preview":"max-video-preview:-1"},"canonical":"https:\/\/www.mc-expatriation.com\/es\/expatriacion\/artistas\/","og_locale":"es_ES","og_type":"article","og_title":"Instalarse en el Principado de Andorra en calidad de artista, no ofrece m\u00e1s que ventajas de las que disfrutar","og_description":"En Andorra, los artistas y las personas con prestigio internacional gozan de un estatuto especial de residencia. Se trata de la residencia pasiva con proyecci\u00f3n internacional que les permite disfrutar de numerosas ventajas. Con un estatus privilegiado en Andorra, ser\u00e1n considerados residentes pasivos en la categor\u00eda C, al igual que los deportistas de \u00e9lite. El [&hellip;]","og_url":"https:\/\/www.mc-expatriation.com\/es\/expatriacion\/artistas\/","og_site_name":"MC Expatriation","article_modified_time":"2023-11-13T11:36:49+00:00","og_image":[{"width":1000,"height":664,"url":"https:\/\/www.mc-expatriation.com\/wp-content\/uploads\/2023\/11\/artiste-en-andorre.jpg","type":"image\/jpeg"}],"twitter_card":"summary_large_image","twitter_misc":{"Tiempo de lectura":"2 minutos"},"schema":{"@context":"https:\/\/schema.org","@graph":[{"@type":"WebPage","@id":"https:\/\/www.mc-expatriation.com\/es\/expatriacion\/artistas\/","url":"https:\/\/www.mc-expatriation.com\/es\/expatriacion\/artistas\/","name":"Instalarse en el Principado de Andorra en calidad de artista, no ofrece m\u00e1s que ventajas de las que disfrutar","isPartOf":{"@id":"https:\/\/www.mc-expatriation.com\/#website"},"primaryImageOfPage":{"@id":"https:\/\/www.mc-expatriation.com\/es\/expatriacion\/artistas\/#primaryimage"},"image":{"@id":"https:\/\/www.mc-expatriation.com\/es\/expatriacion\/artistas\/#primaryimage"},"thumbnailUrl":"https:\/\/www.mc-expatriation.com\/wp-content\/uploads\/2023\/11\/artiste-en-andorre.jpg","datePublished":"2022-11-03T07:10:59+00:00","dateModified":"2023-11-13T11:36:49+00:00","breadcrumb":{"@id":"https:\/\/www.mc-expatriation.com\/es\/expatriacion\/artistas\/#breadcrumb"},"inLanguage":"es","potentialAction":[{"@type":"ReadAction","target":["https:\/\/www.mc-expatriation.com\/es\/expatriacion\/artistas\/"]}]},{"@type":"ImageObject","inLanguage":"es","@id":"https:\/\/www.mc-expatriation.com\/es\/expatriacion\/artistas\/#primaryimage","url":"https:\/\/www.mc-expatriation.com\/wp-content\/uploads\/2023\/11\/artiste-en-andorre.jpg","contentUrl":"https:\/\/www.mc-expatriation.com\/wp-content\/uploads\/2023\/11\/artiste-en-andorre.jpg","width":1000,"height":664,"caption":"artiste en andorre"},{"@type":"BreadcrumbList","@id":"https:\/\/www.mc-expatriation.com\/es\/expatriacion\/artistas\/#breadcrumb","itemListElement":[{"@type":"ListItem","position":1,"name":"Home","item":"https:\/\/www.mc-expatriation.com\/es\/"},{"@type":"ListItem","position":2,"name":"Expatriaci\u00f3n: instalarse en el Principado de Andorra","item":"https:\/\/www.mc-expatriation.com\/es\/expatriacion\/"},{"@type":"ListItem","position":3,"name":"Instalarse en el Principado de Andorra en calidad de artista, no ofrece m\u00e1s que ventajas de las que disfrutar"}]},{"@type":"WebSite","@id":"https:\/\/www.mc-expatriation.com\/#website","url":"https:\/\/www.mc-expatriation.com\/","name":"MC Expatriation","description":"","publisher":{"@id":"https:\/\/www.mc-expatriation.com\/#organization"},"potentialAction":[{"@type":"SearchAction","target":{"@type":"EntryPoint","urlTemplate":"https:\/\/www.mc-expatriation.com\/?s={search_term_string}"},"query-input":{"@type":"PropertyValueSpecification","valueRequired":true,"valueName":"search_term_string"}}],"inLanguage":"es"},{"@type":"Organization","@id":"https:\/\/www.mc-expatriation.com\/#organization","name":"MC Expatriation","url":"https:\/\/www.mc-expatriation.com\/","logo":{"@type":"ImageObject","inLanguage":"es","@id":"https:\/\/www.mc-expatriation.com\/#\/schema\/logo\/image\/","url":"https:\/\/www.mc-expatriation.com\/wp-content\/uploads\/2022\/10\/logo.svg","contentUrl":"https:\/\/www.mc-expatriation.com\/wp-content\/uploads\/2022\/10\/logo.svg","caption":"MC Expatriation"},"image":{"@id":"https:\/\/www.mc-expatriation.com\/#\/schema\/logo\/image\/"}}]}},"_links":{"self":[{"href":"https:\/\/www.mc-expatriation.com\/es\/wp-json\/wp\/v2\/pages\/4676","targetHints":{"allow":["GET"]}}],"collection":[{"href":"https:\/\/www.mc-expatriation.com\/es\/wp-json\/wp\/v2\/pages"}],"about":[{"href":"https:\/\/www.mc-expatriation.com\/es\/wp-json\/wp\/v2\/types\/page"}],"author":[{"embeddable":true,"href":"https:\/\/www.mc-expatriation.com\/es\/wp-json\/wp\/v2\/users\/1"}],"replies":[{"embeddable":true,"href":"https:\/\/www.mc-expatriation.com\/es\/wp-json\/wp\/v2\/comments?post=4676"}],"version-history":[{"count":12,"href":"https:\/\/www.mc-expatriation.com\/es\/wp-json\/wp\/v2\/pages\/4676\/revisions"}],"predecessor-version":[{"id":4897,"href":"https:\/\/www.mc-expatriation.com\/es\/wp-json\/wp\/v2\/pages\/4676\/revisions\/4897"}],"up":[{"embeddable":true,"href":"https:\/\/www.mc-expatriation.com\/es\/wp-json\/wp\/v2\/pages\/2025"}],"wp:featuredmedia":[{"embeddable":true,"href":"https:\/\/www.mc-expatriation.com\/es\/wp-json\/wp\/v2\/media\/4656"}],"wp:attachment":[{"href":"https:\/\/www.mc-expatriation.com\/es\/wp-json\/wp\/v2\/media?parent=4676"}],"curies":[{"name":"wp","href":"https:\/\/api.w.org\/{rel}","templated":true}]}}