{"id":4717,"date":"2022-11-03T07:14:32","date_gmt":"2022-11-03T07:14:32","guid":{"rendered":"https:\/\/www.mc-expatriation.com\/?page_id=4717"},"modified":"2023-11-13T11:33:44","modified_gmt":"2023-11-13T11:33:44","slug":"musicos","status":"publish","type":"page","link":"https:\/\/www.mc-expatriation.com\/es\/expatriacion\/musicos\/","title":{"rendered":"M\u00fasicos. Muchas ventajas que aprovechar expatri\u00e1ndose a Andorra"},"content":{"rendered":"\n<p>\u00bfEs usted m\u00fasico y le gustar\u00eda tener una vida tranquila, pero inspiradora y din\u00e1mica? En Andorra encontrar\u00e1 el marco perfecto. Tanto si procede de Suiza, \u00c1frica, Brasil, Estados Unidos o cualquier otra parte del mundo, este peque\u00f1o Estado independiente situado entre Francia y Espa\u00f1a es un destino privilegiado. Adem\u00e1s, su r\u00e9gimen fiscal le ser\u00e1 favorable.<\/p>\n\n\n\n<h2 class=\"wp-block-heading\" id=\"h-un-pais-limitrofe-con-espana-y-francia\">Un pa\u00eds lim\u00edtrofe con Espa\u00f1a y Francia<\/h2>\n\n\n\n<p>Aut\u00e9ntico para\u00edso pirenaico, Andorra le ofrece un verdadero cambio de aires sin alejarse de Europa. A pesar de estar rodeada por pa\u00edses de la Comunidad Europea, Andorra no&nbsp; es miembro de ella. Es un pa\u00eds que atrae a cualquier extranjero que busque un lugar que le ofrezca total tranquilidad sin salir del continente. Est\u00e1 cerca de las principales ciudades francesas y espa\u00f1olas, como Toulouse, Perpi\u00f1\u00e1n, Madrid y Barcelona.&nbsp;&nbsp;<\/p>\n\n\n\n<h2 class=\"wp-block-heading\" id=\"h-un-bello-entorno-donde-florecera-su-creatividad-nbsp\">Un bello entorno donde florecer\u00e1 su creatividad&nbsp;<\/h2>\n\n\n\n<p>Como m\u00fasico, probablemente est\u00e9 buscando un entorno propicio para desarrollar su talento. Gracias al entorno de vida del que podr\u00e1 disfrutar en Andorra, podr\u00e1 inspirarse al m\u00e1ximo. Adem\u00e1s, no necesita estar en r\u00e9gimen de comisi\u00f3n de servicios profesional ni firmar un contrato de trabajo para obtener la residencia fiscal en Andorra.&nbsp;<\/p>\n\n\n\n<p>Aqu\u00ed puede llevar una vida tranquila sin miedo a que le reconozcan por la calle o a toparse con los paparazzi.<\/p>\n","protected":false},"excerpt":{"rendered":"<p>\u00bfEs usted m\u00fasico y le gustar\u00eda tener una vida tranquila, pero inspiradora y din\u00e1mica? En Andorra encontrar\u00e1 el marco perfecto. Tanto si procede de Suiza, \u00c1frica, Brasil, Estados Unidos o cualquier otra parte del mundo, este peque\u00f1o Estado independiente situado entre Francia y Espa\u00f1a es un destino privilegiado. Adem\u00e1s, su r\u00e9gimen fiscal le ser\u00e1 favorable. [&hellip;]<\/p>\n","protected":false},"author":1,"featured_media":4695,"parent":2025,"menu_order":0,"comment_status":"closed","ping_status":"closed","template":"niveau-2.php","meta":{"_acf_changed":false,"footnotes":""},"class_list":["post-4717","page","type-page","status-publish","has-post-thumbnail","hentry"],"acf":[],"yoast_head":"<!-- This site is optimized with the Yoast SEO Premium plugin v25.8 (Yoast SEO v27.3) - https:\/\/yoast.com\/product\/yoast-seo-premium-wordpress\/ -->\n<title>M\u00fasicos. Muchas ventajas que aprovechar expatri\u00e1ndose a Andorra<\/title>\n<meta name=\"robots\" content=\"index, follow, max-snippet:-1, max-image-preview:large, max-video-preview:-1\" \/>\n<link rel=\"canonical\" href=\"https:\/\/www.mc-expatriation.com\/es\/expatriacion\/musicos\/\" \/>\n<meta property=\"og:locale\" content=\"es_ES\" \/>\n<meta property=\"og:type\" content=\"article\" \/>\n<meta property=\"og:title\" content=\"M\u00fasicos. Muchas ventajas que aprovechar expatri\u00e1ndose a Andorra\" \/>\n<meta property=\"og:description\" content=\"\u00bfEs usted m\u00fasico y le gustar\u00eda tener una vida tranquila, pero inspiradora y din\u00e1mica? En Andorra encontrar\u00e1 el marco perfecto. Tanto si procede de Suiza, \u00c1frica, Brasil, Estados Unidos o cualquier otra parte del mundo, este peque\u00f1o Estado independiente situado entre Francia y Espa\u00f1a es un destino privilegiado. Adem\u00e1s, su r\u00e9gimen fiscal le ser\u00e1 favorable. [&hellip;]\" \/>\n<meta property=\"og:url\" content=\"https:\/\/www.mc-expatriation.com\/es\/expatriacion\/musicos\/\" \/>\n<meta property=\"og:site_name\" content=\"MC Expatriation\" \/>\n<meta property=\"article:modified_time\" content=\"2023-11-13T11:33:44+00:00\" \/>\n<meta property=\"og:image\" content=\"https:\/\/www.mc-expatriation.com\/wp-content\/uploads\/2023\/11\/musicien-Andorre.jpg\" \/>\n\t<meta property=\"og:image:width\" content=\"1000\" \/>\n\t<meta property=\"og:image:height\" content=\"667\" \/>\n\t<meta property=\"og:image:type\" content=\"image\/jpeg\" \/>\n<meta name=\"twitter:card\" content=\"summary_large_image\" \/>\n<meta name=\"twitter:label1\" content=\"Tiempo de lectura\" \/>\n\t<meta name=\"twitter:data1\" content=\"2 minutos\" \/>\n<script type=\"application\/ld+json\" class=\"yoast-schema-graph\">{\"@context\":\"https:\\\/\\\/schema.org\",\"@graph\":[{\"@type\":\"WebPage\",\"@id\":\"https:\\\/\\\/www.mc-expatriation.com\\\/es\\\/expatriacion\\\/musicos\\\/\",\"url\":\"https:\\\/\\\/www.mc-expatriation.com\\\/es\\\/expatriacion\\\/musicos\\\/\",\"name\":\"M\u00fasicos. Muchas ventajas que aprovechar expatri\u00e1ndose a Andorra\",\"isPartOf\":{\"@id\":\"https:\\\/\\\/www.mc-expatriation.com\\\/#website\"},\"primaryImageOfPage\":{\"@id\":\"https:\\\/\\\/www.mc-expatriation.com\\\/es\\\/expatriacion\\\/musicos\\\/#primaryimage\"},\"image\":{\"@id\":\"https:\\\/\\\/www.mc-expatriation.com\\\/es\\\/expatriacion\\\/musicos\\\/#primaryimage\"},\"thumbnailUrl\":\"https:\\\/\\\/www.mc-expatriation.com\\\/wp-content\\\/uploads\\\/2023\\\/11\\\/musicien-Andorre.jpg\",\"datePublished\":\"2022-11-03T07:14:32+00:00\",\"dateModified\":\"2023-11-13T11:33:44+00:00\",\"breadcrumb\":{\"@id\":\"https:\\\/\\\/www.mc-expatriation.com\\\/es\\\/expatriacion\\\/musicos\\\/#breadcrumb\"},\"inLanguage\":\"es\",\"potentialAction\":[{\"@type\":\"ReadAction\",\"target\":[\"https:\\\/\\\/www.mc-expatriation.com\\\/es\\\/expatriacion\\\/musicos\\\/\"]}]},{\"@type\":\"ImageObject\",\"inLanguage\":\"es\",\"@id\":\"https:\\\/\\\/www.mc-expatriation.com\\\/es\\\/expatriacion\\\/musicos\\\/#primaryimage\",\"url\":\"https:\\\/\\\/www.mc-expatriation.com\\\/wp-content\\\/uploads\\\/2023\\\/11\\\/musicien-Andorre.jpg\",\"contentUrl\":\"https:\\\/\\\/www.mc-expatriation.com\\\/wp-content\\\/uploads\\\/2023\\\/11\\\/musicien-Andorre.jpg\",\"width\":1000,\"height\":667,\"caption\":\"musicien Andorre\"},{\"@type\":\"BreadcrumbList\",\"@id\":\"https:\\\/\\\/www.mc-expatriation.com\\\/es\\\/expatriacion\\\/musicos\\\/#breadcrumb\",\"itemListElement\":[{\"@type\":\"ListItem\",\"position\":1,\"name\":\"Home\",\"item\":\"https:\\\/\\\/www.mc-expatriation.com\\\/es\\\/\"},{\"@type\":\"ListItem\",\"position\":2,\"name\":\"Expatriaci\u00f3n: instalarse en el Principado de Andorra\",\"item\":\"https:\\\/\\\/www.mc-expatriation.com\\\/es\\\/expatriacion\\\/\"},{\"@type\":\"ListItem\",\"position\":3,\"name\":\"M\u00fasicos. Muchas ventajas que aprovechar expatri\u00e1ndose a Andorra\"}]},{\"@type\":\"WebSite\",\"@id\":\"https:\\\/\\\/www.mc-expatriation.com\\\/#website\",\"url\":\"https:\\\/\\\/www.mc-expatriation.com\\\/\",\"name\":\"MC Expatriation\",\"description\":\"\",\"publisher\":{\"@id\":\"https:\\\/\\\/www.mc-expatriation.com\\\/#organization\"},\"potentialAction\":[{\"@type\":\"SearchAction\",\"target\":{\"@type\":\"EntryPoint\",\"urlTemplate\":\"https:\\\/\\\/www.mc-expatriation.com\\\/?s={search_term_string}\"},\"query-input\":{\"@type\":\"PropertyValueSpecification\",\"valueRequired\":true,\"valueName\":\"search_term_string\"}}],\"inLanguage\":\"es\"},{\"@type\":\"Organization\",\"@id\":\"https:\\\/\\\/www.mc-expatriation.com\\\/#organization\",\"name\":\"MC Expatriation\",\"url\":\"https:\\\/\\\/www.mc-expatriation.com\\\/\",\"logo\":{\"@type\":\"ImageObject\",\"inLanguage\":\"es\",\"@id\":\"https:\\\/\\\/www.mc-expatriation.com\\\/#\\\/schema\\\/logo\\\/image\\\/\",\"url\":\"https:\\\/\\\/www.mc-expatriation.com\\\/wp-content\\\/uploads\\\/2022\\\/10\\\/logo.svg\",\"contentUrl\":\"https:\\\/\\\/www.mc-expatriation.com\\\/wp-content\\\/uploads\\\/2022\\\/10\\\/logo.svg\",\"caption\":\"MC Expatriation\"},\"image\":{\"@id\":\"https:\\\/\\\/www.mc-expatriation.com\\\/#\\\/schema\\\/logo\\\/image\\\/\"}}]}<\/script>\n<!-- \/ Yoast SEO Premium plugin. -->","yoast_head_json":{"title":"M\u00fasicos. Muchas ventajas que aprovechar expatri\u00e1ndose a Andorra","robots":{"index":"index","follow":"follow","max-snippet":"max-snippet:-1","max-image-preview":"max-image-preview:large","max-video-preview":"max-video-preview:-1"},"canonical":"https:\/\/www.mc-expatriation.com\/es\/expatriacion\/musicos\/","og_locale":"es_ES","og_type":"article","og_title":"M\u00fasicos. Muchas ventajas que aprovechar expatri\u00e1ndose a Andorra","og_description":"\u00bfEs usted m\u00fasico y le gustar\u00eda tener una vida tranquila, pero inspiradora y din\u00e1mica? En Andorra encontrar\u00e1 el marco perfecto. Tanto si procede de Suiza, \u00c1frica, Brasil, Estados Unidos o cualquier otra parte del mundo, este peque\u00f1o Estado independiente situado entre Francia y Espa\u00f1a es un destino privilegiado. Adem\u00e1s, su r\u00e9gimen fiscal le ser\u00e1 favorable. [&hellip;]","og_url":"https:\/\/www.mc-expatriation.com\/es\/expatriacion\/musicos\/","og_site_name":"MC Expatriation","article_modified_time":"2023-11-13T11:33:44+00:00","og_image":[{"width":1000,"height":667,"url":"https:\/\/www.mc-expatriation.com\/wp-content\/uploads\/2023\/11\/musicien-Andorre.jpg","type":"image\/jpeg"}],"twitter_card":"summary_large_image","twitter_misc":{"Tiempo de lectura":"2 minutos"},"schema":{"@context":"https:\/\/schema.org","@graph":[{"@type":"WebPage","@id":"https:\/\/www.mc-expatriation.com\/es\/expatriacion\/musicos\/","url":"https:\/\/www.mc-expatriation.com\/es\/expatriacion\/musicos\/","name":"M\u00fasicos. Muchas ventajas que aprovechar expatri\u00e1ndose a Andorra","isPartOf":{"@id":"https:\/\/www.mc-expatriation.com\/#website"},"primaryImageOfPage":{"@id":"https:\/\/www.mc-expatriation.com\/es\/expatriacion\/musicos\/#primaryimage"},"image":{"@id":"https:\/\/www.mc-expatriation.com\/es\/expatriacion\/musicos\/#primaryimage"},"thumbnailUrl":"https:\/\/www.mc-expatriation.com\/wp-content\/uploads\/2023\/11\/musicien-Andorre.jpg","datePublished":"2022-11-03T07:14:32+00:00","dateModified":"2023-11-13T11:33:44+00:00","breadcrumb":{"@id":"https:\/\/www.mc-expatriation.com\/es\/expatriacion\/musicos\/#breadcrumb"},"inLanguage":"es","potentialAction":[{"@type":"ReadAction","target":["https:\/\/www.mc-expatriation.com\/es\/expatriacion\/musicos\/"]}]},{"@type":"ImageObject","inLanguage":"es","@id":"https:\/\/www.mc-expatriation.com\/es\/expatriacion\/musicos\/#primaryimage","url":"https:\/\/www.mc-expatriation.com\/wp-content\/uploads\/2023\/11\/musicien-Andorre.jpg","contentUrl":"https:\/\/www.mc-expatriation.com\/wp-content\/uploads\/2023\/11\/musicien-Andorre.jpg","width":1000,"height":667,"caption":"musicien Andorre"},{"@type":"BreadcrumbList","@id":"https:\/\/www.mc-expatriation.com\/es\/expatriacion\/musicos\/#breadcrumb","itemListElement":[{"@type":"ListItem","position":1,"name":"Home","item":"https:\/\/www.mc-expatriation.com\/es\/"},{"@type":"ListItem","position":2,"name":"Expatriaci\u00f3n: instalarse en el Principado de Andorra","item":"https:\/\/www.mc-expatriation.com\/es\/expatriacion\/"},{"@type":"ListItem","position":3,"name":"M\u00fasicos. Muchas ventajas que aprovechar expatri\u00e1ndose a Andorra"}]},{"@type":"WebSite","@id":"https:\/\/www.mc-expatriation.com\/#website","url":"https:\/\/www.mc-expatriation.com\/","name":"MC Expatriation","description":"","publisher":{"@id":"https:\/\/www.mc-expatriation.com\/#organization"},"potentialAction":[{"@type":"SearchAction","target":{"@type":"EntryPoint","urlTemplate":"https:\/\/www.mc-expatriation.com\/?s={search_term_string}"},"query-input":{"@type":"PropertyValueSpecification","valueRequired":true,"valueName":"search_term_string"}}],"inLanguage":"es"},{"@type":"Organization","@id":"https:\/\/www.mc-expatriation.com\/#organization","name":"MC Expatriation","url":"https:\/\/www.mc-expatriation.com\/","logo":{"@type":"ImageObject","inLanguage":"es","@id":"https:\/\/www.mc-expatriation.com\/#\/schema\/logo\/image\/","url":"https:\/\/www.mc-expatriation.com\/wp-content\/uploads\/2022\/10\/logo.svg","contentUrl":"https:\/\/www.mc-expatriation.com\/wp-content\/uploads\/2022\/10\/logo.svg","caption":"MC Expatriation"},"image":{"@id":"https:\/\/www.mc-expatriation.com\/#\/schema\/logo\/image\/"}}]}},"_links":{"self":[{"href":"https:\/\/www.mc-expatriation.com\/es\/wp-json\/wp\/v2\/pages\/4717","targetHints":{"allow":["GET"]}}],"collection":[{"href":"https:\/\/www.mc-expatriation.com\/es\/wp-json\/wp\/v2\/pages"}],"about":[{"href":"https:\/\/www.mc-expatriation.com\/es\/wp-json\/wp\/v2\/types\/page"}],"author":[{"embeddable":true,"href":"https:\/\/www.mc-expatriation.com\/es\/wp-json\/wp\/v2\/users\/1"}],"replies":[{"embeddable":true,"href":"https:\/\/www.mc-expatriation.com\/es\/wp-json\/wp\/v2\/comments?post=4717"}],"version-history":[{"count":7,"href":"https:\/\/www.mc-expatriation.com\/es\/wp-json\/wp\/v2\/pages\/4717\/revisions"}],"predecessor-version":[{"id":4884,"href":"https:\/\/www.mc-expatriation.com\/es\/wp-json\/wp\/v2\/pages\/4717\/revisions\/4884"}],"up":[{"embeddable":true,"href":"https:\/\/www.mc-expatriation.com\/es\/wp-json\/wp\/v2\/pages\/2025"}],"wp:featuredmedia":[{"embeddable":true,"href":"https:\/\/www.mc-expatriation.com\/es\/wp-json\/wp\/v2\/media\/4695"}],"wp:attachment":[{"href":"https:\/\/www.mc-expatriation.com\/es\/wp-json\/wp\/v2\/media?parent=4717"}],"curies":[{"name":"wp","href":"https:\/\/api.w.org\/{rel}","templated":true}]}}