{"id":4787,"date":"2022-11-04T06:25:02","date_gmt":"2022-11-04T06:25:02","guid":{"rendered":"https:\/\/www.mc-expatriation.com\/?page_id=4787"},"modified":"2023-11-13T10:18:42","modified_gmt":"2023-11-13T10:18:42","slug":"cocina-pais","status":"publish","type":"page","link":"https:\/\/www.mc-expatriation.com\/es\/andorra\/historia-pais\/cocina-pais\/","title":{"rendered":"Historia de Andorra &#8211; La cocina del pa\u00eds"},"content":{"rendered":"\n<p><strong>Cuando se habla de Andorra, no s\u00f3lo interesa su larga y rica historia. Otra faceta de este peque\u00f1o pa\u00eds que sigue atrayendo a visitantes de todo el mundo es la gastronom\u00eda. Est\u00e1 compuesta por muchos platos puramente andorranos, pero tambi\u00e9n por recetas de otros lugares que han sido reinterpretadas. Dada su ubicaci\u00f3n tan cercana a Francia y Espa\u00f1a, la cocina del principado se impregn\u00f3 r\u00e1pidamente de los sabores de estos dos pa\u00edses. De ah\u00ed han surgido deliciosos y ricos platos, y hoy contamos con una rica gastronom\u00eda. Conozca la historia culinaria de Andorra.<\/strong><\/p>\n\n\n\n<h2 class=\"wp-block-heading\" id=\"h-la-cocina-local-de-andorra\">La cocina local de Andorra<\/h2>\n\n\n\n<p>La tradici\u00f3n culinaria de Andorra est\u00e1 muy influenciada por su situaci\u00f3n geogr\u00e1fica. El pa\u00eds est\u00e1 situado entre Francia y Espa\u00f1a, en los Pirineos. As\u00ed pues, es una cocina tradicionalmente monta\u00f1esa y especialmente deliciosa. Contiene numerosos sabores y aromas espec\u00edficos de las regiones monta\u00f1osas. Descubrir\u00e1 muchas especialidades andorranas con sabores bastante pronunciados.<\/p>\n\n\n\n<div class=\"wp-block-media-text alignwide is-stacked-on-mobile\"><figure class=\"wp-block-media-text__media\"><img loading=\"lazy\" decoding=\"async\" width=\"1000\" height=\"667\" src=\"https:\/\/www.mc-expatriation.com\/wp-content\/uploads\/2023\/11\/escudela.jpg\" alt=\"escudella\" class=\"wp-image-4768 size-full\" srcset=\"https:\/\/www.mc-expatriation.com\/wp-content\/uploads\/2023\/11\/escudela.jpg 1000w, https:\/\/www.mc-expatriation.com\/wp-content\/uploads\/2023\/11\/escudela-300x200.jpg 300w, https:\/\/www.mc-expatriation.com\/wp-content\/uploads\/2023\/11\/escudela-768x512.jpg 768w, https:\/\/www.mc-expatriation.com\/wp-content\/uploads\/2023\/11\/escudela-380x253.jpg 380w\" sizes=\"auto, (max-width: 1000px) 100vw, 1000px\" \/><\/figure><div class=\"wp-block-media-text__content\">\n<p>En este peque\u00f1o pa\u00eds europeo se pueden degustar productos de temporada y descubrirlos de una forma totalmente diferente. La cocina tradicional andorrana tiene algunas similitudes con la de los pa\u00edses vecinos. Espa\u00f1a, Francia y Catalu\u00f1a han influido en ella. La proximidad geogr\u00e1fica de estos pa\u00edses tambi\u00e9n se refleja en la cocina. Con el objetivo de hacer que los turistas de todo el mundo puedan descubrir las singularidades de la cocina andorrana, se organizan eventos gastron\u00f3micos.<\/p>\n<\/div><\/div>\n\n\n\n<p>Estos eventos permiten a los visitantes descubrir y degustar las recetas esenciales elaboradas por los chefs andorranos. Algunos de los ingredientes m\u00e1s frecuentes de la cocina andorrana son el conejo, la ternera y el cordero. Entre los platos espec\u00edficos del principado destaca la escudella, que es un estofado de\u00a0 verduras y carne La sopa de cebolla o la berenjena asada tambi\u00e9n son platos t\u00edpicos que vale la pena probar. Las recetas de pescado tampoco faltan. El salm\u00f3n o la trucha acompa\u00f1an a menudo al arroz de monta\u00f1a, muy solicitado.<\/p>\n","protected":false},"excerpt":{"rendered":"<p>Cuando se habla de Andorra, no s\u00f3lo interesa su larga y rica historia. Otra faceta de este peque\u00f1o pa\u00eds que sigue atrayendo a visitantes de todo el mundo es la gastronom\u00eda. Est\u00e1 compuesta por muchos platos puramente andorranos, pero tambi\u00e9n por recetas de otros lugares que han sido reinterpretadas. Dada su ubicaci\u00f3n tan cercana a [&hellip;]<\/p>\n","protected":false},"author":1,"featured_media":4766,"parent":4481,"menu_order":0,"comment_status":"closed","ping_status":"closed","template":"niveau-3.php","meta":{"_acf_changed":false,"footnotes":""},"class_list":["post-4787","page","type-page","status-publish","has-post-thumbnail","hentry"],"acf":[],"yoast_head":"<!-- This site is optimized with the Yoast SEO Premium plugin v25.8 (Yoast SEO v27.3) - https:\/\/yoast.com\/product\/yoast-seo-premium-wordpress\/ -->\n<title>Historia de Andorra - La cocina del pa\u00eds<\/title>\n<meta name=\"robots\" content=\"index, follow, max-snippet:-1, max-image-preview:large, max-video-preview:-1\" \/>\n<link rel=\"canonical\" href=\"https:\/\/www.mc-expatriation.com\/es\/andorra\/historia-pais\/cocina-pais\/\" \/>\n<meta property=\"og:locale\" content=\"es_ES\" \/>\n<meta property=\"og:type\" content=\"article\" \/>\n<meta property=\"og:title\" content=\"Historia de Andorra - La cocina del pa\u00eds\" \/>\n<meta property=\"og:description\" content=\"Cuando se habla de Andorra, no s\u00f3lo interesa su larga y rica historia. Otra faceta de este peque\u00f1o pa\u00eds que sigue atrayendo a visitantes de todo el mundo es la gastronom\u00eda. Est\u00e1 compuesta por muchos platos puramente andorranos, pero tambi\u00e9n por recetas de otros lugares que han sido reinterpretadas. Dada su ubicaci\u00f3n tan cercana a [&hellip;]\" \/>\n<meta property=\"og:url\" content=\"https:\/\/www.mc-expatriation.com\/es\/andorra\/historia-pais\/cocina-pais\/\" \/>\n<meta property=\"og:site_name\" content=\"MC Expatriation\" \/>\n<meta property=\"article:modified_time\" content=\"2023-11-13T10:18:42+00:00\" \/>\n<meta property=\"og:image\" content=\"https:\/\/www.mc-expatriation.com\/wp-content\/uploads\/2023\/11\/cuisine-andoranne.jpg\" \/>\n\t<meta property=\"og:image:width\" content=\"1200\" \/>\n\t<meta property=\"og:image:height\" content=\"800\" \/>\n\t<meta property=\"og:image:type\" content=\"image\/jpeg\" \/>\n<meta name=\"twitter:card\" content=\"summary_large_image\" \/>\n<meta name=\"twitter:label1\" content=\"Tiempo de lectura\" \/>\n\t<meta name=\"twitter:data1\" content=\"2 minutos\" \/>\n<script type=\"application\/ld+json\" class=\"yoast-schema-graph\">{\"@context\":\"https:\\\/\\\/schema.org\",\"@graph\":[{\"@type\":\"WebPage\",\"@id\":\"https:\\\/\\\/www.mc-expatriation.com\\\/es\\\/andorra\\\/historia-pais\\\/cocina-pais\\\/\",\"url\":\"https:\\\/\\\/www.mc-expatriation.com\\\/es\\\/andorra\\\/historia-pais\\\/cocina-pais\\\/\",\"name\":\"Historia de Andorra - La cocina del pa\u00eds\",\"isPartOf\":{\"@id\":\"https:\\\/\\\/www.mc-expatriation.com\\\/#website\"},\"primaryImageOfPage\":{\"@id\":\"https:\\\/\\\/www.mc-expatriation.com\\\/es\\\/andorra\\\/historia-pais\\\/cocina-pais\\\/#primaryimage\"},\"image\":{\"@id\":\"https:\\\/\\\/www.mc-expatriation.com\\\/es\\\/andorra\\\/historia-pais\\\/cocina-pais\\\/#primaryimage\"},\"thumbnailUrl\":\"https:\\\/\\\/www.mc-expatriation.com\\\/wp-content\\\/uploads\\\/2023\\\/11\\\/cuisine-andoranne.jpg\",\"datePublished\":\"2022-11-04T06:25:02+00:00\",\"dateModified\":\"2023-11-13T10:18:42+00:00\",\"breadcrumb\":{\"@id\":\"https:\\\/\\\/www.mc-expatriation.com\\\/es\\\/andorra\\\/historia-pais\\\/cocina-pais\\\/#breadcrumb\"},\"inLanguage\":\"es\",\"potentialAction\":[{\"@type\":\"ReadAction\",\"target\":[\"https:\\\/\\\/www.mc-expatriation.com\\\/es\\\/andorra\\\/historia-pais\\\/cocina-pais\\\/\"]}]},{\"@type\":\"ImageObject\",\"inLanguage\":\"es\",\"@id\":\"https:\\\/\\\/www.mc-expatriation.com\\\/es\\\/andorra\\\/historia-pais\\\/cocina-pais\\\/#primaryimage\",\"url\":\"https:\\\/\\\/www.mc-expatriation.com\\\/wp-content\\\/uploads\\\/2023\\\/11\\\/cuisine-andoranne.jpg\",\"contentUrl\":\"https:\\\/\\\/www.mc-expatriation.com\\\/wp-content\\\/uploads\\\/2023\\\/11\\\/cuisine-andoranne.jpg\",\"width\":1200,\"height\":800,\"caption\":\"cuisine andoranne\"},{\"@type\":\"BreadcrumbList\",\"@id\":\"https:\\\/\\\/www.mc-expatriation.com\\\/es\\\/andorra\\\/historia-pais\\\/cocina-pais\\\/#breadcrumb\",\"itemListElement\":[{\"@type\":\"ListItem\",\"position\":1,\"name\":\"Home\",\"item\":\"https:\\\/\\\/www.mc-expatriation.com\\\/es\\\/\"},{\"@type\":\"ListItem\",\"position\":2,\"name\":\"Andorra, un pa\u00eds de los Pirineos, rico en historia y en culturas\",\"item\":\"https:\\\/\\\/www.mc-expatriation.com\\\/es\\\/andorra\\\/\"},{\"@type\":\"ListItem\",\"position\":3,\"name\":\"Andorra: la historia del pa\u00eds\",\"item\":\"https:\\\/\\\/www.mc-expatriation.com\\\/es\\\/andorra\\\/historia-pais\\\/\"},{\"@type\":\"ListItem\",\"position\":4,\"name\":\"Historia de Andorra &#8211; La cocina del pa\u00eds\"}]},{\"@type\":\"WebSite\",\"@id\":\"https:\\\/\\\/www.mc-expatriation.com\\\/#website\",\"url\":\"https:\\\/\\\/www.mc-expatriation.com\\\/\",\"name\":\"MC Expatriation\",\"description\":\"\",\"publisher\":{\"@id\":\"https:\\\/\\\/www.mc-expatriation.com\\\/#organization\"},\"potentialAction\":[{\"@type\":\"SearchAction\",\"target\":{\"@type\":\"EntryPoint\",\"urlTemplate\":\"https:\\\/\\\/www.mc-expatriation.com\\\/?s={search_term_string}\"},\"query-input\":{\"@type\":\"PropertyValueSpecification\",\"valueRequired\":true,\"valueName\":\"search_term_string\"}}],\"inLanguage\":\"es\"},{\"@type\":\"Organization\",\"@id\":\"https:\\\/\\\/www.mc-expatriation.com\\\/#organization\",\"name\":\"MC Expatriation\",\"url\":\"https:\\\/\\\/www.mc-expatriation.com\\\/\",\"logo\":{\"@type\":\"ImageObject\",\"inLanguage\":\"es\",\"@id\":\"https:\\\/\\\/www.mc-expatriation.com\\\/#\\\/schema\\\/logo\\\/image\\\/\",\"url\":\"https:\\\/\\\/www.mc-expatriation.com\\\/wp-content\\\/uploads\\\/2022\\\/10\\\/logo.svg\",\"contentUrl\":\"https:\\\/\\\/www.mc-expatriation.com\\\/wp-content\\\/uploads\\\/2022\\\/10\\\/logo.svg\",\"caption\":\"MC Expatriation\"},\"image\":{\"@id\":\"https:\\\/\\\/www.mc-expatriation.com\\\/#\\\/schema\\\/logo\\\/image\\\/\"}}]}<\/script>\n<!-- \/ Yoast SEO Premium plugin. -->","yoast_head_json":{"title":"Historia de Andorra - La cocina del pa\u00eds","robots":{"index":"index","follow":"follow","max-snippet":"max-snippet:-1","max-image-preview":"max-image-preview:large","max-video-preview":"max-video-preview:-1"},"canonical":"https:\/\/www.mc-expatriation.com\/es\/andorra\/historia-pais\/cocina-pais\/","og_locale":"es_ES","og_type":"article","og_title":"Historia de Andorra - La cocina del pa\u00eds","og_description":"Cuando se habla de Andorra, no s\u00f3lo interesa su larga y rica historia. Otra faceta de este peque\u00f1o pa\u00eds que sigue atrayendo a visitantes de todo el mundo es la gastronom\u00eda. Est\u00e1 compuesta por muchos platos puramente andorranos, pero tambi\u00e9n por recetas de otros lugares que han sido reinterpretadas. Dada su ubicaci\u00f3n tan cercana a [&hellip;]","og_url":"https:\/\/www.mc-expatriation.com\/es\/andorra\/historia-pais\/cocina-pais\/","og_site_name":"MC Expatriation","article_modified_time":"2023-11-13T10:18:42+00:00","og_image":[{"width":1200,"height":800,"url":"https:\/\/www.mc-expatriation.com\/wp-content\/uploads\/2023\/11\/cuisine-andoranne.jpg","type":"image\/jpeg"}],"twitter_card":"summary_large_image","twitter_misc":{"Tiempo de lectura":"2 minutos"},"schema":{"@context":"https:\/\/schema.org","@graph":[{"@type":"WebPage","@id":"https:\/\/www.mc-expatriation.com\/es\/andorra\/historia-pais\/cocina-pais\/","url":"https:\/\/www.mc-expatriation.com\/es\/andorra\/historia-pais\/cocina-pais\/","name":"Historia de Andorra - La cocina del pa\u00eds","isPartOf":{"@id":"https:\/\/www.mc-expatriation.com\/#website"},"primaryImageOfPage":{"@id":"https:\/\/www.mc-expatriation.com\/es\/andorra\/historia-pais\/cocina-pais\/#primaryimage"},"image":{"@id":"https:\/\/www.mc-expatriation.com\/es\/andorra\/historia-pais\/cocina-pais\/#primaryimage"},"thumbnailUrl":"https:\/\/www.mc-expatriation.com\/wp-content\/uploads\/2023\/11\/cuisine-andoranne.jpg","datePublished":"2022-11-04T06:25:02+00:00","dateModified":"2023-11-13T10:18:42+00:00","breadcrumb":{"@id":"https:\/\/www.mc-expatriation.com\/es\/andorra\/historia-pais\/cocina-pais\/#breadcrumb"},"inLanguage":"es","potentialAction":[{"@type":"ReadAction","target":["https:\/\/www.mc-expatriation.com\/es\/andorra\/historia-pais\/cocina-pais\/"]}]},{"@type":"ImageObject","inLanguage":"es","@id":"https:\/\/www.mc-expatriation.com\/es\/andorra\/historia-pais\/cocina-pais\/#primaryimage","url":"https:\/\/www.mc-expatriation.com\/wp-content\/uploads\/2023\/11\/cuisine-andoranne.jpg","contentUrl":"https:\/\/www.mc-expatriation.com\/wp-content\/uploads\/2023\/11\/cuisine-andoranne.jpg","width":1200,"height":800,"caption":"cuisine andoranne"},{"@type":"BreadcrumbList","@id":"https:\/\/www.mc-expatriation.com\/es\/andorra\/historia-pais\/cocina-pais\/#breadcrumb","itemListElement":[{"@type":"ListItem","position":1,"name":"Home","item":"https:\/\/www.mc-expatriation.com\/es\/"},{"@type":"ListItem","position":2,"name":"Andorra, un pa\u00eds de los Pirineos, rico en historia y en culturas","item":"https:\/\/www.mc-expatriation.com\/es\/andorra\/"},{"@type":"ListItem","position":3,"name":"Andorra: la historia del pa\u00eds","item":"https:\/\/www.mc-expatriation.com\/es\/andorra\/historia-pais\/"},{"@type":"ListItem","position":4,"name":"Historia de Andorra &#8211; La cocina del pa\u00eds"}]},{"@type":"WebSite","@id":"https:\/\/www.mc-expatriation.com\/#website","url":"https:\/\/www.mc-expatriation.com\/","name":"MC Expatriation","description":"","publisher":{"@id":"https:\/\/www.mc-expatriation.com\/#organization"},"potentialAction":[{"@type":"SearchAction","target":{"@type":"EntryPoint","urlTemplate":"https:\/\/www.mc-expatriation.com\/?s={search_term_string}"},"query-input":{"@type":"PropertyValueSpecification","valueRequired":true,"valueName":"search_term_string"}}],"inLanguage":"es"},{"@type":"Organization","@id":"https:\/\/www.mc-expatriation.com\/#organization","name":"MC Expatriation","url":"https:\/\/www.mc-expatriation.com\/","logo":{"@type":"ImageObject","inLanguage":"es","@id":"https:\/\/www.mc-expatriation.com\/#\/schema\/logo\/image\/","url":"https:\/\/www.mc-expatriation.com\/wp-content\/uploads\/2022\/10\/logo.svg","contentUrl":"https:\/\/www.mc-expatriation.com\/wp-content\/uploads\/2022\/10\/logo.svg","caption":"MC Expatriation"},"image":{"@id":"https:\/\/www.mc-expatriation.com\/#\/schema\/logo\/image\/"}}]}},"_links":{"self":[{"href":"https:\/\/www.mc-expatriation.com\/es\/wp-json\/wp\/v2\/pages\/4787","targetHints":{"allow":["GET"]}}],"collection":[{"href":"https:\/\/www.mc-expatriation.com\/es\/wp-json\/wp\/v2\/pages"}],"about":[{"href":"https:\/\/www.mc-expatriation.com\/es\/wp-json\/wp\/v2\/types\/page"}],"author":[{"embeddable":true,"href":"https:\/\/www.mc-expatriation.com\/es\/wp-json\/wp\/v2\/users\/1"}],"replies":[{"embeddable":true,"href":"https:\/\/www.mc-expatriation.com\/es\/wp-json\/wp\/v2\/comments?post=4787"}],"version-history":[{"count":3,"href":"https:\/\/www.mc-expatriation.com\/es\/wp-json\/wp\/v2\/pages\/4787\/revisions"}],"predecessor-version":[{"id":4790,"href":"https:\/\/www.mc-expatriation.com\/es\/wp-json\/wp\/v2\/pages\/4787\/revisions\/4790"}],"up":[{"embeddable":true,"href":"https:\/\/www.mc-expatriation.com\/es\/wp-json\/wp\/v2\/pages\/4481"}],"wp:featuredmedia":[{"embeddable":true,"href":"https:\/\/www.mc-expatriation.com\/es\/wp-json\/wp\/v2\/media\/4766"}],"wp:attachment":[{"href":"https:\/\/www.mc-expatriation.com\/es\/wp-json\/wp\/v2\/media?parent=4787"}],"curies":[{"name":"wp","href":"https:\/\/api.w.org\/{rel}","templated":true}]}}