{"id":4826,"date":"2022-11-04T06:25:32","date_gmt":"2022-11-04T06:25:32","guid":{"rendered":"https:\/\/www.mc-expatriation.com\/?page_id=4826"},"modified":"2023-11-13T10:51:34","modified_gmt":"2023-11-13T10:51:34","slug":"creacion-pais-historia","status":"publish","type":"page","link":"https:\/\/www.mc-expatriation.com\/es\/andorra\/historia-pais\/creacion-pais-historia\/","title":{"rendered":"Historia del pa\u00eds \u2013 Creaci\u00f3n e historia"},"content":{"rendered":"\n<p><strong>Con una larga y hermosa historia, Andorra es un pa\u00eds que despierta inter\u00e9s gracias a sus particularidades. Su historia est\u00e1 marcada e influida por factores externos que han contribuido a transformar este peque\u00f1o Estado europeo. La creaci\u00f3n del principado se remonta a tiempos remotos, con diversos acontecimientos. Es uno de los pa\u00edses m\u00e1s antiguos del mundo. Tras una sucesi\u00f3n de luchas, el pa\u00eds se independiz\u00f3, se organiz\u00f3 y se convirti\u00f3 en lo que es hoy. \u00bfQuiere saber m\u00e1s sobre la historia de Andorra? Descubra aqu\u00ed las etapas esenciales de su historia, desde su creaci\u00f3n.<\/strong><\/p>\n\n\n\n<h2 class=\"wp-block-heading\" id=\"h-andorra-uno-de-los-paises-mas-antiguos-del-mundo-una-mirada-a-sus-origenes\">Andorra, uno de los pa\u00edses m\u00e1s antiguos del mundo: una mirada a sus or\u00edgenes<\/h2>\n\n\n\n<p>Los or\u00edgenes del actual Principado de Andorra se remontan a varios miles de a\u00f1os. Los primeros pobladores de este pa\u00eds se asentaron en tiempos prehist\u00f3ricos, durante el Neol\u00edtico. Instalados en cuevas, estos habitantes primigenios dejaron huellas de su paso en varias regiones. Se ha constatado su presencia desde La Balma de La Margineda hasta El Antuix en Escaldes-Engordany y El Cedre en Santa Coloma.<\/p>\n\n\n\n<div class=\"wp-block-media-text alignwide is-stacked-on-mobile\"><figure class=\"wp-block-media-text__media\"><img loading=\"lazy\" decoding=\"async\" width=\"764\" height=\"654\" src=\"https:\/\/www.mc-expatriation.com\/wp-content\/uploads\/2023\/11\/canilo.jpg\" alt=\"canilo\" class=\"wp-image-4802 size-full\" srcset=\"https:\/\/www.mc-expatriation.com\/wp-content\/uploads\/2023\/11\/canilo.jpg 764w, https:\/\/www.mc-expatriation.com\/wp-content\/uploads\/2023\/11\/canilo-300x257.jpg 300w\" sizes=\"auto, (max-width: 764px) 100vw, 764px\" \/><\/figure><div class=\"wp-block-media-text__content\">\n<p>Se han hallado diversos objetos, como s\u00edlex tallado y tambi\u00e9n pinturas rupestres. En el siglo I a.C., los habitantes de la actual Andorra se llamaban andosinos. De hecho, la primera menci\u00f3n a los andosinos la hace el griego Polibio al relatar la traves\u00eda de un r\u00edo espa\u00f1ol. El a\u00f1o 839 trajo importantes cambios a Andorra con la creaci\u00f3n de seis parroquias y marc\u00f3 la salida definitiva de los \u00e1rabes.<\/p>\n\n\n\n<p>Poco antes, la salida, un poco anterior de los \u00e1rabes hab\u00eda permitido reconstruir la catedral de la Seu d'Urgell. Cuando se inaugur\u00f3, los habitantes decidieron confiar las seis parroquias a su obispo. Se desataron enfrentamientos entre la Iglesia y los condados vecinos por la soberan\u00eda de Andorra. M\u00e1s tarde se lleg\u00f3 a un punto de entendimiento gracias a dos tratados firmados en 1278 y 1288.<\/p>\n<\/div><\/div>\n\n\n\n<p>En estos tratados, llamados Pareatges, encontramos las firmas del arzobispo de Urgell, Pere d'Urg y Roger Bernat III, conde de Foix. Los Pareatges simbolizan la soberan\u00eda de los dos dirigentes, pero tambi\u00e9n la creaci\u00f3n del Principado de Andorra.<\/p>\n\n\n\n<h2 class=\"wp-block-heading\">Sistema de gobierno en Andorra<\/h2>\n\n\n\n<p>El modo de gobierno de Andorra es bastante peculiar y hunde sus ra\u00edces en la historia del principado. En efecto, Andorra es uno de los pocos pa\u00edses que tienen dos jefes de Estado al mismo tiempo. Este estatuto fue adoptado con ocasi\u00f3n de la firma del tratado entre el arzobispo de Urgell y el conde de Foix. El presidente franc\u00e9s es el Pr\u00edncipe franc\u00e9s y el Obispo de Urgell el Copr\u00edncipe episcopal. Desde entonces, se han observado algunos cambios, pero el principado sigue teniendo dos gobernantes.<\/p>\n\n\n\n<p>Es lo que se conoce como modelo de diarqu\u00eda unitaria constitucional y parlamentaria. Los dos Jefes de Estado se denominan \"copr\u00edncipes\" y cuentan con el apoyo de un Jefe de Gobierno y ministros. El Gobierno se encarga de gestionar la pol\u00edtica nacional e internacional del Principado. Tambi\u00e9n es responsable de la administraci\u00f3n del Estado y de elaborar el presupuesto.<\/p>\n\n\n\n<p>El Parlamento del Principado se denomina Consejo General y est\u00e1 compuesto por 28 miembros. Andorra est\u00e1 dividida en 7 parroquias que funcionan como municipios (Escaldes-Engordany se ha convertido en la 7\u00aa parroquia). Cada 4 a\u00f1os se celebran elecciones nacionales.<\/p>\n","protected":false},"excerpt":{"rendered":"<p>Con una larga y hermosa historia, Andorra es un pa\u00eds que despierta inter\u00e9s gracias a sus particularidades. Su historia est\u00e1 marcada e influida por factores externos que han contribuido a transformar este peque\u00f1o Estado europeo. La creaci\u00f3n del principado se remonta a tiempos remotos, con diversos acontecimientos. Es uno de los pa\u00edses m\u00e1s antiguos del [&hellip;]<\/p>\n","protected":false},"author":1,"featured_media":4800,"parent":4481,"menu_order":0,"comment_status":"closed","ping_status":"closed","template":"niveau-3.php","meta":{"_acf_changed":false,"footnotes":""},"class_list":["post-4826","page","type-page","status-publish","has-post-thumbnail","hentry"],"acf":[],"yoast_head":"<!-- This site is optimized with the Yoast SEO Premium plugin v25.8 (Yoast SEO v27.3) - https:\/\/yoast.com\/product\/yoast-seo-premium-wordpress\/ -->\n<title>Historia del pa\u00eds \u2013 Creaci\u00f3n e historia<\/title>\n<meta name=\"robots\" content=\"index, follow, max-snippet:-1, max-image-preview:large, max-video-preview:-1\" \/>\n<link rel=\"canonical\" href=\"https:\/\/www.mc-expatriation.com\/es\/andorra\/historia-pais\/creacion-pais-historia\/\" \/>\n<meta property=\"og:locale\" content=\"es_ES\" \/>\n<meta property=\"og:type\" content=\"article\" \/>\n<meta property=\"og:title\" content=\"Historia del pa\u00eds \u2013 Creaci\u00f3n e historia\" \/>\n<meta property=\"og:description\" content=\"Con una larga y hermosa historia, Andorra es un pa\u00eds que despierta inter\u00e9s gracias a sus particularidades. Su historia est\u00e1 marcada e influida por factores externos que han contribuido a transformar este peque\u00f1o Estado europeo. La creaci\u00f3n del principado se remonta a tiempos remotos, con diversos acontecimientos. Es uno de los pa\u00edses m\u00e1s antiguos del [&hellip;]\" \/>\n<meta property=\"og:url\" content=\"https:\/\/www.mc-expatriation.com\/es\/andorra\/historia-pais\/creacion-pais-historia\/\" \/>\n<meta property=\"og:site_name\" content=\"MC Expatriation\" \/>\n<meta property=\"article:modified_time\" content=\"2023-11-13T10:51:34+00:00\" \/>\n<meta property=\"og:image\" content=\"https:\/\/www.mc-expatriation.com\/wp-content\/uploads\/2023\/11\/Escaldes-Engordany.jpg\" \/>\n\t<meta property=\"og:image:width\" content=\"1200\" \/>\n\t<meta property=\"og:image:height\" content=\"800\" \/>\n\t<meta property=\"og:image:type\" content=\"image\/jpeg\" \/>\n<meta name=\"twitter:card\" content=\"summary_large_image\" \/>\n<meta name=\"twitter:label1\" content=\"Tiempo de lectura\" \/>\n\t<meta name=\"twitter:data1\" content=\"3 minutos\" \/>\n<script type=\"application\/ld+json\" class=\"yoast-schema-graph\">{\"@context\":\"https:\\\/\\\/schema.org\",\"@graph\":[{\"@type\":\"WebPage\",\"@id\":\"https:\\\/\\\/www.mc-expatriation.com\\\/es\\\/andorra\\\/historia-pais\\\/creacion-pais-historia\\\/\",\"url\":\"https:\\\/\\\/www.mc-expatriation.com\\\/es\\\/andorra\\\/historia-pais\\\/creacion-pais-historia\\\/\",\"name\":\"Historia del pa\u00eds \u2013 Creaci\u00f3n e historia\",\"isPartOf\":{\"@id\":\"https:\\\/\\\/www.mc-expatriation.com\\\/#website\"},\"primaryImageOfPage\":{\"@id\":\"https:\\\/\\\/www.mc-expatriation.com\\\/es\\\/andorra\\\/historia-pais\\\/creacion-pais-historia\\\/#primaryimage\"},\"image\":{\"@id\":\"https:\\\/\\\/www.mc-expatriation.com\\\/es\\\/andorra\\\/historia-pais\\\/creacion-pais-historia\\\/#primaryimage\"},\"thumbnailUrl\":\"https:\\\/\\\/www.mc-expatriation.com\\\/wp-content\\\/uploads\\\/2023\\\/11\\\/Escaldes-Engordany.jpg\",\"datePublished\":\"2022-11-04T06:25:32+00:00\",\"dateModified\":\"2023-11-13T10:51:34+00:00\",\"breadcrumb\":{\"@id\":\"https:\\\/\\\/www.mc-expatriation.com\\\/es\\\/andorra\\\/historia-pais\\\/creacion-pais-historia\\\/#breadcrumb\"},\"inLanguage\":\"es\",\"potentialAction\":[{\"@type\":\"ReadAction\",\"target\":[\"https:\\\/\\\/www.mc-expatriation.com\\\/es\\\/andorra\\\/historia-pais\\\/creacion-pais-historia\\\/\"]}]},{\"@type\":\"ImageObject\",\"inLanguage\":\"es\",\"@id\":\"https:\\\/\\\/www.mc-expatriation.com\\\/es\\\/andorra\\\/historia-pais\\\/creacion-pais-historia\\\/#primaryimage\",\"url\":\"https:\\\/\\\/www.mc-expatriation.com\\\/wp-content\\\/uploads\\\/2023\\\/11\\\/Escaldes-Engordany.jpg\",\"contentUrl\":\"https:\\\/\\\/www.mc-expatriation.com\\\/wp-content\\\/uploads\\\/2023\\\/11\\\/Escaldes-Engordany.jpg\",\"width\":1200,\"height\":800,\"caption\":\"Escaldes-Engordany\"},{\"@type\":\"BreadcrumbList\",\"@id\":\"https:\\\/\\\/www.mc-expatriation.com\\\/es\\\/andorra\\\/historia-pais\\\/creacion-pais-historia\\\/#breadcrumb\",\"itemListElement\":[{\"@type\":\"ListItem\",\"position\":1,\"name\":\"Home\",\"item\":\"https:\\\/\\\/www.mc-expatriation.com\\\/es\\\/\"},{\"@type\":\"ListItem\",\"position\":2,\"name\":\"Andorra, un pa\u00eds de los Pirineos, rico en historia y en culturas\",\"item\":\"https:\\\/\\\/www.mc-expatriation.com\\\/es\\\/andorra\\\/\"},{\"@type\":\"ListItem\",\"position\":3,\"name\":\"Andorra: la historia del pa\u00eds\",\"item\":\"https:\\\/\\\/www.mc-expatriation.com\\\/es\\\/andorra\\\/historia-pais\\\/\"},{\"@type\":\"ListItem\",\"position\":4,\"name\":\"Historia del pa\u00eds \u2013 Creaci\u00f3n e historia\"}]},{\"@type\":\"WebSite\",\"@id\":\"https:\\\/\\\/www.mc-expatriation.com\\\/#website\",\"url\":\"https:\\\/\\\/www.mc-expatriation.com\\\/\",\"name\":\"MC Expatriation\",\"description\":\"\",\"publisher\":{\"@id\":\"https:\\\/\\\/www.mc-expatriation.com\\\/#organization\"},\"potentialAction\":[{\"@type\":\"SearchAction\",\"target\":{\"@type\":\"EntryPoint\",\"urlTemplate\":\"https:\\\/\\\/www.mc-expatriation.com\\\/?s={search_term_string}\"},\"query-input\":{\"@type\":\"PropertyValueSpecification\",\"valueRequired\":true,\"valueName\":\"search_term_string\"}}],\"inLanguage\":\"es\"},{\"@type\":\"Organization\",\"@id\":\"https:\\\/\\\/www.mc-expatriation.com\\\/#organization\",\"name\":\"MC Expatriation\",\"url\":\"https:\\\/\\\/www.mc-expatriation.com\\\/\",\"logo\":{\"@type\":\"ImageObject\",\"inLanguage\":\"es\",\"@id\":\"https:\\\/\\\/www.mc-expatriation.com\\\/#\\\/schema\\\/logo\\\/image\\\/\",\"url\":\"https:\\\/\\\/www.mc-expatriation.com\\\/wp-content\\\/uploads\\\/2022\\\/10\\\/logo.svg\",\"contentUrl\":\"https:\\\/\\\/www.mc-expatriation.com\\\/wp-content\\\/uploads\\\/2022\\\/10\\\/logo.svg\",\"caption\":\"MC Expatriation\"},\"image\":{\"@id\":\"https:\\\/\\\/www.mc-expatriation.com\\\/#\\\/schema\\\/logo\\\/image\\\/\"}}]}<\/script>\n<!-- \/ Yoast SEO Premium plugin. -->","yoast_head_json":{"title":"Historia del pa\u00eds \u2013 Creaci\u00f3n e historia","robots":{"index":"index","follow":"follow","max-snippet":"max-snippet:-1","max-image-preview":"max-image-preview:large","max-video-preview":"max-video-preview:-1"},"canonical":"https:\/\/www.mc-expatriation.com\/es\/andorra\/historia-pais\/creacion-pais-historia\/","og_locale":"es_ES","og_type":"article","og_title":"Historia del pa\u00eds \u2013 Creaci\u00f3n e historia","og_description":"Con una larga y hermosa historia, Andorra es un pa\u00eds que despierta inter\u00e9s gracias a sus particularidades. Su historia est\u00e1 marcada e influida por factores externos que han contribuido a transformar este peque\u00f1o Estado europeo. La creaci\u00f3n del principado se remonta a tiempos remotos, con diversos acontecimientos. Es uno de los pa\u00edses m\u00e1s antiguos del [&hellip;]","og_url":"https:\/\/www.mc-expatriation.com\/es\/andorra\/historia-pais\/creacion-pais-historia\/","og_site_name":"MC Expatriation","article_modified_time":"2023-11-13T10:51:34+00:00","og_image":[{"width":1200,"height":800,"url":"https:\/\/www.mc-expatriation.com\/wp-content\/uploads\/2023\/11\/Escaldes-Engordany.jpg","type":"image\/jpeg"}],"twitter_card":"summary_large_image","twitter_misc":{"Tiempo de lectura":"3 minutos"},"schema":{"@context":"https:\/\/schema.org","@graph":[{"@type":"WebPage","@id":"https:\/\/www.mc-expatriation.com\/es\/andorra\/historia-pais\/creacion-pais-historia\/","url":"https:\/\/www.mc-expatriation.com\/es\/andorra\/historia-pais\/creacion-pais-historia\/","name":"Historia del pa\u00eds \u2013 Creaci\u00f3n e historia","isPartOf":{"@id":"https:\/\/www.mc-expatriation.com\/#website"},"primaryImageOfPage":{"@id":"https:\/\/www.mc-expatriation.com\/es\/andorra\/historia-pais\/creacion-pais-historia\/#primaryimage"},"image":{"@id":"https:\/\/www.mc-expatriation.com\/es\/andorra\/historia-pais\/creacion-pais-historia\/#primaryimage"},"thumbnailUrl":"https:\/\/www.mc-expatriation.com\/wp-content\/uploads\/2023\/11\/Escaldes-Engordany.jpg","datePublished":"2022-11-04T06:25:32+00:00","dateModified":"2023-11-13T10:51:34+00:00","breadcrumb":{"@id":"https:\/\/www.mc-expatriation.com\/es\/andorra\/historia-pais\/creacion-pais-historia\/#breadcrumb"},"inLanguage":"es","potentialAction":[{"@type":"ReadAction","target":["https:\/\/www.mc-expatriation.com\/es\/andorra\/historia-pais\/creacion-pais-historia\/"]}]},{"@type":"ImageObject","inLanguage":"es","@id":"https:\/\/www.mc-expatriation.com\/es\/andorra\/historia-pais\/creacion-pais-historia\/#primaryimage","url":"https:\/\/www.mc-expatriation.com\/wp-content\/uploads\/2023\/11\/Escaldes-Engordany.jpg","contentUrl":"https:\/\/www.mc-expatriation.com\/wp-content\/uploads\/2023\/11\/Escaldes-Engordany.jpg","width":1200,"height":800,"caption":"Escaldes-Engordany"},{"@type":"BreadcrumbList","@id":"https:\/\/www.mc-expatriation.com\/es\/andorra\/historia-pais\/creacion-pais-historia\/#breadcrumb","itemListElement":[{"@type":"ListItem","position":1,"name":"Home","item":"https:\/\/www.mc-expatriation.com\/es\/"},{"@type":"ListItem","position":2,"name":"Andorra, un pa\u00eds de los Pirineos, rico en historia y en culturas","item":"https:\/\/www.mc-expatriation.com\/es\/andorra\/"},{"@type":"ListItem","position":3,"name":"Andorra: la historia del pa\u00eds","item":"https:\/\/www.mc-expatriation.com\/es\/andorra\/historia-pais\/"},{"@type":"ListItem","position":4,"name":"Historia del pa\u00eds \u2013 Creaci\u00f3n e historia"}]},{"@type":"WebSite","@id":"https:\/\/www.mc-expatriation.com\/#website","url":"https:\/\/www.mc-expatriation.com\/","name":"MC Expatriation","description":"","publisher":{"@id":"https:\/\/www.mc-expatriation.com\/#organization"},"potentialAction":[{"@type":"SearchAction","target":{"@type":"EntryPoint","urlTemplate":"https:\/\/www.mc-expatriation.com\/?s={search_term_string}"},"query-input":{"@type":"PropertyValueSpecification","valueRequired":true,"valueName":"search_term_string"}}],"inLanguage":"es"},{"@type":"Organization","@id":"https:\/\/www.mc-expatriation.com\/#organization","name":"MC Expatriation","url":"https:\/\/www.mc-expatriation.com\/","logo":{"@type":"ImageObject","inLanguage":"es","@id":"https:\/\/www.mc-expatriation.com\/#\/schema\/logo\/image\/","url":"https:\/\/www.mc-expatriation.com\/wp-content\/uploads\/2022\/10\/logo.svg","contentUrl":"https:\/\/www.mc-expatriation.com\/wp-content\/uploads\/2022\/10\/logo.svg","caption":"MC Expatriation"},"image":{"@id":"https:\/\/www.mc-expatriation.com\/#\/schema\/logo\/image\/"}}]}},"_links":{"self":[{"href":"https:\/\/www.mc-expatriation.com\/es\/wp-json\/wp\/v2\/pages\/4826","targetHints":{"allow":["GET"]}}],"collection":[{"href":"https:\/\/www.mc-expatriation.com\/es\/wp-json\/wp\/v2\/pages"}],"about":[{"href":"https:\/\/www.mc-expatriation.com\/es\/wp-json\/wp\/v2\/types\/page"}],"author":[{"embeddable":true,"href":"https:\/\/www.mc-expatriation.com\/es\/wp-json\/wp\/v2\/users\/1"}],"replies":[{"embeddable":true,"href":"https:\/\/www.mc-expatriation.com\/es\/wp-json\/wp\/v2\/comments?post=4826"}],"version-history":[{"count":7,"href":"https:\/\/www.mc-expatriation.com\/es\/wp-json\/wp\/v2\/pages\/4826\/revisions"}],"predecessor-version":[{"id":4833,"href":"https:\/\/www.mc-expatriation.com\/es\/wp-json\/wp\/v2\/pages\/4826\/revisions\/4833"}],"up":[{"embeddable":true,"href":"https:\/\/www.mc-expatriation.com\/es\/wp-json\/wp\/v2\/pages\/4481"}],"wp:featuredmedia":[{"embeddable":true,"href":"https:\/\/www.mc-expatriation.com\/es\/wp-json\/wp\/v2\/media\/4800"}],"wp:attachment":[{"href":"https:\/\/www.mc-expatriation.com\/es\/wp-json\/wp\/v2\/media?parent=4826"}],"curies":[{"name":"wp","href":"https:\/\/api.w.org\/{rel}","templated":true}]}}