{"id":4853,"date":"2022-11-03T07:15:26","date_gmt":"2022-11-03T07:15:26","guid":{"rendered":"https:\/\/www.mc-expatriation.com\/?page_id=4853"},"modified":"2023-11-13T11:25:03","modified_gmt":"2023-11-13T11:25:03","slug":"youtubers","status":"publish","type":"page","link":"https:\/\/www.mc-expatriation.com\/es\/expatriacion\/youtubers\/","title":{"rendered":"Andorra, la nueva destinaci\u00f3n so\u00f1ada de los youtubers"},"content":{"rendered":"\n<p>Los youtubers, especialmente franceses y espa\u00f1oles, se sienten cada vez m\u00e1s atra\u00eddos por la expatriaci\u00f3n a Andorra. El pa\u00eds ofrece un entorno id\u00edlico propicio a la creatividad. No hay nada como un entorno favorable a la innovaci\u00f3n y la creatividad a la hora de elaborar art\u00edculos originales. Adem\u00e1s, no es necesario tener un contrato indefinido para ser residente andorrano. Este microestado, enclavado entre Francia y Espa\u00f1a, ofrece tipos de residencia adecuados para empresarios, todos los expertos del mundillo art\u00edstico y para personalidades con reconocimiento internacional.<\/p>\n\n\n\n<h2 class=\"wp-block-heading\" id=\"h-las-ventajas-de-expatriarse-en-andorra-nbsp\">Las ventajas de expatriarse en Andorra&nbsp;<\/h2>\n\n\n\n<p>Andorra atrae a extranjeros de todo el mundo. El pa\u00eds cuenta con infraestructuras modernas y un medio ambiente sano. Incluso antes de la aparici\u00f3n de las estrellas de Internet, ya hab\u00eda encandilado a muchos famosos, como deportistas de \u00e9lite. De hecho, no faltan razones para que sea as\u00ed.&nbsp;<\/p>\n\n\n\n<h3 class=\"wp-block-heading\" id=\"h-una-fiscalidad-ventajosa\">Una fiscalidad ventajosa<\/h3>\n\n\n\n<p>Una de las razones por las que los youtubers deciden instalarse en el Principado es, sin duda, la fiscalidad. Aqu\u00ed pueden aprovechar uno de los tipos impositivos m\u00e1s bajos del mundo. Como todos los residentes, el tipo impositivo para ellos tiene un tope m\u00e1ximo del 10%, tanto para particulares como para empresas.&nbsp;<\/p>\n\n\n\n<p>Esta ventajosa situaci\u00f3n fiscal ha interesado a muchos youtubers, como Rub\u00e9n Doblas, conocido como El Rubius, Vegetta777 o Willyrex. Se trata de youtubers espa\u00f1oles, pero tambi\u00e9n influencers de otros pa\u00edses, como los franceses, parecen interesados en esta posibilidad.&nbsp;&nbsp;<\/p>\n\n\n\n<p>Al elegir Andorra como su residencia fiscal, estos expertos en plataformas de YouTube tienen la posibilidad de ahorrarse mucho dinero. Con un tipo m\u00e1ximo de IVA del 4,5%, estas celebridades en l\u00ednea pueden ahorrar dinero en sus campa\u00f1as publicitarias, entre otras cosas.<\/p>\n\n\n\n<h3 class=\"wp-block-heading\" id=\"h-un-marco-de-vida-tranquilo-lejos-de-los-paparazis\">Un marco de vida tranquilo lejos de los paparazis<\/h3>\n\n\n\n<p>En Andorra la discreci\u00f3n est\u00e1 asegurada. Esta es una de las razones de la popularidad de este pa\u00eds entre las celebridades de todo el mundo. Ning\u00fan paparazzi le molestar en plena calle ni le seguir\u00e1 a todas partes, aunque usted sea una personalidad mundialmente famosa. A diferencia de grandes ciudades como Par\u00eds, no se ver\u00e1 acosado por fot\u00f3grafos deseosos de conseguir im\u00e1genes que valen su peso en oro.&nbsp;<\/p>\n\n\n\n<p>Pero, adem\u00e1s, Andorra seduce a los expatriados famosos ofreci\u00e9ndoles un marco de lujo perfectamente adaptado a su estilo de vida sofisticado y suntuoso. Por otra parte, gracias al acceso a Internet por fibra \u00f3ptica, los profesionales digitales podr\u00e1n desarrollar aqu\u00ed sus actividades sin ning\u00fan problema.&nbsp;<\/p>\n\n\n\n<h3 class=\"wp-block-heading\" id=\"h-un-lugar-para-vivir-a-las-puertas-de-europa-y-la-naturaleza\">Un lugar para vivir a las puertas de Europa y la naturaleza<\/h3>\n\n\n\n<p>Por otra parte, realizar un documental o un reportaje requiere tantos conocimientos que la concentraci\u00f3n se convierte en algo vital. La exuberante naturaleza de Andorra la convierte en un aut\u00e9ntico para\u00edso, y no solo por el esqu\u00ed. Andorra es especialmente conocida por sus paisajes monta\u00f1osos. Podr\u00e1 hacer espl\u00e9ndidos reportajes de sus rutas de senderismo, escapadas a la naturaleza, excursiones y mucho m\u00e1s.&nbsp;<\/p>\n\n\n\n<p>Lagos, valles, parques naturales... el pa\u00eds ofrece una flora y fauna locales que cortan el aliento. Una felicidad m\u00e1xima para los amantes de la naturaleza. Adem\u00e1s, Andorra est\u00e1 situada a las puertas de Europa.<\/p>\n","protected":false},"excerpt":{"rendered":"<p>Los youtubers, especialmente franceses y espa\u00f1oles, se sienten cada vez m\u00e1s atra\u00eddos por la expatriaci\u00f3n a Andorra. El pa\u00eds ofrece un entorno id\u00edlico propicio a la creatividad. No hay nada como un entorno favorable a la innovaci\u00f3n y la creatividad a la hora de elaborar art\u00edculos originales. Adem\u00e1s, no es necesario tener un contrato indefinido [&hellip;]<\/p>\n","protected":false},"author":1,"featured_media":4838,"parent":2025,"menu_order":0,"comment_status":"closed","ping_status":"closed","template":"niveau-2.php","meta":{"_acf_changed":false,"footnotes":""},"class_list":["post-4853","page","type-page","status-publish","has-post-thumbnail","hentry"],"acf":[],"yoast_head":"<!-- This site is optimized with the Yoast SEO Premium plugin v25.8 (Yoast SEO v27.3) - https:\/\/yoast.com\/product\/yoast-seo-premium-wordpress\/ -->\n<title>Andorra, la nueva destinaci\u00f3n so\u00f1ada de los youtubers<\/title>\n<meta name=\"robots\" content=\"index, follow, max-snippet:-1, max-image-preview:large, max-video-preview:-1\" \/>\n<link rel=\"canonical\" href=\"https:\/\/www.mc-expatriation.com\/es\/expatriacion\/youtubers\/\" \/>\n<meta property=\"og:locale\" content=\"es_ES\" \/>\n<meta property=\"og:type\" content=\"article\" \/>\n<meta property=\"og:title\" content=\"Andorra, la nueva destinaci\u00f3n so\u00f1ada de los youtubers\" \/>\n<meta property=\"og:description\" content=\"Los youtubers, especialmente franceses y espa\u00f1oles, se sienten cada vez m\u00e1s atra\u00eddos por la expatriaci\u00f3n a Andorra. El pa\u00eds ofrece un entorno id\u00edlico propicio a la creatividad. No hay nada como un entorno favorable a la innovaci\u00f3n y la creatividad a la hora de elaborar art\u00edculos originales. Adem\u00e1s, no es necesario tener un contrato indefinido [&hellip;]\" \/>\n<meta property=\"og:url\" content=\"https:\/\/www.mc-expatriation.com\/es\/expatriacion\/youtubers\/\" \/>\n<meta property=\"og:site_name\" content=\"MC Expatriation\" \/>\n<meta property=\"article:modified_time\" content=\"2023-11-13T11:25:03+00:00\" \/>\n<meta property=\"og:image\" content=\"https:\/\/www.mc-expatriation.com\/wp-content\/uploads\/2023\/11\/youtubeurs.jpg\" \/>\n\t<meta property=\"og:image:width\" content=\"1000\" \/>\n\t<meta property=\"og:image:height\" content=\"667\" \/>\n\t<meta property=\"og:image:type\" content=\"image\/jpeg\" \/>\n<meta name=\"twitter:card\" content=\"summary_large_image\" \/>\n<meta name=\"twitter:label1\" content=\"Tiempo de lectura\" \/>\n\t<meta name=\"twitter:data1\" content=\"3 minutos\" \/>\n<script type=\"application\/ld+json\" class=\"yoast-schema-graph\">{\"@context\":\"https:\\\/\\\/schema.org\",\"@graph\":[{\"@type\":\"WebPage\",\"@id\":\"https:\\\/\\\/www.mc-expatriation.com\\\/es\\\/expatriacion\\\/youtubers\\\/\",\"url\":\"https:\\\/\\\/www.mc-expatriation.com\\\/es\\\/expatriacion\\\/youtubers\\\/\",\"name\":\"Andorra, la nueva destinaci\u00f3n so\u00f1ada de los youtubers\",\"isPartOf\":{\"@id\":\"https:\\\/\\\/www.mc-expatriation.com\\\/#website\"},\"primaryImageOfPage\":{\"@id\":\"https:\\\/\\\/www.mc-expatriation.com\\\/es\\\/expatriacion\\\/youtubers\\\/#primaryimage\"},\"image\":{\"@id\":\"https:\\\/\\\/www.mc-expatriation.com\\\/es\\\/expatriacion\\\/youtubers\\\/#primaryimage\"},\"thumbnailUrl\":\"https:\\\/\\\/www.mc-expatriation.com\\\/wp-content\\\/uploads\\\/2023\\\/11\\\/youtubeurs.jpg\",\"datePublished\":\"2022-11-03T07:15:26+00:00\",\"dateModified\":\"2023-11-13T11:25:03+00:00\",\"breadcrumb\":{\"@id\":\"https:\\\/\\\/www.mc-expatriation.com\\\/es\\\/expatriacion\\\/youtubers\\\/#breadcrumb\"},\"inLanguage\":\"es\",\"potentialAction\":[{\"@type\":\"ReadAction\",\"target\":[\"https:\\\/\\\/www.mc-expatriation.com\\\/es\\\/expatriacion\\\/youtubers\\\/\"]}]},{\"@type\":\"ImageObject\",\"inLanguage\":\"es\",\"@id\":\"https:\\\/\\\/www.mc-expatriation.com\\\/es\\\/expatriacion\\\/youtubers\\\/#primaryimage\",\"url\":\"https:\\\/\\\/www.mc-expatriation.com\\\/wp-content\\\/uploads\\\/2023\\\/11\\\/youtubeurs.jpg\",\"contentUrl\":\"https:\\\/\\\/www.mc-expatriation.com\\\/wp-content\\\/uploads\\\/2023\\\/11\\\/youtubeurs.jpg\",\"width\":1000,\"height\":667,\"caption\":\"youtubeurs\"},{\"@type\":\"BreadcrumbList\",\"@id\":\"https:\\\/\\\/www.mc-expatriation.com\\\/es\\\/expatriacion\\\/youtubers\\\/#breadcrumb\",\"itemListElement\":[{\"@type\":\"ListItem\",\"position\":1,\"name\":\"Home\",\"item\":\"https:\\\/\\\/www.mc-expatriation.com\\\/es\\\/\"},{\"@type\":\"ListItem\",\"position\":2,\"name\":\"Expatriaci\u00f3n: instalarse en el Principado de Andorra\",\"item\":\"https:\\\/\\\/www.mc-expatriation.com\\\/es\\\/expatriacion\\\/\"},{\"@type\":\"ListItem\",\"position\":3,\"name\":\"Andorra, la nueva destinaci\u00f3n so\u00f1ada de los youtubers\"}]},{\"@type\":\"WebSite\",\"@id\":\"https:\\\/\\\/www.mc-expatriation.com\\\/#website\",\"url\":\"https:\\\/\\\/www.mc-expatriation.com\\\/\",\"name\":\"MC Expatriation\",\"description\":\"\",\"publisher\":{\"@id\":\"https:\\\/\\\/www.mc-expatriation.com\\\/#organization\"},\"potentialAction\":[{\"@type\":\"SearchAction\",\"target\":{\"@type\":\"EntryPoint\",\"urlTemplate\":\"https:\\\/\\\/www.mc-expatriation.com\\\/?s={search_term_string}\"},\"query-input\":{\"@type\":\"PropertyValueSpecification\",\"valueRequired\":true,\"valueName\":\"search_term_string\"}}],\"inLanguage\":\"es\"},{\"@type\":\"Organization\",\"@id\":\"https:\\\/\\\/www.mc-expatriation.com\\\/#organization\",\"name\":\"MC Expatriation\",\"url\":\"https:\\\/\\\/www.mc-expatriation.com\\\/\",\"logo\":{\"@type\":\"ImageObject\",\"inLanguage\":\"es\",\"@id\":\"https:\\\/\\\/www.mc-expatriation.com\\\/#\\\/schema\\\/logo\\\/image\\\/\",\"url\":\"https:\\\/\\\/www.mc-expatriation.com\\\/wp-content\\\/uploads\\\/2022\\\/10\\\/logo.svg\",\"contentUrl\":\"https:\\\/\\\/www.mc-expatriation.com\\\/wp-content\\\/uploads\\\/2022\\\/10\\\/logo.svg\",\"caption\":\"MC Expatriation\"},\"image\":{\"@id\":\"https:\\\/\\\/www.mc-expatriation.com\\\/#\\\/schema\\\/logo\\\/image\\\/\"}}]}<\/script>\n<!-- \/ Yoast SEO Premium plugin. -->","yoast_head_json":{"title":"Andorra, la nueva destinaci\u00f3n so\u00f1ada de los youtubers","robots":{"index":"index","follow":"follow","max-snippet":"max-snippet:-1","max-image-preview":"max-image-preview:large","max-video-preview":"max-video-preview:-1"},"canonical":"https:\/\/www.mc-expatriation.com\/es\/expatriacion\/youtubers\/","og_locale":"es_ES","og_type":"article","og_title":"Andorra, la nueva destinaci\u00f3n so\u00f1ada de los youtubers","og_description":"Los youtubers, especialmente franceses y espa\u00f1oles, se sienten cada vez m\u00e1s atra\u00eddos por la expatriaci\u00f3n a Andorra. El pa\u00eds ofrece un entorno id\u00edlico propicio a la creatividad. No hay nada como un entorno favorable a la innovaci\u00f3n y la creatividad a la hora de elaborar art\u00edculos originales. Adem\u00e1s, no es necesario tener un contrato indefinido [&hellip;]","og_url":"https:\/\/www.mc-expatriation.com\/es\/expatriacion\/youtubers\/","og_site_name":"MC Expatriation","article_modified_time":"2023-11-13T11:25:03+00:00","og_image":[{"width":1000,"height":667,"url":"https:\/\/www.mc-expatriation.com\/wp-content\/uploads\/2023\/11\/youtubeurs.jpg","type":"image\/jpeg"}],"twitter_card":"summary_large_image","twitter_misc":{"Tiempo de lectura":"3 minutos"},"schema":{"@context":"https:\/\/schema.org","@graph":[{"@type":"WebPage","@id":"https:\/\/www.mc-expatriation.com\/es\/expatriacion\/youtubers\/","url":"https:\/\/www.mc-expatriation.com\/es\/expatriacion\/youtubers\/","name":"Andorra, la nueva destinaci\u00f3n so\u00f1ada de los youtubers","isPartOf":{"@id":"https:\/\/www.mc-expatriation.com\/#website"},"primaryImageOfPage":{"@id":"https:\/\/www.mc-expatriation.com\/es\/expatriacion\/youtubers\/#primaryimage"},"image":{"@id":"https:\/\/www.mc-expatriation.com\/es\/expatriacion\/youtubers\/#primaryimage"},"thumbnailUrl":"https:\/\/www.mc-expatriation.com\/wp-content\/uploads\/2023\/11\/youtubeurs.jpg","datePublished":"2022-11-03T07:15:26+00:00","dateModified":"2023-11-13T11:25:03+00:00","breadcrumb":{"@id":"https:\/\/www.mc-expatriation.com\/es\/expatriacion\/youtubers\/#breadcrumb"},"inLanguage":"es","potentialAction":[{"@type":"ReadAction","target":["https:\/\/www.mc-expatriation.com\/es\/expatriacion\/youtubers\/"]}]},{"@type":"ImageObject","inLanguage":"es","@id":"https:\/\/www.mc-expatriation.com\/es\/expatriacion\/youtubers\/#primaryimage","url":"https:\/\/www.mc-expatriation.com\/wp-content\/uploads\/2023\/11\/youtubeurs.jpg","contentUrl":"https:\/\/www.mc-expatriation.com\/wp-content\/uploads\/2023\/11\/youtubeurs.jpg","width":1000,"height":667,"caption":"youtubeurs"},{"@type":"BreadcrumbList","@id":"https:\/\/www.mc-expatriation.com\/es\/expatriacion\/youtubers\/#breadcrumb","itemListElement":[{"@type":"ListItem","position":1,"name":"Home","item":"https:\/\/www.mc-expatriation.com\/es\/"},{"@type":"ListItem","position":2,"name":"Expatriaci\u00f3n: instalarse en el Principado de Andorra","item":"https:\/\/www.mc-expatriation.com\/es\/expatriacion\/"},{"@type":"ListItem","position":3,"name":"Andorra, la nueva destinaci\u00f3n so\u00f1ada de los youtubers"}]},{"@type":"WebSite","@id":"https:\/\/www.mc-expatriation.com\/#website","url":"https:\/\/www.mc-expatriation.com\/","name":"MC Expatriation","description":"","publisher":{"@id":"https:\/\/www.mc-expatriation.com\/#organization"},"potentialAction":[{"@type":"SearchAction","target":{"@type":"EntryPoint","urlTemplate":"https:\/\/www.mc-expatriation.com\/?s={search_term_string}"},"query-input":{"@type":"PropertyValueSpecification","valueRequired":true,"valueName":"search_term_string"}}],"inLanguage":"es"},{"@type":"Organization","@id":"https:\/\/www.mc-expatriation.com\/#organization","name":"MC Expatriation","url":"https:\/\/www.mc-expatriation.com\/","logo":{"@type":"ImageObject","inLanguage":"es","@id":"https:\/\/www.mc-expatriation.com\/#\/schema\/logo\/image\/","url":"https:\/\/www.mc-expatriation.com\/wp-content\/uploads\/2022\/10\/logo.svg","contentUrl":"https:\/\/www.mc-expatriation.com\/wp-content\/uploads\/2022\/10\/logo.svg","caption":"MC Expatriation"},"image":{"@id":"https:\/\/www.mc-expatriation.com\/#\/schema\/logo\/image\/"}}]}},"_links":{"self":[{"href":"https:\/\/www.mc-expatriation.com\/es\/wp-json\/wp\/v2\/pages\/4853","targetHints":{"allow":["GET"]}}],"collection":[{"href":"https:\/\/www.mc-expatriation.com\/es\/wp-json\/wp\/v2\/pages"}],"about":[{"href":"https:\/\/www.mc-expatriation.com\/es\/wp-json\/wp\/v2\/types\/page"}],"author":[{"embeddable":true,"href":"https:\/\/www.mc-expatriation.com\/es\/wp-json\/wp\/v2\/users\/1"}],"replies":[{"embeddable":true,"href":"https:\/\/www.mc-expatriation.com\/es\/wp-json\/wp\/v2\/comments?post=4853"}],"version-history":[{"count":9,"href":"https:\/\/www.mc-expatriation.com\/es\/wp-json\/wp\/v2\/pages\/4853\/revisions"}],"predecessor-version":[{"id":4862,"href":"https:\/\/www.mc-expatriation.com\/es\/wp-json\/wp\/v2\/pages\/4853\/revisions\/4862"}],"up":[{"embeddable":true,"href":"https:\/\/www.mc-expatriation.com\/es\/wp-json\/wp\/v2\/pages\/2025"}],"wp:featuredmedia":[{"embeddable":true,"href":"https:\/\/www.mc-expatriation.com\/es\/wp-json\/wp\/v2\/media\/4838"}],"wp:attachment":[{"href":"https:\/\/www.mc-expatriation.com\/es\/wp-json\/wp\/v2\/media?parent=4853"}],"curies":[{"name":"wp","href":"https:\/\/api.w.org\/{rel}","templated":true}]}}