{"id":4925,"date":"2022-11-03T07:18:48","date_gmt":"2022-11-03T07:18:48","guid":{"rendered":"https:\/\/www.mc-expatriation.com\/?page_id=4925"},"modified":"2023-11-13T12:10:37","modified_gmt":"2023-11-13T12:10:37","slug":"jubilados","status":"publish","type":"page","link":"https:\/\/www.mc-expatriation.com\/es\/expatriacion\/jubilados\/","title":{"rendered":"Jubilaci\u00f3n en Andorra, vivir en un pa\u00eds que es la vez seguro y magn\u00edfico"},"content":{"rendered":"\n<p>Con una econom\u00eda basada en el turismo y en diversos servicios bancarios, Andorra es un peque\u00f1o Principado de 468 km\u00b2 situado entre Francia y Espa\u00f1a. Esta es una de las razones que atraen a los inversores a este singular Estado soberano del mundo. Pero no son s\u00f3lo los empresarios quienes est\u00e1n interesados en emigrar a Andorra. Muchas personas tambi\u00e9n eligen este pa\u00eds para disfrutar de su jubilaci\u00f3n.&nbsp;<\/p>\n\n\n\n<p>Para poder vivir la jubilaci\u00f3n en Andorra y conseguir una residencia pasiva, hay que cumplir varias condiciones, entre ellas una inversi\u00f3n de como m\u00ednimo 347.500 euros en diversos sectores, como el inmobiliario o el de las inversiones bancarias.&nbsp;<\/p>\n\n\n\n<h2 class=\"wp-block-heading\" id=\"h-un-excelente-sistema-sanitario-nbsp\">Un excelente sistema sanitario&nbsp;<\/h2>\n\n\n\n<p>La primera raz\u00f3n que hace de Andorra un destino preferente para los jubilados es la eficacia de su sistema sanitario. Est\u00e1 centralizado en una \u00fanica organizaci\u00f3n que simplifica los procedimientos. Se trata de la CASS, la Caja Andorrana de Seguridad Social, que est\u00e1 a cargo del reembolso de los gastos sanitarios y de asistencia m\u00e9dica. Adem\u00e1s de las prestaciones de su sistema sanitario, el pa\u00eds cuenta con modernas infraestructuras en sus hospitales.&nbsp;<\/p>\n\n\n\n<p>En Andorra, la&nbsp; gran mayor\u00eda de los residentes est\u00e1n obligados a tener seguro m\u00e9dico. Las estad\u00edsticas de la OMS indican que Andorra se encuentra entre los pa\u00edses con mayor esperanza media de vida (83,5 a\u00f1os). Este es uno de los criterios que interesan a cualquier extranjero para decidirse a mudarse al Principado. El sistema de seguridad social de Andorra es uno de los m\u00e1s eficaces del mundo.&nbsp;&nbsp;<\/p>\n\n\n\n<p>En el caso de los jubilados expatriados en el Principado, deben contratar una cobertura de seguridad social privada. Pueden permanecer en territorio andorrano con un permiso de residencia pasiva sin \u00e1nimo de lucro, lo que les exime de la obligaci\u00f3n de pagar cotizaciones a la CASS. De esta forma, se benefician de ofertas asistenciales muy completas que ofrece el sistema sanitario.<\/p>\n\n\n\n<h2 class=\"wp-block-heading\" id=\"h-unas-infraestructuras-adaptadas-a-todas-las-generaciones\">Unas infraestructuras adaptadas a todas las generaciones<\/h2>\n\n\n\n<p>No escasean las ventajas para la inmigraci\u00f3n a Andorra. Todos los residentes andorranos, nativos o expatriados, disfrutan de infraestructuras modernas adaptadas a todas las generaciones. Ni\u00f1os, trabajadores y jubilados por igual pueden vivir aqu\u00ed con total tranquilidad.&nbsp;<\/p>\n\n\n\n<p>Tanto en materia de y viviendas como de instalaciones para actividades y centros de salud, Andorra dispone de modernas instalaciones para sus residentes. A pesar de ser un pa\u00eds peque\u00f1o, se asegura de proporcionar todas las comodidades necesarias para facilitar la vida diaria de sus habitantes.<\/p>\n","protected":false},"excerpt":{"rendered":"<p>Con una econom\u00eda basada en el turismo y en diversos servicios bancarios, Andorra es un peque\u00f1o Principado de 468 km\u00b2 situado entre Francia y Espa\u00f1a. Esta es una de las razones que atraen a los inversores a este singular Estado soberano del mundo. Pero no son s\u00f3lo los empresarios quienes est\u00e1n interesados en emigrar a [&hellip;]<\/p>\n","protected":false},"author":1,"featured_media":4910,"parent":2025,"menu_order":0,"comment_status":"closed","ping_status":"closed","template":"niveau-2.php","meta":{"_acf_changed":false,"footnotes":""},"class_list":["post-4925","page","type-page","status-publish","has-post-thumbnail","hentry"],"acf":[],"yoast_head":"<!-- This site is optimized with the Yoast SEO Premium plugin v25.8 (Yoast SEO v27.3) - https:\/\/yoast.com\/product\/yoast-seo-premium-wordpress\/ -->\n<title>Jubilaci\u00f3n en Andorra, vivir en un pa\u00eds que es la vez seguro y magn\u00edfico<\/title>\n<meta name=\"robots\" content=\"index, follow, max-snippet:-1, max-image-preview:large, max-video-preview:-1\" \/>\n<link rel=\"canonical\" href=\"https:\/\/www.mc-expatriation.com\/es\/expatriacion\/jubilados\/\" \/>\n<meta property=\"og:locale\" content=\"es_ES\" \/>\n<meta property=\"og:type\" content=\"article\" \/>\n<meta property=\"og:title\" content=\"Jubilaci\u00f3n en Andorra, vivir en un pa\u00eds que es la vez seguro y magn\u00edfico\" \/>\n<meta property=\"og:description\" content=\"Con una econom\u00eda basada en el turismo y en diversos servicios bancarios, Andorra es un peque\u00f1o Principado de 468 km\u00b2 situado entre Francia y Espa\u00f1a. Esta es una de las razones que atraen a los inversores a este singular Estado soberano del mundo. Pero no son s\u00f3lo los empresarios quienes est\u00e1n interesados en emigrar a [&hellip;]\" \/>\n<meta property=\"og:url\" content=\"https:\/\/www.mc-expatriation.com\/es\/expatriacion\/jubilados\/\" \/>\n<meta property=\"og:site_name\" content=\"MC Expatriation\" \/>\n<meta property=\"article:modified_time\" content=\"2023-11-13T12:10:37+00:00\" \/>\n<meta property=\"og:image\" content=\"https:\/\/www.mc-expatriation.com\/wp-content\/uploads\/2023\/11\/Retraite-en-Andorre.jpg\" \/>\n\t<meta property=\"og:image:width\" content=\"1000\" \/>\n\t<meta property=\"og:image:height\" content=\"667\" \/>\n\t<meta property=\"og:image:type\" content=\"image\/jpeg\" \/>\n<meta name=\"twitter:card\" content=\"summary_large_image\" \/>\n<meta name=\"twitter:label1\" content=\"Tiempo de lectura\" \/>\n\t<meta name=\"twitter:data1\" content=\"3 minutos\" \/>\n<script type=\"application\/ld+json\" class=\"yoast-schema-graph\">{\"@context\":\"https:\\\/\\\/schema.org\",\"@graph\":[{\"@type\":\"WebPage\",\"@id\":\"https:\\\/\\\/www.mc-expatriation.com\\\/es\\\/expatriacion\\\/jubilados\\\/\",\"url\":\"https:\\\/\\\/www.mc-expatriation.com\\\/es\\\/expatriacion\\\/jubilados\\\/\",\"name\":\"Jubilaci\u00f3n en Andorra, vivir en un pa\u00eds que es la vez seguro y magn\u00edfico\",\"isPartOf\":{\"@id\":\"https:\\\/\\\/www.mc-expatriation.com\\\/#website\"},\"primaryImageOfPage\":{\"@id\":\"https:\\\/\\\/www.mc-expatriation.com\\\/es\\\/expatriacion\\\/jubilados\\\/#primaryimage\"},\"image\":{\"@id\":\"https:\\\/\\\/www.mc-expatriation.com\\\/es\\\/expatriacion\\\/jubilados\\\/#primaryimage\"},\"thumbnailUrl\":\"https:\\\/\\\/www.mc-expatriation.com\\\/wp-content\\\/uploads\\\/2023\\\/11\\\/Retraite-en-Andorre.jpg\",\"datePublished\":\"2022-11-03T07:18:48+00:00\",\"dateModified\":\"2023-11-13T12:10:37+00:00\",\"breadcrumb\":{\"@id\":\"https:\\\/\\\/www.mc-expatriation.com\\\/es\\\/expatriacion\\\/jubilados\\\/#breadcrumb\"},\"inLanguage\":\"es\",\"potentialAction\":[{\"@type\":\"ReadAction\",\"target\":[\"https:\\\/\\\/www.mc-expatriation.com\\\/es\\\/expatriacion\\\/jubilados\\\/\"]}]},{\"@type\":\"ImageObject\",\"inLanguage\":\"es\",\"@id\":\"https:\\\/\\\/www.mc-expatriation.com\\\/es\\\/expatriacion\\\/jubilados\\\/#primaryimage\",\"url\":\"https:\\\/\\\/www.mc-expatriation.com\\\/wp-content\\\/uploads\\\/2023\\\/11\\\/Retraite-en-Andorre.jpg\",\"contentUrl\":\"https:\\\/\\\/www.mc-expatriation.com\\\/wp-content\\\/uploads\\\/2023\\\/11\\\/Retraite-en-Andorre.jpg\",\"width\":1000,\"height\":667,\"caption\":\"Retraite en Andorre\"},{\"@type\":\"BreadcrumbList\",\"@id\":\"https:\\\/\\\/www.mc-expatriation.com\\\/es\\\/expatriacion\\\/jubilados\\\/#breadcrumb\",\"itemListElement\":[{\"@type\":\"ListItem\",\"position\":1,\"name\":\"Home\",\"item\":\"https:\\\/\\\/www.mc-expatriation.com\\\/es\\\/\"},{\"@type\":\"ListItem\",\"position\":2,\"name\":\"Expatriaci\u00f3n: instalarse en el Principado de Andorra\",\"item\":\"https:\\\/\\\/www.mc-expatriation.com\\\/es\\\/expatriacion\\\/\"},{\"@type\":\"ListItem\",\"position\":3,\"name\":\"Jubilaci\u00f3n en Andorra, vivir en un pa\u00eds que es la vez seguro y magn\u00edfico\"}]},{\"@type\":\"WebSite\",\"@id\":\"https:\\\/\\\/www.mc-expatriation.com\\\/#website\",\"url\":\"https:\\\/\\\/www.mc-expatriation.com\\\/\",\"name\":\"MC Expatriation\",\"description\":\"\",\"publisher\":{\"@id\":\"https:\\\/\\\/www.mc-expatriation.com\\\/#organization\"},\"potentialAction\":[{\"@type\":\"SearchAction\",\"target\":{\"@type\":\"EntryPoint\",\"urlTemplate\":\"https:\\\/\\\/www.mc-expatriation.com\\\/?s={search_term_string}\"},\"query-input\":{\"@type\":\"PropertyValueSpecification\",\"valueRequired\":true,\"valueName\":\"search_term_string\"}}],\"inLanguage\":\"es\"},{\"@type\":\"Organization\",\"@id\":\"https:\\\/\\\/www.mc-expatriation.com\\\/#organization\",\"name\":\"MC Expatriation\",\"url\":\"https:\\\/\\\/www.mc-expatriation.com\\\/\",\"logo\":{\"@type\":\"ImageObject\",\"inLanguage\":\"es\",\"@id\":\"https:\\\/\\\/www.mc-expatriation.com\\\/#\\\/schema\\\/logo\\\/image\\\/\",\"url\":\"https:\\\/\\\/www.mc-expatriation.com\\\/wp-content\\\/uploads\\\/2022\\\/10\\\/logo.svg\",\"contentUrl\":\"https:\\\/\\\/www.mc-expatriation.com\\\/wp-content\\\/uploads\\\/2022\\\/10\\\/logo.svg\",\"caption\":\"MC Expatriation\"},\"image\":{\"@id\":\"https:\\\/\\\/www.mc-expatriation.com\\\/#\\\/schema\\\/logo\\\/image\\\/\"}}]}<\/script>\n<!-- \/ Yoast SEO Premium plugin. -->","yoast_head_json":{"title":"Jubilaci\u00f3n en Andorra, vivir en un pa\u00eds que es la vez seguro y magn\u00edfico","robots":{"index":"index","follow":"follow","max-snippet":"max-snippet:-1","max-image-preview":"max-image-preview:large","max-video-preview":"max-video-preview:-1"},"canonical":"https:\/\/www.mc-expatriation.com\/es\/expatriacion\/jubilados\/","og_locale":"es_ES","og_type":"article","og_title":"Jubilaci\u00f3n en Andorra, vivir en un pa\u00eds que es la vez seguro y magn\u00edfico","og_description":"Con una econom\u00eda basada en el turismo y en diversos servicios bancarios, Andorra es un peque\u00f1o Principado de 468 km\u00b2 situado entre Francia y Espa\u00f1a. Esta es una de las razones que atraen a los inversores a este singular Estado soberano del mundo. Pero no son s\u00f3lo los empresarios quienes est\u00e1n interesados en emigrar a [&hellip;]","og_url":"https:\/\/www.mc-expatriation.com\/es\/expatriacion\/jubilados\/","og_site_name":"MC Expatriation","article_modified_time":"2023-11-13T12:10:37+00:00","og_image":[{"width":1000,"height":667,"url":"https:\/\/www.mc-expatriation.com\/wp-content\/uploads\/2023\/11\/Retraite-en-Andorre.jpg","type":"image\/jpeg"}],"twitter_card":"summary_large_image","twitter_misc":{"Tiempo de lectura":"3 minutos"},"schema":{"@context":"https:\/\/schema.org","@graph":[{"@type":"WebPage","@id":"https:\/\/www.mc-expatriation.com\/es\/expatriacion\/jubilados\/","url":"https:\/\/www.mc-expatriation.com\/es\/expatriacion\/jubilados\/","name":"Jubilaci\u00f3n en Andorra, vivir en un pa\u00eds que es la vez seguro y magn\u00edfico","isPartOf":{"@id":"https:\/\/www.mc-expatriation.com\/#website"},"primaryImageOfPage":{"@id":"https:\/\/www.mc-expatriation.com\/es\/expatriacion\/jubilados\/#primaryimage"},"image":{"@id":"https:\/\/www.mc-expatriation.com\/es\/expatriacion\/jubilados\/#primaryimage"},"thumbnailUrl":"https:\/\/www.mc-expatriation.com\/wp-content\/uploads\/2023\/11\/Retraite-en-Andorre.jpg","datePublished":"2022-11-03T07:18:48+00:00","dateModified":"2023-11-13T12:10:37+00:00","breadcrumb":{"@id":"https:\/\/www.mc-expatriation.com\/es\/expatriacion\/jubilados\/#breadcrumb"},"inLanguage":"es","potentialAction":[{"@type":"ReadAction","target":["https:\/\/www.mc-expatriation.com\/es\/expatriacion\/jubilados\/"]}]},{"@type":"ImageObject","inLanguage":"es","@id":"https:\/\/www.mc-expatriation.com\/es\/expatriacion\/jubilados\/#primaryimage","url":"https:\/\/www.mc-expatriation.com\/wp-content\/uploads\/2023\/11\/Retraite-en-Andorre.jpg","contentUrl":"https:\/\/www.mc-expatriation.com\/wp-content\/uploads\/2023\/11\/Retraite-en-Andorre.jpg","width":1000,"height":667,"caption":"Retraite en Andorre"},{"@type":"BreadcrumbList","@id":"https:\/\/www.mc-expatriation.com\/es\/expatriacion\/jubilados\/#breadcrumb","itemListElement":[{"@type":"ListItem","position":1,"name":"Home","item":"https:\/\/www.mc-expatriation.com\/es\/"},{"@type":"ListItem","position":2,"name":"Expatriaci\u00f3n: instalarse en el Principado de Andorra","item":"https:\/\/www.mc-expatriation.com\/es\/expatriacion\/"},{"@type":"ListItem","position":3,"name":"Jubilaci\u00f3n en Andorra, vivir en un pa\u00eds que es la vez seguro y magn\u00edfico"}]},{"@type":"WebSite","@id":"https:\/\/www.mc-expatriation.com\/#website","url":"https:\/\/www.mc-expatriation.com\/","name":"MC Expatriation","description":"","publisher":{"@id":"https:\/\/www.mc-expatriation.com\/#organization"},"potentialAction":[{"@type":"SearchAction","target":{"@type":"EntryPoint","urlTemplate":"https:\/\/www.mc-expatriation.com\/?s={search_term_string}"},"query-input":{"@type":"PropertyValueSpecification","valueRequired":true,"valueName":"search_term_string"}}],"inLanguage":"es"},{"@type":"Organization","@id":"https:\/\/www.mc-expatriation.com\/#organization","name":"MC Expatriation","url":"https:\/\/www.mc-expatriation.com\/","logo":{"@type":"ImageObject","inLanguage":"es","@id":"https:\/\/www.mc-expatriation.com\/#\/schema\/logo\/image\/","url":"https:\/\/www.mc-expatriation.com\/wp-content\/uploads\/2022\/10\/logo.svg","contentUrl":"https:\/\/www.mc-expatriation.com\/wp-content\/uploads\/2022\/10\/logo.svg","caption":"MC Expatriation"},"image":{"@id":"https:\/\/www.mc-expatriation.com\/#\/schema\/logo\/image\/"}}]}},"_links":{"self":[{"href":"https:\/\/www.mc-expatriation.com\/es\/wp-json\/wp\/v2\/pages\/4925","targetHints":{"allow":["GET"]}}],"collection":[{"href":"https:\/\/www.mc-expatriation.com\/es\/wp-json\/wp\/v2\/pages"}],"about":[{"href":"https:\/\/www.mc-expatriation.com\/es\/wp-json\/wp\/v2\/types\/page"}],"author":[{"embeddable":true,"href":"https:\/\/www.mc-expatriation.com\/es\/wp-json\/wp\/v2\/users\/1"}],"replies":[{"embeddable":true,"href":"https:\/\/www.mc-expatriation.com\/es\/wp-json\/wp\/v2\/comments?post=4925"}],"version-history":[{"count":6,"href":"https:\/\/www.mc-expatriation.com\/es\/wp-json\/wp\/v2\/pages\/4925\/revisions"}],"predecessor-version":[{"id":4931,"href":"https:\/\/www.mc-expatriation.com\/es\/wp-json\/wp\/v2\/pages\/4925\/revisions\/4931"}],"up":[{"embeddable":true,"href":"https:\/\/www.mc-expatriation.com\/es\/wp-json\/wp\/v2\/pages\/2025"}],"wp:featuredmedia":[{"embeddable":true,"href":"https:\/\/www.mc-expatriation.com\/es\/wp-json\/wp\/v2\/media\/4910"}],"wp:attachment":[{"href":"https:\/\/www.mc-expatriation.com\/es\/wp-json\/wp\/v2\/media?parent=4925"}],"curies":[{"name":"wp","href":"https:\/\/api.w.org\/{rel}","templated":true}]}}