{"id":5011,"date":"2022-10-27T22:19:17","date_gmt":"2022-10-27T22:19:17","guid":{"rendered":"https:\/\/www.mc-expatriation.com\/?page_id=5011"},"modified":"2023-11-14T06:50:52","modified_gmt":"2023-11-14T06:50:52","slug":"encontrar-pediatra","status":"publish","type":"page","link":"https:\/\/www.mc-expatriation.com\/es\/vivir-en-andorra\/sistema-sanitario\/encontrar-pediatra\/","title":{"rendered":"Encontrar un pediatra en Andorra para garantizar el seguimiento m\u00e9dico de sus hijos en su nuevo pa\u00eds"},"content":{"rendered":"\n<p><strong>La protecci\u00f3n de los derechos de los ni\u00f1os est\u00e1 bien arraigada en Andorra, y eso incluye su derecho a la salud. El peque\u00f1o tama\u00f1o del pa\u00eds facilita el control y la aplicaci\u00f3n efectiva de las leyes, y su sistema fiscal es tambi\u00e9n uno de los m\u00e1s fiables del mundo. En materia sanitaria, los ni\u00f1os que viven en el Principado deben ser atendidos por un pediatra. Una Gestor\u00eda puede ayudar a los expatriados a encontrar uno que se ajuste a sus necesidades.<\/strong><\/p>\n\n\n\n<h2 class=\"wp-block-heading\" id=\"h-el-pediatra-tiene-un-papel-importante-en-la-vida-del-recien-nacido-y-del-nino\">El\u00a0 pediatra tiene un papel importante en la vida del reci\u00e9n nacido y del ni\u00f1o<\/h2>\n\n\n\n<p>El pediatra, m\u00e9dico especialista formado en materia de salud infantil, hace el seguimiento de la salud del ni\u00f1o. En un sistema sanitario tan eficiente como el de Andorra, es obligatorio que los ni\u00f1os reciban la atenci\u00f3n de este profesional, que, a diferencia del m\u00e9dico general, tiene cualificaciones m\u00e1s espec\u00edficas para beb\u00e9s, ni\u00f1os y adolescentes de hasta 16 o 17 a\u00f1os. Un pediatra puede ser un m\u00e9dico generalista\u00a0 que est\u00e1 presente para revisar a los reci\u00e9n nacidos despu\u00e9s del parto.<\/p>\n\n\n\n<div class=\"wp-block-media-text alignwide is-stacked-on-mobile\"><figure class=\"wp-block-media-text__media\"><img loading=\"lazy\" decoding=\"async\" width=\"1000\" height=\"667\" src=\"https:\/\/www.mc-expatriation.com\/wp-content\/uploads\/2023\/11\/suivis-medicaux-bebe.jpg\" alt=\"suivis m\u00e9dicaux b\u00e9b\u00e9\" class=\"wp-image-5001 size-full\" srcset=\"https:\/\/www.mc-expatriation.com\/wp-content\/uploads\/2023\/11\/suivis-medicaux-bebe.jpg 1000w, https:\/\/www.mc-expatriation.com\/wp-content\/uploads\/2023\/11\/suivis-medicaux-bebe-300x200.jpg 300w, https:\/\/www.mc-expatriation.com\/wp-content\/uploads\/2023\/11\/suivis-medicaux-bebe-768x512.jpg 768w, https:\/\/www.mc-expatriation.com\/wp-content\/uploads\/2023\/11\/suivis-medicaux-bebe-380x253.jpg 380w\" sizes=\"auto, (max-width: 1000px) 100vw, 1000px\" \/><\/figure><div class=\"wp-block-media-text__content\">\n<p>Debido a la existencia de ex\u00e1menes m\u00e9dicos obligatorios y al seguimiento que hay que hacer tras el nacimiento de un beb\u00e9, la atenci\u00f3n de un pediatra se hace imprescindible. Estos son algunos de los ex\u00e1menes cl\u00ednicos que realiza:<\/p>\n\n\n\n<ul class=\"wp-block-list\">\n<li>Detecci\u00f3n de enfermedades que pueden requerir un tratamiento precoz (cribado neonatal);<\/li>\n\n\n\n<li>Seguimiento de la salud del beb\u00e9 a los 8 d\u00edas, a la 2\u00aa semana, al final del primer mes, etc.;&nbsp;<\/li>\n\n\n\n<li>Vacunas obligatorias y recomendadas;&nbsp;<\/li>\n\n\n\n<li>En caso de fiebre u otras afecciones y molestias.<\/li>\n<\/ul>\n<\/div><\/div>\n","protected":false},"excerpt":{"rendered":"<p>La protecci\u00f3n de los derechos de los ni\u00f1os est\u00e1 bien arraigada en Andorra, y eso incluye su derecho a la salud. El peque\u00f1o tama\u00f1o del pa\u00eds facilita el control y la aplicaci\u00f3n efectiva de las leyes, y su sistema fiscal es tambi\u00e9n uno de los m\u00e1s fiables del mundo. En materia sanitaria, los ni\u00f1os que [&hellip;]<\/p>\n","protected":false},"author":1,"featured_media":5000,"parent":4955,"menu_order":0,"comment_status":"closed","ping_status":"closed","template":"niveau-3.php","meta":{"_acf_changed":false,"footnotes":""},"class_list":["post-5011","page","type-page","status-publish","has-post-thumbnail","hentry"],"acf":[],"yoast_head":"<!-- This site is optimized with the Yoast SEO Premium plugin v25.8 (Yoast SEO v27.3) - https:\/\/yoast.com\/product\/yoast-seo-premium-wordpress\/ -->\n<title>Encontrar un pediatra en Andorra para garantizar el seguimiento m\u00e9dico de sus hijos en su nuevo pa\u00eds<\/title>\n<meta name=\"robots\" content=\"index, follow, max-snippet:-1, max-image-preview:large, max-video-preview:-1\" \/>\n<link rel=\"canonical\" href=\"https:\/\/www.mc-expatriation.com\/es\/vivir-en-andorra\/sistema-sanitario\/encontrar-pediatra\/\" \/>\n<meta property=\"og:locale\" content=\"es_ES\" \/>\n<meta property=\"og:type\" content=\"article\" \/>\n<meta property=\"og:title\" content=\"Encontrar un pediatra en Andorra para garantizar el seguimiento m\u00e9dico de sus hijos en su nuevo pa\u00eds\" \/>\n<meta property=\"og:description\" content=\"La protecci\u00f3n de los derechos de los ni\u00f1os est\u00e1 bien arraigada en Andorra, y eso incluye su derecho a la salud. El peque\u00f1o tama\u00f1o del pa\u00eds facilita el control y la aplicaci\u00f3n efectiva de las leyes, y su sistema fiscal es tambi\u00e9n uno de los m\u00e1s fiables del mundo. En materia sanitaria, los ni\u00f1os que [&hellip;]\" \/>\n<meta property=\"og:url\" content=\"https:\/\/www.mc-expatriation.com\/es\/vivir-en-andorra\/sistema-sanitario\/encontrar-pediatra\/\" \/>\n<meta property=\"og:site_name\" content=\"MC Expatriation\" \/>\n<meta property=\"article:modified_time\" content=\"2023-11-14T06:50:52+00:00\" \/>\n<meta property=\"og:image\" content=\"https:\/\/www.mc-expatriation.com\/wp-content\/uploads\/2023\/11\/pediatre-en-Andorre.jpg\" \/>\n\t<meta property=\"og:image:width\" content=\"1200\" \/>\n\t<meta property=\"og:image:height\" content=\"675\" \/>\n\t<meta property=\"og:image:type\" content=\"image\/jpeg\" \/>\n<meta name=\"twitter:card\" content=\"summary_large_image\" \/>\n<meta name=\"twitter:label1\" content=\"Tiempo de lectura\" \/>\n\t<meta name=\"twitter:data1\" content=\"2 minutos\" \/>\n<script type=\"application\/ld+json\" class=\"yoast-schema-graph\">{\"@context\":\"https:\\\/\\\/schema.org\",\"@graph\":[{\"@type\":\"WebPage\",\"@id\":\"https:\\\/\\\/www.mc-expatriation.com\\\/es\\\/vivir-en-andorra\\\/sistema-sanitario\\\/encontrar-pediatra\\\/\",\"url\":\"https:\\\/\\\/www.mc-expatriation.com\\\/es\\\/vivir-en-andorra\\\/sistema-sanitario\\\/encontrar-pediatra\\\/\",\"name\":\"Encontrar un pediatra en Andorra para garantizar el seguimiento m\u00e9dico de sus hijos en su nuevo pa\u00eds\",\"isPartOf\":{\"@id\":\"https:\\\/\\\/www.mc-expatriation.com\\\/#website\"},\"primaryImageOfPage\":{\"@id\":\"https:\\\/\\\/www.mc-expatriation.com\\\/es\\\/vivir-en-andorra\\\/sistema-sanitario\\\/encontrar-pediatra\\\/#primaryimage\"},\"image\":{\"@id\":\"https:\\\/\\\/www.mc-expatriation.com\\\/es\\\/vivir-en-andorra\\\/sistema-sanitario\\\/encontrar-pediatra\\\/#primaryimage\"},\"thumbnailUrl\":\"https:\\\/\\\/www.mc-expatriation.com\\\/wp-content\\\/uploads\\\/2023\\\/11\\\/pediatre-en-Andorre.jpg\",\"datePublished\":\"2022-10-27T22:19:17+00:00\",\"dateModified\":\"2023-11-14T06:50:52+00:00\",\"breadcrumb\":{\"@id\":\"https:\\\/\\\/www.mc-expatriation.com\\\/es\\\/vivir-en-andorra\\\/sistema-sanitario\\\/encontrar-pediatra\\\/#breadcrumb\"},\"inLanguage\":\"es\",\"potentialAction\":[{\"@type\":\"ReadAction\",\"target\":[\"https:\\\/\\\/www.mc-expatriation.com\\\/es\\\/vivir-en-andorra\\\/sistema-sanitario\\\/encontrar-pediatra\\\/\"]}]},{\"@type\":\"ImageObject\",\"inLanguage\":\"es\",\"@id\":\"https:\\\/\\\/www.mc-expatriation.com\\\/es\\\/vivir-en-andorra\\\/sistema-sanitario\\\/encontrar-pediatra\\\/#primaryimage\",\"url\":\"https:\\\/\\\/www.mc-expatriation.com\\\/wp-content\\\/uploads\\\/2023\\\/11\\\/pediatre-en-Andorre.jpg\",\"contentUrl\":\"https:\\\/\\\/www.mc-expatriation.com\\\/wp-content\\\/uploads\\\/2023\\\/11\\\/pediatre-en-Andorre.jpg\",\"width\":1200,\"height\":675,\"caption\":\"p\u00e9diatre en Andorre\"},{\"@type\":\"BreadcrumbList\",\"@id\":\"https:\\\/\\\/www.mc-expatriation.com\\\/es\\\/vivir-en-andorra\\\/sistema-sanitario\\\/encontrar-pediatra\\\/#breadcrumb\",\"itemListElement\":[{\"@type\":\"ListItem\",\"position\":1,\"name\":\"Home\",\"item\":\"https:\\\/\\\/www.mc-expatriation.com\\\/es\\\/\"},{\"@type\":\"ListItem\",\"position\":2,\"name\":\"Vivir en Andorra: coste de la vida, inmigraci\u00f3n, seguridad y diversas informaciones necesarias\",\"item\":\"https:\\\/\\\/www.mc-expatriation.com\\\/es\\\/vivir-en-andorra\\\/\"},{\"@type\":\"ListItem\",\"position\":3,\"name\":\"El sistema sanitario de Andorra, uno de los mejores del mundo\",\"item\":\"https:\\\/\\\/www.mc-expatriation.com\\\/es\\\/vivir-en-andorra\\\/sistema-sanitario\\\/\"},{\"@type\":\"ListItem\",\"position\":4,\"name\":\"Encontrar un pediatra en Andorra para garantizar el seguimiento m\u00e9dico de sus hijos en su nuevo pa\u00eds\"}]},{\"@type\":\"WebSite\",\"@id\":\"https:\\\/\\\/www.mc-expatriation.com\\\/#website\",\"url\":\"https:\\\/\\\/www.mc-expatriation.com\\\/\",\"name\":\"MC Expatriation\",\"description\":\"\",\"publisher\":{\"@id\":\"https:\\\/\\\/www.mc-expatriation.com\\\/#organization\"},\"potentialAction\":[{\"@type\":\"SearchAction\",\"target\":{\"@type\":\"EntryPoint\",\"urlTemplate\":\"https:\\\/\\\/www.mc-expatriation.com\\\/?s={search_term_string}\"},\"query-input\":{\"@type\":\"PropertyValueSpecification\",\"valueRequired\":true,\"valueName\":\"search_term_string\"}}],\"inLanguage\":\"es\"},{\"@type\":\"Organization\",\"@id\":\"https:\\\/\\\/www.mc-expatriation.com\\\/#organization\",\"name\":\"MC Expatriation\",\"url\":\"https:\\\/\\\/www.mc-expatriation.com\\\/\",\"logo\":{\"@type\":\"ImageObject\",\"inLanguage\":\"es\",\"@id\":\"https:\\\/\\\/www.mc-expatriation.com\\\/#\\\/schema\\\/logo\\\/image\\\/\",\"url\":\"https:\\\/\\\/www.mc-expatriation.com\\\/wp-content\\\/uploads\\\/2022\\\/10\\\/logo.svg\",\"contentUrl\":\"https:\\\/\\\/www.mc-expatriation.com\\\/wp-content\\\/uploads\\\/2022\\\/10\\\/logo.svg\",\"caption\":\"MC Expatriation\"},\"image\":{\"@id\":\"https:\\\/\\\/www.mc-expatriation.com\\\/#\\\/schema\\\/logo\\\/image\\\/\"}}]}<\/script>\n<!-- \/ Yoast SEO Premium plugin. -->","yoast_head_json":{"title":"Encontrar un pediatra en Andorra para garantizar el seguimiento m\u00e9dico de sus hijos en su nuevo pa\u00eds","robots":{"index":"index","follow":"follow","max-snippet":"max-snippet:-1","max-image-preview":"max-image-preview:large","max-video-preview":"max-video-preview:-1"},"canonical":"https:\/\/www.mc-expatriation.com\/es\/vivir-en-andorra\/sistema-sanitario\/encontrar-pediatra\/","og_locale":"es_ES","og_type":"article","og_title":"Encontrar un pediatra en Andorra para garantizar el seguimiento m\u00e9dico de sus hijos en su nuevo pa\u00eds","og_description":"La protecci\u00f3n de los derechos de los ni\u00f1os est\u00e1 bien arraigada en Andorra, y eso incluye su derecho a la salud. El peque\u00f1o tama\u00f1o del pa\u00eds facilita el control y la aplicaci\u00f3n efectiva de las leyes, y su sistema fiscal es tambi\u00e9n uno de los m\u00e1s fiables del mundo. En materia sanitaria, los ni\u00f1os que [&hellip;]","og_url":"https:\/\/www.mc-expatriation.com\/es\/vivir-en-andorra\/sistema-sanitario\/encontrar-pediatra\/","og_site_name":"MC Expatriation","article_modified_time":"2023-11-14T06:50:52+00:00","og_image":[{"width":1200,"height":675,"url":"https:\/\/www.mc-expatriation.com\/wp-content\/uploads\/2023\/11\/pediatre-en-Andorre.jpg","type":"image\/jpeg"}],"twitter_card":"summary_large_image","twitter_misc":{"Tiempo de lectura":"2 minutos"},"schema":{"@context":"https:\/\/schema.org","@graph":[{"@type":"WebPage","@id":"https:\/\/www.mc-expatriation.com\/es\/vivir-en-andorra\/sistema-sanitario\/encontrar-pediatra\/","url":"https:\/\/www.mc-expatriation.com\/es\/vivir-en-andorra\/sistema-sanitario\/encontrar-pediatra\/","name":"Encontrar un pediatra en Andorra para garantizar el seguimiento m\u00e9dico de sus hijos en su nuevo pa\u00eds","isPartOf":{"@id":"https:\/\/www.mc-expatriation.com\/#website"},"primaryImageOfPage":{"@id":"https:\/\/www.mc-expatriation.com\/es\/vivir-en-andorra\/sistema-sanitario\/encontrar-pediatra\/#primaryimage"},"image":{"@id":"https:\/\/www.mc-expatriation.com\/es\/vivir-en-andorra\/sistema-sanitario\/encontrar-pediatra\/#primaryimage"},"thumbnailUrl":"https:\/\/www.mc-expatriation.com\/wp-content\/uploads\/2023\/11\/pediatre-en-Andorre.jpg","datePublished":"2022-10-27T22:19:17+00:00","dateModified":"2023-11-14T06:50:52+00:00","breadcrumb":{"@id":"https:\/\/www.mc-expatriation.com\/es\/vivir-en-andorra\/sistema-sanitario\/encontrar-pediatra\/#breadcrumb"},"inLanguage":"es","potentialAction":[{"@type":"ReadAction","target":["https:\/\/www.mc-expatriation.com\/es\/vivir-en-andorra\/sistema-sanitario\/encontrar-pediatra\/"]}]},{"@type":"ImageObject","inLanguage":"es","@id":"https:\/\/www.mc-expatriation.com\/es\/vivir-en-andorra\/sistema-sanitario\/encontrar-pediatra\/#primaryimage","url":"https:\/\/www.mc-expatriation.com\/wp-content\/uploads\/2023\/11\/pediatre-en-Andorre.jpg","contentUrl":"https:\/\/www.mc-expatriation.com\/wp-content\/uploads\/2023\/11\/pediatre-en-Andorre.jpg","width":1200,"height":675,"caption":"p\u00e9diatre en Andorre"},{"@type":"BreadcrumbList","@id":"https:\/\/www.mc-expatriation.com\/es\/vivir-en-andorra\/sistema-sanitario\/encontrar-pediatra\/#breadcrumb","itemListElement":[{"@type":"ListItem","position":1,"name":"Home","item":"https:\/\/www.mc-expatriation.com\/es\/"},{"@type":"ListItem","position":2,"name":"Vivir en Andorra: coste de la vida, inmigraci\u00f3n, seguridad y diversas informaciones necesarias","item":"https:\/\/www.mc-expatriation.com\/es\/vivir-en-andorra\/"},{"@type":"ListItem","position":3,"name":"El sistema sanitario de Andorra, uno de los mejores del mundo","item":"https:\/\/www.mc-expatriation.com\/es\/vivir-en-andorra\/sistema-sanitario\/"},{"@type":"ListItem","position":4,"name":"Encontrar un pediatra en Andorra para garantizar el seguimiento m\u00e9dico de sus hijos en su nuevo pa\u00eds"}]},{"@type":"WebSite","@id":"https:\/\/www.mc-expatriation.com\/#website","url":"https:\/\/www.mc-expatriation.com\/","name":"MC Expatriation","description":"","publisher":{"@id":"https:\/\/www.mc-expatriation.com\/#organization"},"potentialAction":[{"@type":"SearchAction","target":{"@type":"EntryPoint","urlTemplate":"https:\/\/www.mc-expatriation.com\/?s={search_term_string}"},"query-input":{"@type":"PropertyValueSpecification","valueRequired":true,"valueName":"search_term_string"}}],"inLanguage":"es"},{"@type":"Organization","@id":"https:\/\/www.mc-expatriation.com\/#organization","name":"MC Expatriation","url":"https:\/\/www.mc-expatriation.com\/","logo":{"@type":"ImageObject","inLanguage":"es","@id":"https:\/\/www.mc-expatriation.com\/#\/schema\/logo\/image\/","url":"https:\/\/www.mc-expatriation.com\/wp-content\/uploads\/2022\/10\/logo.svg","contentUrl":"https:\/\/www.mc-expatriation.com\/wp-content\/uploads\/2022\/10\/logo.svg","caption":"MC Expatriation"},"image":{"@id":"https:\/\/www.mc-expatriation.com\/#\/schema\/logo\/image\/"}}]}},"_links":{"self":[{"href":"https:\/\/www.mc-expatriation.com\/es\/wp-json\/wp\/v2\/pages\/5011","targetHints":{"allow":["GET"]}}],"collection":[{"href":"https:\/\/www.mc-expatriation.com\/es\/wp-json\/wp\/v2\/pages"}],"about":[{"href":"https:\/\/www.mc-expatriation.com\/es\/wp-json\/wp\/v2\/types\/page"}],"author":[{"embeddable":true,"href":"https:\/\/www.mc-expatriation.com\/es\/wp-json\/wp\/v2\/users\/1"}],"replies":[{"embeddable":true,"href":"https:\/\/www.mc-expatriation.com\/es\/wp-json\/wp\/v2\/comments?post=5011"}],"version-history":[{"count":3,"href":"https:\/\/www.mc-expatriation.com\/es\/wp-json\/wp\/v2\/pages\/5011\/revisions"}],"predecessor-version":[{"id":5014,"href":"https:\/\/www.mc-expatriation.com\/es\/wp-json\/wp\/v2\/pages\/5011\/revisions\/5014"}],"up":[{"embeddable":true,"href":"https:\/\/www.mc-expatriation.com\/es\/wp-json\/wp\/v2\/pages\/4955"}],"wp:featuredmedia":[{"embeddable":true,"href":"https:\/\/www.mc-expatriation.com\/es\/wp-json\/wp\/v2\/media\/5000"}],"wp:attachment":[{"href":"https:\/\/www.mc-expatriation.com\/es\/wp-json\/wp\/v2\/media?parent=5011"}],"curies":[{"name":"wp","href":"https:\/\/api.w.org\/{rel}","templated":true}]}}