{"id":5036,"date":"2022-10-27T22:19:31","date_gmt":"2022-10-27T22:19:31","guid":{"rendered":"https:\/\/www.mc-expatriation.com\/?page_id=5036"},"modified":"2023-11-14T07:19:12","modified_gmt":"2023-11-14T07:19:12","slug":"encontrar-dentista","status":"publish","type":"page","link":"https:\/\/www.mc-expatriation.com\/es\/vivir-en-andorra\/sistema-sanitario\/encontrar-dentista\/","title":{"rendered":"Encontrar un dentista en Andorra"},"content":{"rendered":"\n<p><strong>La necesidad de un dentista puede deberse a revisiones peri\u00f3dicas o a una urgencia. En un pa\u00eds nuevo, el expatriado no siempre tiene puntos de referencia. Por eso necesitar\u00e1 ayuda para encontrar al profesional sanitario adecuado. En el Principado de Andorra no es dif\u00edcil encontrar un dentista.<\/strong><\/p>\n\n\n\n<h2 class=\"wp-block-heading\" id=\"h-una-idea-general-sobre-la-atencion-odontologica-en-el-principado\">Una idea general sobre la atenci\u00f3n odontol\u00f3gica en el Principado<\/h2>\n\n\n\n<p>Las cl\u00ednicas dentales de Andorra ofrecen el mismo nivel de calidad asistencial que en el resto de pa\u00edses europeos. Lo \u00fanico que las diferencia es que son especialmente asequibles. En efecto, el precio de un tratamiento dental en Andorra es m\u00e1s bajo. Pero los dentistas andorranos ofrecen un servicio de la m\u00e1xima calidad, en consonancia con el sistema sanitario del Principado, que figura entre los m\u00e1s eficientes del mundo.<\/p>\n\n\n\n<div class=\"wp-block-media-text alignwide is-stacked-on-mobile\"><figure class=\"wp-block-media-text__media\"><img loading=\"lazy\" decoding=\"async\" width=\"1000\" height=\"667\" src=\"https:\/\/www.mc-expatriation.com\/wp-content\/uploads\/2023\/11\/chirurgie-dentaire.jpg\" alt=\"chirurgie dentaire\" class=\"wp-image-5027 size-full\" srcset=\"https:\/\/www.mc-expatriation.com\/wp-content\/uploads\/2023\/11\/chirurgie-dentaire.jpg 1000w, https:\/\/www.mc-expatriation.com\/wp-content\/uploads\/2023\/11\/chirurgie-dentaire-300x200.jpg 300w, https:\/\/www.mc-expatriation.com\/wp-content\/uploads\/2023\/11\/chirurgie-dentaire-768x512.jpg 768w, https:\/\/www.mc-expatriation.com\/wp-content\/uploads\/2023\/11\/chirurgie-dentaire-380x253.jpg 380w\" sizes=\"auto, (max-width: 1000px) 100vw, 1000px\" \/><\/figure><div class=\"wp-block-media-text__content\">\n<p>En este peque\u00f1o pa\u00eds sin salida al mar, entre Francia y Espa\u00f1a, podr\u00e1 recibir los mismos tratamientos que en cualquier otro lugar de Europa. Y siempre en un entorno moderno y con un equipamiento sofisticado. Puede concertar citas en una consulta de Andorra para: :&nbsp;<\/p>\n\n\n\n<ul class=\"wp-block-list\">\n<li>La colocaci\u00f3n de pr\u00f3tesis dentales;&nbsp;<\/li>\n\n\n\n<li>Implantes dentales;&nbsp;<\/li>\n\n\n\n<li>Tratamiento de dientes fracturados;&nbsp;&nbsp;<\/li>\n\n\n\n<li>Tratamiento para dientes con caries graves de dientes gravemente cariados;&nbsp;<\/li>\n\n\n\n<li>Una intervenci\u00f3n urgente en caso de inflamaci\u00f3n de las enc\u00edas:&nbsp;<\/li>\n\n\n\n<li>Cirug\u00eda est\u00e9tica para una reconstrucci\u00f3n dental completa;&nbsp;<\/li>\n\n\n\n<li>Prevenci\u00f3n de enfermedades bucodentales; etc.<\/li>\n<\/ul>\n<\/div><\/div>\n","protected":false},"excerpt":{"rendered":"<p>La necesidad de un dentista puede deberse a revisiones peri\u00f3dicas o a una urgencia. En un pa\u00eds nuevo, el expatriado no siempre tiene puntos de referencia. Por eso necesitar\u00e1 ayuda para encontrar al profesional sanitario adecuado. En el Principado de Andorra no es dif\u00edcil encontrar un dentista. Una idea general sobre la atenci\u00f3n odontol\u00f3gica en [&hellip;]<\/p>\n","protected":false},"author":1,"featured_media":5025,"parent":4955,"menu_order":0,"comment_status":"closed","ping_status":"closed","template":"niveau-3.php","meta":{"_acf_changed":false,"footnotes":""},"class_list":["post-5036","page","type-page","status-publish","has-post-thumbnail","hentry"],"acf":[],"yoast_head":"<!-- This site is optimized with the Yoast SEO Premium plugin v25.8 (Yoast SEO v27.3) - https:\/\/yoast.com\/product\/yoast-seo-premium-wordpress\/ -->\n<title>Encontrar un dentista en Andorra<\/title>\n<meta name=\"robots\" content=\"index, follow, max-snippet:-1, max-image-preview:large, max-video-preview:-1\" \/>\n<link rel=\"canonical\" href=\"https:\/\/www.mc-expatriation.com\/es\/vivir-en-andorra\/sistema-sanitario\/encontrar-dentista\/\" \/>\n<meta property=\"og:locale\" content=\"es_ES\" \/>\n<meta property=\"og:type\" content=\"article\" \/>\n<meta property=\"og:title\" content=\"Encontrar un dentista en Andorra\" \/>\n<meta property=\"og:description\" content=\"La necesidad de un dentista puede deberse a revisiones peri\u00f3dicas o a una urgencia. En un pa\u00eds nuevo, el expatriado no siempre tiene puntos de referencia. Por eso necesitar\u00e1 ayuda para encontrar al profesional sanitario adecuado. En el Principado de Andorra no es dif\u00edcil encontrar un dentista. Una idea general sobre la atenci\u00f3n odontol\u00f3gica en [&hellip;]\" \/>\n<meta property=\"og:url\" content=\"https:\/\/www.mc-expatriation.com\/es\/vivir-en-andorra\/sistema-sanitario\/encontrar-dentista\/\" \/>\n<meta property=\"og:site_name\" content=\"MC Expatriation\" \/>\n<meta property=\"article:modified_time\" content=\"2023-11-14T07:19:12+00:00\" \/>\n<meta property=\"og:image\" content=\"https:\/\/www.mc-expatriation.com\/wp-content\/uploads\/2023\/11\/dentiste-en-Andorre.jpg\" \/>\n\t<meta property=\"og:image:width\" content=\"1200\" \/>\n\t<meta property=\"og:image:height\" content=\"501\" \/>\n\t<meta property=\"og:image:type\" content=\"image\/jpeg\" \/>\n<meta name=\"twitter:card\" content=\"summary_large_image\" \/>\n<meta name=\"twitter:label1\" content=\"Tiempo de lectura\" \/>\n\t<meta name=\"twitter:data1\" content=\"2 minutos\" \/>\n<script type=\"application\/ld+json\" class=\"yoast-schema-graph\">{\"@context\":\"https:\\\/\\\/schema.org\",\"@graph\":[{\"@type\":\"WebPage\",\"@id\":\"https:\\\/\\\/www.mc-expatriation.com\\\/es\\\/vivir-en-andorra\\\/sistema-sanitario\\\/encontrar-dentista\\\/\",\"url\":\"https:\\\/\\\/www.mc-expatriation.com\\\/es\\\/vivir-en-andorra\\\/sistema-sanitario\\\/encontrar-dentista\\\/\",\"name\":\"Encontrar un dentista en Andorra\",\"isPartOf\":{\"@id\":\"https:\\\/\\\/www.mc-expatriation.com\\\/#website\"},\"primaryImageOfPage\":{\"@id\":\"https:\\\/\\\/www.mc-expatriation.com\\\/es\\\/vivir-en-andorra\\\/sistema-sanitario\\\/encontrar-dentista\\\/#primaryimage\"},\"image\":{\"@id\":\"https:\\\/\\\/www.mc-expatriation.com\\\/es\\\/vivir-en-andorra\\\/sistema-sanitario\\\/encontrar-dentista\\\/#primaryimage\"},\"thumbnailUrl\":\"https:\\\/\\\/www.mc-expatriation.com\\\/wp-content\\\/uploads\\\/2023\\\/11\\\/dentiste-en-Andorre.jpg\",\"datePublished\":\"2022-10-27T22:19:31+00:00\",\"dateModified\":\"2023-11-14T07:19:12+00:00\",\"breadcrumb\":{\"@id\":\"https:\\\/\\\/www.mc-expatriation.com\\\/es\\\/vivir-en-andorra\\\/sistema-sanitario\\\/encontrar-dentista\\\/#breadcrumb\"},\"inLanguage\":\"es\",\"potentialAction\":[{\"@type\":\"ReadAction\",\"target\":[\"https:\\\/\\\/www.mc-expatriation.com\\\/es\\\/vivir-en-andorra\\\/sistema-sanitario\\\/encontrar-dentista\\\/\"]}]},{\"@type\":\"ImageObject\",\"inLanguage\":\"es\",\"@id\":\"https:\\\/\\\/www.mc-expatriation.com\\\/es\\\/vivir-en-andorra\\\/sistema-sanitario\\\/encontrar-dentista\\\/#primaryimage\",\"url\":\"https:\\\/\\\/www.mc-expatriation.com\\\/wp-content\\\/uploads\\\/2023\\\/11\\\/dentiste-en-Andorre.jpg\",\"contentUrl\":\"https:\\\/\\\/www.mc-expatriation.com\\\/wp-content\\\/uploads\\\/2023\\\/11\\\/dentiste-en-Andorre.jpg\",\"width\":1200,\"height\":501,\"caption\":\"dentiste en Andorre\"},{\"@type\":\"BreadcrumbList\",\"@id\":\"https:\\\/\\\/www.mc-expatriation.com\\\/es\\\/vivir-en-andorra\\\/sistema-sanitario\\\/encontrar-dentista\\\/#breadcrumb\",\"itemListElement\":[{\"@type\":\"ListItem\",\"position\":1,\"name\":\"Home\",\"item\":\"https:\\\/\\\/www.mc-expatriation.com\\\/es\\\/\"},{\"@type\":\"ListItem\",\"position\":2,\"name\":\"Vivir en Andorra: coste de la vida, inmigraci\u00f3n, seguridad y diversas informaciones necesarias\",\"item\":\"https:\\\/\\\/www.mc-expatriation.com\\\/es\\\/vivir-en-andorra\\\/\"},{\"@type\":\"ListItem\",\"position\":3,\"name\":\"El sistema sanitario de Andorra, uno de los mejores del mundo\",\"item\":\"https:\\\/\\\/www.mc-expatriation.com\\\/es\\\/vivir-en-andorra\\\/sistema-sanitario\\\/\"},{\"@type\":\"ListItem\",\"position\":4,\"name\":\"Encontrar un dentista en Andorra\"}]},{\"@type\":\"WebSite\",\"@id\":\"https:\\\/\\\/www.mc-expatriation.com\\\/#website\",\"url\":\"https:\\\/\\\/www.mc-expatriation.com\\\/\",\"name\":\"MC Expatriation\",\"description\":\"\",\"publisher\":{\"@id\":\"https:\\\/\\\/www.mc-expatriation.com\\\/#organization\"},\"potentialAction\":[{\"@type\":\"SearchAction\",\"target\":{\"@type\":\"EntryPoint\",\"urlTemplate\":\"https:\\\/\\\/www.mc-expatriation.com\\\/?s={search_term_string}\"},\"query-input\":{\"@type\":\"PropertyValueSpecification\",\"valueRequired\":true,\"valueName\":\"search_term_string\"}}],\"inLanguage\":\"es\"},{\"@type\":\"Organization\",\"@id\":\"https:\\\/\\\/www.mc-expatriation.com\\\/#organization\",\"name\":\"MC Expatriation\",\"url\":\"https:\\\/\\\/www.mc-expatriation.com\\\/\",\"logo\":{\"@type\":\"ImageObject\",\"inLanguage\":\"es\",\"@id\":\"https:\\\/\\\/www.mc-expatriation.com\\\/#\\\/schema\\\/logo\\\/image\\\/\",\"url\":\"https:\\\/\\\/www.mc-expatriation.com\\\/wp-content\\\/uploads\\\/2022\\\/10\\\/logo.svg\",\"contentUrl\":\"https:\\\/\\\/www.mc-expatriation.com\\\/wp-content\\\/uploads\\\/2022\\\/10\\\/logo.svg\",\"caption\":\"MC Expatriation\"},\"image\":{\"@id\":\"https:\\\/\\\/www.mc-expatriation.com\\\/#\\\/schema\\\/logo\\\/image\\\/\"}}]}<\/script>\n<!-- \/ Yoast SEO Premium plugin. -->","yoast_head_json":{"title":"Encontrar un dentista en Andorra","robots":{"index":"index","follow":"follow","max-snippet":"max-snippet:-1","max-image-preview":"max-image-preview:large","max-video-preview":"max-video-preview:-1"},"canonical":"https:\/\/www.mc-expatriation.com\/es\/vivir-en-andorra\/sistema-sanitario\/encontrar-dentista\/","og_locale":"es_ES","og_type":"article","og_title":"Encontrar un dentista en Andorra","og_description":"La necesidad de un dentista puede deberse a revisiones peri\u00f3dicas o a una urgencia. En un pa\u00eds nuevo, el expatriado no siempre tiene puntos de referencia. Por eso necesitar\u00e1 ayuda para encontrar al profesional sanitario adecuado. En el Principado de Andorra no es dif\u00edcil encontrar un dentista. Una idea general sobre la atenci\u00f3n odontol\u00f3gica en [&hellip;]","og_url":"https:\/\/www.mc-expatriation.com\/es\/vivir-en-andorra\/sistema-sanitario\/encontrar-dentista\/","og_site_name":"MC Expatriation","article_modified_time":"2023-11-14T07:19:12+00:00","og_image":[{"width":1200,"height":501,"url":"https:\/\/www.mc-expatriation.com\/wp-content\/uploads\/2023\/11\/dentiste-en-Andorre.jpg","type":"image\/jpeg"}],"twitter_card":"summary_large_image","twitter_misc":{"Tiempo de lectura":"2 minutos"},"schema":{"@context":"https:\/\/schema.org","@graph":[{"@type":"WebPage","@id":"https:\/\/www.mc-expatriation.com\/es\/vivir-en-andorra\/sistema-sanitario\/encontrar-dentista\/","url":"https:\/\/www.mc-expatriation.com\/es\/vivir-en-andorra\/sistema-sanitario\/encontrar-dentista\/","name":"Encontrar un dentista en Andorra","isPartOf":{"@id":"https:\/\/www.mc-expatriation.com\/#website"},"primaryImageOfPage":{"@id":"https:\/\/www.mc-expatriation.com\/es\/vivir-en-andorra\/sistema-sanitario\/encontrar-dentista\/#primaryimage"},"image":{"@id":"https:\/\/www.mc-expatriation.com\/es\/vivir-en-andorra\/sistema-sanitario\/encontrar-dentista\/#primaryimage"},"thumbnailUrl":"https:\/\/www.mc-expatriation.com\/wp-content\/uploads\/2023\/11\/dentiste-en-Andorre.jpg","datePublished":"2022-10-27T22:19:31+00:00","dateModified":"2023-11-14T07:19:12+00:00","breadcrumb":{"@id":"https:\/\/www.mc-expatriation.com\/es\/vivir-en-andorra\/sistema-sanitario\/encontrar-dentista\/#breadcrumb"},"inLanguage":"es","potentialAction":[{"@type":"ReadAction","target":["https:\/\/www.mc-expatriation.com\/es\/vivir-en-andorra\/sistema-sanitario\/encontrar-dentista\/"]}]},{"@type":"ImageObject","inLanguage":"es","@id":"https:\/\/www.mc-expatriation.com\/es\/vivir-en-andorra\/sistema-sanitario\/encontrar-dentista\/#primaryimage","url":"https:\/\/www.mc-expatriation.com\/wp-content\/uploads\/2023\/11\/dentiste-en-Andorre.jpg","contentUrl":"https:\/\/www.mc-expatriation.com\/wp-content\/uploads\/2023\/11\/dentiste-en-Andorre.jpg","width":1200,"height":501,"caption":"dentiste en Andorre"},{"@type":"BreadcrumbList","@id":"https:\/\/www.mc-expatriation.com\/es\/vivir-en-andorra\/sistema-sanitario\/encontrar-dentista\/#breadcrumb","itemListElement":[{"@type":"ListItem","position":1,"name":"Home","item":"https:\/\/www.mc-expatriation.com\/es\/"},{"@type":"ListItem","position":2,"name":"Vivir en Andorra: coste de la vida, inmigraci\u00f3n, seguridad y diversas informaciones necesarias","item":"https:\/\/www.mc-expatriation.com\/es\/vivir-en-andorra\/"},{"@type":"ListItem","position":3,"name":"El sistema sanitario de Andorra, uno de los mejores del mundo","item":"https:\/\/www.mc-expatriation.com\/es\/vivir-en-andorra\/sistema-sanitario\/"},{"@type":"ListItem","position":4,"name":"Encontrar un dentista en Andorra"}]},{"@type":"WebSite","@id":"https:\/\/www.mc-expatriation.com\/#website","url":"https:\/\/www.mc-expatriation.com\/","name":"MC Expatriation","description":"","publisher":{"@id":"https:\/\/www.mc-expatriation.com\/#organization"},"potentialAction":[{"@type":"SearchAction","target":{"@type":"EntryPoint","urlTemplate":"https:\/\/www.mc-expatriation.com\/?s={search_term_string}"},"query-input":{"@type":"PropertyValueSpecification","valueRequired":true,"valueName":"search_term_string"}}],"inLanguage":"es"},{"@type":"Organization","@id":"https:\/\/www.mc-expatriation.com\/#organization","name":"MC Expatriation","url":"https:\/\/www.mc-expatriation.com\/","logo":{"@type":"ImageObject","inLanguage":"es","@id":"https:\/\/www.mc-expatriation.com\/#\/schema\/logo\/image\/","url":"https:\/\/www.mc-expatriation.com\/wp-content\/uploads\/2022\/10\/logo.svg","contentUrl":"https:\/\/www.mc-expatriation.com\/wp-content\/uploads\/2022\/10\/logo.svg","caption":"MC Expatriation"},"image":{"@id":"https:\/\/www.mc-expatriation.com\/#\/schema\/logo\/image\/"}}]}},"_links":{"self":[{"href":"https:\/\/www.mc-expatriation.com\/es\/wp-json\/wp\/v2\/pages\/5036","targetHints":{"allow":["GET"]}}],"collection":[{"href":"https:\/\/www.mc-expatriation.com\/es\/wp-json\/wp\/v2\/pages"}],"about":[{"href":"https:\/\/www.mc-expatriation.com\/es\/wp-json\/wp\/v2\/types\/page"}],"author":[{"embeddable":true,"href":"https:\/\/www.mc-expatriation.com\/es\/wp-json\/wp\/v2\/users\/1"}],"replies":[{"embeddable":true,"href":"https:\/\/www.mc-expatriation.com\/es\/wp-json\/wp\/v2\/comments?post=5036"}],"version-history":[{"count":4,"href":"https:\/\/www.mc-expatriation.com\/es\/wp-json\/wp\/v2\/pages\/5036\/revisions"}],"predecessor-version":[{"id":5040,"href":"https:\/\/www.mc-expatriation.com\/es\/wp-json\/wp\/v2\/pages\/5036\/revisions\/5040"}],"up":[{"embeddable":true,"href":"https:\/\/www.mc-expatriation.com\/es\/wp-json\/wp\/v2\/pages\/4955"}],"wp:featuredmedia":[{"embeddable":true,"href":"https:\/\/www.mc-expatriation.com\/es\/wp-json\/wp\/v2\/media\/5025"}],"wp:attachment":[{"href":"https:\/\/www.mc-expatriation.com\/es\/wp-json\/wp\/v2\/media?parent=5036"}],"curies":[{"name":"wp","href":"https:\/\/api.w.org\/{rel}","templated":true}]}}