{"id":5064,"date":"2022-10-27T21:37:19","date_gmt":"2022-10-27T21:37:19","guid":{"rendered":"https:\/\/www.mc-expatriation.com\/?page_id=5064"},"modified":"2023-11-14T08:26:17","modified_gmt":"2023-11-14T08:26:17","slug":"servicios-personales","status":"publish","type":"page","link":"https:\/\/www.mc-expatriation.com\/es\/vivir-en-andorra\/servicios-personales\/","title":{"rendered":"Servicios personales en Andorra: la intervenci\u00f3n de nuestra gestor\u00eda"},"content":{"rendered":"\n<p>Andorra es considerado como\u00a0 uno de los pa\u00edses m\u00e1s seguros del mundo y cuenta con un sistema fiscal muy atractivo, por lo que no sorprende que muchos europeos decidan instalarse all\u00ed. Cuando se instale en el Principado le ir\u00e1 bien contar con un apoyo total, sobre todo teniendo en cuenta los principales idiomas que se hablan en el Principado son el catal\u00e1n y el espa\u00f1ol. El papel de una gestor\u00eda consiste en estar disponible para acompa\u00f1arle a diario en muchos aspectos, notan\u00a0 s\u00f3lo en la preparaci\u00f3n de su expediente de expatriaci\u00f3n.<\/p>\n\n\n\n<h2 class=\"wp-block-heading\" id=\"h-beneficiese-de-servicios-personales-dedicados-a-la-familia\">Benef\u00edciese de servicios personales dedicados a la familia<\/h2>\n\n\n\n<p>Mudarse a un nuevo pa\u00eds no siempre es placentero, sobre todo cuando hay que adaptarse y realizar determinados tr\u00e1mites para acceder a los servicios. Por este motivo, puede ser muy \u00fatil contar con personas que le acompa\u00f1en a diario. La intervenci\u00f3n de una gestor\u00eda puede le ayudar\u00e1 a encontrar los profesionales necesarios, incluso en materia de servicios personales.<\/p>\n\n\n\n<p>\u00bfBusca una canguro para cuidar de sus hijos cuando se ausenta? \u00bfSus peque\u00f1os necesitan clases particulares o refuerzo escolar? Una gestor\u00eda le puede encontrar f\u00e1cilmente los expertos adecuados en estos campos. Ponemos a su disposici\u00f3n personas de confianza para que se ocupar\u00e1n diariamente de su familia en su nuevo pa\u00eds de expatriaci\u00f3n.<\/p>\n","protected":false},"excerpt":{"rendered":"<p>Andorra es considerado como\u00a0 uno de los pa\u00edses m\u00e1s seguros del mundo y cuenta con un sistema fiscal muy atractivo, por lo que no sorprende que muchos europeos decidan instalarse all\u00ed. Cuando se instale en el Principado le ir\u00e1 bien contar con un apoyo total, sobre todo teniendo en cuenta los principales idiomas que se [&hellip;]<\/p>\n","protected":false},"author":1,"featured_media":5054,"parent":1622,"menu_order":0,"comment_status":"closed","ping_status":"closed","template":"niveau-2.php","meta":{"_acf_changed":false,"footnotes":""},"class_list":["post-5064","page","type-page","status-publish","has-post-thumbnail","hentry"],"acf":[],"yoast_head":"<!-- This site is optimized with the Yoast SEO Premium plugin v25.8 (Yoast SEO v27.3) - https:\/\/yoast.com\/product\/yoast-seo-premium-wordpress\/ -->\n<title>Servicios personales en Andorra: la intervenci\u00f3n de nuestra gestor\u00eda<\/title>\n<meta name=\"robots\" content=\"index, follow, max-snippet:-1, max-image-preview:large, max-video-preview:-1\" \/>\n<link rel=\"canonical\" href=\"https:\/\/www.mc-expatriation.com\/es\/vivir-en-andorra\/servicios-personales\/\" \/>\n<meta property=\"og:locale\" content=\"es_ES\" \/>\n<meta property=\"og:type\" content=\"article\" \/>\n<meta property=\"og:title\" content=\"Servicios personales en Andorra: la intervenci\u00f3n de nuestra gestor\u00eda\" \/>\n<meta property=\"og:description\" content=\"Andorra es considerado como\u00a0 uno de los pa\u00edses m\u00e1s seguros del mundo y cuenta con un sistema fiscal muy atractivo, por lo que no sorprende que muchos europeos decidan instalarse all\u00ed. Cuando se instale en el Principado le ir\u00e1 bien contar con un apoyo total, sobre todo teniendo en cuenta los principales idiomas que se [&hellip;]\" \/>\n<meta property=\"og:url\" content=\"https:\/\/www.mc-expatriation.com\/es\/vivir-en-andorra\/servicios-personales\/\" \/>\n<meta property=\"og:site_name\" content=\"MC Expatriation\" \/>\n<meta property=\"article:modified_time\" content=\"2023-11-14T08:26:17+00:00\" \/>\n<meta property=\"og:image\" content=\"https:\/\/www.mc-expatriation.com\/wp-content\/uploads\/2023\/11\/services-personne.jpg\" \/>\n\t<meta property=\"og:image:width\" content=\"1000\" \/>\n\t<meta property=\"og:image:height\" content=\"665\" \/>\n\t<meta property=\"og:image:type\" content=\"image\/jpeg\" \/>\n<meta name=\"twitter:card\" content=\"summary_large_image\" \/>\n<meta name=\"twitter:label1\" content=\"Tiempo de lectura\" \/>\n\t<meta name=\"twitter:data1\" content=\"2 minutos\" \/>\n<script type=\"application\/ld+json\" class=\"yoast-schema-graph\">{\"@context\":\"https:\\\/\\\/schema.org\",\"@graph\":[{\"@type\":\"WebPage\",\"@id\":\"https:\\\/\\\/www.mc-expatriation.com\\\/es\\\/vivir-en-andorra\\\/servicios-personales\\\/\",\"url\":\"https:\\\/\\\/www.mc-expatriation.com\\\/es\\\/vivir-en-andorra\\\/servicios-personales\\\/\",\"name\":\"Servicios personales en Andorra: la intervenci\u00f3n de nuestra gestor\u00eda\",\"isPartOf\":{\"@id\":\"https:\\\/\\\/www.mc-expatriation.com\\\/#website\"},\"primaryImageOfPage\":{\"@id\":\"https:\\\/\\\/www.mc-expatriation.com\\\/es\\\/vivir-en-andorra\\\/servicios-personales\\\/#primaryimage\"},\"image\":{\"@id\":\"https:\\\/\\\/www.mc-expatriation.com\\\/es\\\/vivir-en-andorra\\\/servicios-personales\\\/#primaryimage\"},\"thumbnailUrl\":\"https:\\\/\\\/www.mc-expatriation.com\\\/wp-content\\\/uploads\\\/2023\\\/11\\\/services-personne.jpg\",\"datePublished\":\"2022-10-27T21:37:19+00:00\",\"dateModified\":\"2023-11-14T08:26:17+00:00\",\"breadcrumb\":{\"@id\":\"https:\\\/\\\/www.mc-expatriation.com\\\/es\\\/vivir-en-andorra\\\/servicios-personales\\\/#breadcrumb\"},\"inLanguage\":\"es\",\"potentialAction\":[{\"@type\":\"ReadAction\",\"target\":[\"https:\\\/\\\/www.mc-expatriation.com\\\/es\\\/vivir-en-andorra\\\/servicios-personales\\\/\"]}]},{\"@type\":\"ImageObject\",\"inLanguage\":\"es\",\"@id\":\"https:\\\/\\\/www.mc-expatriation.com\\\/es\\\/vivir-en-andorra\\\/servicios-personales\\\/#primaryimage\",\"url\":\"https:\\\/\\\/www.mc-expatriation.com\\\/wp-content\\\/uploads\\\/2023\\\/11\\\/services-personne.jpg\",\"contentUrl\":\"https:\\\/\\\/www.mc-expatriation.com\\\/wp-content\\\/uploads\\\/2023\\\/11\\\/services-personne.jpg\",\"width\":1000,\"height\":665,\"caption\":\"services personne\"},{\"@type\":\"BreadcrumbList\",\"@id\":\"https:\\\/\\\/www.mc-expatriation.com\\\/es\\\/vivir-en-andorra\\\/servicios-personales\\\/#breadcrumb\",\"itemListElement\":[{\"@type\":\"ListItem\",\"position\":1,\"name\":\"Home\",\"item\":\"https:\\\/\\\/www.mc-expatriation.com\\\/es\\\/\"},{\"@type\":\"ListItem\",\"position\":2,\"name\":\"Vivir en Andorra: coste de la vida, inmigraci\u00f3n, seguridad y diversas informaciones necesarias\",\"item\":\"https:\\\/\\\/www.mc-expatriation.com\\\/es\\\/vivir-en-andorra\\\/\"},{\"@type\":\"ListItem\",\"position\":3,\"name\":\"Servicios personales en Andorra: la intervenci\u00f3n de nuestra gestor\u00eda\"}]},{\"@type\":\"WebSite\",\"@id\":\"https:\\\/\\\/www.mc-expatriation.com\\\/#website\",\"url\":\"https:\\\/\\\/www.mc-expatriation.com\\\/\",\"name\":\"MC Expatriation\",\"description\":\"\",\"publisher\":{\"@id\":\"https:\\\/\\\/www.mc-expatriation.com\\\/#organization\"},\"potentialAction\":[{\"@type\":\"SearchAction\",\"target\":{\"@type\":\"EntryPoint\",\"urlTemplate\":\"https:\\\/\\\/www.mc-expatriation.com\\\/?s={search_term_string}\"},\"query-input\":{\"@type\":\"PropertyValueSpecification\",\"valueRequired\":true,\"valueName\":\"search_term_string\"}}],\"inLanguage\":\"es\"},{\"@type\":\"Organization\",\"@id\":\"https:\\\/\\\/www.mc-expatriation.com\\\/#organization\",\"name\":\"MC Expatriation\",\"url\":\"https:\\\/\\\/www.mc-expatriation.com\\\/\",\"logo\":{\"@type\":\"ImageObject\",\"inLanguage\":\"es\",\"@id\":\"https:\\\/\\\/www.mc-expatriation.com\\\/#\\\/schema\\\/logo\\\/image\\\/\",\"url\":\"https:\\\/\\\/www.mc-expatriation.com\\\/wp-content\\\/uploads\\\/2022\\\/10\\\/logo.svg\",\"contentUrl\":\"https:\\\/\\\/www.mc-expatriation.com\\\/wp-content\\\/uploads\\\/2022\\\/10\\\/logo.svg\",\"caption\":\"MC Expatriation\"},\"image\":{\"@id\":\"https:\\\/\\\/www.mc-expatriation.com\\\/#\\\/schema\\\/logo\\\/image\\\/\"}}]}<\/script>\n<!-- \/ Yoast SEO Premium plugin. -->","yoast_head_json":{"title":"Servicios personales en Andorra: la intervenci\u00f3n de nuestra gestor\u00eda","robots":{"index":"index","follow":"follow","max-snippet":"max-snippet:-1","max-image-preview":"max-image-preview:large","max-video-preview":"max-video-preview:-1"},"canonical":"https:\/\/www.mc-expatriation.com\/es\/vivir-en-andorra\/servicios-personales\/","og_locale":"es_ES","og_type":"article","og_title":"Servicios personales en Andorra: la intervenci\u00f3n de nuestra gestor\u00eda","og_description":"Andorra es considerado como\u00a0 uno de los pa\u00edses m\u00e1s seguros del mundo y cuenta con un sistema fiscal muy atractivo, por lo que no sorprende que muchos europeos decidan instalarse all\u00ed. Cuando se instale en el Principado le ir\u00e1 bien contar con un apoyo total, sobre todo teniendo en cuenta los principales idiomas que se [&hellip;]","og_url":"https:\/\/www.mc-expatriation.com\/es\/vivir-en-andorra\/servicios-personales\/","og_site_name":"MC Expatriation","article_modified_time":"2023-11-14T08:26:17+00:00","og_image":[{"width":1000,"height":665,"url":"https:\/\/www.mc-expatriation.com\/wp-content\/uploads\/2023\/11\/services-personne.jpg","type":"image\/jpeg"}],"twitter_card":"summary_large_image","twitter_misc":{"Tiempo de lectura":"2 minutos"},"schema":{"@context":"https:\/\/schema.org","@graph":[{"@type":"WebPage","@id":"https:\/\/www.mc-expatriation.com\/es\/vivir-en-andorra\/servicios-personales\/","url":"https:\/\/www.mc-expatriation.com\/es\/vivir-en-andorra\/servicios-personales\/","name":"Servicios personales en Andorra: la intervenci\u00f3n de nuestra gestor\u00eda","isPartOf":{"@id":"https:\/\/www.mc-expatriation.com\/#website"},"primaryImageOfPage":{"@id":"https:\/\/www.mc-expatriation.com\/es\/vivir-en-andorra\/servicios-personales\/#primaryimage"},"image":{"@id":"https:\/\/www.mc-expatriation.com\/es\/vivir-en-andorra\/servicios-personales\/#primaryimage"},"thumbnailUrl":"https:\/\/www.mc-expatriation.com\/wp-content\/uploads\/2023\/11\/services-personne.jpg","datePublished":"2022-10-27T21:37:19+00:00","dateModified":"2023-11-14T08:26:17+00:00","breadcrumb":{"@id":"https:\/\/www.mc-expatriation.com\/es\/vivir-en-andorra\/servicios-personales\/#breadcrumb"},"inLanguage":"es","potentialAction":[{"@type":"ReadAction","target":["https:\/\/www.mc-expatriation.com\/es\/vivir-en-andorra\/servicios-personales\/"]}]},{"@type":"ImageObject","inLanguage":"es","@id":"https:\/\/www.mc-expatriation.com\/es\/vivir-en-andorra\/servicios-personales\/#primaryimage","url":"https:\/\/www.mc-expatriation.com\/wp-content\/uploads\/2023\/11\/services-personne.jpg","contentUrl":"https:\/\/www.mc-expatriation.com\/wp-content\/uploads\/2023\/11\/services-personne.jpg","width":1000,"height":665,"caption":"services personne"},{"@type":"BreadcrumbList","@id":"https:\/\/www.mc-expatriation.com\/es\/vivir-en-andorra\/servicios-personales\/#breadcrumb","itemListElement":[{"@type":"ListItem","position":1,"name":"Home","item":"https:\/\/www.mc-expatriation.com\/es\/"},{"@type":"ListItem","position":2,"name":"Vivir en Andorra: coste de la vida, inmigraci\u00f3n, seguridad y diversas informaciones necesarias","item":"https:\/\/www.mc-expatriation.com\/es\/vivir-en-andorra\/"},{"@type":"ListItem","position":3,"name":"Servicios personales en Andorra: la intervenci\u00f3n de nuestra gestor\u00eda"}]},{"@type":"WebSite","@id":"https:\/\/www.mc-expatriation.com\/#website","url":"https:\/\/www.mc-expatriation.com\/","name":"MC Expatriation","description":"","publisher":{"@id":"https:\/\/www.mc-expatriation.com\/#organization"},"potentialAction":[{"@type":"SearchAction","target":{"@type":"EntryPoint","urlTemplate":"https:\/\/www.mc-expatriation.com\/?s={search_term_string}"},"query-input":{"@type":"PropertyValueSpecification","valueRequired":true,"valueName":"search_term_string"}}],"inLanguage":"es"},{"@type":"Organization","@id":"https:\/\/www.mc-expatriation.com\/#organization","name":"MC Expatriation","url":"https:\/\/www.mc-expatriation.com\/","logo":{"@type":"ImageObject","inLanguage":"es","@id":"https:\/\/www.mc-expatriation.com\/#\/schema\/logo\/image\/","url":"https:\/\/www.mc-expatriation.com\/wp-content\/uploads\/2022\/10\/logo.svg","contentUrl":"https:\/\/www.mc-expatriation.com\/wp-content\/uploads\/2022\/10\/logo.svg","caption":"MC Expatriation"},"image":{"@id":"https:\/\/www.mc-expatriation.com\/#\/schema\/logo\/image\/"}}]}},"_links":{"self":[{"href":"https:\/\/www.mc-expatriation.com\/es\/wp-json\/wp\/v2\/pages\/5064","targetHints":{"allow":["GET"]}}],"collection":[{"href":"https:\/\/www.mc-expatriation.com\/es\/wp-json\/wp\/v2\/pages"}],"about":[{"href":"https:\/\/www.mc-expatriation.com\/es\/wp-json\/wp\/v2\/types\/page"}],"author":[{"embeddable":true,"href":"https:\/\/www.mc-expatriation.com\/es\/wp-json\/wp\/v2\/users\/1"}],"replies":[{"embeddable":true,"href":"https:\/\/www.mc-expatriation.com\/es\/wp-json\/wp\/v2\/comments?post=5064"}],"version-history":[{"count":5,"href":"https:\/\/www.mc-expatriation.com\/es\/wp-json\/wp\/v2\/pages\/5064\/revisions"}],"predecessor-version":[{"id":5069,"href":"https:\/\/www.mc-expatriation.com\/es\/wp-json\/wp\/v2\/pages\/5064\/revisions\/5069"}],"up":[{"embeddable":true,"href":"https:\/\/www.mc-expatriation.com\/es\/wp-json\/wp\/v2\/pages\/1622"}],"wp:featuredmedia":[{"embeddable":true,"href":"https:\/\/www.mc-expatriation.com\/es\/wp-json\/wp\/v2\/media\/5054"}],"wp:attachment":[{"href":"https:\/\/www.mc-expatriation.com\/es\/wp-json\/wp\/v2\/media?parent=5064"}],"curies":[{"name":"wp","href":"https:\/\/api.w.org\/{rel}","templated":true}]}}